{"id":8035,"date":"2021-08-19T05:59:05","date_gmt":"2021-08-19T05:59:05","guid":{"rendered":"http:\/\/techmastermx.ddns.net\/producto\/pinza-amperimetrica-de-ca-fluke-i400\/"},"modified":"2021-12-28T22:09:09","modified_gmt":"2021-12-28T22:09:09","slug":"pinza-amperimetrica-de-ca-fluke-i400","status":"publish","type":"product","link":"https:\/\/techmasterdemexico.com\/en\/producto\/pinza-amperimetrica-de-ca-fluke-i400\/","title":{"rendered":"Pinza amperim\u00e9trica de CA Fluke i400"},"content":{"rendered":"<p>Pinza amperim\u00e9trica de CA Fluke i400<\/p>\n<p>La pinza amperim\u00e9trica de corriente CA Fluke i400 es una pinza amperim\u00e9trica de alta seguridad para mult\u00edmetros digitales. La pinza amperim\u00e9trica proporciona mediciones precisas de corriente sin romper los circuitos el\u00e9ctricos, lo que lo ayuda a realizar las mediciones de manera segura con calificaciones est\u00e1ndares de seguridad de la industria.<\/p>\n","protected":false},"excerpt":{"rendered":"<ul>\n<li>Complemento para su mult\u00edmetro digital que ampl\u00eda el rango de medida hasta los 400 A CA<\/li>\n<li>La salida de 1 mA\/Amp garantiza una f\u00e1cil lectura en el medidor<\/li>\n<li>Es la \u00fanica pinza amperim\u00e9trica disponible con una clasificaci\u00f3n de seguridad CAT IV 600 V \/ CAT III 1000 V<\/li>\n<li>Dise\u00f1o especial; m\u00e1xima utilidad en formato reducido<\/li>\n<li>Realice lecturas precisas de la corriente sin abrir el circuito<\/li>\n<li>El mango ergon\u00f3mico con revestimiento suave antideslizante protege del contacto accidental con cables de corriente<\/li>\n<li>Di\u00e1metro m\u00e1ximo del conductor:32 mm<\/li>\n<\/ul>\n","protected":false},"featured_media":9255,"template":"","meta":{"_acf_changed":false},"pwb-brand":[31],"product_brand":[],"product_cat":[366,118,30,125],"product_tag":[],"class_list":{"0":"post-8035","1":"product","2":"type-product","3":"status-publish","4":"has-post-thumbnail","6":"pwb-brand-fluke","7":"product_cat-todos-los-productos","8":"product_cat-accesorios-fluke","9":"product_cat-fluke","10":"product_cat-pinzas-amperimetricas-y-sondas-de-corriente","12":"first","13":"instock","14":"taxable","15":"shipping-taxable","16":"product-type-simple"},"acf":[],"yoast_head":"<!-- This site is optimized with the Yoast SEO plugin v27.3 - https:\/\/yoast.com\/product\/yoast-seo-wordpress\/ -->\n<title>Pinza amperim\u00e9trica de CA Fluke i400 - Techmaster de Mexico<\/title>\n<meta name=\"robots\" content=\"index, follow, max-snippet:-1, max-image-preview:large, max-video-preview:-1\" \/>\n<link rel=\"canonical\" href=\"https:\/\/techmasterdemexico.com\/producto\/pinza-amperimetrica-de-ca-fluke-i400\/\" \/>\n<meta property=\"og:locale\" content=\"en_US\" \/>\n<meta property=\"og:type\" content=\"article\" \/>\n<meta property=\"og:title\" content=\"Pinza amperim\u00e9trica de CA Fluke i400 - Techmaster de Mexico\" \/>\n<meta property=\"og:description\" content=\"Complemento para su mult\u00edmetro digital que ampl\u00eda el rango de medida hasta los 400 A CA  La salida de 1 mA\/Amp garantiza una f\u00e1cil lectura en el medidor  Es la \u00fanica pinza amperim\u00e9trica disponible con una clasificaci\u00f3n de seguridad CAT IV 600 V \/ CAT III 1000 V  Dise\u00f1o especial; m\u00e1xima utilidad en formato reducido  Realice lecturas precisas de la corriente sin abrir el circuito  El mango ergon\u00f3mico con revestimiento suave antideslizante protege del contacto accidental con cables de corriente  Di\u00e1metro m\u00e1ximo del conductor:32 mm\" \/>\n<meta property=\"og:url\" content=\"https:\/\/techmasterdemexico.com\/producto\/pinza-amperimetrica-de-ca-fluke-i400\/\" \/>\n<meta property=\"og:site_name\" content=\"Techmaster de Mexico\" \/>\n<meta property=\"article:modified_time\" content=\"2021-12-28T22:09:09+00:00\" \/>\n<meta property=\"og:image\" content=\"https:\/\/techmasterdemexico.com\/wp-content\/uploads\/2021\/08\/1-93.jpg\" \/>\n\t<meta property=\"og:image:width\" content=\"410\" \/>\n\t<meta property=\"og:image:height\" content=\"410\" \/>\n\t<meta property=\"og:image:type\" content=\"image\/jpeg\" \/>\n<meta name=\"twitter:card\" content=\"summary_large_image\" \/>\n<script type=\"application\/ld+json\" class=\"yoast-schema-graph\">{\"@context\":\"https:\\\/\\\/schema.org\",\"@graph\":[{\"@type\":\"WebPage\",\"@id\":\"https:\\\/\\\/techmasterdemexico.com\\\/producto\\\/pinza-amperimetrica-de-ca-fluke-i400\\\/\",\"url\":\"https:\\\/\\\/techmasterdemexico.com\\\/producto\\\/pinza-amperimetrica-de-ca-fluke-i400\\\/\",\"name\":\"Pinza amperim\u00e9trica de CA Fluke i400 - Techmaster de Mexico\",\"isPartOf\":{\"@id\":\"https:\\\/\\\/techmasterdemexico.com\\\/#website\"},\"primaryImageOfPage\":{\"@id\":\"https:\\\/\\\/techmasterdemexico.com\\\/producto\\\/pinza-amperimetrica-de-ca-fluke-i400\\\/#primaryimage\"},\"image\":{\"@id\":\"https:\\\/\\\/techmasterdemexico.com\\\/producto\\\/pinza-amperimetrica-de-ca-fluke-i400\\\/#primaryimage\"},\"thumbnailUrl\":\"https:\\\/\\\/techmasterdemexico.com\\\/wp-content\\\/uploads\\\/2021\\\/08\\\/1-93.jpg\",\"datePublished\":\"2021-08-19T05:59:05+00:00\",\"dateModified\":\"2021-12-28T22:09:09+00:00\",\"breadcrumb\":{\"@id\":\"https:\\\/\\\/techmasterdemexico.com\\\/producto\\\/pinza-amperimetrica-de-ca-fluke-i400\\\/#breadcrumb\"},\"inLanguage\":\"en-US\",\"potentialAction\":[{\"@type\":\"ReadAction\",\"target\":[\"https:\\\/\\\/techmasterdemexico.com\\\/producto\\\/pinza-amperimetrica-de-ca-fluke-i400\\\/\"]}]},{\"@type\":\"ImageObject\",\"inLanguage\":\"en-US\",\"@id\":\"https:\\\/\\\/techmasterdemexico.com\\\/producto\\\/pinza-amperimetrica-de-ca-fluke-i400\\\/#primaryimage\",\"url\":\"https:\\\/\\\/techmasterdemexico.com\\\/wp-content\\\/uploads\\\/2021\\\/08\\\/1-93.jpg\",\"contentUrl\":\"https:\\\/\\\/techmasterdemexico.com\\\/wp-content\\\/uploads\\\/2021\\\/08\\\/1-93.jpg\",\"width\":410,\"height\":410},{\"@type\":\"BreadcrumbList\",\"@id\":\"https:\\\/\\\/techmasterdemexico.com\\\/producto\\\/pinza-amperimetrica-de-ca-fluke-i400\\\/#breadcrumb\",\"itemListElement\":[{\"@type\":\"ListItem\",\"position\":1,\"name\":\"Portada\",\"item\":\"https:\\\/\\\/techmasterdemexico.com\\\/\"},{\"@type\":\"ListItem\",\"position\":2,\"name\":\"Pinza amperim\u00e9trica de CA Fluke i400\"}]},{\"@type\":\"WebSite\",\"@id\":\"https:\\\/\\\/techmasterdemexico.com\\\/#website\",\"url\":\"https:\\\/\\\/techmasterdemexico.com\\\/\",\"name\":\"Techmaster de Mexico\",\"description\":\"\",\"potentialAction\":[{\"@type\":\"SearchAction\",\"target\":{\"@type\":\"EntryPoint\",\"urlTemplate\":\"https:\\\/\\\/techmasterdemexico.com\\\/?s={search_term_string}\"},\"query-input\":{\"@type\":\"PropertyValueSpecification\",\"valueRequired\":true,\"valueName\":\"search_term_string\"}}],\"inLanguage\":\"en-US\"}]}<\/script>\n<!-- \/ Yoast SEO plugin. -->","yoast_head_json":{"title":"Pinza amperim\u00e9trica de CA Fluke i400 - Techmaster de Mexico","robots":{"index":"index","follow":"follow","max-snippet":"max-snippet:-1","max-image-preview":"max-image-preview:large","max-video-preview":"max-video-preview:-1"},"canonical":"https:\/\/techmasterdemexico.com\/producto\/pinza-amperimetrica-de-ca-fluke-i400\/","og_locale":"en_US","og_type":"article","og_title":"Pinza amperim\u00e9trica de CA Fluke i400 - Techmaster de Mexico","og_description":"Complemento para su mult\u00edmetro digital que ampl\u00eda el rango de medida hasta los 400 A CA  La salida de 1 mA\/Amp garantiza una f\u00e1cil lectura en el medidor  Es la \u00fanica pinza amperim\u00e9trica disponible con una clasificaci\u00f3n de seguridad CAT IV 600 V \/ CAT III 1000 V  Dise\u00f1o especial; m\u00e1xima utilidad en formato reducido  Realice lecturas precisas de la corriente sin abrir el circuito  El mango ergon\u00f3mico con revestimiento suave antideslizante protege del contacto accidental con cables de corriente  Di\u00e1metro m\u00e1ximo del conductor:32 mm","og_url":"https:\/\/techmasterdemexico.com\/producto\/pinza-amperimetrica-de-ca-fluke-i400\/","og_site_name":"Techmaster de Mexico","article_modified_time":"2021-12-28T22:09:09+00:00","og_image":[{"width":410,"height":410,"url":"https:\/\/techmasterdemexico.com\/wp-content\/uploads\/2021\/08\/1-93.jpg","type":"image\/jpeg"}],"twitter_card":"summary_large_image","schema":{"@context":"https:\/\/schema.org","@graph":[{"@type":"WebPage","@id":"https:\/\/techmasterdemexico.com\/producto\/pinza-amperimetrica-de-ca-fluke-i400\/","url":"https:\/\/techmasterdemexico.com\/producto\/pinza-amperimetrica-de-ca-fluke-i400\/","name":"Pinza amperim\u00e9trica de CA Fluke i400 - Techmaster de Mexico","isPartOf":{"@id":"https:\/\/techmasterdemexico.com\/#website"},"primaryImageOfPage":{"@id":"https:\/\/techmasterdemexico.com\/producto\/pinza-amperimetrica-de-ca-fluke-i400\/#primaryimage"},"image":{"@id":"https:\/\/techmasterdemexico.com\/producto\/pinza-amperimetrica-de-ca-fluke-i400\/#primaryimage"},"thumbnailUrl":"https:\/\/techmasterdemexico.com\/wp-content\/uploads\/2021\/08\/1-93.jpg","datePublished":"2021-08-19T05:59:05+00:00","dateModified":"2021-12-28T22:09:09+00:00","breadcrumb":{"@id":"https:\/\/techmasterdemexico.com\/producto\/pinza-amperimetrica-de-ca-fluke-i400\/#breadcrumb"},"inLanguage":"en-US","potentialAction":[{"@type":"ReadAction","target":["https:\/\/techmasterdemexico.com\/producto\/pinza-amperimetrica-de-ca-fluke-i400\/"]}]},{"@type":"ImageObject","inLanguage":"en-US","@id":"https:\/\/techmasterdemexico.com\/producto\/pinza-amperimetrica-de-ca-fluke-i400\/#primaryimage","url":"https:\/\/techmasterdemexico.com\/wp-content\/uploads\/2021\/08\/1-93.jpg","contentUrl":"https:\/\/techmasterdemexico.com\/wp-content\/uploads\/2021\/08\/1-93.jpg","width":410,"height":410},{"@type":"BreadcrumbList","@id":"https:\/\/techmasterdemexico.com\/producto\/pinza-amperimetrica-de-ca-fluke-i400\/#breadcrumb","itemListElement":[{"@type":"ListItem","position":1,"name":"Portada","item":"https:\/\/techmasterdemexico.com\/"},{"@type":"ListItem","position":2,"name":"Pinza amperim\u00e9trica de CA Fluke i400"}]},{"@type":"WebSite","@id":"https:\/\/techmasterdemexico.com\/#website","url":"https:\/\/techmasterdemexico.com\/","name":"Techmaster de Mexico","description":"","potentialAction":[{"@type":"SearchAction","target":{"@type":"EntryPoint","urlTemplate":"https:\/\/techmasterdemexico.com\/?s={search_term_string}"},"query-input":{"@type":"PropertyValueSpecification","valueRequired":true,"valueName":"search_term_string"}}],"inLanguage":"en-US"}]}},"brands":[{"id":31,"name":"Fluke","slug":"fluke"}],"_links":{"self":[{"href":"https:\/\/techmasterdemexico.com\/en\/wp-json\/wp\/v2\/product\/8035","targetHints":{"allow":["GET"]}}],"collection":[{"href":"https:\/\/techmasterdemexico.com\/en\/wp-json\/wp\/v2\/product"}],"about":[{"href":"https:\/\/techmasterdemexico.com\/en\/wp-json\/wp\/v2\/types\/product"}],"wp:featuredmedia":[{"embeddable":true,"href":"https:\/\/techmasterdemexico.com\/en\/wp-json\/wp\/v2\/media\/9255"}],"wp:attachment":[{"href":"https:\/\/techmasterdemexico.com\/en\/wp-json\/wp\/v2\/media?parent=8035"}],"wp:term":[{"taxonomy":"pwb-brand","embeddable":true,"href":"https:\/\/techmasterdemexico.com\/en\/wp-json\/wp\/v2\/pwb-brand?post=8035"},{"taxonomy":"product_brand","embeddable":true,"href":"https:\/\/techmasterdemexico.com\/en\/wp-json\/wp\/v2\/product_brand?post=8035"},{"taxonomy":"product_cat","embeddable":true,"href":"https:\/\/techmasterdemexico.com\/en\/wp-json\/wp\/v2\/product_cat?post=8035"},{"taxonomy":"product_tag","embeddable":true,"href":"https:\/\/techmasterdemexico.com\/en\/wp-json\/wp\/v2\/product_tag?post=8035"}],"curies":[{"name":"wp","href":"https:\/\/api.w.org\/{rel}","templated":true}]}}