{"id":8033,"date":"2021-08-19T05:59:04","date_gmt":"2021-08-19T05:59:04","guid":{"rendered":"http:\/\/techmastermx.ddns.net\/producto\/caja-de-cambio-para-medidores-y-accesorios-modelo-c1600\/"},"modified":"2021-12-28T22:09:10","modified_gmt":"2021-12-28T22:09:10","slug":"caja-de-cambio-para-medidores-y-accesorios-modelo-c1600","status":"publish","type":"product","link":"https:\/\/techmasterdemexico.com\/en\/producto\/caja-de-cambio-para-medidores-y-accesorios-modelo-c1600\/","title":{"rendered":"Caja de cambio para medidores y accesorios, modelo C1600"},"content":{"rendered":"<p>Caja de cambio para medidores y accesorios, modelo C1600<\/p>\n<p>El estuche C1600 es de pl\u00e1stico reforzado y ha sido dise\u00f1ado para transportar mult\u00edmetros digitales port\u00e1tiles y calibradores de procesos de Fluke, as\u00ed como la mayor\u00eda de accesorios utilizados con estos instrumentos.<\/p>\n","protected":false},"excerpt":{"rendered":"<ul>\n<li>Su interior es lo suficientemente grande como para guardar y proteger sus instrumentos, accesorios y otros art\u00edculos imprescindibles.<\/li>\n<li>Junta de goma en la tapa que impide la entrada de polvo y humedad.<\/li>\n<li>Bandeja extra\u00edble para mantenerlo todo organizado.<\/li>\n<li>F\u00e1cil acceso a piezas peque\u00f1as, como fusibles, bater\u00edas, sondas y cables, a trav\u00e9s del compartimiento en la parte superior de la tapa, con cierre a presi\u00f3n.<\/li>\n<li>Incluye cinco correas de velcro para envolver cables y puntas de prueba cuando no se utilicen.<\/li>\n<li>Se puede cerrar con un candado.<\/li>\n<li>Mango de gran tama\u00f1o que facilita el transporte.<\/li>\n<\/ul>\n","protected":false},"featured_media":9238,"template":"","meta":{"_acf_changed":false},"pwb-brand":[31],"product_brand":[],"product_cat":[366,118,124,30],"product_tag":[],"class_list":{"0":"post-8033","1":"product","2":"type-product","3":"status-publish","4":"has-post-thumbnail","6":"pwb-brand-fluke","7":"product_cat-todos-los-productos","8":"product_cat-accesorios-fluke","9":"product_cat-estuches-y-fundas","10":"product_cat-fluke","12":"first","13":"instock","14":"taxable","15":"shipping-taxable","16":"product-type-simple"},"acf":[],"yoast_head":"<!-- This site is optimized with the Yoast SEO plugin v27.5 - https:\/\/yoast.com\/product\/yoast-seo-wordpress\/ -->\n<title>Caja de cambio para medidores y accesorios, modelo C1600 - Techmaster de Mexico<\/title>\n<meta name=\"robots\" content=\"index, follow, max-snippet:-1, max-image-preview:large, max-video-preview:-1\" \/>\n<link rel=\"canonical\" href=\"https:\/\/techmasterdemexico.com\/en\/producto\/caja-de-cambio-para-medidores-y-accesorios-modelo-c1600\/\" \/>\n<meta property=\"og:locale\" content=\"en_US\" \/>\n<meta property=\"og:type\" content=\"article\" \/>\n<meta property=\"og:title\" content=\"Caja de cambio para medidores y accesorios, modelo C1600 - Techmaster de Mexico\" \/>\n<meta property=\"og:description\" content=\"Su interior es lo suficientemente grande como para guardar y proteger sus instrumentos, accesorios y otros art\u00edculos imprescindibles.   Junta de goma en la tapa que impide la entrada de polvo y humedad.   Bandeja extra\u00edble para mantenerlo todo organizado.   F\u00e1cil acceso a piezas peque\u00f1as, como fusibles, bater\u00edas, sondas y cables, a trav\u00e9s del compartimiento en la parte superior de la tapa, con cierre a presi\u00f3n.   Incluye cinco correas de velcro para envolver cables y puntas de prueba cuando no se utilicen.   Se puede cerrar con un candado.   Mango de gran tama\u00f1o que facilita el transporte.\" \/>\n<meta property=\"og:url\" content=\"https:\/\/techmasterdemexico.com\/en\/producto\/caja-de-cambio-para-medidores-y-accesorios-modelo-c1600\/\" \/>\n<meta property=\"og:site_name\" content=\"Techmaster de Mexico\" \/>\n<meta property=\"article:modified_time\" content=\"2021-12-28T22:09:10+00:00\" \/>\n<meta property=\"og:image\" content=\"https:\/\/techmasterdemexico.com\/wp-content\/uploads\/2021\/08\/1-86.jpg\" \/>\n\t<meta property=\"og:image:width\" content=\"600\" \/>\n\t<meta property=\"og:image:height\" content=\"600\" \/>\n\t<meta property=\"og:image:type\" content=\"image\/jpeg\" \/>\n<meta name=\"twitter:card\" content=\"summary_large_image\" \/>\n<script type=\"application\/ld+json\" class=\"yoast-schema-graph\">{\"@context\":\"https:\\\/\\\/schema.org\",\"@graph\":[{\"@type\":\"WebPage\",\"@id\":\"https:\\\/\\\/techmasterdemexico.com\\\/en\\\/producto\\\/caja-de-cambio-para-medidores-y-accesorios-modelo-c1600\\\/\",\"url\":\"https:\\\/\\\/techmasterdemexico.com\\\/en\\\/producto\\\/caja-de-cambio-para-medidores-y-accesorios-modelo-c1600\\\/\",\"name\":\"Caja de cambio para medidores y accesorios, modelo C1600 - Techmaster de Mexico\",\"isPartOf\":{\"@id\":\"https:\\\/\\\/techmasterdemexico.com\\\/#website\"},\"primaryImageOfPage\":{\"@id\":\"https:\\\/\\\/techmasterdemexico.com\\\/en\\\/producto\\\/caja-de-cambio-para-medidores-y-accesorios-modelo-c1600\\\/#primaryimage\"},\"image\":{\"@id\":\"https:\\\/\\\/techmasterdemexico.com\\\/en\\\/producto\\\/caja-de-cambio-para-medidores-y-accesorios-modelo-c1600\\\/#primaryimage\"},\"thumbnailUrl\":\"https:\\\/\\\/techmasterdemexico.com\\\/wp-content\\\/uploads\\\/2021\\\/08\\\/1-86.jpg\",\"datePublished\":\"2021-08-19T05:59:04+00:00\",\"dateModified\":\"2021-12-28T22:09:10+00:00\",\"breadcrumb\":{\"@id\":\"https:\\\/\\\/techmasterdemexico.com\\\/en\\\/producto\\\/caja-de-cambio-para-medidores-y-accesorios-modelo-c1600\\\/#breadcrumb\"},\"inLanguage\":\"en-US\",\"potentialAction\":[{\"@type\":\"ReadAction\",\"target\":[\"https:\\\/\\\/techmasterdemexico.com\\\/en\\\/producto\\\/caja-de-cambio-para-medidores-y-accesorios-modelo-c1600\\\/\"]}]},{\"@type\":\"ImageObject\",\"inLanguage\":\"en-US\",\"@id\":\"https:\\\/\\\/techmasterdemexico.com\\\/en\\\/producto\\\/caja-de-cambio-para-medidores-y-accesorios-modelo-c1600\\\/#primaryimage\",\"url\":\"https:\\\/\\\/techmasterdemexico.com\\\/wp-content\\\/uploads\\\/2021\\\/08\\\/1-86.jpg\",\"contentUrl\":\"https:\\\/\\\/techmasterdemexico.com\\\/wp-content\\\/uploads\\\/2021\\\/08\\\/1-86.jpg\",\"width\":600,\"height\":600},{\"@type\":\"BreadcrumbList\",\"@id\":\"https:\\\/\\\/techmasterdemexico.com\\\/en\\\/producto\\\/caja-de-cambio-para-medidores-y-accesorios-modelo-c1600\\\/#breadcrumb\",\"itemListElement\":[{\"@type\":\"ListItem\",\"position\":1,\"name\":\"Portada\",\"item\":\"https:\\\/\\\/techmasterdemexico.com\\\/\"},{\"@type\":\"ListItem\",\"position\":2,\"name\":\"Caja de cambio para medidores y accesorios, modelo C1600\"}]},{\"@type\":\"WebSite\",\"@id\":\"https:\\\/\\\/techmasterdemexico.com\\\/#website\",\"url\":\"https:\\\/\\\/techmasterdemexico.com\\\/\",\"name\":\"Techmaster de Mexico\",\"description\":\"\",\"potentialAction\":[{\"@type\":\"SearchAction\",\"target\":{\"@type\":\"EntryPoint\",\"urlTemplate\":\"https:\\\/\\\/techmasterdemexico.com\\\/?s={search_term_string}\"},\"query-input\":{\"@type\":\"PropertyValueSpecification\",\"valueRequired\":true,\"valueName\":\"search_term_string\"}}],\"inLanguage\":\"en-US\"}]}<\/script>\n<!-- \/ Yoast SEO plugin. -->","yoast_head_json":{"title":"Caja de cambio para medidores y accesorios, modelo C1600 - Techmaster de Mexico","robots":{"index":"index","follow":"follow","max-snippet":"max-snippet:-1","max-image-preview":"max-image-preview:large","max-video-preview":"max-video-preview:-1"},"canonical":"https:\/\/techmasterdemexico.com\/en\/producto\/caja-de-cambio-para-medidores-y-accesorios-modelo-c1600\/","og_locale":"en_US","og_type":"article","og_title":"Caja de cambio para medidores y accesorios, modelo C1600 - Techmaster de Mexico","og_description":"Su interior es lo suficientemente grande como para guardar y proteger sus instrumentos, accesorios y otros art\u00edculos imprescindibles.   Junta de goma en la tapa que impide la entrada de polvo y humedad.   Bandeja extra\u00edble para mantenerlo todo organizado.   F\u00e1cil acceso a piezas peque\u00f1as, como fusibles, bater\u00edas, sondas y cables, a trav\u00e9s del compartimiento en la parte superior de la tapa, con cierre a presi\u00f3n.   Incluye cinco correas de velcro para envolver cables y puntas de prueba cuando no se utilicen.   Se puede cerrar con un candado.   Mango de gran tama\u00f1o que facilita el transporte.","og_url":"https:\/\/techmasterdemexico.com\/en\/producto\/caja-de-cambio-para-medidores-y-accesorios-modelo-c1600\/","og_site_name":"Techmaster de Mexico","article_modified_time":"2021-12-28T22:09:10+00:00","og_image":[{"width":600,"height":600,"url":"https:\/\/techmasterdemexico.com\/wp-content\/uploads\/2021\/08\/1-86.jpg","type":"image\/jpeg"}],"twitter_card":"summary_large_image","schema":{"@context":"https:\/\/schema.org","@graph":[{"@type":"WebPage","@id":"https:\/\/techmasterdemexico.com\/en\/producto\/caja-de-cambio-para-medidores-y-accesorios-modelo-c1600\/","url":"https:\/\/techmasterdemexico.com\/en\/producto\/caja-de-cambio-para-medidores-y-accesorios-modelo-c1600\/","name":"Caja de cambio para medidores y accesorios, modelo C1600 - Techmaster de Mexico","isPartOf":{"@id":"https:\/\/techmasterdemexico.com\/#website"},"primaryImageOfPage":{"@id":"https:\/\/techmasterdemexico.com\/en\/producto\/caja-de-cambio-para-medidores-y-accesorios-modelo-c1600\/#primaryimage"},"image":{"@id":"https:\/\/techmasterdemexico.com\/en\/producto\/caja-de-cambio-para-medidores-y-accesorios-modelo-c1600\/#primaryimage"},"thumbnailUrl":"https:\/\/techmasterdemexico.com\/wp-content\/uploads\/2021\/08\/1-86.jpg","datePublished":"2021-08-19T05:59:04+00:00","dateModified":"2021-12-28T22:09:10+00:00","breadcrumb":{"@id":"https:\/\/techmasterdemexico.com\/en\/producto\/caja-de-cambio-para-medidores-y-accesorios-modelo-c1600\/#breadcrumb"},"inLanguage":"en-US","potentialAction":[{"@type":"ReadAction","target":["https:\/\/techmasterdemexico.com\/en\/producto\/caja-de-cambio-para-medidores-y-accesorios-modelo-c1600\/"]}]},{"@type":"ImageObject","inLanguage":"en-US","@id":"https:\/\/techmasterdemexico.com\/en\/producto\/caja-de-cambio-para-medidores-y-accesorios-modelo-c1600\/#primaryimage","url":"https:\/\/techmasterdemexico.com\/wp-content\/uploads\/2021\/08\/1-86.jpg","contentUrl":"https:\/\/techmasterdemexico.com\/wp-content\/uploads\/2021\/08\/1-86.jpg","width":600,"height":600},{"@type":"BreadcrumbList","@id":"https:\/\/techmasterdemexico.com\/en\/producto\/caja-de-cambio-para-medidores-y-accesorios-modelo-c1600\/#breadcrumb","itemListElement":[{"@type":"ListItem","position":1,"name":"Portada","item":"https:\/\/techmasterdemexico.com\/"},{"@type":"ListItem","position":2,"name":"Caja de cambio para medidores y accesorios, modelo C1600"}]},{"@type":"WebSite","@id":"https:\/\/techmasterdemexico.com\/#website","url":"https:\/\/techmasterdemexico.com\/","name":"Techmaster de Mexico","description":"","potentialAction":[{"@type":"SearchAction","target":{"@type":"EntryPoint","urlTemplate":"https:\/\/techmasterdemexico.com\/?s={search_term_string}"},"query-input":{"@type":"PropertyValueSpecification","valueRequired":true,"valueName":"search_term_string"}}],"inLanguage":"en-US"}]}},"brands":[{"id":31,"name":"Fluke","slug":"fluke"}],"_links":{"self":[{"href":"https:\/\/techmasterdemexico.com\/en\/wp-json\/wp\/v2\/product\/8033","targetHints":{"allow":["GET"]}}],"collection":[{"href":"https:\/\/techmasterdemexico.com\/en\/wp-json\/wp\/v2\/product"}],"about":[{"href":"https:\/\/techmasterdemexico.com\/en\/wp-json\/wp\/v2\/types\/product"}],"wp:featuredmedia":[{"embeddable":true,"href":"https:\/\/techmasterdemexico.com\/en\/wp-json\/wp\/v2\/media\/9238"}],"wp:attachment":[{"href":"https:\/\/techmasterdemexico.com\/en\/wp-json\/wp\/v2\/media?parent=8033"}],"wp:term":[{"taxonomy":"pwb-brand","embeddable":true,"href":"https:\/\/techmasterdemexico.com\/en\/wp-json\/wp\/v2\/pwb-brand?post=8033"},{"taxonomy":"product_brand","embeddable":true,"href":"https:\/\/techmasterdemexico.com\/en\/wp-json\/wp\/v2\/product_brand?post=8033"},{"taxonomy":"product_cat","embeddable":true,"href":"https:\/\/techmasterdemexico.com\/en\/wp-json\/wp\/v2\/product_cat?post=8033"},{"taxonomy":"product_tag","embeddable":true,"href":"https:\/\/techmasterdemexico.com\/en\/wp-json\/wp\/v2\/product_tag?post=8033"}],"curies":[{"name":"wp","href":"https:\/\/api.w.org\/{rel}","templated":true}]}}