{"id":8032,"date":"2021-08-19T05:59:04","date_gmt":"2021-08-19T05:59:04","guid":{"rendered":"http:\/\/techmastermx.ddns.net\/producto\/estuche-flexible-para-transporte-c345\/"},"modified":"2021-12-28T22:09:09","modified_gmt":"2021-12-28T22:09:09","slug":"estuche-flexible-para-transporte-c345","status":"publish","type":"product","link":"https:\/\/techmasterdemexico.com\/en\/producto\/estuche-flexible-para-transporte-c345\/","title":{"rendered":"Estuche flexible para transporte C345"},"content":{"rendered":"<p>Estuche flexible para transporte C345<\/p>\n<p><span lang=\"ES-MX\">La construcci\u00f3n de la funda de poli\u00e9ster 600D es duradera e incluye una correa de hombro desmontable y extensible <\/span><\/p>\n","protected":false},"excerpt":{"rendered":"<ul>\n<li>El malet\u00edn perfecto para transportar una amplia gama de instrumentos de medida y accesorios port\u00e1tiles de Fluke<\/li>\n<li>El compartimento interno m\u00f3vil proporciona flexibilidad para accesorios antiguos como indicadores de pruebas y sondas de corriente<\/li>\n<li>Tama\u00f1o suficiente para todos sus accesorios y manuales de instrumentos<\/li>\n<li>Bolsa exterior, bolsillo exterior con cremallera y dos bolsillos con ojal para el almacenamiento adecuado de accesorios<\/li>\n<li>La bolsa exterior incluye una correa el\u00e1stica y una malla para sujetar los accesorios<\/li>\n<\/ul>\n","protected":false},"featured_media":9237,"template":"","meta":{"_acf_changed":false},"pwb-brand":[31],"product_brand":[],"product_cat":[366,118,124,30],"product_tag":[],"class_list":{"0":"post-8032","1":"product","2":"type-product","3":"status-publish","4":"has-post-thumbnail","6":"pwb-brand-fluke","7":"product_cat-todos-los-productos","8":"product_cat-accesorios-fluke","9":"product_cat-estuches-y-fundas","10":"product_cat-fluke","12":"first","13":"instock","14":"taxable","15":"shipping-taxable","16":"product-type-simple"},"acf":[],"yoast_head":"<!-- This site is optimized with the Yoast SEO plugin v27.4 - https:\/\/yoast.com\/product\/yoast-seo-wordpress\/ -->\n<title>Estuche flexible para transporte C345 - Techmaster de Mexico<\/title>\n<meta name=\"robots\" content=\"index, follow, max-snippet:-1, max-image-preview:large, max-video-preview:-1\" \/>\n<link rel=\"canonical\" href=\"https:\/\/techmasterdemexico.com\/producto\/estuche-flexible-para-transporte-c345\/\" \/>\n<meta property=\"og:locale\" content=\"en_US\" \/>\n<meta property=\"og:type\" content=\"article\" \/>\n<meta property=\"og:title\" content=\"Estuche flexible para transporte C345 - Techmaster de Mexico\" \/>\n<meta property=\"og:description\" content=\"El malet\u00edn perfecto para transportar una amplia gama de instrumentos de medida y accesorios port\u00e1tiles de Fluke   El compartimento interno m\u00f3vil proporciona flexibilidad para accesorios antiguos como indicadores de pruebas y sondas de corriente   Tama\u00f1o suficiente para todos sus accesorios y manuales de instrumentos   Bolsa exterior, bolsillo exterior con cremallera y dos bolsillos con ojal para el almacenamiento adecuado de accesorios   La bolsa exterior incluye una correa el\u00e1stica y una malla para sujetar los accesorios\" \/>\n<meta property=\"og:url\" content=\"https:\/\/techmasterdemexico.com\/producto\/estuche-flexible-para-transporte-c345\/\" \/>\n<meta property=\"og:site_name\" content=\"Techmaster de Mexico\" \/>\n<meta property=\"article:modified_time\" content=\"2021-12-28T22:09:09+00:00\" \/>\n<meta property=\"og:image\" content=\"https:\/\/techmasterdemexico.com\/wp-content\/uploads\/2021\/08\/1-85.jpg\" \/>\n\t<meta property=\"og:image:width\" content=\"410\" \/>\n\t<meta property=\"og:image:height\" content=\"410\" \/>\n\t<meta property=\"og:image:type\" content=\"image\/jpeg\" \/>\n<meta name=\"twitter:card\" content=\"summary_large_image\" \/>\n<script type=\"application\/ld+json\" class=\"yoast-schema-graph\">{\"@context\":\"https:\\\/\\\/schema.org\",\"@graph\":[{\"@type\":\"WebPage\",\"@id\":\"https:\\\/\\\/techmasterdemexico.com\\\/producto\\\/estuche-flexible-para-transporte-c345\\\/\",\"url\":\"https:\\\/\\\/techmasterdemexico.com\\\/producto\\\/estuche-flexible-para-transporte-c345\\\/\",\"name\":\"Estuche flexible para transporte C345 - Techmaster de Mexico\",\"isPartOf\":{\"@id\":\"https:\\\/\\\/techmasterdemexico.com\\\/#website\"},\"primaryImageOfPage\":{\"@id\":\"https:\\\/\\\/techmasterdemexico.com\\\/producto\\\/estuche-flexible-para-transporte-c345\\\/#primaryimage\"},\"image\":{\"@id\":\"https:\\\/\\\/techmasterdemexico.com\\\/producto\\\/estuche-flexible-para-transporte-c345\\\/#primaryimage\"},\"thumbnailUrl\":\"https:\\\/\\\/techmasterdemexico.com\\\/wp-content\\\/uploads\\\/2021\\\/08\\\/1-85.jpg\",\"datePublished\":\"2021-08-19T05:59:04+00:00\",\"dateModified\":\"2021-12-28T22:09:09+00:00\",\"breadcrumb\":{\"@id\":\"https:\\\/\\\/techmasterdemexico.com\\\/producto\\\/estuche-flexible-para-transporte-c345\\\/#breadcrumb\"},\"inLanguage\":\"en-US\",\"potentialAction\":[{\"@type\":\"ReadAction\",\"target\":[\"https:\\\/\\\/techmasterdemexico.com\\\/producto\\\/estuche-flexible-para-transporte-c345\\\/\"]}]},{\"@type\":\"ImageObject\",\"inLanguage\":\"en-US\",\"@id\":\"https:\\\/\\\/techmasterdemexico.com\\\/producto\\\/estuche-flexible-para-transporte-c345\\\/#primaryimage\",\"url\":\"https:\\\/\\\/techmasterdemexico.com\\\/wp-content\\\/uploads\\\/2021\\\/08\\\/1-85.jpg\",\"contentUrl\":\"https:\\\/\\\/techmasterdemexico.com\\\/wp-content\\\/uploads\\\/2021\\\/08\\\/1-85.jpg\",\"width\":410,\"height\":410},{\"@type\":\"BreadcrumbList\",\"@id\":\"https:\\\/\\\/techmasterdemexico.com\\\/producto\\\/estuche-flexible-para-transporte-c345\\\/#breadcrumb\",\"itemListElement\":[{\"@type\":\"ListItem\",\"position\":1,\"name\":\"Portada\",\"item\":\"https:\\\/\\\/techmasterdemexico.com\\\/\"},{\"@type\":\"ListItem\",\"position\":2,\"name\":\"Estuche flexible para transporte C345\"}]},{\"@type\":\"WebSite\",\"@id\":\"https:\\\/\\\/techmasterdemexico.com\\\/#website\",\"url\":\"https:\\\/\\\/techmasterdemexico.com\\\/\",\"name\":\"Techmaster de Mexico\",\"description\":\"\",\"potentialAction\":[{\"@type\":\"SearchAction\",\"target\":{\"@type\":\"EntryPoint\",\"urlTemplate\":\"https:\\\/\\\/techmasterdemexico.com\\\/?s={search_term_string}\"},\"query-input\":{\"@type\":\"PropertyValueSpecification\",\"valueRequired\":true,\"valueName\":\"search_term_string\"}}],\"inLanguage\":\"en-US\"}]}<\/script>\n<!-- \/ Yoast SEO plugin. -->","yoast_head_json":{"title":"Estuche flexible para transporte C345 - Techmaster de Mexico","robots":{"index":"index","follow":"follow","max-snippet":"max-snippet:-1","max-image-preview":"max-image-preview:large","max-video-preview":"max-video-preview:-1"},"canonical":"https:\/\/techmasterdemexico.com\/producto\/estuche-flexible-para-transporte-c345\/","og_locale":"en_US","og_type":"article","og_title":"Estuche flexible para transporte C345 - Techmaster de Mexico","og_description":"El malet\u00edn perfecto para transportar una amplia gama de instrumentos de medida y accesorios port\u00e1tiles de Fluke   El compartimento interno m\u00f3vil proporciona flexibilidad para accesorios antiguos como indicadores de pruebas y sondas de corriente   Tama\u00f1o suficiente para todos sus accesorios y manuales de instrumentos   Bolsa exterior, bolsillo exterior con cremallera y dos bolsillos con ojal para el almacenamiento adecuado de accesorios   La bolsa exterior incluye una correa el\u00e1stica y una malla para sujetar los accesorios","og_url":"https:\/\/techmasterdemexico.com\/producto\/estuche-flexible-para-transporte-c345\/","og_site_name":"Techmaster de Mexico","article_modified_time":"2021-12-28T22:09:09+00:00","og_image":[{"width":410,"height":410,"url":"https:\/\/techmasterdemexico.com\/wp-content\/uploads\/2021\/08\/1-85.jpg","type":"image\/jpeg"}],"twitter_card":"summary_large_image","schema":{"@context":"https:\/\/schema.org","@graph":[{"@type":"WebPage","@id":"https:\/\/techmasterdemexico.com\/producto\/estuche-flexible-para-transporte-c345\/","url":"https:\/\/techmasterdemexico.com\/producto\/estuche-flexible-para-transporte-c345\/","name":"Estuche flexible para transporte C345 - Techmaster de Mexico","isPartOf":{"@id":"https:\/\/techmasterdemexico.com\/#website"},"primaryImageOfPage":{"@id":"https:\/\/techmasterdemexico.com\/producto\/estuche-flexible-para-transporte-c345\/#primaryimage"},"image":{"@id":"https:\/\/techmasterdemexico.com\/producto\/estuche-flexible-para-transporte-c345\/#primaryimage"},"thumbnailUrl":"https:\/\/techmasterdemexico.com\/wp-content\/uploads\/2021\/08\/1-85.jpg","datePublished":"2021-08-19T05:59:04+00:00","dateModified":"2021-12-28T22:09:09+00:00","breadcrumb":{"@id":"https:\/\/techmasterdemexico.com\/producto\/estuche-flexible-para-transporte-c345\/#breadcrumb"},"inLanguage":"en-US","potentialAction":[{"@type":"ReadAction","target":["https:\/\/techmasterdemexico.com\/producto\/estuche-flexible-para-transporte-c345\/"]}]},{"@type":"ImageObject","inLanguage":"en-US","@id":"https:\/\/techmasterdemexico.com\/producto\/estuche-flexible-para-transporte-c345\/#primaryimage","url":"https:\/\/techmasterdemexico.com\/wp-content\/uploads\/2021\/08\/1-85.jpg","contentUrl":"https:\/\/techmasterdemexico.com\/wp-content\/uploads\/2021\/08\/1-85.jpg","width":410,"height":410},{"@type":"BreadcrumbList","@id":"https:\/\/techmasterdemexico.com\/producto\/estuche-flexible-para-transporte-c345\/#breadcrumb","itemListElement":[{"@type":"ListItem","position":1,"name":"Portada","item":"https:\/\/techmasterdemexico.com\/"},{"@type":"ListItem","position":2,"name":"Estuche flexible para transporte C345"}]},{"@type":"WebSite","@id":"https:\/\/techmasterdemexico.com\/#website","url":"https:\/\/techmasterdemexico.com\/","name":"Techmaster de Mexico","description":"","potentialAction":[{"@type":"SearchAction","target":{"@type":"EntryPoint","urlTemplate":"https:\/\/techmasterdemexico.com\/?s={search_term_string}"},"query-input":{"@type":"PropertyValueSpecification","valueRequired":true,"valueName":"search_term_string"}}],"inLanguage":"en-US"}]}},"brands":[{"id":31,"name":"Fluke","slug":"fluke"}],"_links":{"self":[{"href":"https:\/\/techmasterdemexico.com\/en\/wp-json\/wp\/v2\/product\/8032","targetHints":{"allow":["GET"]}}],"collection":[{"href":"https:\/\/techmasterdemexico.com\/en\/wp-json\/wp\/v2\/product"}],"about":[{"href":"https:\/\/techmasterdemexico.com\/en\/wp-json\/wp\/v2\/types\/product"}],"wp:featuredmedia":[{"embeddable":true,"href":"https:\/\/techmasterdemexico.com\/en\/wp-json\/wp\/v2\/media\/9237"}],"wp:attachment":[{"href":"https:\/\/techmasterdemexico.com\/en\/wp-json\/wp\/v2\/media?parent=8032"}],"wp:term":[{"taxonomy":"pwb-brand","embeddable":true,"href":"https:\/\/techmasterdemexico.com\/en\/wp-json\/wp\/v2\/pwb-brand?post=8032"},{"taxonomy":"product_brand","embeddable":true,"href":"https:\/\/techmasterdemexico.com\/en\/wp-json\/wp\/v2\/product_brand?post=8032"},{"taxonomy":"product_cat","embeddable":true,"href":"https:\/\/techmasterdemexico.com\/en\/wp-json\/wp\/v2\/product_cat?post=8032"},{"taxonomy":"product_tag","embeddable":true,"href":"https:\/\/techmasterdemexico.com\/en\/wp-json\/wp\/v2\/product_tag?post=8032"}],"curies":[{"name":"wp","href":"https:\/\/api.w.org\/{rel}","templated":true}]}}