{"id":8029,"date":"2021-08-19T05:59:02","date_gmt":"2021-08-19T12:59:02","guid":{"rendered":"http:\/\/techmastermx.ddns.net\/producto\/estuche-flexible-grande-c25-para-multimetros-digitales\/"},"modified":"2025-06-26T12:40:50","modified_gmt":"2025-06-26T19:40:50","slug":"estuche-flexible-grande-c25-para-multimetros-digitales","status":"publish","type":"product","link":"https:\/\/techmasterdemexico.com\/en\/producto\/estuche-flexible-grande-c25-para-multimetros-digitales\/","title":{"rendered":"Estuche flexible grande C25 para mult\u00edmetros digitales"},"content":{"rendered":"<p>Estuche flexible grande C25 para mult\u00edmetros digitales<\/p>\n<p>Proteja sus herramientas Fluke como se merecen. Ha hecho la mejor compra posible, as\u00ed que \u00bfpor qu\u00e9 no protegerla con los estuches Fluke? El estuche C25 es resistente, acolchado, tiene un bolsillo interior, y un exterior de poli\u00e9ster de alta calidad. El estuche viene con una conveniente correa para la mano y puede cargar la mayor\u00eda de los populares mult\u00edmetros digitales Fluke. \u00a1Nuestro estuche m\u00e1s vendido hasta la fecha! Ahora tambi\u00e9n est\u00e1n disponibles los dise\u00f1os est\u00e1ndar y de camuflaje.<\/p>\n","protected":false},"excerpt":{"rendered":"<ul>\n<li>Estuche con cremallera, acolchado y con bolsillo interior.<\/li>\n<li>Un a\u00f1o de garant\u00eda<\/li>\n<\/ul>\n<table class=\"t1\" cellspacing=\"0\" cellpadding=\"0\">\n<tbody>\n<tr>\n<td class=\"td1\" valign=\"middle\">\n<p class=\"p1\"><b>Dimensiones (alt. x anch. x prof.)<\/b><\/p>\n<\/td>\n<\/tr>\n<tr>\n<td class=\"td1\" valign=\"middle\">\n<p class=\"p1\"><b>218 mm x 128 mm x 64 mm<\/b><\/p>\n<\/td>\n<\/tr>\n<tr>\n<td class=\"td1\" valign=\"middle\">\n<p class=\"p1\"><b>8,6 pulg. x 5 pulg. x 2,52 pulg.<\/b><\/p>\n<\/td>\n<\/tr>\n<\/tbody>\n<\/table>\n","protected":false},"featured_media":9244,"template":"","meta":{"_acf_changed":false},"pwb-brand":[31],"product_brand":[],"product_cat":[366,118,124,30],"product_tag":[],"class_list":{"0":"post-8029","1":"product","2":"type-product","3":"status-publish","4":"has-post-thumbnail","6":"pwb-brand-fluke","7":"product_cat-todos-los-productos","8":"product_cat-accesorios-fluke","9":"product_cat-estuches-y-fundas","10":"product_cat-fluke","12":"first","13":"instock","14":"taxable","15":"shipping-taxable","16":"purchasable","17":"product-type-simple"},"acf":[],"yoast_head":"<!-- This site is optimized with the Yoast SEO plugin v27.4 - https:\/\/yoast.com\/product\/yoast-seo-wordpress\/ -->\n<title>Estuche flexible grande C25 para mult\u00edmetros digitales - Techmaster de Mexico<\/title>\n<meta name=\"robots\" content=\"index, follow, max-snippet:-1, max-image-preview:large, max-video-preview:-1\" \/>\n<link rel=\"canonical\" href=\"https:\/\/techmasterdemexico.com\/en\/producto\/estuche-flexible-grande-c25-para-multimetros-digitales\/\" \/>\n<meta property=\"og:locale\" content=\"en_US\" \/>\n<meta property=\"og:type\" content=\"article\" \/>\n<meta property=\"og:title\" content=\"Estuche flexible grande C25 para mult\u00edmetros digitales - Techmaster de Mexico\" \/>\n<meta property=\"og:description\" content=\"Estuche con cremallera, acolchado y con bolsillo interior.   Un a\u00f1o de garant\u00eda         Dimensiones (alt. x anch. x prof.)        218 mm x 128 mm x 64 mm        8,6 pulg. x 5 pulg. x 2,52 pulg.\" \/>\n<meta property=\"og:url\" content=\"https:\/\/techmasterdemexico.com\/en\/producto\/estuche-flexible-grande-c25-para-multimetros-digitales\/\" \/>\n<meta property=\"og:site_name\" content=\"Techmaster de Mexico\" \/>\n<meta property=\"article:modified_time\" content=\"2025-06-26T19:40:50+00:00\" \/>\n<meta property=\"og:image\" content=\"https:\/\/techmasterdemexico.com\/wp-content\/uploads\/2021\/08\/1-89.jpg\" \/>\n\t<meta property=\"og:image:width\" content=\"410\" \/>\n\t<meta property=\"og:image:height\" content=\"410\" \/>\n\t<meta property=\"og:image:type\" content=\"image\/jpeg\" \/>\n<meta name=\"twitter:card\" content=\"summary_large_image\" \/>\n<script type=\"application\/ld+json\" class=\"yoast-schema-graph\">{\"@context\":\"https:\\\/\\\/schema.org\",\"@graph\":[{\"@type\":\"WebPage\",\"@id\":\"https:\\\/\\\/techmasterdemexico.com\\\/en\\\/producto\\\/estuche-flexible-grande-c25-para-multimetros-digitales\\\/\",\"url\":\"https:\\\/\\\/techmasterdemexico.com\\\/en\\\/producto\\\/estuche-flexible-grande-c25-para-multimetros-digitales\\\/\",\"name\":\"Estuche flexible grande C25 para mult\u00edmetros digitales - Techmaster de Mexico\",\"isPartOf\":{\"@id\":\"https:\\\/\\\/techmasterdemexico.com\\\/#website\"},\"primaryImageOfPage\":{\"@id\":\"https:\\\/\\\/techmasterdemexico.com\\\/en\\\/producto\\\/estuche-flexible-grande-c25-para-multimetros-digitales\\\/#primaryimage\"},\"image\":{\"@id\":\"https:\\\/\\\/techmasterdemexico.com\\\/en\\\/producto\\\/estuche-flexible-grande-c25-para-multimetros-digitales\\\/#primaryimage\"},\"thumbnailUrl\":\"https:\\\/\\\/techmasterdemexico.com\\\/wp-content\\\/uploads\\\/2021\\\/08\\\/1-89.jpg\",\"datePublished\":\"2021-08-19T12:59:02+00:00\",\"dateModified\":\"2025-06-26T19:40:50+00:00\",\"breadcrumb\":{\"@id\":\"https:\\\/\\\/techmasterdemexico.com\\\/en\\\/producto\\\/estuche-flexible-grande-c25-para-multimetros-digitales\\\/#breadcrumb\"},\"inLanguage\":\"en-US\",\"potentialAction\":[{\"@type\":\"ReadAction\",\"target\":[\"https:\\\/\\\/techmasterdemexico.com\\\/en\\\/producto\\\/estuche-flexible-grande-c25-para-multimetros-digitales\\\/\"]}]},{\"@type\":\"ImageObject\",\"inLanguage\":\"en-US\",\"@id\":\"https:\\\/\\\/techmasterdemexico.com\\\/en\\\/producto\\\/estuche-flexible-grande-c25-para-multimetros-digitales\\\/#primaryimage\",\"url\":\"https:\\\/\\\/techmasterdemexico.com\\\/wp-content\\\/uploads\\\/2021\\\/08\\\/1-89.jpg\",\"contentUrl\":\"https:\\\/\\\/techmasterdemexico.com\\\/wp-content\\\/uploads\\\/2021\\\/08\\\/1-89.jpg\",\"width\":410,\"height\":410},{\"@type\":\"BreadcrumbList\",\"@id\":\"https:\\\/\\\/techmasterdemexico.com\\\/en\\\/producto\\\/estuche-flexible-grande-c25-para-multimetros-digitales\\\/#breadcrumb\",\"itemListElement\":[{\"@type\":\"ListItem\",\"position\":1,\"name\":\"Portada\",\"item\":\"https:\\\/\\\/techmasterdemexico.com\\\/\"},{\"@type\":\"ListItem\",\"position\":2,\"name\":\"Estuche flexible grande C25 para mult\u00edmetros digitales\"}]},{\"@type\":\"WebSite\",\"@id\":\"https:\\\/\\\/techmasterdemexico.com\\\/#website\",\"url\":\"https:\\\/\\\/techmasterdemexico.com\\\/\",\"name\":\"Techmaster de Mexico\",\"description\":\"\",\"potentialAction\":[{\"@type\":\"SearchAction\",\"target\":{\"@type\":\"EntryPoint\",\"urlTemplate\":\"https:\\\/\\\/techmasterdemexico.com\\\/?s={search_term_string}\"},\"query-input\":{\"@type\":\"PropertyValueSpecification\",\"valueRequired\":true,\"valueName\":\"search_term_string\"}}],\"inLanguage\":\"en-US\"}]}<\/script>\n<!-- \/ Yoast SEO plugin. -->","yoast_head_json":{"title":"Estuche flexible grande C25 para mult\u00edmetros digitales - Techmaster de Mexico","robots":{"index":"index","follow":"follow","max-snippet":"max-snippet:-1","max-image-preview":"max-image-preview:large","max-video-preview":"max-video-preview:-1"},"canonical":"https:\/\/techmasterdemexico.com\/en\/producto\/estuche-flexible-grande-c25-para-multimetros-digitales\/","og_locale":"en_US","og_type":"article","og_title":"Estuche flexible grande C25 para mult\u00edmetros digitales - Techmaster de Mexico","og_description":"Estuche con cremallera, acolchado y con bolsillo interior.   Un a\u00f1o de garant\u00eda         Dimensiones (alt. x anch. x prof.)        218 mm x 128 mm x 64 mm        8,6 pulg. x 5 pulg. x 2,52 pulg.","og_url":"https:\/\/techmasterdemexico.com\/en\/producto\/estuche-flexible-grande-c25-para-multimetros-digitales\/","og_site_name":"Techmaster de Mexico","article_modified_time":"2025-06-26T19:40:50+00:00","og_image":[{"width":410,"height":410,"url":"https:\/\/techmasterdemexico.com\/wp-content\/uploads\/2021\/08\/1-89.jpg","type":"image\/jpeg"}],"twitter_card":"summary_large_image","schema":{"@context":"https:\/\/schema.org","@graph":[{"@type":"WebPage","@id":"https:\/\/techmasterdemexico.com\/en\/producto\/estuche-flexible-grande-c25-para-multimetros-digitales\/","url":"https:\/\/techmasterdemexico.com\/en\/producto\/estuche-flexible-grande-c25-para-multimetros-digitales\/","name":"Estuche flexible grande C25 para mult\u00edmetros digitales - Techmaster de Mexico","isPartOf":{"@id":"https:\/\/techmasterdemexico.com\/#website"},"primaryImageOfPage":{"@id":"https:\/\/techmasterdemexico.com\/en\/producto\/estuche-flexible-grande-c25-para-multimetros-digitales\/#primaryimage"},"image":{"@id":"https:\/\/techmasterdemexico.com\/en\/producto\/estuche-flexible-grande-c25-para-multimetros-digitales\/#primaryimage"},"thumbnailUrl":"https:\/\/techmasterdemexico.com\/wp-content\/uploads\/2021\/08\/1-89.jpg","datePublished":"2021-08-19T12:59:02+00:00","dateModified":"2025-06-26T19:40:50+00:00","breadcrumb":{"@id":"https:\/\/techmasterdemexico.com\/en\/producto\/estuche-flexible-grande-c25-para-multimetros-digitales\/#breadcrumb"},"inLanguage":"en-US","potentialAction":[{"@type":"ReadAction","target":["https:\/\/techmasterdemexico.com\/en\/producto\/estuche-flexible-grande-c25-para-multimetros-digitales\/"]}]},{"@type":"ImageObject","inLanguage":"en-US","@id":"https:\/\/techmasterdemexico.com\/en\/producto\/estuche-flexible-grande-c25-para-multimetros-digitales\/#primaryimage","url":"https:\/\/techmasterdemexico.com\/wp-content\/uploads\/2021\/08\/1-89.jpg","contentUrl":"https:\/\/techmasterdemexico.com\/wp-content\/uploads\/2021\/08\/1-89.jpg","width":410,"height":410},{"@type":"BreadcrumbList","@id":"https:\/\/techmasterdemexico.com\/en\/producto\/estuche-flexible-grande-c25-para-multimetros-digitales\/#breadcrumb","itemListElement":[{"@type":"ListItem","position":1,"name":"Portada","item":"https:\/\/techmasterdemexico.com\/"},{"@type":"ListItem","position":2,"name":"Estuche flexible grande C25 para mult\u00edmetros digitales"}]},{"@type":"WebSite","@id":"https:\/\/techmasterdemexico.com\/#website","url":"https:\/\/techmasterdemexico.com\/","name":"Techmaster de Mexico","description":"","potentialAction":[{"@type":"SearchAction","target":{"@type":"EntryPoint","urlTemplate":"https:\/\/techmasterdemexico.com\/?s={search_term_string}"},"query-input":{"@type":"PropertyValueSpecification","valueRequired":true,"valueName":"search_term_string"}}],"inLanguage":"en-US"}]}},"brands":[{"id":31,"name":"Fluke","slug":"fluke"}],"_links":{"self":[{"href":"https:\/\/techmasterdemexico.com\/en\/wp-json\/wp\/v2\/product\/8029","targetHints":{"allow":["GET"]}}],"collection":[{"href":"https:\/\/techmasterdemexico.com\/en\/wp-json\/wp\/v2\/product"}],"about":[{"href":"https:\/\/techmasterdemexico.com\/en\/wp-json\/wp\/v2\/types\/product"}],"wp:featuredmedia":[{"embeddable":true,"href":"https:\/\/techmasterdemexico.com\/en\/wp-json\/wp\/v2\/media\/9244"}],"wp:attachment":[{"href":"https:\/\/techmasterdemexico.com\/en\/wp-json\/wp\/v2\/media?parent=8029"}],"wp:term":[{"taxonomy":"pwb-brand","embeddable":true,"href":"https:\/\/techmasterdemexico.com\/en\/wp-json\/wp\/v2\/pwb-brand?post=8029"},{"taxonomy":"product_brand","embeddable":true,"href":"https:\/\/techmasterdemexico.com\/en\/wp-json\/wp\/v2\/product_brand?post=8029"},{"taxonomy":"product_cat","embeddable":true,"href":"https:\/\/techmasterdemexico.com\/en\/wp-json\/wp\/v2\/product_cat?post=8029"},{"taxonomy":"product_tag","embeddable":true,"href":"https:\/\/techmasterdemexico.com\/en\/wp-json\/wp\/v2\/product_tag?post=8029"}],"curies":[{"name":"wp","href":"https:\/\/api.w.org\/{rel}","templated":true}]}}