{"id":8028,"date":"2021-08-19T05:59:02","date_gmt":"2021-08-19T12:59:02","guid":{"rendered":"http:\/\/techmastermx.ddns.net\/producto\/mochila-para-instrumentos-fluke-pack30-professional\/"},"modified":"2025-11-12T16:59:37","modified_gmt":"2025-11-12T23:59:37","slug":"mochila-para-instrumentos-fluke-pack30-professional","status":"publish","type":"product","link":"https:\/\/techmasterdemexico.com\/en\/producto\/mochila-para-instrumentos-fluke-pack30-professional\/","title":{"rendered":"Mochila para instrumentos Fluke Pack30 Professional"},"content":{"rendered":"<p>Mochila para instrumentos Fluke Pack30 Professional<\/p>\n<p>Lo que necesita. Donde lo necesita<\/p>\n<p>Las mochilas son un medio pr\u00e1ctico para organizar, almacenar y transportar los instrumentos. Ahorre viajes a la furgoneta guardando todos los instrumentos que necesita en una Fluke Pack30. Adem\u00e1s, la Fluke Pack30 le ofrece una soluci\u00f3n m\u00e1s c\u00f3moda que los cinturones de herramientas tradicionales, que acumulan todo el peso en la parte inferior de la espalda, o las bolsas de herramientas con inc\u00f3modas correas de transporte. La Fluke Pack30 es una soluci\u00f3n fant\u00e1stica para los electricistas en sus desplazamientos.<\/p>","protected":false},"excerpt":{"rendered":"<p>Dise\u00f1ada para electricistas profesionales<\/p>\n<ul>\n<li>M\u00e1s de 30 bolsillos en 6 compartimentos principales<\/li>\n<li>La resistente base inferior impermeable protege los instrumentos y mantiene la mochila en posici\u00f3n vertical para facilitar el acceso a los instrumentos.<\/li>\n<li>La Fluke Pack30 incorpora pinzas, soportes y correas en su parte exterior para guardar los instrumentos utilizados con frecuencia, como rollos de cinta aislante, cintas m\u00e9tricas o detectores de tensi\u00f3n.<\/li>\n<li>Almacena, organiza y protege el equipo de comprobaci\u00f3n, las herramientas manuales, las gafas de seguridad y los objetos personales como las llaves, la cartera y el tel\u00e9fono<\/li>\n<li>Bolsillo especial para tablet PC y ordenadores port\u00e1tiles de hasta 12 pulgadas (30 cm) de ancho<\/li>\n<li>Fabricada con poli\u00e9ster resistente de alta calidad y con una base de pl\u00e1stico<\/li>\n<li>Cubiertas moldeadas de goma EVA en la secci\u00f3n delantera y superior para una mayor protecci\u00f3n<\/li>\n<li>Acolchada en la parte trasera para mayor comodidad y soporte lumbar<\/li>\n<li>Correa de pecho ajustable para una distribuci\u00f3n uniforme del peso y una mayor comodidad<\/li>\n<li>Un a\u00f1o de garant\u00eda<\/li>\n<\/ul>\n","protected":false},"featured_media":20536,"template":"","meta":{"_acf_changed":false},"pwb-brand":[31],"product_brand":[],"product_cat":[366,118,124,30],"product_tag":[],"class_list":{"0":"post-8028","1":"product","2":"type-product","3":"status-publish","4":"has-post-thumbnail","6":"pwb-brand-fluke","7":"product_cat-todos-los-productos","8":"product_cat-accesorios-fluke","9":"product_cat-estuches-y-fundas","10":"product_cat-fluke","12":"first","13":"instock","14":"taxable","15":"shipping-taxable","16":"product-type-simple"},"acf":[],"yoast_head":"<!-- This site is optimized with the Yoast SEO plugin v27.4 - https:\/\/yoast.com\/product\/yoast-seo-wordpress\/ -->\n<title>Mochila para instrumentos Fluke Pack30 Professional - Techmaster de Mexico<\/title>\n<meta name=\"robots\" content=\"index, follow, max-snippet:-1, max-image-preview:large, max-video-preview:-1\" \/>\n<link rel=\"canonical\" href=\"https:\/\/techmasterdemexico.com\/producto\/mochila-para-instrumentos-fluke-pack30-professional\/\" \/>\n<meta property=\"og:locale\" content=\"en_US\" \/>\n<meta property=\"og:type\" content=\"article\" \/>\n<meta property=\"og:title\" content=\"Mochila para instrumentos Fluke Pack30 Professional - Techmaster de Mexico\" \/>\n<meta property=\"og:description\" content=\"[:es]Dise\u00f1ada para electricistas profesionales   M\u00e1s de 30 bolsillos en 6 compartimentos principales  La resistente base inferior impermeable protege los instrumentos y mantiene la mochila en posici\u00f3n vertical para facilitar el acceso a los instrumentos.  La Fluke Pack30 incorpora pinzas, soportes y correas en su parte exterior para guardar los instrumentos utilizados con frecuencia, como rollos de cinta aislante, cintas m\u00e9tricas o detectores de tensi\u00f3n.  Almacena, organiza y protege el equipo de comprobaci\u00f3n, las herramientas manuales, las gafas de seguridad y los objetos personales como las llaves, la cartera y el tel\u00e9fono  Bolsillo especial para tablet PC y ordenadores port\u00e1tiles de hasta 12 pulgadas (30 cm) de ancho  Fabricada con poli\u00e9ster resistente de alta calidad y con una base de pl\u00e1stico  Cubiertas moldeadas de goma EVA en la secci\u00f3n delantera y superior para una mayor protecci\u00f3n  Acolchada en la parte trasera para mayor comodidad y soporte lumbar  Correa de pecho ajustable para una distribuci\u00f3n uniforme del peso y una mayor comodidad  Un a\u00f1o de garant\u00eda [:en]Dise\u00f1ada para electricistas profesionales     M\u00e1s de 30 bolsillos en 6 compartimentos principales   La resistente base inferior impermeable protege los instrumentos y mantiene la mochila en posici\u00f3n vertical para facilitar el acceso a los instrumentos.   La Fluke Pack30 incorpora pinzas, soportes y correas en su parte exterior para guardar los instrumentos utilizados con frecuencia, como rollos de cinta aislante, cintas m\u00e9tricas o detectores de tensi\u00f3n.   Almacena, organiza y protege el equipo de comprobaci\u00f3n, las herramientas manuales, las gafas de seguridad y los objetos personales como las llaves, la cartera y el tel\u00e9fono   Bolsillo especial para tablet PC y ordenadores port\u00e1tiles de hasta 12 pulgadas (30 cm) de ancho   Fabricada con poli\u00e9ster resistente de alta calidad y con una base de pl\u00e1stico   Cubiertas moldeadas de goma EVA en la secci\u00f3n delantera y superior para una mayor protecci\u00f3n   Acolchada en la parte trasera para mayor comodidad y soporte lumbar   Correa de pecho ajustable para una distribuci\u00f3n uniforme del peso y una mayor comodidad   Un a\u00f1o de garant\u00eda  [:]\" \/>\n<meta property=\"og:url\" content=\"https:\/\/techmasterdemexico.com\/producto\/mochila-para-instrumentos-fluke-pack30-professional\/\" \/>\n<meta property=\"og:site_name\" content=\"Techmaster de Mexico\" \/>\n<meta property=\"article:modified_time\" content=\"2025-11-12T23:59:37+00:00\" \/>\n<meta property=\"og:image\" content=\"https:\/\/techmasterdemexico.com\/wp-content\/uploads\/Fluke-Pack30.png\" \/>\n\t<meta property=\"og:image:width\" content=\"854\" \/>\n\t<meta property=\"og:image:height\" content=\"854\" \/>\n\t<meta property=\"og:image:type\" content=\"image\/png\" \/>\n<meta name=\"twitter:card\" content=\"summary_large_image\" \/>\n<meta name=\"twitter:label1\" content=\"Est. reading time\" \/>\n\t<meta name=\"twitter:data1\" content=\"2 minutes\" \/>\n<script type=\"application\/ld+json\" class=\"yoast-schema-graph\">{\"@context\":\"https:\\\/\\\/schema.org\",\"@graph\":[{\"@type\":\"WebPage\",\"@id\":\"https:\\\/\\\/techmasterdemexico.com\\\/producto\\\/mochila-para-instrumentos-fluke-pack30-professional\\\/\",\"url\":\"https:\\\/\\\/techmasterdemexico.com\\\/producto\\\/mochila-para-instrumentos-fluke-pack30-professional\\\/\",\"name\":\"Mochila para instrumentos Fluke Pack30 Professional - Techmaster de Mexico\",\"isPartOf\":{\"@id\":\"https:\\\/\\\/techmasterdemexico.com\\\/#website\"},\"primaryImageOfPage\":{\"@id\":\"https:\\\/\\\/techmasterdemexico.com\\\/producto\\\/mochila-para-instrumentos-fluke-pack30-professional\\\/#primaryimage\"},\"image\":{\"@id\":\"https:\\\/\\\/techmasterdemexico.com\\\/producto\\\/mochila-para-instrumentos-fluke-pack30-professional\\\/#primaryimage\"},\"thumbnailUrl\":\"https:\\\/\\\/techmasterdemexico.com\\\/wp-content\\\/uploads\\\/Fluke-Pack30.png\",\"datePublished\":\"2021-08-19T12:59:02+00:00\",\"dateModified\":\"2025-11-12T23:59:37+00:00\",\"breadcrumb\":{\"@id\":\"https:\\\/\\\/techmasterdemexico.com\\\/producto\\\/mochila-para-instrumentos-fluke-pack30-professional\\\/#breadcrumb\"},\"inLanguage\":\"en-US\",\"potentialAction\":[{\"@type\":\"ReadAction\",\"target\":[\"https:\\\/\\\/techmasterdemexico.com\\\/producto\\\/mochila-para-instrumentos-fluke-pack30-professional\\\/\"]}]},{\"@type\":\"ImageObject\",\"inLanguage\":\"en-US\",\"@id\":\"https:\\\/\\\/techmasterdemexico.com\\\/producto\\\/mochila-para-instrumentos-fluke-pack30-professional\\\/#primaryimage\",\"url\":\"https:\\\/\\\/techmasterdemexico.com\\\/wp-content\\\/uploads\\\/Fluke-Pack30.png\",\"contentUrl\":\"https:\\\/\\\/techmasterdemexico.com\\\/wp-content\\\/uploads\\\/Fluke-Pack30.png\",\"width\":854,\"height\":854},{\"@type\":\"BreadcrumbList\",\"@id\":\"https:\\\/\\\/techmasterdemexico.com\\\/producto\\\/mochila-para-instrumentos-fluke-pack30-professional\\\/#breadcrumb\",\"itemListElement\":[{\"@type\":\"ListItem\",\"position\":1,\"name\":\"Portada\",\"item\":\"https:\\\/\\\/techmasterdemexico.com\\\/\"},{\"@type\":\"ListItem\",\"position\":2,\"name\":\"Mochila para instrumentos Fluke Pack30 Professional\"}]},{\"@type\":\"WebSite\",\"@id\":\"https:\\\/\\\/techmasterdemexico.com\\\/#website\",\"url\":\"https:\\\/\\\/techmasterdemexico.com\\\/\",\"name\":\"Techmaster de Mexico\",\"description\":\"\",\"potentialAction\":[{\"@type\":\"SearchAction\",\"target\":{\"@type\":\"EntryPoint\",\"urlTemplate\":\"https:\\\/\\\/techmasterdemexico.com\\\/?s={search_term_string}\"},\"query-input\":{\"@type\":\"PropertyValueSpecification\",\"valueRequired\":true,\"valueName\":\"search_term_string\"}}],\"inLanguage\":\"en-US\"}]}<\/script>\n<!-- \/ Yoast SEO plugin. -->","yoast_head_json":{"title":"Mochila para instrumentos Fluke Pack30 Professional - Techmaster de Mexico","robots":{"index":"index","follow":"follow","max-snippet":"max-snippet:-1","max-image-preview":"max-image-preview:large","max-video-preview":"max-video-preview:-1"},"canonical":"https:\/\/techmasterdemexico.com\/producto\/mochila-para-instrumentos-fluke-pack30-professional\/","og_locale":"en_US","og_type":"article","og_title":"Mochila para instrumentos Fluke Pack30 Professional - Techmaster de Mexico","og_description":"[:es]Dise\u00f1ada para electricistas profesionales   M\u00e1s de 30 bolsillos en 6 compartimentos principales  La resistente base inferior impermeable protege los instrumentos y mantiene la mochila en posici\u00f3n vertical para facilitar el acceso a los instrumentos.  La Fluke Pack30 incorpora pinzas, soportes y correas en su parte exterior para guardar los instrumentos utilizados con frecuencia, como rollos de cinta aislante, cintas m\u00e9tricas o detectores de tensi\u00f3n.  Almacena, organiza y protege el equipo de comprobaci\u00f3n, las herramientas manuales, las gafas de seguridad y los objetos personales como las llaves, la cartera y el tel\u00e9fono  Bolsillo especial para tablet PC y ordenadores port\u00e1tiles de hasta 12 pulgadas (30 cm) de ancho  Fabricada con poli\u00e9ster resistente de alta calidad y con una base de pl\u00e1stico  Cubiertas moldeadas de goma EVA en la secci\u00f3n delantera y superior para una mayor protecci\u00f3n  Acolchada en la parte trasera para mayor comodidad y soporte lumbar  Correa de pecho ajustable para una distribuci\u00f3n uniforme del peso y una mayor comodidad  Un a\u00f1o de garant\u00eda [:en]Dise\u00f1ada para electricistas profesionales     M\u00e1s de 30 bolsillos en 6 compartimentos principales   La resistente base inferior impermeable protege los instrumentos y mantiene la mochila en posici\u00f3n vertical para facilitar el acceso a los instrumentos.   La Fluke Pack30 incorpora pinzas, soportes y correas en su parte exterior para guardar los instrumentos utilizados con frecuencia, como rollos de cinta aislante, cintas m\u00e9tricas o detectores de tensi\u00f3n.   Almacena, organiza y protege el equipo de comprobaci\u00f3n, las herramientas manuales, las gafas de seguridad y los objetos personales como las llaves, la cartera y el tel\u00e9fono   Bolsillo especial para tablet PC y ordenadores port\u00e1tiles de hasta 12 pulgadas (30 cm) de ancho   Fabricada con poli\u00e9ster resistente de alta calidad y con una base de pl\u00e1stico   Cubiertas moldeadas de goma EVA en la secci\u00f3n delantera y superior para una mayor protecci\u00f3n   Acolchada en la parte trasera para mayor comodidad y soporte lumbar   Correa de pecho ajustable para una distribuci\u00f3n uniforme del peso y una mayor comodidad   Un a\u00f1o de garant\u00eda  [:]","og_url":"https:\/\/techmasterdemexico.com\/producto\/mochila-para-instrumentos-fluke-pack30-professional\/","og_site_name":"Techmaster de Mexico","article_modified_time":"2025-11-12T23:59:37+00:00","og_image":[{"width":854,"height":854,"url":"https:\/\/techmasterdemexico.com\/wp-content\/uploads\/Fluke-Pack30.png","type":"image\/png"}],"twitter_card":"summary_large_image","twitter_misc":{"Est. reading time":"2 minutes"},"schema":{"@context":"https:\/\/schema.org","@graph":[{"@type":"WebPage","@id":"https:\/\/techmasterdemexico.com\/producto\/mochila-para-instrumentos-fluke-pack30-professional\/","url":"https:\/\/techmasterdemexico.com\/producto\/mochila-para-instrumentos-fluke-pack30-professional\/","name":"Mochila para instrumentos Fluke Pack30 Professional - Techmaster de Mexico","isPartOf":{"@id":"https:\/\/techmasterdemexico.com\/#website"},"primaryImageOfPage":{"@id":"https:\/\/techmasterdemexico.com\/producto\/mochila-para-instrumentos-fluke-pack30-professional\/#primaryimage"},"image":{"@id":"https:\/\/techmasterdemexico.com\/producto\/mochila-para-instrumentos-fluke-pack30-professional\/#primaryimage"},"thumbnailUrl":"https:\/\/techmasterdemexico.com\/wp-content\/uploads\/Fluke-Pack30.png","datePublished":"2021-08-19T12:59:02+00:00","dateModified":"2025-11-12T23:59:37+00:00","breadcrumb":{"@id":"https:\/\/techmasterdemexico.com\/producto\/mochila-para-instrumentos-fluke-pack30-professional\/#breadcrumb"},"inLanguage":"en-US","potentialAction":[{"@type":"ReadAction","target":["https:\/\/techmasterdemexico.com\/producto\/mochila-para-instrumentos-fluke-pack30-professional\/"]}]},{"@type":"ImageObject","inLanguage":"en-US","@id":"https:\/\/techmasterdemexico.com\/producto\/mochila-para-instrumentos-fluke-pack30-professional\/#primaryimage","url":"https:\/\/techmasterdemexico.com\/wp-content\/uploads\/Fluke-Pack30.png","contentUrl":"https:\/\/techmasterdemexico.com\/wp-content\/uploads\/Fluke-Pack30.png","width":854,"height":854},{"@type":"BreadcrumbList","@id":"https:\/\/techmasterdemexico.com\/producto\/mochila-para-instrumentos-fluke-pack30-professional\/#breadcrumb","itemListElement":[{"@type":"ListItem","position":1,"name":"Portada","item":"https:\/\/techmasterdemexico.com\/"},{"@type":"ListItem","position":2,"name":"Mochila para instrumentos Fluke Pack30 Professional"}]},{"@type":"WebSite","@id":"https:\/\/techmasterdemexico.com\/#website","url":"https:\/\/techmasterdemexico.com\/","name":"Techmaster de Mexico","description":"","potentialAction":[{"@type":"SearchAction","target":{"@type":"EntryPoint","urlTemplate":"https:\/\/techmasterdemexico.com\/?s={search_term_string}"},"query-input":{"@type":"PropertyValueSpecification","valueRequired":true,"valueName":"search_term_string"}}],"inLanguage":"en-US"}]}},"brands":[{"id":31,"name":"Fluke","slug":"fluke"}],"_links":{"self":[{"href":"https:\/\/techmasterdemexico.com\/en\/wp-json\/wp\/v2\/product\/8028","targetHints":{"allow":["GET"]}}],"collection":[{"href":"https:\/\/techmasterdemexico.com\/en\/wp-json\/wp\/v2\/product"}],"about":[{"href":"https:\/\/techmasterdemexico.com\/en\/wp-json\/wp\/v2\/types\/product"}],"wp:featuredmedia":[{"embeddable":true,"href":"https:\/\/techmasterdemexico.com\/en\/wp-json\/wp\/v2\/media\/20536"}],"wp:attachment":[{"href":"https:\/\/techmasterdemexico.com\/en\/wp-json\/wp\/v2\/media?parent=8028"}],"wp:term":[{"taxonomy":"pwb-brand","embeddable":true,"href":"https:\/\/techmasterdemexico.com\/en\/wp-json\/wp\/v2\/pwb-brand?post=8028"},{"taxonomy":"product_brand","embeddable":true,"href":"https:\/\/techmasterdemexico.com\/en\/wp-json\/wp\/v2\/product_brand?post=8028"},{"taxonomy":"product_cat","embeddable":true,"href":"https:\/\/techmasterdemexico.com\/en\/wp-json\/wp\/v2\/product_cat?post=8028"},{"taxonomy":"product_tag","embeddable":true,"href":"https:\/\/techmasterdemexico.com\/en\/wp-json\/wp\/v2\/product_tag?post=8028"}],"curies":[{"name":"wp","href":"https:\/\/api.w.org\/{rel}","templated":true}]}}