{"id":8023,"date":"2021-08-19T05:58:59","date_gmt":"2021-08-19T12:58:59","guid":{"rendered":"http:\/\/techmastermx.ddns.net\/producto\/correa-con-iman-para-medidor-fluke-toolpak-tpak\/"},"modified":"2026-03-10T11:26:20","modified_gmt":"2026-03-10T18:26:20","slug":"correa-con-iman-para-medidor-fluke-toolpak-tpak","status":"publish","type":"product","link":"https:\/\/techmasterdemexico.com\/en\/producto\/correa-con-iman-para-medidor-fluke-toolpak-tpak\/","title":{"rendered":"Correa con im\u00e1n para medidor Fluke ToolPak\u2122 TPAK"},"content":{"rendered":"<p>Correa con im\u00e1n para medidor Fluke ToolPak\u2122 TPAK<\/p>\n<p>La correa con im\u00e1n para el medidor Fluke ToolPak\u2122 TPAK le permite colgar su medidor en clavos, ganchos u otros objetos para que pueda realizar mediciones con las manos libres. El kit incluye una potente correa con im\u00e1n, una correa de velcro de 23 cm, un colgador con forma de gancho y un colgador general. Resuelve cualquier problema al que se enfrenta a la hora colgar o colocar el medidor. Se conecta a la mayor\u00eda de medidores Fluke.<\/p>\n<p>&nbsp;<\/p>\n","protected":false},"excerpt":{"rendered":"<ul>\n<li>Resuelve pr\u00e1cticamente cualquier problema al que se pueda enfrentar al colgar o colocar el medidor<\/li>\n<li>Con el colgador universal puede colgar su medidor en clavos, ganchos u otros objetos<\/li>\n<li>Compatible con la mayor\u00eda de los instrumentos Fluke<\/li>\n<li>Un a\u00f1o de garant\u00eda<\/li>\n<\/ul>\n","protected":false},"featured_media":9231,"template":"","meta":{"_acf_changed":false},"pwb-brand":[31],"product_brand":[],"product_cat":[366,118,123,30],"product_tag":[],"class_list":{"0":"post-8023","1":"product","2":"type-product","3":"status-publish","4":"has-post-thumbnail","6":"pwb-brand-fluke","7":"product_cat-todos-los-productos","8":"product_cat-accesorios-fluke","9":"product_cat-colgadores-magneticos","10":"product_cat-fluke","12":"first","13":"instock","14":"taxable","15":"shipping-taxable","16":"product-type-simple"},"acf":[],"yoast_head":"<!-- This site is optimized with the Yoast SEO plugin v27.4 - https:\/\/yoast.com\/product\/yoast-seo-wordpress\/ -->\n<title>Correa con im\u00e1n para medidor Fluke ToolPak\u2122 TPAK - Techmaster de Mexico<\/title>\n<meta name=\"robots\" content=\"index, follow, max-snippet:-1, max-image-preview:large, max-video-preview:-1\" \/>\n<link rel=\"canonical\" href=\"https:\/\/techmasterdemexico.com\/producto\/correa-con-iman-para-medidor-fluke-toolpak-tpak\/\" \/>\n<meta property=\"og:locale\" content=\"en_US\" \/>\n<meta property=\"og:type\" content=\"article\" \/>\n<meta property=\"og:title\" content=\"Correa con im\u00e1n para medidor Fluke ToolPak\u2122 TPAK - Techmaster de Mexico\" \/>\n<meta property=\"og:description\" content=\"Resuelve pr\u00e1cticamente cualquier problema al que se pueda enfrentar al colgar o colocar el medidor    Con el colgador universal puede colgar su medidor en clavos, ganchos u otros objetos    Compatible con la mayor\u00eda de los instrumentos Fluke    Un a\u00f1o de garant\u00eda\" \/>\n<meta property=\"og:url\" content=\"https:\/\/techmasterdemexico.com\/producto\/correa-con-iman-para-medidor-fluke-toolpak-tpak\/\" \/>\n<meta property=\"og:site_name\" content=\"Techmaster de Mexico\" \/>\n<meta property=\"article:modified_time\" content=\"2026-03-10T18:26:20+00:00\" \/>\n<meta property=\"og:image\" content=\"https:\/\/techmasterdemexico.com\/wp-content\/uploads\/2021\/08\/1-84.jpg\" \/>\n\t<meta property=\"og:image:width\" content=\"1000\" \/>\n\t<meta property=\"og:image:height\" content=\"1000\" \/>\n\t<meta property=\"og:image:type\" content=\"image\/jpeg\" \/>\n<meta name=\"twitter:card\" content=\"summary_large_image\" \/>\n<meta name=\"twitter:label1\" content=\"Est. reading time\" \/>\n\t<meta name=\"twitter:data1\" content=\"1 minute\" \/>\n<script type=\"application\/ld+json\" class=\"yoast-schema-graph\">{\"@context\":\"https:\\\/\\\/schema.org\",\"@graph\":[{\"@type\":\"WebPage\",\"@id\":\"https:\\\/\\\/techmasterdemexico.com\\\/producto\\\/correa-con-iman-para-medidor-fluke-toolpak-tpak\\\/\",\"url\":\"https:\\\/\\\/techmasterdemexico.com\\\/producto\\\/correa-con-iman-para-medidor-fluke-toolpak-tpak\\\/\",\"name\":\"Correa con im\u00e1n para medidor Fluke ToolPak\u2122 TPAK - Techmaster de Mexico\",\"isPartOf\":{\"@id\":\"https:\\\/\\\/techmasterdemexico.com\\\/#website\"},\"primaryImageOfPage\":{\"@id\":\"https:\\\/\\\/techmasterdemexico.com\\\/producto\\\/correa-con-iman-para-medidor-fluke-toolpak-tpak\\\/#primaryimage\"},\"image\":{\"@id\":\"https:\\\/\\\/techmasterdemexico.com\\\/producto\\\/correa-con-iman-para-medidor-fluke-toolpak-tpak\\\/#primaryimage\"},\"thumbnailUrl\":\"https:\\\/\\\/techmasterdemexico.com\\\/wp-content\\\/uploads\\\/2021\\\/08\\\/1-84.jpg\",\"datePublished\":\"2021-08-19T12:58:59+00:00\",\"dateModified\":\"2026-03-10T18:26:20+00:00\",\"breadcrumb\":{\"@id\":\"https:\\\/\\\/techmasterdemexico.com\\\/producto\\\/correa-con-iman-para-medidor-fluke-toolpak-tpak\\\/#breadcrumb\"},\"inLanguage\":\"en-US\",\"potentialAction\":[{\"@type\":\"ReadAction\",\"target\":[\"https:\\\/\\\/techmasterdemexico.com\\\/producto\\\/correa-con-iman-para-medidor-fluke-toolpak-tpak\\\/\"]}]},{\"@type\":\"ImageObject\",\"inLanguage\":\"en-US\",\"@id\":\"https:\\\/\\\/techmasterdemexico.com\\\/producto\\\/correa-con-iman-para-medidor-fluke-toolpak-tpak\\\/#primaryimage\",\"url\":\"https:\\\/\\\/techmasterdemexico.com\\\/wp-content\\\/uploads\\\/2021\\\/08\\\/1-84.jpg\",\"contentUrl\":\"https:\\\/\\\/techmasterdemexico.com\\\/wp-content\\\/uploads\\\/2021\\\/08\\\/1-84.jpg\",\"width\":1000,\"height\":1000},{\"@type\":\"BreadcrumbList\",\"@id\":\"https:\\\/\\\/techmasterdemexico.com\\\/producto\\\/correa-con-iman-para-medidor-fluke-toolpak-tpak\\\/#breadcrumb\",\"itemListElement\":[{\"@type\":\"ListItem\",\"position\":1,\"name\":\"Portada\",\"item\":\"https:\\\/\\\/techmasterdemexico.com\\\/\"},{\"@type\":\"ListItem\",\"position\":2,\"name\":\"Correa con im\u00e1n para medidor Fluke ToolPak\u2122 TPAK\"}]},{\"@type\":\"WebSite\",\"@id\":\"https:\\\/\\\/techmasterdemexico.com\\\/#website\",\"url\":\"https:\\\/\\\/techmasterdemexico.com\\\/\",\"name\":\"Techmaster de Mexico\",\"description\":\"\",\"potentialAction\":[{\"@type\":\"SearchAction\",\"target\":{\"@type\":\"EntryPoint\",\"urlTemplate\":\"https:\\\/\\\/techmasterdemexico.com\\\/?s={search_term_string}\"},\"query-input\":{\"@type\":\"PropertyValueSpecification\",\"valueRequired\":true,\"valueName\":\"search_term_string\"}}],\"inLanguage\":\"en-US\"}]}<\/script>\n<!-- \/ Yoast SEO plugin. -->","yoast_head_json":{"title":"Correa con im\u00e1n para medidor Fluke ToolPak\u2122 TPAK - Techmaster de Mexico","robots":{"index":"index","follow":"follow","max-snippet":"max-snippet:-1","max-image-preview":"max-image-preview:large","max-video-preview":"max-video-preview:-1"},"canonical":"https:\/\/techmasterdemexico.com\/producto\/correa-con-iman-para-medidor-fluke-toolpak-tpak\/","og_locale":"en_US","og_type":"article","og_title":"Correa con im\u00e1n para medidor Fluke ToolPak\u2122 TPAK - Techmaster de Mexico","og_description":"Resuelve pr\u00e1cticamente cualquier problema al que se pueda enfrentar al colgar o colocar el medidor    Con el colgador universal puede colgar su medidor en clavos, ganchos u otros objetos    Compatible con la mayor\u00eda de los instrumentos Fluke    Un a\u00f1o de garant\u00eda","og_url":"https:\/\/techmasterdemexico.com\/producto\/correa-con-iman-para-medidor-fluke-toolpak-tpak\/","og_site_name":"Techmaster de Mexico","article_modified_time":"2026-03-10T18:26:20+00:00","og_image":[{"width":1000,"height":1000,"url":"https:\/\/techmasterdemexico.com\/wp-content\/uploads\/2021\/08\/1-84.jpg","type":"image\/jpeg"}],"twitter_card":"summary_large_image","twitter_misc":{"Est. reading time":"1 minute"},"schema":{"@context":"https:\/\/schema.org","@graph":[{"@type":"WebPage","@id":"https:\/\/techmasterdemexico.com\/producto\/correa-con-iman-para-medidor-fluke-toolpak-tpak\/","url":"https:\/\/techmasterdemexico.com\/producto\/correa-con-iman-para-medidor-fluke-toolpak-tpak\/","name":"Correa con im\u00e1n para medidor Fluke ToolPak\u2122 TPAK - Techmaster de Mexico","isPartOf":{"@id":"https:\/\/techmasterdemexico.com\/#website"},"primaryImageOfPage":{"@id":"https:\/\/techmasterdemexico.com\/producto\/correa-con-iman-para-medidor-fluke-toolpak-tpak\/#primaryimage"},"image":{"@id":"https:\/\/techmasterdemexico.com\/producto\/correa-con-iman-para-medidor-fluke-toolpak-tpak\/#primaryimage"},"thumbnailUrl":"https:\/\/techmasterdemexico.com\/wp-content\/uploads\/2021\/08\/1-84.jpg","datePublished":"2021-08-19T12:58:59+00:00","dateModified":"2026-03-10T18:26:20+00:00","breadcrumb":{"@id":"https:\/\/techmasterdemexico.com\/producto\/correa-con-iman-para-medidor-fluke-toolpak-tpak\/#breadcrumb"},"inLanguage":"en-US","potentialAction":[{"@type":"ReadAction","target":["https:\/\/techmasterdemexico.com\/producto\/correa-con-iman-para-medidor-fluke-toolpak-tpak\/"]}]},{"@type":"ImageObject","inLanguage":"en-US","@id":"https:\/\/techmasterdemexico.com\/producto\/correa-con-iman-para-medidor-fluke-toolpak-tpak\/#primaryimage","url":"https:\/\/techmasterdemexico.com\/wp-content\/uploads\/2021\/08\/1-84.jpg","contentUrl":"https:\/\/techmasterdemexico.com\/wp-content\/uploads\/2021\/08\/1-84.jpg","width":1000,"height":1000},{"@type":"BreadcrumbList","@id":"https:\/\/techmasterdemexico.com\/producto\/correa-con-iman-para-medidor-fluke-toolpak-tpak\/#breadcrumb","itemListElement":[{"@type":"ListItem","position":1,"name":"Portada","item":"https:\/\/techmasterdemexico.com\/"},{"@type":"ListItem","position":2,"name":"Correa con im\u00e1n para medidor Fluke ToolPak\u2122 TPAK"}]},{"@type":"WebSite","@id":"https:\/\/techmasterdemexico.com\/#website","url":"https:\/\/techmasterdemexico.com\/","name":"Techmaster de Mexico","description":"","potentialAction":[{"@type":"SearchAction","target":{"@type":"EntryPoint","urlTemplate":"https:\/\/techmasterdemexico.com\/?s={search_term_string}"},"query-input":{"@type":"PropertyValueSpecification","valueRequired":true,"valueName":"search_term_string"}}],"inLanguage":"en-US"}]}},"brands":[{"id":31,"name":"Fluke","slug":"fluke"}],"_links":{"self":[{"href":"https:\/\/techmasterdemexico.com\/en\/wp-json\/wp\/v2\/product\/8023","targetHints":{"allow":["GET"]}}],"collection":[{"href":"https:\/\/techmasterdemexico.com\/en\/wp-json\/wp\/v2\/product"}],"about":[{"href":"https:\/\/techmasterdemexico.com\/en\/wp-json\/wp\/v2\/types\/product"}],"wp:featuredmedia":[{"embeddable":true,"href":"https:\/\/techmasterdemexico.com\/en\/wp-json\/wp\/v2\/media\/9231"}],"wp:attachment":[{"href":"https:\/\/techmasterdemexico.com\/en\/wp-json\/wp\/v2\/media?parent=8023"}],"wp:term":[{"taxonomy":"pwb-brand","embeddable":true,"href":"https:\/\/techmasterdemexico.com\/en\/wp-json\/wp\/v2\/pwb-brand?post=8023"},{"taxonomy":"product_brand","embeddable":true,"href":"https:\/\/techmasterdemexico.com\/en\/wp-json\/wp\/v2\/product_brand?post=8023"},{"taxonomy":"product_cat","embeddable":true,"href":"https:\/\/techmasterdemexico.com\/en\/wp-json\/wp\/v2\/product_cat?post=8023"},{"taxonomy":"product_tag","embeddable":true,"href":"https:\/\/techmasterdemexico.com\/en\/wp-json\/wp\/v2\/product_tag?post=8023"}],"curies":[{"name":"wp","href":"https:\/\/api.w.org\/{rel}","templated":true}]}}