{"id":8021,"date":"2021-08-19T05:58:58","date_gmt":"2021-08-19T05:58:58","guid":{"rendered":"http:\/\/techmastermx.ddns.net\/producto\/sondas-de-comprobacion-industriales-fluke-tp220-suregrip\/"},"modified":"2021-12-28T22:09:15","modified_gmt":"2021-12-28T22:09:15","slug":"sondas-de-comprobacion-industriales-fluke-tp220-suregrip","status":"publish","type":"product","link":"https:\/\/techmasterdemexico.com\/en\/producto\/sondas-de-comprobacion-industriales-fluke-tp220-suregrip\/","title":{"rendered":"Sondas de comprobaci\u00f3n industriales Fluke TP220 SureGrip\u2122"},"content":{"rendered":"<p>Los accesorios SureGrip\u2122 est\u00e1n dise\u00f1ados para mejorar el agarre. Superficies de goma sobremoldeadas y dise\u00f1o ergon\u00f3mico para proporcionar al usuario un agarre al accesorio c\u00f3modo y fiable para poder centrarse en efectuar una medida exacta.<\/p>\n","protected":false},"excerpt":{"rendered":"<ul>\n<li>Un par (rojo, negro) de sondas de prueba industriales<\/li>\n<li>Punta afilada de acero inoxidable de 12 mm que proporciona un contacto eficaz<\/li>\n<li>Protecci\u00f3n flexible para los dedos que facilitan su agarre<\/li>\n<li>Recomendado para el uso con cables de prueba TL222 y TL224<\/li>\n<li>Categor\u00eda de seguridad CAT II 1000 V, 10 A<\/li>\n<li>Un a\u00f1o de garant\u00eda<\/li>\n<\/ul>\n","protected":false},"featured_media":9172,"template":"","meta":{"_acf_changed":false},"pwb-brand":[31],"product_brand":[],"product_cat":[366,118,122,30],"product_tag":[],"class_list":{"0":"post-8021","1":"product","2":"type-product","3":"status-publish","4":"has-post-thumbnail","6":"pwb-brand-fluke","7":"product_cat-todos-los-productos","8":"product_cat-accesorios-fluke","9":"product_cat-cables-sondas-y-puntas-de-prueba","10":"product_cat-fluke","12":"first","13":"instock","14":"taxable","15":"shipping-taxable","16":"product-type-simple"},"acf":[],"yoast_head":"<!-- This site is optimized with the Yoast SEO plugin v27.4 - https:\/\/yoast.com\/product\/yoast-seo-wordpress\/ -->\n<title>Sondas de comprobaci\u00f3n industriales Fluke TP220 SureGrip\u2122 - Techmaster de Mexico<\/title>\n<meta name=\"robots\" content=\"index, follow, max-snippet:-1, max-image-preview:large, max-video-preview:-1\" \/>\n<link rel=\"canonical\" href=\"https:\/\/techmasterdemexico.com\/producto\/sondas-de-comprobacion-industriales-fluke-tp220-suregrip\/\" \/>\n<meta property=\"og:locale\" content=\"en_US\" \/>\n<meta property=\"og:type\" content=\"article\" \/>\n<meta property=\"og:title\" content=\"Sondas de comprobaci\u00f3n industriales Fluke TP220 SureGrip\u2122 - Techmaster de Mexico\" \/>\n<meta property=\"og:description\" content=\"Un par (rojo, negro) de sondas de prueba industriales   Punta afilada de acero inoxidable de 12 mm que proporciona un contacto eficaz   Protecci\u00f3n flexible para los dedos que facilitan su agarre   Recomendado para el uso con cables de prueba TL222 y TL224   Categor\u00eda de seguridad CAT II 1000 V, 10 A   Un a\u00f1o de garant\u00eda\" \/>\n<meta property=\"og:url\" content=\"https:\/\/techmasterdemexico.com\/producto\/sondas-de-comprobacion-industriales-fluke-tp220-suregrip\/\" \/>\n<meta property=\"og:site_name\" content=\"Techmaster de Mexico\" \/>\n<meta property=\"article:modified_time\" content=\"2021-12-28T22:09:15+00:00\" \/>\n<meta property=\"og:image\" content=\"https:\/\/techmasterdemexico.com\/wp-content\/uploads\/2021\/08\/f-tp220_01b_h-1500x1000-1.png\" \/>\n\t<meta property=\"og:image:width\" content=\"410\" \/>\n\t<meta property=\"og:image:height\" content=\"410\" \/>\n\t<meta property=\"og:image:type\" content=\"image\/png\" \/>\n<meta name=\"twitter:card\" content=\"summary_large_image\" \/>\n<script type=\"application\/ld+json\" class=\"yoast-schema-graph\">{\"@context\":\"https:\\\/\\\/schema.org\",\"@graph\":[{\"@type\":\"WebPage\",\"@id\":\"https:\\\/\\\/techmasterdemexico.com\\\/producto\\\/sondas-de-comprobacion-industriales-fluke-tp220-suregrip\\\/\",\"url\":\"https:\\\/\\\/techmasterdemexico.com\\\/producto\\\/sondas-de-comprobacion-industriales-fluke-tp220-suregrip\\\/\",\"name\":\"Sondas de comprobaci\u00f3n industriales Fluke TP220 SureGrip\u2122 - Techmaster de Mexico\",\"isPartOf\":{\"@id\":\"https:\\\/\\\/techmasterdemexico.com\\\/#website\"},\"primaryImageOfPage\":{\"@id\":\"https:\\\/\\\/techmasterdemexico.com\\\/producto\\\/sondas-de-comprobacion-industriales-fluke-tp220-suregrip\\\/#primaryimage\"},\"image\":{\"@id\":\"https:\\\/\\\/techmasterdemexico.com\\\/producto\\\/sondas-de-comprobacion-industriales-fluke-tp220-suregrip\\\/#primaryimage\"},\"thumbnailUrl\":\"https:\\\/\\\/techmasterdemexico.com\\\/wp-content\\\/uploads\\\/2021\\\/08\\\/f-tp220_01b_h-1500x1000-1.png\",\"datePublished\":\"2021-08-19T05:58:58+00:00\",\"dateModified\":\"2021-12-28T22:09:15+00:00\",\"breadcrumb\":{\"@id\":\"https:\\\/\\\/techmasterdemexico.com\\\/producto\\\/sondas-de-comprobacion-industriales-fluke-tp220-suregrip\\\/#breadcrumb\"},\"inLanguage\":\"en-US\",\"potentialAction\":[{\"@type\":\"ReadAction\",\"target\":[\"https:\\\/\\\/techmasterdemexico.com\\\/producto\\\/sondas-de-comprobacion-industriales-fluke-tp220-suregrip\\\/\"]}]},{\"@type\":\"ImageObject\",\"inLanguage\":\"en-US\",\"@id\":\"https:\\\/\\\/techmasterdemexico.com\\\/producto\\\/sondas-de-comprobacion-industriales-fluke-tp220-suregrip\\\/#primaryimage\",\"url\":\"https:\\\/\\\/techmasterdemexico.com\\\/wp-content\\\/uploads\\\/2021\\\/08\\\/f-tp220_01b_h-1500x1000-1.png\",\"contentUrl\":\"https:\\\/\\\/techmasterdemexico.com\\\/wp-content\\\/uploads\\\/2021\\\/08\\\/f-tp220_01b_h-1500x1000-1.png\",\"width\":410,\"height\":410},{\"@type\":\"BreadcrumbList\",\"@id\":\"https:\\\/\\\/techmasterdemexico.com\\\/producto\\\/sondas-de-comprobacion-industriales-fluke-tp220-suregrip\\\/#breadcrumb\",\"itemListElement\":[{\"@type\":\"ListItem\",\"position\":1,\"name\":\"Portada\",\"item\":\"https:\\\/\\\/techmasterdemexico.com\\\/\"},{\"@type\":\"ListItem\",\"position\":2,\"name\":\"Sondas de comprobaci\u00f3n industriales Fluke TP220 SureGrip\u2122\"}]},{\"@type\":\"WebSite\",\"@id\":\"https:\\\/\\\/techmasterdemexico.com\\\/#website\",\"url\":\"https:\\\/\\\/techmasterdemexico.com\\\/\",\"name\":\"Techmaster de Mexico\",\"description\":\"\",\"potentialAction\":[{\"@type\":\"SearchAction\",\"target\":{\"@type\":\"EntryPoint\",\"urlTemplate\":\"https:\\\/\\\/techmasterdemexico.com\\\/?s={search_term_string}\"},\"query-input\":{\"@type\":\"PropertyValueSpecification\",\"valueRequired\":true,\"valueName\":\"search_term_string\"}}],\"inLanguage\":\"en-US\"}]}<\/script>\n<!-- \/ Yoast SEO plugin. -->","yoast_head_json":{"title":"Sondas de comprobaci\u00f3n industriales Fluke TP220 SureGrip\u2122 - Techmaster de Mexico","robots":{"index":"index","follow":"follow","max-snippet":"max-snippet:-1","max-image-preview":"max-image-preview:large","max-video-preview":"max-video-preview:-1"},"canonical":"https:\/\/techmasterdemexico.com\/producto\/sondas-de-comprobacion-industriales-fluke-tp220-suregrip\/","og_locale":"en_US","og_type":"article","og_title":"Sondas de comprobaci\u00f3n industriales Fluke TP220 SureGrip\u2122 - Techmaster de Mexico","og_description":"Un par (rojo, negro) de sondas de prueba industriales   Punta afilada de acero inoxidable de 12 mm que proporciona un contacto eficaz   Protecci\u00f3n flexible para los dedos que facilitan su agarre   Recomendado para el uso con cables de prueba TL222 y TL224   Categor\u00eda de seguridad CAT II 1000 V, 10 A   Un a\u00f1o de garant\u00eda","og_url":"https:\/\/techmasterdemexico.com\/producto\/sondas-de-comprobacion-industriales-fluke-tp220-suregrip\/","og_site_name":"Techmaster de Mexico","article_modified_time":"2021-12-28T22:09:15+00:00","og_image":[{"width":410,"height":410,"url":"https:\/\/techmasterdemexico.com\/wp-content\/uploads\/2021\/08\/f-tp220_01b_h-1500x1000-1.png","type":"image\/png"}],"twitter_card":"summary_large_image","schema":{"@context":"https:\/\/schema.org","@graph":[{"@type":"WebPage","@id":"https:\/\/techmasterdemexico.com\/producto\/sondas-de-comprobacion-industriales-fluke-tp220-suregrip\/","url":"https:\/\/techmasterdemexico.com\/producto\/sondas-de-comprobacion-industriales-fluke-tp220-suregrip\/","name":"Sondas de comprobaci\u00f3n industriales Fluke TP220 SureGrip\u2122 - Techmaster de Mexico","isPartOf":{"@id":"https:\/\/techmasterdemexico.com\/#website"},"primaryImageOfPage":{"@id":"https:\/\/techmasterdemexico.com\/producto\/sondas-de-comprobacion-industriales-fluke-tp220-suregrip\/#primaryimage"},"image":{"@id":"https:\/\/techmasterdemexico.com\/producto\/sondas-de-comprobacion-industriales-fluke-tp220-suregrip\/#primaryimage"},"thumbnailUrl":"https:\/\/techmasterdemexico.com\/wp-content\/uploads\/2021\/08\/f-tp220_01b_h-1500x1000-1.png","datePublished":"2021-08-19T05:58:58+00:00","dateModified":"2021-12-28T22:09:15+00:00","breadcrumb":{"@id":"https:\/\/techmasterdemexico.com\/producto\/sondas-de-comprobacion-industriales-fluke-tp220-suregrip\/#breadcrumb"},"inLanguage":"en-US","potentialAction":[{"@type":"ReadAction","target":["https:\/\/techmasterdemexico.com\/producto\/sondas-de-comprobacion-industriales-fluke-tp220-suregrip\/"]}]},{"@type":"ImageObject","inLanguage":"en-US","@id":"https:\/\/techmasterdemexico.com\/producto\/sondas-de-comprobacion-industriales-fluke-tp220-suregrip\/#primaryimage","url":"https:\/\/techmasterdemexico.com\/wp-content\/uploads\/2021\/08\/f-tp220_01b_h-1500x1000-1.png","contentUrl":"https:\/\/techmasterdemexico.com\/wp-content\/uploads\/2021\/08\/f-tp220_01b_h-1500x1000-1.png","width":410,"height":410},{"@type":"BreadcrumbList","@id":"https:\/\/techmasterdemexico.com\/producto\/sondas-de-comprobacion-industriales-fluke-tp220-suregrip\/#breadcrumb","itemListElement":[{"@type":"ListItem","position":1,"name":"Portada","item":"https:\/\/techmasterdemexico.com\/"},{"@type":"ListItem","position":2,"name":"Sondas de comprobaci\u00f3n industriales Fluke TP220 SureGrip\u2122"}]},{"@type":"WebSite","@id":"https:\/\/techmasterdemexico.com\/#website","url":"https:\/\/techmasterdemexico.com\/","name":"Techmaster de Mexico","description":"","potentialAction":[{"@type":"SearchAction","target":{"@type":"EntryPoint","urlTemplate":"https:\/\/techmasterdemexico.com\/?s={search_term_string}"},"query-input":{"@type":"PropertyValueSpecification","valueRequired":true,"valueName":"search_term_string"}}],"inLanguage":"en-US"}]}},"brands":[{"id":31,"name":"Fluke","slug":"fluke"}],"_links":{"self":[{"href":"https:\/\/techmasterdemexico.com\/en\/wp-json\/wp\/v2\/product\/8021","targetHints":{"allow":["GET"]}}],"collection":[{"href":"https:\/\/techmasterdemexico.com\/en\/wp-json\/wp\/v2\/product"}],"about":[{"href":"https:\/\/techmasterdemexico.com\/en\/wp-json\/wp\/v2\/types\/product"}],"wp:featuredmedia":[{"embeddable":true,"href":"https:\/\/techmasterdemexico.com\/en\/wp-json\/wp\/v2\/media\/9172"}],"wp:attachment":[{"href":"https:\/\/techmasterdemexico.com\/en\/wp-json\/wp\/v2\/media?parent=8021"}],"wp:term":[{"taxonomy":"pwb-brand","embeddable":true,"href":"https:\/\/techmasterdemexico.com\/en\/wp-json\/wp\/v2\/pwb-brand?post=8021"},{"taxonomy":"product_brand","embeddable":true,"href":"https:\/\/techmasterdemexico.com\/en\/wp-json\/wp\/v2\/product_brand?post=8021"},{"taxonomy":"product_cat","embeddable":true,"href":"https:\/\/techmasterdemexico.com\/en\/wp-json\/wp\/v2\/product_cat?post=8021"},{"taxonomy":"product_tag","embeddable":true,"href":"https:\/\/techmasterdemexico.com\/en\/wp-json\/wp\/v2\/product_tag?post=8021"}],"curies":[{"name":"wp","href":"https:\/\/api.w.org\/{rel}","templated":true}]}}