{"id":8013,"date":"2021-08-19T05:58:54","date_gmt":"2021-08-19T05:58:54","guid":{"rendered":"http:\/\/techmastermx.ddns.net\/producto\/juego-de-cables-de-prueba-maestra-electronicos-fluke-tlk287\/"},"modified":"2021-12-28T22:08:01","modified_gmt":"2021-12-28T22:08:01","slug":"juego-de-cables-de-prueba-maestra-electronicos-fluke-tlk287","status":"publish","type":"product","link":"https:\/\/techmasterdemexico.com\/en\/producto\/juego-de-cables-de-prueba-maestra-electronicos-fluke-tlk287\/","title":{"rendered":"Juego de cables de prueba maestra electr\u00f3nicos Fluke TLK287"},"content":{"rendered":"<p>El juego maestro de puntas de prueba para aplicaciones electr\u00f3nicas Fluke TLK287 es ideal para comprobaciones y dise\u00f1os electr\u00f3nicos. El juego incluye sondas electr\u00f3nicas de precisi\u00f3n con puntas afiladas provistas de muelles para maximizar el contacto con los puntos de comprobaci\u00f3n SMD. Las micropinzas y los cables posibilitan una correcta comprobaci\u00f3n SMD. Minipinzas de cocodrilo, pinzas y sondas para casi cualquier necesidad de las aplicaciones electr\u00f3nicas. Adem\u00e1s, incluye cables de comprobaci\u00f3n modular y combinaciones cable-sonda para una mayor versatilidad, as\u00ed como acopladores para aplicaciones de cable largo.<\/p>\n","protected":false},"excerpt":{"rendered":"<p>Precision electronic probes with multiple spring-loaded sharp tips to maximize contact with SMD test points Micro-grabbers and leads to enable fine SMD test Mini-alligator clips, grabbers, and probes for virtually every electronics need<\/p>\n","protected":false},"featured_media":9183,"template":"","meta":{"_acf_changed":false},"pwb-brand":[31],"product_brand":[],"product_cat":[366,118,122,30],"product_tag":[],"class_list":{"0":"post-8013","1":"product","2":"type-product","3":"status-publish","4":"has-post-thumbnail","6":"pwb-brand-fluke","7":"product_cat-todos-los-productos","8":"product_cat-accesorios-fluke","9":"product_cat-cables-sondas-y-puntas-de-prueba","10":"product_cat-fluke","12":"first","13":"instock","14":"taxable","15":"shipping-taxable","16":"product-type-simple"},"acf":[],"yoast_head":"<!-- This site is optimized with the Yoast SEO plugin v27.4 - https:\/\/yoast.com\/product\/yoast-seo-wordpress\/ -->\n<title>Juego de cables de prueba maestra electr\u00f3nicos Fluke TLK287 - Techmaster de Mexico<\/title>\n<meta name=\"robots\" content=\"index, follow, max-snippet:-1, max-image-preview:large, max-video-preview:-1\" \/>\n<link rel=\"canonical\" href=\"https:\/\/techmasterdemexico.com\/producto\/juego-de-cables-de-prueba-maestra-electronicos-fluke-tlk287\/\" \/>\n<meta property=\"og:locale\" content=\"en_US\" \/>\n<meta property=\"og:type\" content=\"article\" \/>\n<meta property=\"og:title\" content=\"Juego de cables de prueba maestra electr\u00f3nicos Fluke TLK287 - Techmaster de Mexico\" \/>\n<meta property=\"og:description\" content=\"Precision electronic probes with multiple spring-loaded sharp tips to maximize contact with SMD test points Micro-grabbers and leads to enable fine SMD test Mini-alligator clips, grabbers, and probes for virtually every electronics need\" \/>\n<meta property=\"og:url\" content=\"https:\/\/techmasterdemexico.com\/producto\/juego-de-cables-de-prueba-maestra-electronicos-fluke-tlk287\/\" \/>\n<meta property=\"og:site_name\" content=\"Techmaster de Mexico\" \/>\n<meta property=\"article:modified_time\" content=\"2021-12-28T22:08:01+00:00\" \/>\n<meta property=\"og:image\" content=\"https:\/\/techmasterdemexico.com\/wp-content\/uploads\/2021\/08\/f-tlk287_01d_h1500x1000.png\" \/>\n\t<meta property=\"og:image:width\" content=\"410\" \/>\n\t<meta property=\"og:image:height\" content=\"410\" \/>\n\t<meta property=\"og:image:type\" content=\"image\/png\" \/>\n<meta name=\"twitter:card\" content=\"summary_large_image\" \/>\n<script type=\"application\/ld+json\" class=\"yoast-schema-graph\">{\"@context\":\"https:\\\/\\\/schema.org\",\"@graph\":[{\"@type\":\"WebPage\",\"@id\":\"https:\\\/\\\/techmasterdemexico.com\\\/producto\\\/juego-de-cables-de-prueba-maestra-electronicos-fluke-tlk287\\\/\",\"url\":\"https:\\\/\\\/techmasterdemexico.com\\\/producto\\\/juego-de-cables-de-prueba-maestra-electronicos-fluke-tlk287\\\/\",\"name\":\"Juego de cables de prueba maestra electr\u00f3nicos Fluke TLK287 - Techmaster de Mexico\",\"isPartOf\":{\"@id\":\"https:\\\/\\\/techmasterdemexico.com\\\/#website\"},\"primaryImageOfPage\":{\"@id\":\"https:\\\/\\\/techmasterdemexico.com\\\/producto\\\/juego-de-cables-de-prueba-maestra-electronicos-fluke-tlk287\\\/#primaryimage\"},\"image\":{\"@id\":\"https:\\\/\\\/techmasterdemexico.com\\\/producto\\\/juego-de-cables-de-prueba-maestra-electronicos-fluke-tlk287\\\/#primaryimage\"},\"thumbnailUrl\":\"https:\\\/\\\/techmasterdemexico.com\\\/wp-content\\\/uploads\\\/2021\\\/08\\\/f-tlk287_01d_h1500x1000.png\",\"datePublished\":\"2021-08-19T05:58:54+00:00\",\"dateModified\":\"2021-12-28T22:08:01+00:00\",\"breadcrumb\":{\"@id\":\"https:\\\/\\\/techmasterdemexico.com\\\/producto\\\/juego-de-cables-de-prueba-maestra-electronicos-fluke-tlk287\\\/#breadcrumb\"},\"inLanguage\":\"en-US\",\"potentialAction\":[{\"@type\":\"ReadAction\",\"target\":[\"https:\\\/\\\/techmasterdemexico.com\\\/producto\\\/juego-de-cables-de-prueba-maestra-electronicos-fluke-tlk287\\\/\"]}]},{\"@type\":\"ImageObject\",\"inLanguage\":\"en-US\",\"@id\":\"https:\\\/\\\/techmasterdemexico.com\\\/producto\\\/juego-de-cables-de-prueba-maestra-electronicos-fluke-tlk287\\\/#primaryimage\",\"url\":\"https:\\\/\\\/techmasterdemexico.com\\\/wp-content\\\/uploads\\\/2021\\\/08\\\/f-tlk287_01d_h1500x1000.png\",\"contentUrl\":\"https:\\\/\\\/techmasterdemexico.com\\\/wp-content\\\/uploads\\\/2021\\\/08\\\/f-tlk287_01d_h1500x1000.png\",\"width\":410,\"height\":410},{\"@type\":\"BreadcrumbList\",\"@id\":\"https:\\\/\\\/techmasterdemexico.com\\\/producto\\\/juego-de-cables-de-prueba-maestra-electronicos-fluke-tlk287\\\/#breadcrumb\",\"itemListElement\":[{\"@type\":\"ListItem\",\"position\":1,\"name\":\"Portada\",\"item\":\"https:\\\/\\\/techmasterdemexico.com\\\/\"},{\"@type\":\"ListItem\",\"position\":2,\"name\":\"Juego de cables de prueba maestra electr\u00f3nicos Fluke TLK287\"}]},{\"@type\":\"WebSite\",\"@id\":\"https:\\\/\\\/techmasterdemexico.com\\\/#website\",\"url\":\"https:\\\/\\\/techmasterdemexico.com\\\/\",\"name\":\"Techmaster de Mexico\",\"description\":\"\",\"potentialAction\":[{\"@type\":\"SearchAction\",\"target\":{\"@type\":\"EntryPoint\",\"urlTemplate\":\"https:\\\/\\\/techmasterdemexico.com\\\/?s={search_term_string}\"},\"query-input\":{\"@type\":\"PropertyValueSpecification\",\"valueRequired\":true,\"valueName\":\"search_term_string\"}}],\"inLanguage\":\"en-US\"}]}<\/script>\n<!-- \/ Yoast SEO plugin. -->","yoast_head_json":{"title":"Juego de cables de prueba maestra electr\u00f3nicos Fluke TLK287 - Techmaster de Mexico","robots":{"index":"index","follow":"follow","max-snippet":"max-snippet:-1","max-image-preview":"max-image-preview:large","max-video-preview":"max-video-preview:-1"},"canonical":"https:\/\/techmasterdemexico.com\/producto\/juego-de-cables-de-prueba-maestra-electronicos-fluke-tlk287\/","og_locale":"en_US","og_type":"article","og_title":"Juego de cables de prueba maestra electr\u00f3nicos Fluke TLK287 - Techmaster de Mexico","og_description":"Precision electronic probes with multiple spring-loaded sharp tips to maximize contact with SMD test points Micro-grabbers and leads to enable fine SMD test Mini-alligator clips, grabbers, and probes for virtually every electronics need","og_url":"https:\/\/techmasterdemexico.com\/producto\/juego-de-cables-de-prueba-maestra-electronicos-fluke-tlk287\/","og_site_name":"Techmaster de Mexico","article_modified_time":"2021-12-28T22:08:01+00:00","og_image":[{"width":410,"height":410,"url":"https:\/\/techmasterdemexico.com\/wp-content\/uploads\/2021\/08\/f-tlk287_01d_h1500x1000.png","type":"image\/png"}],"twitter_card":"summary_large_image","schema":{"@context":"https:\/\/schema.org","@graph":[{"@type":"WebPage","@id":"https:\/\/techmasterdemexico.com\/producto\/juego-de-cables-de-prueba-maestra-electronicos-fluke-tlk287\/","url":"https:\/\/techmasterdemexico.com\/producto\/juego-de-cables-de-prueba-maestra-electronicos-fluke-tlk287\/","name":"Juego de cables de prueba maestra electr\u00f3nicos Fluke TLK287 - Techmaster de Mexico","isPartOf":{"@id":"https:\/\/techmasterdemexico.com\/#website"},"primaryImageOfPage":{"@id":"https:\/\/techmasterdemexico.com\/producto\/juego-de-cables-de-prueba-maestra-electronicos-fluke-tlk287\/#primaryimage"},"image":{"@id":"https:\/\/techmasterdemexico.com\/producto\/juego-de-cables-de-prueba-maestra-electronicos-fluke-tlk287\/#primaryimage"},"thumbnailUrl":"https:\/\/techmasterdemexico.com\/wp-content\/uploads\/2021\/08\/f-tlk287_01d_h1500x1000.png","datePublished":"2021-08-19T05:58:54+00:00","dateModified":"2021-12-28T22:08:01+00:00","breadcrumb":{"@id":"https:\/\/techmasterdemexico.com\/producto\/juego-de-cables-de-prueba-maestra-electronicos-fluke-tlk287\/#breadcrumb"},"inLanguage":"en-US","potentialAction":[{"@type":"ReadAction","target":["https:\/\/techmasterdemexico.com\/producto\/juego-de-cables-de-prueba-maestra-electronicos-fluke-tlk287\/"]}]},{"@type":"ImageObject","inLanguage":"en-US","@id":"https:\/\/techmasterdemexico.com\/producto\/juego-de-cables-de-prueba-maestra-electronicos-fluke-tlk287\/#primaryimage","url":"https:\/\/techmasterdemexico.com\/wp-content\/uploads\/2021\/08\/f-tlk287_01d_h1500x1000.png","contentUrl":"https:\/\/techmasterdemexico.com\/wp-content\/uploads\/2021\/08\/f-tlk287_01d_h1500x1000.png","width":410,"height":410},{"@type":"BreadcrumbList","@id":"https:\/\/techmasterdemexico.com\/producto\/juego-de-cables-de-prueba-maestra-electronicos-fluke-tlk287\/#breadcrumb","itemListElement":[{"@type":"ListItem","position":1,"name":"Portada","item":"https:\/\/techmasterdemexico.com\/"},{"@type":"ListItem","position":2,"name":"Juego de cables de prueba maestra electr\u00f3nicos Fluke TLK287"}]},{"@type":"WebSite","@id":"https:\/\/techmasterdemexico.com\/#website","url":"https:\/\/techmasterdemexico.com\/","name":"Techmaster de Mexico","description":"","potentialAction":[{"@type":"SearchAction","target":{"@type":"EntryPoint","urlTemplate":"https:\/\/techmasterdemexico.com\/?s={search_term_string}"},"query-input":{"@type":"PropertyValueSpecification","valueRequired":true,"valueName":"search_term_string"}}],"inLanguage":"en-US"}]}},"brands":[{"id":31,"name":"Fluke","slug":"fluke"}],"_links":{"self":[{"href":"https:\/\/techmasterdemexico.com\/en\/wp-json\/wp\/v2\/product\/8013","targetHints":{"allow":["GET"]}}],"collection":[{"href":"https:\/\/techmasterdemexico.com\/en\/wp-json\/wp\/v2\/product"}],"about":[{"href":"https:\/\/techmasterdemexico.com\/en\/wp-json\/wp\/v2\/types\/product"}],"wp:featuredmedia":[{"embeddable":true,"href":"https:\/\/techmasterdemexico.com\/en\/wp-json\/wp\/v2\/media\/9183"}],"wp:attachment":[{"href":"https:\/\/techmasterdemexico.com\/en\/wp-json\/wp\/v2\/media?parent=8013"}],"wp:term":[{"taxonomy":"pwb-brand","embeddable":true,"href":"https:\/\/techmasterdemexico.com\/en\/wp-json\/wp\/v2\/pwb-brand?post=8013"},{"taxonomy":"product_brand","embeddable":true,"href":"https:\/\/techmasterdemexico.com\/en\/wp-json\/wp\/v2\/product_brand?post=8013"},{"taxonomy":"product_cat","embeddable":true,"href":"https:\/\/techmasterdemexico.com\/en\/wp-json\/wp\/v2\/product_cat?post=8013"},{"taxonomy":"product_tag","embeddable":true,"href":"https:\/\/techmasterdemexico.com\/en\/wp-json\/wp\/v2\/product_tag?post=8013"}],"curies":[{"name":"wp","href":"https:\/\/api.w.org\/{rel}","templated":true}]}}