{"id":8012,"date":"2021-08-19T05:58:54","date_gmt":"2021-08-19T05:58:54","guid":{"rendered":"http:\/\/techmastermx.ddns.net\/producto\/sonda-de-prueba-para-analizador-de-bateria-interactivo-fluke-btl20\/"},"modified":"2021-12-28T22:08:00","modified_gmt":"2021-12-28T22:08:00","slug":"sonda-de-prueba-para-analizador-de-bateria-interactivo-fluke-btl20","status":"publish","type":"product","link":"https:\/\/techmasterdemexico.com\/en\/producto\/sonda-de-prueba-para-analizador-de-bateria-interactivo-fluke-btl20\/","title":{"rendered":"Sonda de prueba para analizador de bater\u00eda interactivo Fluke BTL20"},"content":{"rendered":"<p>Juego de sondas de prueba inteligente para el analizador de bater\u00edas Fluke BT520 (funci\u00f3n de medida de temperatura no incluida). El BTL20 tiene una pantalla LCD incorporada, un LED de tres luces que brinda indicaciones de pasa\/no pasa y advertencia, un contador de voz para identificar la bater\u00eda y un bot\u00f3n de guardado integrado. Viene con extensores largos y cortos para usarlos en armarios de bater\u00edas que son dif\u00edciles de alcanzar.<\/p>\n","protected":false},"excerpt":{"rendered":"<p>Juego de sondas de prueba inteligente para el analizador de bater\u00edas Fluke BT520 (funci\u00f3n de medida de temperatura no incluida). El BTL20 tiene una pantalla LCD incorporada, un LED de tres luces que brinda indicaciones de pasa\/no pasa y advertencia, un contador de voz para identificar la bater\u00eda y un bot\u00f3n de guardado integrado. Viene [&hellip;]<\/p>\n","protected":false},"featured_media":9182,"template":"","meta":{"_acf_changed":false},"pwb-brand":[31],"product_brand":[],"product_cat":[366,118,122,30],"product_tag":[],"class_list":{"0":"post-8012","1":"product","2":"type-product","3":"status-publish","4":"has-post-thumbnail","6":"pwb-brand-fluke","7":"product_cat-todos-los-productos","8":"product_cat-accesorios-fluke","9":"product_cat-cables-sondas-y-puntas-de-prueba","10":"product_cat-fluke","12":"first","13":"instock","14":"taxable","15":"shipping-taxable","16":"product-type-simple"},"acf":[],"yoast_head":"<!-- This site is optimized with the Yoast SEO plugin v27.4 - https:\/\/yoast.com\/product\/yoast-seo-wordpress\/ -->\n<title>Sonda de prueba para analizador de bater\u00eda interactivo Fluke BTL20 - Techmaster de Mexico<\/title>\n<meta name=\"robots\" content=\"index, follow, max-snippet:-1, max-image-preview:large, max-video-preview:-1\" \/>\n<link rel=\"canonical\" href=\"https:\/\/techmasterdemexico.com\/producto\/sonda-de-prueba-para-analizador-de-bateria-interactivo-fluke-btl20\/\" \/>\n<meta property=\"og:locale\" content=\"en_US\" \/>\n<meta property=\"og:type\" content=\"article\" \/>\n<meta property=\"og:title\" content=\"Sonda de prueba para analizador de bater\u00eda interactivo Fluke BTL20 - Techmaster de Mexico\" \/>\n<meta property=\"og:description\" content=\"Juego de sondas de prueba inteligente para el analizador de bater\u00edas Fluke BT520 (funci\u00f3n de medida de temperatura no incluida). El BTL20 tiene una pantalla LCD incorporada, un LED de tres luces que brinda indicaciones de pasa\/no pasa y advertencia, un contador de voz para identificar la bater\u00eda y un bot\u00f3n de guardado integrado. Viene [&hellip;]\" \/>\n<meta property=\"og:url\" content=\"https:\/\/techmasterdemexico.com\/producto\/sonda-de-prueba-para-analizador-de-bateria-interactivo-fluke-btl20\/\" \/>\n<meta property=\"og:site_name\" content=\"Techmaster de Mexico\" \/>\n<meta property=\"article:modified_time\" content=\"2021-12-28T22:08:00+00:00\" \/>\n<meta property=\"og:image\" content=\"https:\/\/techmasterdemexico.com\/wp-content\/uploads\/2021\/08\/F-btl20_01a_w.png\" \/>\n\t<meta property=\"og:image:width\" content=\"410\" \/>\n\t<meta property=\"og:image:height\" content=\"410\" \/>\n\t<meta property=\"og:image:type\" content=\"image\/png\" \/>\n<meta name=\"twitter:card\" content=\"summary_large_image\" \/>\n<script type=\"application\/ld+json\" class=\"yoast-schema-graph\">{\"@context\":\"https:\\\/\\\/schema.org\",\"@graph\":[{\"@type\":\"WebPage\",\"@id\":\"https:\\\/\\\/techmasterdemexico.com\\\/producto\\\/sonda-de-prueba-para-analizador-de-bateria-interactivo-fluke-btl20\\\/\",\"url\":\"https:\\\/\\\/techmasterdemexico.com\\\/producto\\\/sonda-de-prueba-para-analizador-de-bateria-interactivo-fluke-btl20\\\/\",\"name\":\"Sonda de prueba para analizador de bater\u00eda interactivo Fluke BTL20 - Techmaster de Mexico\",\"isPartOf\":{\"@id\":\"https:\\\/\\\/techmasterdemexico.com\\\/#website\"},\"primaryImageOfPage\":{\"@id\":\"https:\\\/\\\/techmasterdemexico.com\\\/producto\\\/sonda-de-prueba-para-analizador-de-bateria-interactivo-fluke-btl20\\\/#primaryimage\"},\"image\":{\"@id\":\"https:\\\/\\\/techmasterdemexico.com\\\/producto\\\/sonda-de-prueba-para-analizador-de-bateria-interactivo-fluke-btl20\\\/#primaryimage\"},\"thumbnailUrl\":\"https:\\\/\\\/techmasterdemexico.com\\\/wp-content\\\/uploads\\\/2021\\\/08\\\/F-btl20_01a_w.png\",\"datePublished\":\"2021-08-19T05:58:54+00:00\",\"dateModified\":\"2021-12-28T22:08:00+00:00\",\"breadcrumb\":{\"@id\":\"https:\\\/\\\/techmasterdemexico.com\\\/producto\\\/sonda-de-prueba-para-analizador-de-bateria-interactivo-fluke-btl20\\\/#breadcrumb\"},\"inLanguage\":\"en-US\",\"potentialAction\":[{\"@type\":\"ReadAction\",\"target\":[\"https:\\\/\\\/techmasterdemexico.com\\\/producto\\\/sonda-de-prueba-para-analizador-de-bateria-interactivo-fluke-btl20\\\/\"]}]},{\"@type\":\"ImageObject\",\"inLanguage\":\"en-US\",\"@id\":\"https:\\\/\\\/techmasterdemexico.com\\\/producto\\\/sonda-de-prueba-para-analizador-de-bateria-interactivo-fluke-btl20\\\/#primaryimage\",\"url\":\"https:\\\/\\\/techmasterdemexico.com\\\/wp-content\\\/uploads\\\/2021\\\/08\\\/F-btl20_01a_w.png\",\"contentUrl\":\"https:\\\/\\\/techmasterdemexico.com\\\/wp-content\\\/uploads\\\/2021\\\/08\\\/F-btl20_01a_w.png\",\"width\":410,\"height\":410},{\"@type\":\"BreadcrumbList\",\"@id\":\"https:\\\/\\\/techmasterdemexico.com\\\/producto\\\/sonda-de-prueba-para-analizador-de-bateria-interactivo-fluke-btl20\\\/#breadcrumb\",\"itemListElement\":[{\"@type\":\"ListItem\",\"position\":1,\"name\":\"Portada\",\"item\":\"https:\\\/\\\/techmasterdemexico.com\\\/\"},{\"@type\":\"ListItem\",\"position\":2,\"name\":\"Sonda de prueba para analizador de bater\u00eda interactivo Fluke BTL20\"}]},{\"@type\":\"WebSite\",\"@id\":\"https:\\\/\\\/techmasterdemexico.com\\\/#website\",\"url\":\"https:\\\/\\\/techmasterdemexico.com\\\/\",\"name\":\"Techmaster de Mexico\",\"description\":\"\",\"potentialAction\":[{\"@type\":\"SearchAction\",\"target\":{\"@type\":\"EntryPoint\",\"urlTemplate\":\"https:\\\/\\\/techmasterdemexico.com\\\/?s={search_term_string}\"},\"query-input\":{\"@type\":\"PropertyValueSpecification\",\"valueRequired\":true,\"valueName\":\"search_term_string\"}}],\"inLanguage\":\"en-US\"}]}<\/script>\n<!-- \/ Yoast SEO plugin. -->","yoast_head_json":{"title":"Sonda de prueba para analizador de bater\u00eda interactivo Fluke BTL20 - Techmaster de Mexico","robots":{"index":"index","follow":"follow","max-snippet":"max-snippet:-1","max-image-preview":"max-image-preview:large","max-video-preview":"max-video-preview:-1"},"canonical":"https:\/\/techmasterdemexico.com\/producto\/sonda-de-prueba-para-analizador-de-bateria-interactivo-fluke-btl20\/","og_locale":"en_US","og_type":"article","og_title":"Sonda de prueba para analizador de bater\u00eda interactivo Fluke BTL20 - Techmaster de Mexico","og_description":"Juego de sondas de prueba inteligente para el analizador de bater\u00edas Fluke BT520 (funci\u00f3n de medida de temperatura no incluida). El BTL20 tiene una pantalla LCD incorporada, un LED de tres luces que brinda indicaciones de pasa\/no pasa y advertencia, un contador de voz para identificar la bater\u00eda y un bot\u00f3n de guardado integrado. Viene [&hellip;]","og_url":"https:\/\/techmasterdemexico.com\/producto\/sonda-de-prueba-para-analizador-de-bateria-interactivo-fluke-btl20\/","og_site_name":"Techmaster de Mexico","article_modified_time":"2021-12-28T22:08:00+00:00","og_image":[{"width":410,"height":410,"url":"https:\/\/techmasterdemexico.com\/wp-content\/uploads\/2021\/08\/F-btl20_01a_w.png","type":"image\/png"}],"twitter_card":"summary_large_image","schema":{"@context":"https:\/\/schema.org","@graph":[{"@type":"WebPage","@id":"https:\/\/techmasterdemexico.com\/producto\/sonda-de-prueba-para-analizador-de-bateria-interactivo-fluke-btl20\/","url":"https:\/\/techmasterdemexico.com\/producto\/sonda-de-prueba-para-analizador-de-bateria-interactivo-fluke-btl20\/","name":"Sonda de prueba para analizador de bater\u00eda interactivo Fluke BTL20 - Techmaster de Mexico","isPartOf":{"@id":"https:\/\/techmasterdemexico.com\/#website"},"primaryImageOfPage":{"@id":"https:\/\/techmasterdemexico.com\/producto\/sonda-de-prueba-para-analizador-de-bateria-interactivo-fluke-btl20\/#primaryimage"},"image":{"@id":"https:\/\/techmasterdemexico.com\/producto\/sonda-de-prueba-para-analizador-de-bateria-interactivo-fluke-btl20\/#primaryimage"},"thumbnailUrl":"https:\/\/techmasterdemexico.com\/wp-content\/uploads\/2021\/08\/F-btl20_01a_w.png","datePublished":"2021-08-19T05:58:54+00:00","dateModified":"2021-12-28T22:08:00+00:00","breadcrumb":{"@id":"https:\/\/techmasterdemexico.com\/producto\/sonda-de-prueba-para-analizador-de-bateria-interactivo-fluke-btl20\/#breadcrumb"},"inLanguage":"en-US","potentialAction":[{"@type":"ReadAction","target":["https:\/\/techmasterdemexico.com\/producto\/sonda-de-prueba-para-analizador-de-bateria-interactivo-fluke-btl20\/"]}]},{"@type":"ImageObject","inLanguage":"en-US","@id":"https:\/\/techmasterdemexico.com\/producto\/sonda-de-prueba-para-analizador-de-bateria-interactivo-fluke-btl20\/#primaryimage","url":"https:\/\/techmasterdemexico.com\/wp-content\/uploads\/2021\/08\/F-btl20_01a_w.png","contentUrl":"https:\/\/techmasterdemexico.com\/wp-content\/uploads\/2021\/08\/F-btl20_01a_w.png","width":410,"height":410},{"@type":"BreadcrumbList","@id":"https:\/\/techmasterdemexico.com\/producto\/sonda-de-prueba-para-analizador-de-bateria-interactivo-fluke-btl20\/#breadcrumb","itemListElement":[{"@type":"ListItem","position":1,"name":"Portada","item":"https:\/\/techmasterdemexico.com\/"},{"@type":"ListItem","position":2,"name":"Sonda de prueba para analizador de bater\u00eda interactivo Fluke BTL20"}]},{"@type":"WebSite","@id":"https:\/\/techmasterdemexico.com\/#website","url":"https:\/\/techmasterdemexico.com\/","name":"Techmaster de Mexico","description":"","potentialAction":[{"@type":"SearchAction","target":{"@type":"EntryPoint","urlTemplate":"https:\/\/techmasterdemexico.com\/?s={search_term_string}"},"query-input":{"@type":"PropertyValueSpecification","valueRequired":true,"valueName":"search_term_string"}}],"inLanguage":"en-US"}]}},"brands":[{"id":31,"name":"Fluke","slug":"fluke"}],"_links":{"self":[{"href":"https:\/\/techmasterdemexico.com\/en\/wp-json\/wp\/v2\/product\/8012","targetHints":{"allow":["GET"]}}],"collection":[{"href":"https:\/\/techmasterdemexico.com\/en\/wp-json\/wp\/v2\/product"}],"about":[{"href":"https:\/\/techmasterdemexico.com\/en\/wp-json\/wp\/v2\/types\/product"}],"wp:featuredmedia":[{"embeddable":true,"href":"https:\/\/techmasterdemexico.com\/en\/wp-json\/wp\/v2\/media\/9182"}],"wp:attachment":[{"href":"https:\/\/techmasterdemexico.com\/en\/wp-json\/wp\/v2\/media?parent=8012"}],"wp:term":[{"taxonomy":"pwb-brand","embeddable":true,"href":"https:\/\/techmasterdemexico.com\/en\/wp-json\/wp\/v2\/pwb-brand?post=8012"},{"taxonomy":"product_brand","embeddable":true,"href":"https:\/\/techmasterdemexico.com\/en\/wp-json\/wp\/v2\/product_brand?post=8012"},{"taxonomy":"product_cat","embeddable":true,"href":"https:\/\/techmasterdemexico.com\/en\/wp-json\/wp\/v2\/product_cat?post=8012"},{"taxonomy":"product_tag","embeddable":true,"href":"https:\/\/techmasterdemexico.com\/en\/wp-json\/wp\/v2\/product_tag?post=8012"}],"curies":[{"name":"wp","href":"https:\/\/api.w.org\/{rel}","templated":true}]}}