{"id":8008,"date":"2021-08-19T05:58:52","date_gmt":"2021-08-19T05:58:52","guid":{"rendered":"http:\/\/techmastermx.ddns.net\/producto\/juego-de-pinzas-de-cocodrilo-suregrip-ac220\/"},"modified":"2021-12-28T22:08:03","modified_gmt":"2021-12-28T22:08:03","slug":"juego-de-pinzas-de-cocodrilo-suregrip-ac220","status":"publish","type":"product","link":"https:\/\/techmasterdemexico.com\/en\/producto\/juego-de-pinzas-de-cocodrilo-suregrip-ac220\/","title":{"rendered":"Juego de pinzas de cocodrilo SureGrip\u2122 AC220"},"content":{"rendered":"<p>AC220 Juego de pinzas de cocodrilo SureGrip\u2122<\/p>\n<p>Los accesorios SureGrip\u2122 est\u00e1n dise\u00f1ados para mejorar el agarre. Superficies de goma sobremoldeadas y dise\u00f1o ergon\u00f3mico para proporcionar al usuario un agarre al accesorio c\u00f3modo y fiable para poder centrarse en efectuar una medida exacta.<\/p>\n","protected":false},"excerpt":{"rendered":"<ul>\n<li>Un par (rojo, negro) de pinzas de cocodrilo peque\u00f1as, aisladas, chapadas en n\u00edquel<\/li>\n<li>Puntas romas para cabezas de tornillos redondas de hasta 9.5 mm<\/li>\n<li>Recomendado para el uso con cables de prueba TL222 y TL224<\/li>\n<li>Categor\u00eda de seguridad CAT IV 600 V, CAT III 1000 V, 10 A. Certificado CSA<\/li>\n<li>Un a\u00f1o de garant\u00eda<\/li>\n<\/ul>\n","protected":false},"featured_media":9186,"template":"","meta":{"_acf_changed":false},"pwb-brand":[31],"product_brand":[],"product_cat":[366,118,122,30],"product_tag":[],"class_list":{"0":"post-8008","1":"product","2":"type-product","3":"status-publish","4":"has-post-thumbnail","6":"pwb-brand-fluke","7":"product_cat-todos-los-productos","8":"product_cat-accesorios-fluke","9":"product_cat-cables-sondas-y-puntas-de-prueba","10":"product_cat-fluke","12":"first","13":"instock","14":"taxable","15":"shipping-taxable","16":"product-type-simple"},"acf":[],"yoast_head":"<!-- This site is optimized with the Yoast SEO plugin v27.4 - https:\/\/yoast.com\/product\/yoast-seo-wordpress\/ -->\n<title>Juego de pinzas de cocodrilo SureGrip\u2122 AC220 - Techmaster de Mexico<\/title>\n<meta name=\"robots\" content=\"index, follow, max-snippet:-1, max-image-preview:large, max-video-preview:-1\" \/>\n<link rel=\"canonical\" href=\"https:\/\/techmasterdemexico.com\/producto\/juego-de-pinzas-de-cocodrilo-suregrip-ac220\/\" \/>\n<meta property=\"og:locale\" content=\"en_US\" \/>\n<meta property=\"og:type\" content=\"article\" \/>\n<meta property=\"og:title\" content=\"Juego de pinzas de cocodrilo SureGrip\u2122 AC220 - Techmaster de Mexico\" \/>\n<meta property=\"og:description\" content=\"Un par (rojo, negro) de pinzas de cocodrilo peque\u00f1as, aisladas, chapadas en n\u00edquel   Puntas romas para cabezas de tornillos redondas de hasta 9.5 mm   Recomendado para el uso con cables de prueba TL222 y TL224   Categor\u00eda de seguridad CAT IV 600 V, CAT III 1000 V, 10 A. Certificado CSA   Un a\u00f1o de garant\u00eda\" \/>\n<meta property=\"og:url\" content=\"https:\/\/techmasterdemexico.com\/producto\/juego-de-pinzas-de-cocodrilo-suregrip-ac220\/\" \/>\n<meta property=\"og:site_name\" content=\"Techmaster de Mexico\" \/>\n<meta property=\"article:modified_time\" content=\"2021-12-28T22:08:03+00:00\" \/>\n<meta property=\"og:image\" content=\"https:\/\/techmasterdemexico.com\/wp-content\/uploads\/2021\/08\/1-63.jpg\" \/>\n\t<meta property=\"og:image:width\" content=\"886\" \/>\n\t<meta property=\"og:image:height\" content=\"886\" \/>\n\t<meta property=\"og:image:type\" content=\"image\/jpeg\" \/>\n<meta name=\"twitter:card\" content=\"summary_large_image\" \/>\n<script type=\"application\/ld+json\" class=\"yoast-schema-graph\">{\"@context\":\"https:\\\/\\\/schema.org\",\"@graph\":[{\"@type\":\"WebPage\",\"@id\":\"https:\\\/\\\/techmasterdemexico.com\\\/producto\\\/juego-de-pinzas-de-cocodrilo-suregrip-ac220\\\/\",\"url\":\"https:\\\/\\\/techmasterdemexico.com\\\/producto\\\/juego-de-pinzas-de-cocodrilo-suregrip-ac220\\\/\",\"name\":\"Juego de pinzas de cocodrilo SureGrip\u2122 AC220 - Techmaster de Mexico\",\"isPartOf\":{\"@id\":\"https:\\\/\\\/techmasterdemexico.com\\\/#website\"},\"primaryImageOfPage\":{\"@id\":\"https:\\\/\\\/techmasterdemexico.com\\\/producto\\\/juego-de-pinzas-de-cocodrilo-suregrip-ac220\\\/#primaryimage\"},\"image\":{\"@id\":\"https:\\\/\\\/techmasterdemexico.com\\\/producto\\\/juego-de-pinzas-de-cocodrilo-suregrip-ac220\\\/#primaryimage\"},\"thumbnailUrl\":\"https:\\\/\\\/techmasterdemexico.com\\\/wp-content\\\/uploads\\\/2021\\\/08\\\/1-63.jpg\",\"datePublished\":\"2021-08-19T05:58:52+00:00\",\"dateModified\":\"2021-12-28T22:08:03+00:00\",\"breadcrumb\":{\"@id\":\"https:\\\/\\\/techmasterdemexico.com\\\/producto\\\/juego-de-pinzas-de-cocodrilo-suregrip-ac220\\\/#breadcrumb\"},\"inLanguage\":\"en-US\",\"potentialAction\":[{\"@type\":\"ReadAction\",\"target\":[\"https:\\\/\\\/techmasterdemexico.com\\\/producto\\\/juego-de-pinzas-de-cocodrilo-suregrip-ac220\\\/\"]}]},{\"@type\":\"ImageObject\",\"inLanguage\":\"en-US\",\"@id\":\"https:\\\/\\\/techmasterdemexico.com\\\/producto\\\/juego-de-pinzas-de-cocodrilo-suregrip-ac220\\\/#primaryimage\",\"url\":\"https:\\\/\\\/techmasterdemexico.com\\\/wp-content\\\/uploads\\\/2021\\\/08\\\/1-63.jpg\",\"contentUrl\":\"https:\\\/\\\/techmasterdemexico.com\\\/wp-content\\\/uploads\\\/2021\\\/08\\\/1-63.jpg\",\"width\":886,\"height\":886},{\"@type\":\"BreadcrumbList\",\"@id\":\"https:\\\/\\\/techmasterdemexico.com\\\/producto\\\/juego-de-pinzas-de-cocodrilo-suregrip-ac220\\\/#breadcrumb\",\"itemListElement\":[{\"@type\":\"ListItem\",\"position\":1,\"name\":\"Portada\",\"item\":\"https:\\\/\\\/techmasterdemexico.com\\\/\"},{\"@type\":\"ListItem\",\"position\":2,\"name\":\"Juego de pinzas de cocodrilo SureGrip\u2122 AC220\"}]},{\"@type\":\"WebSite\",\"@id\":\"https:\\\/\\\/techmasterdemexico.com\\\/#website\",\"url\":\"https:\\\/\\\/techmasterdemexico.com\\\/\",\"name\":\"Techmaster de Mexico\",\"description\":\"\",\"potentialAction\":[{\"@type\":\"SearchAction\",\"target\":{\"@type\":\"EntryPoint\",\"urlTemplate\":\"https:\\\/\\\/techmasterdemexico.com\\\/?s={search_term_string}\"},\"query-input\":{\"@type\":\"PropertyValueSpecification\",\"valueRequired\":true,\"valueName\":\"search_term_string\"}}],\"inLanguage\":\"en-US\"}]}<\/script>\n<!-- \/ Yoast SEO plugin. -->","yoast_head_json":{"title":"Juego de pinzas de cocodrilo SureGrip\u2122 AC220 - Techmaster de Mexico","robots":{"index":"index","follow":"follow","max-snippet":"max-snippet:-1","max-image-preview":"max-image-preview:large","max-video-preview":"max-video-preview:-1"},"canonical":"https:\/\/techmasterdemexico.com\/producto\/juego-de-pinzas-de-cocodrilo-suregrip-ac220\/","og_locale":"en_US","og_type":"article","og_title":"Juego de pinzas de cocodrilo SureGrip\u2122 AC220 - Techmaster de Mexico","og_description":"Un par (rojo, negro) de pinzas de cocodrilo peque\u00f1as, aisladas, chapadas en n\u00edquel   Puntas romas para cabezas de tornillos redondas de hasta 9.5 mm   Recomendado para el uso con cables de prueba TL222 y TL224   Categor\u00eda de seguridad CAT IV 600 V, CAT III 1000 V, 10 A. Certificado CSA   Un a\u00f1o de garant\u00eda","og_url":"https:\/\/techmasterdemexico.com\/producto\/juego-de-pinzas-de-cocodrilo-suregrip-ac220\/","og_site_name":"Techmaster de Mexico","article_modified_time":"2021-12-28T22:08:03+00:00","og_image":[{"width":886,"height":886,"url":"https:\/\/techmasterdemexico.com\/wp-content\/uploads\/2021\/08\/1-63.jpg","type":"image\/jpeg"}],"twitter_card":"summary_large_image","schema":{"@context":"https:\/\/schema.org","@graph":[{"@type":"WebPage","@id":"https:\/\/techmasterdemexico.com\/producto\/juego-de-pinzas-de-cocodrilo-suregrip-ac220\/","url":"https:\/\/techmasterdemexico.com\/producto\/juego-de-pinzas-de-cocodrilo-suregrip-ac220\/","name":"Juego de pinzas de cocodrilo SureGrip\u2122 AC220 - Techmaster de Mexico","isPartOf":{"@id":"https:\/\/techmasterdemexico.com\/#website"},"primaryImageOfPage":{"@id":"https:\/\/techmasterdemexico.com\/producto\/juego-de-pinzas-de-cocodrilo-suregrip-ac220\/#primaryimage"},"image":{"@id":"https:\/\/techmasterdemexico.com\/producto\/juego-de-pinzas-de-cocodrilo-suregrip-ac220\/#primaryimage"},"thumbnailUrl":"https:\/\/techmasterdemexico.com\/wp-content\/uploads\/2021\/08\/1-63.jpg","datePublished":"2021-08-19T05:58:52+00:00","dateModified":"2021-12-28T22:08:03+00:00","breadcrumb":{"@id":"https:\/\/techmasterdemexico.com\/producto\/juego-de-pinzas-de-cocodrilo-suregrip-ac220\/#breadcrumb"},"inLanguage":"en-US","potentialAction":[{"@type":"ReadAction","target":["https:\/\/techmasterdemexico.com\/producto\/juego-de-pinzas-de-cocodrilo-suregrip-ac220\/"]}]},{"@type":"ImageObject","inLanguage":"en-US","@id":"https:\/\/techmasterdemexico.com\/producto\/juego-de-pinzas-de-cocodrilo-suregrip-ac220\/#primaryimage","url":"https:\/\/techmasterdemexico.com\/wp-content\/uploads\/2021\/08\/1-63.jpg","contentUrl":"https:\/\/techmasterdemexico.com\/wp-content\/uploads\/2021\/08\/1-63.jpg","width":886,"height":886},{"@type":"BreadcrumbList","@id":"https:\/\/techmasterdemexico.com\/producto\/juego-de-pinzas-de-cocodrilo-suregrip-ac220\/#breadcrumb","itemListElement":[{"@type":"ListItem","position":1,"name":"Portada","item":"https:\/\/techmasterdemexico.com\/"},{"@type":"ListItem","position":2,"name":"Juego de pinzas de cocodrilo SureGrip\u2122 AC220"}]},{"@type":"WebSite","@id":"https:\/\/techmasterdemexico.com\/#website","url":"https:\/\/techmasterdemexico.com\/","name":"Techmaster de Mexico","description":"","potentialAction":[{"@type":"SearchAction","target":{"@type":"EntryPoint","urlTemplate":"https:\/\/techmasterdemexico.com\/?s={search_term_string}"},"query-input":{"@type":"PropertyValueSpecification","valueRequired":true,"valueName":"search_term_string"}}],"inLanguage":"en-US"}]}},"brands":[{"id":31,"name":"Fluke","slug":"fluke"}],"_links":{"self":[{"href":"https:\/\/techmasterdemexico.com\/en\/wp-json\/wp\/v2\/product\/8008","targetHints":{"allow":["GET"]}}],"collection":[{"href":"https:\/\/techmasterdemexico.com\/en\/wp-json\/wp\/v2\/product"}],"about":[{"href":"https:\/\/techmasterdemexico.com\/en\/wp-json\/wp\/v2\/types\/product"}],"wp:featuredmedia":[{"embeddable":true,"href":"https:\/\/techmasterdemexico.com\/en\/wp-json\/wp\/v2\/media\/9186"}],"wp:attachment":[{"href":"https:\/\/techmasterdemexico.com\/en\/wp-json\/wp\/v2\/media?parent=8008"}],"wp:term":[{"taxonomy":"pwb-brand","embeddable":true,"href":"https:\/\/techmasterdemexico.com\/en\/wp-json\/wp\/v2\/pwb-brand?post=8008"},{"taxonomy":"product_brand","embeddable":true,"href":"https:\/\/techmasterdemexico.com\/en\/wp-json\/wp\/v2\/product_brand?post=8008"},{"taxonomy":"product_cat","embeddable":true,"href":"https:\/\/techmasterdemexico.com\/en\/wp-json\/wp\/v2\/product_cat?post=8008"},{"taxonomy":"product_tag","embeddable":true,"href":"https:\/\/techmasterdemexico.com\/en\/wp-json\/wp\/v2\/product_tag?post=8008"}],"curies":[{"name":"wp","href":"https:\/\/api.w.org\/{rel}","templated":true}]}}