{"id":7994,"date":"2021-08-19T05:58:35","date_gmt":"2021-08-19T12:58:35","guid":{"rendered":"http:\/\/techmastermx.ddns.net\/producto\/juego-de-cables-de-prueba-de-punta-dura-tl75\/"},"modified":"2026-03-10T11:26:25","modified_gmt":"2026-03-10T18:26:25","slug":"juego-de-cables-de-prueba-de-punta-dura-tl75","status":"publish","type":"product","link":"https:\/\/techmasterdemexico.com\/en\/producto\/juego-de-cables-de-prueba-de-punta-dura-tl75\/","title":{"rendered":"Juego de cables de prueba de punta dura TL75"},"content":{"rendered":"<p>TL75 Juego de cables de prueba de punta dura<\/p>\n<p>El juego de puntas de comprobaci\u00f3n TL75 Hard Point\u2122 ofrece la comodidad de tener una punta de comprobaci\u00f3n y una sonda en un mismo dispositivo con una gran variedad de conexiones. Un par de sondas ergon\u00f3micas (roja y negra) con conectores de PVC cubiertos y aislados tipo banana en \u00e1ngulo recto de 4 mm (0.16 pulg.).<\/p>","protected":false},"excerpt":{"rendered":"<ul>\n<li>Un par de sondas ergon\u00f3micas (roja y negra)<\/li>\n<li>Puntas de comprobaci\u00f3n de PVC aisladas de 1.22 metros (48 pulgadas) con conectores cubiertos tipo banana en \u00e1ngulo recto<\/li>\n<li>Recomendadas para mediciones de tipo general<\/li>\n<li>Categor\u00eda de seguridad CAT II 1000 V, 10 A<\/li>\n<li>CAT IV 600 V, CAT III 1000 V solo con tapa protectora<\/li>\n<li>Certificado CSA<\/li>\n<li>Un a\u00f1o de garant\u00eda<\/li>\n<\/ul>\n","protected":false},"featured_media":20531,"template":"","meta":{"_acf_changed":false},"pwb-brand":[31],"product_brand":[],"product_cat":[366,118,122,30],"product_tag":[],"class_list":{"0":"post-7994","1":"product","2":"type-product","3":"status-publish","4":"has-post-thumbnail","6":"pwb-brand-fluke","7":"product_cat-todos-los-productos","8":"product_cat-accesorios-fluke","9":"product_cat-cables-sondas-y-puntas-de-prueba","10":"product_cat-fluke","12":"first","13":"instock","14":"taxable","15":"shipping-taxable","16":"product-type-simple"},"acf":[],"yoast_head":"<!-- This site is optimized with the Yoast SEO plugin v27.4 - https:\/\/yoast.com\/product\/yoast-seo-wordpress\/ -->\n<title>Juego de cables de prueba de punta dura TL75 - Techmaster de Mexico<\/title>\n<meta name=\"robots\" content=\"index, follow, max-snippet:-1, max-image-preview:large, max-video-preview:-1\" \/>\n<link rel=\"canonical\" href=\"https:\/\/techmasterdemexico.com\/producto\/juego-de-cables-de-prueba-de-punta-dura-tl75\/\" \/>\n<meta property=\"og:locale\" content=\"en_US\" \/>\n<meta property=\"og:type\" content=\"article\" \/>\n<meta property=\"og:title\" content=\"Juego de cables de prueba de punta dura TL75 - Techmaster de Mexico\" \/>\n<meta property=\"og:description\" content=\"[:es]      Un par de sondas ergon\u00f3micas (roja y negra)    Puntas de comprobaci\u00f3n de PVC aisladas de 1.22 metros (48 pulgadas) con conectores cubiertos tipo banana en \u00e1ngulo recto    Recomendadas para mediciones de tipo general    Categor\u00eda de seguridad CAT II 1000 V, 10 A    CAT IV 600 V, CAT III 1000 V solo con tapa protectora    Certificado CSA    Un a\u00f1o de garant\u00eda   [:en]  Un par de sondas ergon\u00f3micas (roja y negra)  Puntas de comprobaci\u00f3n de PVC aisladas de 1.22 metros (48 pulgadas) con conectores cubiertos tipo banana en \u00e1ngulo recto  Recomendadas para mediciones de tipo general  Categor\u00eda de seguridad CAT II 1000 V, 10 A  CAT IV 600 V, CAT III 1000 V solo con tapa protectora  Certificado CSA  Un a\u00f1o de garant\u00eda [:]\" \/>\n<meta property=\"og:url\" content=\"https:\/\/techmasterdemexico.com\/producto\/juego-de-cables-de-prueba-de-punta-dura-tl75\/\" \/>\n<meta property=\"og:site_name\" content=\"Techmaster de Mexico\" \/>\n<meta property=\"article:modified_time\" content=\"2026-03-10T18:26:25+00:00\" \/>\n<meta property=\"og:image\" content=\"https:\/\/techmasterdemexico.com\/wp-content\/uploads\/Fluke-TL75.png\" \/>\n\t<meta property=\"og:image:width\" content=\"854\" \/>\n\t<meta property=\"og:image:height\" content=\"854\" \/>\n\t<meta property=\"og:image:type\" content=\"image\/png\" \/>\n<meta name=\"twitter:card\" content=\"summary_large_image\" \/>\n<meta name=\"twitter:label1\" content=\"Est. reading time\" \/>\n\t<meta name=\"twitter:data1\" content=\"1 minute\" \/>\n<script type=\"application\/ld+json\" class=\"yoast-schema-graph\">{\"@context\":\"https:\\\/\\\/schema.org\",\"@graph\":[{\"@type\":\"WebPage\",\"@id\":\"https:\\\/\\\/techmasterdemexico.com\\\/producto\\\/juego-de-cables-de-prueba-de-punta-dura-tl75\\\/\",\"url\":\"https:\\\/\\\/techmasterdemexico.com\\\/producto\\\/juego-de-cables-de-prueba-de-punta-dura-tl75\\\/\",\"name\":\"Juego de cables de prueba de punta dura TL75 - Techmaster de Mexico\",\"isPartOf\":{\"@id\":\"https:\\\/\\\/techmasterdemexico.com\\\/#website\"},\"primaryImageOfPage\":{\"@id\":\"https:\\\/\\\/techmasterdemexico.com\\\/producto\\\/juego-de-cables-de-prueba-de-punta-dura-tl75\\\/#primaryimage\"},\"image\":{\"@id\":\"https:\\\/\\\/techmasterdemexico.com\\\/producto\\\/juego-de-cables-de-prueba-de-punta-dura-tl75\\\/#primaryimage\"},\"thumbnailUrl\":\"https:\\\/\\\/techmasterdemexico.com\\\/wp-content\\\/uploads\\\/Fluke-TL75.png\",\"datePublished\":\"2021-08-19T12:58:35+00:00\",\"dateModified\":\"2026-03-10T18:26:25+00:00\",\"breadcrumb\":{\"@id\":\"https:\\\/\\\/techmasterdemexico.com\\\/producto\\\/juego-de-cables-de-prueba-de-punta-dura-tl75\\\/#breadcrumb\"},\"inLanguage\":\"en-US\",\"potentialAction\":[{\"@type\":\"ReadAction\",\"target\":[\"https:\\\/\\\/techmasterdemexico.com\\\/producto\\\/juego-de-cables-de-prueba-de-punta-dura-tl75\\\/\"]}]},{\"@type\":\"ImageObject\",\"inLanguage\":\"en-US\",\"@id\":\"https:\\\/\\\/techmasterdemexico.com\\\/producto\\\/juego-de-cables-de-prueba-de-punta-dura-tl75\\\/#primaryimage\",\"url\":\"https:\\\/\\\/techmasterdemexico.com\\\/wp-content\\\/uploads\\\/Fluke-TL75.png\",\"contentUrl\":\"https:\\\/\\\/techmasterdemexico.com\\\/wp-content\\\/uploads\\\/Fluke-TL75.png\",\"width\":854,\"height\":854},{\"@type\":\"BreadcrumbList\",\"@id\":\"https:\\\/\\\/techmasterdemexico.com\\\/producto\\\/juego-de-cables-de-prueba-de-punta-dura-tl75\\\/#breadcrumb\",\"itemListElement\":[{\"@type\":\"ListItem\",\"position\":1,\"name\":\"Portada\",\"item\":\"https:\\\/\\\/techmasterdemexico.com\\\/\"},{\"@type\":\"ListItem\",\"position\":2,\"name\":\"Juego de cables de prueba de punta dura TL75\"}]},{\"@type\":\"WebSite\",\"@id\":\"https:\\\/\\\/techmasterdemexico.com\\\/#website\",\"url\":\"https:\\\/\\\/techmasterdemexico.com\\\/\",\"name\":\"Techmaster de Mexico\",\"description\":\"\",\"potentialAction\":[{\"@type\":\"SearchAction\",\"target\":{\"@type\":\"EntryPoint\",\"urlTemplate\":\"https:\\\/\\\/techmasterdemexico.com\\\/?s={search_term_string}\"},\"query-input\":{\"@type\":\"PropertyValueSpecification\",\"valueRequired\":true,\"valueName\":\"search_term_string\"}}],\"inLanguage\":\"en-US\"}]}<\/script>\n<!-- \/ Yoast SEO plugin. -->","yoast_head_json":{"title":"Juego de cables de prueba de punta dura TL75 - Techmaster de Mexico","robots":{"index":"index","follow":"follow","max-snippet":"max-snippet:-1","max-image-preview":"max-image-preview:large","max-video-preview":"max-video-preview:-1"},"canonical":"https:\/\/techmasterdemexico.com\/producto\/juego-de-cables-de-prueba-de-punta-dura-tl75\/","og_locale":"en_US","og_type":"article","og_title":"Juego de cables de prueba de punta dura TL75 - Techmaster de Mexico","og_description":"[:es]      Un par de sondas ergon\u00f3micas (roja y negra)    Puntas de comprobaci\u00f3n de PVC aisladas de 1.22 metros (48 pulgadas) con conectores cubiertos tipo banana en \u00e1ngulo recto    Recomendadas para mediciones de tipo general    Categor\u00eda de seguridad CAT II 1000 V, 10 A    CAT IV 600 V, CAT III 1000 V solo con tapa protectora    Certificado CSA    Un a\u00f1o de garant\u00eda   [:en]  Un par de sondas ergon\u00f3micas (roja y negra)  Puntas de comprobaci\u00f3n de PVC aisladas de 1.22 metros (48 pulgadas) con conectores cubiertos tipo banana en \u00e1ngulo recto  Recomendadas para mediciones de tipo general  Categor\u00eda de seguridad CAT II 1000 V, 10 A  CAT IV 600 V, CAT III 1000 V solo con tapa protectora  Certificado CSA  Un a\u00f1o de garant\u00eda [:]","og_url":"https:\/\/techmasterdemexico.com\/producto\/juego-de-cables-de-prueba-de-punta-dura-tl75\/","og_site_name":"Techmaster de Mexico","article_modified_time":"2026-03-10T18:26:25+00:00","og_image":[{"width":854,"height":854,"url":"https:\/\/techmasterdemexico.com\/wp-content\/uploads\/Fluke-TL75.png","type":"image\/png"}],"twitter_card":"summary_large_image","twitter_misc":{"Est. reading time":"1 minute"},"schema":{"@context":"https:\/\/schema.org","@graph":[{"@type":"WebPage","@id":"https:\/\/techmasterdemexico.com\/producto\/juego-de-cables-de-prueba-de-punta-dura-tl75\/","url":"https:\/\/techmasterdemexico.com\/producto\/juego-de-cables-de-prueba-de-punta-dura-tl75\/","name":"Juego de cables de prueba de punta dura TL75 - Techmaster de Mexico","isPartOf":{"@id":"https:\/\/techmasterdemexico.com\/#website"},"primaryImageOfPage":{"@id":"https:\/\/techmasterdemexico.com\/producto\/juego-de-cables-de-prueba-de-punta-dura-tl75\/#primaryimage"},"image":{"@id":"https:\/\/techmasterdemexico.com\/producto\/juego-de-cables-de-prueba-de-punta-dura-tl75\/#primaryimage"},"thumbnailUrl":"https:\/\/techmasterdemexico.com\/wp-content\/uploads\/Fluke-TL75.png","datePublished":"2021-08-19T12:58:35+00:00","dateModified":"2026-03-10T18:26:25+00:00","breadcrumb":{"@id":"https:\/\/techmasterdemexico.com\/producto\/juego-de-cables-de-prueba-de-punta-dura-tl75\/#breadcrumb"},"inLanguage":"en-US","potentialAction":[{"@type":"ReadAction","target":["https:\/\/techmasterdemexico.com\/producto\/juego-de-cables-de-prueba-de-punta-dura-tl75\/"]}]},{"@type":"ImageObject","inLanguage":"en-US","@id":"https:\/\/techmasterdemexico.com\/producto\/juego-de-cables-de-prueba-de-punta-dura-tl75\/#primaryimage","url":"https:\/\/techmasterdemexico.com\/wp-content\/uploads\/Fluke-TL75.png","contentUrl":"https:\/\/techmasterdemexico.com\/wp-content\/uploads\/Fluke-TL75.png","width":854,"height":854},{"@type":"BreadcrumbList","@id":"https:\/\/techmasterdemexico.com\/producto\/juego-de-cables-de-prueba-de-punta-dura-tl75\/#breadcrumb","itemListElement":[{"@type":"ListItem","position":1,"name":"Portada","item":"https:\/\/techmasterdemexico.com\/"},{"@type":"ListItem","position":2,"name":"Juego de cables de prueba de punta dura TL75"}]},{"@type":"WebSite","@id":"https:\/\/techmasterdemexico.com\/#website","url":"https:\/\/techmasterdemexico.com\/","name":"Techmaster de Mexico","description":"","potentialAction":[{"@type":"SearchAction","target":{"@type":"EntryPoint","urlTemplate":"https:\/\/techmasterdemexico.com\/?s={search_term_string}"},"query-input":{"@type":"PropertyValueSpecification","valueRequired":true,"valueName":"search_term_string"}}],"inLanguage":"en-US"}]}},"brands":[{"id":31,"name":"Fluke","slug":"fluke"}],"_links":{"self":[{"href":"https:\/\/techmasterdemexico.com\/en\/wp-json\/wp\/v2\/product\/7994","targetHints":{"allow":["GET"]}}],"collection":[{"href":"https:\/\/techmasterdemexico.com\/en\/wp-json\/wp\/v2\/product"}],"about":[{"href":"https:\/\/techmasterdemexico.com\/en\/wp-json\/wp\/v2\/types\/product"}],"wp:featuredmedia":[{"embeddable":true,"href":"https:\/\/techmasterdemexico.com\/en\/wp-json\/wp\/v2\/media\/20531"}],"wp:attachment":[{"href":"https:\/\/techmasterdemexico.com\/en\/wp-json\/wp\/v2\/media?parent=7994"}],"wp:term":[{"taxonomy":"pwb-brand","embeddable":true,"href":"https:\/\/techmasterdemexico.com\/en\/wp-json\/wp\/v2\/pwb-brand?post=7994"},{"taxonomy":"product_brand","embeddable":true,"href":"https:\/\/techmasterdemexico.com\/en\/wp-json\/wp\/v2\/product_brand?post=7994"},{"taxonomy":"product_cat","embeddable":true,"href":"https:\/\/techmasterdemexico.com\/en\/wp-json\/wp\/v2\/product_cat?post=7994"},{"taxonomy":"product_tag","embeddable":true,"href":"https:\/\/techmasterdemexico.com\/en\/wp-json\/wp\/v2\/product_tag?post=7994"}],"curies":[{"name":"wp","href":"https:\/\/api.w.org\/{rel}","templated":true}]}}