{"id":7993,"date":"2021-08-19T05:58:35","date_gmt":"2021-08-19T12:58:35","guid":{"rendered":"http:\/\/techmastermx.ddns.net\/producto\/cables-de-prueba-tl175-twistguard\/"},"modified":"2025-11-12T16:59:42","modified_gmt":"2025-11-12T23:59:42","slug":"cables-de-prueba-tl175-twistguard","status":"publish","type":"product","link":"https:\/\/techmasterdemexico.com\/en\/producto\/cables-de-prueba-tl175-twistguard\/","title":{"rendered":"Cables de prueba TL175 TwistGuard\u2122"},"content":{"rendered":"<p>Cables de prueba TL175 TwistGuard\u2122<\/p>\n<p>Los cables de prueba Fluke TL175 TwistGuard\u2122 ofrecen puntas de prueba de longitud ajustable que pueden usarse en diferentes entornos de medici\u00f3n. Las puntas ajustables TwistGuard\u2122 mejoran la longitud de seguridad y de versatilidad. El indicador WearGuard\u2122 muestra el da\u00f1o en el cableado y ofrece un protector de alta resistencia para soportar m\u00e1s de 30,000 dobleces.<\/p>","protected":false},"excerpt":{"rendered":"<ul>\n<li>La rosca de punta extensible patentada TwistGuard\u2122 cumple los requisitos de seguridad el\u00e9ctrica m\u00e1s elevados con el fin de reducir la exposici\u00f3n de la punta, al mismo tiempo que proporciona la versatilidad necesaria para la mayor\u00eda de las mediciones<\/li>\n<li>Nueva indicaci\u00f3n de desgaste de los cables WearGuard\u2122. Cada cable de prueba est\u00e1 cubierto por dos capas de aislante de silicona. Si se producen muescas, raspado o los cables experimentan cualquier otro tipo de da\u00f1o y necesitan ser sustituidos, el color de contraste interior queda expuesto<\/li>\n<li>Cables de silicona con doble aislamiento. Los cables de prueba TL175 resisten altas temperaturas y se mantienen flexibles a temperaturas muy bajas<\/li>\n<li>Los protectores de alta resistencia (tanto en el extremo de la sonda como en el de la clavija) se han probado dobl\u00e1ndose m\u00e1s de 30,000 veces, sin que se haya producido falla alguna<\/li>\n<li>Las clavijas de entrada universales son compatibles con todos los instrumentos que aceptan clavijas con punta c\u00f3nica roscadas de 4 mm est\u00e1ndar<\/li>\n<li>Clasificaciones: CAT II 1.000 V, CAT III 1.000 V, CAT IV 600 V, 10 A m\u00e1x., grado de contaminaci\u00f3n 2<\/li>\n<li>TL175E tambi\u00e9n disponible. Incluye puntas de linterna de 4 mm que pueden enroscarse en el extremo del cable.<\/li>\n<li>Las sondas siempre muestran la categor\u00eda correcta para la punta que se usa<\/li>\n<li>Clasificaciones medioambientales: -20 \u00b0C a 55 \u00b0C (-4 \u00b0F a 131 \u00b0F), altitud: 2,000 m (6,562 pies)<\/li>\n<li>Cumple con EN61010-031<\/li>\n<li>Un a\u00f1o de garant\u00eda<\/li>\n<\/ul>\n","protected":false},"featured_media":20530,"template":"","meta":{"_acf_changed":false},"pwb-brand":[31],"product_brand":[],"product_cat":[366,122,30],"product_tag":[],"class_list":{"0":"post-7993","1":"product","2":"type-product","3":"status-publish","4":"has-post-thumbnail","6":"pwb-brand-fluke","7":"product_cat-todos-los-productos","8":"product_cat-cables-sondas-y-puntas-de-prueba","9":"product_cat-fluke","11":"first","12":"instock","13":"taxable","14":"shipping-taxable","15":"product-type-simple"},"acf":[],"yoast_head":"<!-- This site is optimized with the Yoast SEO plugin v27.4 - https:\/\/yoast.com\/product\/yoast-seo-wordpress\/ -->\n<title>Cables de prueba TL175 TwistGuard\u2122 - Techmaster de Mexico<\/title>\n<meta name=\"robots\" content=\"index, follow, max-snippet:-1, max-image-preview:large, max-video-preview:-1\" \/>\n<link rel=\"canonical\" href=\"https:\/\/techmasterdemexico.com\/producto\/cables-de-prueba-tl175-twistguard\/\" \/>\n<meta property=\"og:locale\" content=\"en_US\" \/>\n<meta property=\"og:type\" content=\"article\" \/>\n<meta property=\"og:title\" content=\"Cables de prueba TL175 TwistGuard\u2122 - Techmaster de Mexico\" \/>\n<meta property=\"og:description\" content=\"[:es]      La rosca de punta extensible patentada TwistGuard\u2122 cumple los requisitos de seguridad el\u00e9ctrica m\u00e1s elevados con el fin de reducir la exposici\u00f3n de la punta, al mismo tiempo que proporciona la versatilidad necesaria para la mayor\u00eda de las mediciones    Nueva indicaci\u00f3n de desgaste de los cables WearGuard\u2122. Cada cable de prueba est\u00e1 cubierto por dos capas de aislante de silicona. Si se producen muescas, raspado o los cables experimentan cualquier otro tipo de da\u00f1o y necesitan ser sustituidos, el color de contraste interior queda expuesto    Cables de silicona con doble aislamiento. Los cables de prueba TL175 resisten altas temperaturas y se mantienen flexibles a temperaturas muy bajas    Los protectores de alta resistencia (tanto en el extremo de la sonda como en el de la clavija) se han probado dobl\u00e1ndose m\u00e1s de 30,000 veces, sin que se haya producido falla alguna    Las clavijas de entrada universales son compatibles con todos los instrumentos que aceptan clavijas con punta c\u00f3nica roscadas de 4 mm est\u00e1ndar    Clasificaciones: CAT II 1.000 V, CAT III 1.000 V, CAT IV 600 V, 10 A m\u00e1x., grado de contaminaci\u00f3n 2    TL175E tambi\u00e9n disponible. Incluye puntas de linterna de 4 mm que pueden enroscarse en el extremo del cable.    Las sondas siempre muestran la categor\u00eda correcta para la punta que se usa    Clasificaciones medioambientales: -20 \u00b0C a 55 \u00b0C (-4 \u00b0F a 131 \u00b0F), altitud: 2,000 m (6,562 pies)    Cumple con EN61010-031    Un a\u00f1o de garant\u00eda   [:en]  La rosca de punta extensible patentada TwistGuard\u2122 cumple los requisitos de seguridad el\u00e9ctrica m\u00e1s elevados con el fin de reducir la exposici\u00f3n de la punta, al mismo tiempo que proporciona la versatilidad necesaria para la mayor\u00eda de las mediciones  Nueva indicaci\u00f3n de desgaste de los cables WearGuard\u2122. Cada cable de prueba est\u00e1 cubierto por dos capas de aislante de silicona. Si se producen muescas, raspado o los cables experimentan cualquier otro tipo de da\u00f1o y necesitan ser sustituidos, el color de contraste interior queda expuesto  Cables de silicona con doble aislamiento. Los cables de prueba TL175 resisten altas temperaturas y se mantienen flexibles a temperaturas muy bajas  Los protectores de alta resistencia (tanto en el extremo de la sonda como en el de la clavija) se han probado dobl\u00e1ndose m\u00e1s de 30,000 veces, sin que se haya producido falla alguna  Las clavijas de entrada universales son compatibles con todos los instrumentos que aceptan clavijas con punta c\u00f3nica roscadas de 4 mm est\u00e1ndar  Clasificaciones: CAT II 1.000 V, CAT III 1.000 V, CAT IV 600 V, 10 A m\u00e1x., grado de contaminaci\u00f3n 2  TL175E tambi\u00e9n disponible. Incluye puntas de linterna de 4 mm que pueden enroscarse en el extremo del cable.  Las sondas siempre muestran la categor\u00eda correcta para la punta que se usa  Clasificaciones medioambientales: -20 \u00b0C a 55 \u00b0C (-4 \u00b0F a 131 \u00b0F), altitud: 2,000 m (6,562 pies)  Cumple con EN61010-031  Un a\u00f1o de garant\u00eda [:]\" \/>\n<meta property=\"og:url\" content=\"https:\/\/techmasterdemexico.com\/producto\/cables-de-prueba-tl175-twistguard\/\" \/>\n<meta property=\"og:site_name\" content=\"Techmaster de Mexico\" \/>\n<meta property=\"article:modified_time\" content=\"2025-11-12T23:59:42+00:00\" \/>\n<meta property=\"og:image\" content=\"https:\/\/techmasterdemexico.com\/wp-content\/uploads\/Fluke-TL175.png\" \/>\n\t<meta property=\"og:image:width\" content=\"854\" \/>\n\t<meta property=\"og:image:height\" content=\"854\" \/>\n\t<meta property=\"og:image:type\" content=\"image\/png\" \/>\n<meta name=\"twitter:card\" content=\"summary_large_image\" \/>\n<meta name=\"twitter:label1\" content=\"Est. reading time\" \/>\n\t<meta name=\"twitter:data1\" content=\"1 minute\" \/>\n<script type=\"application\/ld+json\" class=\"yoast-schema-graph\">{\"@context\":\"https:\\\/\\\/schema.org\",\"@graph\":[{\"@type\":\"WebPage\",\"@id\":\"https:\\\/\\\/techmasterdemexico.com\\\/producto\\\/cables-de-prueba-tl175-twistguard\\\/\",\"url\":\"https:\\\/\\\/techmasterdemexico.com\\\/producto\\\/cables-de-prueba-tl175-twistguard\\\/\",\"name\":\"Cables de prueba TL175 TwistGuard\u2122 - Techmaster de Mexico\",\"isPartOf\":{\"@id\":\"https:\\\/\\\/techmasterdemexico.com\\\/#website\"},\"primaryImageOfPage\":{\"@id\":\"https:\\\/\\\/techmasterdemexico.com\\\/producto\\\/cables-de-prueba-tl175-twistguard\\\/#primaryimage\"},\"image\":{\"@id\":\"https:\\\/\\\/techmasterdemexico.com\\\/producto\\\/cables-de-prueba-tl175-twistguard\\\/#primaryimage\"},\"thumbnailUrl\":\"https:\\\/\\\/techmasterdemexico.com\\\/wp-content\\\/uploads\\\/Fluke-TL175.png\",\"datePublished\":\"2021-08-19T12:58:35+00:00\",\"dateModified\":\"2025-11-12T23:59:42+00:00\",\"breadcrumb\":{\"@id\":\"https:\\\/\\\/techmasterdemexico.com\\\/producto\\\/cables-de-prueba-tl175-twistguard\\\/#breadcrumb\"},\"inLanguage\":\"en-US\",\"potentialAction\":[{\"@type\":\"ReadAction\",\"target\":[\"https:\\\/\\\/techmasterdemexico.com\\\/producto\\\/cables-de-prueba-tl175-twistguard\\\/\"]}]},{\"@type\":\"ImageObject\",\"inLanguage\":\"en-US\",\"@id\":\"https:\\\/\\\/techmasterdemexico.com\\\/producto\\\/cables-de-prueba-tl175-twistguard\\\/#primaryimage\",\"url\":\"https:\\\/\\\/techmasterdemexico.com\\\/wp-content\\\/uploads\\\/Fluke-TL175.png\",\"contentUrl\":\"https:\\\/\\\/techmasterdemexico.com\\\/wp-content\\\/uploads\\\/Fluke-TL175.png\",\"width\":854,\"height\":854},{\"@type\":\"BreadcrumbList\",\"@id\":\"https:\\\/\\\/techmasterdemexico.com\\\/producto\\\/cables-de-prueba-tl175-twistguard\\\/#breadcrumb\",\"itemListElement\":[{\"@type\":\"ListItem\",\"position\":1,\"name\":\"Portada\",\"item\":\"https:\\\/\\\/techmasterdemexico.com\\\/\"},{\"@type\":\"ListItem\",\"position\":2,\"name\":\"Cables de prueba TL175 TwistGuard\u2122\"}]},{\"@type\":\"WebSite\",\"@id\":\"https:\\\/\\\/techmasterdemexico.com\\\/#website\",\"url\":\"https:\\\/\\\/techmasterdemexico.com\\\/\",\"name\":\"Techmaster de Mexico\",\"description\":\"\",\"potentialAction\":[{\"@type\":\"SearchAction\",\"target\":{\"@type\":\"EntryPoint\",\"urlTemplate\":\"https:\\\/\\\/techmasterdemexico.com\\\/?s={search_term_string}\"},\"query-input\":{\"@type\":\"PropertyValueSpecification\",\"valueRequired\":true,\"valueName\":\"search_term_string\"}}],\"inLanguage\":\"en-US\"}]}<\/script>\n<!-- \/ Yoast SEO plugin. -->","yoast_head_json":{"title":"Cables de prueba TL175 TwistGuard\u2122 - Techmaster de Mexico","robots":{"index":"index","follow":"follow","max-snippet":"max-snippet:-1","max-image-preview":"max-image-preview:large","max-video-preview":"max-video-preview:-1"},"canonical":"https:\/\/techmasterdemexico.com\/producto\/cables-de-prueba-tl175-twistguard\/","og_locale":"en_US","og_type":"article","og_title":"Cables de prueba TL175 TwistGuard\u2122 - Techmaster de Mexico","og_description":"[:es]      La rosca de punta extensible patentada TwistGuard\u2122 cumple los requisitos de seguridad el\u00e9ctrica m\u00e1s elevados con el fin de reducir la exposici\u00f3n de la punta, al mismo tiempo que proporciona la versatilidad necesaria para la mayor\u00eda de las mediciones    Nueva indicaci\u00f3n de desgaste de los cables WearGuard\u2122. Cada cable de prueba est\u00e1 cubierto por dos capas de aislante de silicona. Si se producen muescas, raspado o los cables experimentan cualquier otro tipo de da\u00f1o y necesitan ser sustituidos, el color de contraste interior queda expuesto    Cables de silicona con doble aislamiento. Los cables de prueba TL175 resisten altas temperaturas y se mantienen flexibles a temperaturas muy bajas    Los protectores de alta resistencia (tanto en el extremo de la sonda como en el de la clavija) se han probado dobl\u00e1ndose m\u00e1s de 30,000 veces, sin que se haya producido falla alguna    Las clavijas de entrada universales son compatibles con todos los instrumentos que aceptan clavijas con punta c\u00f3nica roscadas de 4 mm est\u00e1ndar    Clasificaciones: CAT II 1.000 V, CAT III 1.000 V, CAT IV 600 V, 10 A m\u00e1x., grado de contaminaci\u00f3n 2    TL175E tambi\u00e9n disponible. Incluye puntas de linterna de 4 mm que pueden enroscarse en el extremo del cable.    Las sondas siempre muestran la categor\u00eda correcta para la punta que se usa    Clasificaciones medioambientales: -20 \u00b0C a 55 \u00b0C (-4 \u00b0F a 131 \u00b0F), altitud: 2,000 m (6,562 pies)    Cumple con EN61010-031    Un a\u00f1o de garant\u00eda   [:en]  La rosca de punta extensible patentada TwistGuard\u2122 cumple los requisitos de seguridad el\u00e9ctrica m\u00e1s elevados con el fin de reducir la exposici\u00f3n de la punta, al mismo tiempo que proporciona la versatilidad necesaria para la mayor\u00eda de las mediciones  Nueva indicaci\u00f3n de desgaste de los cables WearGuard\u2122. Cada cable de prueba est\u00e1 cubierto por dos capas de aislante de silicona. Si se producen muescas, raspado o los cables experimentan cualquier otro tipo de da\u00f1o y necesitan ser sustituidos, el color de contraste interior queda expuesto  Cables de silicona con doble aislamiento. Los cables de prueba TL175 resisten altas temperaturas y se mantienen flexibles a temperaturas muy bajas  Los protectores de alta resistencia (tanto en el extremo de la sonda como en el de la clavija) se han probado dobl\u00e1ndose m\u00e1s de 30,000 veces, sin que se haya producido falla alguna  Las clavijas de entrada universales son compatibles con todos los instrumentos que aceptan clavijas con punta c\u00f3nica roscadas de 4 mm est\u00e1ndar  Clasificaciones: CAT II 1.000 V, CAT III 1.000 V, CAT IV 600 V, 10 A m\u00e1x., grado de contaminaci\u00f3n 2  TL175E tambi\u00e9n disponible. Incluye puntas de linterna de 4 mm que pueden enroscarse en el extremo del cable.  Las sondas siempre muestran la categor\u00eda correcta para la punta que se usa  Clasificaciones medioambientales: -20 \u00b0C a 55 \u00b0C (-4 \u00b0F a 131 \u00b0F), altitud: 2,000 m (6,562 pies)  Cumple con EN61010-031  Un a\u00f1o de garant\u00eda [:]","og_url":"https:\/\/techmasterdemexico.com\/producto\/cables-de-prueba-tl175-twistguard\/","og_site_name":"Techmaster de Mexico","article_modified_time":"2025-11-12T23:59:42+00:00","og_image":[{"width":854,"height":854,"url":"https:\/\/techmasterdemexico.com\/wp-content\/uploads\/Fluke-TL175.png","type":"image\/png"}],"twitter_card":"summary_large_image","twitter_misc":{"Est. reading time":"1 minute"},"schema":{"@context":"https:\/\/schema.org","@graph":[{"@type":"WebPage","@id":"https:\/\/techmasterdemexico.com\/producto\/cables-de-prueba-tl175-twistguard\/","url":"https:\/\/techmasterdemexico.com\/producto\/cables-de-prueba-tl175-twistguard\/","name":"Cables de prueba TL175 TwistGuard\u2122 - Techmaster de Mexico","isPartOf":{"@id":"https:\/\/techmasterdemexico.com\/#website"},"primaryImageOfPage":{"@id":"https:\/\/techmasterdemexico.com\/producto\/cables-de-prueba-tl175-twistguard\/#primaryimage"},"image":{"@id":"https:\/\/techmasterdemexico.com\/producto\/cables-de-prueba-tl175-twistguard\/#primaryimage"},"thumbnailUrl":"https:\/\/techmasterdemexico.com\/wp-content\/uploads\/Fluke-TL175.png","datePublished":"2021-08-19T12:58:35+00:00","dateModified":"2025-11-12T23:59:42+00:00","breadcrumb":{"@id":"https:\/\/techmasterdemexico.com\/producto\/cables-de-prueba-tl175-twistguard\/#breadcrumb"},"inLanguage":"en-US","potentialAction":[{"@type":"ReadAction","target":["https:\/\/techmasterdemexico.com\/producto\/cables-de-prueba-tl175-twistguard\/"]}]},{"@type":"ImageObject","inLanguage":"en-US","@id":"https:\/\/techmasterdemexico.com\/producto\/cables-de-prueba-tl175-twistguard\/#primaryimage","url":"https:\/\/techmasterdemexico.com\/wp-content\/uploads\/Fluke-TL175.png","contentUrl":"https:\/\/techmasterdemexico.com\/wp-content\/uploads\/Fluke-TL175.png","width":854,"height":854},{"@type":"BreadcrumbList","@id":"https:\/\/techmasterdemexico.com\/producto\/cables-de-prueba-tl175-twistguard\/#breadcrumb","itemListElement":[{"@type":"ListItem","position":1,"name":"Portada","item":"https:\/\/techmasterdemexico.com\/"},{"@type":"ListItem","position":2,"name":"Cables de prueba TL175 TwistGuard\u2122"}]},{"@type":"WebSite","@id":"https:\/\/techmasterdemexico.com\/#website","url":"https:\/\/techmasterdemexico.com\/","name":"Techmaster de Mexico","description":"","potentialAction":[{"@type":"SearchAction","target":{"@type":"EntryPoint","urlTemplate":"https:\/\/techmasterdemexico.com\/?s={search_term_string}"},"query-input":{"@type":"PropertyValueSpecification","valueRequired":true,"valueName":"search_term_string"}}],"inLanguage":"en-US"}]}},"brands":[{"id":31,"name":"Fluke","slug":"fluke"}],"_links":{"self":[{"href":"https:\/\/techmasterdemexico.com\/en\/wp-json\/wp\/v2\/product\/7993","targetHints":{"allow":["GET"]}}],"collection":[{"href":"https:\/\/techmasterdemexico.com\/en\/wp-json\/wp\/v2\/product"}],"about":[{"href":"https:\/\/techmasterdemexico.com\/en\/wp-json\/wp\/v2\/types\/product"}],"wp:featuredmedia":[{"embeddable":true,"href":"https:\/\/techmasterdemexico.com\/en\/wp-json\/wp\/v2\/media\/20530"}],"wp:attachment":[{"href":"https:\/\/techmasterdemexico.com\/en\/wp-json\/wp\/v2\/media?parent=7993"}],"wp:term":[{"taxonomy":"pwb-brand","embeddable":true,"href":"https:\/\/techmasterdemexico.com\/en\/wp-json\/wp\/v2\/pwb-brand?post=7993"},{"taxonomy":"product_brand","embeddable":true,"href":"https:\/\/techmasterdemexico.com\/en\/wp-json\/wp\/v2\/product_brand?post=7993"},{"taxonomy":"product_cat","embeddable":true,"href":"https:\/\/techmasterdemexico.com\/en\/wp-json\/wp\/v2\/product_cat?post=7993"},{"taxonomy":"product_tag","embeddable":true,"href":"https:\/\/techmasterdemexico.com\/en\/wp-json\/wp\/v2\/product_tag?post=7993"}],"curies":[{"name":"wp","href":"https:\/\/api.w.org\/{rel}","templated":true}]}}