{"id":7984,"date":"2021-08-19T05:58:31","date_gmt":"2021-08-19T05:58:31","guid":{"rendered":"http:\/\/techmastermx.ddns.net\/producto\/juego-de-cables-de-prueba-maestra-industriales-tlk289\/"},"modified":"2021-12-28T22:07:08","modified_gmt":"2021-12-28T22:07:08","slug":"juego-de-cables-de-prueba-maestra-industriales-tlk289","status":"publish","type":"product","link":"https:\/\/techmasterdemexico.com\/en\/producto\/juego-de-cables-de-prueba-maestra-industriales-tlk289\/","title":{"rendered":"Juego de cables de prueba maestra industriales TLK289"},"content":{"rendered":"<p>TLK289 &#8211; Juego de cables de prueba maestra industriales<\/p>\n<p>Fluke TLK289: Juego de cables industriales de prueba maestra dise\u00f1ados para las comprobaciones el\u00e9ctricas y electr\u00f3nicas de los entornos industriales actuales. Las puntas y sondas de comprobaci\u00f3n, y las pinzas de cocodrilo Fluke ampl\u00edan la capacidad de realizar mediciones en diferentes entornos, ampliando as\u00ed las funciones de su medidor. Estas son una parte integral del sistema de medici\u00f3n completo dado que ayudan a obtener lecturas precisas y proporciona seguridad. Incluye 8 art\u00edculos.<\/p>\n","protected":false},"excerpt":{"rendered":"<ul>\n<li>Pinzas de cocodrilo SureGrip\u2122, pinzas, pinzas tipo gancho y puntas de prueba industriales para un contacto fiable en varios puntos de comprobaci\u00f3n<\/li>\n<li>Correa con im\u00e1n para una colocaci\u00f3n c\u00f3moda del mult\u00edmetro en superficies met\u00e1licas.<\/li>\n<li>Adaptador de temperatura con termopares tipo K para mediciones directas mediante las funciones de medici\u00f3n de temperatura del mult\u00edmetro digital<\/li>\n<li>Estuche flexible protector para mult\u00edmetro digital y todos sus accesorios.<\/li>\n<\/ul>\n","protected":false},"featured_media":9221,"template":"","meta":{"_acf_changed":false},"pwb-brand":[31],"product_brand":[],"product_cat":[366,122,30],"product_tag":[],"class_list":{"0":"post-7984","1":"product","2":"type-product","3":"status-publish","4":"has-post-thumbnail","6":"pwb-brand-fluke","7":"product_cat-todos-los-productos","8":"product_cat-cables-sondas-y-puntas-de-prueba","9":"product_cat-fluke","11":"first","12":"instock","13":"taxable","14":"shipping-taxable","15":"product-type-simple"},"acf":[],"yoast_head":"<!-- This site is optimized with the Yoast SEO plugin v27.4 - https:\/\/yoast.com\/product\/yoast-seo-wordpress\/ -->\n<title>Juego de cables de prueba maestra industriales TLK289 - Techmaster de Mexico<\/title>\n<meta name=\"robots\" content=\"index, follow, max-snippet:-1, max-image-preview:large, max-video-preview:-1\" \/>\n<link rel=\"canonical\" href=\"https:\/\/techmasterdemexico.com\/producto\/juego-de-cables-de-prueba-maestra-industriales-tlk289\/\" \/>\n<meta property=\"og:locale\" content=\"en_US\" \/>\n<meta property=\"og:type\" content=\"article\" \/>\n<meta property=\"og:title\" content=\"Juego de cables de prueba maestra industriales TLK289 - Techmaster de Mexico\" \/>\n<meta property=\"og:description\" content=\"Pinzas de cocodrilo SureGrip\u2122, pinzas, pinzas tipo gancho y puntas de prueba industriales para un contacto fiable en varios puntos de comprobaci\u00f3n   Correa con im\u00e1n para una colocaci\u00f3n c\u00f3moda del mult\u00edmetro en superficies met\u00e1licas.   Adaptador de temperatura con termopares tipo K para mediciones directas mediante las funciones de medici\u00f3n de temperatura del mult\u00edmetro digital   Estuche flexible protector para mult\u00edmetro digital y todos sus accesorios.\" \/>\n<meta property=\"og:url\" content=\"https:\/\/techmasterdemexico.com\/producto\/juego-de-cables-de-prueba-maestra-industriales-tlk289\/\" \/>\n<meta property=\"og:site_name\" content=\"Techmaster de Mexico\" \/>\n<meta property=\"article:modified_time\" content=\"2021-12-28T22:07:08+00:00\" \/>\n<meta property=\"og:image\" content=\"https:\/\/techmasterdemexico.com\/wp-content\/uploads\/2021\/08\/Untitled-1.png\" \/>\n\t<meta property=\"og:image:width\" content=\"600\" \/>\n\t<meta property=\"og:image:height\" content=\"600\" \/>\n\t<meta property=\"og:image:type\" content=\"image\/png\" \/>\n<meta name=\"twitter:card\" content=\"summary_large_image\" \/>\n<script type=\"application\/ld+json\" class=\"yoast-schema-graph\">{\"@context\":\"https:\\\/\\\/schema.org\",\"@graph\":[{\"@type\":\"WebPage\",\"@id\":\"https:\\\/\\\/techmasterdemexico.com\\\/producto\\\/juego-de-cables-de-prueba-maestra-industriales-tlk289\\\/\",\"url\":\"https:\\\/\\\/techmasterdemexico.com\\\/producto\\\/juego-de-cables-de-prueba-maestra-industriales-tlk289\\\/\",\"name\":\"Juego de cables de prueba maestra industriales TLK289 - Techmaster de Mexico\",\"isPartOf\":{\"@id\":\"https:\\\/\\\/techmasterdemexico.com\\\/#website\"},\"primaryImageOfPage\":{\"@id\":\"https:\\\/\\\/techmasterdemexico.com\\\/producto\\\/juego-de-cables-de-prueba-maestra-industriales-tlk289\\\/#primaryimage\"},\"image\":{\"@id\":\"https:\\\/\\\/techmasterdemexico.com\\\/producto\\\/juego-de-cables-de-prueba-maestra-industriales-tlk289\\\/#primaryimage\"},\"thumbnailUrl\":\"https:\\\/\\\/techmasterdemexico.com\\\/wp-content\\\/uploads\\\/2021\\\/08\\\/Untitled-1.png\",\"datePublished\":\"2021-08-19T05:58:31+00:00\",\"dateModified\":\"2021-12-28T22:07:08+00:00\",\"breadcrumb\":{\"@id\":\"https:\\\/\\\/techmasterdemexico.com\\\/producto\\\/juego-de-cables-de-prueba-maestra-industriales-tlk289\\\/#breadcrumb\"},\"inLanguage\":\"en-US\",\"potentialAction\":[{\"@type\":\"ReadAction\",\"target\":[\"https:\\\/\\\/techmasterdemexico.com\\\/producto\\\/juego-de-cables-de-prueba-maestra-industriales-tlk289\\\/\"]}]},{\"@type\":\"ImageObject\",\"inLanguage\":\"en-US\",\"@id\":\"https:\\\/\\\/techmasterdemexico.com\\\/producto\\\/juego-de-cables-de-prueba-maestra-industriales-tlk289\\\/#primaryimage\",\"url\":\"https:\\\/\\\/techmasterdemexico.com\\\/wp-content\\\/uploads\\\/2021\\\/08\\\/Untitled-1.png\",\"contentUrl\":\"https:\\\/\\\/techmasterdemexico.com\\\/wp-content\\\/uploads\\\/2021\\\/08\\\/Untitled-1.png\",\"width\":600,\"height\":600},{\"@type\":\"BreadcrumbList\",\"@id\":\"https:\\\/\\\/techmasterdemexico.com\\\/producto\\\/juego-de-cables-de-prueba-maestra-industriales-tlk289\\\/#breadcrumb\",\"itemListElement\":[{\"@type\":\"ListItem\",\"position\":1,\"name\":\"Portada\",\"item\":\"https:\\\/\\\/techmasterdemexico.com\\\/\"},{\"@type\":\"ListItem\",\"position\":2,\"name\":\"Juego de cables de prueba maestra industriales TLK289\"}]},{\"@type\":\"WebSite\",\"@id\":\"https:\\\/\\\/techmasterdemexico.com\\\/#website\",\"url\":\"https:\\\/\\\/techmasterdemexico.com\\\/\",\"name\":\"Techmaster de Mexico\",\"description\":\"\",\"potentialAction\":[{\"@type\":\"SearchAction\",\"target\":{\"@type\":\"EntryPoint\",\"urlTemplate\":\"https:\\\/\\\/techmasterdemexico.com\\\/?s={search_term_string}\"},\"query-input\":{\"@type\":\"PropertyValueSpecification\",\"valueRequired\":true,\"valueName\":\"search_term_string\"}}],\"inLanguage\":\"en-US\"}]}<\/script>\n<!-- \/ Yoast SEO plugin. -->","yoast_head_json":{"title":"Juego de cables de prueba maestra industriales TLK289 - Techmaster de Mexico","robots":{"index":"index","follow":"follow","max-snippet":"max-snippet:-1","max-image-preview":"max-image-preview:large","max-video-preview":"max-video-preview:-1"},"canonical":"https:\/\/techmasterdemexico.com\/producto\/juego-de-cables-de-prueba-maestra-industriales-tlk289\/","og_locale":"en_US","og_type":"article","og_title":"Juego de cables de prueba maestra industriales TLK289 - Techmaster de Mexico","og_description":"Pinzas de cocodrilo SureGrip\u2122, pinzas, pinzas tipo gancho y puntas de prueba industriales para un contacto fiable en varios puntos de comprobaci\u00f3n   Correa con im\u00e1n para una colocaci\u00f3n c\u00f3moda del mult\u00edmetro en superficies met\u00e1licas.   Adaptador de temperatura con termopares tipo K para mediciones directas mediante las funciones de medici\u00f3n de temperatura del mult\u00edmetro digital   Estuche flexible protector para mult\u00edmetro digital y todos sus accesorios.","og_url":"https:\/\/techmasterdemexico.com\/producto\/juego-de-cables-de-prueba-maestra-industriales-tlk289\/","og_site_name":"Techmaster de Mexico","article_modified_time":"2021-12-28T22:07:08+00:00","og_image":[{"width":600,"height":600,"url":"https:\/\/techmasterdemexico.com\/wp-content\/uploads\/2021\/08\/Untitled-1.png","type":"image\/png"}],"twitter_card":"summary_large_image","schema":{"@context":"https:\/\/schema.org","@graph":[{"@type":"WebPage","@id":"https:\/\/techmasterdemexico.com\/producto\/juego-de-cables-de-prueba-maestra-industriales-tlk289\/","url":"https:\/\/techmasterdemexico.com\/producto\/juego-de-cables-de-prueba-maestra-industriales-tlk289\/","name":"Juego de cables de prueba maestra industriales TLK289 - Techmaster de Mexico","isPartOf":{"@id":"https:\/\/techmasterdemexico.com\/#website"},"primaryImageOfPage":{"@id":"https:\/\/techmasterdemexico.com\/producto\/juego-de-cables-de-prueba-maestra-industriales-tlk289\/#primaryimage"},"image":{"@id":"https:\/\/techmasterdemexico.com\/producto\/juego-de-cables-de-prueba-maestra-industriales-tlk289\/#primaryimage"},"thumbnailUrl":"https:\/\/techmasterdemexico.com\/wp-content\/uploads\/2021\/08\/Untitled-1.png","datePublished":"2021-08-19T05:58:31+00:00","dateModified":"2021-12-28T22:07:08+00:00","breadcrumb":{"@id":"https:\/\/techmasterdemexico.com\/producto\/juego-de-cables-de-prueba-maestra-industriales-tlk289\/#breadcrumb"},"inLanguage":"en-US","potentialAction":[{"@type":"ReadAction","target":["https:\/\/techmasterdemexico.com\/producto\/juego-de-cables-de-prueba-maestra-industriales-tlk289\/"]}]},{"@type":"ImageObject","inLanguage":"en-US","@id":"https:\/\/techmasterdemexico.com\/producto\/juego-de-cables-de-prueba-maestra-industriales-tlk289\/#primaryimage","url":"https:\/\/techmasterdemexico.com\/wp-content\/uploads\/2021\/08\/Untitled-1.png","contentUrl":"https:\/\/techmasterdemexico.com\/wp-content\/uploads\/2021\/08\/Untitled-1.png","width":600,"height":600},{"@type":"BreadcrumbList","@id":"https:\/\/techmasterdemexico.com\/producto\/juego-de-cables-de-prueba-maestra-industriales-tlk289\/#breadcrumb","itemListElement":[{"@type":"ListItem","position":1,"name":"Portada","item":"https:\/\/techmasterdemexico.com\/"},{"@type":"ListItem","position":2,"name":"Juego de cables de prueba maestra industriales TLK289"}]},{"@type":"WebSite","@id":"https:\/\/techmasterdemexico.com\/#website","url":"https:\/\/techmasterdemexico.com\/","name":"Techmaster de Mexico","description":"","potentialAction":[{"@type":"SearchAction","target":{"@type":"EntryPoint","urlTemplate":"https:\/\/techmasterdemexico.com\/?s={search_term_string}"},"query-input":{"@type":"PropertyValueSpecification","valueRequired":true,"valueName":"search_term_string"}}],"inLanguage":"en-US"}]}},"brands":[{"id":31,"name":"Fluke","slug":"fluke"}],"_links":{"self":[{"href":"https:\/\/techmasterdemexico.com\/en\/wp-json\/wp\/v2\/product\/7984","targetHints":{"allow":["GET"]}}],"collection":[{"href":"https:\/\/techmasterdemexico.com\/en\/wp-json\/wp\/v2\/product"}],"about":[{"href":"https:\/\/techmasterdemexico.com\/en\/wp-json\/wp\/v2\/types\/product"}],"wp:featuredmedia":[{"embeddable":true,"href":"https:\/\/techmasterdemexico.com\/en\/wp-json\/wp\/v2\/media\/9221"}],"wp:attachment":[{"href":"https:\/\/techmasterdemexico.com\/en\/wp-json\/wp\/v2\/media?parent=7984"}],"wp:term":[{"taxonomy":"pwb-brand","embeddable":true,"href":"https:\/\/techmasterdemexico.com\/en\/wp-json\/wp\/v2\/pwb-brand?post=7984"},{"taxonomy":"product_brand","embeddable":true,"href":"https:\/\/techmasterdemexico.com\/en\/wp-json\/wp\/v2\/product_brand?post=7984"},{"taxonomy":"product_cat","embeddable":true,"href":"https:\/\/techmasterdemexico.com\/en\/wp-json\/wp\/v2\/product_cat?post=7984"},{"taxonomy":"product_tag","embeddable":true,"href":"https:\/\/techmasterdemexico.com\/en\/wp-json\/wp\/v2\/product_tag?post=7984"}],"curies":[{"name":"wp","href":"https:\/\/api.w.org\/{rel}","templated":true}]}}