{"id":7983,"date":"2021-08-19T05:58:30","date_gmt":"2021-08-19T05:58:30","guid":{"rendered":"http:\/\/techmastermx.ddns.net\/producto\/juego-de-puntas-y-sondas-de-comprobacion-con-fusible-fluke-ftpl-suregrip\/"},"modified":"2021-12-28T22:07:10","modified_gmt":"2021-12-28T22:07:10","slug":"juego-de-puntas-y-sondas-de-comprobacion-con-fusible-fluke-ftpl-suregrip","status":"publish","type":"product","link":"https:\/\/techmasterdemexico.com\/en\/producto\/juego-de-puntas-y-sondas-de-comprobacion-con-fusible-fluke-ftpl-suregrip\/","title":{"rendered":"Juego de puntas y sondas de comprobaci\u00f3n con fusible Fluke FTPL SureGrip\u2122"},"content":{"rendered":"<p><span lang=\"ES-MX\">En respuesta a los nuevos lineamientos de la Electronic Security Association (ESA), Fluke presenta sondas de prueba con fusibles integrados para una protecci\u00f3n adicional en las mediciones. Y, aunque el fusible de la punta no se funda, estas puntas permitir\u00e1n que el medidor indique la presencia de voltaje para ayudar a evitar una posible lectura err\u00f3nea de ausencia de voltaje. Las nuevas sondas modulares FTP se pueden montar en cualquier formato de cables modulares. El juego de FTP incluye los cables modulares Fluke TL224 con las sondas de prueba con fusibles. Con categor\u00eda CAT III 1000 V, estas sondas tambi\u00e9n tienen puntas recubiertas removibles para brindar mayor seguridad.<\/span><\/p>\n","protected":false},"excerpt":{"rendered":"<ul>\n<li>Fusibles integrados para una mayor protecci\u00f3n en las mediciones<\/li>\n<li>Las sondas permiten la indicaci\u00f3n del voltaje activa incluso con un fusible fundido, lo que ayuda a evitar que el usuario piense que no hay voltaje presente<\/li>\n<li>Las puntas de sonda roscadas de 2 mm incluyen contactos de muelle de tipo linterna extra\u00edbles de 4 mm y cubiertas aisladas IC GS38 extra\u00edbles para la comprobaci\u00f3n mediante sonda de cables pr\u00f3ximos entre s\u00ed<\/li>\n<li>Temperatura de funcionamiento de -20 \u00b0C a 50 \u00b0C (de -5 \u00b0F a 120 \u00b0F)<\/li>\n<li>Calificaci\u00f3n CAT III 1000 V, CAT IV 600 V, 10 A<\/li>\n<li>El juego de sonda y cables de prueba con fusibles FTPL incluye cables de prueba TL224<\/li>\n<\/ul>\n","protected":false},"featured_media":9166,"template":"","meta":{"_acf_changed":false},"pwb-brand":[31],"product_brand":[],"product_cat":[366,118,120,30],"product_tag":[],"class_list":{"0":"post-7983","1":"product","2":"type-product","3":"status-publish","4":"has-post-thumbnail","6":"pwb-brand-fluke","7":"product_cat-todos-los-productos","8":"product_cat-accesorios-fluke","9":"product_cat-adaptadores-y-cables","10":"product_cat-fluke","12":"first","13":"instock","14":"taxable","15":"shipping-taxable","16":"product-type-simple"},"acf":[],"yoast_head":"<!-- This site is optimized with the Yoast SEO plugin v27.4 - https:\/\/yoast.com\/product\/yoast-seo-wordpress\/ -->\n<title>Juego de puntas y sondas de comprobaci\u00f3n con fusible Fluke FTPL SureGrip\u2122 - Techmaster de Mexico<\/title>\n<meta name=\"robots\" content=\"index, follow, max-snippet:-1, max-image-preview:large, max-video-preview:-1\" \/>\n<link rel=\"canonical\" href=\"https:\/\/techmasterdemexico.com\/producto\/juego-de-puntas-y-sondas-de-comprobacion-con-fusible-fluke-ftpl-suregrip\/\" \/>\n<meta property=\"og:locale\" content=\"en_US\" \/>\n<meta property=\"og:type\" content=\"article\" \/>\n<meta property=\"og:title\" content=\"Juego de puntas y sondas de comprobaci\u00f3n con fusible Fluke FTPL SureGrip\u2122 - Techmaster de Mexico\" \/>\n<meta property=\"og:description\" content=\"Fusibles integrados para una mayor protecci\u00f3n en las mediciones  Las sondas permiten la indicaci\u00f3n del voltaje activa incluso con un fusible fundido, lo que ayuda a evitar que el usuario piense que no hay voltaje presente  Las puntas de sonda roscadas de 2 mm incluyen contactos de muelle de tipo linterna extra\u00edbles de 4 mm y cubiertas aisladas IC GS38 extra\u00edbles para la comprobaci\u00f3n mediante sonda de cables pr\u00f3ximos entre s\u00ed  Temperatura de funcionamiento de -20 \u00b0C a 50 \u00b0C (de -5 \u00b0F a 120 \u00b0F)  Calificaci\u00f3n CAT III 1000 V, CAT IV 600 V, 10 A  El juego de sonda y cables de prueba con fusibles FTPL incluye cables de prueba TL224\" \/>\n<meta property=\"og:url\" content=\"https:\/\/techmasterdemexico.com\/producto\/juego-de-puntas-y-sondas-de-comprobacion-con-fusible-fluke-ftpl-suregrip\/\" \/>\n<meta property=\"og:site_name\" content=\"Techmaster de Mexico\" \/>\n<meta property=\"article:modified_time\" content=\"2021-12-28T22:07:10+00:00\" \/>\n<meta property=\"og:image\" content=\"https:\/\/techmasterdemexico.com\/wp-content\/uploads\/2021\/08\/f-ftpl-1_01a_h-1500x1000-1.png\" \/>\n\t<meta property=\"og:image:width\" content=\"410\" \/>\n\t<meta property=\"og:image:height\" content=\"410\" \/>\n\t<meta property=\"og:image:type\" content=\"image\/png\" \/>\n<meta name=\"twitter:card\" content=\"summary_large_image\" \/>\n<meta name=\"twitter:label1\" content=\"Est. reading time\" \/>\n\t<meta name=\"twitter:data1\" content=\"1 minute\" \/>\n<script type=\"application\/ld+json\" class=\"yoast-schema-graph\">{\"@context\":\"https:\\\/\\\/schema.org\",\"@graph\":[{\"@type\":\"WebPage\",\"@id\":\"https:\\\/\\\/techmasterdemexico.com\\\/producto\\\/juego-de-puntas-y-sondas-de-comprobacion-con-fusible-fluke-ftpl-suregrip\\\/\",\"url\":\"https:\\\/\\\/techmasterdemexico.com\\\/producto\\\/juego-de-puntas-y-sondas-de-comprobacion-con-fusible-fluke-ftpl-suregrip\\\/\",\"name\":\"Juego de puntas y sondas de comprobaci\u00f3n con fusible Fluke FTPL SureGrip\u2122 - Techmaster de Mexico\",\"isPartOf\":{\"@id\":\"https:\\\/\\\/techmasterdemexico.com\\\/#website\"},\"primaryImageOfPage\":{\"@id\":\"https:\\\/\\\/techmasterdemexico.com\\\/producto\\\/juego-de-puntas-y-sondas-de-comprobacion-con-fusible-fluke-ftpl-suregrip\\\/#primaryimage\"},\"image\":{\"@id\":\"https:\\\/\\\/techmasterdemexico.com\\\/producto\\\/juego-de-puntas-y-sondas-de-comprobacion-con-fusible-fluke-ftpl-suregrip\\\/#primaryimage\"},\"thumbnailUrl\":\"https:\\\/\\\/techmasterdemexico.com\\\/wp-content\\\/uploads\\\/2021\\\/08\\\/f-ftpl-1_01a_h-1500x1000-1.png\",\"datePublished\":\"2021-08-19T05:58:30+00:00\",\"dateModified\":\"2021-12-28T22:07:10+00:00\",\"breadcrumb\":{\"@id\":\"https:\\\/\\\/techmasterdemexico.com\\\/producto\\\/juego-de-puntas-y-sondas-de-comprobacion-con-fusible-fluke-ftpl-suregrip\\\/#breadcrumb\"},\"inLanguage\":\"en-US\",\"potentialAction\":[{\"@type\":\"ReadAction\",\"target\":[\"https:\\\/\\\/techmasterdemexico.com\\\/producto\\\/juego-de-puntas-y-sondas-de-comprobacion-con-fusible-fluke-ftpl-suregrip\\\/\"]}]},{\"@type\":\"ImageObject\",\"inLanguage\":\"en-US\",\"@id\":\"https:\\\/\\\/techmasterdemexico.com\\\/producto\\\/juego-de-puntas-y-sondas-de-comprobacion-con-fusible-fluke-ftpl-suregrip\\\/#primaryimage\",\"url\":\"https:\\\/\\\/techmasterdemexico.com\\\/wp-content\\\/uploads\\\/2021\\\/08\\\/f-ftpl-1_01a_h-1500x1000-1.png\",\"contentUrl\":\"https:\\\/\\\/techmasterdemexico.com\\\/wp-content\\\/uploads\\\/2021\\\/08\\\/f-ftpl-1_01a_h-1500x1000-1.png\",\"width\":410,\"height\":410},{\"@type\":\"BreadcrumbList\",\"@id\":\"https:\\\/\\\/techmasterdemexico.com\\\/producto\\\/juego-de-puntas-y-sondas-de-comprobacion-con-fusible-fluke-ftpl-suregrip\\\/#breadcrumb\",\"itemListElement\":[{\"@type\":\"ListItem\",\"position\":1,\"name\":\"Portada\",\"item\":\"https:\\\/\\\/techmasterdemexico.com\\\/\"},{\"@type\":\"ListItem\",\"position\":2,\"name\":\"Juego de puntas y sondas de comprobaci\u00f3n con fusible Fluke FTPL SureGrip\u2122\"}]},{\"@type\":\"WebSite\",\"@id\":\"https:\\\/\\\/techmasterdemexico.com\\\/#website\",\"url\":\"https:\\\/\\\/techmasterdemexico.com\\\/\",\"name\":\"Techmaster de Mexico\",\"description\":\"\",\"potentialAction\":[{\"@type\":\"SearchAction\",\"target\":{\"@type\":\"EntryPoint\",\"urlTemplate\":\"https:\\\/\\\/techmasterdemexico.com\\\/?s={search_term_string}\"},\"query-input\":{\"@type\":\"PropertyValueSpecification\",\"valueRequired\":true,\"valueName\":\"search_term_string\"}}],\"inLanguage\":\"en-US\"}]}<\/script>\n<!-- \/ Yoast SEO plugin. -->","yoast_head_json":{"title":"Juego de puntas y sondas de comprobaci\u00f3n con fusible Fluke FTPL SureGrip\u2122 - Techmaster de Mexico","robots":{"index":"index","follow":"follow","max-snippet":"max-snippet:-1","max-image-preview":"max-image-preview:large","max-video-preview":"max-video-preview:-1"},"canonical":"https:\/\/techmasterdemexico.com\/producto\/juego-de-puntas-y-sondas-de-comprobacion-con-fusible-fluke-ftpl-suregrip\/","og_locale":"en_US","og_type":"article","og_title":"Juego de puntas y sondas de comprobaci\u00f3n con fusible Fluke FTPL SureGrip\u2122 - Techmaster de Mexico","og_description":"Fusibles integrados para una mayor protecci\u00f3n en las mediciones  Las sondas permiten la indicaci\u00f3n del voltaje activa incluso con un fusible fundido, lo que ayuda a evitar que el usuario piense que no hay voltaje presente  Las puntas de sonda roscadas de 2 mm incluyen contactos de muelle de tipo linterna extra\u00edbles de 4 mm y cubiertas aisladas IC GS38 extra\u00edbles para la comprobaci\u00f3n mediante sonda de cables pr\u00f3ximos entre s\u00ed  Temperatura de funcionamiento de -20 \u00b0C a 50 \u00b0C (de -5 \u00b0F a 120 \u00b0F)  Calificaci\u00f3n CAT III 1000 V, CAT IV 600 V, 10 A  El juego de sonda y cables de prueba con fusibles FTPL incluye cables de prueba TL224","og_url":"https:\/\/techmasterdemexico.com\/producto\/juego-de-puntas-y-sondas-de-comprobacion-con-fusible-fluke-ftpl-suregrip\/","og_site_name":"Techmaster de Mexico","article_modified_time":"2021-12-28T22:07:10+00:00","og_image":[{"width":410,"height":410,"url":"https:\/\/techmasterdemexico.com\/wp-content\/uploads\/2021\/08\/f-ftpl-1_01a_h-1500x1000-1.png","type":"image\/png"}],"twitter_card":"summary_large_image","twitter_misc":{"Est. reading time":"1 minute"},"schema":{"@context":"https:\/\/schema.org","@graph":[{"@type":"WebPage","@id":"https:\/\/techmasterdemexico.com\/producto\/juego-de-puntas-y-sondas-de-comprobacion-con-fusible-fluke-ftpl-suregrip\/","url":"https:\/\/techmasterdemexico.com\/producto\/juego-de-puntas-y-sondas-de-comprobacion-con-fusible-fluke-ftpl-suregrip\/","name":"Juego de puntas y sondas de comprobaci\u00f3n con fusible Fluke FTPL SureGrip\u2122 - Techmaster de Mexico","isPartOf":{"@id":"https:\/\/techmasterdemexico.com\/#website"},"primaryImageOfPage":{"@id":"https:\/\/techmasterdemexico.com\/producto\/juego-de-puntas-y-sondas-de-comprobacion-con-fusible-fluke-ftpl-suregrip\/#primaryimage"},"image":{"@id":"https:\/\/techmasterdemexico.com\/producto\/juego-de-puntas-y-sondas-de-comprobacion-con-fusible-fluke-ftpl-suregrip\/#primaryimage"},"thumbnailUrl":"https:\/\/techmasterdemexico.com\/wp-content\/uploads\/2021\/08\/f-ftpl-1_01a_h-1500x1000-1.png","datePublished":"2021-08-19T05:58:30+00:00","dateModified":"2021-12-28T22:07:10+00:00","breadcrumb":{"@id":"https:\/\/techmasterdemexico.com\/producto\/juego-de-puntas-y-sondas-de-comprobacion-con-fusible-fluke-ftpl-suregrip\/#breadcrumb"},"inLanguage":"en-US","potentialAction":[{"@type":"ReadAction","target":["https:\/\/techmasterdemexico.com\/producto\/juego-de-puntas-y-sondas-de-comprobacion-con-fusible-fluke-ftpl-suregrip\/"]}]},{"@type":"ImageObject","inLanguage":"en-US","@id":"https:\/\/techmasterdemexico.com\/producto\/juego-de-puntas-y-sondas-de-comprobacion-con-fusible-fluke-ftpl-suregrip\/#primaryimage","url":"https:\/\/techmasterdemexico.com\/wp-content\/uploads\/2021\/08\/f-ftpl-1_01a_h-1500x1000-1.png","contentUrl":"https:\/\/techmasterdemexico.com\/wp-content\/uploads\/2021\/08\/f-ftpl-1_01a_h-1500x1000-1.png","width":410,"height":410},{"@type":"BreadcrumbList","@id":"https:\/\/techmasterdemexico.com\/producto\/juego-de-puntas-y-sondas-de-comprobacion-con-fusible-fluke-ftpl-suregrip\/#breadcrumb","itemListElement":[{"@type":"ListItem","position":1,"name":"Portada","item":"https:\/\/techmasterdemexico.com\/"},{"@type":"ListItem","position":2,"name":"Juego de puntas y sondas de comprobaci\u00f3n con fusible Fluke FTPL SureGrip\u2122"}]},{"@type":"WebSite","@id":"https:\/\/techmasterdemexico.com\/#website","url":"https:\/\/techmasterdemexico.com\/","name":"Techmaster de Mexico","description":"","potentialAction":[{"@type":"SearchAction","target":{"@type":"EntryPoint","urlTemplate":"https:\/\/techmasterdemexico.com\/?s={search_term_string}"},"query-input":{"@type":"PropertyValueSpecification","valueRequired":true,"valueName":"search_term_string"}}],"inLanguage":"en-US"}]}},"brands":[{"id":31,"name":"Fluke","slug":"fluke"}],"_links":{"self":[{"href":"https:\/\/techmasterdemexico.com\/en\/wp-json\/wp\/v2\/product\/7983","targetHints":{"allow":["GET"]}}],"collection":[{"href":"https:\/\/techmasterdemexico.com\/en\/wp-json\/wp\/v2\/product"}],"about":[{"href":"https:\/\/techmasterdemexico.com\/en\/wp-json\/wp\/v2\/types\/product"}],"wp:featuredmedia":[{"embeddable":true,"href":"https:\/\/techmasterdemexico.com\/en\/wp-json\/wp\/v2\/media\/9166"}],"wp:attachment":[{"href":"https:\/\/techmasterdemexico.com\/en\/wp-json\/wp\/v2\/media?parent=7983"}],"wp:term":[{"taxonomy":"pwb-brand","embeddable":true,"href":"https:\/\/techmasterdemexico.com\/en\/wp-json\/wp\/v2\/pwb-brand?post=7983"},{"taxonomy":"product_brand","embeddable":true,"href":"https:\/\/techmasterdemexico.com\/en\/wp-json\/wp\/v2\/product_brand?post=7983"},{"taxonomy":"product_cat","embeddable":true,"href":"https:\/\/techmasterdemexico.com\/en\/wp-json\/wp\/v2\/product_cat?post=7983"},{"taxonomy":"product_tag","embeddable":true,"href":"https:\/\/techmasterdemexico.com\/en\/wp-json\/wp\/v2\/product_tag?post=7983"}],"curies":[{"name":"wp","href":"https:\/\/api.w.org\/{rel}","templated":true}]}}