{"id":7982,"date":"2021-08-19T05:58:30","date_gmt":"2021-08-19T05:58:30","guid":{"rendered":"http:\/\/techmastermx.ddns.net\/producto\/kit-de-adaptadores-de-puntas-de-prueba-tp920\/"},"modified":"2021-12-28T22:07:09","modified_gmt":"2021-12-28T22:07:09","slug":"kit-de-adaptadores-de-puntas-de-prueba-tp920","status":"publish","type":"product","link":"https:\/\/techmasterdemexico.com\/en\/producto\/kit-de-adaptadores-de-puntas-de-prueba-tp920\/","title":{"rendered":"Kit de adaptadores de puntas de prueba TP920"},"content":{"rendered":"","protected":false},"excerpt":{"rendered":"<ul>\n<li>Juego de adaptadores encajables para las puntas de prueba TL71 y TL75<\/li>\n<li>Adaptadores de prueba de CI, puntas de sonda ampliadas, pinzas de cocodrilo medianas (abertura m\u00e1x. de 7.6 mm)<\/li>\n<li>Categor\u00eda de seguridad CAT III 300 V, 3 A<\/li>\n<li>Un a\u00f1o de garant\u00eda<\/li>\n<\/ul>\n","protected":false},"featured_media":9165,"template":"","meta":{"_acf_changed":false},"pwb-brand":[31],"product_brand":[],"product_cat":[366,118,120,30],"product_tag":[],"class_list":{"0":"post-7982","1":"product","2":"type-product","3":"status-publish","4":"has-post-thumbnail","6":"pwb-brand-fluke","7":"product_cat-todos-los-productos","8":"product_cat-accesorios-fluke","9":"product_cat-adaptadores-y-cables","10":"product_cat-fluke","12":"first","13":"instock","14":"taxable","15":"shipping-taxable","16":"product-type-simple"},"acf":[],"yoast_head":"<!-- This site is optimized with the Yoast SEO plugin v27.4 - https:\/\/yoast.com\/product\/yoast-seo-wordpress\/ -->\n<title>Kit de adaptadores de puntas de prueba TP920 - Techmaster de Mexico<\/title>\n<meta name=\"robots\" content=\"index, follow, max-snippet:-1, max-image-preview:large, max-video-preview:-1\" \/>\n<link rel=\"canonical\" href=\"https:\/\/techmasterdemexico.com\/en\/producto\/kit-de-adaptadores-de-puntas-de-prueba-tp920\/\" \/>\n<meta property=\"og:locale\" content=\"en_US\" \/>\n<meta property=\"og:type\" content=\"article\" \/>\n<meta property=\"og:title\" content=\"Kit de adaptadores de puntas de prueba TP920 - Techmaster de Mexico\" \/>\n<meta property=\"og:description\" content=\"Juego de adaptadores encajables para las puntas de prueba TL71 y TL75  Adaptadores de prueba de CI, puntas de sonda ampliadas, pinzas de cocodrilo medianas (abertura m\u00e1x. de 7.6 mm)  Categor\u00eda de seguridad CAT III 300 V, 3 A  Un a\u00f1o de garant\u00eda\" \/>\n<meta property=\"og:url\" content=\"https:\/\/techmasterdemexico.com\/en\/producto\/kit-de-adaptadores-de-puntas-de-prueba-tp920\/\" \/>\n<meta property=\"og:site_name\" content=\"Techmaster de Mexico\" \/>\n<meta property=\"article:modified_time\" content=\"2021-12-28T22:07:09+00:00\" \/>\n<meta property=\"og:image\" content=\"https:\/\/techmasterdemexico.com\/wp-content\/uploads\/2021\/08\/F-tp920_01c_c_1500x1000.png\" \/>\n\t<meta property=\"og:image:width\" content=\"410\" \/>\n\t<meta property=\"og:image:height\" content=\"410\" \/>\n\t<meta property=\"og:image:type\" content=\"image\/png\" \/>\n<meta name=\"twitter:card\" content=\"summary_large_image\" \/>\n<script type=\"application\/ld+json\" class=\"yoast-schema-graph\">{\"@context\":\"https:\\\/\\\/schema.org\",\"@graph\":[{\"@type\":\"WebPage\",\"@id\":\"https:\\\/\\\/techmasterdemexico.com\\\/en\\\/producto\\\/kit-de-adaptadores-de-puntas-de-prueba-tp920\\\/\",\"url\":\"https:\\\/\\\/techmasterdemexico.com\\\/en\\\/producto\\\/kit-de-adaptadores-de-puntas-de-prueba-tp920\\\/\",\"name\":\"Kit de adaptadores de puntas de prueba TP920 - Techmaster de Mexico\",\"isPartOf\":{\"@id\":\"https:\\\/\\\/techmasterdemexico.com\\\/#website\"},\"primaryImageOfPage\":{\"@id\":\"https:\\\/\\\/techmasterdemexico.com\\\/en\\\/producto\\\/kit-de-adaptadores-de-puntas-de-prueba-tp920\\\/#primaryimage\"},\"image\":{\"@id\":\"https:\\\/\\\/techmasterdemexico.com\\\/en\\\/producto\\\/kit-de-adaptadores-de-puntas-de-prueba-tp920\\\/#primaryimage\"},\"thumbnailUrl\":\"https:\\\/\\\/techmasterdemexico.com\\\/wp-content\\\/uploads\\\/2021\\\/08\\\/F-tp920_01c_c_1500x1000.png\",\"datePublished\":\"2021-08-19T05:58:30+00:00\",\"dateModified\":\"2021-12-28T22:07:09+00:00\",\"breadcrumb\":{\"@id\":\"https:\\\/\\\/techmasterdemexico.com\\\/en\\\/producto\\\/kit-de-adaptadores-de-puntas-de-prueba-tp920\\\/#breadcrumb\"},\"inLanguage\":\"en-US\",\"potentialAction\":[{\"@type\":\"ReadAction\",\"target\":[\"https:\\\/\\\/techmasterdemexico.com\\\/en\\\/producto\\\/kit-de-adaptadores-de-puntas-de-prueba-tp920\\\/\"]}]},{\"@type\":\"ImageObject\",\"inLanguage\":\"en-US\",\"@id\":\"https:\\\/\\\/techmasterdemexico.com\\\/en\\\/producto\\\/kit-de-adaptadores-de-puntas-de-prueba-tp920\\\/#primaryimage\",\"url\":\"https:\\\/\\\/techmasterdemexico.com\\\/wp-content\\\/uploads\\\/2021\\\/08\\\/F-tp920_01c_c_1500x1000.png\",\"contentUrl\":\"https:\\\/\\\/techmasterdemexico.com\\\/wp-content\\\/uploads\\\/2021\\\/08\\\/F-tp920_01c_c_1500x1000.png\",\"width\":410,\"height\":410},{\"@type\":\"BreadcrumbList\",\"@id\":\"https:\\\/\\\/techmasterdemexico.com\\\/en\\\/producto\\\/kit-de-adaptadores-de-puntas-de-prueba-tp920\\\/#breadcrumb\",\"itemListElement\":[{\"@type\":\"ListItem\",\"position\":1,\"name\":\"Portada\",\"item\":\"https:\\\/\\\/techmasterdemexico.com\\\/\"},{\"@type\":\"ListItem\",\"position\":2,\"name\":\"Kit de adaptadores de puntas de prueba TP920\"}]},{\"@type\":\"WebSite\",\"@id\":\"https:\\\/\\\/techmasterdemexico.com\\\/#website\",\"url\":\"https:\\\/\\\/techmasterdemexico.com\\\/\",\"name\":\"Techmaster de Mexico\",\"description\":\"\",\"potentialAction\":[{\"@type\":\"SearchAction\",\"target\":{\"@type\":\"EntryPoint\",\"urlTemplate\":\"https:\\\/\\\/techmasterdemexico.com\\\/?s={search_term_string}\"},\"query-input\":{\"@type\":\"PropertyValueSpecification\",\"valueRequired\":true,\"valueName\":\"search_term_string\"}}],\"inLanguage\":\"en-US\"}]}<\/script>\n<!-- \/ Yoast SEO plugin. -->","yoast_head_json":{"title":"Kit de adaptadores de puntas de prueba TP920 - Techmaster de Mexico","robots":{"index":"index","follow":"follow","max-snippet":"max-snippet:-1","max-image-preview":"max-image-preview:large","max-video-preview":"max-video-preview:-1"},"canonical":"https:\/\/techmasterdemexico.com\/en\/producto\/kit-de-adaptadores-de-puntas-de-prueba-tp920\/","og_locale":"en_US","og_type":"article","og_title":"Kit de adaptadores de puntas de prueba TP920 - Techmaster de Mexico","og_description":"Juego de adaptadores encajables para las puntas de prueba TL71 y TL75  Adaptadores de prueba de CI, puntas de sonda ampliadas, pinzas de cocodrilo medianas (abertura m\u00e1x. de 7.6 mm)  Categor\u00eda de seguridad CAT III 300 V, 3 A  Un a\u00f1o de garant\u00eda","og_url":"https:\/\/techmasterdemexico.com\/en\/producto\/kit-de-adaptadores-de-puntas-de-prueba-tp920\/","og_site_name":"Techmaster de Mexico","article_modified_time":"2021-12-28T22:07:09+00:00","og_image":[{"width":410,"height":410,"url":"https:\/\/techmasterdemexico.com\/wp-content\/uploads\/2021\/08\/F-tp920_01c_c_1500x1000.png","type":"image\/png"}],"twitter_card":"summary_large_image","schema":{"@context":"https:\/\/schema.org","@graph":[{"@type":"WebPage","@id":"https:\/\/techmasterdemexico.com\/en\/producto\/kit-de-adaptadores-de-puntas-de-prueba-tp920\/","url":"https:\/\/techmasterdemexico.com\/en\/producto\/kit-de-adaptadores-de-puntas-de-prueba-tp920\/","name":"Kit de adaptadores de puntas de prueba TP920 - Techmaster de Mexico","isPartOf":{"@id":"https:\/\/techmasterdemexico.com\/#website"},"primaryImageOfPage":{"@id":"https:\/\/techmasterdemexico.com\/en\/producto\/kit-de-adaptadores-de-puntas-de-prueba-tp920\/#primaryimage"},"image":{"@id":"https:\/\/techmasterdemexico.com\/en\/producto\/kit-de-adaptadores-de-puntas-de-prueba-tp920\/#primaryimage"},"thumbnailUrl":"https:\/\/techmasterdemexico.com\/wp-content\/uploads\/2021\/08\/F-tp920_01c_c_1500x1000.png","datePublished":"2021-08-19T05:58:30+00:00","dateModified":"2021-12-28T22:07:09+00:00","breadcrumb":{"@id":"https:\/\/techmasterdemexico.com\/en\/producto\/kit-de-adaptadores-de-puntas-de-prueba-tp920\/#breadcrumb"},"inLanguage":"en-US","potentialAction":[{"@type":"ReadAction","target":["https:\/\/techmasterdemexico.com\/en\/producto\/kit-de-adaptadores-de-puntas-de-prueba-tp920\/"]}]},{"@type":"ImageObject","inLanguage":"en-US","@id":"https:\/\/techmasterdemexico.com\/en\/producto\/kit-de-adaptadores-de-puntas-de-prueba-tp920\/#primaryimage","url":"https:\/\/techmasterdemexico.com\/wp-content\/uploads\/2021\/08\/F-tp920_01c_c_1500x1000.png","contentUrl":"https:\/\/techmasterdemexico.com\/wp-content\/uploads\/2021\/08\/F-tp920_01c_c_1500x1000.png","width":410,"height":410},{"@type":"BreadcrumbList","@id":"https:\/\/techmasterdemexico.com\/en\/producto\/kit-de-adaptadores-de-puntas-de-prueba-tp920\/#breadcrumb","itemListElement":[{"@type":"ListItem","position":1,"name":"Portada","item":"https:\/\/techmasterdemexico.com\/"},{"@type":"ListItem","position":2,"name":"Kit de adaptadores de puntas de prueba TP920"}]},{"@type":"WebSite","@id":"https:\/\/techmasterdemexico.com\/#website","url":"https:\/\/techmasterdemexico.com\/","name":"Techmaster de Mexico","description":"","potentialAction":[{"@type":"SearchAction","target":{"@type":"EntryPoint","urlTemplate":"https:\/\/techmasterdemexico.com\/?s={search_term_string}"},"query-input":{"@type":"PropertyValueSpecification","valueRequired":true,"valueName":"search_term_string"}}],"inLanguage":"en-US"}]}},"brands":[{"id":31,"name":"Fluke","slug":"fluke"}],"_links":{"self":[{"href":"https:\/\/techmasterdemexico.com\/en\/wp-json\/wp\/v2\/product\/7982","targetHints":{"allow":["GET"]}}],"collection":[{"href":"https:\/\/techmasterdemexico.com\/en\/wp-json\/wp\/v2\/product"}],"about":[{"href":"https:\/\/techmasterdemexico.com\/en\/wp-json\/wp\/v2\/types\/product"}],"wp:featuredmedia":[{"embeddable":true,"href":"https:\/\/techmasterdemexico.com\/en\/wp-json\/wp\/v2\/media\/9165"}],"wp:attachment":[{"href":"https:\/\/techmasterdemexico.com\/en\/wp-json\/wp\/v2\/media?parent=7982"}],"wp:term":[{"taxonomy":"pwb-brand","embeddable":true,"href":"https:\/\/techmasterdemexico.com\/en\/wp-json\/wp\/v2\/pwb-brand?post=7982"},{"taxonomy":"product_brand","embeddable":true,"href":"https:\/\/techmasterdemexico.com\/en\/wp-json\/wp\/v2\/product_brand?post=7982"},{"taxonomy":"product_cat","embeddable":true,"href":"https:\/\/techmasterdemexico.com\/en\/wp-json\/wp\/v2\/product_cat?post=7982"},{"taxonomy":"product_tag","embeddable":true,"href":"https:\/\/techmasterdemexico.com\/en\/wp-json\/wp\/v2\/product_tag?post=7982"}],"curies":[{"name":"wp","href":"https:\/\/api.w.org\/{rel}","templated":true}]}}