{"id":7867,"date":"2021-07-23T20:16:40","date_gmt":"2021-07-24T03:16:40","guid":{"rendered":"http:\/\/techmastermx.ddns.net\/producto\/medidor-de-sonido-amprobe-sm-20a\/"},"modified":"2025-06-26T12:37:59","modified_gmt":"2025-06-26T19:37:59","slug":"medidor-de-sonido-amprobe-sm-20a","status":"publish","type":"product","link":"https:\/\/techmasterdemexico.com\/en\/producto\/medidor-de-sonido-amprobe-sm-20a\/","title":{"rendered":"Medidor de sonido Amprobe SM-20A"},"content":{"rendered":"<p>Medidor de sonido Amprobe SM-20A<\/p>\n<ul>\n<li>Dise\u00f1ado para cumplir con los requisitos de medici\u00f3n de ingenieros de seguridad, salud, oficinas de seguridad industrial y control de calidad en diversos entornos.<\/li>\n<li>Ponderaciones A y C para comprobar el cumplimiento de las normas de seguridad y an\u00e1lisis ac\u00fastico<\/li>\n<li>Rangos de medici\u00f3n: ponderaci\u00f3n A 30 &#8211; 130 dB, ponderaci\u00f3n C 35 &#8211; 130 dB<\/li>\n<li>Rango de frecuencia: 31,5 Hz &#8211; 8 kHz<\/li>\n<li>Pantalla con pasos de 0,1 dB en una pantalla LCD de 4 d\u00edgitos<\/li>\n<li>Configuraciones de respuesta lenta (1 segundo) y r\u00e1pida (125 ms) para verificar los niveles de ruido pico y promedio<\/li>\n<li>Grabaci\u00f3n m\u00e1xima \/ m\u00ednima<\/li>\n<li>Memoria interna, 14.000 registros<\/li>\n<li>Intervalos de grabaci\u00f3n de 1 segundo a 8 horas<\/li>\n<li>Capacidades de descarga de computadora PC<\/li>\n<li>Retenci\u00f3n de datos para congelar la lectura en la pantalla digital<\/li>\n<li>CE, dise\u00f1ado para cumplir con IEC651 tipo 2, ANSI S1.4 tipo 2<\/li>\n<\/ul>\n<p>&nbsp;<\/p>\n<p>El Son\u00f3metro Amprobe SM-20A ha sido dise\u00f1ado para verificar el cumplimiento de las normas de seguridad y realizar an\u00e1lisis ac\u00fasticos por parte de ingenieros de seguridad, oficinas de salud, industriales y de seguridad, as\u00ed como control de calidad. El SM-20A ofrece una interfaz para PC.<\/p>\n<p>Usan dos filtros de ponderaci\u00f3n diferentes requeridos por IEC651 y ANSI S1.4 Tipo 2 para filtrado de audio. La ponderaci\u00f3n A es para el nivel de ruido de ruido general y la ponderaci\u00f3n C es para medir el nivel de sonido del control de material ac\u00fastico en varios entornos (es decir, 94 dB 1 kHz, etc.).<\/p>\n","protected":false},"excerpt":{"rendered":"<p>Medidor de sonido Amprobe SM-20A Dise\u00f1ado para cumplir con los requisitos de medici\u00f3n de ingenieros de seguridad, salud, oficinas de seguridad industrial y control de calidad en diversos entornos. Ponderaciones A y C para comprobar el cumplimiento de las normas de seguridad y an\u00e1lisis ac\u00fastico Rangos de medici\u00f3n: ponderaci\u00f3n A 30 &#8211; 130 dB, ponderaci\u00f3n [&hellip;]<\/p>\n","protected":false},"featured_media":8333,"template":"","meta":{"_acf_changed":false},"pwb-brand":[104],"product_brand":[],"product_cat":[366,101,152,103],"product_tag":[],"class_list":{"0":"post-7867","1":"product","2":"type-product","3":"status-publish","4":"has-post-thumbnail","6":"pwb-brand-amprobe","7":"product_cat-todos-los-productos","8":"product_cat-amprobe","9":"product_cat-medidores-de-sonido","10":"product_cat-probadores-ambientales","12":"first","13":"instock","14":"taxable","15":"shipping-taxable","16":"purchasable","17":"product-type-simple"},"acf":[],"yoast_head":"<!-- This site is optimized with the Yoast SEO plugin v27.4 - https:\/\/yoast.com\/product\/yoast-seo-wordpress\/ -->\n<title>Medidor de sonido Amprobe SM-20A - Techmaster de Mexico<\/title>\n<meta name=\"robots\" content=\"index, follow, max-snippet:-1, max-image-preview:large, max-video-preview:-1\" \/>\n<link rel=\"canonical\" href=\"https:\/\/techmasterdemexico.com\/producto\/medidor-de-sonido-amprobe-sm-20a\/\" \/>\n<meta property=\"og:locale\" content=\"en_US\" \/>\n<meta property=\"og:type\" content=\"article\" \/>\n<meta property=\"og:title\" content=\"Medidor de sonido Amprobe SM-20A - Techmaster de Mexico\" \/>\n<meta property=\"og:description\" content=\"Medidor de sonido Amprobe SM-20A Dise\u00f1ado para cumplir con los requisitos de medici\u00f3n de ingenieros de seguridad, salud, oficinas de seguridad industrial y control de calidad en diversos entornos. Ponderaciones A y C para comprobar el cumplimiento de las normas de seguridad y an\u00e1lisis ac\u00fastico Rangos de medici\u00f3n: ponderaci\u00f3n A 30 &#8211; 130 dB, ponderaci\u00f3n [&hellip;]\" \/>\n<meta property=\"og:url\" content=\"https:\/\/techmasterdemexico.com\/producto\/medidor-de-sonido-amprobe-sm-20a\/\" \/>\n<meta property=\"og:site_name\" content=\"Techmaster de Mexico\" \/>\n<meta property=\"article:modified_time\" content=\"2025-06-26T19:37:59+00:00\" \/>\n<meta property=\"og:image\" content=\"https:\/\/techmasterdemexico.com\/wp-content\/uploads\/2021\/07\/PD_SM-20-A-1.jpg\" \/>\n\t<meta property=\"og:image:width\" content=\"500\" \/>\n\t<meta property=\"og:image:height\" content=\"500\" \/>\n\t<meta property=\"og:image:type\" content=\"image\/jpeg\" \/>\n<meta name=\"twitter:card\" content=\"summary_large_image\" \/>\n<meta name=\"twitter:label1\" content=\"Est. reading time\" \/>\n\t<meta name=\"twitter:data1\" content=\"1 minute\" \/>\n<script type=\"application\/ld+json\" class=\"yoast-schema-graph\">{\"@context\":\"https:\\\/\\\/schema.org\",\"@graph\":[{\"@type\":\"WebPage\",\"@id\":\"https:\\\/\\\/techmasterdemexico.com\\\/producto\\\/medidor-de-sonido-amprobe-sm-20a\\\/\",\"url\":\"https:\\\/\\\/techmasterdemexico.com\\\/producto\\\/medidor-de-sonido-amprobe-sm-20a\\\/\",\"name\":\"Medidor de sonido Amprobe SM-20A - Techmaster de Mexico\",\"isPartOf\":{\"@id\":\"https:\\\/\\\/techmasterdemexico.com\\\/#website\"},\"primaryImageOfPage\":{\"@id\":\"https:\\\/\\\/techmasterdemexico.com\\\/producto\\\/medidor-de-sonido-amprobe-sm-20a\\\/#primaryimage\"},\"image\":{\"@id\":\"https:\\\/\\\/techmasterdemexico.com\\\/producto\\\/medidor-de-sonido-amprobe-sm-20a\\\/#primaryimage\"},\"thumbnailUrl\":\"https:\\\/\\\/techmasterdemexico.com\\\/wp-content\\\/uploads\\\/2021\\\/07\\\/PD_SM-20-A-1.jpg\",\"datePublished\":\"2021-07-24T03:16:40+00:00\",\"dateModified\":\"2025-06-26T19:37:59+00:00\",\"breadcrumb\":{\"@id\":\"https:\\\/\\\/techmasterdemexico.com\\\/producto\\\/medidor-de-sonido-amprobe-sm-20a\\\/#breadcrumb\"},\"inLanguage\":\"en-US\",\"potentialAction\":[{\"@type\":\"ReadAction\",\"target\":[\"https:\\\/\\\/techmasterdemexico.com\\\/producto\\\/medidor-de-sonido-amprobe-sm-20a\\\/\"]}]},{\"@type\":\"ImageObject\",\"inLanguage\":\"en-US\",\"@id\":\"https:\\\/\\\/techmasterdemexico.com\\\/producto\\\/medidor-de-sonido-amprobe-sm-20a\\\/#primaryimage\",\"url\":\"https:\\\/\\\/techmasterdemexico.com\\\/wp-content\\\/uploads\\\/2021\\\/07\\\/PD_SM-20-A-1.jpg\",\"contentUrl\":\"https:\\\/\\\/techmasterdemexico.com\\\/wp-content\\\/uploads\\\/2021\\\/07\\\/PD_SM-20-A-1.jpg\",\"width\":500,\"height\":500},{\"@type\":\"BreadcrumbList\",\"@id\":\"https:\\\/\\\/techmasterdemexico.com\\\/producto\\\/medidor-de-sonido-amprobe-sm-20a\\\/#breadcrumb\",\"itemListElement\":[{\"@type\":\"ListItem\",\"position\":1,\"name\":\"Portada\",\"item\":\"https:\\\/\\\/techmasterdemexico.com\\\/\"},{\"@type\":\"ListItem\",\"position\":2,\"name\":\"Medidor de sonido Amprobe SM-20A\"}]},{\"@type\":\"WebSite\",\"@id\":\"https:\\\/\\\/techmasterdemexico.com\\\/#website\",\"url\":\"https:\\\/\\\/techmasterdemexico.com\\\/\",\"name\":\"Techmaster de Mexico\",\"description\":\"\",\"potentialAction\":[{\"@type\":\"SearchAction\",\"target\":{\"@type\":\"EntryPoint\",\"urlTemplate\":\"https:\\\/\\\/techmasterdemexico.com\\\/?s={search_term_string}\"},\"query-input\":{\"@type\":\"PropertyValueSpecification\",\"valueRequired\":true,\"valueName\":\"search_term_string\"}}],\"inLanguage\":\"en-US\"}]}<\/script>\n<!-- \/ Yoast SEO plugin. -->","yoast_head_json":{"title":"Medidor de sonido Amprobe SM-20A - Techmaster de Mexico","robots":{"index":"index","follow":"follow","max-snippet":"max-snippet:-1","max-image-preview":"max-image-preview:large","max-video-preview":"max-video-preview:-1"},"canonical":"https:\/\/techmasterdemexico.com\/producto\/medidor-de-sonido-amprobe-sm-20a\/","og_locale":"en_US","og_type":"article","og_title":"Medidor de sonido Amprobe SM-20A - Techmaster de Mexico","og_description":"Medidor de sonido Amprobe SM-20A Dise\u00f1ado para cumplir con los requisitos de medici\u00f3n de ingenieros de seguridad, salud, oficinas de seguridad industrial y control de calidad en diversos entornos. Ponderaciones A y C para comprobar el cumplimiento de las normas de seguridad y an\u00e1lisis ac\u00fastico Rangos de medici\u00f3n: ponderaci\u00f3n A 30 &#8211; 130 dB, ponderaci\u00f3n [&hellip;]","og_url":"https:\/\/techmasterdemexico.com\/producto\/medidor-de-sonido-amprobe-sm-20a\/","og_site_name":"Techmaster de Mexico","article_modified_time":"2025-06-26T19:37:59+00:00","og_image":[{"width":500,"height":500,"url":"https:\/\/techmasterdemexico.com\/wp-content\/uploads\/2021\/07\/PD_SM-20-A-1.jpg","type":"image\/jpeg"}],"twitter_card":"summary_large_image","twitter_misc":{"Est. reading time":"1 minute"},"schema":{"@context":"https:\/\/schema.org","@graph":[{"@type":"WebPage","@id":"https:\/\/techmasterdemexico.com\/producto\/medidor-de-sonido-amprobe-sm-20a\/","url":"https:\/\/techmasterdemexico.com\/producto\/medidor-de-sonido-amprobe-sm-20a\/","name":"Medidor de sonido Amprobe SM-20A - Techmaster de Mexico","isPartOf":{"@id":"https:\/\/techmasterdemexico.com\/#website"},"primaryImageOfPage":{"@id":"https:\/\/techmasterdemexico.com\/producto\/medidor-de-sonido-amprobe-sm-20a\/#primaryimage"},"image":{"@id":"https:\/\/techmasterdemexico.com\/producto\/medidor-de-sonido-amprobe-sm-20a\/#primaryimage"},"thumbnailUrl":"https:\/\/techmasterdemexico.com\/wp-content\/uploads\/2021\/07\/PD_SM-20-A-1.jpg","datePublished":"2021-07-24T03:16:40+00:00","dateModified":"2025-06-26T19:37:59+00:00","breadcrumb":{"@id":"https:\/\/techmasterdemexico.com\/producto\/medidor-de-sonido-amprobe-sm-20a\/#breadcrumb"},"inLanguage":"en-US","potentialAction":[{"@type":"ReadAction","target":["https:\/\/techmasterdemexico.com\/producto\/medidor-de-sonido-amprobe-sm-20a\/"]}]},{"@type":"ImageObject","inLanguage":"en-US","@id":"https:\/\/techmasterdemexico.com\/producto\/medidor-de-sonido-amprobe-sm-20a\/#primaryimage","url":"https:\/\/techmasterdemexico.com\/wp-content\/uploads\/2021\/07\/PD_SM-20-A-1.jpg","contentUrl":"https:\/\/techmasterdemexico.com\/wp-content\/uploads\/2021\/07\/PD_SM-20-A-1.jpg","width":500,"height":500},{"@type":"BreadcrumbList","@id":"https:\/\/techmasterdemexico.com\/producto\/medidor-de-sonido-amprobe-sm-20a\/#breadcrumb","itemListElement":[{"@type":"ListItem","position":1,"name":"Portada","item":"https:\/\/techmasterdemexico.com\/"},{"@type":"ListItem","position":2,"name":"Medidor de sonido Amprobe SM-20A"}]},{"@type":"WebSite","@id":"https:\/\/techmasterdemexico.com\/#website","url":"https:\/\/techmasterdemexico.com\/","name":"Techmaster de Mexico","description":"","potentialAction":[{"@type":"SearchAction","target":{"@type":"EntryPoint","urlTemplate":"https:\/\/techmasterdemexico.com\/?s={search_term_string}"},"query-input":{"@type":"PropertyValueSpecification","valueRequired":true,"valueName":"search_term_string"}}],"inLanguage":"en-US"}]}},"brands":[{"id":104,"name":"Amprobe","slug":"amprobe"}],"_links":{"self":[{"href":"https:\/\/techmasterdemexico.com\/en\/wp-json\/wp\/v2\/product\/7867","targetHints":{"allow":["GET"]}}],"collection":[{"href":"https:\/\/techmasterdemexico.com\/en\/wp-json\/wp\/v2\/product"}],"about":[{"href":"https:\/\/techmasterdemexico.com\/en\/wp-json\/wp\/v2\/types\/product"}],"wp:featuredmedia":[{"embeddable":true,"href":"https:\/\/techmasterdemexico.com\/en\/wp-json\/wp\/v2\/media\/8333"}],"wp:attachment":[{"href":"https:\/\/techmasterdemexico.com\/en\/wp-json\/wp\/v2\/media?parent=7867"}],"wp:term":[{"taxonomy":"pwb-brand","embeddable":true,"href":"https:\/\/techmasterdemexico.com\/en\/wp-json\/wp\/v2\/pwb-brand?post=7867"},{"taxonomy":"product_brand","embeddable":true,"href":"https:\/\/techmasterdemexico.com\/en\/wp-json\/wp\/v2\/product_brand?post=7867"},{"taxonomy":"product_cat","embeddable":true,"href":"https:\/\/techmasterdemexico.com\/en\/wp-json\/wp\/v2\/product_cat?post=7867"},{"taxonomy":"product_tag","embeddable":true,"href":"https:\/\/techmasterdemexico.com\/en\/wp-json\/wp\/v2\/product_tag?post=7867"}],"curies":[{"name":"wp","href":"https:\/\/api.w.org\/{rel}","templated":true}]}}