{"id":7866,"date":"2021-07-23T20:16:39","date_gmt":"2021-07-24T03:16:39","guid":{"rendered":"http:\/\/techmastermx.ddns.net\/producto\/medidor-de-luz-amprobe-lm-120\/"},"modified":"2025-06-26T12:39:38","modified_gmt":"2025-06-26T19:39:38","slug":"medidor-de-luz-amprobe-lm-120","status":"publish","type":"product","link":"https:\/\/techmasterdemexico.com\/en\/producto\/medidor-de-luz-amprobe-lm-120\/","title":{"rendered":"Medidor de luz Amprobe LM-120"},"content":{"rendered":"<p>Medidor de luz Amprobe LM-120<\/p>\n<ul>\n<li>Medida en lux o candelabros, panel frontal conmutable<\/li>\n<li>Rango de medici\u00f3n hasta 200.000 lux o velas de 20.000 pies<\/li>\n<li>Sensor y filtro de fotodiodo de silicio<\/li>\n<li>Retenci\u00f3n de datos para congelar la lectura en la pantalla digital<\/li>\n<li>Capacidad m\u00ednima \/ m\u00e1xima para mostrar lecturas altas y bajas<\/li>\n<li>Rango autom\u00e1tico m\u00e1s rango manual<\/li>\n<li>Funci\u00f3n cero para visualizaci\u00f3n nula antes de una lectura<\/li>\n<li>Apagado autom\u00e1tico para ahorrar bater\u00eda<\/li>\n<li>Incluye tapa protectora de sensor<\/li>\n<li>Pantalla grande de 3-1 \/ 2 d\u00edgitos<\/li>\n<\/ul>\n<p>&nbsp;<\/p>\n<p>El medidor de luz Amprobe LM-120 mide la luz visible de fuentes fluorescentes, de haluro met\u00e1lico, sodio de alta presi\u00f3n o incandescentes. Es un medidor de luz digital port\u00e1til y f\u00e1cil de usar dise\u00f1ado para la lectura de operaci\u00f3n simple con una mano en unidades de lumen (lux) o vela de pie (fc). El LM-120 mide un amplio rango de luz hasta 20,000 fc o 200,000 lux con una alta resoluci\u00f3n precisa de 0.01 fc \/ lux. Esta unidad tiene rango autom\u00e1tico m\u00e1s rango manual con capacidad para poner a cero la lectura antes de tomar una medici\u00f3n.<\/p>\n<p>Utilice el fot\u00f3metro LM-120 para medir el nivel de iluminaci\u00f3n en el interior y para apagar o reducir o aumentar el nivel de salida de los dispositivos de iluminaci\u00f3n. Reducir la carga energ\u00e9tica del edificio aumentando significativamente la eficiencia de su sistema de iluminaci\u00f3n.<\/p>\n<p>Un lux es la iluminaci\u00f3n de una l\u00e1mpara de una candela perpendicular a una superficie de un metro cuadrado a una distancia de un metro. Un fc es la iluminaci\u00f3n de una l\u00e1mpara de una candela perpendicular a una superficie de un pie cuadrado a una distancia de un pie. 1 pie-vela = 10,764 lux y 1 lux = 0,09290 pie-vela.<\/p>\n","protected":false},"excerpt":{"rendered":"<p>Medidor de luz Amprobe LM-120 Medida en lux o candelabros, panel frontal conmutable Rango de medici\u00f3n hasta 200.000 lux o velas de 20.000 pies Sensor y filtro de fotodiodo de silicio Retenci\u00f3n de datos para congelar la lectura en la pantalla digital Capacidad m\u00ednima \/ m\u00e1xima para mostrar lecturas altas y bajas Rango autom\u00e1tico m\u00e1s [&hellip;]<\/p>\n","protected":false},"featured_media":8357,"template":"","meta":{"_acf_changed":false},"pwb-brand":[104],"product_brand":[],"product_cat":[366,101,153,103],"product_tag":[],"class_list":{"0":"post-7866","1":"product","2":"type-product","3":"status-publish","4":"has-post-thumbnail","6":"pwb-brand-amprobe","7":"product_cat-todos-los-productos","8":"product_cat-amprobe","9":"product_cat-medidores-de-luz","10":"product_cat-probadores-ambientales","12":"first","13":"instock","14":"taxable","15":"shipping-taxable","16":"purchasable","17":"product-type-simple"},"acf":[],"yoast_head":"<!-- This site is optimized with the Yoast SEO plugin v27.5 - https:\/\/yoast.com\/product\/yoast-seo-wordpress\/ -->\n<title>Medidor de luz Amprobe LM-120 - Techmaster de Mexico<\/title>\n<meta name=\"robots\" content=\"index, follow, max-snippet:-1, max-image-preview:large, max-video-preview:-1\" \/>\n<link rel=\"canonical\" href=\"https:\/\/techmasterdemexico.com\/producto\/medidor-de-luz-amprobe-lm-120\/\" \/>\n<meta property=\"og:locale\" content=\"en_US\" \/>\n<meta property=\"og:type\" content=\"article\" \/>\n<meta property=\"og:title\" content=\"Medidor de luz Amprobe LM-120 - Techmaster de Mexico\" \/>\n<meta property=\"og:description\" content=\"Medidor de luz Amprobe LM-120 Medida en lux o candelabros, panel frontal conmutable Rango de medici\u00f3n hasta 200.000 lux o velas de 20.000 pies Sensor y filtro de fotodiodo de silicio Retenci\u00f3n de datos para congelar la lectura en la pantalla digital Capacidad m\u00ednima \/ m\u00e1xima para mostrar lecturas altas y bajas Rango autom\u00e1tico m\u00e1s [&hellip;]\" \/>\n<meta property=\"og:url\" content=\"https:\/\/techmasterdemexico.com\/producto\/medidor-de-luz-amprobe-lm-120\/\" \/>\n<meta property=\"og:site_name\" content=\"Techmaster de Mexico\" \/>\n<meta property=\"article:modified_time\" content=\"2025-06-26T19:39:38+00:00\" \/>\n<meta property=\"og:image\" content=\"https:\/\/techmasterdemexico.com\/wp-content\/uploads\/2021\/07\/Amprobe-LM-120-Light-Meter.png\" \/>\n\t<meta property=\"og:image:width\" content=\"500\" \/>\n\t<meta property=\"og:image:height\" content=\"500\" \/>\n\t<meta property=\"og:image:type\" content=\"image\/png\" \/>\n<meta name=\"twitter:card\" content=\"summary_large_image\" \/>\n<meta name=\"twitter:label1\" content=\"Est. reading time\" \/>\n\t<meta name=\"twitter:data1\" content=\"2 minutes\" \/>\n<script type=\"application\/ld+json\" class=\"yoast-schema-graph\">{\"@context\":\"https:\\\/\\\/schema.org\",\"@graph\":[{\"@type\":\"WebPage\",\"@id\":\"https:\\\/\\\/techmasterdemexico.com\\\/producto\\\/medidor-de-luz-amprobe-lm-120\\\/\",\"url\":\"https:\\\/\\\/techmasterdemexico.com\\\/producto\\\/medidor-de-luz-amprobe-lm-120\\\/\",\"name\":\"Medidor de luz Amprobe LM-120 - Techmaster de Mexico\",\"isPartOf\":{\"@id\":\"https:\\\/\\\/techmasterdemexico.com\\\/#website\"},\"primaryImageOfPage\":{\"@id\":\"https:\\\/\\\/techmasterdemexico.com\\\/producto\\\/medidor-de-luz-amprobe-lm-120\\\/#primaryimage\"},\"image\":{\"@id\":\"https:\\\/\\\/techmasterdemexico.com\\\/producto\\\/medidor-de-luz-amprobe-lm-120\\\/#primaryimage\"},\"thumbnailUrl\":\"https:\\\/\\\/techmasterdemexico.com\\\/wp-content\\\/uploads\\\/2021\\\/07\\\/Amprobe-LM-120-Light-Meter.png\",\"datePublished\":\"2021-07-24T03:16:39+00:00\",\"dateModified\":\"2025-06-26T19:39:38+00:00\",\"breadcrumb\":{\"@id\":\"https:\\\/\\\/techmasterdemexico.com\\\/producto\\\/medidor-de-luz-amprobe-lm-120\\\/#breadcrumb\"},\"inLanguage\":\"en-US\",\"potentialAction\":[{\"@type\":\"ReadAction\",\"target\":[\"https:\\\/\\\/techmasterdemexico.com\\\/producto\\\/medidor-de-luz-amprobe-lm-120\\\/\"]}]},{\"@type\":\"ImageObject\",\"inLanguage\":\"en-US\",\"@id\":\"https:\\\/\\\/techmasterdemexico.com\\\/producto\\\/medidor-de-luz-amprobe-lm-120\\\/#primaryimage\",\"url\":\"https:\\\/\\\/techmasterdemexico.com\\\/wp-content\\\/uploads\\\/2021\\\/07\\\/Amprobe-LM-120-Light-Meter.png\",\"contentUrl\":\"https:\\\/\\\/techmasterdemexico.com\\\/wp-content\\\/uploads\\\/2021\\\/07\\\/Amprobe-LM-120-Light-Meter.png\",\"width\":500,\"height\":500},{\"@type\":\"BreadcrumbList\",\"@id\":\"https:\\\/\\\/techmasterdemexico.com\\\/producto\\\/medidor-de-luz-amprobe-lm-120\\\/#breadcrumb\",\"itemListElement\":[{\"@type\":\"ListItem\",\"position\":1,\"name\":\"Portada\",\"item\":\"https:\\\/\\\/techmasterdemexico.com\\\/\"},{\"@type\":\"ListItem\",\"position\":2,\"name\":\"Medidor de luz Amprobe LM-120\"}]},{\"@type\":\"WebSite\",\"@id\":\"https:\\\/\\\/techmasterdemexico.com\\\/#website\",\"url\":\"https:\\\/\\\/techmasterdemexico.com\\\/\",\"name\":\"Techmaster de Mexico\",\"description\":\"\",\"potentialAction\":[{\"@type\":\"SearchAction\",\"target\":{\"@type\":\"EntryPoint\",\"urlTemplate\":\"https:\\\/\\\/techmasterdemexico.com\\\/?s={search_term_string}\"},\"query-input\":{\"@type\":\"PropertyValueSpecification\",\"valueRequired\":true,\"valueName\":\"search_term_string\"}}],\"inLanguage\":\"en-US\"}]}<\/script>\n<!-- \/ Yoast SEO plugin. -->","yoast_head_json":{"title":"Medidor de luz Amprobe LM-120 - Techmaster de Mexico","robots":{"index":"index","follow":"follow","max-snippet":"max-snippet:-1","max-image-preview":"max-image-preview:large","max-video-preview":"max-video-preview:-1"},"canonical":"https:\/\/techmasterdemexico.com\/producto\/medidor-de-luz-amprobe-lm-120\/","og_locale":"en_US","og_type":"article","og_title":"Medidor de luz Amprobe LM-120 - Techmaster de Mexico","og_description":"Medidor de luz Amprobe LM-120 Medida en lux o candelabros, panel frontal conmutable Rango de medici\u00f3n hasta 200.000 lux o velas de 20.000 pies Sensor y filtro de fotodiodo de silicio Retenci\u00f3n de datos para congelar la lectura en la pantalla digital Capacidad m\u00ednima \/ m\u00e1xima para mostrar lecturas altas y bajas Rango autom\u00e1tico m\u00e1s [&hellip;]","og_url":"https:\/\/techmasterdemexico.com\/producto\/medidor-de-luz-amprobe-lm-120\/","og_site_name":"Techmaster de Mexico","article_modified_time":"2025-06-26T19:39:38+00:00","og_image":[{"width":500,"height":500,"url":"https:\/\/techmasterdemexico.com\/wp-content\/uploads\/2021\/07\/Amprobe-LM-120-Light-Meter.png","type":"image\/png"}],"twitter_card":"summary_large_image","twitter_misc":{"Est. reading time":"2 minutes"},"schema":{"@context":"https:\/\/schema.org","@graph":[{"@type":"WebPage","@id":"https:\/\/techmasterdemexico.com\/producto\/medidor-de-luz-amprobe-lm-120\/","url":"https:\/\/techmasterdemexico.com\/producto\/medidor-de-luz-amprobe-lm-120\/","name":"Medidor de luz Amprobe LM-120 - Techmaster de Mexico","isPartOf":{"@id":"https:\/\/techmasterdemexico.com\/#website"},"primaryImageOfPage":{"@id":"https:\/\/techmasterdemexico.com\/producto\/medidor-de-luz-amprobe-lm-120\/#primaryimage"},"image":{"@id":"https:\/\/techmasterdemexico.com\/producto\/medidor-de-luz-amprobe-lm-120\/#primaryimage"},"thumbnailUrl":"https:\/\/techmasterdemexico.com\/wp-content\/uploads\/2021\/07\/Amprobe-LM-120-Light-Meter.png","datePublished":"2021-07-24T03:16:39+00:00","dateModified":"2025-06-26T19:39:38+00:00","breadcrumb":{"@id":"https:\/\/techmasterdemexico.com\/producto\/medidor-de-luz-amprobe-lm-120\/#breadcrumb"},"inLanguage":"en-US","potentialAction":[{"@type":"ReadAction","target":["https:\/\/techmasterdemexico.com\/producto\/medidor-de-luz-amprobe-lm-120\/"]}]},{"@type":"ImageObject","inLanguage":"en-US","@id":"https:\/\/techmasterdemexico.com\/producto\/medidor-de-luz-amprobe-lm-120\/#primaryimage","url":"https:\/\/techmasterdemexico.com\/wp-content\/uploads\/2021\/07\/Amprobe-LM-120-Light-Meter.png","contentUrl":"https:\/\/techmasterdemexico.com\/wp-content\/uploads\/2021\/07\/Amprobe-LM-120-Light-Meter.png","width":500,"height":500},{"@type":"BreadcrumbList","@id":"https:\/\/techmasterdemexico.com\/producto\/medidor-de-luz-amprobe-lm-120\/#breadcrumb","itemListElement":[{"@type":"ListItem","position":1,"name":"Portada","item":"https:\/\/techmasterdemexico.com\/"},{"@type":"ListItem","position":2,"name":"Medidor de luz Amprobe LM-120"}]},{"@type":"WebSite","@id":"https:\/\/techmasterdemexico.com\/#website","url":"https:\/\/techmasterdemexico.com\/","name":"Techmaster de Mexico","description":"","potentialAction":[{"@type":"SearchAction","target":{"@type":"EntryPoint","urlTemplate":"https:\/\/techmasterdemexico.com\/?s={search_term_string}"},"query-input":{"@type":"PropertyValueSpecification","valueRequired":true,"valueName":"search_term_string"}}],"inLanguage":"en-US"}]}},"brands":[{"id":104,"name":"Amprobe","slug":"amprobe"}],"_links":{"self":[{"href":"https:\/\/techmasterdemexico.com\/en\/wp-json\/wp\/v2\/product\/7866","targetHints":{"allow":["GET"]}}],"collection":[{"href":"https:\/\/techmasterdemexico.com\/en\/wp-json\/wp\/v2\/product"}],"about":[{"href":"https:\/\/techmasterdemexico.com\/en\/wp-json\/wp\/v2\/types\/product"}],"wp:featuredmedia":[{"embeddable":true,"href":"https:\/\/techmasterdemexico.com\/en\/wp-json\/wp\/v2\/media\/8357"}],"wp:attachment":[{"href":"https:\/\/techmasterdemexico.com\/en\/wp-json\/wp\/v2\/media?parent=7866"}],"wp:term":[{"taxonomy":"pwb-brand","embeddable":true,"href":"https:\/\/techmasterdemexico.com\/en\/wp-json\/wp\/v2\/pwb-brand?post=7866"},{"taxonomy":"product_brand","embeddable":true,"href":"https:\/\/techmasterdemexico.com\/en\/wp-json\/wp\/v2\/product_brand?post=7866"},{"taxonomy":"product_cat","embeddable":true,"href":"https:\/\/techmasterdemexico.com\/en\/wp-json\/wp\/v2\/product_cat?post=7866"},{"taxonomy":"product_tag","embeddable":true,"href":"https:\/\/techmasterdemexico.com\/en\/wp-json\/wp\/v2\/product_tag?post=7866"}],"curies":[{"name":"wp","href":"https:\/\/api.w.org\/{rel}","templated":true}]}}