{"id":7865,"date":"2021-07-23T20:16:39","date_gmt":"2021-07-24T03:16:39","guid":{"rendered":"http:\/\/techmastermx.ddns.net\/producto\/sonometro-amprobe-sm-10\/"},"modified":"2025-06-26T12:39:13","modified_gmt":"2025-06-26T19:39:13","slug":"sonometro-amprobe-sm-10","status":"publish","type":"product","link":"https:\/\/techmasterdemexico.com\/en\/producto\/sonometro-amprobe-sm-10\/","title":{"rendered":"Son\u00f3metro Amprobe SM-10"},"content":{"rendered":"<p>Son\u00f3metro Amprobe SM-10<\/p>\n<ul>\n<li>Dise\u00f1ado para cumplir con los requisitos de medici\u00f3n de ingenieros de seguridad, salud, oficinas de seguridad industrial y control de calidad en diversos entornos.<\/li>\n<li>Ponderaciones A y C para comprobar el cumplimiento de las normas de seguridad y an\u00e1lisis ac\u00fastico<\/li>\n<li>Rangos de medici\u00f3n: una ponderaci\u00f3n 30 ~ 130dB C ponderaci\u00f3n 35 ~ 130dB<\/li>\n<li>Rango de frecuencia: 31,5 Hz ~ 8 KHz<\/li>\n<li>Pantalla con pasos de 0.1dB en una pantalla LCD de 4 d\u00edgitos<\/li>\n<li>Configuraciones de respuesta lenta (1 segundo) y r\u00e1pida (125 ms) para verificar los niveles de ruido m\u00e1ximo y promedio<\/li>\n<li>Grabaci\u00f3n m\u00e1xima \/ m\u00ednima<\/li>\n<li>Retenci\u00f3n de datos para congelar la lectura en la pantalla digital<\/li>\n<li>Accesorios suministrados: estuche de transporte, manual de usuario y bater\u00eda de 9 V (instalada)<\/li>\n<li>CE, dise\u00f1ado para cumplir con IEC651 type2, ANSI S1.4 type2<\/li>\n<\/ul>\n<p>&nbsp;<\/p>\n<p>El Son\u00f3metro Amprobe SM-10-A ha sido dise\u00f1ado para verificar el cumplimiento de las normas de seguridad y realizar an\u00e1lisis ac\u00fasticos por parte de ingenieros de seguridad, oficinas de salud, industriales y de seguridad, as\u00ed como control de calidad.<\/p>\n<p>Usan dos filtros de ponderaci\u00f3n diferentes requeridos por IEC651 y ANSI S1.4 Tipo 2 para filtrado de audio. La ponderaci\u00f3n A es para el nivel de ruido de ruido general y la ponderaci\u00f3n C es para medir el nivel de sonido del control de material ac\u00fastico en varios entornos (es decir, 94 dB 1 kHz, etc.).<\/p>\n","protected":false},"excerpt":{"rendered":"<p>Son\u00f3metro Amprobe SM-10 Dise\u00f1ado para cumplir con los requisitos de medici\u00f3n de ingenieros de seguridad, salud, oficinas de seguridad industrial y control de calidad en diversos entornos. Ponderaciones A y C para comprobar el cumplimiento de las normas de seguridad y an\u00e1lisis ac\u00fastico Rangos de medici\u00f3n: una ponderaci\u00f3n 30 ~ 130dB C ponderaci\u00f3n 35 ~ [&hellip;]<\/p>\n","protected":false},"featured_media":8347,"template":"","meta":{"_acf_changed":false},"pwb-brand":[104],"product_brand":[],"product_cat":[366,101,152,103],"product_tag":[],"class_list":{"0":"post-7865","1":"product","2":"type-product","3":"status-publish","4":"has-post-thumbnail","6":"pwb-brand-amprobe","7":"product_cat-todos-los-productos","8":"product_cat-amprobe","9":"product_cat-medidores-de-sonido","10":"product_cat-probadores-ambientales","12":"first","13":"outofstock","14":"taxable","15":"shipping-taxable","16":"purchasable","17":"product-type-simple"},"acf":[],"yoast_head":"<!-- This site is optimized with the Yoast SEO plugin v27.5 - https:\/\/yoast.com\/product\/yoast-seo-wordpress\/ -->\n<title>Son\u00f3metro Amprobe SM-10 - Techmaster de Mexico<\/title>\n<meta name=\"robots\" content=\"index, follow, max-snippet:-1, max-image-preview:large, max-video-preview:-1\" \/>\n<link rel=\"canonical\" href=\"https:\/\/techmasterdemexico.com\/producto\/sonometro-amprobe-sm-10\/\" \/>\n<meta property=\"og:locale\" content=\"en_US\" \/>\n<meta property=\"og:type\" content=\"article\" \/>\n<meta property=\"og:title\" content=\"Son\u00f3metro Amprobe SM-10 - Techmaster de Mexico\" \/>\n<meta property=\"og:description\" content=\"Son\u00f3metro Amprobe SM-10 Dise\u00f1ado para cumplir con los requisitos de medici\u00f3n de ingenieros de seguridad, salud, oficinas de seguridad industrial y control de calidad en diversos entornos. Ponderaciones A y C para comprobar el cumplimiento de las normas de seguridad y an\u00e1lisis ac\u00fastico Rangos de medici\u00f3n: una ponderaci\u00f3n 30 ~ 130dB C ponderaci\u00f3n 35 ~ [&hellip;]\" \/>\n<meta property=\"og:url\" content=\"https:\/\/techmasterdemexico.com\/producto\/sonometro-amprobe-sm-10\/\" \/>\n<meta property=\"og:site_name\" content=\"Techmaster de Mexico\" \/>\n<meta property=\"article:modified_time\" content=\"2025-06-26T19:39:13+00:00\" \/>\n<meta property=\"og:image\" content=\"https:\/\/techmasterdemexico.com\/wp-content\/uploads\/2021\/07\/Amprobe-SM-10-Sound-Meter.png\" \/>\n\t<meta property=\"og:image:width\" content=\"500\" \/>\n\t<meta property=\"og:image:height\" content=\"500\" \/>\n\t<meta property=\"og:image:type\" content=\"image\/png\" \/>\n<meta name=\"twitter:card\" content=\"summary_large_image\" \/>\n<meta name=\"twitter:label1\" content=\"Est. reading time\" \/>\n\t<meta name=\"twitter:data1\" content=\"1 minute\" \/>\n<script type=\"application\/ld+json\" class=\"yoast-schema-graph\">{\"@context\":\"https:\\\/\\\/schema.org\",\"@graph\":[{\"@type\":\"WebPage\",\"@id\":\"https:\\\/\\\/techmasterdemexico.com\\\/producto\\\/sonometro-amprobe-sm-10\\\/\",\"url\":\"https:\\\/\\\/techmasterdemexico.com\\\/producto\\\/sonometro-amprobe-sm-10\\\/\",\"name\":\"Son\u00f3metro Amprobe SM-10 - Techmaster de Mexico\",\"isPartOf\":{\"@id\":\"https:\\\/\\\/techmasterdemexico.com\\\/#website\"},\"primaryImageOfPage\":{\"@id\":\"https:\\\/\\\/techmasterdemexico.com\\\/producto\\\/sonometro-amprobe-sm-10\\\/#primaryimage\"},\"image\":{\"@id\":\"https:\\\/\\\/techmasterdemexico.com\\\/producto\\\/sonometro-amprobe-sm-10\\\/#primaryimage\"},\"thumbnailUrl\":\"https:\\\/\\\/techmasterdemexico.com\\\/wp-content\\\/uploads\\\/2021\\\/07\\\/Amprobe-SM-10-Sound-Meter.png\",\"datePublished\":\"2021-07-24T03:16:39+00:00\",\"dateModified\":\"2025-06-26T19:39:13+00:00\",\"breadcrumb\":{\"@id\":\"https:\\\/\\\/techmasterdemexico.com\\\/producto\\\/sonometro-amprobe-sm-10\\\/#breadcrumb\"},\"inLanguage\":\"en-US\",\"potentialAction\":[{\"@type\":\"ReadAction\",\"target\":[\"https:\\\/\\\/techmasterdemexico.com\\\/producto\\\/sonometro-amprobe-sm-10\\\/\"]}]},{\"@type\":\"ImageObject\",\"inLanguage\":\"en-US\",\"@id\":\"https:\\\/\\\/techmasterdemexico.com\\\/producto\\\/sonometro-amprobe-sm-10\\\/#primaryimage\",\"url\":\"https:\\\/\\\/techmasterdemexico.com\\\/wp-content\\\/uploads\\\/2021\\\/07\\\/Amprobe-SM-10-Sound-Meter.png\",\"contentUrl\":\"https:\\\/\\\/techmasterdemexico.com\\\/wp-content\\\/uploads\\\/2021\\\/07\\\/Amprobe-SM-10-Sound-Meter.png\",\"width\":500,\"height\":500},{\"@type\":\"BreadcrumbList\",\"@id\":\"https:\\\/\\\/techmasterdemexico.com\\\/producto\\\/sonometro-amprobe-sm-10\\\/#breadcrumb\",\"itemListElement\":[{\"@type\":\"ListItem\",\"position\":1,\"name\":\"Portada\",\"item\":\"https:\\\/\\\/techmasterdemexico.com\\\/\"},{\"@type\":\"ListItem\",\"position\":2,\"name\":\"Son\u00f3metro Amprobe SM-10\"}]},{\"@type\":\"WebSite\",\"@id\":\"https:\\\/\\\/techmasterdemexico.com\\\/#website\",\"url\":\"https:\\\/\\\/techmasterdemexico.com\\\/\",\"name\":\"Techmaster de Mexico\",\"description\":\"\",\"potentialAction\":[{\"@type\":\"SearchAction\",\"target\":{\"@type\":\"EntryPoint\",\"urlTemplate\":\"https:\\\/\\\/techmasterdemexico.com\\\/?s={search_term_string}\"},\"query-input\":{\"@type\":\"PropertyValueSpecification\",\"valueRequired\":true,\"valueName\":\"search_term_string\"}}],\"inLanguage\":\"en-US\"}]}<\/script>\n<!-- \/ Yoast SEO plugin. -->","yoast_head_json":{"title":"Son\u00f3metro Amprobe SM-10 - Techmaster de Mexico","robots":{"index":"index","follow":"follow","max-snippet":"max-snippet:-1","max-image-preview":"max-image-preview:large","max-video-preview":"max-video-preview:-1"},"canonical":"https:\/\/techmasterdemexico.com\/producto\/sonometro-amprobe-sm-10\/","og_locale":"en_US","og_type":"article","og_title":"Son\u00f3metro Amprobe SM-10 - Techmaster de Mexico","og_description":"Son\u00f3metro Amprobe SM-10 Dise\u00f1ado para cumplir con los requisitos de medici\u00f3n de ingenieros de seguridad, salud, oficinas de seguridad industrial y control de calidad en diversos entornos. Ponderaciones A y C para comprobar el cumplimiento de las normas de seguridad y an\u00e1lisis ac\u00fastico Rangos de medici\u00f3n: una ponderaci\u00f3n 30 ~ 130dB C ponderaci\u00f3n 35 ~ [&hellip;]","og_url":"https:\/\/techmasterdemexico.com\/producto\/sonometro-amprobe-sm-10\/","og_site_name":"Techmaster de Mexico","article_modified_time":"2025-06-26T19:39:13+00:00","og_image":[{"width":500,"height":500,"url":"https:\/\/techmasterdemexico.com\/wp-content\/uploads\/2021\/07\/Amprobe-SM-10-Sound-Meter.png","type":"image\/png"}],"twitter_card":"summary_large_image","twitter_misc":{"Est. reading time":"1 minute"},"schema":{"@context":"https:\/\/schema.org","@graph":[{"@type":"WebPage","@id":"https:\/\/techmasterdemexico.com\/producto\/sonometro-amprobe-sm-10\/","url":"https:\/\/techmasterdemexico.com\/producto\/sonometro-amprobe-sm-10\/","name":"Son\u00f3metro Amprobe SM-10 - Techmaster de Mexico","isPartOf":{"@id":"https:\/\/techmasterdemexico.com\/#website"},"primaryImageOfPage":{"@id":"https:\/\/techmasterdemexico.com\/producto\/sonometro-amprobe-sm-10\/#primaryimage"},"image":{"@id":"https:\/\/techmasterdemexico.com\/producto\/sonometro-amprobe-sm-10\/#primaryimage"},"thumbnailUrl":"https:\/\/techmasterdemexico.com\/wp-content\/uploads\/2021\/07\/Amprobe-SM-10-Sound-Meter.png","datePublished":"2021-07-24T03:16:39+00:00","dateModified":"2025-06-26T19:39:13+00:00","breadcrumb":{"@id":"https:\/\/techmasterdemexico.com\/producto\/sonometro-amprobe-sm-10\/#breadcrumb"},"inLanguage":"en-US","potentialAction":[{"@type":"ReadAction","target":["https:\/\/techmasterdemexico.com\/producto\/sonometro-amprobe-sm-10\/"]}]},{"@type":"ImageObject","inLanguage":"en-US","@id":"https:\/\/techmasterdemexico.com\/producto\/sonometro-amprobe-sm-10\/#primaryimage","url":"https:\/\/techmasterdemexico.com\/wp-content\/uploads\/2021\/07\/Amprobe-SM-10-Sound-Meter.png","contentUrl":"https:\/\/techmasterdemexico.com\/wp-content\/uploads\/2021\/07\/Amprobe-SM-10-Sound-Meter.png","width":500,"height":500},{"@type":"BreadcrumbList","@id":"https:\/\/techmasterdemexico.com\/producto\/sonometro-amprobe-sm-10\/#breadcrumb","itemListElement":[{"@type":"ListItem","position":1,"name":"Portada","item":"https:\/\/techmasterdemexico.com\/"},{"@type":"ListItem","position":2,"name":"Son\u00f3metro Amprobe SM-10"}]},{"@type":"WebSite","@id":"https:\/\/techmasterdemexico.com\/#website","url":"https:\/\/techmasterdemexico.com\/","name":"Techmaster de Mexico","description":"","potentialAction":[{"@type":"SearchAction","target":{"@type":"EntryPoint","urlTemplate":"https:\/\/techmasterdemexico.com\/?s={search_term_string}"},"query-input":{"@type":"PropertyValueSpecification","valueRequired":true,"valueName":"search_term_string"}}],"inLanguage":"en-US"}]}},"brands":[{"id":104,"name":"Amprobe","slug":"amprobe"}],"_links":{"self":[{"href":"https:\/\/techmasterdemexico.com\/en\/wp-json\/wp\/v2\/product\/7865","targetHints":{"allow":["GET"]}}],"collection":[{"href":"https:\/\/techmasterdemexico.com\/en\/wp-json\/wp\/v2\/product"}],"about":[{"href":"https:\/\/techmasterdemexico.com\/en\/wp-json\/wp\/v2\/types\/product"}],"wp:featuredmedia":[{"embeddable":true,"href":"https:\/\/techmasterdemexico.com\/en\/wp-json\/wp\/v2\/media\/8347"}],"wp:attachment":[{"href":"https:\/\/techmasterdemexico.com\/en\/wp-json\/wp\/v2\/media?parent=7865"}],"wp:term":[{"taxonomy":"pwb-brand","embeddable":true,"href":"https:\/\/techmasterdemexico.com\/en\/wp-json\/wp\/v2\/pwb-brand?post=7865"},{"taxonomy":"product_brand","embeddable":true,"href":"https:\/\/techmasterdemexico.com\/en\/wp-json\/wp\/v2\/product_brand?post=7865"},{"taxonomy":"product_cat","embeddable":true,"href":"https:\/\/techmasterdemexico.com\/en\/wp-json\/wp\/v2\/product_cat?post=7865"},{"taxonomy":"product_tag","embeddable":true,"href":"https:\/\/techmasterdemexico.com\/en\/wp-json\/wp\/v2\/product_tag?post=7865"}],"curies":[{"name":"wp","href":"https:\/\/api.w.org\/{rel}","templated":true}]}}