{"id":7857,"date":"2021-07-23T20:16:35","date_gmt":"2021-07-24T03:16:35","guid":{"rendered":"http:\/\/techmastermx.ddns.net\/producto\/llave-dinamometrica-ajustable-con-micrometro-doble-escala-1-4-10-50-in-lb\/"},"modified":"2025-06-26T12:40:05","modified_gmt":"2025-06-26T19:40:05","slug":"llave-dinamometrica-ajustable-con-micrometro-doble-escala-1-4-10-50-in-lb","status":"publish","type":"product","link":"https:\/\/techmasterdemexico.com\/en\/producto\/llave-dinamometrica-ajustable-con-micrometro-doble-escala-1-4-10-50-in-lb\/","title":{"rendered":"Llave dinamom\u00e9trica ajustable con Micr\u00f3metro-Doble escala 1\/4&#8243; (10-50 In. Lb)"},"content":{"rendered":"<p>Mango de metal de doble escala. La serie de manijas de metal ofrece al usuario una robusta, industrial. Llave dinamom\u00e9trica resistente capaz de soportar los rigores del uso profesional. Las manijas son ligeramente moleteado para un agarre resistente y antideslizante.<\/p>\n","protected":false},"excerpt":{"rendered":"<ul>\n<li>Doble escala, doble direccion calibrada, bloqueo positivo con anillo de bloqueo desplegable con resorte<\/li>\n<li>R\u00e1pido, preciso y f\u00e1cil de configurar<\/li>\n<li>Escalas marcadas con lases f\u00e1ciles de leer<\/li>\n<li>La mayor\u00eda cuenta con botones de liberaci\u00f3n r\u00e1pida que brindan una buena retenci\u00f3n del z\u00f3calo, as\u00ed como una f\u00e1cil extracci\u00f3n del z\u00f3calo.<\/li>\n<li>Precisi\u00f3n: \u00b1 4% CW \u00b1 6% CCW del valor indicado, CW, del 20% al 100% de escala completa<\/li>\n<\/ul>\n","protected":false},"featured_media":11603,"template":"","meta":{"_acf_changed":false},"pwb-brand":[99],"product_brand":[],"product_cat":[366,95,96],"product_tag":[],"class_list":{"0":"post-7857","1":"product","2":"type-product","3":"status-publish","4":"has-post-thumbnail","6":"pwb-brand-cdi-torque-products","7":"product_cat-todos-los-productos","8":"product_cat-cdi-torque-products","9":"product_cat-herramientas-de-torsion-cdi-torque-products","11":"first","12":"outofstock","13":"taxable","14":"shipping-taxable","15":"purchasable","16":"product-type-simple"},"acf":[],"yoast_head":"<!-- This site is optimized with the Yoast SEO plugin v27.4 - https:\/\/yoast.com\/product\/yoast-seo-wordpress\/ -->\n<title>Llave dinamom\u00e9trica ajustable con Micr\u00f3metro-Doble escala 1\/4&#8243; (10-50 In. Lb) - Techmaster de Mexico<\/title>\n<meta name=\"robots\" content=\"index, follow, max-snippet:-1, max-image-preview:large, max-video-preview:-1\" \/>\n<link rel=\"canonical\" href=\"https:\/\/techmasterdemexico.com\/producto\/llave-dinamometrica-ajustable-con-micrometro-doble-escala-1-4-10-50-in-lb\/\" \/>\n<meta property=\"og:locale\" content=\"en_US\" \/>\n<meta property=\"og:type\" content=\"article\" \/>\n<meta property=\"og:title\" content=\"Llave dinamom\u00e9trica ajustable con Micr\u00f3metro-Doble escala 1\/4&#8243; (10-50 In. Lb) - Techmaster de Mexico\" \/>\n<meta property=\"og:description\" content=\"Doble escala, doble direccion calibrada, bloqueo positivo con anillo de bloqueo desplegable con resorte  R\u00e1pido, preciso y f\u00e1cil de configurar  Escalas marcadas con lases f\u00e1ciles de leer  La mayor\u00eda cuenta con botones de liberaci\u00f3n r\u00e1pida que brindan una buena retenci\u00f3n del z\u00f3calo, as\u00ed como una f\u00e1cil extracci\u00f3n del z\u00f3calo.  Precisi\u00f3n: \u00b1 4% CW \u00b1 6% CCW del valor indicado, CW, del 20% al 100% de escala completa\" \/>\n<meta property=\"og:url\" content=\"https:\/\/techmasterdemexico.com\/producto\/llave-dinamometrica-ajustable-con-micrometro-doble-escala-1-4-10-50-in-lb\/\" \/>\n<meta property=\"og:site_name\" content=\"Techmaster de Mexico\" \/>\n<meta property=\"article:modified_time\" content=\"2025-06-26T19:40:05+00:00\" \/>\n<meta property=\"og:image\" content=\"https:\/\/techmasterdemexico.com\/wp-content\/uploads\/2021\/07\/501MRMH.png\" \/>\n\t<meta property=\"og:image:width\" content=\"1000\" \/>\n\t<meta property=\"og:image:height\" content=\"1000\" \/>\n\t<meta property=\"og:image:type\" content=\"image\/png\" \/>\n<meta name=\"twitter:card\" content=\"summary_large_image\" \/>\n<script type=\"application\/ld+json\" class=\"yoast-schema-graph\">{\"@context\":\"https:\\\/\\\/schema.org\",\"@graph\":[{\"@type\":\"WebPage\",\"@id\":\"https:\\\/\\\/techmasterdemexico.com\\\/producto\\\/llave-dinamometrica-ajustable-con-micrometro-doble-escala-1-4-10-50-in-lb\\\/\",\"url\":\"https:\\\/\\\/techmasterdemexico.com\\\/producto\\\/llave-dinamometrica-ajustable-con-micrometro-doble-escala-1-4-10-50-in-lb\\\/\",\"name\":\"Llave dinamom\u00e9trica ajustable con Micr\u00f3metro-Doble escala 1\\\/4&#8243; (10-50 In. Lb) - Techmaster de Mexico\",\"isPartOf\":{\"@id\":\"https:\\\/\\\/techmasterdemexico.com\\\/#website\"},\"primaryImageOfPage\":{\"@id\":\"https:\\\/\\\/techmasterdemexico.com\\\/producto\\\/llave-dinamometrica-ajustable-con-micrometro-doble-escala-1-4-10-50-in-lb\\\/#primaryimage\"},\"image\":{\"@id\":\"https:\\\/\\\/techmasterdemexico.com\\\/producto\\\/llave-dinamometrica-ajustable-con-micrometro-doble-escala-1-4-10-50-in-lb\\\/#primaryimage\"},\"thumbnailUrl\":\"https:\\\/\\\/techmasterdemexico.com\\\/wp-content\\\/uploads\\\/2021\\\/07\\\/501MRMH.png\",\"datePublished\":\"2021-07-24T03:16:35+00:00\",\"dateModified\":\"2025-06-26T19:40:05+00:00\",\"breadcrumb\":{\"@id\":\"https:\\\/\\\/techmasterdemexico.com\\\/producto\\\/llave-dinamometrica-ajustable-con-micrometro-doble-escala-1-4-10-50-in-lb\\\/#breadcrumb\"},\"inLanguage\":\"en-US\",\"potentialAction\":[{\"@type\":\"ReadAction\",\"target\":[\"https:\\\/\\\/techmasterdemexico.com\\\/producto\\\/llave-dinamometrica-ajustable-con-micrometro-doble-escala-1-4-10-50-in-lb\\\/\"]}]},{\"@type\":\"ImageObject\",\"inLanguage\":\"en-US\",\"@id\":\"https:\\\/\\\/techmasterdemexico.com\\\/producto\\\/llave-dinamometrica-ajustable-con-micrometro-doble-escala-1-4-10-50-in-lb\\\/#primaryimage\",\"url\":\"https:\\\/\\\/techmasterdemexico.com\\\/wp-content\\\/uploads\\\/2021\\\/07\\\/501MRMH.png\",\"contentUrl\":\"https:\\\/\\\/techmasterdemexico.com\\\/wp-content\\\/uploads\\\/2021\\\/07\\\/501MRMH.png\",\"width\":1000,\"height\":1000},{\"@type\":\"BreadcrumbList\",\"@id\":\"https:\\\/\\\/techmasterdemexico.com\\\/producto\\\/llave-dinamometrica-ajustable-con-micrometro-doble-escala-1-4-10-50-in-lb\\\/#breadcrumb\",\"itemListElement\":[{\"@type\":\"ListItem\",\"position\":1,\"name\":\"Portada\",\"item\":\"https:\\\/\\\/techmasterdemexico.com\\\/\"},{\"@type\":\"ListItem\",\"position\":2,\"name\":\"Llave dinamom\u00e9trica ajustable con Micr\u00f3metro-Doble escala 1\\\/4&#8243; (10-50 In. Lb)\"}]},{\"@type\":\"WebSite\",\"@id\":\"https:\\\/\\\/techmasterdemexico.com\\\/#website\",\"url\":\"https:\\\/\\\/techmasterdemexico.com\\\/\",\"name\":\"Techmaster de Mexico\",\"description\":\"\",\"potentialAction\":[{\"@type\":\"SearchAction\",\"target\":{\"@type\":\"EntryPoint\",\"urlTemplate\":\"https:\\\/\\\/techmasterdemexico.com\\\/?s={search_term_string}\"},\"query-input\":{\"@type\":\"PropertyValueSpecification\",\"valueRequired\":true,\"valueName\":\"search_term_string\"}}],\"inLanguage\":\"en-US\"}]}<\/script>\n<!-- \/ Yoast SEO plugin. -->","yoast_head_json":{"title":"Llave dinamom\u00e9trica ajustable con Micr\u00f3metro-Doble escala 1\/4&#8243; (10-50 In. Lb) - Techmaster de Mexico","robots":{"index":"index","follow":"follow","max-snippet":"max-snippet:-1","max-image-preview":"max-image-preview:large","max-video-preview":"max-video-preview:-1"},"canonical":"https:\/\/techmasterdemexico.com\/producto\/llave-dinamometrica-ajustable-con-micrometro-doble-escala-1-4-10-50-in-lb\/","og_locale":"en_US","og_type":"article","og_title":"Llave dinamom\u00e9trica ajustable con Micr\u00f3metro-Doble escala 1\/4&#8243; (10-50 In. Lb) - Techmaster de Mexico","og_description":"Doble escala, doble direccion calibrada, bloqueo positivo con anillo de bloqueo desplegable con resorte  R\u00e1pido, preciso y f\u00e1cil de configurar  Escalas marcadas con lases f\u00e1ciles de leer  La mayor\u00eda cuenta con botones de liberaci\u00f3n r\u00e1pida que brindan una buena retenci\u00f3n del z\u00f3calo, as\u00ed como una f\u00e1cil extracci\u00f3n del z\u00f3calo.  Precisi\u00f3n: \u00b1 4% CW \u00b1 6% CCW del valor indicado, CW, del 20% al 100% de escala completa","og_url":"https:\/\/techmasterdemexico.com\/producto\/llave-dinamometrica-ajustable-con-micrometro-doble-escala-1-4-10-50-in-lb\/","og_site_name":"Techmaster de Mexico","article_modified_time":"2025-06-26T19:40:05+00:00","og_image":[{"width":1000,"height":1000,"url":"https:\/\/techmasterdemexico.com\/wp-content\/uploads\/2021\/07\/501MRMH.png","type":"image\/png"}],"twitter_card":"summary_large_image","schema":{"@context":"https:\/\/schema.org","@graph":[{"@type":"WebPage","@id":"https:\/\/techmasterdemexico.com\/producto\/llave-dinamometrica-ajustable-con-micrometro-doble-escala-1-4-10-50-in-lb\/","url":"https:\/\/techmasterdemexico.com\/producto\/llave-dinamometrica-ajustable-con-micrometro-doble-escala-1-4-10-50-in-lb\/","name":"Llave dinamom\u00e9trica ajustable con Micr\u00f3metro-Doble escala 1\/4&#8243; (10-50 In. Lb) - Techmaster de Mexico","isPartOf":{"@id":"https:\/\/techmasterdemexico.com\/#website"},"primaryImageOfPage":{"@id":"https:\/\/techmasterdemexico.com\/producto\/llave-dinamometrica-ajustable-con-micrometro-doble-escala-1-4-10-50-in-lb\/#primaryimage"},"image":{"@id":"https:\/\/techmasterdemexico.com\/producto\/llave-dinamometrica-ajustable-con-micrometro-doble-escala-1-4-10-50-in-lb\/#primaryimage"},"thumbnailUrl":"https:\/\/techmasterdemexico.com\/wp-content\/uploads\/2021\/07\/501MRMH.png","datePublished":"2021-07-24T03:16:35+00:00","dateModified":"2025-06-26T19:40:05+00:00","breadcrumb":{"@id":"https:\/\/techmasterdemexico.com\/producto\/llave-dinamometrica-ajustable-con-micrometro-doble-escala-1-4-10-50-in-lb\/#breadcrumb"},"inLanguage":"en-US","potentialAction":[{"@type":"ReadAction","target":["https:\/\/techmasterdemexico.com\/producto\/llave-dinamometrica-ajustable-con-micrometro-doble-escala-1-4-10-50-in-lb\/"]}]},{"@type":"ImageObject","inLanguage":"en-US","@id":"https:\/\/techmasterdemexico.com\/producto\/llave-dinamometrica-ajustable-con-micrometro-doble-escala-1-4-10-50-in-lb\/#primaryimage","url":"https:\/\/techmasterdemexico.com\/wp-content\/uploads\/2021\/07\/501MRMH.png","contentUrl":"https:\/\/techmasterdemexico.com\/wp-content\/uploads\/2021\/07\/501MRMH.png","width":1000,"height":1000},{"@type":"BreadcrumbList","@id":"https:\/\/techmasterdemexico.com\/producto\/llave-dinamometrica-ajustable-con-micrometro-doble-escala-1-4-10-50-in-lb\/#breadcrumb","itemListElement":[{"@type":"ListItem","position":1,"name":"Portada","item":"https:\/\/techmasterdemexico.com\/"},{"@type":"ListItem","position":2,"name":"Llave dinamom\u00e9trica ajustable con Micr\u00f3metro-Doble escala 1\/4&#8243; (10-50 In. Lb)"}]},{"@type":"WebSite","@id":"https:\/\/techmasterdemexico.com\/#website","url":"https:\/\/techmasterdemexico.com\/","name":"Techmaster de Mexico","description":"","potentialAction":[{"@type":"SearchAction","target":{"@type":"EntryPoint","urlTemplate":"https:\/\/techmasterdemexico.com\/?s={search_term_string}"},"query-input":{"@type":"PropertyValueSpecification","valueRequired":true,"valueName":"search_term_string"}}],"inLanguage":"en-US"}]}},"brands":[{"id":99,"name":"CDI Torque Products","slug":"cdi-torque-products"}],"_links":{"self":[{"href":"https:\/\/techmasterdemexico.com\/en\/wp-json\/wp\/v2\/product\/7857","targetHints":{"allow":["GET"]}}],"collection":[{"href":"https:\/\/techmasterdemexico.com\/en\/wp-json\/wp\/v2\/product"}],"about":[{"href":"https:\/\/techmasterdemexico.com\/en\/wp-json\/wp\/v2\/types\/product"}],"wp:featuredmedia":[{"embeddable":true,"href":"https:\/\/techmasterdemexico.com\/en\/wp-json\/wp\/v2\/media\/11603"}],"wp:attachment":[{"href":"https:\/\/techmasterdemexico.com\/en\/wp-json\/wp\/v2\/media?parent=7857"}],"wp:term":[{"taxonomy":"pwb-brand","embeddable":true,"href":"https:\/\/techmasterdemexico.com\/en\/wp-json\/wp\/v2\/pwb-brand?post=7857"},{"taxonomy":"product_brand","embeddable":true,"href":"https:\/\/techmasterdemexico.com\/en\/wp-json\/wp\/v2\/product_brand?post=7857"},{"taxonomy":"product_cat","embeddable":true,"href":"https:\/\/techmasterdemexico.com\/en\/wp-json\/wp\/v2\/product_cat?post=7857"},{"taxonomy":"product_tag","embeddable":true,"href":"https:\/\/techmasterdemexico.com\/en\/wp-json\/wp\/v2\/product_tag?post=7857"}],"curies":[{"name":"wp","href":"https:\/\/api.w.org\/{rel}","templated":true}]}}