{"id":7856,"date":"2021-07-23T20:16:34","date_gmt":"2021-07-24T03:16:34","guid":{"rendered":"http:\/\/techmastermx.ddns.net\/producto\/llave-dinanometrica-de-dial-doble-escala-3-8-0-300-in-lb\/"},"modified":"2025-06-26T12:40:28","modified_gmt":"2025-06-26T19:40:28","slug":"llave-dinanometrica-de-dial-doble-escala-3-8-0-300-in-lb","status":"publish","type":"product","link":"https:\/\/techmasterdemexico.com\/en\/producto\/llave-dinanometrica-de-dial-doble-escala-3-8-0-300-in-lb\/","title":{"rendered":"Llave dinamom\u00e9trica de dial-Doble escala 3\/8\u2033 (0-300 In.Lb)"},"content":{"rendered":"<p>La llave dinamom\u00e9trica con cuadrante 3002LDIN, escala doble, accionamiento de 3\/8 pulg., 0-300 pulg. lbs. Este modelo de doble escala tiene un rango ingl\u00e9s de 0-300 in. lbs. y rango m\u00e9trico de 0-35 Nm. Las llaves dinamom\u00e9tricas de estilo dial de la serie CDI Classic ofrecen un dise\u00f1o de cuerpo que garantiza la m\u00e1xima durabilidad y rendimiento. La precisi\u00f3n de ambas series de +\/- 3 % cumple o excede ASME B107.14 1994, ISO 6789 bidireccionalmente del 20 % al 100 % de la escala.<\/p>\n","protected":false},"excerpt":{"rendered":"<ul>\n<li>Rango de torsi\u00f3n: 0-300 in lb (0-35 Nm)<\/li>\n<li>Incrementos: 5 pulg. lb (0,1 Nm)<\/li>\n<li>Tama\u00f1o de la unidad: 3\/8&#8243;<\/li>\n<li>Longitud: 10&#8243;<\/li>\n<\/ul>\n","protected":false},"featured_media":20527,"template":"","meta":{"_acf_changed":false},"pwb-brand":[99],"product_brand":[],"product_cat":[366,95,96],"product_tag":[],"class_list":{"0":"post-7856","1":"product","2":"type-product","3":"status-publish","4":"has-post-thumbnail","6":"pwb-brand-cdi-torque-products","7":"product_cat-todos-los-productos","8":"product_cat-cdi-torque-products","9":"product_cat-herramientas-de-torsion-cdi-torque-products","11":"first","12":"outofstock","13":"taxable","14":"shipping-taxable","15":"purchasable","16":"product-type-simple"},"acf":[],"yoast_head":"<!-- This site is optimized with the Yoast SEO plugin v27.4 - https:\/\/yoast.com\/product\/yoast-seo-wordpress\/ -->\n<title>Llave dinamom\u00e9trica de dial-Doble escala 3\/8\u2033 (0-300 In.Lb) - Techmaster de Mexico<\/title>\n<meta name=\"robots\" content=\"index, follow, max-snippet:-1, max-image-preview:large, max-video-preview:-1\" \/>\n<link rel=\"canonical\" href=\"https:\/\/techmasterdemexico.com\/producto\/llave-dinanometrica-de-dial-doble-escala-3-8-0-300-in-lb\/\" \/>\n<meta property=\"og:locale\" content=\"en_US\" \/>\n<meta property=\"og:type\" content=\"article\" \/>\n<meta property=\"og:title\" content=\"Llave dinamom\u00e9trica de dial-Doble escala 3\/8\u2033 (0-300 In.Lb) - Techmaster de Mexico\" \/>\n<meta property=\"og:description\" content=\"Rango de torsi\u00f3n: 0-300 in lb (0-35 Nm)  Incrementos: 5 pulg. lb (0,1 Nm)  Tama\u00f1o de la unidad: 3\/8&quot;  Longitud: 10&quot;\" \/>\n<meta property=\"og:url\" content=\"https:\/\/techmasterdemexico.com\/producto\/llave-dinanometrica-de-dial-doble-escala-3-8-0-300-in-lb\/\" \/>\n<meta property=\"og:site_name\" content=\"Techmaster de Mexico\" \/>\n<meta property=\"article:modified_time\" content=\"2025-06-26T19:40:28+00:00\" \/>\n<meta property=\"og:image\" content=\"https:\/\/techmasterdemexico.com\/wp-content\/uploads\/3002LDIN.png\" \/>\n\t<meta property=\"og:image:width\" content=\"854\" \/>\n\t<meta property=\"og:image:height\" content=\"854\" \/>\n\t<meta property=\"og:image:type\" content=\"image\/png\" \/>\n<meta name=\"twitter:card\" content=\"summary_large_image\" \/>\n<script type=\"application\/ld+json\" class=\"yoast-schema-graph\">{\"@context\":\"https:\\\/\\\/schema.org\",\"@graph\":[{\"@type\":\"WebPage\",\"@id\":\"https:\\\/\\\/techmasterdemexico.com\\\/producto\\\/llave-dinanometrica-de-dial-doble-escala-3-8-0-300-in-lb\\\/\",\"url\":\"https:\\\/\\\/techmasterdemexico.com\\\/producto\\\/llave-dinanometrica-de-dial-doble-escala-3-8-0-300-in-lb\\\/\",\"name\":\"Llave dinamom\u00e9trica de dial-Doble escala 3\\\/8\u2033 (0-300 In.Lb) - Techmaster de Mexico\",\"isPartOf\":{\"@id\":\"https:\\\/\\\/techmasterdemexico.com\\\/#website\"},\"primaryImageOfPage\":{\"@id\":\"https:\\\/\\\/techmasterdemexico.com\\\/producto\\\/llave-dinanometrica-de-dial-doble-escala-3-8-0-300-in-lb\\\/#primaryimage\"},\"image\":{\"@id\":\"https:\\\/\\\/techmasterdemexico.com\\\/producto\\\/llave-dinanometrica-de-dial-doble-escala-3-8-0-300-in-lb\\\/#primaryimage\"},\"thumbnailUrl\":\"https:\\\/\\\/techmasterdemexico.com\\\/wp-content\\\/uploads\\\/3002LDIN.png\",\"datePublished\":\"2021-07-24T03:16:34+00:00\",\"dateModified\":\"2025-06-26T19:40:28+00:00\",\"breadcrumb\":{\"@id\":\"https:\\\/\\\/techmasterdemexico.com\\\/producto\\\/llave-dinanometrica-de-dial-doble-escala-3-8-0-300-in-lb\\\/#breadcrumb\"},\"inLanguage\":\"en-US\",\"potentialAction\":[{\"@type\":\"ReadAction\",\"target\":[\"https:\\\/\\\/techmasterdemexico.com\\\/producto\\\/llave-dinanometrica-de-dial-doble-escala-3-8-0-300-in-lb\\\/\"]}]},{\"@type\":\"ImageObject\",\"inLanguage\":\"en-US\",\"@id\":\"https:\\\/\\\/techmasterdemexico.com\\\/producto\\\/llave-dinanometrica-de-dial-doble-escala-3-8-0-300-in-lb\\\/#primaryimage\",\"url\":\"https:\\\/\\\/techmasterdemexico.com\\\/wp-content\\\/uploads\\\/3002LDIN.png\",\"contentUrl\":\"https:\\\/\\\/techmasterdemexico.com\\\/wp-content\\\/uploads\\\/3002LDIN.png\",\"width\":854,\"height\":854},{\"@type\":\"BreadcrumbList\",\"@id\":\"https:\\\/\\\/techmasterdemexico.com\\\/producto\\\/llave-dinanometrica-de-dial-doble-escala-3-8-0-300-in-lb\\\/#breadcrumb\",\"itemListElement\":[{\"@type\":\"ListItem\",\"position\":1,\"name\":\"Portada\",\"item\":\"https:\\\/\\\/techmasterdemexico.com\\\/\"},{\"@type\":\"ListItem\",\"position\":2,\"name\":\"Llave dinamom\u00e9trica de dial-Doble escala 3\\\/8\u2033 (0-300 In.Lb)\"}]},{\"@type\":\"WebSite\",\"@id\":\"https:\\\/\\\/techmasterdemexico.com\\\/#website\",\"url\":\"https:\\\/\\\/techmasterdemexico.com\\\/\",\"name\":\"Techmaster de Mexico\",\"description\":\"\",\"potentialAction\":[{\"@type\":\"SearchAction\",\"target\":{\"@type\":\"EntryPoint\",\"urlTemplate\":\"https:\\\/\\\/techmasterdemexico.com\\\/?s={search_term_string}\"},\"query-input\":{\"@type\":\"PropertyValueSpecification\",\"valueRequired\":true,\"valueName\":\"search_term_string\"}}],\"inLanguage\":\"en-US\"}]}<\/script>\n<!-- \/ Yoast SEO plugin. -->","yoast_head_json":{"title":"Llave dinamom\u00e9trica de dial-Doble escala 3\/8\u2033 (0-300 In.Lb) - Techmaster de Mexico","robots":{"index":"index","follow":"follow","max-snippet":"max-snippet:-1","max-image-preview":"max-image-preview:large","max-video-preview":"max-video-preview:-1"},"canonical":"https:\/\/techmasterdemexico.com\/producto\/llave-dinanometrica-de-dial-doble-escala-3-8-0-300-in-lb\/","og_locale":"en_US","og_type":"article","og_title":"Llave dinamom\u00e9trica de dial-Doble escala 3\/8\u2033 (0-300 In.Lb) - Techmaster de Mexico","og_description":"Rango de torsi\u00f3n: 0-300 in lb (0-35 Nm)  Incrementos: 5 pulg. lb (0,1 Nm)  Tama\u00f1o de la unidad: 3\/8\"  Longitud: 10\"","og_url":"https:\/\/techmasterdemexico.com\/producto\/llave-dinanometrica-de-dial-doble-escala-3-8-0-300-in-lb\/","og_site_name":"Techmaster de Mexico","article_modified_time":"2025-06-26T19:40:28+00:00","og_image":[{"width":854,"height":854,"url":"https:\/\/techmasterdemexico.com\/wp-content\/uploads\/3002LDIN.png","type":"image\/png"}],"twitter_card":"summary_large_image","schema":{"@context":"https:\/\/schema.org","@graph":[{"@type":"WebPage","@id":"https:\/\/techmasterdemexico.com\/producto\/llave-dinanometrica-de-dial-doble-escala-3-8-0-300-in-lb\/","url":"https:\/\/techmasterdemexico.com\/producto\/llave-dinanometrica-de-dial-doble-escala-3-8-0-300-in-lb\/","name":"Llave dinamom\u00e9trica de dial-Doble escala 3\/8\u2033 (0-300 In.Lb) - Techmaster de Mexico","isPartOf":{"@id":"https:\/\/techmasterdemexico.com\/#website"},"primaryImageOfPage":{"@id":"https:\/\/techmasterdemexico.com\/producto\/llave-dinanometrica-de-dial-doble-escala-3-8-0-300-in-lb\/#primaryimage"},"image":{"@id":"https:\/\/techmasterdemexico.com\/producto\/llave-dinanometrica-de-dial-doble-escala-3-8-0-300-in-lb\/#primaryimage"},"thumbnailUrl":"https:\/\/techmasterdemexico.com\/wp-content\/uploads\/3002LDIN.png","datePublished":"2021-07-24T03:16:34+00:00","dateModified":"2025-06-26T19:40:28+00:00","breadcrumb":{"@id":"https:\/\/techmasterdemexico.com\/producto\/llave-dinanometrica-de-dial-doble-escala-3-8-0-300-in-lb\/#breadcrumb"},"inLanguage":"en-US","potentialAction":[{"@type":"ReadAction","target":["https:\/\/techmasterdemexico.com\/producto\/llave-dinanometrica-de-dial-doble-escala-3-8-0-300-in-lb\/"]}]},{"@type":"ImageObject","inLanguage":"en-US","@id":"https:\/\/techmasterdemexico.com\/producto\/llave-dinanometrica-de-dial-doble-escala-3-8-0-300-in-lb\/#primaryimage","url":"https:\/\/techmasterdemexico.com\/wp-content\/uploads\/3002LDIN.png","contentUrl":"https:\/\/techmasterdemexico.com\/wp-content\/uploads\/3002LDIN.png","width":854,"height":854},{"@type":"BreadcrumbList","@id":"https:\/\/techmasterdemexico.com\/producto\/llave-dinanometrica-de-dial-doble-escala-3-8-0-300-in-lb\/#breadcrumb","itemListElement":[{"@type":"ListItem","position":1,"name":"Portada","item":"https:\/\/techmasterdemexico.com\/"},{"@type":"ListItem","position":2,"name":"Llave dinamom\u00e9trica de dial-Doble escala 3\/8\u2033 (0-300 In.Lb)"}]},{"@type":"WebSite","@id":"https:\/\/techmasterdemexico.com\/#website","url":"https:\/\/techmasterdemexico.com\/","name":"Techmaster de Mexico","description":"","potentialAction":[{"@type":"SearchAction","target":{"@type":"EntryPoint","urlTemplate":"https:\/\/techmasterdemexico.com\/?s={search_term_string}"},"query-input":{"@type":"PropertyValueSpecification","valueRequired":true,"valueName":"search_term_string"}}],"inLanguage":"en-US"}]}},"brands":[{"id":99,"name":"CDI Torque Products","slug":"cdi-torque-products"}],"_links":{"self":[{"href":"https:\/\/techmasterdemexico.com\/en\/wp-json\/wp\/v2\/product\/7856","targetHints":{"allow":["GET"]}}],"collection":[{"href":"https:\/\/techmasterdemexico.com\/en\/wp-json\/wp\/v2\/product"}],"about":[{"href":"https:\/\/techmasterdemexico.com\/en\/wp-json\/wp\/v2\/types\/product"}],"wp:featuredmedia":[{"embeddable":true,"href":"https:\/\/techmasterdemexico.com\/en\/wp-json\/wp\/v2\/media\/20527"}],"wp:attachment":[{"href":"https:\/\/techmasterdemexico.com\/en\/wp-json\/wp\/v2\/media?parent=7856"}],"wp:term":[{"taxonomy":"pwb-brand","embeddable":true,"href":"https:\/\/techmasterdemexico.com\/en\/wp-json\/wp\/v2\/pwb-brand?post=7856"},{"taxonomy":"product_brand","embeddable":true,"href":"https:\/\/techmasterdemexico.com\/en\/wp-json\/wp\/v2\/product_brand?post=7856"},{"taxonomy":"product_cat","embeddable":true,"href":"https:\/\/techmasterdemexico.com\/en\/wp-json\/wp\/v2\/product_cat?post=7856"},{"taxonomy":"product_tag","embeddable":true,"href":"https:\/\/techmasterdemexico.com\/en\/wp-json\/wp\/v2\/product_tag?post=7856"}],"curies":[{"name":"wp","href":"https:\/\/api.w.org\/{rel}","templated":true}]}}