{"id":7854,"date":"2021-07-23T20:16:33","date_gmt":"2021-07-24T03:16:33","guid":{"rendered":"http:\/\/techmastermx.ddns.net\/producto\/llave-dinanometrica-de-dial-doble-escala-3-8-0-150-in-lb\/"},"modified":"2025-06-26T12:40:28","modified_gmt":"2025-06-26T19:40:28","slug":"llave-dinanometrica-de-dial-doble-escala-3-8-0-150-in-lb","status":"publish","type":"product","link":"https:\/\/techmasterdemexico.com\/en\/producto\/llave-dinanometrica-de-dial-doble-escala-3-8-0-150-in-lb\/","title":{"rendered":"Llave dinamom\u00e9trica de dial-Doble escala 3\/8&#8243; (0-150 In.Lb)"},"content":{"rendered":"<p>Dise\u00f1ado para las industrias automotriz, nuclear e industrial adem\u00e1s de instalaciones militares en todo el mundo.<br \/>\nEsta serie cuenta con un resistente dise\u00f1o de viga de torsi\u00f3n para una larga vida \u00fatil y precisi\u00f3n confiables.<br \/>\nEl modelo de marco peque\u00f1o ofrece rangos de 3in. libras a 50 pies.lbs. hasta 2,000 libras-pie. con cuadros de 1\/2&#8243;, 3\/4&#8243; y 1&#8243;.<br \/>\nLa precisi\u00f3n de ambas series de \u00b13 % cumple o supera las normas ASME, ISO 6789 bidireccionalmente del 20 % al 100 % de la escala.<\/p>\n","protected":false},"excerpt":{"rendered":"<ul>\n<li>La construcci\u00f3n robusta del cuerpo asegura durabilidad.<\/li>\n<li>Escala dual marcada con l\u00e1ser f\u00e1cil de leer.<\/li>\n<li>El dial grande y f\u00e1cil de leer es resistente a los golpes y est\u00e1 protegido por un protector de metal resistente.<\/li>\n<li>La aguja de memoria retiene la lectura de torque m\u00e1s alta aplicada.<\/li>\n<li>Calibrado con direcci\u00f3n CW y CCW.<\/li>\n<li>Precisi\u00f3n \u00b14% del valor indicado, CW y CCW del 20% al 100% de la escala completa.<\/li>\n<\/ul>\n","protected":false},"featured_media":11608,"template":"","meta":{"_acf_changed":false},"pwb-brand":[99],"product_brand":[],"product_cat":[366,95,96],"product_tag":[],"class_list":{"0":"post-7854","1":"product","2":"type-product","3":"status-publish","4":"has-post-thumbnail","6":"pwb-brand-cdi-torque-products","7":"product_cat-todos-los-productos","8":"product_cat-cdi-torque-products","9":"product_cat-herramientas-de-torsion-cdi-torque-products","11":"first","12":"outofstock","13":"taxable","14":"shipping-taxable","15":"purchasable","16":"product-type-simple"},"acf":[],"yoast_head":"<!-- This site is optimized with the Yoast SEO plugin v27.4 - https:\/\/yoast.com\/product\/yoast-seo-wordpress\/ -->\n<title>Llave dinamom\u00e9trica de dial-Doble escala 3\/8&#8243; (0-150 In.Lb) - Techmaster de Mexico<\/title>\n<meta name=\"robots\" content=\"index, follow, max-snippet:-1, max-image-preview:large, max-video-preview:-1\" \/>\n<link rel=\"canonical\" href=\"https:\/\/techmasterdemexico.com\/producto\/llave-dinanometrica-de-dial-doble-escala-3-8-0-150-in-lb\/\" \/>\n<meta property=\"og:locale\" content=\"en_US\" \/>\n<meta property=\"og:type\" content=\"article\" \/>\n<meta property=\"og:title\" content=\"Llave dinamom\u00e9trica de dial-Doble escala 3\/8&#8243; (0-150 In.Lb) - Techmaster de Mexico\" \/>\n<meta property=\"og:description\" content=\"La construcci\u00f3n robusta del cuerpo asegura durabilidad.  Escala dual marcada con l\u00e1ser f\u00e1cil de leer.  El dial grande y f\u00e1cil de leer es resistente a los golpes y est\u00e1 protegido por un protector de metal resistente.  La aguja de memoria retiene la lectura de torque m\u00e1s alta aplicada.  Calibrado con direcci\u00f3n CW y CCW.  Precisi\u00f3n \u00b14% del valor indicado, CW y CCW del 20% al 100% de la escala completa.\" \/>\n<meta property=\"og:url\" content=\"https:\/\/techmasterdemexico.com\/producto\/llave-dinanometrica-de-dial-doble-escala-3-8-0-150-in-lb\/\" \/>\n<meta property=\"og:site_name\" content=\"Techmaster de Mexico\" \/>\n<meta property=\"article:modified_time\" content=\"2025-06-26T19:40:28+00:00\" \/>\n<meta property=\"og:image\" content=\"https:\/\/techmasterdemexico.com\/wp-content\/uploads\/2021\/07\/1502LDIN.png\" \/>\n\t<meta property=\"og:image:width\" content=\"1280\" \/>\n\t<meta property=\"og:image:height\" content=\"1280\" \/>\n\t<meta property=\"og:image:type\" content=\"image\/png\" \/>\n<meta name=\"twitter:card\" content=\"summary_large_image\" \/>\n<script type=\"application\/ld+json\" class=\"yoast-schema-graph\">{\"@context\":\"https:\\\/\\\/schema.org\",\"@graph\":[{\"@type\":\"WebPage\",\"@id\":\"https:\\\/\\\/techmasterdemexico.com\\\/producto\\\/llave-dinanometrica-de-dial-doble-escala-3-8-0-150-in-lb\\\/\",\"url\":\"https:\\\/\\\/techmasterdemexico.com\\\/producto\\\/llave-dinanometrica-de-dial-doble-escala-3-8-0-150-in-lb\\\/\",\"name\":\"Llave dinamom\u00e9trica de dial-Doble escala 3\\\/8&#8243; (0-150 In.Lb) - Techmaster de Mexico\",\"isPartOf\":{\"@id\":\"https:\\\/\\\/techmasterdemexico.com\\\/#website\"},\"primaryImageOfPage\":{\"@id\":\"https:\\\/\\\/techmasterdemexico.com\\\/producto\\\/llave-dinanometrica-de-dial-doble-escala-3-8-0-150-in-lb\\\/#primaryimage\"},\"image\":{\"@id\":\"https:\\\/\\\/techmasterdemexico.com\\\/producto\\\/llave-dinanometrica-de-dial-doble-escala-3-8-0-150-in-lb\\\/#primaryimage\"},\"thumbnailUrl\":\"https:\\\/\\\/techmasterdemexico.com\\\/wp-content\\\/uploads\\\/2021\\\/07\\\/1502LDIN.png\",\"datePublished\":\"2021-07-24T03:16:33+00:00\",\"dateModified\":\"2025-06-26T19:40:28+00:00\",\"breadcrumb\":{\"@id\":\"https:\\\/\\\/techmasterdemexico.com\\\/producto\\\/llave-dinanometrica-de-dial-doble-escala-3-8-0-150-in-lb\\\/#breadcrumb\"},\"inLanguage\":\"en-US\",\"potentialAction\":[{\"@type\":\"ReadAction\",\"target\":[\"https:\\\/\\\/techmasterdemexico.com\\\/producto\\\/llave-dinanometrica-de-dial-doble-escala-3-8-0-150-in-lb\\\/\"]}]},{\"@type\":\"ImageObject\",\"inLanguage\":\"en-US\",\"@id\":\"https:\\\/\\\/techmasterdemexico.com\\\/producto\\\/llave-dinanometrica-de-dial-doble-escala-3-8-0-150-in-lb\\\/#primaryimage\",\"url\":\"https:\\\/\\\/techmasterdemexico.com\\\/wp-content\\\/uploads\\\/2021\\\/07\\\/1502LDIN.png\",\"contentUrl\":\"https:\\\/\\\/techmasterdemexico.com\\\/wp-content\\\/uploads\\\/2021\\\/07\\\/1502LDIN.png\",\"width\":1280,\"height\":1280},{\"@type\":\"BreadcrumbList\",\"@id\":\"https:\\\/\\\/techmasterdemexico.com\\\/producto\\\/llave-dinanometrica-de-dial-doble-escala-3-8-0-150-in-lb\\\/#breadcrumb\",\"itemListElement\":[{\"@type\":\"ListItem\",\"position\":1,\"name\":\"Portada\",\"item\":\"https:\\\/\\\/techmasterdemexico.com\\\/\"},{\"@type\":\"ListItem\",\"position\":2,\"name\":\"Llave dinamom\u00e9trica de dial-Doble escala 3\\\/8&#8243; (0-150 In.Lb)\"}]},{\"@type\":\"WebSite\",\"@id\":\"https:\\\/\\\/techmasterdemexico.com\\\/#website\",\"url\":\"https:\\\/\\\/techmasterdemexico.com\\\/\",\"name\":\"Techmaster de Mexico\",\"description\":\"\",\"potentialAction\":[{\"@type\":\"SearchAction\",\"target\":{\"@type\":\"EntryPoint\",\"urlTemplate\":\"https:\\\/\\\/techmasterdemexico.com\\\/?s={search_term_string}\"},\"query-input\":{\"@type\":\"PropertyValueSpecification\",\"valueRequired\":true,\"valueName\":\"search_term_string\"}}],\"inLanguage\":\"en-US\"}]}<\/script>\n<!-- \/ Yoast SEO plugin. -->","yoast_head_json":{"title":"Llave dinamom\u00e9trica de dial-Doble escala 3\/8&#8243; (0-150 In.Lb) - Techmaster de Mexico","robots":{"index":"index","follow":"follow","max-snippet":"max-snippet:-1","max-image-preview":"max-image-preview:large","max-video-preview":"max-video-preview:-1"},"canonical":"https:\/\/techmasterdemexico.com\/producto\/llave-dinanometrica-de-dial-doble-escala-3-8-0-150-in-lb\/","og_locale":"en_US","og_type":"article","og_title":"Llave dinamom\u00e9trica de dial-Doble escala 3\/8&#8243; (0-150 In.Lb) - Techmaster de Mexico","og_description":"La construcci\u00f3n robusta del cuerpo asegura durabilidad.  Escala dual marcada con l\u00e1ser f\u00e1cil de leer.  El dial grande y f\u00e1cil de leer es resistente a los golpes y est\u00e1 protegido por un protector de metal resistente.  La aguja de memoria retiene la lectura de torque m\u00e1s alta aplicada.  Calibrado con direcci\u00f3n CW y CCW.  Precisi\u00f3n \u00b14% del valor indicado, CW y CCW del 20% al 100% de la escala completa.","og_url":"https:\/\/techmasterdemexico.com\/producto\/llave-dinanometrica-de-dial-doble-escala-3-8-0-150-in-lb\/","og_site_name":"Techmaster de Mexico","article_modified_time":"2025-06-26T19:40:28+00:00","og_image":[{"width":1280,"height":1280,"url":"https:\/\/techmasterdemexico.com\/wp-content\/uploads\/2021\/07\/1502LDIN.png","type":"image\/png"}],"twitter_card":"summary_large_image","schema":{"@context":"https:\/\/schema.org","@graph":[{"@type":"WebPage","@id":"https:\/\/techmasterdemexico.com\/producto\/llave-dinanometrica-de-dial-doble-escala-3-8-0-150-in-lb\/","url":"https:\/\/techmasterdemexico.com\/producto\/llave-dinanometrica-de-dial-doble-escala-3-8-0-150-in-lb\/","name":"Llave dinamom\u00e9trica de dial-Doble escala 3\/8&#8243; (0-150 In.Lb) - Techmaster de Mexico","isPartOf":{"@id":"https:\/\/techmasterdemexico.com\/#website"},"primaryImageOfPage":{"@id":"https:\/\/techmasterdemexico.com\/producto\/llave-dinanometrica-de-dial-doble-escala-3-8-0-150-in-lb\/#primaryimage"},"image":{"@id":"https:\/\/techmasterdemexico.com\/producto\/llave-dinanometrica-de-dial-doble-escala-3-8-0-150-in-lb\/#primaryimage"},"thumbnailUrl":"https:\/\/techmasterdemexico.com\/wp-content\/uploads\/2021\/07\/1502LDIN.png","datePublished":"2021-07-24T03:16:33+00:00","dateModified":"2025-06-26T19:40:28+00:00","breadcrumb":{"@id":"https:\/\/techmasterdemexico.com\/producto\/llave-dinanometrica-de-dial-doble-escala-3-8-0-150-in-lb\/#breadcrumb"},"inLanguage":"en-US","potentialAction":[{"@type":"ReadAction","target":["https:\/\/techmasterdemexico.com\/producto\/llave-dinanometrica-de-dial-doble-escala-3-8-0-150-in-lb\/"]}]},{"@type":"ImageObject","inLanguage":"en-US","@id":"https:\/\/techmasterdemexico.com\/producto\/llave-dinanometrica-de-dial-doble-escala-3-8-0-150-in-lb\/#primaryimage","url":"https:\/\/techmasterdemexico.com\/wp-content\/uploads\/2021\/07\/1502LDIN.png","contentUrl":"https:\/\/techmasterdemexico.com\/wp-content\/uploads\/2021\/07\/1502LDIN.png","width":1280,"height":1280},{"@type":"BreadcrumbList","@id":"https:\/\/techmasterdemexico.com\/producto\/llave-dinanometrica-de-dial-doble-escala-3-8-0-150-in-lb\/#breadcrumb","itemListElement":[{"@type":"ListItem","position":1,"name":"Portada","item":"https:\/\/techmasterdemexico.com\/"},{"@type":"ListItem","position":2,"name":"Llave dinamom\u00e9trica de dial-Doble escala 3\/8&#8243; (0-150 In.Lb)"}]},{"@type":"WebSite","@id":"https:\/\/techmasterdemexico.com\/#website","url":"https:\/\/techmasterdemexico.com\/","name":"Techmaster de Mexico","description":"","potentialAction":[{"@type":"SearchAction","target":{"@type":"EntryPoint","urlTemplate":"https:\/\/techmasterdemexico.com\/?s={search_term_string}"},"query-input":{"@type":"PropertyValueSpecification","valueRequired":true,"valueName":"search_term_string"}}],"inLanguage":"en-US"}]}},"brands":[{"id":99,"name":"CDI Torque Products","slug":"cdi-torque-products"}],"_links":{"self":[{"href":"https:\/\/techmasterdemexico.com\/en\/wp-json\/wp\/v2\/product\/7854","targetHints":{"allow":["GET"]}}],"collection":[{"href":"https:\/\/techmasterdemexico.com\/en\/wp-json\/wp\/v2\/product"}],"about":[{"href":"https:\/\/techmasterdemexico.com\/en\/wp-json\/wp\/v2\/types\/product"}],"wp:featuredmedia":[{"embeddable":true,"href":"https:\/\/techmasterdemexico.com\/en\/wp-json\/wp\/v2\/media\/11608"}],"wp:attachment":[{"href":"https:\/\/techmasterdemexico.com\/en\/wp-json\/wp\/v2\/media?parent=7854"}],"wp:term":[{"taxonomy":"pwb-brand","embeddable":true,"href":"https:\/\/techmasterdemexico.com\/en\/wp-json\/wp\/v2\/pwb-brand?post=7854"},{"taxonomy":"product_brand","embeddable":true,"href":"https:\/\/techmasterdemexico.com\/en\/wp-json\/wp\/v2\/product_brand?post=7854"},{"taxonomy":"product_cat","embeddable":true,"href":"https:\/\/techmasterdemexico.com\/en\/wp-json\/wp\/v2\/product_cat?post=7854"},{"taxonomy":"product_tag","embeddable":true,"href":"https:\/\/techmasterdemexico.com\/en\/wp-json\/wp\/v2\/product_tag?post=7854"}],"curies":[{"name":"wp","href":"https:\/\/api.w.org\/{rel}","templated":true}]}}