{"id":7853,"date":"2021-07-23T20:16:33","date_gmt":"2021-07-24T03:16:33","guid":{"rendered":"http:\/\/techmastermx.ddns.net\/producto\/llave-dinanometrica-de-dial-electronico-1-4-5-50-in-lb\/"},"modified":"2025-06-26T12:39:11","modified_gmt":"2025-06-26T19:39:11","slug":"llave-dinanometrica-de-dial-electronico-1-4-5-50-in-lb","status":"publish","type":"product","link":"https:\/\/techmasterdemexico.com\/en\/producto\/llave-dinanometrica-de-dial-electronico-1-4-5-50-in-lb\/","title":{"rendered":"Llave dinamom\u00e9trica de dial electr\u00f3nico 1\/4\u2033 (5-50 In.Lb)"},"content":{"rendered":"<p>La llave dinamom\u00e9trica con cuadrante electr\u00f3nico CDI de 1\/4\u2033 de Snap-On Industrial Brands ofrece un rango ingl\u00e9s en 5-50 in lbs y 0,42-4,17 ft lbs y un rango m\u00e9trico en 0,56-5,65 Nm y 5,7-57,65 kgcm. La llave dinamom\u00e9trica de esfera electr\u00f3nica (ED) cuenta con electr\u00f3nica de estado s\u00f3lido para una aplicaci\u00f3n y medici\u00f3n precisas del par. No hay necesidad de mirar directamente la lectura digital ya que la llave tiene 3 luces indicadoras y un zumbador audible.<\/p>\n","protected":false},"excerpt":{"rendered":"<p>La llave dinamom\u00e9trica con cuadrante electr\u00f3nico CDI de 1\/4\u2033 de Snap-On Industrial Brands ofrece un rango ingl\u00e9s en 5-50 in lbs y 0,42-4,17 ft lbs y un rango m\u00e9trico en 0,56-5,65 Nm y 5,7-57,65 kgcm. La llave dinamom\u00e9trica de esfera electr\u00f3nica (ED) cuenta con electr\u00f3nica de estado s\u00f3lido para una aplicaci\u00f3n y medici\u00f3n precisas del [&hellip;]<\/p>\n","protected":false},"featured_media":8338,"template":"","meta":{"_acf_changed":false},"pwb-brand":[99],"product_brand":[],"product_cat":[366,95,96],"product_tag":[],"class_list":{"0":"post-7853","1":"product","2":"type-product","3":"status-publish","4":"has-post-thumbnail","6":"pwb-brand-cdi-torque-products","7":"product_cat-todos-los-productos","8":"product_cat-cdi-torque-products","9":"product_cat-herramientas-de-torsion-cdi-torque-products","11":"first","12":"outofstock","13":"taxable","14":"shipping-taxable","15":"purchasable","16":"product-type-simple"},"acf":[],"yoast_head":"<!-- This site is optimized with the Yoast SEO plugin v27.4 - https:\/\/yoast.com\/product\/yoast-seo-wordpress\/ -->\n<title>Llave dinamom\u00e9trica de dial electr\u00f3nico 1\/4\u2033 (5-50 In.Lb) - Techmaster de Mexico<\/title>\n<meta name=\"robots\" content=\"index, follow, max-snippet:-1, max-image-preview:large, max-video-preview:-1\" \/>\n<link rel=\"canonical\" href=\"https:\/\/techmasterdemexico.com\/producto\/llave-dinanometrica-de-dial-electronico-1-4-5-50-in-lb\/\" \/>\n<meta property=\"og:locale\" content=\"en_US\" \/>\n<meta property=\"og:type\" content=\"article\" \/>\n<meta property=\"og:title\" content=\"Llave dinamom\u00e9trica de dial electr\u00f3nico 1\/4\u2033 (5-50 In.Lb) - Techmaster de Mexico\" \/>\n<meta property=\"og:description\" content=\"La llave dinamom\u00e9trica con cuadrante electr\u00f3nico CDI de 1\/4\u2033 de Snap-On Industrial Brands ofrece un rango ingl\u00e9s en 5-50 in lbs y 0,42-4,17 ft lbs y un rango m\u00e9trico en 0,56-5,65 Nm y 5,7-57,65 kgcm. La llave dinamom\u00e9trica de esfera electr\u00f3nica (ED) cuenta con electr\u00f3nica de estado s\u00f3lido para una aplicaci\u00f3n y medici\u00f3n precisas del [&hellip;]\" \/>\n<meta property=\"og:url\" content=\"https:\/\/techmasterdemexico.com\/producto\/llave-dinanometrica-de-dial-electronico-1-4-5-50-in-lb\/\" \/>\n<meta property=\"og:site_name\" content=\"Techmaster de Mexico\" \/>\n<meta property=\"article:modified_time\" content=\"2025-06-26T19:39:11+00:00\" \/>\n<meta property=\"og:image\" content=\"https:\/\/techmasterdemexico.com\/wp-content\/uploads\/2021\/07\/501ED.png\" \/>\n\t<meta property=\"og:image:width\" content=\"500\" \/>\n\t<meta property=\"og:image:height\" content=\"500\" \/>\n\t<meta property=\"og:image:type\" content=\"image\/png\" \/>\n<meta name=\"twitter:card\" content=\"summary_large_image\" \/>\n<script type=\"application\/ld+json\" class=\"yoast-schema-graph\">{\"@context\":\"https:\\\/\\\/schema.org\",\"@graph\":[{\"@type\":\"WebPage\",\"@id\":\"https:\\\/\\\/techmasterdemexico.com\\\/producto\\\/llave-dinanometrica-de-dial-electronico-1-4-5-50-in-lb\\\/\",\"url\":\"https:\\\/\\\/techmasterdemexico.com\\\/producto\\\/llave-dinanometrica-de-dial-electronico-1-4-5-50-in-lb\\\/\",\"name\":\"Llave dinamom\u00e9trica de dial electr\u00f3nico 1\\\/4\u2033 (5-50 In.Lb) - Techmaster de Mexico\",\"isPartOf\":{\"@id\":\"https:\\\/\\\/techmasterdemexico.com\\\/#website\"},\"primaryImageOfPage\":{\"@id\":\"https:\\\/\\\/techmasterdemexico.com\\\/producto\\\/llave-dinanometrica-de-dial-electronico-1-4-5-50-in-lb\\\/#primaryimage\"},\"image\":{\"@id\":\"https:\\\/\\\/techmasterdemexico.com\\\/producto\\\/llave-dinanometrica-de-dial-electronico-1-4-5-50-in-lb\\\/#primaryimage\"},\"thumbnailUrl\":\"https:\\\/\\\/techmasterdemexico.com\\\/wp-content\\\/uploads\\\/2021\\\/07\\\/501ED.png\",\"datePublished\":\"2021-07-24T03:16:33+00:00\",\"dateModified\":\"2025-06-26T19:39:11+00:00\",\"breadcrumb\":{\"@id\":\"https:\\\/\\\/techmasterdemexico.com\\\/producto\\\/llave-dinanometrica-de-dial-electronico-1-4-5-50-in-lb\\\/#breadcrumb\"},\"inLanguage\":\"en-US\",\"potentialAction\":[{\"@type\":\"ReadAction\",\"target\":[\"https:\\\/\\\/techmasterdemexico.com\\\/producto\\\/llave-dinanometrica-de-dial-electronico-1-4-5-50-in-lb\\\/\"]}]},{\"@type\":\"ImageObject\",\"inLanguage\":\"en-US\",\"@id\":\"https:\\\/\\\/techmasterdemexico.com\\\/producto\\\/llave-dinanometrica-de-dial-electronico-1-4-5-50-in-lb\\\/#primaryimage\",\"url\":\"https:\\\/\\\/techmasterdemexico.com\\\/wp-content\\\/uploads\\\/2021\\\/07\\\/501ED.png\",\"contentUrl\":\"https:\\\/\\\/techmasterdemexico.com\\\/wp-content\\\/uploads\\\/2021\\\/07\\\/501ED.png\",\"width\":500,\"height\":500},{\"@type\":\"BreadcrumbList\",\"@id\":\"https:\\\/\\\/techmasterdemexico.com\\\/producto\\\/llave-dinanometrica-de-dial-electronico-1-4-5-50-in-lb\\\/#breadcrumb\",\"itemListElement\":[{\"@type\":\"ListItem\",\"position\":1,\"name\":\"Portada\",\"item\":\"https:\\\/\\\/techmasterdemexico.com\\\/\"},{\"@type\":\"ListItem\",\"position\":2,\"name\":\"Llave dinamom\u00e9trica de dial electr\u00f3nico 1\\\/4\u2033 (5-50 In.Lb)\"}]},{\"@type\":\"WebSite\",\"@id\":\"https:\\\/\\\/techmasterdemexico.com\\\/#website\",\"url\":\"https:\\\/\\\/techmasterdemexico.com\\\/\",\"name\":\"Techmaster de Mexico\",\"description\":\"\",\"potentialAction\":[{\"@type\":\"SearchAction\",\"target\":{\"@type\":\"EntryPoint\",\"urlTemplate\":\"https:\\\/\\\/techmasterdemexico.com\\\/?s={search_term_string}\"},\"query-input\":{\"@type\":\"PropertyValueSpecification\",\"valueRequired\":true,\"valueName\":\"search_term_string\"}}],\"inLanguage\":\"en-US\"}]}<\/script>\n<!-- \/ Yoast SEO plugin. -->","yoast_head_json":{"title":"Llave dinamom\u00e9trica de dial electr\u00f3nico 1\/4\u2033 (5-50 In.Lb) - Techmaster de Mexico","robots":{"index":"index","follow":"follow","max-snippet":"max-snippet:-1","max-image-preview":"max-image-preview:large","max-video-preview":"max-video-preview:-1"},"canonical":"https:\/\/techmasterdemexico.com\/producto\/llave-dinanometrica-de-dial-electronico-1-4-5-50-in-lb\/","og_locale":"en_US","og_type":"article","og_title":"Llave dinamom\u00e9trica de dial electr\u00f3nico 1\/4\u2033 (5-50 In.Lb) - Techmaster de Mexico","og_description":"La llave dinamom\u00e9trica con cuadrante electr\u00f3nico CDI de 1\/4\u2033 de Snap-On Industrial Brands ofrece un rango ingl\u00e9s en 5-50 in lbs y 0,42-4,17 ft lbs y un rango m\u00e9trico en 0,56-5,65 Nm y 5,7-57,65 kgcm. La llave dinamom\u00e9trica de esfera electr\u00f3nica (ED) cuenta con electr\u00f3nica de estado s\u00f3lido para una aplicaci\u00f3n y medici\u00f3n precisas del [&hellip;]","og_url":"https:\/\/techmasterdemexico.com\/producto\/llave-dinanometrica-de-dial-electronico-1-4-5-50-in-lb\/","og_site_name":"Techmaster de Mexico","article_modified_time":"2025-06-26T19:39:11+00:00","og_image":[{"width":500,"height":500,"url":"https:\/\/techmasterdemexico.com\/wp-content\/uploads\/2021\/07\/501ED.png","type":"image\/png"}],"twitter_card":"summary_large_image","schema":{"@context":"https:\/\/schema.org","@graph":[{"@type":"WebPage","@id":"https:\/\/techmasterdemexico.com\/producto\/llave-dinanometrica-de-dial-electronico-1-4-5-50-in-lb\/","url":"https:\/\/techmasterdemexico.com\/producto\/llave-dinanometrica-de-dial-electronico-1-4-5-50-in-lb\/","name":"Llave dinamom\u00e9trica de dial electr\u00f3nico 1\/4\u2033 (5-50 In.Lb) - Techmaster de Mexico","isPartOf":{"@id":"https:\/\/techmasterdemexico.com\/#website"},"primaryImageOfPage":{"@id":"https:\/\/techmasterdemexico.com\/producto\/llave-dinanometrica-de-dial-electronico-1-4-5-50-in-lb\/#primaryimage"},"image":{"@id":"https:\/\/techmasterdemexico.com\/producto\/llave-dinanometrica-de-dial-electronico-1-4-5-50-in-lb\/#primaryimage"},"thumbnailUrl":"https:\/\/techmasterdemexico.com\/wp-content\/uploads\/2021\/07\/501ED.png","datePublished":"2021-07-24T03:16:33+00:00","dateModified":"2025-06-26T19:39:11+00:00","breadcrumb":{"@id":"https:\/\/techmasterdemexico.com\/producto\/llave-dinanometrica-de-dial-electronico-1-4-5-50-in-lb\/#breadcrumb"},"inLanguage":"en-US","potentialAction":[{"@type":"ReadAction","target":["https:\/\/techmasterdemexico.com\/producto\/llave-dinanometrica-de-dial-electronico-1-4-5-50-in-lb\/"]}]},{"@type":"ImageObject","inLanguage":"en-US","@id":"https:\/\/techmasterdemexico.com\/producto\/llave-dinanometrica-de-dial-electronico-1-4-5-50-in-lb\/#primaryimage","url":"https:\/\/techmasterdemexico.com\/wp-content\/uploads\/2021\/07\/501ED.png","contentUrl":"https:\/\/techmasterdemexico.com\/wp-content\/uploads\/2021\/07\/501ED.png","width":500,"height":500},{"@type":"BreadcrumbList","@id":"https:\/\/techmasterdemexico.com\/producto\/llave-dinanometrica-de-dial-electronico-1-4-5-50-in-lb\/#breadcrumb","itemListElement":[{"@type":"ListItem","position":1,"name":"Portada","item":"https:\/\/techmasterdemexico.com\/"},{"@type":"ListItem","position":2,"name":"Llave dinamom\u00e9trica de dial electr\u00f3nico 1\/4\u2033 (5-50 In.Lb)"}]},{"@type":"WebSite","@id":"https:\/\/techmasterdemexico.com\/#website","url":"https:\/\/techmasterdemexico.com\/","name":"Techmaster de Mexico","description":"","potentialAction":[{"@type":"SearchAction","target":{"@type":"EntryPoint","urlTemplate":"https:\/\/techmasterdemexico.com\/?s={search_term_string}"},"query-input":{"@type":"PropertyValueSpecification","valueRequired":true,"valueName":"search_term_string"}}],"inLanguage":"en-US"}]}},"brands":[{"id":99,"name":"CDI Torque Products","slug":"cdi-torque-products"}],"_links":{"self":[{"href":"https:\/\/techmasterdemexico.com\/en\/wp-json\/wp\/v2\/product\/7853","targetHints":{"allow":["GET"]}}],"collection":[{"href":"https:\/\/techmasterdemexico.com\/en\/wp-json\/wp\/v2\/product"}],"about":[{"href":"https:\/\/techmasterdemexico.com\/en\/wp-json\/wp\/v2\/types\/product"}],"wp:featuredmedia":[{"embeddable":true,"href":"https:\/\/techmasterdemexico.com\/en\/wp-json\/wp\/v2\/media\/8338"}],"wp:attachment":[{"href":"https:\/\/techmasterdemexico.com\/en\/wp-json\/wp\/v2\/media?parent=7853"}],"wp:term":[{"taxonomy":"pwb-brand","embeddable":true,"href":"https:\/\/techmasterdemexico.com\/en\/wp-json\/wp\/v2\/pwb-brand?post=7853"},{"taxonomy":"product_brand","embeddable":true,"href":"https:\/\/techmasterdemexico.com\/en\/wp-json\/wp\/v2\/product_brand?post=7853"},{"taxonomy":"product_cat","embeddable":true,"href":"https:\/\/techmasterdemexico.com\/en\/wp-json\/wp\/v2\/product_cat?post=7853"},{"taxonomy":"product_tag","embeddable":true,"href":"https:\/\/techmasterdemexico.com\/en\/wp-json\/wp\/v2\/product_tag?post=7853"}],"curies":[{"name":"wp","href":"https:\/\/api.w.org\/{rel}","templated":true}]}}