{"id":7852,"date":"2021-07-23T20:16:32","date_gmt":"2021-07-24T03:16:32","guid":{"rendered":"http:\/\/techmastermx.ddns.net\/producto\/llave-dinanometrica-de-dial-doble-escala-3-8-0-600-in-lb\/"},"modified":"2025-06-26T12:40:24","modified_gmt":"2025-06-26T19:40:24","slug":"llave-dinanometrica-de-dial-doble-escala-3-8-0-600-in-lb","status":"publish","type":"product","link":"https:\/\/techmasterdemexico.com\/en\/producto\/llave-dinanometrica-de-dial-doble-escala-3-8-0-600-in-lb\/","title":{"rendered":"Llave dinamom\u00e9trica de dial-Doble escala 3\/8&#8243; (0-600 In.Lb)"},"content":{"rendered":"<p>Las llaves dinamom\u00e9tricas de cuadrante est\u00e1n dise\u00f1adas para los mercados automotriz, nuclear e industrial, adem\u00e1s de las instalaciones militares en todo el mundo. Esta serie cuenta con un resistente dise\u00f1o de viga de torsi\u00f3n para una larga vida \u00fatil y precisi\u00f3n confiables. El modelo de estructura peque\u00f1a ofrece rangos de trabajo de 3 in-lb a 50 ft-lb en unidades de 1\/4 in y 3\/8 in. El modelo de estructura grande contin\u00faa desde 100 lb-pie hasta 2000 lb-pie con unidades de 1\/2&#8243;, 3\/4&#8243; y 1&#8243;. La precisi\u00f3n de ambas series de +\/-3 % cumple o supera las normas ASME, ISO 6789 bidireccionalmente del 20 % al 100 % de la escala. Todas las llaves se suministran con un certificado de calibraci\u00f3n rastreable por NIST.<\/p>\n<p>CDI Torque Products\u00ae Llave dinamom\u00e9trica con cuadrante, modelo de aguja con memoria de doble escala, impulsor de 3\/8 pulg., torsi\u00f3n de 0 a 600 pulg.-lb\/0 a 70 Nm, cabeza fija, graduaciones: 10 pulg.-lb\/2 Nm, 15 pulg. de longitud total , rotaci\u00f3n CW\/CCW, +\/-4 % de precisi\u00f3n, 5000 ciclos m\u00ednimo, especificaciones cumplidas: Especificado por ASME, empu\u00f1adura de goma\/acero<\/p>\n","protected":false},"excerpt":{"rendered":"<ul>\n<li>La construccion robusta del cuerpo asegura la maxima durabilidad<\/li>\n<li>Escala dual marcada con laser facil de leer<\/li>\n<li>Calibrado en direcciom CW y CCW<\/li>\n<li>Precision CW y CCW, del 20% al 100% de la escala completa<\/li>\n<li>Serializados indiviaudlmente con el correspondiente certificado de calibracion trazable a NIST<\/li>\n<\/ul>\n","protected":false},"featured_media":8364,"template":"","meta":{"_acf_changed":false},"pwb-brand":[99],"product_brand":[],"product_cat":[366,95,96],"product_tag":[],"class_list":{"0":"post-7852","1":"product","2":"type-product","3":"status-publish","4":"has-post-thumbnail","6":"pwb-brand-cdi-torque-products","7":"product_cat-todos-los-productos","8":"product_cat-cdi-torque-products","9":"product_cat-herramientas-de-torsion-cdi-torque-products","11":"first","12":"outofstock","13":"taxable","14":"shipping-taxable","15":"purchasable","16":"product-type-simple"},"acf":[],"yoast_head":"<!-- This site is optimized with the Yoast SEO plugin v27.4 - https:\/\/yoast.com\/product\/yoast-seo-wordpress\/ -->\n<title>Llave dinamom\u00e9trica de dial-Doble escala 3\/8&#8243; (0-600 In.Lb) - Techmaster de Mexico<\/title>\n<meta name=\"robots\" content=\"index, follow, max-snippet:-1, max-image-preview:large, max-video-preview:-1\" \/>\n<link rel=\"canonical\" href=\"https:\/\/techmasterdemexico.com\/en\/producto\/llave-dinanometrica-de-dial-doble-escala-3-8-0-600-in-lb\/\" \/>\n<meta property=\"og:locale\" content=\"en_US\" \/>\n<meta property=\"og:type\" content=\"article\" \/>\n<meta property=\"og:title\" content=\"Llave dinamom\u00e9trica de dial-Doble escala 3\/8&#8243; (0-600 In.Lb) - Techmaster de Mexico\" \/>\n<meta property=\"og:description\" content=\"La construccion robusta del cuerpo asegura la maxima durabilidad  Escala dual marcada con laser facil de leer  Calibrado en direcciom CW y CCW  Precision CW y CCW, del 20% al 100% de la escala completa  Serializados indiviaudlmente con el correspondiente certificado de calibracion trazable a NIST\" \/>\n<meta property=\"og:url\" content=\"https:\/\/techmasterdemexico.com\/en\/producto\/llave-dinanometrica-de-dial-doble-escala-3-8-0-600-in-lb\/\" \/>\n<meta property=\"og:site_name\" content=\"Techmaster de Mexico\" \/>\n<meta property=\"article:modified_time\" content=\"2025-06-26T19:40:24+00:00\" \/>\n<meta property=\"og:image\" content=\"https:\/\/techmasterdemexico.com\/wp-content\/uploads\/2021\/07\/6002LDIN.png\" \/>\n\t<meta property=\"og:image:width\" content=\"500\" \/>\n\t<meta property=\"og:image:height\" content=\"500\" \/>\n\t<meta property=\"og:image:type\" content=\"image\/png\" \/>\n<meta name=\"twitter:card\" content=\"summary_large_image\" \/>\n<meta name=\"twitter:label1\" content=\"Est. reading time\" \/>\n\t<meta name=\"twitter:data1\" content=\"1 minute\" \/>\n<script type=\"application\/ld+json\" class=\"yoast-schema-graph\">{\"@context\":\"https:\\\/\\\/schema.org\",\"@graph\":[{\"@type\":\"WebPage\",\"@id\":\"https:\\\/\\\/techmasterdemexico.com\\\/en\\\/producto\\\/llave-dinanometrica-de-dial-doble-escala-3-8-0-600-in-lb\\\/\",\"url\":\"https:\\\/\\\/techmasterdemexico.com\\\/en\\\/producto\\\/llave-dinanometrica-de-dial-doble-escala-3-8-0-600-in-lb\\\/\",\"name\":\"Llave dinamom\u00e9trica de dial-Doble escala 3\\\/8&#8243; (0-600 In.Lb) - Techmaster de Mexico\",\"isPartOf\":{\"@id\":\"https:\\\/\\\/techmasterdemexico.com\\\/#website\"},\"primaryImageOfPage\":{\"@id\":\"https:\\\/\\\/techmasterdemexico.com\\\/en\\\/producto\\\/llave-dinanometrica-de-dial-doble-escala-3-8-0-600-in-lb\\\/#primaryimage\"},\"image\":{\"@id\":\"https:\\\/\\\/techmasterdemexico.com\\\/en\\\/producto\\\/llave-dinanometrica-de-dial-doble-escala-3-8-0-600-in-lb\\\/#primaryimage\"},\"thumbnailUrl\":\"https:\\\/\\\/techmasterdemexico.com\\\/wp-content\\\/uploads\\\/2021\\\/07\\\/6002LDIN.png\",\"datePublished\":\"2021-07-24T03:16:32+00:00\",\"dateModified\":\"2025-06-26T19:40:24+00:00\",\"breadcrumb\":{\"@id\":\"https:\\\/\\\/techmasterdemexico.com\\\/en\\\/producto\\\/llave-dinanometrica-de-dial-doble-escala-3-8-0-600-in-lb\\\/#breadcrumb\"},\"inLanguage\":\"en-US\",\"potentialAction\":[{\"@type\":\"ReadAction\",\"target\":[\"https:\\\/\\\/techmasterdemexico.com\\\/en\\\/producto\\\/llave-dinanometrica-de-dial-doble-escala-3-8-0-600-in-lb\\\/\"]}]},{\"@type\":\"ImageObject\",\"inLanguage\":\"en-US\",\"@id\":\"https:\\\/\\\/techmasterdemexico.com\\\/en\\\/producto\\\/llave-dinanometrica-de-dial-doble-escala-3-8-0-600-in-lb\\\/#primaryimage\",\"url\":\"https:\\\/\\\/techmasterdemexico.com\\\/wp-content\\\/uploads\\\/2021\\\/07\\\/6002LDIN.png\",\"contentUrl\":\"https:\\\/\\\/techmasterdemexico.com\\\/wp-content\\\/uploads\\\/2021\\\/07\\\/6002LDIN.png\",\"width\":500,\"height\":500},{\"@type\":\"BreadcrumbList\",\"@id\":\"https:\\\/\\\/techmasterdemexico.com\\\/en\\\/producto\\\/llave-dinanometrica-de-dial-doble-escala-3-8-0-600-in-lb\\\/#breadcrumb\",\"itemListElement\":[{\"@type\":\"ListItem\",\"position\":1,\"name\":\"Portada\",\"item\":\"https:\\\/\\\/techmasterdemexico.com\\\/\"},{\"@type\":\"ListItem\",\"position\":2,\"name\":\"Llave dinamom\u00e9trica de dial-Doble escala 3\\\/8&#8243; (0-600 In.Lb)\"}]},{\"@type\":\"WebSite\",\"@id\":\"https:\\\/\\\/techmasterdemexico.com\\\/#website\",\"url\":\"https:\\\/\\\/techmasterdemexico.com\\\/\",\"name\":\"Techmaster de Mexico\",\"description\":\"\",\"potentialAction\":[{\"@type\":\"SearchAction\",\"target\":{\"@type\":\"EntryPoint\",\"urlTemplate\":\"https:\\\/\\\/techmasterdemexico.com\\\/?s={search_term_string}\"},\"query-input\":{\"@type\":\"PropertyValueSpecification\",\"valueRequired\":true,\"valueName\":\"search_term_string\"}}],\"inLanguage\":\"en-US\"}]}<\/script>\n<!-- \/ Yoast SEO plugin. -->","yoast_head_json":{"title":"Llave dinamom\u00e9trica de dial-Doble escala 3\/8&#8243; (0-600 In.Lb) - Techmaster de Mexico","robots":{"index":"index","follow":"follow","max-snippet":"max-snippet:-1","max-image-preview":"max-image-preview:large","max-video-preview":"max-video-preview:-1"},"canonical":"https:\/\/techmasterdemexico.com\/en\/producto\/llave-dinanometrica-de-dial-doble-escala-3-8-0-600-in-lb\/","og_locale":"en_US","og_type":"article","og_title":"Llave dinamom\u00e9trica de dial-Doble escala 3\/8&#8243; (0-600 In.Lb) - Techmaster de Mexico","og_description":"La construccion robusta del cuerpo asegura la maxima durabilidad  Escala dual marcada con laser facil de leer  Calibrado en direcciom CW y CCW  Precision CW y CCW, del 20% al 100% de la escala completa  Serializados indiviaudlmente con el correspondiente certificado de calibracion trazable a NIST","og_url":"https:\/\/techmasterdemexico.com\/en\/producto\/llave-dinanometrica-de-dial-doble-escala-3-8-0-600-in-lb\/","og_site_name":"Techmaster de Mexico","article_modified_time":"2025-06-26T19:40:24+00:00","og_image":[{"width":500,"height":500,"url":"https:\/\/techmasterdemexico.com\/wp-content\/uploads\/2021\/07\/6002LDIN.png","type":"image\/png"}],"twitter_card":"summary_large_image","twitter_misc":{"Est. reading time":"1 minute"},"schema":{"@context":"https:\/\/schema.org","@graph":[{"@type":"WebPage","@id":"https:\/\/techmasterdemexico.com\/en\/producto\/llave-dinanometrica-de-dial-doble-escala-3-8-0-600-in-lb\/","url":"https:\/\/techmasterdemexico.com\/en\/producto\/llave-dinanometrica-de-dial-doble-escala-3-8-0-600-in-lb\/","name":"Llave dinamom\u00e9trica de dial-Doble escala 3\/8&#8243; (0-600 In.Lb) - Techmaster de Mexico","isPartOf":{"@id":"https:\/\/techmasterdemexico.com\/#website"},"primaryImageOfPage":{"@id":"https:\/\/techmasterdemexico.com\/en\/producto\/llave-dinanometrica-de-dial-doble-escala-3-8-0-600-in-lb\/#primaryimage"},"image":{"@id":"https:\/\/techmasterdemexico.com\/en\/producto\/llave-dinanometrica-de-dial-doble-escala-3-8-0-600-in-lb\/#primaryimage"},"thumbnailUrl":"https:\/\/techmasterdemexico.com\/wp-content\/uploads\/2021\/07\/6002LDIN.png","datePublished":"2021-07-24T03:16:32+00:00","dateModified":"2025-06-26T19:40:24+00:00","breadcrumb":{"@id":"https:\/\/techmasterdemexico.com\/en\/producto\/llave-dinanometrica-de-dial-doble-escala-3-8-0-600-in-lb\/#breadcrumb"},"inLanguage":"en-US","potentialAction":[{"@type":"ReadAction","target":["https:\/\/techmasterdemexico.com\/en\/producto\/llave-dinanometrica-de-dial-doble-escala-3-8-0-600-in-lb\/"]}]},{"@type":"ImageObject","inLanguage":"en-US","@id":"https:\/\/techmasterdemexico.com\/en\/producto\/llave-dinanometrica-de-dial-doble-escala-3-8-0-600-in-lb\/#primaryimage","url":"https:\/\/techmasterdemexico.com\/wp-content\/uploads\/2021\/07\/6002LDIN.png","contentUrl":"https:\/\/techmasterdemexico.com\/wp-content\/uploads\/2021\/07\/6002LDIN.png","width":500,"height":500},{"@type":"BreadcrumbList","@id":"https:\/\/techmasterdemexico.com\/en\/producto\/llave-dinanometrica-de-dial-doble-escala-3-8-0-600-in-lb\/#breadcrumb","itemListElement":[{"@type":"ListItem","position":1,"name":"Portada","item":"https:\/\/techmasterdemexico.com\/"},{"@type":"ListItem","position":2,"name":"Llave dinamom\u00e9trica de dial-Doble escala 3\/8&#8243; (0-600 In.Lb)"}]},{"@type":"WebSite","@id":"https:\/\/techmasterdemexico.com\/#website","url":"https:\/\/techmasterdemexico.com\/","name":"Techmaster de Mexico","description":"","potentialAction":[{"@type":"SearchAction","target":{"@type":"EntryPoint","urlTemplate":"https:\/\/techmasterdemexico.com\/?s={search_term_string}"},"query-input":{"@type":"PropertyValueSpecification","valueRequired":true,"valueName":"search_term_string"}}],"inLanguage":"en-US"}]}},"brands":[{"id":99,"name":"CDI Torque Products","slug":"cdi-torque-products"}],"_links":{"self":[{"href":"https:\/\/techmasterdemexico.com\/en\/wp-json\/wp\/v2\/product\/7852","targetHints":{"allow":["GET"]}}],"collection":[{"href":"https:\/\/techmasterdemexico.com\/en\/wp-json\/wp\/v2\/product"}],"about":[{"href":"https:\/\/techmasterdemexico.com\/en\/wp-json\/wp\/v2\/types\/product"}],"wp:featuredmedia":[{"embeddable":true,"href":"https:\/\/techmasterdemexico.com\/en\/wp-json\/wp\/v2\/media\/8364"}],"wp:attachment":[{"href":"https:\/\/techmasterdemexico.com\/en\/wp-json\/wp\/v2\/media?parent=7852"}],"wp:term":[{"taxonomy":"pwb-brand","embeddable":true,"href":"https:\/\/techmasterdemexico.com\/en\/wp-json\/wp\/v2\/pwb-brand?post=7852"},{"taxonomy":"product_brand","embeddable":true,"href":"https:\/\/techmasterdemexico.com\/en\/wp-json\/wp\/v2\/product_brand?post=7852"},{"taxonomy":"product_cat","embeddable":true,"href":"https:\/\/techmasterdemexico.com\/en\/wp-json\/wp\/v2\/product_cat?post=7852"},{"taxonomy":"product_tag","embeddable":true,"href":"https:\/\/techmasterdemexico.com\/en\/wp-json\/wp\/v2\/product_tag?post=7852"}],"curies":[{"name":"wp","href":"https:\/\/api.w.org\/{rel}","templated":true}]}}