{"id":7850,"date":"2021-07-23T20:16:24","date_gmt":"2021-07-24T03:16:24","guid":{"rendered":"http:\/\/techmastermx.ddns.net\/producto\/destornilladores-dinamometricos-micro-ajustable-1-4-20-100-in-oz\/"},"modified":"2025-06-26T12:40:06","modified_gmt":"2025-06-26T19:40:06","slug":"destornilladores-dinamometricos-micro-ajustable-1-4-20-100-in-oz","status":"publish","type":"product","link":"https:\/\/techmasterdemexico.com\/en\/producto\/destornilladores-dinamometricos-micro-ajustable-1-4-20-100-in-oz\/","title":{"rendered":"Destornilladores dinamom\u00e9tricos Micro ajustable 1\/4\u2033 (20-100 In. Oz)"},"content":{"rendered":"<p>El 61SMW es un destornillador dinamom\u00e9trico microajustable de 20 a 100 pulgadas de oz. Es un dise\u00f1o simple que evita el apriete excesivo y el posible da\u00f1o a los componentes. La configuraci\u00f3n del par se cambia de manera f\u00e1cil y precisa con una perilla de ajuste \u00fanica y una escala de ventana f\u00e1cil de leer. Ajustar el destornillador es simple. Simplemente tire de la perilla de ajuste para desbloquear, gire a la configuraci\u00f3n deseada, luego empuje la perilla hacia adentro hasta que haga clic, la perilla de bloqueo positivo hace que los cambios accidentales de configuraci\u00f3n sean imposibles. El bloqueo autom\u00e1tico en sentido contrario a las agujas del reloj hace que la extracci\u00f3n del sujetador sea muy f\u00e1cil.<\/p>","protected":false},"excerpt":{"rendered":"<ul>\n<li>Mango trilobular<\/li>\n<li>Portapuntas hexagonal universal de 1\/4&#8243; con fuerte im\u00e1n de tierras raras<\/li>\n<li>Escala de ventana f\u00e1cil de leer<\/li>\n<li>Serializado individualmente con certificado correspondiente de calibraci\u00f3n trazable para NIST<\/li>\n<\/ul>\n","protected":false},"featured_media":8363,"template":"","meta":{"_acf_changed":false},"pwb-brand":[99],"product_brand":[],"product_cat":[366,95,97],"product_tag":[543],"class_list":{"0":"post-7850","1":"product","2":"type-product","3":"status-publish","4":"has-post-thumbnail","6":"pwb-brand-cdi-torque-products","7":"product_cat-todos-los-productos","8":"product_cat-cdi-torque-products","9":"product_cat-destornilladores-cdi-torque-products","10":"product_tag-williams","12":"first","13":"instock","14":"taxable","15":"shipping-taxable","16":"purchasable","17":"product-type-simple"},"acf":[],"yoast_head":"<!-- This site is optimized with the Yoast SEO plugin v27.4 - https:\/\/yoast.com\/product\/yoast-seo-wordpress\/ -->\n<title>Destornilladores dinamom\u00e9tricos Micro ajustable 1\/4\u2033 (20-100 In. Oz) - Techmaster de Mexico<\/title>\n<meta name=\"robots\" content=\"index, follow, max-snippet:-1, max-image-preview:large, max-video-preview:-1\" \/>\n<link rel=\"canonical\" href=\"https:\/\/techmasterdemexico.com\/producto\/destornilladores-dinamometricos-micro-ajustable-1-4-20-100-in-oz\/\" \/>\n<meta property=\"og:locale\" content=\"en_US\" \/>\n<meta property=\"og:type\" content=\"article\" \/>\n<meta property=\"og:title\" content=\"Destornilladores dinamom\u00e9tricos Micro ajustable 1\/4\u2033 (20-100 In. Oz) - Techmaster de Mexico\" \/>\n<meta property=\"og:description\" content=\"Mango trilobular  Portapuntas hexagonal universal de 1\/4&quot; con fuerte im\u00e1n de tierras raras  Escala de ventana f\u00e1cil de leer  Serializado individualmente con certificado correspondiente de calibraci\u00f3n trazable para NIST\" \/>\n<meta property=\"og:url\" content=\"https:\/\/techmasterdemexico.com\/producto\/destornilladores-dinamometricos-micro-ajustable-1-4-20-100-in-oz\/\" \/>\n<meta property=\"og:site_name\" content=\"Techmaster de Mexico\" \/>\n<meta property=\"article:modified_time\" content=\"2025-06-26T19:40:06+00:00\" \/>\n<meta property=\"og:image\" content=\"https:\/\/techmasterdemexico.com\/wp-content\/uploads\/2021\/07\/61SM.png\" \/>\n\t<meta property=\"og:image:width\" content=\"500\" \/>\n\t<meta property=\"og:image:height\" content=\"500\" \/>\n\t<meta property=\"og:image:type\" content=\"image\/png\" \/>\n<meta name=\"twitter:card\" content=\"summary_large_image\" \/>\n<meta name=\"twitter:label1\" content=\"Est. reading time\" \/>\n\t<meta name=\"twitter:data1\" content=\"1 minute\" \/>\n<script type=\"application\/ld+json\" class=\"yoast-schema-graph\">{\"@context\":\"https:\\\/\\\/schema.org\",\"@graph\":[{\"@type\":\"WebPage\",\"@id\":\"https:\\\/\\\/techmasterdemexico.com\\\/producto\\\/destornilladores-dinamometricos-micro-ajustable-1-4-20-100-in-oz\\\/\",\"url\":\"https:\\\/\\\/techmasterdemexico.com\\\/producto\\\/destornilladores-dinamometricos-micro-ajustable-1-4-20-100-in-oz\\\/\",\"name\":\"Destornilladores dinamom\u00e9tricos Micro ajustable 1\\\/4\u2033 (20-100 In. Oz) - Techmaster de Mexico\",\"isPartOf\":{\"@id\":\"https:\\\/\\\/techmasterdemexico.com\\\/#website\"},\"primaryImageOfPage\":{\"@id\":\"https:\\\/\\\/techmasterdemexico.com\\\/producto\\\/destornilladores-dinamometricos-micro-ajustable-1-4-20-100-in-oz\\\/#primaryimage\"},\"image\":{\"@id\":\"https:\\\/\\\/techmasterdemexico.com\\\/producto\\\/destornilladores-dinamometricos-micro-ajustable-1-4-20-100-in-oz\\\/#primaryimage\"},\"thumbnailUrl\":\"https:\\\/\\\/techmasterdemexico.com\\\/wp-content\\\/uploads\\\/2021\\\/07\\\/61SM.png\",\"datePublished\":\"2021-07-24T03:16:24+00:00\",\"dateModified\":\"2025-06-26T19:40:06+00:00\",\"breadcrumb\":{\"@id\":\"https:\\\/\\\/techmasterdemexico.com\\\/producto\\\/destornilladores-dinamometricos-micro-ajustable-1-4-20-100-in-oz\\\/#breadcrumb\"},\"inLanguage\":\"en-US\",\"potentialAction\":[{\"@type\":\"ReadAction\",\"target\":[\"https:\\\/\\\/techmasterdemexico.com\\\/producto\\\/destornilladores-dinamometricos-micro-ajustable-1-4-20-100-in-oz\\\/\"]}]},{\"@type\":\"ImageObject\",\"inLanguage\":\"en-US\",\"@id\":\"https:\\\/\\\/techmasterdemexico.com\\\/producto\\\/destornilladores-dinamometricos-micro-ajustable-1-4-20-100-in-oz\\\/#primaryimage\",\"url\":\"https:\\\/\\\/techmasterdemexico.com\\\/wp-content\\\/uploads\\\/2021\\\/07\\\/61SM.png\",\"contentUrl\":\"https:\\\/\\\/techmasterdemexico.com\\\/wp-content\\\/uploads\\\/2021\\\/07\\\/61SM.png\",\"width\":500,\"height\":500},{\"@type\":\"BreadcrumbList\",\"@id\":\"https:\\\/\\\/techmasterdemexico.com\\\/producto\\\/destornilladores-dinamometricos-micro-ajustable-1-4-20-100-in-oz\\\/#breadcrumb\",\"itemListElement\":[{\"@type\":\"ListItem\",\"position\":1,\"name\":\"Portada\",\"item\":\"https:\\\/\\\/techmasterdemexico.com\\\/\"},{\"@type\":\"ListItem\",\"position\":2,\"name\":\"Destornilladores dinamom\u00e9tricos Micro ajustable 1\\\/4\u2033 (20-100 In. Oz)\"}]},{\"@type\":\"WebSite\",\"@id\":\"https:\\\/\\\/techmasterdemexico.com\\\/#website\",\"url\":\"https:\\\/\\\/techmasterdemexico.com\\\/\",\"name\":\"Techmaster de Mexico\",\"description\":\"\",\"potentialAction\":[{\"@type\":\"SearchAction\",\"target\":{\"@type\":\"EntryPoint\",\"urlTemplate\":\"https:\\\/\\\/techmasterdemexico.com\\\/?s={search_term_string}\"},\"query-input\":{\"@type\":\"PropertyValueSpecification\",\"valueRequired\":true,\"valueName\":\"search_term_string\"}}],\"inLanguage\":\"en-US\"}]}<\/script>\n<!-- \/ Yoast SEO plugin. -->","yoast_head_json":{"title":"Destornilladores dinamom\u00e9tricos Micro ajustable 1\/4\u2033 (20-100 In. Oz) - Techmaster de Mexico","robots":{"index":"index","follow":"follow","max-snippet":"max-snippet:-1","max-image-preview":"max-image-preview:large","max-video-preview":"max-video-preview:-1"},"canonical":"https:\/\/techmasterdemexico.com\/producto\/destornilladores-dinamometricos-micro-ajustable-1-4-20-100-in-oz\/","og_locale":"en_US","og_type":"article","og_title":"Destornilladores dinamom\u00e9tricos Micro ajustable 1\/4\u2033 (20-100 In. Oz) - Techmaster de Mexico","og_description":"Mango trilobular  Portapuntas hexagonal universal de 1\/4\" con fuerte im\u00e1n de tierras raras  Escala de ventana f\u00e1cil de leer  Serializado individualmente con certificado correspondiente de calibraci\u00f3n trazable para NIST","og_url":"https:\/\/techmasterdemexico.com\/producto\/destornilladores-dinamometricos-micro-ajustable-1-4-20-100-in-oz\/","og_site_name":"Techmaster de Mexico","article_modified_time":"2025-06-26T19:40:06+00:00","og_image":[{"width":500,"height":500,"url":"https:\/\/techmasterdemexico.com\/wp-content\/uploads\/2021\/07\/61SM.png","type":"image\/png"}],"twitter_card":"summary_large_image","twitter_misc":{"Est. reading time":"1 minute"},"schema":{"@context":"https:\/\/schema.org","@graph":[{"@type":"WebPage","@id":"https:\/\/techmasterdemexico.com\/producto\/destornilladores-dinamometricos-micro-ajustable-1-4-20-100-in-oz\/","url":"https:\/\/techmasterdemexico.com\/producto\/destornilladores-dinamometricos-micro-ajustable-1-4-20-100-in-oz\/","name":"Destornilladores dinamom\u00e9tricos Micro ajustable 1\/4\u2033 (20-100 In. Oz) - Techmaster de Mexico","isPartOf":{"@id":"https:\/\/techmasterdemexico.com\/#website"},"primaryImageOfPage":{"@id":"https:\/\/techmasterdemexico.com\/producto\/destornilladores-dinamometricos-micro-ajustable-1-4-20-100-in-oz\/#primaryimage"},"image":{"@id":"https:\/\/techmasterdemexico.com\/producto\/destornilladores-dinamometricos-micro-ajustable-1-4-20-100-in-oz\/#primaryimage"},"thumbnailUrl":"https:\/\/techmasterdemexico.com\/wp-content\/uploads\/2021\/07\/61SM.png","datePublished":"2021-07-24T03:16:24+00:00","dateModified":"2025-06-26T19:40:06+00:00","breadcrumb":{"@id":"https:\/\/techmasterdemexico.com\/producto\/destornilladores-dinamometricos-micro-ajustable-1-4-20-100-in-oz\/#breadcrumb"},"inLanguage":"en-US","potentialAction":[{"@type":"ReadAction","target":["https:\/\/techmasterdemexico.com\/producto\/destornilladores-dinamometricos-micro-ajustable-1-4-20-100-in-oz\/"]}]},{"@type":"ImageObject","inLanguage":"en-US","@id":"https:\/\/techmasterdemexico.com\/producto\/destornilladores-dinamometricos-micro-ajustable-1-4-20-100-in-oz\/#primaryimage","url":"https:\/\/techmasterdemexico.com\/wp-content\/uploads\/2021\/07\/61SM.png","contentUrl":"https:\/\/techmasterdemexico.com\/wp-content\/uploads\/2021\/07\/61SM.png","width":500,"height":500},{"@type":"BreadcrumbList","@id":"https:\/\/techmasterdemexico.com\/producto\/destornilladores-dinamometricos-micro-ajustable-1-4-20-100-in-oz\/#breadcrumb","itemListElement":[{"@type":"ListItem","position":1,"name":"Portada","item":"https:\/\/techmasterdemexico.com\/"},{"@type":"ListItem","position":2,"name":"Destornilladores dinamom\u00e9tricos Micro ajustable 1\/4\u2033 (20-100 In. Oz)"}]},{"@type":"WebSite","@id":"https:\/\/techmasterdemexico.com\/#website","url":"https:\/\/techmasterdemexico.com\/","name":"Techmaster de Mexico","description":"","potentialAction":[{"@type":"SearchAction","target":{"@type":"EntryPoint","urlTemplate":"https:\/\/techmasterdemexico.com\/?s={search_term_string}"},"query-input":{"@type":"PropertyValueSpecification","valueRequired":true,"valueName":"search_term_string"}}],"inLanguage":"en-US"}]}},"brands":[{"id":99,"name":"CDI Torque Products","slug":"cdi-torque-products"}],"_links":{"self":[{"href":"https:\/\/techmasterdemexico.com\/en\/wp-json\/wp\/v2\/product\/7850","targetHints":{"allow":["GET"]}}],"collection":[{"href":"https:\/\/techmasterdemexico.com\/en\/wp-json\/wp\/v2\/product"}],"about":[{"href":"https:\/\/techmasterdemexico.com\/en\/wp-json\/wp\/v2\/types\/product"}],"wp:featuredmedia":[{"embeddable":true,"href":"https:\/\/techmasterdemexico.com\/en\/wp-json\/wp\/v2\/media\/8363"}],"wp:attachment":[{"href":"https:\/\/techmasterdemexico.com\/en\/wp-json\/wp\/v2\/media?parent=7850"}],"wp:term":[{"taxonomy":"pwb-brand","embeddable":true,"href":"https:\/\/techmasterdemexico.com\/en\/wp-json\/wp\/v2\/pwb-brand?post=7850"},{"taxonomy":"product_brand","embeddable":true,"href":"https:\/\/techmasterdemexico.com\/en\/wp-json\/wp\/v2\/product_brand?post=7850"},{"taxonomy":"product_cat","embeddable":true,"href":"https:\/\/techmasterdemexico.com\/en\/wp-json\/wp\/v2\/product_cat?post=7850"},{"taxonomy":"product_tag","embeddable":true,"href":"https:\/\/techmasterdemexico.com\/en\/wp-json\/wp\/v2\/product_tag?post=7850"}],"curies":[{"name":"wp","href":"https:\/\/api.w.org\/{rel}","templated":true}]}}