{"id":7849,"date":"2021-07-23T20:16:24","date_gmt":"2021-07-24T03:16:24","guid":{"rendered":"http:\/\/techmastermx.ddns.net\/producto\/llaves-dinamometricas-ajustables-con-micrometro-doble-escala-1-2-20-250-ft-lb\/"},"modified":"2025-06-26T12:39:39","modified_gmt":"2025-06-26T19:39:39","slug":"llaves-dinamometricas-ajustables-con-micrometro-doble-escala-1-2-20-250-ft-lb","status":"publish","type":"product","link":"https:\/\/techmasterdemexico.com\/en\/producto\/llaves-dinamometricas-ajustables-con-micrometro-doble-escala-1-2-20-250-ft-lb\/","title":{"rendered":"Llaves dinamom\u00e9tricas ajustables con Micr\u00f3metro-Doble escala 1\/2&#8243; (20-250 ft.lb)"},"content":{"rendered":"<p>Mango de metal de doble escala. La serie de manijas de metal ofrece al usuario una robusta, industrial.<br \/>\nLlave dinamom\u00e9trica resistente capaz de soportar los rigores del uso profesional. Las manijas son ligeramente moleteado para un agarre resistente y antideslizante<\/p>\n","protected":false},"excerpt":{"rendered":"<ul>\n<li>Los mangos est\u00e1n ligeramente moleteados para un agarre resistente y antideslizante.<\/li>\n<li>Doble escala, doble direcci\u00f3n calibrada<\/li>\n<li>Bloqueo positivo con anillo de bloqueo desplegable con resorte<\/li>\n<li>R\u00e1pido, preciso y f\u00e1cil de configurar<\/li>\n<li>Escalas marcadas con l\u00e1ser f\u00e1ciles de leer<\/li>\n<li>La mayor\u00eda cuenta con botones de liberaci\u00f3n r\u00e1pida que brindan una buena retenci\u00f3n del z\u00f3calo, as\u00ed como una f\u00e1cil extracci\u00f3n del z\u00f3calo.<\/li>\n<li>Precisi\u00f3n: \u00b1 3 % en el sentido de las agujas del reloj \u00b1 4 % CCW del valor indicado, CW, del 20 % al 100 % de la escala completa<\/li>\n<li>Cumple o supera las normas ASME B107.14-2004, ISO 6789<\/li>\n<li>La llave dinamom\u00e9trica de 1\/2&#8243; se serializa individualmente con el correspondiente certificado de calibraci\u00f3n rastreable a NIST<\/li>\n<\/ul>\n","protected":false},"featured_media":8346,"template":"","meta":{"_acf_changed":false},"pwb-brand":[99],"product_brand":[],"product_cat":[366,95,96],"product_tag":[],"class_list":{"0":"post-7849","1":"product","2":"type-product","3":"status-publish","4":"has-post-thumbnail","6":"pwb-brand-cdi-torque-products","7":"product_cat-todos-los-productos","8":"product_cat-cdi-torque-products","9":"product_cat-herramientas-de-torsion-cdi-torque-products","11":"first","12":"instock","13":"taxable","14":"shipping-taxable","15":"purchasable","16":"product-type-simple"},"acf":[],"yoast_head":"<!-- This site is optimized with the Yoast SEO plugin v27.4 - https:\/\/yoast.com\/product\/yoast-seo-wordpress\/ -->\n<title>Llaves dinamom\u00e9tricas ajustables con Micr\u00f3metro-Doble escala 1\/2&#8243; (20-250 ft.lb) - Techmaster de Mexico<\/title>\n<meta name=\"robots\" content=\"index, follow, max-snippet:-1, max-image-preview:large, max-video-preview:-1\" \/>\n<link rel=\"canonical\" href=\"https:\/\/techmasterdemexico.com\/producto\/llaves-dinamometricas-ajustables-con-micrometro-doble-escala-1-2-20-250-ft-lb\/\" \/>\n<meta property=\"og:locale\" content=\"en_US\" \/>\n<meta property=\"og:type\" content=\"article\" \/>\n<meta property=\"og:title\" content=\"Llaves dinamom\u00e9tricas ajustables con Micr\u00f3metro-Doble escala 1\/2&#8243; (20-250 ft.lb) - Techmaster de Mexico\" \/>\n<meta property=\"og:description\" content=\"Los mangos est\u00e1n ligeramente moleteados para un agarre resistente y antideslizante.  Doble escala, doble direcci\u00f3n calibrada  Bloqueo positivo con anillo de bloqueo desplegable con resorte  R\u00e1pido, preciso y f\u00e1cil de configurar  Escalas marcadas con l\u00e1ser f\u00e1ciles de leer  La mayor\u00eda cuenta con botones de liberaci\u00f3n r\u00e1pida que brindan una buena retenci\u00f3n del z\u00f3calo, as\u00ed como una f\u00e1cil extracci\u00f3n del z\u00f3calo.  Precisi\u00f3n: \u00b1 3 % en el sentido de las agujas del reloj \u00b1 4 % CCW del valor indicado, CW, del 20 % al 100 % de la escala completa  Cumple o supera las normas ASME B107.14-2004, ISO 6789  La llave dinamom\u00e9trica de 1\/2&quot; se serializa individualmente con el correspondiente certificado de calibraci\u00f3n rastreable a NIST\" \/>\n<meta property=\"og:url\" content=\"https:\/\/techmasterdemexico.com\/producto\/llaves-dinamometricas-ajustables-con-micrometro-doble-escala-1-2-20-250-ft-lb\/\" \/>\n<meta property=\"og:site_name\" content=\"Techmaster de Mexico\" \/>\n<meta property=\"article:modified_time\" content=\"2025-06-26T19:39:39+00:00\" \/>\n<meta property=\"og:image\" content=\"https:\/\/techmasterdemexico.com\/wp-content\/uploads\/2021\/07\/1503MFRMH.png\" \/>\n\t<meta property=\"og:image:width\" content=\"500\" \/>\n\t<meta property=\"og:image:height\" content=\"500\" \/>\n\t<meta property=\"og:image:type\" content=\"image\/png\" \/>\n<meta name=\"twitter:card\" content=\"summary_large_image\" \/>\n<script type=\"application\/ld+json\" class=\"yoast-schema-graph\">{\"@context\":\"https:\\\/\\\/schema.org\",\"@graph\":[{\"@type\":\"WebPage\",\"@id\":\"https:\\\/\\\/techmasterdemexico.com\\\/producto\\\/llaves-dinamometricas-ajustables-con-micrometro-doble-escala-1-2-20-250-ft-lb\\\/\",\"url\":\"https:\\\/\\\/techmasterdemexico.com\\\/producto\\\/llaves-dinamometricas-ajustables-con-micrometro-doble-escala-1-2-20-250-ft-lb\\\/\",\"name\":\"Llaves dinamom\u00e9tricas ajustables con Micr\u00f3metro-Doble escala 1\\\/2&#8243; (20-250 ft.lb) - Techmaster de Mexico\",\"isPartOf\":{\"@id\":\"https:\\\/\\\/techmasterdemexico.com\\\/#website\"},\"primaryImageOfPage\":{\"@id\":\"https:\\\/\\\/techmasterdemexico.com\\\/producto\\\/llaves-dinamometricas-ajustables-con-micrometro-doble-escala-1-2-20-250-ft-lb\\\/#primaryimage\"},\"image\":{\"@id\":\"https:\\\/\\\/techmasterdemexico.com\\\/producto\\\/llaves-dinamometricas-ajustables-con-micrometro-doble-escala-1-2-20-250-ft-lb\\\/#primaryimage\"},\"thumbnailUrl\":\"https:\\\/\\\/techmasterdemexico.com\\\/wp-content\\\/uploads\\\/2021\\\/07\\\/1503MFRMH.png\",\"datePublished\":\"2021-07-24T03:16:24+00:00\",\"dateModified\":\"2025-06-26T19:39:39+00:00\",\"breadcrumb\":{\"@id\":\"https:\\\/\\\/techmasterdemexico.com\\\/producto\\\/llaves-dinamometricas-ajustables-con-micrometro-doble-escala-1-2-20-250-ft-lb\\\/#breadcrumb\"},\"inLanguage\":\"en-US\",\"potentialAction\":[{\"@type\":\"ReadAction\",\"target\":[\"https:\\\/\\\/techmasterdemexico.com\\\/producto\\\/llaves-dinamometricas-ajustables-con-micrometro-doble-escala-1-2-20-250-ft-lb\\\/\"]}]},{\"@type\":\"ImageObject\",\"inLanguage\":\"en-US\",\"@id\":\"https:\\\/\\\/techmasterdemexico.com\\\/producto\\\/llaves-dinamometricas-ajustables-con-micrometro-doble-escala-1-2-20-250-ft-lb\\\/#primaryimage\",\"url\":\"https:\\\/\\\/techmasterdemexico.com\\\/wp-content\\\/uploads\\\/2021\\\/07\\\/1503MFRMH.png\",\"contentUrl\":\"https:\\\/\\\/techmasterdemexico.com\\\/wp-content\\\/uploads\\\/2021\\\/07\\\/1503MFRMH.png\",\"width\":500,\"height\":500},{\"@type\":\"BreadcrumbList\",\"@id\":\"https:\\\/\\\/techmasterdemexico.com\\\/producto\\\/llaves-dinamometricas-ajustables-con-micrometro-doble-escala-1-2-20-250-ft-lb\\\/#breadcrumb\",\"itemListElement\":[{\"@type\":\"ListItem\",\"position\":1,\"name\":\"Portada\",\"item\":\"https:\\\/\\\/techmasterdemexico.com\\\/\"},{\"@type\":\"ListItem\",\"position\":2,\"name\":\"Llaves dinamom\u00e9tricas ajustables con Micr\u00f3metro-Doble escala 1\\\/2&#8243; (20-250 ft.lb)\"}]},{\"@type\":\"WebSite\",\"@id\":\"https:\\\/\\\/techmasterdemexico.com\\\/#website\",\"url\":\"https:\\\/\\\/techmasterdemexico.com\\\/\",\"name\":\"Techmaster de Mexico\",\"description\":\"\",\"potentialAction\":[{\"@type\":\"SearchAction\",\"target\":{\"@type\":\"EntryPoint\",\"urlTemplate\":\"https:\\\/\\\/techmasterdemexico.com\\\/?s={search_term_string}\"},\"query-input\":{\"@type\":\"PropertyValueSpecification\",\"valueRequired\":true,\"valueName\":\"search_term_string\"}}],\"inLanguage\":\"en-US\"}]}<\/script>\n<!-- \/ Yoast SEO plugin. -->","yoast_head_json":{"title":"Llaves dinamom\u00e9tricas ajustables con Micr\u00f3metro-Doble escala 1\/2&#8243; (20-250 ft.lb) - Techmaster de Mexico","robots":{"index":"index","follow":"follow","max-snippet":"max-snippet:-1","max-image-preview":"max-image-preview:large","max-video-preview":"max-video-preview:-1"},"canonical":"https:\/\/techmasterdemexico.com\/producto\/llaves-dinamometricas-ajustables-con-micrometro-doble-escala-1-2-20-250-ft-lb\/","og_locale":"en_US","og_type":"article","og_title":"Llaves dinamom\u00e9tricas ajustables con Micr\u00f3metro-Doble escala 1\/2&#8243; (20-250 ft.lb) - Techmaster de Mexico","og_description":"Los mangos est\u00e1n ligeramente moleteados para un agarre resistente y antideslizante.  Doble escala, doble direcci\u00f3n calibrada  Bloqueo positivo con anillo de bloqueo desplegable con resorte  R\u00e1pido, preciso y f\u00e1cil de configurar  Escalas marcadas con l\u00e1ser f\u00e1ciles de leer  La mayor\u00eda cuenta con botones de liberaci\u00f3n r\u00e1pida que brindan una buena retenci\u00f3n del z\u00f3calo, as\u00ed como una f\u00e1cil extracci\u00f3n del z\u00f3calo.  Precisi\u00f3n: \u00b1 3 % en el sentido de las agujas del reloj \u00b1 4 % CCW del valor indicado, CW, del 20 % al 100 % de la escala completa  Cumple o supera las normas ASME B107.14-2004, ISO 6789  La llave dinamom\u00e9trica de 1\/2\" se serializa individualmente con el correspondiente certificado de calibraci\u00f3n rastreable a NIST","og_url":"https:\/\/techmasterdemexico.com\/producto\/llaves-dinamometricas-ajustables-con-micrometro-doble-escala-1-2-20-250-ft-lb\/","og_site_name":"Techmaster de Mexico","article_modified_time":"2025-06-26T19:39:39+00:00","og_image":[{"width":500,"height":500,"url":"https:\/\/techmasterdemexico.com\/wp-content\/uploads\/2021\/07\/1503MFRMH.png","type":"image\/png"}],"twitter_card":"summary_large_image","schema":{"@context":"https:\/\/schema.org","@graph":[{"@type":"WebPage","@id":"https:\/\/techmasterdemexico.com\/producto\/llaves-dinamometricas-ajustables-con-micrometro-doble-escala-1-2-20-250-ft-lb\/","url":"https:\/\/techmasterdemexico.com\/producto\/llaves-dinamometricas-ajustables-con-micrometro-doble-escala-1-2-20-250-ft-lb\/","name":"Llaves dinamom\u00e9tricas ajustables con Micr\u00f3metro-Doble escala 1\/2&#8243; (20-250 ft.lb) - Techmaster de Mexico","isPartOf":{"@id":"https:\/\/techmasterdemexico.com\/#website"},"primaryImageOfPage":{"@id":"https:\/\/techmasterdemexico.com\/producto\/llaves-dinamometricas-ajustables-con-micrometro-doble-escala-1-2-20-250-ft-lb\/#primaryimage"},"image":{"@id":"https:\/\/techmasterdemexico.com\/producto\/llaves-dinamometricas-ajustables-con-micrometro-doble-escala-1-2-20-250-ft-lb\/#primaryimage"},"thumbnailUrl":"https:\/\/techmasterdemexico.com\/wp-content\/uploads\/2021\/07\/1503MFRMH.png","datePublished":"2021-07-24T03:16:24+00:00","dateModified":"2025-06-26T19:39:39+00:00","breadcrumb":{"@id":"https:\/\/techmasterdemexico.com\/producto\/llaves-dinamometricas-ajustables-con-micrometro-doble-escala-1-2-20-250-ft-lb\/#breadcrumb"},"inLanguage":"en-US","potentialAction":[{"@type":"ReadAction","target":["https:\/\/techmasterdemexico.com\/producto\/llaves-dinamometricas-ajustables-con-micrometro-doble-escala-1-2-20-250-ft-lb\/"]}]},{"@type":"ImageObject","inLanguage":"en-US","@id":"https:\/\/techmasterdemexico.com\/producto\/llaves-dinamometricas-ajustables-con-micrometro-doble-escala-1-2-20-250-ft-lb\/#primaryimage","url":"https:\/\/techmasterdemexico.com\/wp-content\/uploads\/2021\/07\/1503MFRMH.png","contentUrl":"https:\/\/techmasterdemexico.com\/wp-content\/uploads\/2021\/07\/1503MFRMH.png","width":500,"height":500},{"@type":"BreadcrumbList","@id":"https:\/\/techmasterdemexico.com\/producto\/llaves-dinamometricas-ajustables-con-micrometro-doble-escala-1-2-20-250-ft-lb\/#breadcrumb","itemListElement":[{"@type":"ListItem","position":1,"name":"Portada","item":"https:\/\/techmasterdemexico.com\/"},{"@type":"ListItem","position":2,"name":"Llaves dinamom\u00e9tricas ajustables con Micr\u00f3metro-Doble escala 1\/2&#8243; (20-250 ft.lb)"}]},{"@type":"WebSite","@id":"https:\/\/techmasterdemexico.com\/#website","url":"https:\/\/techmasterdemexico.com\/","name":"Techmaster de Mexico","description":"","potentialAction":[{"@type":"SearchAction","target":{"@type":"EntryPoint","urlTemplate":"https:\/\/techmasterdemexico.com\/?s={search_term_string}"},"query-input":{"@type":"PropertyValueSpecification","valueRequired":true,"valueName":"search_term_string"}}],"inLanguage":"en-US"}]}},"brands":[{"id":99,"name":"CDI Torque Products","slug":"cdi-torque-products"}],"_links":{"self":[{"href":"https:\/\/techmasterdemexico.com\/en\/wp-json\/wp\/v2\/product\/7849","targetHints":{"allow":["GET"]}}],"collection":[{"href":"https:\/\/techmasterdemexico.com\/en\/wp-json\/wp\/v2\/product"}],"about":[{"href":"https:\/\/techmasterdemexico.com\/en\/wp-json\/wp\/v2\/types\/product"}],"wp:featuredmedia":[{"embeddable":true,"href":"https:\/\/techmasterdemexico.com\/en\/wp-json\/wp\/v2\/media\/8346"}],"wp:attachment":[{"href":"https:\/\/techmasterdemexico.com\/en\/wp-json\/wp\/v2\/media?parent=7849"}],"wp:term":[{"taxonomy":"pwb-brand","embeddable":true,"href":"https:\/\/techmasterdemexico.com\/en\/wp-json\/wp\/v2\/pwb-brand?post=7849"},{"taxonomy":"product_brand","embeddable":true,"href":"https:\/\/techmasterdemexico.com\/en\/wp-json\/wp\/v2\/product_brand?post=7849"},{"taxonomy":"product_cat","embeddable":true,"href":"https:\/\/techmasterdemexico.com\/en\/wp-json\/wp\/v2\/product_cat?post=7849"},{"taxonomy":"product_tag","embeddable":true,"href":"https:\/\/techmasterdemexico.com\/en\/wp-json\/wp\/v2\/product_tag?post=7849"}],"curies":[{"name":"wp","href":"https:\/\/api.w.org\/{rel}","templated":true}]}}