{"id":7846,"date":"2021-07-23T20:16:22","date_gmt":"2021-07-24T03:16:22","guid":{"rendered":"http:\/\/techmastermx.ddns.net\/producto\/llave-dinamometrica-ajustable-tipo-clic-con-accionamiento-de-1-2-60-300-ft-lb\/"},"modified":"2025-06-26T12:38:37","modified_gmt":"2025-06-26T19:38:37","slug":"llave-dinamometrica-ajustable-tipo-clic-con-accionamiento-de-1-2-60-300-ft-lb","status":"publish","type":"product","link":"https:\/\/techmasterdemexico.com\/en\/producto\/llave-dinamometrica-ajustable-tipo-clic-con-accionamiento-de-1-2-60-300-ft-lb\/","title":{"rendered":"Llave dinamom\u00e9trica ajustable tipo clic con accionamiento de 1\/2 \u201c(60-300 ft-lb)"},"content":{"rendered":"<p>La gama ampliada permite una cobertura ampliada con la herramienta de transmisi\u00f3n de 1\/2 &#8221; que da servicio a la mayor\u00eda de veh\u00edculos y camionetas grandes.<\/p>\n<p>Ofrece al usuario un rango adicional en la aplicaci\u00f3n de par y \u00e1ngulo en aplicaciones de alto par.<\/p>\n<p>La escala estampada (ft-lb) ofrece una mejor permanencia y visibilidad.<\/p>\n<p>Cuenta con componentes de servicio pesado: tubo principal de di\u00e1metro m\u00e1s grueso, leva y componentes internos para mayor resistencia y durabilidad.<\/p>\n<p>La precisi\u00f3n es \u00b1 6% CW y CCW<\/p>\n","protected":false},"excerpt":{"rendered":"<p>La gama ampliada permite una cobertura ampliada con la herramienta de transmisi\u00f3n de 1\/2 &#8221; que da servicio a la mayor\u00eda de veh\u00edculos y camionetas grandes. Ofrece al usuario un rango adicional en la aplicaci\u00f3n de par y \u00e1ngulo en aplicaciones de alto par. La escala estampada (ft-lb) ofrece una mejor permanencia y visibilidad. Cuenta [&hellip;]<\/p>\n","protected":false},"featured_media":8331,"template":"","meta":{"_acf_changed":false},"pwb-brand":[98],"product_brand":[],"product_cat":[366,68,148,48],"product_tag":[],"class_list":{"0":"post-7846","1":"product","2":"type-product","3":"status-publish","4":"has-post-thumbnail","6":"pwb-brand-snap-on","7":"product_cat-todos-los-productos","8":"product_cat-herramientas-de-torsion","9":"product_cat-llaves-dinamometricas-tipo-clic-ajustable","10":"product_cat-snap-on","12":"first","13":"outofstock","14":"taxable","15":"shipping-taxable","16":"purchasable","17":"product-type-simple"},"acf":[],"yoast_head":"<!-- This site is optimized with the Yoast SEO plugin v27.4 - https:\/\/yoast.com\/product\/yoast-seo-wordpress\/ -->\n<title>Llave dinamom\u00e9trica ajustable tipo clic con accionamiento de 1\/2 \u201c(60-300 ft-lb) - Techmaster de Mexico<\/title>\n<meta name=\"robots\" content=\"index, follow, max-snippet:-1, max-image-preview:large, max-video-preview:-1\" \/>\n<link rel=\"canonical\" href=\"https:\/\/techmasterdemexico.com\/producto\/llave-dinamometrica-ajustable-tipo-clic-con-accionamiento-de-1-2-60-300-ft-lb\/\" \/>\n<meta property=\"og:locale\" content=\"en_US\" \/>\n<meta property=\"og:type\" content=\"article\" \/>\n<meta property=\"og:title\" content=\"Llave dinamom\u00e9trica ajustable tipo clic con accionamiento de 1\/2 \u201c(60-300 ft-lb) - Techmaster de Mexico\" \/>\n<meta property=\"og:description\" content=\"La gama ampliada permite una cobertura ampliada con la herramienta de transmisi\u00f3n de 1\/2 &#8221; que da servicio a la mayor\u00eda de veh\u00edculos y camionetas grandes. Ofrece al usuario un rango adicional en la aplicaci\u00f3n de par y \u00e1ngulo en aplicaciones de alto par. La escala estampada (ft-lb) ofrece una mejor permanencia y visibilidad. Cuenta [&hellip;]\" \/>\n<meta property=\"og:url\" content=\"https:\/\/techmasterdemexico.com\/producto\/llave-dinamometrica-ajustable-tipo-clic-con-accionamiento-de-1-2-60-300-ft-lb\/\" \/>\n<meta property=\"og:site_name\" content=\"Techmaster de Mexico\" \/>\n<meta property=\"article:modified_time\" content=\"2025-06-26T19:38:37+00:00\" \/>\n<meta property=\"og:image\" content=\"https:\/\/techmasterdemexico.com\/wp-content\/uploads\/2021\/07\/BRUTUS3R300-1.png\" \/>\n\t<meta property=\"og:image:width\" content=\"500\" \/>\n\t<meta property=\"og:image:height\" content=\"500\" \/>\n\t<meta property=\"og:image:type\" content=\"image\/png\" \/>\n<meta name=\"twitter:card\" content=\"summary_large_image\" \/>\n<script type=\"application\/ld+json\" class=\"yoast-schema-graph\">{\"@context\":\"https:\\\/\\\/schema.org\",\"@graph\":[{\"@type\":\"WebPage\",\"@id\":\"https:\\\/\\\/techmasterdemexico.com\\\/producto\\\/llave-dinamometrica-ajustable-tipo-clic-con-accionamiento-de-1-2-60-300-ft-lb\\\/\",\"url\":\"https:\\\/\\\/techmasterdemexico.com\\\/producto\\\/llave-dinamometrica-ajustable-tipo-clic-con-accionamiento-de-1-2-60-300-ft-lb\\\/\",\"name\":\"Llave dinamom\u00e9trica ajustable tipo clic con accionamiento de 1\\\/2 \u201c(60-300 ft-lb) - Techmaster de Mexico\",\"isPartOf\":{\"@id\":\"https:\\\/\\\/techmasterdemexico.com\\\/#website\"},\"primaryImageOfPage\":{\"@id\":\"https:\\\/\\\/techmasterdemexico.com\\\/producto\\\/llave-dinamometrica-ajustable-tipo-clic-con-accionamiento-de-1-2-60-300-ft-lb\\\/#primaryimage\"},\"image\":{\"@id\":\"https:\\\/\\\/techmasterdemexico.com\\\/producto\\\/llave-dinamometrica-ajustable-tipo-clic-con-accionamiento-de-1-2-60-300-ft-lb\\\/#primaryimage\"},\"thumbnailUrl\":\"https:\\\/\\\/techmasterdemexico.com\\\/wp-content\\\/uploads\\\/2021\\\/07\\\/BRUTUS3R300-1.png\",\"datePublished\":\"2021-07-24T03:16:22+00:00\",\"dateModified\":\"2025-06-26T19:38:37+00:00\",\"breadcrumb\":{\"@id\":\"https:\\\/\\\/techmasterdemexico.com\\\/producto\\\/llave-dinamometrica-ajustable-tipo-clic-con-accionamiento-de-1-2-60-300-ft-lb\\\/#breadcrumb\"},\"inLanguage\":\"en-US\",\"potentialAction\":[{\"@type\":\"ReadAction\",\"target\":[\"https:\\\/\\\/techmasterdemexico.com\\\/producto\\\/llave-dinamometrica-ajustable-tipo-clic-con-accionamiento-de-1-2-60-300-ft-lb\\\/\"]}]},{\"@type\":\"ImageObject\",\"inLanguage\":\"en-US\",\"@id\":\"https:\\\/\\\/techmasterdemexico.com\\\/producto\\\/llave-dinamometrica-ajustable-tipo-clic-con-accionamiento-de-1-2-60-300-ft-lb\\\/#primaryimage\",\"url\":\"https:\\\/\\\/techmasterdemexico.com\\\/wp-content\\\/uploads\\\/2021\\\/07\\\/BRUTUS3R300-1.png\",\"contentUrl\":\"https:\\\/\\\/techmasterdemexico.com\\\/wp-content\\\/uploads\\\/2021\\\/07\\\/BRUTUS3R300-1.png\",\"width\":500,\"height\":500},{\"@type\":\"BreadcrumbList\",\"@id\":\"https:\\\/\\\/techmasterdemexico.com\\\/producto\\\/llave-dinamometrica-ajustable-tipo-clic-con-accionamiento-de-1-2-60-300-ft-lb\\\/#breadcrumb\",\"itemListElement\":[{\"@type\":\"ListItem\",\"position\":1,\"name\":\"Portada\",\"item\":\"https:\\\/\\\/techmasterdemexico.com\\\/\"},{\"@type\":\"ListItem\",\"position\":2,\"name\":\"Llave dinamom\u00e9trica ajustable tipo clic con accionamiento de 1\\\/2 \u201c(60-300 ft-lb)\"}]},{\"@type\":\"WebSite\",\"@id\":\"https:\\\/\\\/techmasterdemexico.com\\\/#website\",\"url\":\"https:\\\/\\\/techmasterdemexico.com\\\/\",\"name\":\"Techmaster de Mexico\",\"description\":\"\",\"potentialAction\":[{\"@type\":\"SearchAction\",\"target\":{\"@type\":\"EntryPoint\",\"urlTemplate\":\"https:\\\/\\\/techmasterdemexico.com\\\/?s={search_term_string}\"},\"query-input\":{\"@type\":\"PropertyValueSpecification\",\"valueRequired\":true,\"valueName\":\"search_term_string\"}}],\"inLanguage\":\"en-US\"}]}<\/script>\n<!-- \/ Yoast SEO plugin. -->","yoast_head_json":{"title":"Llave dinamom\u00e9trica ajustable tipo clic con accionamiento de 1\/2 \u201c(60-300 ft-lb) - Techmaster de Mexico","robots":{"index":"index","follow":"follow","max-snippet":"max-snippet:-1","max-image-preview":"max-image-preview:large","max-video-preview":"max-video-preview:-1"},"canonical":"https:\/\/techmasterdemexico.com\/producto\/llave-dinamometrica-ajustable-tipo-clic-con-accionamiento-de-1-2-60-300-ft-lb\/","og_locale":"en_US","og_type":"article","og_title":"Llave dinamom\u00e9trica ajustable tipo clic con accionamiento de 1\/2 \u201c(60-300 ft-lb) - Techmaster de Mexico","og_description":"La gama ampliada permite una cobertura ampliada con la herramienta de transmisi\u00f3n de 1\/2 &#8221; que da servicio a la mayor\u00eda de veh\u00edculos y camionetas grandes. Ofrece al usuario un rango adicional en la aplicaci\u00f3n de par y \u00e1ngulo en aplicaciones de alto par. La escala estampada (ft-lb) ofrece una mejor permanencia y visibilidad. Cuenta [&hellip;]","og_url":"https:\/\/techmasterdemexico.com\/producto\/llave-dinamometrica-ajustable-tipo-clic-con-accionamiento-de-1-2-60-300-ft-lb\/","og_site_name":"Techmaster de Mexico","article_modified_time":"2025-06-26T19:38:37+00:00","og_image":[{"width":500,"height":500,"url":"https:\/\/techmasterdemexico.com\/wp-content\/uploads\/2021\/07\/BRUTUS3R300-1.png","type":"image\/png"}],"twitter_card":"summary_large_image","schema":{"@context":"https:\/\/schema.org","@graph":[{"@type":"WebPage","@id":"https:\/\/techmasterdemexico.com\/producto\/llave-dinamometrica-ajustable-tipo-clic-con-accionamiento-de-1-2-60-300-ft-lb\/","url":"https:\/\/techmasterdemexico.com\/producto\/llave-dinamometrica-ajustable-tipo-clic-con-accionamiento-de-1-2-60-300-ft-lb\/","name":"Llave dinamom\u00e9trica ajustable tipo clic con accionamiento de 1\/2 \u201c(60-300 ft-lb) - Techmaster de Mexico","isPartOf":{"@id":"https:\/\/techmasterdemexico.com\/#website"},"primaryImageOfPage":{"@id":"https:\/\/techmasterdemexico.com\/producto\/llave-dinamometrica-ajustable-tipo-clic-con-accionamiento-de-1-2-60-300-ft-lb\/#primaryimage"},"image":{"@id":"https:\/\/techmasterdemexico.com\/producto\/llave-dinamometrica-ajustable-tipo-clic-con-accionamiento-de-1-2-60-300-ft-lb\/#primaryimage"},"thumbnailUrl":"https:\/\/techmasterdemexico.com\/wp-content\/uploads\/2021\/07\/BRUTUS3R300-1.png","datePublished":"2021-07-24T03:16:22+00:00","dateModified":"2025-06-26T19:38:37+00:00","breadcrumb":{"@id":"https:\/\/techmasterdemexico.com\/producto\/llave-dinamometrica-ajustable-tipo-clic-con-accionamiento-de-1-2-60-300-ft-lb\/#breadcrumb"},"inLanguage":"en-US","potentialAction":[{"@type":"ReadAction","target":["https:\/\/techmasterdemexico.com\/producto\/llave-dinamometrica-ajustable-tipo-clic-con-accionamiento-de-1-2-60-300-ft-lb\/"]}]},{"@type":"ImageObject","inLanguage":"en-US","@id":"https:\/\/techmasterdemexico.com\/producto\/llave-dinamometrica-ajustable-tipo-clic-con-accionamiento-de-1-2-60-300-ft-lb\/#primaryimage","url":"https:\/\/techmasterdemexico.com\/wp-content\/uploads\/2021\/07\/BRUTUS3R300-1.png","contentUrl":"https:\/\/techmasterdemexico.com\/wp-content\/uploads\/2021\/07\/BRUTUS3R300-1.png","width":500,"height":500},{"@type":"BreadcrumbList","@id":"https:\/\/techmasterdemexico.com\/producto\/llave-dinamometrica-ajustable-tipo-clic-con-accionamiento-de-1-2-60-300-ft-lb\/#breadcrumb","itemListElement":[{"@type":"ListItem","position":1,"name":"Portada","item":"https:\/\/techmasterdemexico.com\/"},{"@type":"ListItem","position":2,"name":"Llave dinamom\u00e9trica ajustable tipo clic con accionamiento de 1\/2 \u201c(60-300 ft-lb)"}]},{"@type":"WebSite","@id":"https:\/\/techmasterdemexico.com\/#website","url":"https:\/\/techmasterdemexico.com\/","name":"Techmaster de Mexico","description":"","potentialAction":[{"@type":"SearchAction","target":{"@type":"EntryPoint","urlTemplate":"https:\/\/techmasterdemexico.com\/?s={search_term_string}"},"query-input":{"@type":"PropertyValueSpecification","valueRequired":true,"valueName":"search_term_string"}}],"inLanguage":"en-US"}]}},"brands":[{"id":98,"name":"Snap On","slug":"snap-on"}],"_links":{"self":[{"href":"https:\/\/techmasterdemexico.com\/en\/wp-json\/wp\/v2\/product\/7846","targetHints":{"allow":["GET"]}}],"collection":[{"href":"https:\/\/techmasterdemexico.com\/en\/wp-json\/wp\/v2\/product"}],"about":[{"href":"https:\/\/techmasterdemexico.com\/en\/wp-json\/wp\/v2\/types\/product"}],"wp:featuredmedia":[{"embeddable":true,"href":"https:\/\/techmasterdemexico.com\/en\/wp-json\/wp\/v2\/media\/8331"}],"wp:attachment":[{"href":"https:\/\/techmasterdemexico.com\/en\/wp-json\/wp\/v2\/media?parent=7846"}],"wp:term":[{"taxonomy":"pwb-brand","embeddable":true,"href":"https:\/\/techmasterdemexico.com\/en\/wp-json\/wp\/v2\/pwb-brand?post=7846"},{"taxonomy":"product_brand","embeddable":true,"href":"https:\/\/techmasterdemexico.com\/en\/wp-json\/wp\/v2\/product_brand?post=7846"},{"taxonomy":"product_cat","embeddable":true,"href":"https:\/\/techmasterdemexico.com\/en\/wp-json\/wp\/v2\/product_cat?post=7846"},{"taxonomy":"product_tag","embeddable":true,"href":"https:\/\/techmasterdemexico.com\/en\/wp-json\/wp\/v2\/product_tag?post=7846"}],"curies":[{"name":"wp","href":"https:\/\/api.w.org\/{rel}","templated":true}]}}