{"id":7845,"date":"2021-07-23T20:16:22","date_gmt":"2021-07-24T03:16:22","guid":{"rendered":"http:\/\/techmastermx.ddns.net\/producto\/torqometer-us-nuevo-reunio-seguimiento-5\/"},"modified":"2025-06-26T12:38:34","modified_gmt":"2025-06-26T19:38:34","slug":"torqometer-us-nuevo-reunio-seguimiento-5","status":"publish","type":"product","link":"https:\/\/techmasterdemexico.com\/en\/producto\/torqometer-us-nuevo-reunio-seguimiento-5\/","title":{"rendered":"TORQOMETER\u00ae US \/ Nuevo. Reuni\u00f3. Seguimiento"},"content":{"rendered":"<p>Una herramienta manual para apretar varios sujetadores a un valor de torque preciso. Consiste en una manija y un impulsor para acomodar enchufes hembra de impulsi\u00f3n cuadrada y otros tipos de adaptadores de llave. El valor de torque puede ser configurado y ajustado manualmente por el usuario o puede ser proporcionado como preestablecido para uso en la l\u00ednea de producci\u00f3n. Generalmente se proporciona un dispositivo de se\u00f1alizaci\u00f3n para indicar cu\u00e1ndo se alcanza el valor de par establecido. La manija se gira en \u00e1ngulo recto con el eje de rotaci\u00f3n del sujetador para aplicar torque. Para art\u00edculos con mangos girados en l\u00ednea con el eje de rotaci\u00f3n del sujetador para aplicar torque, vea destornillador, torque.<\/p>\n","protected":false},"excerpt":{"rendered":"<ul>\n<li>Precisi\u00f3n del 1 por ciento de la lectura desde el 20 por ciento del fondo de escala hasta el fondo de escala en el sentido de las agujas del reloj y en sentido contrario<\/li>\n<li>Modelo de seguimiento<\/li>\n<li>1-3\/8 in profundidad de la cabeza<\/li>\n<li>2-3\/4 in de ancho<\/li>\n<li>Estuche PB3<\/li>\n<\/ul>\n<p>&nbsp;<\/p>\n","protected":false},"featured_media":8339,"template":"","meta":{"_acf_changed":false},"pwb-brand":[98],"product_brand":[],"product_cat":[366,68,48],"product_tag":[],"class_list":{"0":"post-7845","1":"product","2":"type-product","3":"status-publish","4":"has-post-thumbnail","6":"pwb-brand-snap-on","7":"product_cat-todos-los-productos","8":"product_cat-herramientas-de-torsion","9":"product_cat-snap-on","11":"first","12":"outofstock","13":"taxable","14":"shipping-taxable","15":"purchasable","16":"product-type-simple"},"acf":[],"yoast_head":"<!-- This site is optimized with the Yoast SEO plugin v27.4 - https:\/\/yoast.com\/product\/yoast-seo-wordpress\/ -->\n<title>TORQOMETER\u00ae US \/ Nuevo. Reuni\u00f3. Seguimiento - Techmaster de Mexico<\/title>\n<meta name=\"robots\" content=\"index, follow, max-snippet:-1, max-image-preview:large, max-video-preview:-1\" \/>\n<link rel=\"canonical\" href=\"https:\/\/techmasterdemexico.com\/producto\/torqometer-us-nuevo-reunio-seguimiento-5\/\" \/>\n<meta property=\"og:locale\" content=\"en_US\" \/>\n<meta property=\"og:type\" content=\"article\" \/>\n<meta property=\"og:title\" content=\"TORQOMETER\u00ae US \/ Nuevo. Reuni\u00f3. Seguimiento - Techmaster de Mexico\" \/>\n<meta property=\"og:description\" content=\"[:es]  Precisi\u00f3n del 1 por ciento de la lectura desde el 20 por ciento del fondo de escala hasta el fondo de escala en el sentido de las agujas del reloj y en sentido contrario  Modelo de seguimiento  1-3\/8 in profundidad de la cabeza  2-3\/4 in de ancho  Estuche PB3 [:en]  Precisi\u00f3n del 1 por ciento de la lectura desde el 20 por ciento del fondo de escala hasta el fondo de escala en el sentido de las agujas del reloj y en sentido contrario  Modelo de seguimiento  1-3\/8 in profundidad de la cabeza  2-3\/4 in de ancho  Estuche PB3  &nbsp; [:]\" \/>\n<meta property=\"og:url\" content=\"https:\/\/techmasterdemexico.com\/producto\/torqometer-us-nuevo-reunio-seguimiento-5\/\" \/>\n<meta property=\"og:site_name\" content=\"Techmaster de Mexico\" \/>\n<meta property=\"article:modified_time\" content=\"2025-06-26T19:38:34+00:00\" \/>\n<meta property=\"og:image\" content=\"https:\/\/techmasterdemexico.com\/wp-content\/uploads\/2021\/07\/TER175FU-1.png\" \/>\n\t<meta property=\"og:image:width\" content=\"500\" \/>\n\t<meta property=\"og:image:height\" content=\"500\" \/>\n\t<meta property=\"og:image:type\" content=\"image\/png\" \/>\n<meta name=\"twitter:card\" content=\"summary_large_image\" \/>\n<meta name=\"twitter:label1\" content=\"Est. reading time\" \/>\n\t<meta name=\"twitter:data1\" content=\"1 minute\" \/>\n<script type=\"application\/ld+json\" class=\"yoast-schema-graph\">{\"@context\":\"https:\\\/\\\/schema.org\",\"@graph\":[{\"@type\":\"WebPage\",\"@id\":\"https:\\\/\\\/techmasterdemexico.com\\\/producto\\\/torqometer-us-nuevo-reunio-seguimiento-5\\\/\",\"url\":\"https:\\\/\\\/techmasterdemexico.com\\\/producto\\\/torqometer-us-nuevo-reunio-seguimiento-5\\\/\",\"name\":\"TORQOMETER\u00ae US \\\/ Nuevo. Reuni\u00f3. Seguimiento - Techmaster de Mexico\",\"isPartOf\":{\"@id\":\"https:\\\/\\\/techmasterdemexico.com\\\/#website\"},\"primaryImageOfPage\":{\"@id\":\"https:\\\/\\\/techmasterdemexico.com\\\/producto\\\/torqometer-us-nuevo-reunio-seguimiento-5\\\/#primaryimage\"},\"image\":{\"@id\":\"https:\\\/\\\/techmasterdemexico.com\\\/producto\\\/torqometer-us-nuevo-reunio-seguimiento-5\\\/#primaryimage\"},\"thumbnailUrl\":\"https:\\\/\\\/techmasterdemexico.com\\\/wp-content\\\/uploads\\\/2021\\\/07\\\/TER175FU-1.png\",\"datePublished\":\"2021-07-24T03:16:22+00:00\",\"dateModified\":\"2025-06-26T19:38:34+00:00\",\"breadcrumb\":{\"@id\":\"https:\\\/\\\/techmasterdemexico.com\\\/producto\\\/torqometer-us-nuevo-reunio-seguimiento-5\\\/#breadcrumb\"},\"inLanguage\":\"en-US\",\"potentialAction\":[{\"@type\":\"ReadAction\",\"target\":[\"https:\\\/\\\/techmasterdemexico.com\\\/producto\\\/torqometer-us-nuevo-reunio-seguimiento-5\\\/\"]}]},{\"@type\":\"ImageObject\",\"inLanguage\":\"en-US\",\"@id\":\"https:\\\/\\\/techmasterdemexico.com\\\/producto\\\/torqometer-us-nuevo-reunio-seguimiento-5\\\/#primaryimage\",\"url\":\"https:\\\/\\\/techmasterdemexico.com\\\/wp-content\\\/uploads\\\/2021\\\/07\\\/TER175FU-1.png\",\"contentUrl\":\"https:\\\/\\\/techmasterdemexico.com\\\/wp-content\\\/uploads\\\/2021\\\/07\\\/TER175FU-1.png\",\"width\":500,\"height\":500},{\"@type\":\"BreadcrumbList\",\"@id\":\"https:\\\/\\\/techmasterdemexico.com\\\/producto\\\/torqometer-us-nuevo-reunio-seguimiento-5\\\/#breadcrumb\",\"itemListElement\":[{\"@type\":\"ListItem\",\"position\":1,\"name\":\"Portada\",\"item\":\"https:\\\/\\\/techmasterdemexico.com\\\/\"},{\"@type\":\"ListItem\",\"position\":2,\"name\":\"TORQOMETER\u00ae US \\\/ Nuevo. Reuni\u00f3. Seguimiento\"}]},{\"@type\":\"WebSite\",\"@id\":\"https:\\\/\\\/techmasterdemexico.com\\\/#website\",\"url\":\"https:\\\/\\\/techmasterdemexico.com\\\/\",\"name\":\"Techmaster de Mexico\",\"description\":\"\",\"potentialAction\":[{\"@type\":\"SearchAction\",\"target\":{\"@type\":\"EntryPoint\",\"urlTemplate\":\"https:\\\/\\\/techmasterdemexico.com\\\/?s={search_term_string}\"},\"query-input\":{\"@type\":\"PropertyValueSpecification\",\"valueRequired\":true,\"valueName\":\"search_term_string\"}}],\"inLanguage\":\"en-US\"}]}<\/script>\n<!-- \/ Yoast SEO plugin. -->","yoast_head_json":{"title":"TORQOMETER\u00ae US \/ Nuevo. Reuni\u00f3. Seguimiento - Techmaster de Mexico","robots":{"index":"index","follow":"follow","max-snippet":"max-snippet:-1","max-image-preview":"max-image-preview:large","max-video-preview":"max-video-preview:-1"},"canonical":"https:\/\/techmasterdemexico.com\/producto\/torqometer-us-nuevo-reunio-seguimiento-5\/","og_locale":"en_US","og_type":"article","og_title":"TORQOMETER\u00ae US \/ Nuevo. Reuni\u00f3. Seguimiento - Techmaster de Mexico","og_description":"[:es]  Precisi\u00f3n del 1 por ciento de la lectura desde el 20 por ciento del fondo de escala hasta el fondo de escala en el sentido de las agujas del reloj y en sentido contrario  Modelo de seguimiento  1-3\/8 in profundidad de la cabeza  2-3\/4 in de ancho  Estuche PB3 [:en]  Precisi\u00f3n del 1 por ciento de la lectura desde el 20 por ciento del fondo de escala hasta el fondo de escala en el sentido de las agujas del reloj y en sentido contrario  Modelo de seguimiento  1-3\/8 in profundidad de la cabeza  2-3\/4 in de ancho  Estuche PB3  &nbsp; [:]","og_url":"https:\/\/techmasterdemexico.com\/producto\/torqometer-us-nuevo-reunio-seguimiento-5\/","og_site_name":"Techmaster de Mexico","article_modified_time":"2025-06-26T19:38:34+00:00","og_image":[{"width":500,"height":500,"url":"https:\/\/techmasterdemexico.com\/wp-content\/uploads\/2021\/07\/TER175FU-1.png","type":"image\/png"}],"twitter_card":"summary_large_image","twitter_misc":{"Est. reading time":"1 minute"},"schema":{"@context":"https:\/\/schema.org","@graph":[{"@type":"WebPage","@id":"https:\/\/techmasterdemexico.com\/producto\/torqometer-us-nuevo-reunio-seguimiento-5\/","url":"https:\/\/techmasterdemexico.com\/producto\/torqometer-us-nuevo-reunio-seguimiento-5\/","name":"TORQOMETER\u00ae US \/ Nuevo. Reuni\u00f3. Seguimiento - Techmaster de Mexico","isPartOf":{"@id":"https:\/\/techmasterdemexico.com\/#website"},"primaryImageOfPage":{"@id":"https:\/\/techmasterdemexico.com\/producto\/torqometer-us-nuevo-reunio-seguimiento-5\/#primaryimage"},"image":{"@id":"https:\/\/techmasterdemexico.com\/producto\/torqometer-us-nuevo-reunio-seguimiento-5\/#primaryimage"},"thumbnailUrl":"https:\/\/techmasterdemexico.com\/wp-content\/uploads\/2021\/07\/TER175FU-1.png","datePublished":"2021-07-24T03:16:22+00:00","dateModified":"2025-06-26T19:38:34+00:00","breadcrumb":{"@id":"https:\/\/techmasterdemexico.com\/producto\/torqometer-us-nuevo-reunio-seguimiento-5\/#breadcrumb"},"inLanguage":"en-US","potentialAction":[{"@type":"ReadAction","target":["https:\/\/techmasterdemexico.com\/producto\/torqometer-us-nuevo-reunio-seguimiento-5\/"]}]},{"@type":"ImageObject","inLanguage":"en-US","@id":"https:\/\/techmasterdemexico.com\/producto\/torqometer-us-nuevo-reunio-seguimiento-5\/#primaryimage","url":"https:\/\/techmasterdemexico.com\/wp-content\/uploads\/2021\/07\/TER175FU-1.png","contentUrl":"https:\/\/techmasterdemexico.com\/wp-content\/uploads\/2021\/07\/TER175FU-1.png","width":500,"height":500},{"@type":"BreadcrumbList","@id":"https:\/\/techmasterdemexico.com\/producto\/torqometer-us-nuevo-reunio-seguimiento-5\/#breadcrumb","itemListElement":[{"@type":"ListItem","position":1,"name":"Portada","item":"https:\/\/techmasterdemexico.com\/"},{"@type":"ListItem","position":2,"name":"TORQOMETER\u00ae US \/ Nuevo. Reuni\u00f3. Seguimiento"}]},{"@type":"WebSite","@id":"https:\/\/techmasterdemexico.com\/#website","url":"https:\/\/techmasterdemexico.com\/","name":"Techmaster de Mexico","description":"","potentialAction":[{"@type":"SearchAction","target":{"@type":"EntryPoint","urlTemplate":"https:\/\/techmasterdemexico.com\/?s={search_term_string}"},"query-input":{"@type":"PropertyValueSpecification","valueRequired":true,"valueName":"search_term_string"}}],"inLanguage":"en-US"}]}},"brands":[{"id":98,"name":"Snap On","slug":"snap-on"}],"_links":{"self":[{"href":"https:\/\/techmasterdemexico.com\/en\/wp-json\/wp\/v2\/product\/7845","targetHints":{"allow":["GET"]}}],"collection":[{"href":"https:\/\/techmasterdemexico.com\/en\/wp-json\/wp\/v2\/product"}],"about":[{"href":"https:\/\/techmasterdemexico.com\/en\/wp-json\/wp\/v2\/types\/product"}],"wp:featuredmedia":[{"embeddable":true,"href":"https:\/\/techmasterdemexico.com\/en\/wp-json\/wp\/v2\/media\/8339"}],"wp:attachment":[{"href":"https:\/\/techmasterdemexico.com\/en\/wp-json\/wp\/v2\/media?parent=7845"}],"wp:term":[{"taxonomy":"pwb-brand","embeddable":true,"href":"https:\/\/techmasterdemexico.com\/en\/wp-json\/wp\/v2\/pwb-brand?post=7845"},{"taxonomy":"product_brand","embeddable":true,"href":"https:\/\/techmasterdemexico.com\/en\/wp-json\/wp\/v2\/product_brand?post=7845"},{"taxonomy":"product_cat","embeddable":true,"href":"https:\/\/techmasterdemexico.com\/en\/wp-json\/wp\/v2\/product_cat?post=7845"},{"taxonomy":"product_tag","embeddable":true,"href":"https:\/\/techmasterdemexico.com\/en\/wp-json\/wp\/v2\/product_tag?post=7845"}],"curies":[{"name":"wp","href":"https:\/\/api.w.org\/{rel}","templated":true}]}}