{"id":7842,"date":"2021-07-23T20:16:20","date_gmt":"2021-07-24T03:16:20","guid":{"rendered":"http:\/\/techmastermx.ddns.net\/producto\/comprobador-digital-de-par-electronico-1-2-y-3-8-25-250-ft-lb\/"},"modified":"2025-06-26T12:38:36","modified_gmt":"2025-06-26T19:38:36","slug":"comprobador-digital-de-par-electronico-1-2-y-3-8-25-250-ft-lb","status":"publish","type":"product","link":"https:\/\/techmasterdemexico.com\/en\/producto\/comprobador-digital-de-par-electronico-1-2-y-3-8-25-250-ft-lb\/","title":{"rendered":"Comprobador digital de par electr\u00f3nico: 1\/2 y 3\/8 &#8220;(25-250 ft-lb)"},"content":{"rendered":"<p>El Comprobador de torque digital industrial Snap-on (modelo No. QCDTC3250) es un m\u00e9todo f\u00e1cil y rentable para que los t\u00e9cnicos prueben la precisi\u00f3n de llaves dinamom\u00e9tricas tanto mec\u00e1nicas como electr\u00f3nicas en cualquier momento.<\/p>\n<p>Est\u00e1 dise\u00f1ado para probar llaves dinamom\u00e9tricas de 1\/2 &#8220;y 3\/8&#8221; con el adaptador incluido, y se puede montar en una pared o en un tornillo de banco para un acceso \u00f3ptimo.<\/p>\n","protected":false},"excerpt":{"rendered":"<ul>\n<li>M\u00e9todo sencillo para comprobar una llave dinamom\u00e9trica con accionamiento de 1\/2 o 3\/8 &#8220;<\/li>\n<li>Muy preciso: \u00b1 1% CW y \u00b1 1% CCW del valor indicado<\/li>\n<li>Pantalla LCD retroiluminada grande y f\u00e1cil de leer<\/li>\n<li>Tres modos de medici\u00f3n: ft-lb, in-lb, N \u2022 m<\/li>\n<li>Tres modos principales de verificaci\u00f3n de par: seguimiento, retenci\u00f3n de pico, primer pico<\/li>\n<li>Adaptador de ejercicio integrado en la placa de montaje para &#8220;asentar&#8221; llaves dinamom\u00e9tricas mec\u00e1nicas antes de la prueba<\/li>\n<li>Incluye adaptador GAF2A de 3\/8 &#8220;con bolsillo de almacenamiento para mayor comodidad al probar llaves dinamom\u00e9tricas de 3\/8&#8221;<\/li>\n<li>Adaptador de ejercicio integrado en la placa de montaje (permite al usuario entrar para obtener resultados precisos seg\u00fan la norma ASME\u00ae B107-300)<\/li>\n<li>Bater\u00eda alimentada por 3 bater\u00edas alcalinas AA; adaptador de CA opcional disponible (DTS8269)<\/li>\n<li>Funci\u00f3n de apagado ajustable<\/li>\n<li>Aprobado por la CE<\/li>\n<li>Incluye certificado de calibraci\u00f3n<\/li>\n<\/ul>\n<p>&nbsp;<\/p>\n","protected":false},"featured_media":8330,"template":"","meta":{"_acf_changed":false},"pwb-brand":[98],"product_brand":[],"product_cat":[366,68,48],"product_tag":[],"class_list":{"0":"post-7842","1":"product","2":"type-product","3":"status-publish","4":"has-post-thumbnail","6":"pwb-brand-snap-on","7":"product_cat-todos-los-productos","8":"product_cat-herramientas-de-torsion","9":"product_cat-snap-on","11":"first","12":"outofstock","13":"taxable","14":"shipping-taxable","15":"purchasable","16":"product-type-simple"},"acf":[],"yoast_head":"<!-- This site is optimized with the Yoast SEO plugin v27.4 - https:\/\/yoast.com\/product\/yoast-seo-wordpress\/ -->\n<title>Comprobador digital de par electr\u00f3nico: 1\/2 y 3\/8 &quot;(25-250 ft-lb) - Techmaster de Mexico<\/title>\n<meta name=\"robots\" content=\"index, follow, max-snippet:-1, max-image-preview:large, max-video-preview:-1\" \/>\n<link rel=\"canonical\" href=\"https:\/\/techmasterdemexico.com\/producto\/comprobador-digital-de-par-electronico-1-2-y-3-8-25-250-ft-lb\/\" \/>\n<meta property=\"og:locale\" content=\"en_US\" \/>\n<meta property=\"og:type\" content=\"article\" \/>\n<meta property=\"og:title\" content=\"Comprobador digital de par electr\u00f3nico: 1\/2 y 3\/8 &quot;(25-250 ft-lb) - Techmaster de Mexico\" \/>\n<meta property=\"og:description\" content=\"[:es]  M\u00e9todo sencillo para comprobar una llave dinamom\u00e9trica con accionamiento de 1\/2 o 3\/8 &quot;  Muy preciso: \u00b1 1% CW y \u00b1 1% CCW del valor indicado  Pantalla LCD retroiluminada grande y f\u00e1cil de leer  Tres modos de medici\u00f3n: ft-lb, in-lb, N \u2022 m  Tres modos principales de verificaci\u00f3n de par: seguimiento, retenci\u00f3n de pico, primer pico  Adaptador de ejercicio integrado en la placa de montaje para &quot;asentar&quot; llaves dinamom\u00e9tricas mec\u00e1nicas antes de la prueba  Incluye adaptador GAF2A de 3\/8 &quot;con bolsillo de almacenamiento para mayor comodidad al probar llaves dinamom\u00e9tricas de 3\/8&quot;  Adaptador de ejercicio integrado en la placa de montaje (permite al usuario entrar para obtener resultados precisos seg\u00fan la norma ASME\u00ae B107-300)  Bater\u00eda alimentada por 3 bater\u00edas alcalinas AA; adaptador de CA opcional disponible (DTS8269)  Funci\u00f3n de apagado ajustable  Aprobado por la CE  Incluye certificado de calibraci\u00f3n [:en]  M\u00e9todo sencillo para comprobar una llave dinamom\u00e9trica con accionamiento de 1\/2 o 3\/8 &quot;  Muy preciso: \u00b1 1% CW y \u00b1 1% CCW del valor indicado  Pantalla LCD retroiluminada grande y f\u00e1cil de leer  Tres modos de medici\u00f3n: ft-lb, in-lb, N \u2022 m  Tres modos principales de verificaci\u00f3n de par: seguimiento, retenci\u00f3n de pico, primer pico  Adaptador de ejercicio integrado en la placa de montaje para &quot;asentar&quot; llaves dinamom\u00e9tricas mec\u00e1nicas antes de la prueba  Incluye adaptador GAF2A de 3\/8 &quot;con bolsillo de almacenamiento para mayor comodidad al probar llaves dinamom\u00e9tricas de 3\/8&quot;  Adaptador de ejercicio integrado en la placa de montaje (permite al usuario entrar para obtener resultados precisos seg\u00fan la norma ASME\u00ae B107-300)  Bater\u00eda alimentada por 3 bater\u00edas alcalinas AA; adaptador de CA opcional disponible (DTS8269)  Funci\u00f3n de apagado ajustable  Aprobado por la CE  Incluye certificado de calibraci\u00f3n  &nbsp;[:]\" \/>\n<meta property=\"og:url\" content=\"https:\/\/techmasterdemexico.com\/producto\/comprobador-digital-de-par-electronico-1-2-y-3-8-25-250-ft-lb\/\" \/>\n<meta property=\"og:site_name\" content=\"Techmaster de Mexico\" \/>\n<meta property=\"article:modified_time\" content=\"2025-06-26T19:38:36+00:00\" \/>\n<meta property=\"og:image\" content=\"https:\/\/techmasterdemexico.com\/wp-content\/uploads\/2021\/07\/QCDTC3250-1.png\" \/>\n\t<meta property=\"og:image:width\" content=\"500\" \/>\n\t<meta property=\"og:image:height\" content=\"500\" \/>\n\t<meta property=\"og:image:type\" content=\"image\/png\" \/>\n<meta name=\"twitter:card\" content=\"summary_large_image\" \/>\n<script type=\"application\/ld+json\" class=\"yoast-schema-graph\">{\"@context\":\"https:\\\/\\\/schema.org\",\"@graph\":[{\"@type\":\"WebPage\",\"@id\":\"https:\\\/\\\/techmasterdemexico.com\\\/producto\\\/comprobador-digital-de-par-electronico-1-2-y-3-8-25-250-ft-lb\\\/\",\"url\":\"https:\\\/\\\/techmasterdemexico.com\\\/producto\\\/comprobador-digital-de-par-electronico-1-2-y-3-8-25-250-ft-lb\\\/\",\"name\":\"Comprobador digital de par electr\u00f3nico: 1\\\/2 y 3\\\/8 \\\"(25-250 ft-lb) - Techmaster de Mexico\",\"isPartOf\":{\"@id\":\"https:\\\/\\\/techmasterdemexico.com\\\/#website\"},\"primaryImageOfPage\":{\"@id\":\"https:\\\/\\\/techmasterdemexico.com\\\/producto\\\/comprobador-digital-de-par-electronico-1-2-y-3-8-25-250-ft-lb\\\/#primaryimage\"},\"image\":{\"@id\":\"https:\\\/\\\/techmasterdemexico.com\\\/producto\\\/comprobador-digital-de-par-electronico-1-2-y-3-8-25-250-ft-lb\\\/#primaryimage\"},\"thumbnailUrl\":\"https:\\\/\\\/techmasterdemexico.com\\\/wp-content\\\/uploads\\\/2021\\\/07\\\/QCDTC3250-1.png\",\"datePublished\":\"2021-07-24T03:16:20+00:00\",\"dateModified\":\"2025-06-26T19:38:36+00:00\",\"breadcrumb\":{\"@id\":\"https:\\\/\\\/techmasterdemexico.com\\\/producto\\\/comprobador-digital-de-par-electronico-1-2-y-3-8-25-250-ft-lb\\\/#breadcrumb\"},\"inLanguage\":\"en-US\",\"potentialAction\":[{\"@type\":\"ReadAction\",\"target\":[\"https:\\\/\\\/techmasterdemexico.com\\\/producto\\\/comprobador-digital-de-par-electronico-1-2-y-3-8-25-250-ft-lb\\\/\"]}]},{\"@type\":\"ImageObject\",\"inLanguage\":\"en-US\",\"@id\":\"https:\\\/\\\/techmasterdemexico.com\\\/producto\\\/comprobador-digital-de-par-electronico-1-2-y-3-8-25-250-ft-lb\\\/#primaryimage\",\"url\":\"https:\\\/\\\/techmasterdemexico.com\\\/wp-content\\\/uploads\\\/2021\\\/07\\\/QCDTC3250-1.png\",\"contentUrl\":\"https:\\\/\\\/techmasterdemexico.com\\\/wp-content\\\/uploads\\\/2021\\\/07\\\/QCDTC3250-1.png\",\"width\":500,\"height\":500},{\"@type\":\"BreadcrumbList\",\"@id\":\"https:\\\/\\\/techmasterdemexico.com\\\/producto\\\/comprobador-digital-de-par-electronico-1-2-y-3-8-25-250-ft-lb\\\/#breadcrumb\",\"itemListElement\":[{\"@type\":\"ListItem\",\"position\":1,\"name\":\"Portada\",\"item\":\"https:\\\/\\\/techmasterdemexico.com\\\/\"},{\"@type\":\"ListItem\",\"position\":2,\"name\":\"Comprobador digital de par electr\u00f3nico: 1\\\/2 y 3\\\/8 \u00ab(25-250 ft-lb)\"}]},{\"@type\":\"WebSite\",\"@id\":\"https:\\\/\\\/techmasterdemexico.com\\\/#website\",\"url\":\"https:\\\/\\\/techmasterdemexico.com\\\/\",\"name\":\"Techmaster de Mexico\",\"description\":\"\",\"potentialAction\":[{\"@type\":\"SearchAction\",\"target\":{\"@type\":\"EntryPoint\",\"urlTemplate\":\"https:\\\/\\\/techmasterdemexico.com\\\/?s={search_term_string}\"},\"query-input\":{\"@type\":\"PropertyValueSpecification\",\"valueRequired\":true,\"valueName\":\"search_term_string\"}}],\"inLanguage\":\"en-US\"}]}<\/script>\n<!-- \/ Yoast SEO plugin. -->","yoast_head_json":{"title":"Comprobador digital de par electr\u00f3nico: 1\/2 y 3\/8 \"(25-250 ft-lb) - Techmaster de Mexico","robots":{"index":"index","follow":"follow","max-snippet":"max-snippet:-1","max-image-preview":"max-image-preview:large","max-video-preview":"max-video-preview:-1"},"canonical":"https:\/\/techmasterdemexico.com\/producto\/comprobador-digital-de-par-electronico-1-2-y-3-8-25-250-ft-lb\/","og_locale":"en_US","og_type":"article","og_title":"Comprobador digital de par electr\u00f3nico: 1\/2 y 3\/8 \"(25-250 ft-lb) - Techmaster de Mexico","og_description":"[:es]  M\u00e9todo sencillo para comprobar una llave dinamom\u00e9trica con accionamiento de 1\/2 o 3\/8 \"  Muy preciso: \u00b1 1% CW y \u00b1 1% CCW del valor indicado  Pantalla LCD retroiluminada grande y f\u00e1cil de leer  Tres modos de medici\u00f3n: ft-lb, in-lb, N \u2022 m  Tres modos principales de verificaci\u00f3n de par: seguimiento, retenci\u00f3n de pico, primer pico  Adaptador de ejercicio integrado en la placa de montaje para \"asentar\" llaves dinamom\u00e9tricas mec\u00e1nicas antes de la prueba  Incluye adaptador GAF2A de 3\/8 \"con bolsillo de almacenamiento para mayor comodidad al probar llaves dinamom\u00e9tricas de 3\/8\"  Adaptador de ejercicio integrado en la placa de montaje (permite al usuario entrar para obtener resultados precisos seg\u00fan la norma ASME\u00ae B107-300)  Bater\u00eda alimentada por 3 bater\u00edas alcalinas AA; adaptador de CA opcional disponible (DTS8269)  Funci\u00f3n de apagado ajustable  Aprobado por la CE  Incluye certificado de calibraci\u00f3n [:en]  M\u00e9todo sencillo para comprobar una llave dinamom\u00e9trica con accionamiento de 1\/2 o 3\/8 \"  Muy preciso: \u00b1 1% CW y \u00b1 1% CCW del valor indicado  Pantalla LCD retroiluminada grande y f\u00e1cil de leer  Tres modos de medici\u00f3n: ft-lb, in-lb, N \u2022 m  Tres modos principales de verificaci\u00f3n de par: seguimiento, retenci\u00f3n de pico, primer pico  Adaptador de ejercicio integrado en la placa de montaje para \"asentar\" llaves dinamom\u00e9tricas mec\u00e1nicas antes de la prueba  Incluye adaptador GAF2A de 3\/8 \"con bolsillo de almacenamiento para mayor comodidad al probar llaves dinamom\u00e9tricas de 3\/8\"  Adaptador de ejercicio integrado en la placa de montaje (permite al usuario entrar para obtener resultados precisos seg\u00fan la norma ASME\u00ae B107-300)  Bater\u00eda alimentada por 3 bater\u00edas alcalinas AA; adaptador de CA opcional disponible (DTS8269)  Funci\u00f3n de apagado ajustable  Aprobado por la CE  Incluye certificado de calibraci\u00f3n  &nbsp;[:]","og_url":"https:\/\/techmasterdemexico.com\/producto\/comprobador-digital-de-par-electronico-1-2-y-3-8-25-250-ft-lb\/","og_site_name":"Techmaster de Mexico","article_modified_time":"2025-06-26T19:38:36+00:00","og_image":[{"width":500,"height":500,"url":"https:\/\/techmasterdemexico.com\/wp-content\/uploads\/2021\/07\/QCDTC3250-1.png","type":"image\/png"}],"twitter_card":"summary_large_image","schema":{"@context":"https:\/\/schema.org","@graph":[{"@type":"WebPage","@id":"https:\/\/techmasterdemexico.com\/producto\/comprobador-digital-de-par-electronico-1-2-y-3-8-25-250-ft-lb\/","url":"https:\/\/techmasterdemexico.com\/producto\/comprobador-digital-de-par-electronico-1-2-y-3-8-25-250-ft-lb\/","name":"Comprobador digital de par electr\u00f3nico: 1\/2 y 3\/8 \"(25-250 ft-lb) - Techmaster de Mexico","isPartOf":{"@id":"https:\/\/techmasterdemexico.com\/#website"},"primaryImageOfPage":{"@id":"https:\/\/techmasterdemexico.com\/producto\/comprobador-digital-de-par-electronico-1-2-y-3-8-25-250-ft-lb\/#primaryimage"},"image":{"@id":"https:\/\/techmasterdemexico.com\/producto\/comprobador-digital-de-par-electronico-1-2-y-3-8-25-250-ft-lb\/#primaryimage"},"thumbnailUrl":"https:\/\/techmasterdemexico.com\/wp-content\/uploads\/2021\/07\/QCDTC3250-1.png","datePublished":"2021-07-24T03:16:20+00:00","dateModified":"2025-06-26T19:38:36+00:00","breadcrumb":{"@id":"https:\/\/techmasterdemexico.com\/producto\/comprobador-digital-de-par-electronico-1-2-y-3-8-25-250-ft-lb\/#breadcrumb"},"inLanguage":"en-US","potentialAction":[{"@type":"ReadAction","target":["https:\/\/techmasterdemexico.com\/producto\/comprobador-digital-de-par-electronico-1-2-y-3-8-25-250-ft-lb\/"]}]},{"@type":"ImageObject","inLanguage":"en-US","@id":"https:\/\/techmasterdemexico.com\/producto\/comprobador-digital-de-par-electronico-1-2-y-3-8-25-250-ft-lb\/#primaryimage","url":"https:\/\/techmasterdemexico.com\/wp-content\/uploads\/2021\/07\/QCDTC3250-1.png","contentUrl":"https:\/\/techmasterdemexico.com\/wp-content\/uploads\/2021\/07\/QCDTC3250-1.png","width":500,"height":500},{"@type":"BreadcrumbList","@id":"https:\/\/techmasterdemexico.com\/producto\/comprobador-digital-de-par-electronico-1-2-y-3-8-25-250-ft-lb\/#breadcrumb","itemListElement":[{"@type":"ListItem","position":1,"name":"Portada","item":"https:\/\/techmasterdemexico.com\/"},{"@type":"ListItem","position":2,"name":"Comprobador digital de par electr\u00f3nico: 1\/2 y 3\/8 \u00ab(25-250 ft-lb)"}]},{"@type":"WebSite","@id":"https:\/\/techmasterdemexico.com\/#website","url":"https:\/\/techmasterdemexico.com\/","name":"Techmaster de Mexico","description":"","potentialAction":[{"@type":"SearchAction","target":{"@type":"EntryPoint","urlTemplate":"https:\/\/techmasterdemexico.com\/?s={search_term_string}"},"query-input":{"@type":"PropertyValueSpecification","valueRequired":true,"valueName":"search_term_string"}}],"inLanguage":"en-US"}]}},"brands":[{"id":98,"name":"Snap On","slug":"snap-on"}],"_links":{"self":[{"href":"https:\/\/techmasterdemexico.com\/en\/wp-json\/wp\/v2\/product\/7842","targetHints":{"allow":["GET"]}}],"collection":[{"href":"https:\/\/techmasterdemexico.com\/en\/wp-json\/wp\/v2\/product"}],"about":[{"href":"https:\/\/techmasterdemexico.com\/en\/wp-json\/wp\/v2\/types\/product"}],"wp:featuredmedia":[{"embeddable":true,"href":"https:\/\/techmasterdemexico.com\/en\/wp-json\/wp\/v2\/media\/8330"}],"wp:attachment":[{"href":"https:\/\/techmasterdemexico.com\/en\/wp-json\/wp\/v2\/media?parent=7842"}],"wp:term":[{"taxonomy":"pwb-brand","embeddable":true,"href":"https:\/\/techmasterdemexico.com\/en\/wp-json\/wp\/v2\/pwb-brand?post=7842"},{"taxonomy":"product_brand","embeddable":true,"href":"https:\/\/techmasterdemexico.com\/en\/wp-json\/wp\/v2\/product_brand?post=7842"},{"taxonomy":"product_cat","embeddable":true,"href":"https:\/\/techmasterdemexico.com\/en\/wp-json\/wp\/v2\/product_cat?post=7842"},{"taxonomy":"product_tag","embeddable":true,"href":"https:\/\/techmasterdemexico.com\/en\/wp-json\/wp\/v2\/product_tag?post=7842"}],"curies":[{"name":"wp","href":"https:\/\/api.w.org\/{rel}","templated":true}]}}