{"id":7841,"date":"2021-07-23T20:16:20","date_gmt":"2021-07-24T03:16:20","guid":{"rendered":"http:\/\/techmastermx.ddns.net\/producto\/llave-dinamometrica-industrial-controltech-de-cabezal-flexible-con-accionamiento-de-1-2-125-250-ft-lb\/"},"modified":"2025-06-26T12:37:55","modified_gmt":"2025-06-26T19:37:55","slug":"llave-dinamometrica-industrial-controltech-de-cabezal-flexible-con-accionamiento-de-1-2-125-250-ft-lb","status":"publish","type":"product","link":"https:\/\/techmasterdemexico.com\/en\/producto\/llave-dinamometrica-industrial-controltech-de-cabezal-flexible-con-accionamiento-de-1-2-125-250-ft-lb\/","title":{"rendered":"Llave dinamom\u00e9trica industrial ControlTech\u00ae de cabezal flexible con accionamiento de 1\/2 &#8220;(12,5-250 ft-lb)"},"content":{"rendered":"<p>Las llaves de torque electr\u00f3nicas industriales ControlTech \u2122 son completamente programables para una aplicaci\u00f3n de torque confiable y consistente. Los modos combinados Torque m\u00e1s \u00c1ngulo le permiten completar simuladamente la especificaci\u00f3n precisa de &#8220;torque m\u00e1s giro&#8221; en un solo movimiento. Adem\u00e1s de las luces indicadoras LED, un pitido audible y la vibraci\u00f3n del mango le avisan cuando se alcanza el par objetivo. La robusta construcci\u00f3n de acero est\u00e1 dise\u00f1ada para resistir incluso las condiciones de trabajo m\u00e1s duras.<\/p>\n","protected":false},"excerpt":{"rendered":"<ul>\n<li>Par de torsi\u00f3n: 12,5\u2013250 ft-lb<\/li>\n<li>Precisi\u00f3n de torque: \u00b1 2% CW y \u00b1 3% CCW, 20-100% de la escala completa<\/li>\n<li>Precisi\u00f3n de \u00e1ngulo: \u00b1 1% de lectura, \u00b1 1 \u00b0 a velocidad angular&gt; 10 \u00b0 \/ seg &lt;180 \u00b0 \/ seg<\/li>\n<li>Rango de \u00e1ngulo: 0\u2013360 \u00b0<\/li>\n<li>Los modos combinados de torsi\u00f3n y \u00e1ngulo brindan la forma m\u00e1s precisa y r\u00e1pida de lograr torsi\u00f3n m\u00e1s \u00e1ngulo en un solo movimiento<\/li>\n<li>Factor de calibraci\u00f3n incorporado para diferentes longitudes de cabeza<\/li>\n<li>Luces indicadoras LED de dos lados con ajustes configurables que incluyen contrase\u00f1as personalizables<\/li>\n<li>Gran pantalla LCD con retroiluminaci\u00f3n<\/li>\n<li>Cuatro modos de indicador: LCD, LED, audible y vibratorio<\/li>\n<li>Cuerpo robusto de acero para mayor resistencia<\/li>\n<li>50 preajustes con capacidad de bloqueo<\/li>\n<li>Programaci\u00f3n de secuencia y modo de trabajo<\/li>\n<li>Datos descargables por USB<\/li>\n<li>Capacidad de almacenamiento: 1.500 lecturas<\/li>\n<li>N\u00famero de preajustes: 50<\/li>\n<li>Temperatura de funcionamiento: 0\u2013130 \u00b0 F (-18\u201354 \u00b0 C)<\/li>\n<li>Temperatura de almacenamiento: 0\u2013130 \u00b0 F (-18\u201354 \u00b0 C)<\/li>\n<li>Humedad: hasta 90% sin condensaci\u00f3n<\/li>\n<li>Incluye estuche de almacenamiento<\/li>\n<li>Cumple con las normas ISO\u00ae-6789-2003 y ASME\u00ae B107.300 (B107.28) para instrumentos de torque electr\u00f3nicos<\/li>\n<\/ul>\n<p>&nbsp;<\/p>\n","protected":false},"featured_media":8323,"template":"","meta":{"_acf_changed":false},"pwb-brand":[98],"product_brand":[],"product_cat":[366,68,149,48],"product_tag":[],"class_list":{"0":"post-7841","1":"product","2":"type-product","3":"status-publish","4":"has-post-thumbnail","6":"pwb-brand-snap-on","7":"product_cat-todos-los-productos","8":"product_cat-herramientas-de-torsion","9":"product_cat-llaves-dinamometricas-industriales-controltech","10":"product_cat-snap-on","12":"first","13":"outofstock","14":"taxable","15":"shipping-taxable","16":"purchasable","17":"product-type-simple"},"acf":[],"yoast_head":"<!-- This site is optimized with the Yoast SEO plugin v27.4 - https:\/\/yoast.com\/product\/yoast-seo-wordpress\/ -->\n<title>Llave dinamom\u00e9trica industrial ControlTech\u00ae de cabezal flexible con accionamiento de 1\/2 &quot;(12,5-250 ft-lb) - Techmaster de Mexico<\/title>\n<meta name=\"robots\" content=\"index, follow, max-snippet:-1, max-image-preview:large, max-video-preview:-1\" \/>\n<link rel=\"canonical\" href=\"https:\/\/techmasterdemexico.com\/producto\/llave-dinamometrica-industrial-controltech-de-cabezal-flexible-con-accionamiento-de-1-2-125-250-ft-lb\/\" \/>\n<meta property=\"og:locale\" content=\"en_US\" \/>\n<meta property=\"og:type\" content=\"article\" \/>\n<meta property=\"og:title\" content=\"Llave dinamom\u00e9trica industrial ControlTech\u00ae de cabezal flexible con accionamiento de 1\/2 &quot;(12,5-250 ft-lb) - Techmaster de Mexico\" \/>\n<meta property=\"og:description\" content=\"[:es]  Par de torsi\u00f3n: 12,5\u2013250 ft-lb  Precisi\u00f3n de torque: \u00b1 2% CW y \u00b1 3% CCW, 20-100% de la escala completa  Precisi\u00f3n de \u00e1ngulo: \u00b1 1% de lectura, \u00b1 1 \u00b0 a velocidad angular&gt; 10 \u00b0 \/ seg &lt;180 \u00b0 \/ seg  Rango de \u00e1ngulo: 0\u2013360 \u00b0  Los modos combinados de torsi\u00f3n y \u00e1ngulo brindan la forma m\u00e1s precisa y r\u00e1pida de lograr torsi\u00f3n m\u00e1s \u00e1ngulo en un solo movimiento  Factor de calibraci\u00f3n incorporado para diferentes longitudes de cabeza  Luces indicadoras LED de dos lados con ajustes configurables que incluyen contrase\u00f1as personalizables  Gran pantalla LCD con retroiluminaci\u00f3n  Cuatro modos de indicador: LCD, LED, audible y vibratorio  Cuerpo robusto de acero para mayor resistencia  50 preajustes con capacidad de bloqueo  Programaci\u00f3n de secuencia y modo de trabajo  Datos descargables por USB  Capacidad de almacenamiento: 1.500 lecturas  N\u00famero de preajustes: 50  Temperatura de funcionamiento: 0\u2013130 \u00b0 F (-18\u201354 \u00b0 C)  Temperatura de almacenamiento: 0\u2013130 \u00b0 F (-18\u201354 \u00b0 C)  Humedad: hasta 90% sin condensaci\u00f3n  Incluye estuche de almacenamiento  Cumple con las normas ISO\u00ae-6789-2003 y ASME\u00ae B107.300 (B107.28) para instrumentos de torque electr\u00f3nicos [:en]  Par de torsi\u00f3n: 12,5\u2013250 ft-lb  Precisi\u00f3n de torque: \u00b1 2% CW y \u00b1 3% CCW, 20-100% de la escala completa  Precisi\u00f3n de \u00e1ngulo: \u00b1 1% de lectura, \u00b1 1 \u00b0 a velocidad angular&gt; 10 \u00b0 \/ seg &lt;180 \u00b0 \/ seg  Rango de \u00e1ngulo: 0\u2013360 \u00b0  Los modos combinados de torsi\u00f3n y \u00e1ngulo brindan la forma m\u00e1s precisa y r\u00e1pida de lograr torsi\u00f3n m\u00e1s \u00e1ngulo en un solo movimiento  Factor de calibraci\u00f3n incorporado para diferentes longitudes de cabeza  Luces indicadoras LED de dos lados con ajustes configurables que incluyen contrase\u00f1as personalizables  Gran pantalla LCD con retroiluminaci\u00f3n  Cuatro modos de indicador: LCD, LED, audible y vibratorio  Cuerpo robusto de acero para mayor resistencia  50 preajustes con capacidad de bloqueo  Programaci\u00f3n de secuencia y modo de trabajo  Datos descargables por USB  Capacidad de almacenamiento: 1.500 lecturas  N\u00famero de preajustes: 50  Temperatura de funcionamiento: 0\u2013130 \u00b0 F (-18\u201354 \u00b0 C)  Temperatura de almacenamiento: 0\u2013130 \u00b0 F (-18\u201354 \u00b0 C)  Humedad: hasta 90% sin condensaci\u00f3n  Incluye estuche de almacenamiento  Cumple con las normas ISO\u00ae-6789-2003 y ASME\u00ae B107.300 (B107.28) para instrumentos de torque electr\u00f3nicos  &nbsp;[:]\" \/>\n<meta property=\"og:url\" content=\"https:\/\/techmasterdemexico.com\/producto\/llave-dinamometrica-industrial-controltech-de-cabezal-flexible-con-accionamiento-de-1-2-125-250-ft-lb\/\" \/>\n<meta property=\"og:site_name\" content=\"Techmaster de Mexico\" \/>\n<meta property=\"article:modified_time\" content=\"2025-06-26T19:37:55+00:00\" \/>\n<meta property=\"og:image\" content=\"https:\/\/techmasterdemexico.com\/wp-content\/uploads\/2021\/07\/CTECH3FR250A-1.png\" \/>\n\t<meta property=\"og:image:width\" content=\"500\" \/>\n\t<meta property=\"og:image:height\" content=\"500\" \/>\n\t<meta property=\"og:image:type\" content=\"image\/png\" \/>\n<meta name=\"twitter:card\" content=\"summary_large_image\" \/>\n<script type=\"application\/ld+json\" class=\"yoast-schema-graph\">{\"@context\":\"https:\\\/\\\/schema.org\",\"@graph\":[{\"@type\":\"WebPage\",\"@id\":\"https:\\\/\\\/techmasterdemexico.com\\\/producto\\\/llave-dinamometrica-industrial-controltech-de-cabezal-flexible-con-accionamiento-de-1-2-125-250-ft-lb\\\/\",\"url\":\"https:\\\/\\\/techmasterdemexico.com\\\/producto\\\/llave-dinamometrica-industrial-controltech-de-cabezal-flexible-con-accionamiento-de-1-2-125-250-ft-lb\\\/\",\"name\":\"Llave dinamom\u00e9trica industrial ControlTech\u00ae de cabezal flexible con accionamiento de 1\\\/2 \\\"(12,5-250 ft-lb) - Techmaster de Mexico\",\"isPartOf\":{\"@id\":\"https:\\\/\\\/techmasterdemexico.com\\\/#website\"},\"primaryImageOfPage\":{\"@id\":\"https:\\\/\\\/techmasterdemexico.com\\\/producto\\\/llave-dinamometrica-industrial-controltech-de-cabezal-flexible-con-accionamiento-de-1-2-125-250-ft-lb\\\/#primaryimage\"},\"image\":{\"@id\":\"https:\\\/\\\/techmasterdemexico.com\\\/producto\\\/llave-dinamometrica-industrial-controltech-de-cabezal-flexible-con-accionamiento-de-1-2-125-250-ft-lb\\\/#primaryimage\"},\"thumbnailUrl\":\"https:\\\/\\\/techmasterdemexico.com\\\/wp-content\\\/uploads\\\/2021\\\/07\\\/CTECH3FR250A-1.png\",\"datePublished\":\"2021-07-24T03:16:20+00:00\",\"dateModified\":\"2025-06-26T19:37:55+00:00\",\"breadcrumb\":{\"@id\":\"https:\\\/\\\/techmasterdemexico.com\\\/producto\\\/llave-dinamometrica-industrial-controltech-de-cabezal-flexible-con-accionamiento-de-1-2-125-250-ft-lb\\\/#breadcrumb\"},\"inLanguage\":\"en-US\",\"potentialAction\":[{\"@type\":\"ReadAction\",\"target\":[\"https:\\\/\\\/techmasterdemexico.com\\\/producto\\\/llave-dinamometrica-industrial-controltech-de-cabezal-flexible-con-accionamiento-de-1-2-125-250-ft-lb\\\/\"]}]},{\"@type\":\"ImageObject\",\"inLanguage\":\"en-US\",\"@id\":\"https:\\\/\\\/techmasterdemexico.com\\\/producto\\\/llave-dinamometrica-industrial-controltech-de-cabezal-flexible-con-accionamiento-de-1-2-125-250-ft-lb\\\/#primaryimage\",\"url\":\"https:\\\/\\\/techmasterdemexico.com\\\/wp-content\\\/uploads\\\/2021\\\/07\\\/CTECH3FR250A-1.png\",\"contentUrl\":\"https:\\\/\\\/techmasterdemexico.com\\\/wp-content\\\/uploads\\\/2021\\\/07\\\/CTECH3FR250A-1.png\",\"width\":500,\"height\":500},{\"@type\":\"BreadcrumbList\",\"@id\":\"https:\\\/\\\/techmasterdemexico.com\\\/producto\\\/llave-dinamometrica-industrial-controltech-de-cabezal-flexible-con-accionamiento-de-1-2-125-250-ft-lb\\\/#breadcrumb\",\"itemListElement\":[{\"@type\":\"ListItem\",\"position\":1,\"name\":\"Portada\",\"item\":\"https:\\\/\\\/techmasterdemexico.com\\\/\"},{\"@type\":\"ListItem\",\"position\":2,\"name\":\"Llave dinamom\u00e9trica industrial ControlTech\u00ae de cabezal flexible con accionamiento de 1\\\/2 \u00ab(12,5-250 ft-lb)\"}]},{\"@type\":\"WebSite\",\"@id\":\"https:\\\/\\\/techmasterdemexico.com\\\/#website\",\"url\":\"https:\\\/\\\/techmasterdemexico.com\\\/\",\"name\":\"Techmaster de Mexico\",\"description\":\"\",\"potentialAction\":[{\"@type\":\"SearchAction\",\"target\":{\"@type\":\"EntryPoint\",\"urlTemplate\":\"https:\\\/\\\/techmasterdemexico.com\\\/?s={search_term_string}\"},\"query-input\":{\"@type\":\"PropertyValueSpecification\",\"valueRequired\":true,\"valueName\":\"search_term_string\"}}],\"inLanguage\":\"en-US\"}]}<\/script>\n<!-- \/ Yoast SEO plugin. -->","yoast_head_json":{"title":"Llave dinamom\u00e9trica industrial ControlTech\u00ae de cabezal flexible con accionamiento de 1\/2 \"(12,5-250 ft-lb) - Techmaster de Mexico","robots":{"index":"index","follow":"follow","max-snippet":"max-snippet:-1","max-image-preview":"max-image-preview:large","max-video-preview":"max-video-preview:-1"},"canonical":"https:\/\/techmasterdemexico.com\/producto\/llave-dinamometrica-industrial-controltech-de-cabezal-flexible-con-accionamiento-de-1-2-125-250-ft-lb\/","og_locale":"en_US","og_type":"article","og_title":"Llave dinamom\u00e9trica industrial ControlTech\u00ae de cabezal flexible con accionamiento de 1\/2 \"(12,5-250 ft-lb) - Techmaster de Mexico","og_description":"[:es]  Par de torsi\u00f3n: 12,5\u2013250 ft-lb  Precisi\u00f3n de torque: \u00b1 2% CW y \u00b1 3% CCW, 20-100% de la escala completa  Precisi\u00f3n de \u00e1ngulo: \u00b1 1% de lectura, \u00b1 1 \u00b0 a velocidad angular&gt; 10 \u00b0 \/ seg &lt;180 \u00b0 \/ seg  Rango de \u00e1ngulo: 0\u2013360 \u00b0  Los modos combinados de torsi\u00f3n y \u00e1ngulo brindan la forma m\u00e1s precisa y r\u00e1pida de lograr torsi\u00f3n m\u00e1s \u00e1ngulo en un solo movimiento  Factor de calibraci\u00f3n incorporado para diferentes longitudes de cabeza  Luces indicadoras LED de dos lados con ajustes configurables que incluyen contrase\u00f1as personalizables  Gran pantalla LCD con retroiluminaci\u00f3n  Cuatro modos de indicador: LCD, LED, audible y vibratorio  Cuerpo robusto de acero para mayor resistencia  50 preajustes con capacidad de bloqueo  Programaci\u00f3n de secuencia y modo de trabajo  Datos descargables por USB  Capacidad de almacenamiento: 1.500 lecturas  N\u00famero de preajustes: 50  Temperatura de funcionamiento: 0\u2013130 \u00b0 F (-18\u201354 \u00b0 C)  Temperatura de almacenamiento: 0\u2013130 \u00b0 F (-18\u201354 \u00b0 C)  Humedad: hasta 90% sin condensaci\u00f3n  Incluye estuche de almacenamiento  Cumple con las normas ISO\u00ae-6789-2003 y ASME\u00ae B107.300 (B107.28) para instrumentos de torque electr\u00f3nicos [:en]  Par de torsi\u00f3n: 12,5\u2013250 ft-lb  Precisi\u00f3n de torque: \u00b1 2% CW y \u00b1 3% CCW, 20-100% de la escala completa  Precisi\u00f3n de \u00e1ngulo: \u00b1 1% de lectura, \u00b1 1 \u00b0 a velocidad angular&gt; 10 \u00b0 \/ seg &lt;180 \u00b0 \/ seg  Rango de \u00e1ngulo: 0\u2013360 \u00b0  Los modos combinados de torsi\u00f3n y \u00e1ngulo brindan la forma m\u00e1s precisa y r\u00e1pida de lograr torsi\u00f3n m\u00e1s \u00e1ngulo en un solo movimiento  Factor de calibraci\u00f3n incorporado para diferentes longitudes de cabeza  Luces indicadoras LED de dos lados con ajustes configurables que incluyen contrase\u00f1as personalizables  Gran pantalla LCD con retroiluminaci\u00f3n  Cuatro modos de indicador: LCD, LED, audible y vibratorio  Cuerpo robusto de acero para mayor resistencia  50 preajustes con capacidad de bloqueo  Programaci\u00f3n de secuencia y modo de trabajo  Datos descargables por USB  Capacidad de almacenamiento: 1.500 lecturas  N\u00famero de preajustes: 50  Temperatura de funcionamiento: 0\u2013130 \u00b0 F (-18\u201354 \u00b0 C)  Temperatura de almacenamiento: 0\u2013130 \u00b0 F (-18\u201354 \u00b0 C)  Humedad: hasta 90% sin condensaci\u00f3n  Incluye estuche de almacenamiento  Cumple con las normas ISO\u00ae-6789-2003 y ASME\u00ae B107.300 (B107.28) para instrumentos de torque electr\u00f3nicos  &nbsp;[:]","og_url":"https:\/\/techmasterdemexico.com\/producto\/llave-dinamometrica-industrial-controltech-de-cabezal-flexible-con-accionamiento-de-1-2-125-250-ft-lb\/","og_site_name":"Techmaster de Mexico","article_modified_time":"2025-06-26T19:37:55+00:00","og_image":[{"width":500,"height":500,"url":"https:\/\/techmasterdemexico.com\/wp-content\/uploads\/2021\/07\/CTECH3FR250A-1.png","type":"image\/png"}],"twitter_card":"summary_large_image","schema":{"@context":"https:\/\/schema.org","@graph":[{"@type":"WebPage","@id":"https:\/\/techmasterdemexico.com\/producto\/llave-dinamometrica-industrial-controltech-de-cabezal-flexible-con-accionamiento-de-1-2-125-250-ft-lb\/","url":"https:\/\/techmasterdemexico.com\/producto\/llave-dinamometrica-industrial-controltech-de-cabezal-flexible-con-accionamiento-de-1-2-125-250-ft-lb\/","name":"Llave dinamom\u00e9trica industrial ControlTech\u00ae de cabezal flexible con accionamiento de 1\/2 \"(12,5-250 ft-lb) - Techmaster de Mexico","isPartOf":{"@id":"https:\/\/techmasterdemexico.com\/#website"},"primaryImageOfPage":{"@id":"https:\/\/techmasterdemexico.com\/producto\/llave-dinamometrica-industrial-controltech-de-cabezal-flexible-con-accionamiento-de-1-2-125-250-ft-lb\/#primaryimage"},"image":{"@id":"https:\/\/techmasterdemexico.com\/producto\/llave-dinamometrica-industrial-controltech-de-cabezal-flexible-con-accionamiento-de-1-2-125-250-ft-lb\/#primaryimage"},"thumbnailUrl":"https:\/\/techmasterdemexico.com\/wp-content\/uploads\/2021\/07\/CTECH3FR250A-1.png","datePublished":"2021-07-24T03:16:20+00:00","dateModified":"2025-06-26T19:37:55+00:00","breadcrumb":{"@id":"https:\/\/techmasterdemexico.com\/producto\/llave-dinamometrica-industrial-controltech-de-cabezal-flexible-con-accionamiento-de-1-2-125-250-ft-lb\/#breadcrumb"},"inLanguage":"en-US","potentialAction":[{"@type":"ReadAction","target":["https:\/\/techmasterdemexico.com\/producto\/llave-dinamometrica-industrial-controltech-de-cabezal-flexible-con-accionamiento-de-1-2-125-250-ft-lb\/"]}]},{"@type":"ImageObject","inLanguage":"en-US","@id":"https:\/\/techmasterdemexico.com\/producto\/llave-dinamometrica-industrial-controltech-de-cabezal-flexible-con-accionamiento-de-1-2-125-250-ft-lb\/#primaryimage","url":"https:\/\/techmasterdemexico.com\/wp-content\/uploads\/2021\/07\/CTECH3FR250A-1.png","contentUrl":"https:\/\/techmasterdemexico.com\/wp-content\/uploads\/2021\/07\/CTECH3FR250A-1.png","width":500,"height":500},{"@type":"BreadcrumbList","@id":"https:\/\/techmasterdemexico.com\/producto\/llave-dinamometrica-industrial-controltech-de-cabezal-flexible-con-accionamiento-de-1-2-125-250-ft-lb\/#breadcrumb","itemListElement":[{"@type":"ListItem","position":1,"name":"Portada","item":"https:\/\/techmasterdemexico.com\/"},{"@type":"ListItem","position":2,"name":"Llave dinamom\u00e9trica industrial ControlTech\u00ae de cabezal flexible con accionamiento de 1\/2 \u00ab(12,5-250 ft-lb)"}]},{"@type":"WebSite","@id":"https:\/\/techmasterdemexico.com\/#website","url":"https:\/\/techmasterdemexico.com\/","name":"Techmaster de Mexico","description":"","potentialAction":[{"@type":"SearchAction","target":{"@type":"EntryPoint","urlTemplate":"https:\/\/techmasterdemexico.com\/?s={search_term_string}"},"query-input":{"@type":"PropertyValueSpecification","valueRequired":true,"valueName":"search_term_string"}}],"inLanguage":"en-US"}]}},"brands":[{"id":98,"name":"Snap On","slug":"snap-on"}],"_links":{"self":[{"href":"https:\/\/techmasterdemexico.com\/en\/wp-json\/wp\/v2\/product\/7841","targetHints":{"allow":["GET"]}}],"collection":[{"href":"https:\/\/techmasterdemexico.com\/en\/wp-json\/wp\/v2\/product"}],"about":[{"href":"https:\/\/techmasterdemexico.com\/en\/wp-json\/wp\/v2\/types\/product"}],"wp:featuredmedia":[{"embeddable":true,"href":"https:\/\/techmasterdemexico.com\/en\/wp-json\/wp\/v2\/media\/8323"}],"wp:attachment":[{"href":"https:\/\/techmasterdemexico.com\/en\/wp-json\/wp\/v2\/media?parent=7841"}],"wp:term":[{"taxonomy":"pwb-brand","embeddable":true,"href":"https:\/\/techmasterdemexico.com\/en\/wp-json\/wp\/v2\/pwb-brand?post=7841"},{"taxonomy":"product_brand","embeddable":true,"href":"https:\/\/techmasterdemexico.com\/en\/wp-json\/wp\/v2\/product_brand?post=7841"},{"taxonomy":"product_cat","embeddable":true,"href":"https:\/\/techmasterdemexico.com\/en\/wp-json\/wp\/v2\/product_cat?post=7841"},{"taxonomy":"product_tag","embeddable":true,"href":"https:\/\/techmasterdemexico.com\/en\/wp-json\/wp\/v2\/product_tag?post=7841"}],"curies":[{"name":"wp","href":"https:\/\/api.w.org\/{rel}","templated":true}]}}