{"id":7840,"date":"2021-07-23T20:16:19","date_gmt":"2021-07-24T03:16:19","guid":{"rendered":"http:\/\/techmastermx.ddns.net\/producto\/destornillador-de-torque-preestablecido-2\/"},"modified":"2025-06-26T12:40:04","modified_gmt":"2025-06-26T19:40:04","slug":"destornillador-de-torque-preestablecido-2","status":"publish","type":"product","link":"https:\/\/techmasterdemexico.com\/en\/producto\/destornillador-de-torque-preestablecido-2\/","title":{"rendered":"Destornillador de torque preestablecido"},"content":{"rendered":"<p>Herramienta ideal para ensamblajes de bajo torque y aplicaciones de precisi\u00f3n.<\/p>\n<p>Los destornilladores aceptan todas las puntas de destornillador hexagonal est\u00e1ndar de 1\/4 &#8220;.<\/p>\n<p>Ruedas libres de embrague con limitaci\u00f3n de par con leva cuando se alcanza el par de torsi\u00f3n establecida.<\/p>\n<p>Construcci\u00f3n liviana y resistente con cuerpo de aluminio con v\u00e1stago de acero.<\/p>\n<p>Agarre c\u00f3modo y ergon\u00f3mico de tres l\u00f3bulos y retenci\u00f3n magn\u00e9tica de la broca.<\/p>\n<p>Al realizar el pedido, el usuario debe designar el par de torsi\u00f3n deseado para configurar.<\/p>\n<p>&nbsp;<\/p>\n<p>&nbsp;<\/p>\n","protected":false},"excerpt":{"rendered":"<p>Herramienta ideal para ensamblajes de bajo torque y aplicaciones de precisi\u00f3n. Los destornilladores aceptan todas las puntas de destornillador hexagonal est\u00e1ndar de 1\/4 &#8220;. Ruedas libres de embrague con limitaci\u00f3n de par con leva cuando se alcanza el par de torsi\u00f3n establecida. Construcci\u00f3n liviana y resistente con cuerpo de aluminio con v\u00e1stago de acero. Agarre [&hellip;]<\/p>\n","protected":false},"featured_media":8356,"template":"","meta":{"_acf_changed":false},"pwb-brand":[98],"product_brand":[],"product_cat":[366,63,541,48],"product_tag":[],"class_list":{"0":"post-7840","1":"product","2":"type-product","3":"status-publish","4":"has-post-thumbnail","6":"pwb-brand-snap-on","7":"product_cat-todos-los-productos","8":"product_cat-destornilladores","9":"product_cat-destornilladores-dinamometricos","10":"product_cat-snap-on","12":"first","13":"instock","14":"taxable","15":"shipping-taxable","16":"purchasable","17":"product-type-simple"},"acf":[],"yoast_head":"<!-- This site is optimized with the Yoast SEO plugin v27.4 - https:\/\/yoast.com\/product\/yoast-seo-wordpress\/ -->\n<title>Destornillador de torque preestablecido - Techmaster de Mexico<\/title>\n<meta name=\"robots\" content=\"index, follow, max-snippet:-1, max-image-preview:large, max-video-preview:-1\" \/>\n<link rel=\"canonical\" href=\"https:\/\/techmasterdemexico.com\/producto\/destornillador-de-torque-preestablecido-2\/\" \/>\n<meta property=\"og:locale\" content=\"en_US\" \/>\n<meta property=\"og:type\" content=\"article\" \/>\n<meta property=\"og:title\" content=\"Destornillador de torque preestablecido - Techmaster de Mexico\" \/>\n<meta property=\"og:description\" content=\"Herramienta ideal para ensamblajes de bajo torque y aplicaciones de precisi\u00f3n. Los destornilladores aceptan todas las puntas de destornillador hexagonal est\u00e1ndar de 1\/4 &#8220;. Ruedas libres de embrague con limitaci\u00f3n de par con leva cuando se alcanza el par de torsi\u00f3n establecida. Construcci\u00f3n liviana y resistente con cuerpo de aluminio con v\u00e1stago de acero. Agarre [&hellip;]\" \/>\n<meta property=\"og:url\" content=\"https:\/\/techmasterdemexico.com\/producto\/destornillador-de-torque-preestablecido-2\/\" \/>\n<meta property=\"og:site_name\" content=\"Techmaster de Mexico\" \/>\n<meta property=\"article:modified_time\" content=\"2025-06-26T19:40:04+00:00\" \/>\n<meta property=\"og:image\" content=\"https:\/\/techmasterdemexico.com\/wp-content\/uploads\/2021\/07\/QDRIVER1P-1.png\" \/>\n\t<meta property=\"og:image:width\" content=\"500\" \/>\n\t<meta property=\"og:image:height\" content=\"500\" \/>\n\t<meta property=\"og:image:type\" content=\"image\/png\" \/>\n<meta name=\"twitter:card\" content=\"summary_large_image\" \/>\n<script type=\"application\/ld+json\" class=\"yoast-schema-graph\">{\"@context\":\"https:\\\/\\\/schema.org\",\"@graph\":[{\"@type\":\"WebPage\",\"@id\":\"https:\\\/\\\/techmasterdemexico.com\\\/producto\\\/destornillador-de-torque-preestablecido-2\\\/\",\"url\":\"https:\\\/\\\/techmasterdemexico.com\\\/producto\\\/destornillador-de-torque-preestablecido-2\\\/\",\"name\":\"Destornillador de torque preestablecido - Techmaster de Mexico\",\"isPartOf\":{\"@id\":\"https:\\\/\\\/techmasterdemexico.com\\\/#website\"},\"primaryImageOfPage\":{\"@id\":\"https:\\\/\\\/techmasterdemexico.com\\\/producto\\\/destornillador-de-torque-preestablecido-2\\\/#primaryimage\"},\"image\":{\"@id\":\"https:\\\/\\\/techmasterdemexico.com\\\/producto\\\/destornillador-de-torque-preestablecido-2\\\/#primaryimage\"},\"thumbnailUrl\":\"https:\\\/\\\/techmasterdemexico.com\\\/wp-content\\\/uploads\\\/2021\\\/07\\\/QDRIVER1P-1.png\",\"datePublished\":\"2021-07-24T03:16:19+00:00\",\"dateModified\":\"2025-06-26T19:40:04+00:00\",\"breadcrumb\":{\"@id\":\"https:\\\/\\\/techmasterdemexico.com\\\/producto\\\/destornillador-de-torque-preestablecido-2\\\/#breadcrumb\"},\"inLanguage\":\"en-US\",\"potentialAction\":[{\"@type\":\"ReadAction\",\"target\":[\"https:\\\/\\\/techmasterdemexico.com\\\/producto\\\/destornillador-de-torque-preestablecido-2\\\/\"]}]},{\"@type\":\"ImageObject\",\"inLanguage\":\"en-US\",\"@id\":\"https:\\\/\\\/techmasterdemexico.com\\\/producto\\\/destornillador-de-torque-preestablecido-2\\\/#primaryimage\",\"url\":\"https:\\\/\\\/techmasterdemexico.com\\\/wp-content\\\/uploads\\\/2021\\\/07\\\/QDRIVER1P-1.png\",\"contentUrl\":\"https:\\\/\\\/techmasterdemexico.com\\\/wp-content\\\/uploads\\\/2021\\\/07\\\/QDRIVER1P-1.png\",\"width\":500,\"height\":500},{\"@type\":\"BreadcrumbList\",\"@id\":\"https:\\\/\\\/techmasterdemexico.com\\\/producto\\\/destornillador-de-torque-preestablecido-2\\\/#breadcrumb\",\"itemListElement\":[{\"@type\":\"ListItem\",\"position\":1,\"name\":\"Portada\",\"item\":\"https:\\\/\\\/techmasterdemexico.com\\\/\"},{\"@type\":\"ListItem\",\"position\":2,\"name\":\"Destornillador de torque preestablecido\"}]},{\"@type\":\"WebSite\",\"@id\":\"https:\\\/\\\/techmasterdemexico.com\\\/#website\",\"url\":\"https:\\\/\\\/techmasterdemexico.com\\\/\",\"name\":\"Techmaster de Mexico\",\"description\":\"\",\"potentialAction\":[{\"@type\":\"SearchAction\",\"target\":{\"@type\":\"EntryPoint\",\"urlTemplate\":\"https:\\\/\\\/techmasterdemexico.com\\\/?s={search_term_string}\"},\"query-input\":{\"@type\":\"PropertyValueSpecification\",\"valueRequired\":true,\"valueName\":\"search_term_string\"}}],\"inLanguage\":\"en-US\"}]}<\/script>\n<!-- \/ Yoast SEO plugin. -->","yoast_head_json":{"title":"Destornillador de torque preestablecido - Techmaster de Mexico","robots":{"index":"index","follow":"follow","max-snippet":"max-snippet:-1","max-image-preview":"max-image-preview:large","max-video-preview":"max-video-preview:-1"},"canonical":"https:\/\/techmasterdemexico.com\/producto\/destornillador-de-torque-preestablecido-2\/","og_locale":"en_US","og_type":"article","og_title":"Destornillador de torque preestablecido - Techmaster de Mexico","og_description":"Herramienta ideal para ensamblajes de bajo torque y aplicaciones de precisi\u00f3n. Los destornilladores aceptan todas las puntas de destornillador hexagonal est\u00e1ndar de 1\/4 &#8220;. Ruedas libres de embrague con limitaci\u00f3n de par con leva cuando se alcanza el par de torsi\u00f3n establecida. Construcci\u00f3n liviana y resistente con cuerpo de aluminio con v\u00e1stago de acero. Agarre [&hellip;]","og_url":"https:\/\/techmasterdemexico.com\/producto\/destornillador-de-torque-preestablecido-2\/","og_site_name":"Techmaster de Mexico","article_modified_time":"2025-06-26T19:40:04+00:00","og_image":[{"width":500,"height":500,"url":"https:\/\/techmasterdemexico.com\/wp-content\/uploads\/2021\/07\/QDRIVER1P-1.png","type":"image\/png"}],"twitter_card":"summary_large_image","schema":{"@context":"https:\/\/schema.org","@graph":[{"@type":"WebPage","@id":"https:\/\/techmasterdemexico.com\/producto\/destornillador-de-torque-preestablecido-2\/","url":"https:\/\/techmasterdemexico.com\/producto\/destornillador-de-torque-preestablecido-2\/","name":"Destornillador de torque preestablecido - Techmaster de Mexico","isPartOf":{"@id":"https:\/\/techmasterdemexico.com\/#website"},"primaryImageOfPage":{"@id":"https:\/\/techmasterdemexico.com\/producto\/destornillador-de-torque-preestablecido-2\/#primaryimage"},"image":{"@id":"https:\/\/techmasterdemexico.com\/producto\/destornillador-de-torque-preestablecido-2\/#primaryimage"},"thumbnailUrl":"https:\/\/techmasterdemexico.com\/wp-content\/uploads\/2021\/07\/QDRIVER1P-1.png","datePublished":"2021-07-24T03:16:19+00:00","dateModified":"2025-06-26T19:40:04+00:00","breadcrumb":{"@id":"https:\/\/techmasterdemexico.com\/producto\/destornillador-de-torque-preestablecido-2\/#breadcrumb"},"inLanguage":"en-US","potentialAction":[{"@type":"ReadAction","target":["https:\/\/techmasterdemexico.com\/producto\/destornillador-de-torque-preestablecido-2\/"]}]},{"@type":"ImageObject","inLanguage":"en-US","@id":"https:\/\/techmasterdemexico.com\/producto\/destornillador-de-torque-preestablecido-2\/#primaryimage","url":"https:\/\/techmasterdemexico.com\/wp-content\/uploads\/2021\/07\/QDRIVER1P-1.png","contentUrl":"https:\/\/techmasterdemexico.com\/wp-content\/uploads\/2021\/07\/QDRIVER1P-1.png","width":500,"height":500},{"@type":"BreadcrumbList","@id":"https:\/\/techmasterdemexico.com\/producto\/destornillador-de-torque-preestablecido-2\/#breadcrumb","itemListElement":[{"@type":"ListItem","position":1,"name":"Portada","item":"https:\/\/techmasterdemexico.com\/"},{"@type":"ListItem","position":2,"name":"Destornillador de torque preestablecido"}]},{"@type":"WebSite","@id":"https:\/\/techmasterdemexico.com\/#website","url":"https:\/\/techmasterdemexico.com\/","name":"Techmaster de Mexico","description":"","potentialAction":[{"@type":"SearchAction","target":{"@type":"EntryPoint","urlTemplate":"https:\/\/techmasterdemexico.com\/?s={search_term_string}"},"query-input":{"@type":"PropertyValueSpecification","valueRequired":true,"valueName":"search_term_string"}}],"inLanguage":"en-US"}]}},"brands":[{"id":98,"name":"Snap On","slug":"snap-on"}],"_links":{"self":[{"href":"https:\/\/techmasterdemexico.com\/en\/wp-json\/wp\/v2\/product\/7840","targetHints":{"allow":["GET"]}}],"collection":[{"href":"https:\/\/techmasterdemexico.com\/en\/wp-json\/wp\/v2\/product"}],"about":[{"href":"https:\/\/techmasterdemexico.com\/en\/wp-json\/wp\/v2\/types\/product"}],"wp:featuredmedia":[{"embeddable":true,"href":"https:\/\/techmasterdemexico.com\/en\/wp-json\/wp\/v2\/media\/8356"}],"wp:attachment":[{"href":"https:\/\/techmasterdemexico.com\/en\/wp-json\/wp\/v2\/media?parent=7840"}],"wp:term":[{"taxonomy":"pwb-brand","embeddable":true,"href":"https:\/\/techmasterdemexico.com\/en\/wp-json\/wp\/v2\/pwb-brand?post=7840"},{"taxonomy":"product_brand","embeddable":true,"href":"https:\/\/techmasterdemexico.com\/en\/wp-json\/wp\/v2\/product_brand?post=7840"},{"taxonomy":"product_cat","embeddable":true,"href":"https:\/\/techmasterdemexico.com\/en\/wp-json\/wp\/v2\/product_cat?post=7840"},{"taxonomy":"product_tag","embeddable":true,"href":"https:\/\/techmasterdemexico.com\/en\/wp-json\/wp\/v2\/product_tag?post=7840"}],"curies":[{"name":"wp","href":"https:\/\/api.w.org\/{rel}","templated":true}]}}