{"id":7836,"date":"2021-07-23T20:16:17","date_gmt":"2021-07-24T03:16:17","guid":{"rendered":"http:\/\/techmastermx.ddns.net\/producto\/llave-dinamometrica-de-trinquete-fija-ajustable-tipo-clic-sae-con-accionamiento-de-3-8-20-100-ft-lb\/"},"modified":"2025-06-26T12:39:14","modified_gmt":"2025-06-26T19:39:14","slug":"llave-dinamometrica-de-trinquete-fija-ajustable-tipo-clic-sae-con-accionamiento-de-3-8-20-100-ft-lb","status":"publish","type":"product","link":"https:\/\/techmasterdemexico.com\/en\/producto\/llave-dinamometrica-de-trinquete-fija-ajustable-tipo-clic-sae-con-accionamiento-de-3-8-20-100-ft-lb\/","title":{"rendered":"Llave dinamom\u00e9trica de trinquete fija ajustable tipo clic SAE con accionamiento de 3\/8 &#8220;(20-100 ft-lb)"},"content":{"rendered":"<p>Las llaves dinamom\u00e9tricas ajustables de tipo clic de Snap-on ofrecen precisi\u00f3n y durabilidad en una cabeza fija o de trinquete. Dise\u00f1ado y construido con la calidad t\u00edpica de Snap-on, podr\u00e1 ajustar sus sujetadores al par de torsi\u00f3n correcto una y otra vez.<\/p>\n","protected":false},"excerpt":{"rendered":"<ul>\n<li>El dise\u00f1o de trinquete con tecnolog\u00eda Dual 80\u00ae cuenta con un engranaje de 80 dientes con dos trinquetes<\/li>\n<li>La cabeza de trinquete sellada evita la entrada de suciedad y humedad, mientras que pr\u00e1cticamente no necesita mantenimiento<\/li>\n<li>Escala marcada en rollo para una mejor visibilidad y permanencia<\/li>\n<li>El arco de giro reducido permite al t\u00e9cnico utilizarlo en \u00e1reas m\u00e1s estrechas, como los compartimentos del motor, lo que ofrece un espacio libre mejorado en general.<\/li>\n<li>Precisi\u00f3n de \u00b1 4% en el sentido de las agujas del reloj y \u00b1 6% en sentido contrario a las agujas del reloj desde el 20% de la escala completa a la escala completa<\/li>\n<li>El dise\u00f1o exclusivo de la leva minimiza la fricci\u00f3n debido a la reducci\u00f3n del \u00e1rea de contacto entre la leva y la pared interna del tubo.<\/li>\n<li>La leva retiene y libera lubricante donde sea necesario, reduciendo la fricci\u00f3n para obtener valores de torque m\u00e1s precisos y repetibles<\/li>\n<li>Empaquetado con certificado de calibraci\u00f3n<\/li>\n<li>Rendimiento resistente y sin problemas<\/li>\n<\/ul>\n","protected":false},"featured_media":8342,"template":"","meta":{"_acf_changed":false},"pwb-brand":[98],"product_brand":[],"product_cat":[366,68,148,48],"product_tag":[],"class_list":{"0":"post-7836","1":"product","2":"type-product","3":"status-publish","4":"has-post-thumbnail","6":"pwb-brand-snap-on","7":"product_cat-todos-los-productos","8":"product_cat-herramientas-de-torsion","9":"product_cat-llaves-dinamometricas-tipo-clic-ajustable","10":"product_cat-snap-on","12":"first","13":"instock","14":"taxable","15":"shipping-taxable","16":"purchasable","17":"product-type-simple"},"acf":[],"yoast_head":"<!-- This site is optimized with the Yoast SEO plugin v27.4 - https:\/\/yoast.com\/product\/yoast-seo-wordpress\/ -->\n<title>Llave dinamom\u00e9trica de trinquete fija ajustable tipo clic SAE con accionamiento de 3\/8 &quot;(20-100 ft-lb) - Techmaster de Mexico<\/title>\n<meta name=\"robots\" content=\"index, follow, max-snippet:-1, max-image-preview:large, max-video-preview:-1\" \/>\n<link rel=\"canonical\" href=\"https:\/\/techmasterdemexico.com\/producto\/llave-dinamometrica-de-trinquete-fija-ajustable-tipo-clic-sae-con-accionamiento-de-3-8-20-100-ft-lb\/\" \/>\n<meta property=\"og:locale\" content=\"en_US\" \/>\n<meta property=\"og:type\" content=\"article\" \/>\n<meta property=\"og:title\" content=\"Llave dinamom\u00e9trica de trinquete fija ajustable tipo clic SAE con accionamiento de 3\/8 &quot;(20-100 ft-lb) - Techmaster de Mexico\" \/>\n<meta property=\"og:description\" content=\"El dise\u00f1o de trinquete con tecnolog\u00eda Dual 80\u00ae cuenta con un engranaje de 80 dientes con dos trinquetes  La cabeza de trinquete sellada evita la entrada de suciedad y humedad, mientras que pr\u00e1cticamente no necesita mantenimiento  Escala marcada en rollo para una mejor visibilidad y permanencia  El arco de giro reducido permite al t\u00e9cnico utilizarlo en \u00e1reas m\u00e1s estrechas, como los compartimentos del motor, lo que ofrece un espacio libre mejorado en general.  Precisi\u00f3n de \u00b1 4% en el sentido de las agujas del reloj y \u00b1 6% en sentido contrario a las agujas del reloj desde el 20% de la escala completa a la escala completa  El dise\u00f1o exclusivo de la leva minimiza la fricci\u00f3n debido a la reducci\u00f3n del \u00e1rea de contacto entre la leva y la pared interna del tubo.  La leva retiene y libera lubricante donde sea necesario, reduciendo la fricci\u00f3n para obtener valores de torque m\u00e1s precisos y repetibles  Empaquetado con certificado de calibraci\u00f3n  Rendimiento resistente y sin problemas\" \/>\n<meta property=\"og:url\" content=\"https:\/\/techmasterdemexico.com\/producto\/llave-dinamometrica-de-trinquete-fija-ajustable-tipo-clic-sae-con-accionamiento-de-3-8-20-100-ft-lb\/\" \/>\n<meta property=\"og:site_name\" content=\"Techmaster de Mexico\" \/>\n<meta property=\"article:modified_time\" content=\"2025-06-26T19:39:14+00:00\" \/>\n<meta property=\"og:image\" content=\"https:\/\/techmasterdemexico.com\/wp-content\/uploads\/2021\/07\/QD2R100A-1.png\" \/>\n\t<meta property=\"og:image:width\" content=\"500\" \/>\n\t<meta property=\"og:image:height\" content=\"500\" \/>\n\t<meta property=\"og:image:type\" content=\"image\/png\" \/>\n<meta name=\"twitter:card\" content=\"summary_large_image\" \/>\n<script type=\"application\/ld+json\" class=\"yoast-schema-graph\">{\"@context\":\"https:\\\/\\\/schema.org\",\"@graph\":[{\"@type\":\"WebPage\",\"@id\":\"https:\\\/\\\/techmasterdemexico.com\\\/producto\\\/llave-dinamometrica-de-trinquete-fija-ajustable-tipo-clic-sae-con-accionamiento-de-3-8-20-100-ft-lb\\\/\",\"url\":\"https:\\\/\\\/techmasterdemexico.com\\\/producto\\\/llave-dinamometrica-de-trinquete-fija-ajustable-tipo-clic-sae-con-accionamiento-de-3-8-20-100-ft-lb\\\/\",\"name\":\"Llave dinamom\u00e9trica de trinquete fija ajustable tipo clic SAE con accionamiento de 3\\\/8 \\\"(20-100 ft-lb) - Techmaster de Mexico\",\"isPartOf\":{\"@id\":\"https:\\\/\\\/techmasterdemexico.com\\\/#website\"},\"primaryImageOfPage\":{\"@id\":\"https:\\\/\\\/techmasterdemexico.com\\\/producto\\\/llave-dinamometrica-de-trinquete-fija-ajustable-tipo-clic-sae-con-accionamiento-de-3-8-20-100-ft-lb\\\/#primaryimage\"},\"image\":{\"@id\":\"https:\\\/\\\/techmasterdemexico.com\\\/producto\\\/llave-dinamometrica-de-trinquete-fija-ajustable-tipo-clic-sae-con-accionamiento-de-3-8-20-100-ft-lb\\\/#primaryimage\"},\"thumbnailUrl\":\"https:\\\/\\\/techmasterdemexico.com\\\/wp-content\\\/uploads\\\/2021\\\/07\\\/QD2R100A-1.png\",\"datePublished\":\"2021-07-24T03:16:17+00:00\",\"dateModified\":\"2025-06-26T19:39:14+00:00\",\"breadcrumb\":{\"@id\":\"https:\\\/\\\/techmasterdemexico.com\\\/producto\\\/llave-dinamometrica-de-trinquete-fija-ajustable-tipo-clic-sae-con-accionamiento-de-3-8-20-100-ft-lb\\\/#breadcrumb\"},\"inLanguage\":\"en-US\",\"potentialAction\":[{\"@type\":\"ReadAction\",\"target\":[\"https:\\\/\\\/techmasterdemexico.com\\\/producto\\\/llave-dinamometrica-de-trinquete-fija-ajustable-tipo-clic-sae-con-accionamiento-de-3-8-20-100-ft-lb\\\/\"]}]},{\"@type\":\"ImageObject\",\"inLanguage\":\"en-US\",\"@id\":\"https:\\\/\\\/techmasterdemexico.com\\\/producto\\\/llave-dinamometrica-de-trinquete-fija-ajustable-tipo-clic-sae-con-accionamiento-de-3-8-20-100-ft-lb\\\/#primaryimage\",\"url\":\"https:\\\/\\\/techmasterdemexico.com\\\/wp-content\\\/uploads\\\/2021\\\/07\\\/QD2R100A-1.png\",\"contentUrl\":\"https:\\\/\\\/techmasterdemexico.com\\\/wp-content\\\/uploads\\\/2021\\\/07\\\/QD2R100A-1.png\",\"width\":500,\"height\":500},{\"@type\":\"BreadcrumbList\",\"@id\":\"https:\\\/\\\/techmasterdemexico.com\\\/producto\\\/llave-dinamometrica-de-trinquete-fija-ajustable-tipo-clic-sae-con-accionamiento-de-3-8-20-100-ft-lb\\\/#breadcrumb\",\"itemListElement\":[{\"@type\":\"ListItem\",\"position\":1,\"name\":\"Portada\",\"item\":\"https:\\\/\\\/techmasterdemexico.com\\\/\"},{\"@type\":\"ListItem\",\"position\":2,\"name\":\"Llave dinamom\u00e9trica de trinquete fija ajustable tipo clic SAE con accionamiento de 3\\\/8 \u00ab(20-100 ft-lb)\"}]},{\"@type\":\"WebSite\",\"@id\":\"https:\\\/\\\/techmasterdemexico.com\\\/#website\",\"url\":\"https:\\\/\\\/techmasterdemexico.com\\\/\",\"name\":\"Techmaster de Mexico\",\"description\":\"\",\"potentialAction\":[{\"@type\":\"SearchAction\",\"target\":{\"@type\":\"EntryPoint\",\"urlTemplate\":\"https:\\\/\\\/techmasterdemexico.com\\\/?s={search_term_string}\"},\"query-input\":{\"@type\":\"PropertyValueSpecification\",\"valueRequired\":true,\"valueName\":\"search_term_string\"}}],\"inLanguage\":\"en-US\"}]}<\/script>\n<!-- \/ Yoast SEO plugin. -->","yoast_head_json":{"title":"Llave dinamom\u00e9trica de trinquete fija ajustable tipo clic SAE con accionamiento de 3\/8 \"(20-100 ft-lb) - Techmaster de Mexico","robots":{"index":"index","follow":"follow","max-snippet":"max-snippet:-1","max-image-preview":"max-image-preview:large","max-video-preview":"max-video-preview:-1"},"canonical":"https:\/\/techmasterdemexico.com\/producto\/llave-dinamometrica-de-trinquete-fija-ajustable-tipo-clic-sae-con-accionamiento-de-3-8-20-100-ft-lb\/","og_locale":"en_US","og_type":"article","og_title":"Llave dinamom\u00e9trica de trinquete fija ajustable tipo clic SAE con accionamiento de 3\/8 \"(20-100 ft-lb) - Techmaster de Mexico","og_description":"El dise\u00f1o de trinquete con tecnolog\u00eda Dual 80\u00ae cuenta con un engranaje de 80 dientes con dos trinquetes  La cabeza de trinquete sellada evita la entrada de suciedad y humedad, mientras que pr\u00e1cticamente no necesita mantenimiento  Escala marcada en rollo para una mejor visibilidad y permanencia  El arco de giro reducido permite al t\u00e9cnico utilizarlo en \u00e1reas m\u00e1s estrechas, como los compartimentos del motor, lo que ofrece un espacio libre mejorado en general.  Precisi\u00f3n de \u00b1 4% en el sentido de las agujas del reloj y \u00b1 6% en sentido contrario a las agujas del reloj desde el 20% de la escala completa a la escala completa  El dise\u00f1o exclusivo de la leva minimiza la fricci\u00f3n debido a la reducci\u00f3n del \u00e1rea de contacto entre la leva y la pared interna del tubo.  La leva retiene y libera lubricante donde sea necesario, reduciendo la fricci\u00f3n para obtener valores de torque m\u00e1s precisos y repetibles  Empaquetado con certificado de calibraci\u00f3n  Rendimiento resistente y sin problemas","og_url":"https:\/\/techmasterdemexico.com\/producto\/llave-dinamometrica-de-trinquete-fija-ajustable-tipo-clic-sae-con-accionamiento-de-3-8-20-100-ft-lb\/","og_site_name":"Techmaster de Mexico","article_modified_time":"2025-06-26T19:39:14+00:00","og_image":[{"width":500,"height":500,"url":"https:\/\/techmasterdemexico.com\/wp-content\/uploads\/2021\/07\/QD2R100A-1.png","type":"image\/png"}],"twitter_card":"summary_large_image","schema":{"@context":"https:\/\/schema.org","@graph":[{"@type":"WebPage","@id":"https:\/\/techmasterdemexico.com\/producto\/llave-dinamometrica-de-trinquete-fija-ajustable-tipo-clic-sae-con-accionamiento-de-3-8-20-100-ft-lb\/","url":"https:\/\/techmasterdemexico.com\/producto\/llave-dinamometrica-de-trinquete-fija-ajustable-tipo-clic-sae-con-accionamiento-de-3-8-20-100-ft-lb\/","name":"Llave dinamom\u00e9trica de trinquete fija ajustable tipo clic SAE con accionamiento de 3\/8 \"(20-100 ft-lb) - Techmaster de Mexico","isPartOf":{"@id":"https:\/\/techmasterdemexico.com\/#website"},"primaryImageOfPage":{"@id":"https:\/\/techmasterdemexico.com\/producto\/llave-dinamometrica-de-trinquete-fija-ajustable-tipo-clic-sae-con-accionamiento-de-3-8-20-100-ft-lb\/#primaryimage"},"image":{"@id":"https:\/\/techmasterdemexico.com\/producto\/llave-dinamometrica-de-trinquete-fija-ajustable-tipo-clic-sae-con-accionamiento-de-3-8-20-100-ft-lb\/#primaryimage"},"thumbnailUrl":"https:\/\/techmasterdemexico.com\/wp-content\/uploads\/2021\/07\/QD2R100A-1.png","datePublished":"2021-07-24T03:16:17+00:00","dateModified":"2025-06-26T19:39:14+00:00","breadcrumb":{"@id":"https:\/\/techmasterdemexico.com\/producto\/llave-dinamometrica-de-trinquete-fija-ajustable-tipo-clic-sae-con-accionamiento-de-3-8-20-100-ft-lb\/#breadcrumb"},"inLanguage":"en-US","potentialAction":[{"@type":"ReadAction","target":["https:\/\/techmasterdemexico.com\/producto\/llave-dinamometrica-de-trinquete-fija-ajustable-tipo-clic-sae-con-accionamiento-de-3-8-20-100-ft-lb\/"]}]},{"@type":"ImageObject","inLanguage":"en-US","@id":"https:\/\/techmasterdemexico.com\/producto\/llave-dinamometrica-de-trinquete-fija-ajustable-tipo-clic-sae-con-accionamiento-de-3-8-20-100-ft-lb\/#primaryimage","url":"https:\/\/techmasterdemexico.com\/wp-content\/uploads\/2021\/07\/QD2R100A-1.png","contentUrl":"https:\/\/techmasterdemexico.com\/wp-content\/uploads\/2021\/07\/QD2R100A-1.png","width":500,"height":500},{"@type":"BreadcrumbList","@id":"https:\/\/techmasterdemexico.com\/producto\/llave-dinamometrica-de-trinquete-fija-ajustable-tipo-clic-sae-con-accionamiento-de-3-8-20-100-ft-lb\/#breadcrumb","itemListElement":[{"@type":"ListItem","position":1,"name":"Portada","item":"https:\/\/techmasterdemexico.com\/"},{"@type":"ListItem","position":2,"name":"Llave dinamom\u00e9trica de trinquete fija ajustable tipo clic SAE con accionamiento de 3\/8 \u00ab(20-100 ft-lb)"}]},{"@type":"WebSite","@id":"https:\/\/techmasterdemexico.com\/#website","url":"https:\/\/techmasterdemexico.com\/","name":"Techmaster de Mexico","description":"","potentialAction":[{"@type":"SearchAction","target":{"@type":"EntryPoint","urlTemplate":"https:\/\/techmasterdemexico.com\/?s={search_term_string}"},"query-input":{"@type":"PropertyValueSpecification","valueRequired":true,"valueName":"search_term_string"}}],"inLanguage":"en-US"}]}},"brands":[{"id":98,"name":"Snap On","slug":"snap-on"}],"_links":{"self":[{"href":"https:\/\/techmasterdemexico.com\/en\/wp-json\/wp\/v2\/product\/7836","targetHints":{"allow":["GET"]}}],"collection":[{"href":"https:\/\/techmasterdemexico.com\/en\/wp-json\/wp\/v2\/product"}],"about":[{"href":"https:\/\/techmasterdemexico.com\/en\/wp-json\/wp\/v2\/types\/product"}],"wp:featuredmedia":[{"embeddable":true,"href":"https:\/\/techmasterdemexico.com\/en\/wp-json\/wp\/v2\/media\/8342"}],"wp:attachment":[{"href":"https:\/\/techmasterdemexico.com\/en\/wp-json\/wp\/v2\/media?parent=7836"}],"wp:term":[{"taxonomy":"pwb-brand","embeddable":true,"href":"https:\/\/techmasterdemexico.com\/en\/wp-json\/wp\/v2\/pwb-brand?post=7836"},{"taxonomy":"product_brand","embeddable":true,"href":"https:\/\/techmasterdemexico.com\/en\/wp-json\/wp\/v2\/product_brand?post=7836"},{"taxonomy":"product_cat","embeddable":true,"href":"https:\/\/techmasterdemexico.com\/en\/wp-json\/wp\/v2\/product_cat?post=7836"},{"taxonomy":"product_tag","embeddable":true,"href":"https:\/\/techmasterdemexico.com\/en\/wp-json\/wp\/v2\/product_tag?post=7836"}],"curies":[{"name":"wp","href":"https:\/\/api.w.org\/{rel}","templated":true}]}}