{"id":7835,"date":"2021-07-23T20:16:17","date_gmt":"2021-07-24T03:16:17","guid":{"rendered":"http:\/\/techmastermx.ddns.net\/producto\/destornillador-dinamometrico-ajustable\/"},"modified":"2025-06-26T12:39:57","modified_gmt":"2025-06-26T19:39:57","slug":"destornillador-dinamometrico-ajustable","status":"publish","type":"product","link":"https:\/\/techmasterdemexico.com\/en\/producto\/destornillador-dinamometrico-ajustable\/","title":{"rendered":"Destornillador dinamom\u00e9trico ajustable"},"content":{"rendered":"<p>Herramienta ideal para ensamblajes de bajo torque, aplicaciones de precisi\u00f3n y trabajos en el tablero \/ debajo del tablero en la mayor\u00eda de los veh\u00edculos nacionales e importados<\/p>\n","protected":false},"excerpt":{"rendered":"<ul>\n<li>Herramienta ideal para ensamblajes de bajo torque, aplicaciones de precisi\u00f3n y trabajos en el tablero \/ debajo del tablero en la mayor\u00eda de los veh\u00edculos nacionales e importados<\/li>\n<li>El destornillador acepta todas las puntas de destornillador hexagonal est\u00e1ndar de 1\/4 &#8220;<\/li>\n<li>Ruedas libres de embrague limitador de torque con leva de 90 \u00b0 cuando se alcanza el torque establecido<\/li>\n<li>La precisi\u00f3n es de \u00b1 6% del 20 al 100% de la escala completa en el sentido de las agujas del reloj<\/li>\n<li>Construcci\u00f3n liviana y resistente con cuerpo de aluminio con v\u00e1stago de acero<\/li>\n<li>C\u00f3moda empu\u00f1adura ergon\u00f3mica de tres l\u00f3bulos y retenci\u00f3n magn\u00e9tica de la broca<\/li>\n<li>El cuerpo texturizado proporciona un agarre antideslizante<\/li>\n<\/ul>\n","protected":false},"featured_media":8354,"template":"","meta":{"_acf_changed":false},"pwb-brand":[98],"product_brand":[],"product_cat":[366,68,48],"product_tag":[],"class_list":{"0":"post-7835","1":"product","2":"type-product","3":"status-publish","4":"has-post-thumbnail","6":"pwb-brand-snap-on","7":"product_cat-todos-los-productos","8":"product_cat-herramientas-de-torsion","9":"product_cat-snap-on","11":"first","12":"instock","13":"taxable","14":"shipping-taxable","15":"purchasable","16":"product-type-simple"},"acf":[],"yoast_head":"<!-- This site is optimized with the Yoast SEO plugin v27.4 - https:\/\/yoast.com\/product\/yoast-seo-wordpress\/ -->\n<title>Destornillador dinamom\u00e9trico ajustable - Techmaster de Mexico<\/title>\n<meta name=\"robots\" content=\"index, follow, max-snippet:-1, max-image-preview:large, max-video-preview:-1\" \/>\n<link rel=\"canonical\" href=\"https:\/\/techmasterdemexico.com\/producto\/destornillador-dinamometrico-ajustable\/\" \/>\n<meta property=\"og:locale\" content=\"en_US\" \/>\n<meta property=\"og:type\" content=\"article\" \/>\n<meta property=\"og:title\" content=\"Destornillador dinamom\u00e9trico ajustable - Techmaster de Mexico\" \/>\n<meta property=\"og:description\" content=\"Herramienta ideal para ensamblajes de bajo torque, aplicaciones de precisi\u00f3n y trabajos en el tablero \/ debajo del tablero en la mayor\u00eda de los veh\u00edculos nacionales e importados  El destornillador acepta todas las puntas de destornillador hexagonal est\u00e1ndar de 1\/4 &quot;  Ruedas libres de embrague limitador de torque con leva de 90 \u00b0 cuando se alcanza el torque establecido  La precisi\u00f3n es de \u00b1 6% del 20 al 100% de la escala completa en el sentido de las agujas del reloj  Construcci\u00f3n liviana y resistente con cuerpo de aluminio con v\u00e1stago de acero  C\u00f3moda empu\u00f1adura ergon\u00f3mica de tres l\u00f3bulos y retenci\u00f3n magn\u00e9tica de la broca  El cuerpo texturizado proporciona un agarre antideslizante\" \/>\n<meta property=\"og:url\" content=\"https:\/\/techmasterdemexico.com\/producto\/destornillador-dinamometrico-ajustable\/\" \/>\n<meta property=\"og:site_name\" content=\"Techmaster de Mexico\" \/>\n<meta property=\"article:modified_time\" content=\"2025-06-26T19:39:57+00:00\" \/>\n<meta property=\"og:image\" content=\"https:\/\/techmasterdemexico.com\/wp-content\/uploads\/2021\/07\/QDRIVER2-1.png\" \/>\n\t<meta property=\"og:image:width\" content=\"500\" \/>\n\t<meta property=\"og:image:height\" content=\"500\" \/>\n\t<meta property=\"og:image:type\" content=\"image\/png\" \/>\n<meta name=\"twitter:card\" content=\"summary_large_image\" \/>\n<script type=\"application\/ld+json\" class=\"yoast-schema-graph\">{\"@context\":\"https:\\\/\\\/schema.org\",\"@graph\":[{\"@type\":\"WebPage\",\"@id\":\"https:\\\/\\\/techmasterdemexico.com\\\/producto\\\/destornillador-dinamometrico-ajustable\\\/\",\"url\":\"https:\\\/\\\/techmasterdemexico.com\\\/producto\\\/destornillador-dinamometrico-ajustable\\\/\",\"name\":\"Destornillador dinamom\u00e9trico ajustable - Techmaster de Mexico\",\"isPartOf\":{\"@id\":\"https:\\\/\\\/techmasterdemexico.com\\\/#website\"},\"primaryImageOfPage\":{\"@id\":\"https:\\\/\\\/techmasterdemexico.com\\\/producto\\\/destornillador-dinamometrico-ajustable\\\/#primaryimage\"},\"image\":{\"@id\":\"https:\\\/\\\/techmasterdemexico.com\\\/producto\\\/destornillador-dinamometrico-ajustable\\\/#primaryimage\"},\"thumbnailUrl\":\"https:\\\/\\\/techmasterdemexico.com\\\/wp-content\\\/uploads\\\/2021\\\/07\\\/QDRIVER2-1.png\",\"datePublished\":\"2021-07-24T03:16:17+00:00\",\"dateModified\":\"2025-06-26T19:39:57+00:00\",\"breadcrumb\":{\"@id\":\"https:\\\/\\\/techmasterdemexico.com\\\/producto\\\/destornillador-dinamometrico-ajustable\\\/#breadcrumb\"},\"inLanguage\":\"en-US\",\"potentialAction\":[{\"@type\":\"ReadAction\",\"target\":[\"https:\\\/\\\/techmasterdemexico.com\\\/producto\\\/destornillador-dinamometrico-ajustable\\\/\"]}]},{\"@type\":\"ImageObject\",\"inLanguage\":\"en-US\",\"@id\":\"https:\\\/\\\/techmasterdemexico.com\\\/producto\\\/destornillador-dinamometrico-ajustable\\\/#primaryimage\",\"url\":\"https:\\\/\\\/techmasterdemexico.com\\\/wp-content\\\/uploads\\\/2021\\\/07\\\/QDRIVER2-1.png\",\"contentUrl\":\"https:\\\/\\\/techmasterdemexico.com\\\/wp-content\\\/uploads\\\/2021\\\/07\\\/QDRIVER2-1.png\",\"width\":500,\"height\":500},{\"@type\":\"BreadcrumbList\",\"@id\":\"https:\\\/\\\/techmasterdemexico.com\\\/producto\\\/destornillador-dinamometrico-ajustable\\\/#breadcrumb\",\"itemListElement\":[{\"@type\":\"ListItem\",\"position\":1,\"name\":\"Portada\",\"item\":\"https:\\\/\\\/techmasterdemexico.com\\\/\"},{\"@type\":\"ListItem\",\"position\":2,\"name\":\"Destornillador dinamom\u00e9trico ajustable\"}]},{\"@type\":\"WebSite\",\"@id\":\"https:\\\/\\\/techmasterdemexico.com\\\/#website\",\"url\":\"https:\\\/\\\/techmasterdemexico.com\\\/\",\"name\":\"Techmaster de Mexico\",\"description\":\"\",\"potentialAction\":[{\"@type\":\"SearchAction\",\"target\":{\"@type\":\"EntryPoint\",\"urlTemplate\":\"https:\\\/\\\/techmasterdemexico.com\\\/?s={search_term_string}\"},\"query-input\":{\"@type\":\"PropertyValueSpecification\",\"valueRequired\":true,\"valueName\":\"search_term_string\"}}],\"inLanguage\":\"en-US\"}]}<\/script>\n<!-- \/ Yoast SEO plugin. -->","yoast_head_json":{"title":"Destornillador dinamom\u00e9trico ajustable - Techmaster de Mexico","robots":{"index":"index","follow":"follow","max-snippet":"max-snippet:-1","max-image-preview":"max-image-preview:large","max-video-preview":"max-video-preview:-1"},"canonical":"https:\/\/techmasterdemexico.com\/producto\/destornillador-dinamometrico-ajustable\/","og_locale":"en_US","og_type":"article","og_title":"Destornillador dinamom\u00e9trico ajustable - Techmaster de Mexico","og_description":"Herramienta ideal para ensamblajes de bajo torque, aplicaciones de precisi\u00f3n y trabajos en el tablero \/ debajo del tablero en la mayor\u00eda de los veh\u00edculos nacionales e importados  El destornillador acepta todas las puntas de destornillador hexagonal est\u00e1ndar de 1\/4 \"  Ruedas libres de embrague limitador de torque con leva de 90 \u00b0 cuando se alcanza el torque establecido  La precisi\u00f3n es de \u00b1 6% del 20 al 100% de la escala completa en el sentido de las agujas del reloj  Construcci\u00f3n liviana y resistente con cuerpo de aluminio con v\u00e1stago de acero  C\u00f3moda empu\u00f1adura ergon\u00f3mica de tres l\u00f3bulos y retenci\u00f3n magn\u00e9tica de la broca  El cuerpo texturizado proporciona un agarre antideslizante","og_url":"https:\/\/techmasterdemexico.com\/producto\/destornillador-dinamometrico-ajustable\/","og_site_name":"Techmaster de Mexico","article_modified_time":"2025-06-26T19:39:57+00:00","og_image":[{"width":500,"height":500,"url":"https:\/\/techmasterdemexico.com\/wp-content\/uploads\/2021\/07\/QDRIVER2-1.png","type":"image\/png"}],"twitter_card":"summary_large_image","schema":{"@context":"https:\/\/schema.org","@graph":[{"@type":"WebPage","@id":"https:\/\/techmasterdemexico.com\/producto\/destornillador-dinamometrico-ajustable\/","url":"https:\/\/techmasterdemexico.com\/producto\/destornillador-dinamometrico-ajustable\/","name":"Destornillador dinamom\u00e9trico ajustable - Techmaster de Mexico","isPartOf":{"@id":"https:\/\/techmasterdemexico.com\/#website"},"primaryImageOfPage":{"@id":"https:\/\/techmasterdemexico.com\/producto\/destornillador-dinamometrico-ajustable\/#primaryimage"},"image":{"@id":"https:\/\/techmasterdemexico.com\/producto\/destornillador-dinamometrico-ajustable\/#primaryimage"},"thumbnailUrl":"https:\/\/techmasterdemexico.com\/wp-content\/uploads\/2021\/07\/QDRIVER2-1.png","datePublished":"2021-07-24T03:16:17+00:00","dateModified":"2025-06-26T19:39:57+00:00","breadcrumb":{"@id":"https:\/\/techmasterdemexico.com\/producto\/destornillador-dinamometrico-ajustable\/#breadcrumb"},"inLanguage":"en-US","potentialAction":[{"@type":"ReadAction","target":["https:\/\/techmasterdemexico.com\/producto\/destornillador-dinamometrico-ajustable\/"]}]},{"@type":"ImageObject","inLanguage":"en-US","@id":"https:\/\/techmasterdemexico.com\/producto\/destornillador-dinamometrico-ajustable\/#primaryimage","url":"https:\/\/techmasterdemexico.com\/wp-content\/uploads\/2021\/07\/QDRIVER2-1.png","contentUrl":"https:\/\/techmasterdemexico.com\/wp-content\/uploads\/2021\/07\/QDRIVER2-1.png","width":500,"height":500},{"@type":"BreadcrumbList","@id":"https:\/\/techmasterdemexico.com\/producto\/destornillador-dinamometrico-ajustable\/#breadcrumb","itemListElement":[{"@type":"ListItem","position":1,"name":"Portada","item":"https:\/\/techmasterdemexico.com\/"},{"@type":"ListItem","position":2,"name":"Destornillador dinamom\u00e9trico ajustable"}]},{"@type":"WebSite","@id":"https:\/\/techmasterdemexico.com\/#website","url":"https:\/\/techmasterdemexico.com\/","name":"Techmaster de Mexico","description":"","potentialAction":[{"@type":"SearchAction","target":{"@type":"EntryPoint","urlTemplate":"https:\/\/techmasterdemexico.com\/?s={search_term_string}"},"query-input":{"@type":"PropertyValueSpecification","valueRequired":true,"valueName":"search_term_string"}}],"inLanguage":"en-US"}]}},"brands":[{"id":98,"name":"Snap On","slug":"snap-on"}],"_links":{"self":[{"href":"https:\/\/techmasterdemexico.com\/en\/wp-json\/wp\/v2\/product\/7835","targetHints":{"allow":["GET"]}}],"collection":[{"href":"https:\/\/techmasterdemexico.com\/en\/wp-json\/wp\/v2\/product"}],"about":[{"href":"https:\/\/techmasterdemexico.com\/en\/wp-json\/wp\/v2\/types\/product"}],"wp:featuredmedia":[{"embeddable":true,"href":"https:\/\/techmasterdemexico.com\/en\/wp-json\/wp\/v2\/media\/8354"}],"wp:attachment":[{"href":"https:\/\/techmasterdemexico.com\/en\/wp-json\/wp\/v2\/media?parent=7835"}],"wp:term":[{"taxonomy":"pwb-brand","embeddable":true,"href":"https:\/\/techmasterdemexico.com\/en\/wp-json\/wp\/v2\/pwb-brand?post=7835"},{"taxonomy":"product_brand","embeddable":true,"href":"https:\/\/techmasterdemexico.com\/en\/wp-json\/wp\/v2\/product_brand?post=7835"},{"taxonomy":"product_cat","embeddable":true,"href":"https:\/\/techmasterdemexico.com\/en\/wp-json\/wp\/v2\/product_cat?post=7835"},{"taxonomy":"product_tag","embeddable":true,"href":"https:\/\/techmasterdemexico.com\/en\/wp-json\/wp\/v2\/product_tag?post=7835"}],"curies":[{"name":"wp","href":"https:\/\/api.w.org\/{rel}","templated":true}]}}