{"id":7834,"date":"2021-07-23T20:16:16","date_gmt":"2021-07-24T03:16:16","guid":{"rendered":"http:\/\/techmastermx.ddns.net\/producto\/destornillador-de-torque-preestablecido\/"},"modified":"2025-06-26T12:39:37","modified_gmt":"2025-06-26T19:39:37","slug":"destornillador-de-torque-preestablecido","status":"publish","type":"product","link":"https:\/\/techmasterdemexico.com\/en\/producto\/destornillador-de-torque-preestablecido\/","title":{"rendered":"Destornillador de torque preestablecido"},"content":{"rendered":"<p>Destornilladores de par preestablecido\/\u00b16% de precisi\u00f3n, ideal  para montajes de bajo par y aplicaciones de precisi\u00f3n<\/p>\n","protected":false},"excerpt":{"rendered":"<ul>\n<li>Destornillador dinamom\u00e9trico preestablecido de 4-40 in-lb<\/li>\n<li>El cuerpo texturizado proporciona un agarre antideslizante<\/li>\n<li>Al realizar el pedido, el usuario debe designar el par de torsi\u00f3n deseado para configurar<\/li>\n<li>Los destornilladores aceptan todas las puntas de destornillador hexagonales est\u00e1ndar de 1\/4&#8243;.<\/li>\n<li>Ruedas libres del embrague limitador de par de leva cuando se alcanza el par establecido<\/li>\n<li>La precisi\u00f3n es de \u00b16% desde el 20% al 100% de la escala completa en el sentido de las agujas del relojs\u00f3lo para todos los destornilladores de la serie<\/li>\n<li>Construcci\u00f3n ligera con cuerpo de aluminio anodizado rojo con v\u00e1stago de acero inoxidable<\/li>\n<li>C\u00f3moda empu\u00f1adura ergon\u00f3mica trilobular y retenci\u00f3n magn\u00e9tica de la broca<\/li>\n<\/ul>\n","protected":false},"featured_media":8353,"template":"","meta":{"_acf_changed":false},"pwb-brand":[98],"product_brand":[],"product_cat":[366,68,48],"product_tag":[],"class_list":{"0":"post-7834","1":"product","2":"type-product","3":"status-publish","4":"has-post-thumbnail","6":"pwb-brand-snap-on","7":"product_cat-todos-los-productos","8":"product_cat-herramientas-de-torsion","9":"product_cat-snap-on","11":"first","12":"outofstock","13":"taxable","14":"shipping-taxable","15":"purchasable","16":"product-type-simple"},"acf":[],"yoast_head":"<!-- This site is optimized with the Yoast SEO plugin v27.4 - https:\/\/yoast.com\/product\/yoast-seo-wordpress\/ -->\n<title>Destornillador de torque preestablecido - Techmaster de Mexico<\/title>\n<meta name=\"robots\" content=\"index, follow, max-snippet:-1, max-image-preview:large, max-video-preview:-1\" \/>\n<link rel=\"canonical\" href=\"https:\/\/techmasterdemexico.com\/producto\/destornillador-de-torque-preestablecido\/\" \/>\n<meta property=\"og:locale\" content=\"en_US\" \/>\n<meta property=\"og:type\" content=\"article\" \/>\n<meta property=\"og:title\" content=\"Destornillador de torque preestablecido - Techmaster de Mexico\" \/>\n<meta property=\"og:description\" content=\"[:es]  Destornillador dinamom\u00e9trico preestablecido de 4-40 in-lb  El cuerpo texturizado proporciona un agarre antideslizante  Al realizar el pedido, el usuario debe designar el par de torsi\u00f3n deseado para configurar  Los destornilladores aceptan todas las puntas de destornillador hexagonales est\u00e1ndar de 1\/4&quot;.  Ruedas libres del embrague limitador de par de leva cuando se alcanza el par establecido  La precisi\u00f3n es de \u00b16% desde el 20% al 100% de la escala completa en el sentido de las agujas del relojs\u00f3lo para todos los destornilladores de la serie  Construcci\u00f3n ligera con cuerpo de aluminio anodizado rojo con v\u00e1stago de acero inoxidable  C\u00f3moda empu\u00f1adura ergon\u00f3mica trilobular y retenci\u00f3n magn\u00e9tica de la broca  &nbsp; [:en]  Destornillador dinamom\u00e9trico preestablecido de 4-40 in-lb  El cuerpo texturizado proporciona un agarre antideslizante  Al realizar el pedido, el usuario debe designar el par de torsi\u00f3n deseado para configurar  Los destornilladores aceptan todas las puntas de destornillador hexagonales est\u00e1ndar de 1\/4&quot;.  Ruedas libres del embrague limitador de par de leva cuando se alcanza el par establecido  La precisi\u00f3n es de \u00b16% desde el 20% al 100% de la escala completa en el sentido de las agujas del relojs\u00f3lo para todos los destornilladores de la serie  Construcci\u00f3n ligera con cuerpo de aluminio anodizado rojo con v\u00e1stago de acero inoxidable  C\u00f3moda empu\u00f1adura ergon\u00f3mica trilobular y retenci\u00f3n magn\u00e9tica de la broca [:]\" \/>\n<meta property=\"og:url\" content=\"https:\/\/techmasterdemexico.com\/producto\/destornillador-de-torque-preestablecido\/\" \/>\n<meta property=\"og:site_name\" content=\"Techmaster de Mexico\" \/>\n<meta property=\"article:modified_time\" content=\"2025-06-26T19:39:37+00:00\" \/>\n<meta property=\"og:image\" content=\"https:\/\/techmasterdemexico.com\/wp-content\/uploads\/2021\/07\/QDRIVER4P-1.png\" \/>\n\t<meta property=\"og:image:width\" content=\"500\" \/>\n\t<meta property=\"og:image:height\" content=\"500\" \/>\n\t<meta property=\"og:image:type\" content=\"image\/png\" \/>\n<meta name=\"twitter:card\" content=\"summary_large_image\" \/>\n<script type=\"application\/ld+json\" class=\"yoast-schema-graph\">{\"@context\":\"https:\\\/\\\/schema.org\",\"@graph\":[{\"@type\":\"WebPage\",\"@id\":\"https:\\\/\\\/techmasterdemexico.com\\\/producto\\\/destornillador-de-torque-preestablecido\\\/\",\"url\":\"https:\\\/\\\/techmasterdemexico.com\\\/producto\\\/destornillador-de-torque-preestablecido\\\/\",\"name\":\"Destornillador de torque preestablecido - Techmaster de Mexico\",\"isPartOf\":{\"@id\":\"https:\\\/\\\/techmasterdemexico.com\\\/#website\"},\"primaryImageOfPage\":{\"@id\":\"https:\\\/\\\/techmasterdemexico.com\\\/producto\\\/destornillador-de-torque-preestablecido\\\/#primaryimage\"},\"image\":{\"@id\":\"https:\\\/\\\/techmasterdemexico.com\\\/producto\\\/destornillador-de-torque-preestablecido\\\/#primaryimage\"},\"thumbnailUrl\":\"https:\\\/\\\/techmasterdemexico.com\\\/wp-content\\\/uploads\\\/2021\\\/07\\\/QDRIVER4P-1.png\",\"datePublished\":\"2021-07-24T03:16:16+00:00\",\"dateModified\":\"2025-06-26T19:39:37+00:00\",\"breadcrumb\":{\"@id\":\"https:\\\/\\\/techmasterdemexico.com\\\/producto\\\/destornillador-de-torque-preestablecido\\\/#breadcrumb\"},\"inLanguage\":\"en-US\",\"potentialAction\":[{\"@type\":\"ReadAction\",\"target\":[\"https:\\\/\\\/techmasterdemexico.com\\\/producto\\\/destornillador-de-torque-preestablecido\\\/\"]}]},{\"@type\":\"ImageObject\",\"inLanguage\":\"en-US\",\"@id\":\"https:\\\/\\\/techmasterdemexico.com\\\/producto\\\/destornillador-de-torque-preestablecido\\\/#primaryimage\",\"url\":\"https:\\\/\\\/techmasterdemexico.com\\\/wp-content\\\/uploads\\\/2021\\\/07\\\/QDRIVER4P-1.png\",\"contentUrl\":\"https:\\\/\\\/techmasterdemexico.com\\\/wp-content\\\/uploads\\\/2021\\\/07\\\/QDRIVER4P-1.png\",\"width\":500,\"height\":500},{\"@type\":\"BreadcrumbList\",\"@id\":\"https:\\\/\\\/techmasterdemexico.com\\\/producto\\\/destornillador-de-torque-preestablecido\\\/#breadcrumb\",\"itemListElement\":[{\"@type\":\"ListItem\",\"position\":1,\"name\":\"Portada\",\"item\":\"https:\\\/\\\/techmasterdemexico.com\\\/\"},{\"@type\":\"ListItem\",\"position\":2,\"name\":\"Destornillador de torque preestablecido\"}]},{\"@type\":\"WebSite\",\"@id\":\"https:\\\/\\\/techmasterdemexico.com\\\/#website\",\"url\":\"https:\\\/\\\/techmasterdemexico.com\\\/\",\"name\":\"Techmaster de Mexico\",\"description\":\"\",\"potentialAction\":[{\"@type\":\"SearchAction\",\"target\":{\"@type\":\"EntryPoint\",\"urlTemplate\":\"https:\\\/\\\/techmasterdemexico.com\\\/?s={search_term_string}\"},\"query-input\":{\"@type\":\"PropertyValueSpecification\",\"valueRequired\":true,\"valueName\":\"search_term_string\"}}],\"inLanguage\":\"en-US\"}]}<\/script>\n<!-- \/ Yoast SEO plugin. -->","yoast_head_json":{"title":"Destornillador de torque preestablecido - Techmaster de Mexico","robots":{"index":"index","follow":"follow","max-snippet":"max-snippet:-1","max-image-preview":"max-image-preview:large","max-video-preview":"max-video-preview:-1"},"canonical":"https:\/\/techmasterdemexico.com\/producto\/destornillador-de-torque-preestablecido\/","og_locale":"en_US","og_type":"article","og_title":"Destornillador de torque preestablecido - Techmaster de Mexico","og_description":"[:es]  Destornillador dinamom\u00e9trico preestablecido de 4-40 in-lb  El cuerpo texturizado proporciona un agarre antideslizante  Al realizar el pedido, el usuario debe designar el par de torsi\u00f3n deseado para configurar  Los destornilladores aceptan todas las puntas de destornillador hexagonales est\u00e1ndar de 1\/4\".  Ruedas libres del embrague limitador de par de leva cuando se alcanza el par establecido  La precisi\u00f3n es de \u00b16% desde el 20% al 100% de la escala completa en el sentido de las agujas del relojs\u00f3lo para todos los destornilladores de la serie  Construcci\u00f3n ligera con cuerpo de aluminio anodizado rojo con v\u00e1stago de acero inoxidable  C\u00f3moda empu\u00f1adura ergon\u00f3mica trilobular y retenci\u00f3n magn\u00e9tica de la broca  &nbsp; [:en]  Destornillador dinamom\u00e9trico preestablecido de 4-40 in-lb  El cuerpo texturizado proporciona un agarre antideslizante  Al realizar el pedido, el usuario debe designar el par de torsi\u00f3n deseado para configurar  Los destornilladores aceptan todas las puntas de destornillador hexagonales est\u00e1ndar de 1\/4\".  Ruedas libres del embrague limitador de par de leva cuando se alcanza el par establecido  La precisi\u00f3n es de \u00b16% desde el 20% al 100% de la escala completa en el sentido de las agujas del relojs\u00f3lo para todos los destornilladores de la serie  Construcci\u00f3n ligera con cuerpo de aluminio anodizado rojo con v\u00e1stago de acero inoxidable  C\u00f3moda empu\u00f1adura ergon\u00f3mica trilobular y retenci\u00f3n magn\u00e9tica de la broca [:]","og_url":"https:\/\/techmasterdemexico.com\/producto\/destornillador-de-torque-preestablecido\/","og_site_name":"Techmaster de Mexico","article_modified_time":"2025-06-26T19:39:37+00:00","og_image":[{"width":500,"height":500,"url":"https:\/\/techmasterdemexico.com\/wp-content\/uploads\/2021\/07\/QDRIVER4P-1.png","type":"image\/png"}],"twitter_card":"summary_large_image","schema":{"@context":"https:\/\/schema.org","@graph":[{"@type":"WebPage","@id":"https:\/\/techmasterdemexico.com\/producto\/destornillador-de-torque-preestablecido\/","url":"https:\/\/techmasterdemexico.com\/producto\/destornillador-de-torque-preestablecido\/","name":"Destornillador de torque preestablecido - Techmaster de Mexico","isPartOf":{"@id":"https:\/\/techmasterdemexico.com\/#website"},"primaryImageOfPage":{"@id":"https:\/\/techmasterdemexico.com\/producto\/destornillador-de-torque-preestablecido\/#primaryimage"},"image":{"@id":"https:\/\/techmasterdemexico.com\/producto\/destornillador-de-torque-preestablecido\/#primaryimage"},"thumbnailUrl":"https:\/\/techmasterdemexico.com\/wp-content\/uploads\/2021\/07\/QDRIVER4P-1.png","datePublished":"2021-07-24T03:16:16+00:00","dateModified":"2025-06-26T19:39:37+00:00","breadcrumb":{"@id":"https:\/\/techmasterdemexico.com\/producto\/destornillador-de-torque-preestablecido\/#breadcrumb"},"inLanguage":"en-US","potentialAction":[{"@type":"ReadAction","target":["https:\/\/techmasterdemexico.com\/producto\/destornillador-de-torque-preestablecido\/"]}]},{"@type":"ImageObject","inLanguage":"en-US","@id":"https:\/\/techmasterdemexico.com\/producto\/destornillador-de-torque-preestablecido\/#primaryimage","url":"https:\/\/techmasterdemexico.com\/wp-content\/uploads\/2021\/07\/QDRIVER4P-1.png","contentUrl":"https:\/\/techmasterdemexico.com\/wp-content\/uploads\/2021\/07\/QDRIVER4P-1.png","width":500,"height":500},{"@type":"BreadcrumbList","@id":"https:\/\/techmasterdemexico.com\/producto\/destornillador-de-torque-preestablecido\/#breadcrumb","itemListElement":[{"@type":"ListItem","position":1,"name":"Portada","item":"https:\/\/techmasterdemexico.com\/"},{"@type":"ListItem","position":2,"name":"Destornillador de torque preestablecido"}]},{"@type":"WebSite","@id":"https:\/\/techmasterdemexico.com\/#website","url":"https:\/\/techmasterdemexico.com\/","name":"Techmaster de Mexico","description":"","potentialAction":[{"@type":"SearchAction","target":{"@type":"EntryPoint","urlTemplate":"https:\/\/techmasterdemexico.com\/?s={search_term_string}"},"query-input":{"@type":"PropertyValueSpecification","valueRequired":true,"valueName":"search_term_string"}}],"inLanguage":"en-US"}]}},"brands":[{"id":98,"name":"Snap On","slug":"snap-on"}],"_links":{"self":[{"href":"https:\/\/techmasterdemexico.com\/en\/wp-json\/wp\/v2\/product\/7834","targetHints":{"allow":["GET"]}}],"collection":[{"href":"https:\/\/techmasterdemexico.com\/en\/wp-json\/wp\/v2\/product"}],"about":[{"href":"https:\/\/techmasterdemexico.com\/en\/wp-json\/wp\/v2\/types\/product"}],"wp:featuredmedia":[{"embeddable":true,"href":"https:\/\/techmasterdemexico.com\/en\/wp-json\/wp\/v2\/media\/8353"}],"wp:attachment":[{"href":"https:\/\/techmasterdemexico.com\/en\/wp-json\/wp\/v2\/media?parent=7834"}],"wp:term":[{"taxonomy":"pwb-brand","embeddable":true,"href":"https:\/\/techmasterdemexico.com\/en\/wp-json\/wp\/v2\/pwb-brand?post=7834"},{"taxonomy":"product_brand","embeddable":true,"href":"https:\/\/techmasterdemexico.com\/en\/wp-json\/wp\/v2\/product_brand?post=7834"},{"taxonomy":"product_cat","embeddable":true,"href":"https:\/\/techmasterdemexico.com\/en\/wp-json\/wp\/v2\/product_cat?post=7834"},{"taxonomy":"product_tag","embeddable":true,"href":"https:\/\/techmasterdemexico.com\/en\/wp-json\/wp\/v2\/product_tag?post=7834"}],"curies":[{"name":"wp","href":"https:\/\/api.w.org\/{rel}","templated":true}]}}