{"id":7833,"date":"2021-07-23T20:16:16","date_gmt":"2021-07-24T03:16:16","guid":{"rendered":"http:\/\/techmastermx.ddns.net\/producto\/ctech-link-240-carraca-fija\/"},"modified":"2025-06-26T12:37:53","modified_gmt":"2025-06-26T19:37:53","slug":"ctech-link-240-carraca-fija","status":"publish","type":"product","link":"https:\/\/techmasterdemexico.com\/en\/producto\/ctech-link-240-carraca-fija\/","title":{"rendered":"CTECH LINK 240 Carraca fija"},"content":{"rendered":"<p>Ahora est\u00e1n disponibles en una gama m\u00e1s amplia de tama\u00f1os para todas las industrias, incluidos los nuevos modelos de 1\/4 &#8220;y 3\/4&#8221;. Unen par y \u00e1ngulo en un solo modo para proporcionar la forma m\u00e1s precisa y r\u00e1pida de lograr el torque mientras se aplica la secuencia de apriete en \u00e1ngulo correcto. Adem\u00e1s de las luces indicadoras LED, un pitido audible y la vibraci\u00f3n del mango le avisan cuando se alcanza el par objetivo.<\/p>\n","protected":false},"excerpt":{"rendered":"<ul>\n<li>Cuenta con preconfiguraciones de memoria bloqueables, programaci\u00f3n de secuencia,<br \/>\nseguimiento de datos con marca de tiempo y almacenamiento para 1.500 lecturas;<\/li>\n<li>Los indicadores multisensor incluyen una pantalla LCD retroiluminada f\u00e1cil de leer, luces<br \/>\nindicadoras LED, un pitido audible y vibraci\u00f3n del mango;<\/li>\n<li>Las luces indicadoras configurables de LED de doble lado brindan orientaci\u00f3n;<\/li>\n<li>Tecnolog\u00eda de trinquete Dual 80&#8243; m\u00e1s calibraci\u00f3n autom\u00e1tica incorporada;<\/li>\n<li>Rango utilizable del 5% al 100% de la capacidad nominal;<\/li>\n<li>Precisi\u00f3n del 5% al 19% de la capacidad nominal(+\/- 4.0% CW +\/- 6.0% CCW)<\/li>\n<li>+\/- 2% CW, +\/- 3% CCW, precisi\u00f3n de \u00e1ngulo de+\/- 1% de la lectura del 20% al 100% de la<br \/>\ncapacidad nominal y<\/li>\n<li>Garant\u00eda de 2 a\u00f1os<\/li>\n<\/ul>\n<p>&nbsp;<\/p>\n","protected":false},"featured_media":8321,"template":"","meta":{"_acf_changed":false},"pwb-brand":[98],"product_brand":[],"product_cat":[366,63,48],"product_tag":[],"class_list":{"0":"post-7833","1":"product","2":"type-product","3":"status-publish","4":"has-post-thumbnail","6":"pwb-brand-snap-on","7":"product_cat-todos-los-productos","8":"product_cat-destornilladores","9":"product_cat-snap-on","11":"first","12":"outofstock","13":"taxable","14":"shipping-taxable","15":"purchasable","16":"product-type-simple"},"acf":[],"yoast_head":"<!-- This site is optimized with the Yoast SEO plugin v27.4 - https:\/\/yoast.com\/product\/yoast-seo-wordpress\/ -->\n<title>CTECH LINK 240 Carraca fija - Techmaster de Mexico<\/title>\n<meta name=\"robots\" content=\"index, follow, max-snippet:-1, max-image-preview:large, max-video-preview:-1\" \/>\n<link rel=\"canonical\" href=\"https:\/\/techmasterdemexico.com\/producto\/ctech-link-240-carraca-fija\/\" \/>\n<meta property=\"og:locale\" content=\"en_US\" \/>\n<meta property=\"og:type\" content=\"article\" \/>\n<meta property=\"og:title\" content=\"CTECH LINK 240 Carraca fija - Techmaster de Mexico\" \/>\n<meta property=\"og:description\" content=\"[:es]  Cuenta con preconfiguraciones de memoria bloqueables, programaci\u00f3n de secuencia, seguimiento de datos con marca de tiempo y almacenamiento para 1.500 lecturas;  Los indicadores multisensor incluyen una pantalla LCD retroiluminada f\u00e1cil de leer, luces indicadoras LED, un pitido audible y vibraci\u00f3n del mango;  Las luces indicadoras configurables de LED de doble lado brindan orientaci\u00f3n;  Tecnolog\u00eda de trinquete Dual 80&quot; m\u00e1s calibraci\u00f3n autom\u00e1tica incorporada;  Rango utilizable del 5% al 100% de la capacidad nominal;  Precisi\u00f3n del 5% al 19% de la capacidad nominal(+\/- 4.0% CW +\/- 6.0% CCW)  +\/- 2% CW, +\/- 3% CCW, precisi\u00f3n de \u00e1ngulo de+\/- 1% de la lectura del 20% al 100% de la capacidad nominal y  Garant\u00eda de 2 a\u00f1os [:en]  Cuenta con preconfiguraciones de memoria bloqueables, programaci\u00f3n de secuencia, seguimiento de datos con marca de tiempo y almacenamiento para 1.500 lecturas;  Los indicadores multisensor incluyen una pantalla LCD retroiluminada f\u00e1cil de leer, luces indicadoras LED, un pitido audible y vibraci\u00f3n del mango;  Las luces indicadoras configurables de LED de doble lado brindan orientaci\u00f3n;  Tecnolog\u00eda de trinquete Dual 80&quot; m\u00e1s calibraci\u00f3n autom\u00e1tica incorporada;  Rango utilizable del 5% al 100% de la capacidad nominal;  Precisi\u00f3n del 5% al 19% de la capacidad nominal(+\/- 4.0% CW +\/- 6.0% CCW)  +\/- 2% CW, +\/- 3% CCW, precisi\u00f3n de \u00e1ngulo de+\/- 1% de la lectura del 20% al 100% de la capacidad nominal y  Garant\u00eda de 2 a\u00f1os  &nbsp;[:]\" \/>\n<meta property=\"og:url\" content=\"https:\/\/techmasterdemexico.com\/producto\/ctech-link-240-carraca-fija\/\" \/>\n<meta property=\"og:site_name\" content=\"Techmaster de Mexico\" \/>\n<meta property=\"article:modified_time\" content=\"2025-06-26T19:37:53+00:00\" \/>\n<meta property=\"og:image\" content=\"https:\/\/techmasterdemexico.com\/wp-content\/uploads\/2021\/07\/CTLNK1R240-1.png\" \/>\n\t<meta property=\"og:image:width\" content=\"500\" \/>\n\t<meta property=\"og:image:height\" content=\"500\" \/>\n\t<meta property=\"og:image:type\" content=\"image\/png\" \/>\n<meta name=\"twitter:card\" content=\"summary_large_image\" \/>\n<script type=\"application\/ld+json\" class=\"yoast-schema-graph\">{\"@context\":\"https:\\\/\\\/schema.org\",\"@graph\":[{\"@type\":\"WebPage\",\"@id\":\"https:\\\/\\\/techmasterdemexico.com\\\/producto\\\/ctech-link-240-carraca-fija\\\/\",\"url\":\"https:\\\/\\\/techmasterdemexico.com\\\/producto\\\/ctech-link-240-carraca-fija\\\/\",\"name\":\"CTECH LINK 240 Carraca fija - Techmaster de Mexico\",\"isPartOf\":{\"@id\":\"https:\\\/\\\/techmasterdemexico.com\\\/#website\"},\"primaryImageOfPage\":{\"@id\":\"https:\\\/\\\/techmasterdemexico.com\\\/producto\\\/ctech-link-240-carraca-fija\\\/#primaryimage\"},\"image\":{\"@id\":\"https:\\\/\\\/techmasterdemexico.com\\\/producto\\\/ctech-link-240-carraca-fija\\\/#primaryimage\"},\"thumbnailUrl\":\"https:\\\/\\\/techmasterdemexico.com\\\/wp-content\\\/uploads\\\/2021\\\/07\\\/CTLNK1R240-1.png\",\"datePublished\":\"2021-07-24T03:16:16+00:00\",\"dateModified\":\"2025-06-26T19:37:53+00:00\",\"breadcrumb\":{\"@id\":\"https:\\\/\\\/techmasterdemexico.com\\\/producto\\\/ctech-link-240-carraca-fija\\\/#breadcrumb\"},\"inLanguage\":\"en-US\",\"potentialAction\":[{\"@type\":\"ReadAction\",\"target\":[\"https:\\\/\\\/techmasterdemexico.com\\\/producto\\\/ctech-link-240-carraca-fija\\\/\"]}]},{\"@type\":\"ImageObject\",\"inLanguage\":\"en-US\",\"@id\":\"https:\\\/\\\/techmasterdemexico.com\\\/producto\\\/ctech-link-240-carraca-fija\\\/#primaryimage\",\"url\":\"https:\\\/\\\/techmasterdemexico.com\\\/wp-content\\\/uploads\\\/2021\\\/07\\\/CTLNK1R240-1.png\",\"contentUrl\":\"https:\\\/\\\/techmasterdemexico.com\\\/wp-content\\\/uploads\\\/2021\\\/07\\\/CTLNK1R240-1.png\",\"width\":500,\"height\":500},{\"@type\":\"BreadcrumbList\",\"@id\":\"https:\\\/\\\/techmasterdemexico.com\\\/producto\\\/ctech-link-240-carraca-fija\\\/#breadcrumb\",\"itemListElement\":[{\"@type\":\"ListItem\",\"position\":1,\"name\":\"Portada\",\"item\":\"https:\\\/\\\/techmasterdemexico.com\\\/\"},{\"@type\":\"ListItem\",\"position\":2,\"name\":\"CTECH LINK 240 Carraca fija\"}]},{\"@type\":\"WebSite\",\"@id\":\"https:\\\/\\\/techmasterdemexico.com\\\/#website\",\"url\":\"https:\\\/\\\/techmasterdemexico.com\\\/\",\"name\":\"Techmaster de Mexico\",\"description\":\"\",\"potentialAction\":[{\"@type\":\"SearchAction\",\"target\":{\"@type\":\"EntryPoint\",\"urlTemplate\":\"https:\\\/\\\/techmasterdemexico.com\\\/?s={search_term_string}\"},\"query-input\":{\"@type\":\"PropertyValueSpecification\",\"valueRequired\":true,\"valueName\":\"search_term_string\"}}],\"inLanguage\":\"en-US\"}]}<\/script>\n<!-- \/ Yoast SEO plugin. -->","yoast_head_json":{"title":"CTECH LINK 240 Carraca fija - Techmaster de Mexico","robots":{"index":"index","follow":"follow","max-snippet":"max-snippet:-1","max-image-preview":"max-image-preview:large","max-video-preview":"max-video-preview:-1"},"canonical":"https:\/\/techmasterdemexico.com\/producto\/ctech-link-240-carraca-fija\/","og_locale":"en_US","og_type":"article","og_title":"CTECH LINK 240 Carraca fija - Techmaster de Mexico","og_description":"[:es]  Cuenta con preconfiguraciones de memoria bloqueables, programaci\u00f3n de secuencia, seguimiento de datos con marca de tiempo y almacenamiento para 1.500 lecturas;  Los indicadores multisensor incluyen una pantalla LCD retroiluminada f\u00e1cil de leer, luces indicadoras LED, un pitido audible y vibraci\u00f3n del mango;  Las luces indicadoras configurables de LED de doble lado brindan orientaci\u00f3n;  Tecnolog\u00eda de trinquete Dual 80\" m\u00e1s calibraci\u00f3n autom\u00e1tica incorporada;  Rango utilizable del 5% al 100% de la capacidad nominal;  Precisi\u00f3n del 5% al 19% de la capacidad nominal(+\/- 4.0% CW +\/- 6.0% CCW)  +\/- 2% CW, +\/- 3% CCW, precisi\u00f3n de \u00e1ngulo de+\/- 1% de la lectura del 20% al 100% de la capacidad nominal y  Garant\u00eda de 2 a\u00f1os [:en]  Cuenta con preconfiguraciones de memoria bloqueables, programaci\u00f3n de secuencia, seguimiento de datos con marca de tiempo y almacenamiento para 1.500 lecturas;  Los indicadores multisensor incluyen una pantalla LCD retroiluminada f\u00e1cil de leer, luces indicadoras LED, un pitido audible y vibraci\u00f3n del mango;  Las luces indicadoras configurables de LED de doble lado brindan orientaci\u00f3n;  Tecnolog\u00eda de trinquete Dual 80\" m\u00e1s calibraci\u00f3n autom\u00e1tica incorporada;  Rango utilizable del 5% al 100% de la capacidad nominal;  Precisi\u00f3n del 5% al 19% de la capacidad nominal(+\/- 4.0% CW +\/- 6.0% CCW)  +\/- 2% CW, +\/- 3% CCW, precisi\u00f3n de \u00e1ngulo de+\/- 1% de la lectura del 20% al 100% de la capacidad nominal y  Garant\u00eda de 2 a\u00f1os  &nbsp;[:]","og_url":"https:\/\/techmasterdemexico.com\/producto\/ctech-link-240-carraca-fija\/","og_site_name":"Techmaster de Mexico","article_modified_time":"2025-06-26T19:37:53+00:00","og_image":[{"width":500,"height":500,"url":"https:\/\/techmasterdemexico.com\/wp-content\/uploads\/2021\/07\/CTLNK1R240-1.png","type":"image\/png"}],"twitter_card":"summary_large_image","schema":{"@context":"https:\/\/schema.org","@graph":[{"@type":"WebPage","@id":"https:\/\/techmasterdemexico.com\/producto\/ctech-link-240-carraca-fija\/","url":"https:\/\/techmasterdemexico.com\/producto\/ctech-link-240-carraca-fija\/","name":"CTECH LINK 240 Carraca fija - Techmaster de Mexico","isPartOf":{"@id":"https:\/\/techmasterdemexico.com\/#website"},"primaryImageOfPage":{"@id":"https:\/\/techmasterdemexico.com\/producto\/ctech-link-240-carraca-fija\/#primaryimage"},"image":{"@id":"https:\/\/techmasterdemexico.com\/producto\/ctech-link-240-carraca-fija\/#primaryimage"},"thumbnailUrl":"https:\/\/techmasterdemexico.com\/wp-content\/uploads\/2021\/07\/CTLNK1R240-1.png","datePublished":"2021-07-24T03:16:16+00:00","dateModified":"2025-06-26T19:37:53+00:00","breadcrumb":{"@id":"https:\/\/techmasterdemexico.com\/producto\/ctech-link-240-carraca-fija\/#breadcrumb"},"inLanguage":"en-US","potentialAction":[{"@type":"ReadAction","target":["https:\/\/techmasterdemexico.com\/producto\/ctech-link-240-carraca-fija\/"]}]},{"@type":"ImageObject","inLanguage":"en-US","@id":"https:\/\/techmasterdemexico.com\/producto\/ctech-link-240-carraca-fija\/#primaryimage","url":"https:\/\/techmasterdemexico.com\/wp-content\/uploads\/2021\/07\/CTLNK1R240-1.png","contentUrl":"https:\/\/techmasterdemexico.com\/wp-content\/uploads\/2021\/07\/CTLNK1R240-1.png","width":500,"height":500},{"@type":"BreadcrumbList","@id":"https:\/\/techmasterdemexico.com\/producto\/ctech-link-240-carraca-fija\/#breadcrumb","itemListElement":[{"@type":"ListItem","position":1,"name":"Portada","item":"https:\/\/techmasterdemexico.com\/"},{"@type":"ListItem","position":2,"name":"CTECH LINK 240 Carraca fija"}]},{"@type":"WebSite","@id":"https:\/\/techmasterdemexico.com\/#website","url":"https:\/\/techmasterdemexico.com\/","name":"Techmaster de Mexico","description":"","potentialAction":[{"@type":"SearchAction","target":{"@type":"EntryPoint","urlTemplate":"https:\/\/techmasterdemexico.com\/?s={search_term_string}"},"query-input":{"@type":"PropertyValueSpecification","valueRequired":true,"valueName":"search_term_string"}}],"inLanguage":"en-US"}]}},"brands":[{"id":98,"name":"Snap On","slug":"snap-on"}],"_links":{"self":[{"href":"https:\/\/techmasterdemexico.com\/en\/wp-json\/wp\/v2\/product\/7833","targetHints":{"allow":["GET"]}}],"collection":[{"href":"https:\/\/techmasterdemexico.com\/en\/wp-json\/wp\/v2\/product"}],"about":[{"href":"https:\/\/techmasterdemexico.com\/en\/wp-json\/wp\/v2\/types\/product"}],"wp:featuredmedia":[{"embeddable":true,"href":"https:\/\/techmasterdemexico.com\/en\/wp-json\/wp\/v2\/media\/8321"}],"wp:attachment":[{"href":"https:\/\/techmasterdemexico.com\/en\/wp-json\/wp\/v2\/media?parent=7833"}],"wp:term":[{"taxonomy":"pwb-brand","embeddable":true,"href":"https:\/\/techmasterdemexico.com\/en\/wp-json\/wp\/v2\/pwb-brand?post=7833"},{"taxonomy":"product_brand","embeddable":true,"href":"https:\/\/techmasterdemexico.com\/en\/wp-json\/wp\/v2\/product_brand?post=7833"},{"taxonomy":"product_cat","embeddable":true,"href":"https:\/\/techmasterdemexico.com\/en\/wp-json\/wp\/v2\/product_cat?post=7833"},{"taxonomy":"product_tag","embeddable":true,"href":"https:\/\/techmasterdemexico.com\/en\/wp-json\/wp\/v2\/product_tag?post=7833"}],"curies":[{"name":"wp","href":"https:\/\/api.w.org\/{rel}","templated":true}]}}