{"id":7830,"date":"2021-07-23T20:16:14","date_gmt":"2021-07-24T03:16:14","guid":{"rendered":"http:\/\/techmastermx.ddns.net\/producto\/llave-dinamometrica-de-cabeza-flexible-techangle-de-1-2-125-250-ft-lb-2\/"},"modified":"2025-06-26T12:37:56","modified_gmt":"2025-06-26T19:37:56","slug":"llave-dinamometrica-de-cabeza-flexible-techangle-de-1-2-125-250-ft-lb-2","status":"publish","type":"product","link":"https:\/\/techmasterdemexico.com\/en\/producto\/llave-dinamometrica-de-cabeza-flexible-techangle-de-1-2-125-250-ft-lb-2\/","title":{"rendered":"Llave dinamom\u00e9trica de cabeza flexible TechAngle\u00ae de 1\/2 \u201c(12,5-250 ft-lb)"},"content":{"rendered":"<ul>\n<li>Precisi\u00f3n de par: \u00b1 2% en sentido horario y \u00b1 3% en sentido antihorario, 20-100% de la escala completa<\/li>\n<li>Precisi\u00f3n de \u00e1ngulo: \u00b1 1% de lectura, \u00b1 1 \u00b0 a velocidad angular&gt; 10 \u00b0 \/ seg &lt;180 \u00b0 \/ seg<\/li>\n<li>Rango de \u00e1ngulo: 0\u2013360 \u00b0<\/li>\n<li>Seis modos de medici\u00f3n (ft-lb, in-lb, Nm, Kgcm, dNm, \u00e1ngulo)<\/li>\n<li>Los LED progresivos dobles permiten al usuario ver el par activo en varias posiciones de trabajo; permite al<br \/>\nusuario anticipar el par y reducir la velocidad a medida que se acercan al nivel de par deseado<\/li>\n<li>Contador de ciclos para asegurar cu\u00e1ntos sujetadores se han apretado.<br \/>\nprotegido con contactos de lat\u00f3n macizo evita que se aflojen accidentalmente y<br \/>\ngarantiza la continuidad<\/li>\n<li>Diez preajustes altamente configurables con la capacidad de personalizar numerosas funciones (modo de<br \/>\nsuspensi\u00f3n, pantalla LCD, calibraci\u00f3n, etc.) y almacenar hasta 50 registros<\/li>\n<li>Torque y luego \u00e1ngulo permite que el usuario apriete los sujetadores y luego cambie al \u00e1ngulo sin quitar la llave<br \/>\ndinamom\u00e9trica del sujetador<\/li>\n<li>Los n\u00fameros grandes de la pantalla LCD se vuelven m\u00e1s grandes y audaces durante el par activo, lo que facilita la<br \/>\nlectura durante el uso<\/li>\n<li>Cuatro modos de alerta (LCD, LED dual, audible, vibratorio)<\/li>\n<li>Cuenta con una funci\u00f3n de traducci\u00f3n interna que permite al usuario seleccionar un idioma para que se muestre en<br \/>\nla pantalla LCD (ingl\u00e9s, franc\u00e9s, alem\u00e1n o espa\u00f1ol)<\/li>\n<li>Bater\u00eda de larga duraci\u00f3n: 80 horas de uso continuo<\/li>\n<li>Utiliza (3) pilas alcalinas AA (incluidas)<\/li>\n<li>Garant\u00eda de dos a\u00f1os<\/li>\n<\/ul>\n","protected":false},"excerpt":{"rendered":"<p>Precisi\u00f3n de par: \u00b1 2% en sentido horario y \u00b1 3% en sentido antihorario, 20-100% de la escala completa Precisi\u00f3n de \u00e1ngulo: \u00b1 1% de lectura, \u00b1 1 \u00b0 a velocidad angular&gt; 10 \u00b0 \/ seg &lt;180 \u00b0 \/ seg Rango de \u00e1ngulo: 0\u2013360 \u00b0 Seis modos de medici\u00f3n (ft-lb, in-lb, Nm, Kgcm, dNm, \u00e1ngulo) [&hellip;]<\/p>\n","protected":false},"featured_media":20539,"template":"","meta":{"_acf_changed":false},"pwb-brand":[98],"product_brand":[],"product_cat":[366,68,147,48],"product_tag":[],"class_list":{"0":"post-7830","1":"product","2":"type-product","3":"status-publish","4":"has-post-thumbnail","6":"pwb-brand-snap-on","7":"product_cat-todos-los-productos","8":"product_cat-herramientas-de-torsion","9":"product_cat-llaves-dinamometricas-techangle","10":"product_cat-snap-on","12":"first","13":"outofstock","14":"taxable","15":"shipping-taxable","16":"purchasable","17":"product-type-simple"},"acf":[],"yoast_head":"<!-- This site is optimized with the Yoast SEO plugin v27.4 - https:\/\/yoast.com\/product\/yoast-seo-wordpress\/ -->\n<title>Llave dinamom\u00e9trica de cabeza flexible TechAngle\u00ae de 1\/2 \u201c(12,5-250 ft-lb) - Techmaster de Mexico<\/title>\n<meta name=\"robots\" content=\"index, follow, max-snippet:-1, max-image-preview:large, max-video-preview:-1\" \/>\n<link rel=\"canonical\" href=\"https:\/\/techmasterdemexico.com\/producto\/llave-dinamometrica-de-cabeza-flexible-techangle-de-1-2-125-250-ft-lb-2\/\" \/>\n<meta property=\"og:locale\" content=\"en_US\" \/>\n<meta property=\"og:type\" content=\"article\" \/>\n<meta property=\"og:title\" content=\"Llave dinamom\u00e9trica de cabeza flexible TechAngle\u00ae de 1\/2 \u201c(12,5-250 ft-lb) - Techmaster de Mexico\" \/>\n<meta property=\"og:description\" content=\"Precisi\u00f3n de par: \u00b1 2% en sentido horario y \u00b1 3% en sentido antihorario, 20-100% de la escala completa Precisi\u00f3n de \u00e1ngulo: \u00b1 1% de lectura, \u00b1 1 \u00b0 a velocidad angular&gt; 10 \u00b0 \/ seg &lt;180 \u00b0 \/ seg Rango de \u00e1ngulo: 0\u2013360 \u00b0 Seis modos de medici\u00f3n (ft-lb, in-lb, Nm, Kgcm, dNm, \u00e1ngulo) [&hellip;]\" \/>\n<meta property=\"og:url\" content=\"https:\/\/techmasterdemexico.com\/producto\/llave-dinamometrica-de-cabeza-flexible-techangle-de-1-2-125-250-ft-lb-2\/\" \/>\n<meta property=\"og:site_name\" content=\"Techmaster de Mexico\" \/>\n<meta property=\"article:modified_time\" content=\"2025-06-26T19:37:56+00:00\" \/>\n<meta property=\"og:image\" content=\"https:\/\/techmasterdemexico.com\/wp-content\/uploads\/ATECH3FS250.png\" \/>\n\t<meta property=\"og:image:width\" content=\"854\" \/>\n\t<meta property=\"og:image:height\" content=\"854\" \/>\n\t<meta property=\"og:image:type\" content=\"image\/png\" \/>\n<meta name=\"twitter:card\" content=\"summary_large_image\" \/>\n<meta name=\"twitter:label1\" content=\"Est. reading time\" \/>\n\t<meta name=\"twitter:data1\" content=\"1 minute\" \/>\n<script type=\"application\/ld+json\" class=\"yoast-schema-graph\">{\"@context\":\"https:\\\/\\\/schema.org\",\"@graph\":[{\"@type\":\"WebPage\",\"@id\":\"https:\\\/\\\/techmasterdemexico.com\\\/producto\\\/llave-dinamometrica-de-cabeza-flexible-techangle-de-1-2-125-250-ft-lb-2\\\/\",\"url\":\"https:\\\/\\\/techmasterdemexico.com\\\/producto\\\/llave-dinamometrica-de-cabeza-flexible-techangle-de-1-2-125-250-ft-lb-2\\\/\",\"name\":\"Llave dinamom\u00e9trica de cabeza flexible TechAngle\u00ae de 1\\\/2 \u201c(12,5-250 ft-lb) - Techmaster de Mexico\",\"isPartOf\":{\"@id\":\"https:\\\/\\\/techmasterdemexico.com\\\/#website\"},\"primaryImageOfPage\":{\"@id\":\"https:\\\/\\\/techmasterdemexico.com\\\/producto\\\/llave-dinamometrica-de-cabeza-flexible-techangle-de-1-2-125-250-ft-lb-2\\\/#primaryimage\"},\"image\":{\"@id\":\"https:\\\/\\\/techmasterdemexico.com\\\/producto\\\/llave-dinamometrica-de-cabeza-flexible-techangle-de-1-2-125-250-ft-lb-2\\\/#primaryimage\"},\"thumbnailUrl\":\"https:\\\/\\\/techmasterdemexico.com\\\/wp-content\\\/uploads\\\/ATECH3FS250.png\",\"datePublished\":\"2021-07-24T03:16:14+00:00\",\"dateModified\":\"2025-06-26T19:37:56+00:00\",\"breadcrumb\":{\"@id\":\"https:\\\/\\\/techmasterdemexico.com\\\/producto\\\/llave-dinamometrica-de-cabeza-flexible-techangle-de-1-2-125-250-ft-lb-2\\\/#breadcrumb\"},\"inLanguage\":\"en-US\",\"potentialAction\":[{\"@type\":\"ReadAction\",\"target\":[\"https:\\\/\\\/techmasterdemexico.com\\\/producto\\\/llave-dinamometrica-de-cabeza-flexible-techangle-de-1-2-125-250-ft-lb-2\\\/\"]}]},{\"@type\":\"ImageObject\",\"inLanguage\":\"en-US\",\"@id\":\"https:\\\/\\\/techmasterdemexico.com\\\/producto\\\/llave-dinamometrica-de-cabeza-flexible-techangle-de-1-2-125-250-ft-lb-2\\\/#primaryimage\",\"url\":\"https:\\\/\\\/techmasterdemexico.com\\\/wp-content\\\/uploads\\\/ATECH3FS250.png\",\"contentUrl\":\"https:\\\/\\\/techmasterdemexico.com\\\/wp-content\\\/uploads\\\/ATECH3FS250.png\",\"width\":854,\"height\":854},{\"@type\":\"BreadcrumbList\",\"@id\":\"https:\\\/\\\/techmasterdemexico.com\\\/producto\\\/llave-dinamometrica-de-cabeza-flexible-techangle-de-1-2-125-250-ft-lb-2\\\/#breadcrumb\",\"itemListElement\":[{\"@type\":\"ListItem\",\"position\":1,\"name\":\"Portada\",\"item\":\"https:\\\/\\\/techmasterdemexico.com\\\/\"},{\"@type\":\"ListItem\",\"position\":2,\"name\":\"Llave dinamom\u00e9trica de cabeza flexible TechAngle\u00ae de 1\\\/2 \u201c(12,5-250 ft-lb)\"}]},{\"@type\":\"WebSite\",\"@id\":\"https:\\\/\\\/techmasterdemexico.com\\\/#website\",\"url\":\"https:\\\/\\\/techmasterdemexico.com\\\/\",\"name\":\"Techmaster de Mexico\",\"description\":\"\",\"potentialAction\":[{\"@type\":\"SearchAction\",\"target\":{\"@type\":\"EntryPoint\",\"urlTemplate\":\"https:\\\/\\\/techmasterdemexico.com\\\/?s={search_term_string}\"},\"query-input\":{\"@type\":\"PropertyValueSpecification\",\"valueRequired\":true,\"valueName\":\"search_term_string\"}}],\"inLanguage\":\"en-US\"}]}<\/script>\n<!-- \/ Yoast SEO plugin. -->","yoast_head_json":{"title":"Llave dinamom\u00e9trica de cabeza flexible TechAngle\u00ae de 1\/2 \u201c(12,5-250 ft-lb) - Techmaster de Mexico","robots":{"index":"index","follow":"follow","max-snippet":"max-snippet:-1","max-image-preview":"max-image-preview:large","max-video-preview":"max-video-preview:-1"},"canonical":"https:\/\/techmasterdemexico.com\/producto\/llave-dinamometrica-de-cabeza-flexible-techangle-de-1-2-125-250-ft-lb-2\/","og_locale":"en_US","og_type":"article","og_title":"Llave dinamom\u00e9trica de cabeza flexible TechAngle\u00ae de 1\/2 \u201c(12,5-250 ft-lb) - Techmaster de Mexico","og_description":"Precisi\u00f3n de par: \u00b1 2% en sentido horario y \u00b1 3% en sentido antihorario, 20-100% de la escala completa Precisi\u00f3n de \u00e1ngulo: \u00b1 1% de lectura, \u00b1 1 \u00b0 a velocidad angular&gt; 10 \u00b0 \/ seg &lt;180 \u00b0 \/ seg Rango de \u00e1ngulo: 0\u2013360 \u00b0 Seis modos de medici\u00f3n (ft-lb, in-lb, Nm, Kgcm, dNm, \u00e1ngulo) [&hellip;]","og_url":"https:\/\/techmasterdemexico.com\/producto\/llave-dinamometrica-de-cabeza-flexible-techangle-de-1-2-125-250-ft-lb-2\/","og_site_name":"Techmaster de Mexico","article_modified_time":"2025-06-26T19:37:56+00:00","og_image":[{"width":854,"height":854,"url":"https:\/\/techmasterdemexico.com\/wp-content\/uploads\/ATECH3FS250.png","type":"image\/png"}],"twitter_card":"summary_large_image","twitter_misc":{"Est. reading time":"1 minute"},"schema":{"@context":"https:\/\/schema.org","@graph":[{"@type":"WebPage","@id":"https:\/\/techmasterdemexico.com\/producto\/llave-dinamometrica-de-cabeza-flexible-techangle-de-1-2-125-250-ft-lb-2\/","url":"https:\/\/techmasterdemexico.com\/producto\/llave-dinamometrica-de-cabeza-flexible-techangle-de-1-2-125-250-ft-lb-2\/","name":"Llave dinamom\u00e9trica de cabeza flexible TechAngle\u00ae de 1\/2 \u201c(12,5-250 ft-lb) - Techmaster de Mexico","isPartOf":{"@id":"https:\/\/techmasterdemexico.com\/#website"},"primaryImageOfPage":{"@id":"https:\/\/techmasterdemexico.com\/producto\/llave-dinamometrica-de-cabeza-flexible-techangle-de-1-2-125-250-ft-lb-2\/#primaryimage"},"image":{"@id":"https:\/\/techmasterdemexico.com\/producto\/llave-dinamometrica-de-cabeza-flexible-techangle-de-1-2-125-250-ft-lb-2\/#primaryimage"},"thumbnailUrl":"https:\/\/techmasterdemexico.com\/wp-content\/uploads\/ATECH3FS250.png","datePublished":"2021-07-24T03:16:14+00:00","dateModified":"2025-06-26T19:37:56+00:00","breadcrumb":{"@id":"https:\/\/techmasterdemexico.com\/producto\/llave-dinamometrica-de-cabeza-flexible-techangle-de-1-2-125-250-ft-lb-2\/#breadcrumb"},"inLanguage":"en-US","potentialAction":[{"@type":"ReadAction","target":["https:\/\/techmasterdemexico.com\/producto\/llave-dinamometrica-de-cabeza-flexible-techangle-de-1-2-125-250-ft-lb-2\/"]}]},{"@type":"ImageObject","inLanguage":"en-US","@id":"https:\/\/techmasterdemexico.com\/producto\/llave-dinamometrica-de-cabeza-flexible-techangle-de-1-2-125-250-ft-lb-2\/#primaryimage","url":"https:\/\/techmasterdemexico.com\/wp-content\/uploads\/ATECH3FS250.png","contentUrl":"https:\/\/techmasterdemexico.com\/wp-content\/uploads\/ATECH3FS250.png","width":854,"height":854},{"@type":"BreadcrumbList","@id":"https:\/\/techmasterdemexico.com\/producto\/llave-dinamometrica-de-cabeza-flexible-techangle-de-1-2-125-250-ft-lb-2\/#breadcrumb","itemListElement":[{"@type":"ListItem","position":1,"name":"Portada","item":"https:\/\/techmasterdemexico.com\/"},{"@type":"ListItem","position":2,"name":"Llave dinamom\u00e9trica de cabeza flexible TechAngle\u00ae de 1\/2 \u201c(12,5-250 ft-lb)"}]},{"@type":"WebSite","@id":"https:\/\/techmasterdemexico.com\/#website","url":"https:\/\/techmasterdemexico.com\/","name":"Techmaster de Mexico","description":"","potentialAction":[{"@type":"SearchAction","target":{"@type":"EntryPoint","urlTemplate":"https:\/\/techmasterdemexico.com\/?s={search_term_string}"},"query-input":{"@type":"PropertyValueSpecification","valueRequired":true,"valueName":"search_term_string"}}],"inLanguage":"en-US"}]}},"brands":[{"id":98,"name":"Snap On","slug":"snap-on"}],"_links":{"self":[{"href":"https:\/\/techmasterdemexico.com\/en\/wp-json\/wp\/v2\/product\/7830","targetHints":{"allow":["GET"]}}],"collection":[{"href":"https:\/\/techmasterdemexico.com\/en\/wp-json\/wp\/v2\/product"}],"about":[{"href":"https:\/\/techmasterdemexico.com\/en\/wp-json\/wp\/v2\/types\/product"}],"wp:featuredmedia":[{"embeddable":true,"href":"https:\/\/techmasterdemexico.com\/en\/wp-json\/wp\/v2\/media\/20539"}],"wp:attachment":[{"href":"https:\/\/techmasterdemexico.com\/en\/wp-json\/wp\/v2\/media?parent=7830"}],"wp:term":[{"taxonomy":"pwb-brand","embeddable":true,"href":"https:\/\/techmasterdemexico.com\/en\/wp-json\/wp\/v2\/pwb-brand?post=7830"},{"taxonomy":"product_brand","embeddable":true,"href":"https:\/\/techmasterdemexico.com\/en\/wp-json\/wp\/v2\/product_brand?post=7830"},{"taxonomy":"product_cat","embeddable":true,"href":"https:\/\/techmasterdemexico.com\/en\/wp-json\/wp\/v2\/product_cat?post=7830"},{"taxonomy":"product_tag","embeddable":true,"href":"https:\/\/techmasterdemexico.com\/en\/wp-json\/wp\/v2\/product_tag?post=7830"}],"curies":[{"name":"wp","href":"https:\/\/api.w.org\/{rel}","templated":true}]}}