{"id":7818,"date":"2021-07-23T06:51:11","date_gmt":"2021-07-23T06:51:11","guid":{"rendered":"http:\/\/techmastermx.ddns.net\/?post_type=product&#038;p=7818"},"modified":"2021-12-28T22:01:56","modified_gmt":"2021-12-28T22:01:56","slug":"comprobador-de-hipot-multicanal-19020-series","status":"publish","type":"product","link":"https:\/\/techmasterdemexico.com\/en\/producto\/comprobador-de-hipot-multicanal-19020-series\/","title":{"rendered":"Comprobador de Hipot multicanal 19020 Series"},"content":{"rendered":"<p>Probador de hipot multicanal Guardian &#8211; 19020<\/p>\n<p>La prueba de Hipot es uno de los elementos de prueba m\u00e1s importantes en las pruebas de seguridad el\u00e9ctrica. Todos los componentes y productos el\u00e9ctricos, incluidos transformadores, condensadores, fuentes de alimentaci\u00f3n, cargadores y electrodom\u00e9sticos, requieren pruebas hipot.<\/p>\n<p>Con m\u00e1s de 20 a\u00f1os de experiencia en el desarrollo de instrumentos de prueba y medici\u00f3n, Chroma cre\u00f3 el probador hipot multicanal Guardian 19020 con una arquitectura completamente nueva. Puede medir la corriente de fuga hipot de todos los canales al mismo tiempo y realizar pruebas en hasta 100 DUT simult\u00e1neamente.<\/p>\n<p>El Guardian 19020 ahorra espacio en la l\u00ednea de producci\u00f3n al eliminar la necesidad de comprar varios probadores Hipot. Su prueba multicanal \u00fanica puede aumentar la eficiencia de las pruebas reguladoras el\u00e9ctricas. Mejora la productividad y reduce los riesgos de probar productos que solo requieren pruebas hipot.<\/p>\n<p>El Guardian 19020 tambi\u00e9n tiene potentes funciones para la detecci\u00f3n de Flashover y la verificaci\u00f3n de apertura \/ corta. Contiene varias patentes internacionales y es la mejor herramienta para las pruebas de hipot el\u00e9ctricas reguladoras.<\/p>\n","protected":false},"excerpt":{"rendered":"<p>&nbsp;<\/p>\n<ul>\n<li>10\/4 canales en un dise\u00f1o<\/li>\n<li>10 juegos de medici\u00f3n y salida sincronizada<\/li>\n<li>Prueba EST AC \/ DC \/ IR 3 en 1<\/li>\n<li>Enlace maestro \/ esclavo &#8211; 10 unidades m\u00e1x.<\/li>\n<li>L\u00edmites y salida V programable<\/li>\n<li>OSC (verificaci\u00f3n abierta \/ corta)<\/li>\n<li>Detecci\u00f3n de flashover<\/li>\n<li>Prueba de resistencia de aislamiento de 1M\u03a9 ~ 50G\u03a9<\/li>\n<li>Est\u00e1ndar RS-232 \/ Handler \/ GPIB<\/li>\n<li>Gran panel LCD<\/li>\n<li>Funci\u00f3n de bloqueo del panel<\/li>\n<li>Interfaz de operaci\u00f3n sencilla<\/li>\n<li>Marca CE<\/li>\n<li>Soluci\u00f3n de prueba de Hipot de alta eficiencia<\/li>\n<li>Garant\u00eda de f\u00e1brica de 2 a\u00f1os<\/li>\n<li><\/li>\n<\/ul>\n","protected":false},"featured_media":9078,"template":"","meta":{"_acf_changed":false},"pwb-brand":[90],"product_brand":[],"product_cat":[366,91,94],"product_tag":[],"class_list":{"0":"post-7818","1":"product","2":"type-product","3":"status-publish","4":"has-post-thumbnail","6":"pwb-brand-chroma","7":"product_cat-todos-los-productos","8":"product_cat-chroma","9":"product_cat-hipot-safety-tester","11":"first","12":"instock","13":"taxable","14":"shipping-taxable","15":"product-type-simple"},"acf":[],"yoast_head":"<!-- This site is optimized with the Yoast SEO plugin v27.4 - https:\/\/yoast.com\/product\/yoast-seo-wordpress\/ -->\n<title>Comprobador de Hipot multicanal 19020 Series - Techmaster de Mexico<\/title>\n<meta name=\"robots\" content=\"index, follow, max-snippet:-1, max-image-preview:large, max-video-preview:-1\" \/>\n<link rel=\"canonical\" href=\"https:\/\/techmasterdemexico.com\/producto\/comprobador-de-hipot-multicanal-19020-series\/\" \/>\n<meta property=\"og:locale\" content=\"en_US\" \/>\n<meta property=\"og:type\" content=\"article\" \/>\n<meta property=\"og:title\" content=\"Comprobador de Hipot multicanal 19020 Series - Techmaster de Mexico\" \/>\n<meta property=\"og:description\" content=\"[:es]  &nbsp;    10\/4 canales en un dise\u00f1o   10 juegos de medici\u00f3n y salida sincronizada   Prueba EST AC \/ DC \/ IR 3 en 1   Enlace maestro \/ esclavo - 10 unidades m\u00e1x.   L\u00edmites y salida V programable   OSC (verificaci\u00f3n abierta \/ corta)   Detecci\u00f3n de flashover   Prueba de resistencia de aislamiento de 1M\u03a9 ~ 50G\u03a9   Est\u00e1ndar RS-232 \/ Handler \/ GPIB   Gran panel LCD   Funci\u00f3n de bloqueo del panel   Interfaz de operaci\u00f3n sencilla   Marca CE   Soluci\u00f3n de prueba de Hipot de alta eficiencia   Garant\u00eda de f\u00e1brica de 2 a\u00f1os  [:en]  &nbsp;    10\/4 canales en un dise\u00f1o   10 juegos de medici\u00f3n y salida sincronizada   Prueba EST AC \/ DC \/ IR 3 en 1   Enlace maestro \/ esclavo - 10 unidades m\u00e1x.   L\u00edmites y salida V programable   OSC (verificaci\u00f3n abierta \/ corta)   Detecci\u00f3n de flashover   Prueba de resistencia de aislamiento de 1M\u03a9 ~ 50G\u03a9   Est\u00e1ndar RS-232 \/ Handler \/ GPIB   Gran panel LCD   Funci\u00f3n de bloqueo del panel   Interfaz de operaci\u00f3n sencilla   Marca CE   Soluci\u00f3n de prueba de Hipot de alta eficiencia   Garant\u00eda de f\u00e1brica de 2 a\u00f1os    [:]\" \/>\n<meta property=\"og:url\" content=\"https:\/\/techmasterdemexico.com\/producto\/comprobador-de-hipot-multicanal-19020-series\/\" \/>\n<meta property=\"og:site_name\" content=\"Techmaster de Mexico\" \/>\n<meta property=\"article:modified_time\" content=\"2021-12-28T22:01:56+00:00\" \/>\n<meta property=\"og:image\" content=\"https:\/\/techmasterdemexico.com\/wp-content\/uploads\/2021\/07\/product_slider_19020_1-1.jpg\" \/>\n\t<meta property=\"og:image:width\" content=\"500\" \/>\n\t<meta property=\"og:image:height\" content=\"500\" \/>\n\t<meta property=\"og:image:type\" content=\"image\/jpeg\" \/>\n<meta name=\"twitter:card\" content=\"summary_large_image\" \/>\n<meta name=\"twitter:label1\" content=\"Est. reading time\" \/>\n\t<meta name=\"twitter:data1\" content=\"1 minute\" \/>\n<script type=\"application\/ld+json\" class=\"yoast-schema-graph\">{\"@context\":\"https:\\\/\\\/schema.org\",\"@graph\":[{\"@type\":\"WebPage\",\"@id\":\"https:\\\/\\\/techmasterdemexico.com\\\/producto\\\/comprobador-de-hipot-multicanal-19020-series\\\/\",\"url\":\"https:\\\/\\\/techmasterdemexico.com\\\/producto\\\/comprobador-de-hipot-multicanal-19020-series\\\/\",\"name\":\"Comprobador de Hipot multicanal 19020 Series - Techmaster de Mexico\",\"isPartOf\":{\"@id\":\"https:\\\/\\\/techmasterdemexico.com\\\/#website\"},\"primaryImageOfPage\":{\"@id\":\"https:\\\/\\\/techmasterdemexico.com\\\/producto\\\/comprobador-de-hipot-multicanal-19020-series\\\/#primaryimage\"},\"image\":{\"@id\":\"https:\\\/\\\/techmasterdemexico.com\\\/producto\\\/comprobador-de-hipot-multicanal-19020-series\\\/#primaryimage\"},\"thumbnailUrl\":\"https:\\\/\\\/techmasterdemexico.com\\\/wp-content\\\/uploads\\\/2021\\\/07\\\/product_slider_19020_1-1.jpg\",\"datePublished\":\"2021-07-23T06:51:11+00:00\",\"dateModified\":\"2021-12-28T22:01:56+00:00\",\"breadcrumb\":{\"@id\":\"https:\\\/\\\/techmasterdemexico.com\\\/producto\\\/comprobador-de-hipot-multicanal-19020-series\\\/#breadcrumb\"},\"inLanguage\":\"en-US\",\"potentialAction\":[{\"@type\":\"ReadAction\",\"target\":[\"https:\\\/\\\/techmasterdemexico.com\\\/producto\\\/comprobador-de-hipot-multicanal-19020-series\\\/\"]}]},{\"@type\":\"ImageObject\",\"inLanguage\":\"en-US\",\"@id\":\"https:\\\/\\\/techmasterdemexico.com\\\/producto\\\/comprobador-de-hipot-multicanal-19020-series\\\/#primaryimage\",\"url\":\"https:\\\/\\\/techmasterdemexico.com\\\/wp-content\\\/uploads\\\/2021\\\/07\\\/product_slider_19020_1-1.jpg\",\"contentUrl\":\"https:\\\/\\\/techmasterdemexico.com\\\/wp-content\\\/uploads\\\/2021\\\/07\\\/product_slider_19020_1-1.jpg\",\"width\":500,\"height\":500},{\"@type\":\"BreadcrumbList\",\"@id\":\"https:\\\/\\\/techmasterdemexico.com\\\/producto\\\/comprobador-de-hipot-multicanal-19020-series\\\/#breadcrumb\",\"itemListElement\":[{\"@type\":\"ListItem\",\"position\":1,\"name\":\"Portada\",\"item\":\"https:\\\/\\\/techmasterdemexico.com\\\/\"},{\"@type\":\"ListItem\",\"position\":2,\"name\":\"Comprobador de Hipot multicanal 19020 Series\"}]},{\"@type\":\"WebSite\",\"@id\":\"https:\\\/\\\/techmasterdemexico.com\\\/#website\",\"url\":\"https:\\\/\\\/techmasterdemexico.com\\\/\",\"name\":\"Techmaster de Mexico\",\"description\":\"\",\"potentialAction\":[{\"@type\":\"SearchAction\",\"target\":{\"@type\":\"EntryPoint\",\"urlTemplate\":\"https:\\\/\\\/techmasterdemexico.com\\\/?s={search_term_string}\"},\"query-input\":{\"@type\":\"PropertyValueSpecification\",\"valueRequired\":true,\"valueName\":\"search_term_string\"}}],\"inLanguage\":\"en-US\"}]}<\/script>\n<!-- \/ Yoast SEO plugin. -->","yoast_head_json":{"title":"Comprobador de Hipot multicanal 19020 Series - Techmaster de Mexico","robots":{"index":"index","follow":"follow","max-snippet":"max-snippet:-1","max-image-preview":"max-image-preview:large","max-video-preview":"max-video-preview:-1"},"canonical":"https:\/\/techmasterdemexico.com\/producto\/comprobador-de-hipot-multicanal-19020-series\/","og_locale":"en_US","og_type":"article","og_title":"Comprobador de Hipot multicanal 19020 Series - Techmaster de Mexico","og_description":"[:es]  &nbsp;    10\/4 canales en un dise\u00f1o   10 juegos de medici\u00f3n y salida sincronizada   Prueba EST AC \/ DC \/ IR 3 en 1   Enlace maestro \/ esclavo - 10 unidades m\u00e1x.   L\u00edmites y salida V programable   OSC (verificaci\u00f3n abierta \/ corta)   Detecci\u00f3n de flashover   Prueba de resistencia de aislamiento de 1M\u03a9 ~ 50G\u03a9   Est\u00e1ndar RS-232 \/ Handler \/ GPIB   Gran panel LCD   Funci\u00f3n de bloqueo del panel   Interfaz de operaci\u00f3n sencilla   Marca CE   Soluci\u00f3n de prueba de Hipot de alta eficiencia   Garant\u00eda de f\u00e1brica de 2 a\u00f1os  [:en]  &nbsp;    10\/4 canales en un dise\u00f1o   10 juegos de medici\u00f3n y salida sincronizada   Prueba EST AC \/ DC \/ IR 3 en 1   Enlace maestro \/ esclavo - 10 unidades m\u00e1x.   L\u00edmites y salida V programable   OSC (verificaci\u00f3n abierta \/ corta)   Detecci\u00f3n de flashover   Prueba de resistencia de aislamiento de 1M\u03a9 ~ 50G\u03a9   Est\u00e1ndar RS-232 \/ Handler \/ GPIB   Gran panel LCD   Funci\u00f3n de bloqueo del panel   Interfaz de operaci\u00f3n sencilla   Marca CE   Soluci\u00f3n de prueba de Hipot de alta eficiencia   Garant\u00eda de f\u00e1brica de 2 a\u00f1os    [:]","og_url":"https:\/\/techmasterdemexico.com\/producto\/comprobador-de-hipot-multicanal-19020-series\/","og_site_name":"Techmaster de Mexico","article_modified_time":"2021-12-28T22:01:56+00:00","og_image":[{"width":500,"height":500,"url":"https:\/\/techmasterdemexico.com\/wp-content\/uploads\/2021\/07\/product_slider_19020_1-1.jpg","type":"image\/jpeg"}],"twitter_card":"summary_large_image","twitter_misc":{"Est. reading time":"1 minute"},"schema":{"@context":"https:\/\/schema.org","@graph":[{"@type":"WebPage","@id":"https:\/\/techmasterdemexico.com\/producto\/comprobador-de-hipot-multicanal-19020-series\/","url":"https:\/\/techmasterdemexico.com\/producto\/comprobador-de-hipot-multicanal-19020-series\/","name":"Comprobador de Hipot multicanal 19020 Series - Techmaster de Mexico","isPartOf":{"@id":"https:\/\/techmasterdemexico.com\/#website"},"primaryImageOfPage":{"@id":"https:\/\/techmasterdemexico.com\/producto\/comprobador-de-hipot-multicanal-19020-series\/#primaryimage"},"image":{"@id":"https:\/\/techmasterdemexico.com\/producto\/comprobador-de-hipot-multicanal-19020-series\/#primaryimage"},"thumbnailUrl":"https:\/\/techmasterdemexico.com\/wp-content\/uploads\/2021\/07\/product_slider_19020_1-1.jpg","datePublished":"2021-07-23T06:51:11+00:00","dateModified":"2021-12-28T22:01:56+00:00","breadcrumb":{"@id":"https:\/\/techmasterdemexico.com\/producto\/comprobador-de-hipot-multicanal-19020-series\/#breadcrumb"},"inLanguage":"en-US","potentialAction":[{"@type":"ReadAction","target":["https:\/\/techmasterdemexico.com\/producto\/comprobador-de-hipot-multicanal-19020-series\/"]}]},{"@type":"ImageObject","inLanguage":"en-US","@id":"https:\/\/techmasterdemexico.com\/producto\/comprobador-de-hipot-multicanal-19020-series\/#primaryimage","url":"https:\/\/techmasterdemexico.com\/wp-content\/uploads\/2021\/07\/product_slider_19020_1-1.jpg","contentUrl":"https:\/\/techmasterdemexico.com\/wp-content\/uploads\/2021\/07\/product_slider_19020_1-1.jpg","width":500,"height":500},{"@type":"BreadcrumbList","@id":"https:\/\/techmasterdemexico.com\/producto\/comprobador-de-hipot-multicanal-19020-series\/#breadcrumb","itemListElement":[{"@type":"ListItem","position":1,"name":"Portada","item":"https:\/\/techmasterdemexico.com\/"},{"@type":"ListItem","position":2,"name":"Comprobador de Hipot multicanal 19020 Series"}]},{"@type":"WebSite","@id":"https:\/\/techmasterdemexico.com\/#website","url":"https:\/\/techmasterdemexico.com\/","name":"Techmaster de Mexico","description":"","potentialAction":[{"@type":"SearchAction","target":{"@type":"EntryPoint","urlTemplate":"https:\/\/techmasterdemexico.com\/?s={search_term_string}"},"query-input":{"@type":"PropertyValueSpecification","valueRequired":true,"valueName":"search_term_string"}}],"inLanguage":"en-US"}]}},"brands":[{"id":90,"name":"Chroma","slug":"chroma"}],"_links":{"self":[{"href":"https:\/\/techmasterdemexico.com\/en\/wp-json\/wp\/v2\/product\/7818","targetHints":{"allow":["GET"]}}],"collection":[{"href":"https:\/\/techmasterdemexico.com\/en\/wp-json\/wp\/v2\/product"}],"about":[{"href":"https:\/\/techmasterdemexico.com\/en\/wp-json\/wp\/v2\/types\/product"}],"wp:featuredmedia":[{"embeddable":true,"href":"https:\/\/techmasterdemexico.com\/en\/wp-json\/wp\/v2\/media\/9078"}],"wp:attachment":[{"href":"https:\/\/techmasterdemexico.com\/en\/wp-json\/wp\/v2\/media?parent=7818"}],"wp:term":[{"taxonomy":"pwb-brand","embeddable":true,"href":"https:\/\/techmasterdemexico.com\/en\/wp-json\/wp\/v2\/pwb-brand?post=7818"},{"taxonomy":"product_brand","embeddable":true,"href":"https:\/\/techmasterdemexico.com\/en\/wp-json\/wp\/v2\/product_brand?post=7818"},{"taxonomy":"product_cat","embeddable":true,"href":"https:\/\/techmasterdemexico.com\/en\/wp-json\/wp\/v2\/product_cat?post=7818"},{"taxonomy":"product_tag","embeddable":true,"href":"https:\/\/techmasterdemexico.com\/en\/wp-json\/wp\/v2\/product_tag?post=7818"}],"curies":[{"name":"wp","href":"https:\/\/api.w.org\/{rel}","templated":true}]}}