{"id":7815,"date":"2021-07-23T06:46:54","date_gmt":"2021-07-23T06:46:54","guid":{"rendered":"http:\/\/techmastermx.ddns.net\/?post_type=product&#038;p=7815"},"modified":"2021-12-28T22:01:57","modified_gmt":"2021-12-28T22:01:57","slug":"comprobadores-de-conexion-a-tierra-19572","status":"publish","type":"product","link":"https:\/\/techmasterdemexico.com\/en\/producto\/comprobadores-de-conexion-a-tierra-19572\/","title":{"rendered":"Comprobadores de conexi\u00f3n a tierra 19572"},"content":{"rendered":"<p>Comprobador de conexi\u00f3n a tierra Guardian &#8211; 19572<\/p>\n<p>El Guardian 19572 es un instrumento dedicado a medir la resistencia a tierra dentro del rango de 0.1 ~ 510m\u03a9. Su factor de forma compacto y su conjunto de caracter\u00edsticas f\u00e1ciles de operar son ideales para realizar pruebas en una l\u00ednea de producci\u00f3n. Al proporcionar resultados de prueba de alta confiabilidad y estabilidad con funci\u00f3n de compensaci\u00f3n de resistencia incorporada; es un probador de puesta a tierra econ\u00f3mico y \u00fatil.<\/p>\n","protected":false},"excerpt":{"rendered":"<p>&nbsp;<\/p>\n<ul>\n<li>Amplio rango de medici\u00f3n de resistencia: 0,1 ~ 510 m\u03a9<\/li>\n<li>Salida de corriente CA de alto rendimiento: 45 A<\/li>\n<li>Comprobador de uni\u00f3n a tierra de tama\u00f1o compacto<\/li>\n<li>Proporcione resultados de prueba confiables y estables<\/li>\n<li>Funci\u00f3n de compensaci\u00f3n de resistencia incorporada<\/li>\n<li>Interfaz est\u00e1ndar RS-232<\/li>\n<li>Interfaz GPIB opcional<\/li>\n<li>Compatible con el modelo de probador Hipot de la serie 19070<\/li>\n<li>Garant\u00eda de f\u00e1brica de 2 a\u00f1os<\/li>\n<\/ul>\n","protected":false},"featured_media":9079,"template":"","meta":{"_acf_changed":false},"pwb-brand":[90],"product_brand":[],"product_cat":[366,91,94],"product_tag":[],"class_list":{"0":"post-7815","1":"product","2":"type-product","3":"status-publish","4":"has-post-thumbnail","6":"pwb-brand-chroma","7":"product_cat-todos-los-productos","8":"product_cat-chroma","9":"product_cat-hipot-safety-tester","11":"first","12":"instock","13":"taxable","14":"shipping-taxable","15":"product-type-simple"},"acf":[],"yoast_head":"<!-- This site is optimized with the Yoast SEO plugin v27.4 - https:\/\/yoast.com\/product\/yoast-seo-wordpress\/ -->\n<title>Comprobadores de conexi\u00f3n a tierra 19572 - Techmaster de Mexico<\/title>\n<meta name=\"robots\" content=\"index, follow, max-snippet:-1, max-image-preview:large, max-video-preview:-1\" \/>\n<link rel=\"canonical\" href=\"https:\/\/techmasterdemexico.com\/producto\/comprobadores-de-conexion-a-tierra-19572\/\" \/>\n<meta property=\"og:locale\" content=\"en_US\" \/>\n<meta property=\"og:type\" content=\"article\" \/>\n<meta property=\"og:title\" content=\"Comprobadores de conexi\u00f3n a tierra 19572 - Techmaster de Mexico\" \/>\n<meta property=\"og:description\" content=\"[:es]  &nbsp;    Amplio rango de medici\u00f3n de resistencia: 0,1 ~ 510 m\u03a9   Salida de corriente CA de alto rendimiento: 45 A   Comprobador de uni\u00f3n a tierra de tama\u00f1o compacto   Proporcione resultados de prueba confiables y estables   Funci\u00f3n de compensaci\u00f3n de resistencia incorporada   Interfaz est\u00e1ndar RS-232   Interfaz GPIB opcional   Compatible con el modelo de probador Hipot de la serie 19070   Garant\u00eda de f\u00e1brica de 2 a\u00f1os  [:en]  &nbsp;    Amplio rango de medici\u00f3n de resistencia: 0,1 ~ 510 m\u03a9   Salida de corriente CA de alto rendimiento: 45 A   Comprobador de uni\u00f3n a tierra de tama\u00f1o compacto   Proporcione resultados de prueba confiables y estables   Funci\u00f3n de compensaci\u00f3n de resistencia incorporada   Interfaz est\u00e1ndar RS-232   Interfaz GPIB opcional   Compatible con el modelo de probador Hipot de la serie 19070   Garant\u00eda de f\u00e1brica de 2 a\u00f1os  [:]\" \/>\n<meta property=\"og:url\" content=\"https:\/\/techmasterdemexico.com\/producto\/comprobadores-de-conexion-a-tierra-19572\/\" \/>\n<meta property=\"og:site_name\" content=\"Techmaster de Mexico\" \/>\n<meta property=\"article:modified_time\" content=\"2021-12-28T22:01:57+00:00\" \/>\n<meta property=\"og:image\" content=\"https:\/\/techmasterdemexico.com\/wp-content\/uploads\/2021\/07\/product_slider_safety_19572-1.jpg\" \/>\n\t<meta property=\"og:image:width\" content=\"500\" \/>\n\t<meta property=\"og:image:height\" content=\"500\" \/>\n\t<meta property=\"og:image:type\" content=\"image\/jpeg\" \/>\n<meta name=\"twitter:card\" content=\"summary_large_image\" \/>\n<script type=\"application\/ld+json\" class=\"yoast-schema-graph\">{\"@context\":\"https:\\\/\\\/schema.org\",\"@graph\":[{\"@type\":\"WebPage\",\"@id\":\"https:\\\/\\\/techmasterdemexico.com\\\/producto\\\/comprobadores-de-conexion-a-tierra-19572\\\/\",\"url\":\"https:\\\/\\\/techmasterdemexico.com\\\/producto\\\/comprobadores-de-conexion-a-tierra-19572\\\/\",\"name\":\"Comprobadores de conexi\u00f3n a tierra 19572 - Techmaster de Mexico\",\"isPartOf\":{\"@id\":\"https:\\\/\\\/techmasterdemexico.com\\\/#website\"},\"primaryImageOfPage\":{\"@id\":\"https:\\\/\\\/techmasterdemexico.com\\\/producto\\\/comprobadores-de-conexion-a-tierra-19572\\\/#primaryimage\"},\"image\":{\"@id\":\"https:\\\/\\\/techmasterdemexico.com\\\/producto\\\/comprobadores-de-conexion-a-tierra-19572\\\/#primaryimage\"},\"thumbnailUrl\":\"https:\\\/\\\/techmasterdemexico.com\\\/wp-content\\\/uploads\\\/2021\\\/07\\\/product_slider_safety_19572-1.jpg\",\"datePublished\":\"2021-07-23T06:46:54+00:00\",\"dateModified\":\"2021-12-28T22:01:57+00:00\",\"breadcrumb\":{\"@id\":\"https:\\\/\\\/techmasterdemexico.com\\\/producto\\\/comprobadores-de-conexion-a-tierra-19572\\\/#breadcrumb\"},\"inLanguage\":\"en-US\",\"potentialAction\":[{\"@type\":\"ReadAction\",\"target\":[\"https:\\\/\\\/techmasterdemexico.com\\\/producto\\\/comprobadores-de-conexion-a-tierra-19572\\\/\"]}]},{\"@type\":\"ImageObject\",\"inLanguage\":\"en-US\",\"@id\":\"https:\\\/\\\/techmasterdemexico.com\\\/producto\\\/comprobadores-de-conexion-a-tierra-19572\\\/#primaryimage\",\"url\":\"https:\\\/\\\/techmasterdemexico.com\\\/wp-content\\\/uploads\\\/2021\\\/07\\\/product_slider_safety_19572-1.jpg\",\"contentUrl\":\"https:\\\/\\\/techmasterdemexico.com\\\/wp-content\\\/uploads\\\/2021\\\/07\\\/product_slider_safety_19572-1.jpg\",\"width\":500,\"height\":500},{\"@type\":\"BreadcrumbList\",\"@id\":\"https:\\\/\\\/techmasterdemexico.com\\\/producto\\\/comprobadores-de-conexion-a-tierra-19572\\\/#breadcrumb\",\"itemListElement\":[{\"@type\":\"ListItem\",\"position\":1,\"name\":\"Portada\",\"item\":\"https:\\\/\\\/techmasterdemexico.com\\\/\"},{\"@type\":\"ListItem\",\"position\":2,\"name\":\"Comprobadores de conexi\u00f3n a tierra 19572\"}]},{\"@type\":\"WebSite\",\"@id\":\"https:\\\/\\\/techmasterdemexico.com\\\/#website\",\"url\":\"https:\\\/\\\/techmasterdemexico.com\\\/\",\"name\":\"Techmaster de Mexico\",\"description\":\"\",\"potentialAction\":[{\"@type\":\"SearchAction\",\"target\":{\"@type\":\"EntryPoint\",\"urlTemplate\":\"https:\\\/\\\/techmasterdemexico.com\\\/?s={search_term_string}\"},\"query-input\":{\"@type\":\"PropertyValueSpecification\",\"valueRequired\":true,\"valueName\":\"search_term_string\"}}],\"inLanguage\":\"en-US\"}]}<\/script>\n<!-- \/ Yoast SEO plugin. -->","yoast_head_json":{"title":"Comprobadores de conexi\u00f3n a tierra 19572 - Techmaster de Mexico","robots":{"index":"index","follow":"follow","max-snippet":"max-snippet:-1","max-image-preview":"max-image-preview:large","max-video-preview":"max-video-preview:-1"},"canonical":"https:\/\/techmasterdemexico.com\/producto\/comprobadores-de-conexion-a-tierra-19572\/","og_locale":"en_US","og_type":"article","og_title":"Comprobadores de conexi\u00f3n a tierra 19572 - Techmaster de Mexico","og_description":"[:es]  &nbsp;    Amplio rango de medici\u00f3n de resistencia: 0,1 ~ 510 m\u03a9   Salida de corriente CA de alto rendimiento: 45 A   Comprobador de uni\u00f3n a tierra de tama\u00f1o compacto   Proporcione resultados de prueba confiables y estables   Funci\u00f3n de compensaci\u00f3n de resistencia incorporada   Interfaz est\u00e1ndar RS-232   Interfaz GPIB opcional   Compatible con el modelo de probador Hipot de la serie 19070   Garant\u00eda de f\u00e1brica de 2 a\u00f1os  [:en]  &nbsp;    Amplio rango de medici\u00f3n de resistencia: 0,1 ~ 510 m\u03a9   Salida de corriente CA de alto rendimiento: 45 A   Comprobador de uni\u00f3n a tierra de tama\u00f1o compacto   Proporcione resultados de prueba confiables y estables   Funci\u00f3n de compensaci\u00f3n de resistencia incorporada   Interfaz est\u00e1ndar RS-232   Interfaz GPIB opcional   Compatible con el modelo de probador Hipot de la serie 19070   Garant\u00eda de f\u00e1brica de 2 a\u00f1os  [:]","og_url":"https:\/\/techmasterdemexico.com\/producto\/comprobadores-de-conexion-a-tierra-19572\/","og_site_name":"Techmaster de Mexico","article_modified_time":"2021-12-28T22:01:57+00:00","og_image":[{"width":500,"height":500,"url":"https:\/\/techmasterdemexico.com\/wp-content\/uploads\/2021\/07\/product_slider_safety_19572-1.jpg","type":"image\/jpeg"}],"twitter_card":"summary_large_image","schema":{"@context":"https:\/\/schema.org","@graph":[{"@type":"WebPage","@id":"https:\/\/techmasterdemexico.com\/producto\/comprobadores-de-conexion-a-tierra-19572\/","url":"https:\/\/techmasterdemexico.com\/producto\/comprobadores-de-conexion-a-tierra-19572\/","name":"Comprobadores de conexi\u00f3n a tierra 19572 - Techmaster de Mexico","isPartOf":{"@id":"https:\/\/techmasterdemexico.com\/#website"},"primaryImageOfPage":{"@id":"https:\/\/techmasterdemexico.com\/producto\/comprobadores-de-conexion-a-tierra-19572\/#primaryimage"},"image":{"@id":"https:\/\/techmasterdemexico.com\/producto\/comprobadores-de-conexion-a-tierra-19572\/#primaryimage"},"thumbnailUrl":"https:\/\/techmasterdemexico.com\/wp-content\/uploads\/2021\/07\/product_slider_safety_19572-1.jpg","datePublished":"2021-07-23T06:46:54+00:00","dateModified":"2021-12-28T22:01:57+00:00","breadcrumb":{"@id":"https:\/\/techmasterdemexico.com\/producto\/comprobadores-de-conexion-a-tierra-19572\/#breadcrumb"},"inLanguage":"en-US","potentialAction":[{"@type":"ReadAction","target":["https:\/\/techmasterdemexico.com\/producto\/comprobadores-de-conexion-a-tierra-19572\/"]}]},{"@type":"ImageObject","inLanguage":"en-US","@id":"https:\/\/techmasterdemexico.com\/producto\/comprobadores-de-conexion-a-tierra-19572\/#primaryimage","url":"https:\/\/techmasterdemexico.com\/wp-content\/uploads\/2021\/07\/product_slider_safety_19572-1.jpg","contentUrl":"https:\/\/techmasterdemexico.com\/wp-content\/uploads\/2021\/07\/product_slider_safety_19572-1.jpg","width":500,"height":500},{"@type":"BreadcrumbList","@id":"https:\/\/techmasterdemexico.com\/producto\/comprobadores-de-conexion-a-tierra-19572\/#breadcrumb","itemListElement":[{"@type":"ListItem","position":1,"name":"Portada","item":"https:\/\/techmasterdemexico.com\/"},{"@type":"ListItem","position":2,"name":"Comprobadores de conexi\u00f3n a tierra 19572"}]},{"@type":"WebSite","@id":"https:\/\/techmasterdemexico.com\/#website","url":"https:\/\/techmasterdemexico.com\/","name":"Techmaster de Mexico","description":"","potentialAction":[{"@type":"SearchAction","target":{"@type":"EntryPoint","urlTemplate":"https:\/\/techmasterdemexico.com\/?s={search_term_string}"},"query-input":{"@type":"PropertyValueSpecification","valueRequired":true,"valueName":"search_term_string"}}],"inLanguage":"en-US"}]}},"brands":[{"id":90,"name":"Chroma","slug":"chroma"}],"_links":{"self":[{"href":"https:\/\/techmasterdemexico.com\/en\/wp-json\/wp\/v2\/product\/7815","targetHints":{"allow":["GET"]}}],"collection":[{"href":"https:\/\/techmasterdemexico.com\/en\/wp-json\/wp\/v2\/product"}],"about":[{"href":"https:\/\/techmasterdemexico.com\/en\/wp-json\/wp\/v2\/types\/product"}],"wp:featuredmedia":[{"embeddable":true,"href":"https:\/\/techmasterdemexico.com\/en\/wp-json\/wp\/v2\/media\/9079"}],"wp:attachment":[{"href":"https:\/\/techmasterdemexico.com\/en\/wp-json\/wp\/v2\/media?parent=7815"}],"wp:term":[{"taxonomy":"pwb-brand","embeddable":true,"href":"https:\/\/techmasterdemexico.com\/en\/wp-json\/wp\/v2\/pwb-brand?post=7815"},{"taxonomy":"product_brand","embeddable":true,"href":"https:\/\/techmasterdemexico.com\/en\/wp-json\/wp\/v2\/product_brand?post=7815"},{"taxonomy":"product_cat","embeddable":true,"href":"https:\/\/techmasterdemexico.com\/en\/wp-json\/wp\/v2\/product_cat?post=7815"},{"taxonomy":"product_tag","embeddable":true,"href":"https:\/\/techmasterdemexico.com\/en\/wp-json\/wp\/v2\/product_tag?post=7815"}],"curies":[{"name":"wp","href":"https:\/\/api.w.org\/{rel}","templated":true}]}}