{"id":7812,"date":"2021-07-23T06:37:48","date_gmt":"2021-07-23T06:37:48","guid":{"rendered":"http:\/\/techmastermx.ddns.net\/?post_type=product&#038;p=7812"},"modified":"2021-12-28T22:01:57","modified_gmt":"2021-12-28T22:01:57","slug":"comprobador-de-sobretension-de-celdas-de-bateria-19311-19311-10","status":"publish","type":"product","link":"https:\/\/techmasterdemexico.com\/en\/producto\/comprobador-de-sobretension-de-celdas-de-bateria-19311-19311-10\/","title":{"rendered":"Comprobador de sobretensi\u00f3n de celdas de bater\u00eda  19311\/19311-10"},"content":{"rendered":"<p>Modelo de probador de sobretensi\u00f3n de celda de bater\u00eda &#8211; 19311<\/p>\n<p>Dise\u00f1ado para probar la calidad del aislamiento entre las placas positiva y negativa de una celda de bater\u00eda de plomo-\u00e1cido, el 19311 aplica una sobretensi\u00f3n \/ impulso de alto voltaje antes del proceso de inyecci\u00f3n de electrolito, lo que reduce efectivamente las tasas de defectos en la producci\u00f3n. Chroma le ha dado al probador de sobretensi\u00f3n un voltaje de salida que puede alcanzar hasta 6kV, tiene cuatro terminales de medici\u00f3n y una frecuencia de muestreo de 200MHz.<\/p>\n<p>El Chroma 19311 se ofrece en una unidad de un solo canal (19311) o multicanal (19311-10). El 19311-10 tiene 10 canales que pueden probar hasta 9 celdas de bater\u00eda dentro de una sola unidad. Se pueden probar hasta 24 celdas en una secuencia conectando el 19311 con un esc\u00e1ner externo (A190362).<\/p>\n<p>La velocidad de la prueba de escaneo multicelular es extremadamente eficiente, lo que ahorra tiempo de prueba. Al usar una forma de onda resonante para identificar deficiencias en la calidad del aislamiento, el 19311 puede aumentar la capacidad de buenas unidades en la l\u00ednea de producci\u00f3n.<\/p>\n<p>La prueba de sobretensi\u00f3n del 19311 aplica un voltaje de impulso de baja energ\u00eda no destructivo a la celda de la bater\u00eda de plomo-\u00e1cido. Durante la prueba de sobretensi\u00f3n, la celda de la bater\u00eda de plomo-\u00e1cido resuena con el inductor interno en el 19311. El probador luego determina si el aislamiento est\u00e1 defectuoso o no analizando la forma de onda resonante o comparando la forma de onda de prueba con una forma de onda de muestra dorada. Probar la celda de la bater\u00eda de plomo-\u00e1cido con una sobretensi\u00f3n antes de la inyecci\u00f3n de electrolito verifica la distancia de aislamiento y la calidad del aislamiento entre las placas positiva y negativa, determina la integridad del separador entre las placas positiva y negativa e identifica si la las placas negativas est\u00e1n en cortocircuito.<\/p>\n<p>La serie 19311 de Chroma analiza las diferencias de la calidad del aislamiento de la forma de onda resonante utilizando 8 tipos de juicios para el an\u00e1lisis: \u00c1rea, Diff-Area, Flutter, Laplacian, V1, V3, Peak Ratio y \u0394Peak%.<\/p>\n","protected":false},"excerpt":{"rendered":"<p>&nbsp;<\/p>\n<ul>\n<li>Max. voltaje de salida: 6kV (depende de la capacitancia del DUT)<\/li>\n<li>Intervalo de pulso: 30 ms ~ 3000 ms<\/li>\n<li>8 tipos de juicios:\n<ul>\n<li>\u00c1rea &#8211; \u00c1rea diferencial<\/li>\n<li>Flutter<\/li>\n<li>Laplaciano<\/li>\n<li>1er voltaje pico (V1)<\/li>\n<li>3er voltaje pico (V3)<\/li>\n<li>Relaci\u00f3n de pico<\/li>\n<li>\u0394Peak%<\/li>\n<\/ul>\n<\/li>\n<li>Verificaci\u00f3n de contacto<\/li>\n<li>Modo de voltaje de ruptura (modo BDV)<\/li>\n<li>Frecuencia de muestreo: 200 MHz<\/li>\n<li>Admite hasta 25 canales para la prueba de escaneo (19311-10 con la opci\u00f3n A190362)<\/li>\n<li>Interfaz de usuario:\n<ul>\n<li>Ingl\u00e9s<\/li>\n<li>Chino tradicional<\/li>\n<li>Chino simplificado<\/li>\n<\/ul>\n<\/li>\n<li>Admite controlador flash USB\n<ul>\n<li>Forma de onda, condiciones de prueba y almacenamiento de resultados de prueba<\/li>\n<li>Captura de pantalla<\/li>\n<li>Archivos de respaldo<\/li>\n<\/ul>\n<\/li>\n<li>Pantalla gr\u00e1fica a color<\/li>\n<li>Interfaz remota est\u00e1ndar: LAN, USB y RS232<\/li>\n<li>Marca CE<\/li>\n<\/ul>\n","protected":false},"featured_media":9080,"template":"","meta":{"_acf_changed":false},"pwb-brand":[90],"product_brand":[],"product_cat":[366,91,94],"product_tag":[],"class_list":{"0":"post-7812","1":"product","2":"type-product","3":"status-publish","4":"has-post-thumbnail","6":"pwb-brand-chroma","7":"product_cat-todos-los-productos","8":"product_cat-chroma","9":"product_cat-hipot-safety-tester","11":"first","12":"instock","13":"taxable","14":"shipping-taxable","15":"product-type-simple"},"acf":[],"yoast_head":"<!-- This site is optimized with the Yoast SEO plugin v27.4 - https:\/\/yoast.com\/product\/yoast-seo-wordpress\/ -->\n<title>Comprobador de sobretensi\u00f3n de celdas de bater\u00eda 19311\/19311-10 - Techmaster de Mexico<\/title>\n<meta name=\"robots\" content=\"index, follow, max-snippet:-1, max-image-preview:large, max-video-preview:-1\" \/>\n<link rel=\"canonical\" href=\"https:\/\/techmasterdemexico.com\/producto\/comprobador-de-sobretension-de-celdas-de-bateria-19311-19311-10\/\" \/>\n<meta property=\"og:locale\" content=\"en_US\" \/>\n<meta property=\"og:type\" content=\"article\" \/>\n<meta property=\"og:title\" content=\"Comprobador de sobretensi\u00f3n de celdas de bater\u00eda 19311\/19311-10 - Techmaster de Mexico\" \/>\n<meta property=\"og:description\" content=\"[:es]  &nbsp;    Max. voltaje de salida: 6kV (depende de la capacitancia del DUT)   Intervalo de pulso: 30 ms ~ 3000 ms   8 tipos de juicios:    \u00c1rea - \u00c1rea diferencial   Flutter   Laplaciano   1er voltaje pico (V1)   3er voltaje pico (V3)   Relaci\u00f3n de pico   \u0394Peak%      Verificaci\u00f3n de contacto   Modo de voltaje de ruptura (modo BDV)   Frecuencia de muestreo: 200 MHz   Admite hasta 25 canales para la prueba de escaneo (19311-10 con la opci\u00f3n A190362)   Interfaz de usuario:    Ingl\u00e9s   Chino tradicional   Chino simplificado      Admite controlador flash USB    Forma de onda, condiciones de prueba y almacenamiento de resultados de prueba   Captura de pantalla   Archivos de respaldo      Pantalla gr\u00e1fica a color   Interfaz remota est\u00e1ndar: LAN, USB y RS232   Marca CE  [:en]  &nbsp;    Max. voltaje de salida: 6kV (depende de la capacitancia del DUT)   Intervalo de pulso: 30 ms ~ 3000 ms   8 tipos de juicios:    \u00c1rea - \u00c1rea diferencial   Flutter   Laplaciano   1er voltaje pico (V1)   3er voltaje pico (V3)   Relaci\u00f3n de pico   \u0394Peak%      Verificaci\u00f3n de contacto   Modo de voltaje de ruptura (modo BDV)   Frecuencia de muestreo: 200 MHz   Admite hasta 25 canales para la prueba de escaneo (19311-10 con la opci\u00f3n A190362)   Interfaz de usuario:    Ingl\u00e9s   Chino tradicional   Chino simplificado      Admite controlador flash USB    Forma de onda, condiciones de prueba y almacenamiento de resultados de prueba   Captura de pantalla   Archivos de respaldo      Pantalla gr\u00e1fica a color   Interfaz remota est\u00e1ndar: LAN, USB y RS232   Marca CE  [:]\" \/>\n<meta property=\"og:url\" content=\"https:\/\/techmasterdemexico.com\/producto\/comprobador-de-sobretension-de-celdas-de-bateria-19311-19311-10\/\" \/>\n<meta property=\"og:site_name\" content=\"Techmaster de Mexico\" \/>\n<meta property=\"article:modified_time\" content=\"2021-12-28T22:01:57+00:00\" \/>\n<meta property=\"og:image\" content=\"https:\/\/techmasterdemexico.com\/wp-content\/uploads\/2021\/07\/product_slider_19311-1.png\" \/>\n\t<meta property=\"og:image:width\" content=\"500\" \/>\n\t<meta property=\"og:image:height\" content=\"500\" \/>\n\t<meta property=\"og:image:type\" content=\"image\/png\" \/>\n<meta name=\"twitter:card\" content=\"summary_large_image\" \/>\n<meta name=\"twitter:label1\" content=\"Est. reading time\" \/>\n\t<meta name=\"twitter:data1\" content=\"2 minutes\" \/>\n<script type=\"application\/ld+json\" class=\"yoast-schema-graph\">{\"@context\":\"https:\\\/\\\/schema.org\",\"@graph\":[{\"@type\":\"WebPage\",\"@id\":\"https:\\\/\\\/techmasterdemexico.com\\\/producto\\\/comprobador-de-sobretension-de-celdas-de-bateria-19311-19311-10\\\/\",\"url\":\"https:\\\/\\\/techmasterdemexico.com\\\/producto\\\/comprobador-de-sobretension-de-celdas-de-bateria-19311-19311-10\\\/\",\"name\":\"Comprobador de sobretensi\u00f3n de celdas de bater\u00eda 19311\\\/19311-10 - Techmaster de Mexico\",\"isPartOf\":{\"@id\":\"https:\\\/\\\/techmasterdemexico.com\\\/#website\"},\"primaryImageOfPage\":{\"@id\":\"https:\\\/\\\/techmasterdemexico.com\\\/producto\\\/comprobador-de-sobretension-de-celdas-de-bateria-19311-19311-10\\\/#primaryimage\"},\"image\":{\"@id\":\"https:\\\/\\\/techmasterdemexico.com\\\/producto\\\/comprobador-de-sobretension-de-celdas-de-bateria-19311-19311-10\\\/#primaryimage\"},\"thumbnailUrl\":\"https:\\\/\\\/techmasterdemexico.com\\\/wp-content\\\/uploads\\\/2021\\\/07\\\/product_slider_19311-1.png\",\"datePublished\":\"2021-07-23T06:37:48+00:00\",\"dateModified\":\"2021-12-28T22:01:57+00:00\",\"breadcrumb\":{\"@id\":\"https:\\\/\\\/techmasterdemexico.com\\\/producto\\\/comprobador-de-sobretension-de-celdas-de-bateria-19311-19311-10\\\/#breadcrumb\"},\"inLanguage\":\"en-US\",\"potentialAction\":[{\"@type\":\"ReadAction\",\"target\":[\"https:\\\/\\\/techmasterdemexico.com\\\/producto\\\/comprobador-de-sobretension-de-celdas-de-bateria-19311-19311-10\\\/\"]}]},{\"@type\":\"ImageObject\",\"inLanguage\":\"en-US\",\"@id\":\"https:\\\/\\\/techmasterdemexico.com\\\/producto\\\/comprobador-de-sobretension-de-celdas-de-bateria-19311-19311-10\\\/#primaryimage\",\"url\":\"https:\\\/\\\/techmasterdemexico.com\\\/wp-content\\\/uploads\\\/2021\\\/07\\\/product_slider_19311-1.png\",\"contentUrl\":\"https:\\\/\\\/techmasterdemexico.com\\\/wp-content\\\/uploads\\\/2021\\\/07\\\/product_slider_19311-1.png\",\"width\":500,\"height\":500},{\"@type\":\"BreadcrumbList\",\"@id\":\"https:\\\/\\\/techmasterdemexico.com\\\/producto\\\/comprobador-de-sobretension-de-celdas-de-bateria-19311-19311-10\\\/#breadcrumb\",\"itemListElement\":[{\"@type\":\"ListItem\",\"position\":1,\"name\":\"Portada\",\"item\":\"https:\\\/\\\/techmasterdemexico.com\\\/\"},{\"@type\":\"ListItem\",\"position\":2,\"name\":\"Comprobador de sobretensi\u00f3n de celdas de bater\u00eda 19311\\\/19311-10\"}]},{\"@type\":\"WebSite\",\"@id\":\"https:\\\/\\\/techmasterdemexico.com\\\/#website\",\"url\":\"https:\\\/\\\/techmasterdemexico.com\\\/\",\"name\":\"Techmaster de Mexico\",\"description\":\"\",\"potentialAction\":[{\"@type\":\"SearchAction\",\"target\":{\"@type\":\"EntryPoint\",\"urlTemplate\":\"https:\\\/\\\/techmasterdemexico.com\\\/?s={search_term_string}\"},\"query-input\":{\"@type\":\"PropertyValueSpecification\",\"valueRequired\":true,\"valueName\":\"search_term_string\"}}],\"inLanguage\":\"en-US\"}]}<\/script>\n<!-- \/ Yoast SEO plugin. -->","yoast_head_json":{"title":"Comprobador de sobretensi\u00f3n de celdas de bater\u00eda 19311\/19311-10 - Techmaster de Mexico","robots":{"index":"index","follow":"follow","max-snippet":"max-snippet:-1","max-image-preview":"max-image-preview:large","max-video-preview":"max-video-preview:-1"},"canonical":"https:\/\/techmasterdemexico.com\/producto\/comprobador-de-sobretension-de-celdas-de-bateria-19311-19311-10\/","og_locale":"en_US","og_type":"article","og_title":"Comprobador de sobretensi\u00f3n de celdas de bater\u00eda 19311\/19311-10 - Techmaster de Mexico","og_description":"[:es]  &nbsp;    Max. voltaje de salida: 6kV (depende de la capacitancia del DUT)   Intervalo de pulso: 30 ms ~ 3000 ms   8 tipos de juicios:    \u00c1rea - \u00c1rea diferencial   Flutter   Laplaciano   1er voltaje pico (V1)   3er voltaje pico (V3)   Relaci\u00f3n de pico   \u0394Peak%      Verificaci\u00f3n de contacto   Modo de voltaje de ruptura (modo BDV)   Frecuencia de muestreo: 200 MHz   Admite hasta 25 canales para la prueba de escaneo (19311-10 con la opci\u00f3n A190362)   Interfaz de usuario:    Ingl\u00e9s   Chino tradicional   Chino simplificado      Admite controlador flash USB    Forma de onda, condiciones de prueba y almacenamiento de resultados de prueba   Captura de pantalla   Archivos de respaldo      Pantalla gr\u00e1fica a color   Interfaz remota est\u00e1ndar: LAN, USB y RS232   Marca CE  [:en]  &nbsp;    Max. voltaje de salida: 6kV (depende de la capacitancia del DUT)   Intervalo de pulso: 30 ms ~ 3000 ms   8 tipos de juicios:    \u00c1rea - \u00c1rea diferencial   Flutter   Laplaciano   1er voltaje pico (V1)   3er voltaje pico (V3)   Relaci\u00f3n de pico   \u0394Peak%      Verificaci\u00f3n de contacto   Modo de voltaje de ruptura (modo BDV)   Frecuencia de muestreo: 200 MHz   Admite hasta 25 canales para la prueba de escaneo (19311-10 con la opci\u00f3n A190362)   Interfaz de usuario:    Ingl\u00e9s   Chino tradicional   Chino simplificado      Admite controlador flash USB    Forma de onda, condiciones de prueba y almacenamiento de resultados de prueba   Captura de pantalla   Archivos de respaldo      Pantalla gr\u00e1fica a color   Interfaz remota est\u00e1ndar: LAN, USB y RS232   Marca CE  [:]","og_url":"https:\/\/techmasterdemexico.com\/producto\/comprobador-de-sobretension-de-celdas-de-bateria-19311-19311-10\/","og_site_name":"Techmaster de Mexico","article_modified_time":"2021-12-28T22:01:57+00:00","og_image":[{"width":500,"height":500,"url":"https:\/\/techmasterdemexico.com\/wp-content\/uploads\/2021\/07\/product_slider_19311-1.png","type":"image\/png"}],"twitter_card":"summary_large_image","twitter_misc":{"Est. reading time":"2 minutes"},"schema":{"@context":"https:\/\/schema.org","@graph":[{"@type":"WebPage","@id":"https:\/\/techmasterdemexico.com\/producto\/comprobador-de-sobretension-de-celdas-de-bateria-19311-19311-10\/","url":"https:\/\/techmasterdemexico.com\/producto\/comprobador-de-sobretension-de-celdas-de-bateria-19311-19311-10\/","name":"Comprobador de sobretensi\u00f3n de celdas de bater\u00eda 19311\/19311-10 - Techmaster de Mexico","isPartOf":{"@id":"https:\/\/techmasterdemexico.com\/#website"},"primaryImageOfPage":{"@id":"https:\/\/techmasterdemexico.com\/producto\/comprobador-de-sobretension-de-celdas-de-bateria-19311-19311-10\/#primaryimage"},"image":{"@id":"https:\/\/techmasterdemexico.com\/producto\/comprobador-de-sobretension-de-celdas-de-bateria-19311-19311-10\/#primaryimage"},"thumbnailUrl":"https:\/\/techmasterdemexico.com\/wp-content\/uploads\/2021\/07\/product_slider_19311-1.png","datePublished":"2021-07-23T06:37:48+00:00","dateModified":"2021-12-28T22:01:57+00:00","breadcrumb":{"@id":"https:\/\/techmasterdemexico.com\/producto\/comprobador-de-sobretension-de-celdas-de-bateria-19311-19311-10\/#breadcrumb"},"inLanguage":"en-US","potentialAction":[{"@type":"ReadAction","target":["https:\/\/techmasterdemexico.com\/producto\/comprobador-de-sobretension-de-celdas-de-bateria-19311-19311-10\/"]}]},{"@type":"ImageObject","inLanguage":"en-US","@id":"https:\/\/techmasterdemexico.com\/producto\/comprobador-de-sobretension-de-celdas-de-bateria-19311-19311-10\/#primaryimage","url":"https:\/\/techmasterdemexico.com\/wp-content\/uploads\/2021\/07\/product_slider_19311-1.png","contentUrl":"https:\/\/techmasterdemexico.com\/wp-content\/uploads\/2021\/07\/product_slider_19311-1.png","width":500,"height":500},{"@type":"BreadcrumbList","@id":"https:\/\/techmasterdemexico.com\/producto\/comprobador-de-sobretension-de-celdas-de-bateria-19311-19311-10\/#breadcrumb","itemListElement":[{"@type":"ListItem","position":1,"name":"Portada","item":"https:\/\/techmasterdemexico.com\/"},{"@type":"ListItem","position":2,"name":"Comprobador de sobretensi\u00f3n de celdas de bater\u00eda 19311\/19311-10"}]},{"@type":"WebSite","@id":"https:\/\/techmasterdemexico.com\/#website","url":"https:\/\/techmasterdemexico.com\/","name":"Techmaster de Mexico","description":"","potentialAction":[{"@type":"SearchAction","target":{"@type":"EntryPoint","urlTemplate":"https:\/\/techmasterdemexico.com\/?s={search_term_string}"},"query-input":{"@type":"PropertyValueSpecification","valueRequired":true,"valueName":"search_term_string"}}],"inLanguage":"en-US"}]}},"brands":[{"id":90,"name":"Chroma","slug":"chroma"}],"_links":{"self":[{"href":"https:\/\/techmasterdemexico.com\/en\/wp-json\/wp\/v2\/product\/7812","targetHints":{"allow":["GET"]}}],"collection":[{"href":"https:\/\/techmasterdemexico.com\/en\/wp-json\/wp\/v2\/product"}],"about":[{"href":"https:\/\/techmasterdemexico.com\/en\/wp-json\/wp\/v2\/types\/product"}],"wp:featuredmedia":[{"embeddable":true,"href":"https:\/\/techmasterdemexico.com\/en\/wp-json\/wp\/v2\/media\/9080"}],"wp:attachment":[{"href":"https:\/\/techmasterdemexico.com\/en\/wp-json\/wp\/v2\/media?parent=7812"}],"wp:term":[{"taxonomy":"pwb-brand","embeddable":true,"href":"https:\/\/techmasterdemexico.com\/en\/wp-json\/wp\/v2\/pwb-brand?post=7812"},{"taxonomy":"product_brand","embeddable":true,"href":"https:\/\/techmasterdemexico.com\/en\/wp-json\/wp\/v2\/product_brand?post=7812"},{"taxonomy":"product_cat","embeddable":true,"href":"https:\/\/techmasterdemexico.com\/en\/wp-json\/wp\/v2\/product_cat?post=7812"},{"taxonomy":"product_tag","embeddable":true,"href":"https:\/\/techmasterdemexico.com\/en\/wp-json\/wp\/v2\/product_tag?post=7812"}],"curies":[{"name":"wp","href":"https:\/\/api.w.org\/{rel}","templated":true}]}}