{"id":7809,"date":"2021-07-23T06:31:26","date_gmt":"2021-07-23T06:31:26","guid":{"rendered":"http:\/\/techmastermx.ddns.net\/?post_type=product&#038;p=7809"},"modified":"2021-12-28T22:01:57","modified_gmt":"2021-12-28T22:01:57","slug":"comprobador-de-aislamiento-de-celdas-de-baterias-11210","status":"publish","type":"product","link":"https:\/\/techmasterdemexico.com\/en\/producto\/comprobador-de-aislamiento-de-celdas-de-baterias-11210\/","title":{"rendered":"Comprobador de aislamiento de celdas de bater\u00edas 11210"},"content":{"rendered":"<p>Comprobador de aislamiento de celdas de bater\u00eda &#8211; 11210<\/p>\n<p>\u00bfQu\u00e9 es un comprobador de aislamiento de celdas de bater\u00eda?<\/p>\n<p>Un comprobador de aislamiento de celdas de bater\u00eda mide con precisi\u00f3n la corriente de fuga (LC) y la resistencia de aislamiento (IR) del rollo de gelatina \/ celda seca de la bater\u00eda, as\u00ed como otros materiales de aislamiento. Incluye detecci\u00f3n de descargas parciales (PD) o flashover para identificar defectos y peligros potenciales en la bater\u00eda antes de la siguiente fase de producci\u00f3n.<\/p>\n<p>El comprobador de aislamiento de celdas de bater\u00eda Chroma 11210 es un instrumento que se utiliza para medir con precisi\u00f3n la corriente de fuga (LC) y la resistencia de aislamiento (IR) de la bater\u00eda en rollo \/ celda seca, as\u00ed como otros materiales de aislamiento. Adem\u00e1s de la medici\u00f3n LC \/ IR est\u00e1ndar, el 11210 tiene una funci\u00f3n \u00fanica que detecta descargas parciales (PD) o descargas disruptivas que pueden haber ocurrido dentro del material de aislamiento durante el proceso de prueba de aislamiento de alto voltaje. Con la detecci\u00f3n de DP del estado interno de la bater\u00eda antes del llenado de electrolito, los productos defectuosos se pueden filtrar antes de ingresar a la siguiente etapa de producci\u00f3n, evitando los peligros potenciales que pueden ocurrir en el campo.A diferencia de los m\u00e9todos tradicionales de prueba de aislamiento, Chroma 11210 proporciona una completa nuevo concepto de inspecci\u00f3n y evaluaci\u00f3n de la calidad de la bater\u00eda.<\/p>\n","protected":false},"excerpt":{"rendered":"<p>&nbsp;<\/p>\n<ul>\n<li>Voltaje de prueba: hasta 1KV (DC)<\/li>\n<li>Corriente de carga: 50 mA m\u00e1x.<\/li>\n<li>Amplio rango de medici\u00f3n de corriente de fuga (LC) (10pA ~ 20mA)<\/li>\n<li>Detecci\u00f3n de descarga parcial \/ flameo para inspecci\u00f3n de posibles cortocircuitos internos (A112100):\n<ul>\n<li>Nivel de DP y visualizaci\u00f3n del n\u00famero de ocurrencias<\/li>\n<li>Monitor de eventos de DP y forma de onda V \/ I<\/li>\n<li>Ajuste de l\u00edmite de nivel de DP programable<\/li>\n<li>Registro de formas de onda PD y V \/ I (A112101)<\/li>\n<\/ul>\n<\/li>\n<li>Comprobaci\u00f3n de contacto fiable incorporada<\/li>\n<li>Secuencia de prueba automatizada: carga-permanencia-medida-descarga<\/li>\n<li>Prueba de alta velocidad (20 ms \/ dispositivo)<\/li>\n<li>Pantalla a todo color de 480 \u00d7 272 p\u00edxeles y panel t\u00e1ctil para operaciones sencillas<\/li>\n<li>Controlador est\u00e1ndar, USB, RS-232, interfaces Ethernet<\/li>\n<\/ul>\n","protected":false},"featured_media":9081,"template":"","meta":{"_acf_changed":false},"pwb-brand":[90],"product_brand":[],"product_cat":[366,91,94],"product_tag":[],"class_list":{"0":"post-7809","1":"product","2":"type-product","3":"status-publish","4":"has-post-thumbnail","6":"pwb-brand-chroma","7":"product_cat-todos-los-productos","8":"product_cat-chroma","9":"product_cat-hipot-safety-tester","11":"first","12":"instock","13":"taxable","14":"shipping-taxable","15":"product-type-simple"},"acf":[],"yoast_head":"<!-- This site is optimized with the Yoast SEO plugin v27.4 - https:\/\/yoast.com\/product\/yoast-seo-wordpress\/ -->\n<title>Comprobador de aislamiento de celdas de bater\u00edas 11210 - Techmaster de Mexico<\/title>\n<meta name=\"robots\" content=\"index, follow, max-snippet:-1, max-image-preview:large, max-video-preview:-1\" \/>\n<link rel=\"canonical\" href=\"https:\/\/techmasterdemexico.com\/producto\/comprobador-de-aislamiento-de-celdas-de-baterias-11210\/\" \/>\n<meta property=\"og:locale\" content=\"en_US\" \/>\n<meta property=\"og:type\" content=\"article\" \/>\n<meta property=\"og:title\" content=\"Comprobador de aislamiento de celdas de bater\u00edas 11210 - Techmaster de Mexico\" \/>\n<meta property=\"og:description\" content=\"[:es]  &nbsp;    Voltaje de prueba: hasta 1KV (DC)   Corriente de carga: 50 mA m\u00e1x.   Amplio rango de medici\u00f3n de corriente de fuga (LC) (10pA ~ 20mA)   Detecci\u00f3n de descarga parcial \/ flameo para inspecci\u00f3n de posibles cortocircuitos internos (A112100):    Nivel de DP y visualizaci\u00f3n del n\u00famero de ocurrencias   Monitor de eventos de DP y forma de onda V \/ I   Ajuste de l\u00edmite de nivel de DP programable   Registro de formas de onda PD y V \/ I (A112101)      Comprobaci\u00f3n de contacto fiable incorporada   Secuencia de prueba automatizada: carga-permanencia-medida-descarga   Prueba de alta velocidad (20 ms \/ dispositivo)   Pantalla a todo color de 480 \u00d7 272 p\u00edxeles y panel t\u00e1ctil para operaciones sencillas   Controlador est\u00e1ndar, USB, RS-232, interfaces Ethernet  [:en]  &nbsp;    Voltaje de prueba: hasta 1KV (DC)   Corriente de carga: 50 mA m\u00e1x.   Amplio rango de medici\u00f3n de corriente de fuga (LC) (10pA ~ 20mA)   Detecci\u00f3n de descarga parcial \/ flameo para inspecci\u00f3n de posibles cortocircuitos internos (A112100):    Nivel de DP y visualizaci\u00f3n del n\u00famero de ocurrencias   Monitor de eventos de DP y forma de onda V \/ I   Ajuste de l\u00edmite de nivel de DP programable   Registro de formas de onda PD y V \/ I (A112101)      Comprobaci\u00f3n de contacto fiable incorporada   Secuencia de prueba automatizada: carga-permanencia-medida-descarga   Prueba de alta velocidad (20 ms \/ dispositivo)   Pantalla a todo color de 480 \u00d7 272 p\u00edxeles y panel t\u00e1ctil para operaciones sencillas   Controlador est\u00e1ndar, USB, RS-232, interfaces Ethernet  [:]\" \/>\n<meta property=\"og:url\" content=\"https:\/\/techmasterdemexico.com\/producto\/comprobador-de-aislamiento-de-celdas-de-baterias-11210\/\" \/>\n<meta property=\"og:site_name\" content=\"Techmaster de Mexico\" \/>\n<meta property=\"article:modified_time\" content=\"2021-12-28T22:01:57+00:00\" \/>\n<meta property=\"og:image\" content=\"https:\/\/techmasterdemexico.com\/wp-content\/uploads\/2021\/07\/product_slider_11210_white_paper-1.jpg\" \/>\n\t<meta property=\"og:image:width\" content=\"500\" \/>\n\t<meta property=\"og:image:height\" content=\"500\" \/>\n\t<meta property=\"og:image:type\" content=\"image\/jpeg\" \/>\n<meta name=\"twitter:card\" content=\"summary_large_image\" \/>\n<meta name=\"twitter:label1\" content=\"Est. reading time\" \/>\n\t<meta name=\"twitter:data1\" content=\"1 minute\" \/>\n<script type=\"application\/ld+json\" class=\"yoast-schema-graph\">{\"@context\":\"https:\\\/\\\/schema.org\",\"@graph\":[{\"@type\":\"WebPage\",\"@id\":\"https:\\\/\\\/techmasterdemexico.com\\\/producto\\\/comprobador-de-aislamiento-de-celdas-de-baterias-11210\\\/\",\"url\":\"https:\\\/\\\/techmasterdemexico.com\\\/producto\\\/comprobador-de-aislamiento-de-celdas-de-baterias-11210\\\/\",\"name\":\"Comprobador de aislamiento de celdas de bater\u00edas 11210 - Techmaster de Mexico\",\"isPartOf\":{\"@id\":\"https:\\\/\\\/techmasterdemexico.com\\\/#website\"},\"primaryImageOfPage\":{\"@id\":\"https:\\\/\\\/techmasterdemexico.com\\\/producto\\\/comprobador-de-aislamiento-de-celdas-de-baterias-11210\\\/#primaryimage\"},\"image\":{\"@id\":\"https:\\\/\\\/techmasterdemexico.com\\\/producto\\\/comprobador-de-aislamiento-de-celdas-de-baterias-11210\\\/#primaryimage\"},\"thumbnailUrl\":\"https:\\\/\\\/techmasterdemexico.com\\\/wp-content\\\/uploads\\\/2021\\\/07\\\/product_slider_11210_white_paper-1.jpg\",\"datePublished\":\"2021-07-23T06:31:26+00:00\",\"dateModified\":\"2021-12-28T22:01:57+00:00\",\"breadcrumb\":{\"@id\":\"https:\\\/\\\/techmasterdemexico.com\\\/producto\\\/comprobador-de-aislamiento-de-celdas-de-baterias-11210\\\/#breadcrumb\"},\"inLanguage\":\"en-US\",\"potentialAction\":[{\"@type\":\"ReadAction\",\"target\":[\"https:\\\/\\\/techmasterdemexico.com\\\/producto\\\/comprobador-de-aislamiento-de-celdas-de-baterias-11210\\\/\"]}]},{\"@type\":\"ImageObject\",\"inLanguage\":\"en-US\",\"@id\":\"https:\\\/\\\/techmasterdemexico.com\\\/producto\\\/comprobador-de-aislamiento-de-celdas-de-baterias-11210\\\/#primaryimage\",\"url\":\"https:\\\/\\\/techmasterdemexico.com\\\/wp-content\\\/uploads\\\/2021\\\/07\\\/product_slider_11210_white_paper-1.jpg\",\"contentUrl\":\"https:\\\/\\\/techmasterdemexico.com\\\/wp-content\\\/uploads\\\/2021\\\/07\\\/product_slider_11210_white_paper-1.jpg\",\"width\":500,\"height\":500},{\"@type\":\"BreadcrumbList\",\"@id\":\"https:\\\/\\\/techmasterdemexico.com\\\/producto\\\/comprobador-de-aislamiento-de-celdas-de-baterias-11210\\\/#breadcrumb\",\"itemListElement\":[{\"@type\":\"ListItem\",\"position\":1,\"name\":\"Portada\",\"item\":\"https:\\\/\\\/techmasterdemexico.com\\\/\"},{\"@type\":\"ListItem\",\"position\":2,\"name\":\"Comprobador de aislamiento de celdas de bater\u00edas 11210\"}]},{\"@type\":\"WebSite\",\"@id\":\"https:\\\/\\\/techmasterdemexico.com\\\/#website\",\"url\":\"https:\\\/\\\/techmasterdemexico.com\\\/\",\"name\":\"Techmaster de Mexico\",\"description\":\"\",\"potentialAction\":[{\"@type\":\"SearchAction\",\"target\":{\"@type\":\"EntryPoint\",\"urlTemplate\":\"https:\\\/\\\/techmasterdemexico.com\\\/?s={search_term_string}\"},\"query-input\":{\"@type\":\"PropertyValueSpecification\",\"valueRequired\":true,\"valueName\":\"search_term_string\"}}],\"inLanguage\":\"en-US\"}]}<\/script>\n<!-- \/ Yoast SEO plugin. -->","yoast_head_json":{"title":"Comprobador de aislamiento de celdas de bater\u00edas 11210 - Techmaster de Mexico","robots":{"index":"index","follow":"follow","max-snippet":"max-snippet:-1","max-image-preview":"max-image-preview:large","max-video-preview":"max-video-preview:-1"},"canonical":"https:\/\/techmasterdemexico.com\/producto\/comprobador-de-aislamiento-de-celdas-de-baterias-11210\/","og_locale":"en_US","og_type":"article","og_title":"Comprobador de aislamiento de celdas de bater\u00edas 11210 - Techmaster de Mexico","og_description":"[:es]  &nbsp;    Voltaje de prueba: hasta 1KV (DC)   Corriente de carga: 50 mA m\u00e1x.   Amplio rango de medici\u00f3n de corriente de fuga (LC) (10pA ~ 20mA)   Detecci\u00f3n de descarga parcial \/ flameo para inspecci\u00f3n de posibles cortocircuitos internos (A112100):    Nivel de DP y visualizaci\u00f3n del n\u00famero de ocurrencias   Monitor de eventos de DP y forma de onda V \/ I   Ajuste de l\u00edmite de nivel de DP programable   Registro de formas de onda PD y V \/ I (A112101)      Comprobaci\u00f3n de contacto fiable incorporada   Secuencia de prueba automatizada: carga-permanencia-medida-descarga   Prueba de alta velocidad (20 ms \/ dispositivo)   Pantalla a todo color de 480 \u00d7 272 p\u00edxeles y panel t\u00e1ctil para operaciones sencillas   Controlador est\u00e1ndar, USB, RS-232, interfaces Ethernet  [:en]  &nbsp;    Voltaje de prueba: hasta 1KV (DC)   Corriente de carga: 50 mA m\u00e1x.   Amplio rango de medici\u00f3n de corriente de fuga (LC) (10pA ~ 20mA)   Detecci\u00f3n de descarga parcial \/ flameo para inspecci\u00f3n de posibles cortocircuitos internos (A112100):    Nivel de DP y visualizaci\u00f3n del n\u00famero de ocurrencias   Monitor de eventos de DP y forma de onda V \/ I   Ajuste de l\u00edmite de nivel de DP programable   Registro de formas de onda PD y V \/ I (A112101)      Comprobaci\u00f3n de contacto fiable incorporada   Secuencia de prueba automatizada: carga-permanencia-medida-descarga   Prueba de alta velocidad (20 ms \/ dispositivo)   Pantalla a todo color de 480 \u00d7 272 p\u00edxeles y panel t\u00e1ctil para operaciones sencillas   Controlador est\u00e1ndar, USB, RS-232, interfaces Ethernet  [:]","og_url":"https:\/\/techmasterdemexico.com\/producto\/comprobador-de-aislamiento-de-celdas-de-baterias-11210\/","og_site_name":"Techmaster de Mexico","article_modified_time":"2021-12-28T22:01:57+00:00","og_image":[{"width":500,"height":500,"url":"https:\/\/techmasterdemexico.com\/wp-content\/uploads\/2021\/07\/product_slider_11210_white_paper-1.jpg","type":"image\/jpeg"}],"twitter_card":"summary_large_image","twitter_misc":{"Est. reading time":"1 minute"},"schema":{"@context":"https:\/\/schema.org","@graph":[{"@type":"WebPage","@id":"https:\/\/techmasterdemexico.com\/producto\/comprobador-de-aislamiento-de-celdas-de-baterias-11210\/","url":"https:\/\/techmasterdemexico.com\/producto\/comprobador-de-aislamiento-de-celdas-de-baterias-11210\/","name":"Comprobador de aislamiento de celdas de bater\u00edas 11210 - Techmaster de Mexico","isPartOf":{"@id":"https:\/\/techmasterdemexico.com\/#website"},"primaryImageOfPage":{"@id":"https:\/\/techmasterdemexico.com\/producto\/comprobador-de-aislamiento-de-celdas-de-baterias-11210\/#primaryimage"},"image":{"@id":"https:\/\/techmasterdemexico.com\/producto\/comprobador-de-aislamiento-de-celdas-de-baterias-11210\/#primaryimage"},"thumbnailUrl":"https:\/\/techmasterdemexico.com\/wp-content\/uploads\/2021\/07\/product_slider_11210_white_paper-1.jpg","datePublished":"2021-07-23T06:31:26+00:00","dateModified":"2021-12-28T22:01:57+00:00","breadcrumb":{"@id":"https:\/\/techmasterdemexico.com\/producto\/comprobador-de-aislamiento-de-celdas-de-baterias-11210\/#breadcrumb"},"inLanguage":"en-US","potentialAction":[{"@type":"ReadAction","target":["https:\/\/techmasterdemexico.com\/producto\/comprobador-de-aislamiento-de-celdas-de-baterias-11210\/"]}]},{"@type":"ImageObject","inLanguage":"en-US","@id":"https:\/\/techmasterdemexico.com\/producto\/comprobador-de-aislamiento-de-celdas-de-baterias-11210\/#primaryimage","url":"https:\/\/techmasterdemexico.com\/wp-content\/uploads\/2021\/07\/product_slider_11210_white_paper-1.jpg","contentUrl":"https:\/\/techmasterdemexico.com\/wp-content\/uploads\/2021\/07\/product_slider_11210_white_paper-1.jpg","width":500,"height":500},{"@type":"BreadcrumbList","@id":"https:\/\/techmasterdemexico.com\/producto\/comprobador-de-aislamiento-de-celdas-de-baterias-11210\/#breadcrumb","itemListElement":[{"@type":"ListItem","position":1,"name":"Portada","item":"https:\/\/techmasterdemexico.com\/"},{"@type":"ListItem","position":2,"name":"Comprobador de aislamiento de celdas de bater\u00edas 11210"}]},{"@type":"WebSite","@id":"https:\/\/techmasterdemexico.com\/#website","url":"https:\/\/techmasterdemexico.com\/","name":"Techmaster de Mexico","description":"","potentialAction":[{"@type":"SearchAction","target":{"@type":"EntryPoint","urlTemplate":"https:\/\/techmasterdemexico.com\/?s={search_term_string}"},"query-input":{"@type":"PropertyValueSpecification","valueRequired":true,"valueName":"search_term_string"}}],"inLanguage":"en-US"}]}},"brands":[{"id":90,"name":"Chroma","slug":"chroma"}],"_links":{"self":[{"href":"https:\/\/techmasterdemexico.com\/en\/wp-json\/wp\/v2\/product\/7809","targetHints":{"allow":["GET"]}}],"collection":[{"href":"https:\/\/techmasterdemexico.com\/en\/wp-json\/wp\/v2\/product"}],"about":[{"href":"https:\/\/techmasterdemexico.com\/en\/wp-json\/wp\/v2\/types\/product"}],"wp:featuredmedia":[{"embeddable":true,"href":"https:\/\/techmasterdemexico.com\/en\/wp-json\/wp\/v2\/media\/9081"}],"wp:attachment":[{"href":"https:\/\/techmasterdemexico.com\/en\/wp-json\/wp\/v2\/media?parent=7809"}],"wp:term":[{"taxonomy":"pwb-brand","embeddable":true,"href":"https:\/\/techmasterdemexico.com\/en\/wp-json\/wp\/v2\/pwb-brand?post=7809"},{"taxonomy":"product_brand","embeddable":true,"href":"https:\/\/techmasterdemexico.com\/en\/wp-json\/wp\/v2\/product_brand?post=7809"},{"taxonomy":"product_cat","embeddable":true,"href":"https:\/\/techmasterdemexico.com\/en\/wp-json\/wp\/v2\/product_cat?post=7809"},{"taxonomy":"product_tag","embeddable":true,"href":"https:\/\/techmasterdemexico.com\/en\/wp-json\/wp\/v2\/product_tag?post=7809"}],"curies":[{"name":"wp","href":"https:\/\/api.w.org\/{rel}","templated":true}]}}