{"id":7804,"date":"2021-07-23T06:23:19","date_gmt":"2021-07-23T06:23:19","guid":{"rendered":"http:\/\/techmastermx.ddns.net\/?post_type=product&#038;p=7804"},"modified":"2021-12-28T22:01:58","modified_gmt":"2021-12-28T22:01:58","slug":"analizador-hipot-19056-series","status":"publish","type":"product","link":"https:\/\/techmasterdemexico.com\/en\/producto\/analizador-hipot-19056-series\/","title":{"rendered":"Analizador Hipot 19056 Series"},"content":{"rendered":"<p>Analizador Guardian Hipot &#8211; 19056\/19057<\/p>\n<p>El analizador de hipot Guardian 19056\/19057 de Chroma est\u00e1 especialmente dise\u00f1ado para probar y analizar tensiones soportadas ultra altas. La serie de modelos incluye 10kVac \/ 12kVdc \/ 20kVdc con una salida m\u00e1xima de AC20mA \/ DC10mA que puede realizar pruebas de resistencia de aislamiento y tensi\u00f3n soportada AC \/ DC con verificaci\u00f3n de contacto durante la prueba de l\u00ednea de producci\u00f3n. Adem\u00e1s del OSC (Open Short Check) patentado, se agrega la verificaci\u00f3n de contacto de alto voltaje para probar los componentes con alta capacidad de aislamiento cuando hay salidas de alto voltaje para mejorar la confiabilidad y eficiencia de las pruebas.<\/p>\n","protected":false},"excerpt":{"rendered":"<p>&nbsp;<\/p>\n<ul>\n<li>Prueba de tensi\u00f3n soportada de 10 kV CA y 20 kV CC<\/li>\n<li>Prueba de resistencia de aislamiento de 0.1M\u03a9 ~ 50G\u03a9<\/li>\n<li>BDV (prueba de voltaje de ruptura)<\/li>\n<li>HVCC (verificaci\u00f3n de contacto de alto voltaje)<\/li>\n<li>HFCC (verificaci\u00f3n de contacto de alta frecuencia)<\/li>\n<li>OSC (verificaci\u00f3n corta abierta)<\/li>\n<li>Circuito de protecci\u00f3n humana GFI (Ground Fault Interrupt)<\/li>\n<li>Funci\u00f3n de carga \/ descarga r\u00e1pida<\/li>\n<li>Salida programable y l\u00edmite de prueba<\/li>\n<li>Interfaz est\u00e1ndar USB y RS232<\/li>\n<li>Interfaz GPIB &amp; HANDLER opcional<\/li>\n<li>Funci\u00f3n de bloqueo de teclas<\/li>\n<li>Marca CE<\/li>\n<li>Garant\u00eda de f\u00e1brica de 2 a\u00f1os<\/li>\n<\/ul>\n","protected":false},"featured_media":9082,"template":"","meta":{"_acf_changed":false},"pwb-brand":[90],"product_brand":[],"product_cat":[366,91,94],"product_tag":[],"class_list":{"0":"post-7804","1":"product","2":"type-product","3":"status-publish","4":"has-post-thumbnail","6":"pwb-brand-chroma","7":"product_cat-todos-los-productos","8":"product_cat-chroma","9":"product_cat-hipot-safety-tester","11":"first","12":"instock","13":"taxable","14":"shipping-taxable","15":"product-type-simple"},"acf":[],"yoast_head":"<!-- This site is optimized with the Yoast SEO plugin v27.3 - https:\/\/yoast.com\/product\/yoast-seo-wordpress\/ -->\n<title>Analizador Hipot 19056 Series - Techmaster de Mexico<\/title>\n<meta name=\"robots\" content=\"index, follow, max-snippet:-1, max-image-preview:large, max-video-preview:-1\" \/>\n<link rel=\"canonical\" href=\"https:\/\/techmasterdemexico.com\/producto\/analizador-hipot-19056-series\/\" \/>\n<meta property=\"og:locale\" content=\"en_US\" \/>\n<meta property=\"og:type\" content=\"article\" \/>\n<meta property=\"og:title\" content=\"Analizador Hipot 19056 Series - Techmaster de Mexico\" \/>\n<meta property=\"og:description\" content=\"[:es]  &nbsp;    Prueba de tensi\u00f3n soportada de 10 kV CA y 20 kV CC   Prueba de resistencia de aislamiento de 0.1M\u03a9 ~ 50G\u03a9   BDV (prueba de voltaje de ruptura)   HVCC (verificaci\u00f3n de contacto de alto voltaje)   HFCC (verificaci\u00f3n de contacto de alta frecuencia)   OSC (verificaci\u00f3n corta abierta)   Circuito de protecci\u00f3n humana GFI (Ground Fault Interrupt)   Funci\u00f3n de carga \/ descarga r\u00e1pida   Salida programable y l\u00edmite de prueba   Interfaz est\u00e1ndar USB y RS232   Interfaz GPIB &amp; HANDLER opcional   Funci\u00f3n de bloqueo de teclas   Marca CE   Garant\u00eda de f\u00e1brica de 2 a\u00f1os  [:en]  &nbsp;    Prueba de tensi\u00f3n soportada de 10 kV CA y 20 kV CC   Prueba de resistencia de aislamiento de 0.1M\u03a9 ~ 50G\u03a9   BDV (prueba de voltaje de ruptura)   HVCC (verificaci\u00f3n de contacto de alto voltaje)   HFCC (verificaci\u00f3n de contacto de alta frecuencia)   OSC (verificaci\u00f3n corta abierta)   Circuito de protecci\u00f3n humana GFI (Ground Fault Interrupt)   Funci\u00f3n de carga \/ descarga r\u00e1pida   Salida programable y l\u00edmite de prueba   Interfaz est\u00e1ndar USB y RS232   Interfaz GPIB &amp; HANDLER opcional   Funci\u00f3n de bloqueo de teclas   Marca CE   Garant\u00eda de f\u00e1brica de 2 a\u00f1os  [:]\" \/>\n<meta property=\"og:url\" content=\"https:\/\/techmasterdemexico.com\/producto\/analizador-hipot-19056-series\/\" \/>\n<meta property=\"og:site_name\" content=\"Techmaster de Mexico\" \/>\n<meta property=\"article:modified_time\" content=\"2021-12-28T22:01:58+00:00\" \/>\n<meta property=\"og:image\" content=\"https:\/\/techmasterdemexico.com\/wp-content\/uploads\/2021\/07\/product_slider_safety_19057-1.jpg\" \/>\n\t<meta property=\"og:image:width\" content=\"500\" \/>\n\t<meta property=\"og:image:height\" content=\"500\" \/>\n\t<meta property=\"og:image:type\" content=\"image\/jpeg\" \/>\n<meta name=\"twitter:card\" content=\"summary_large_image\" \/>\n<meta name=\"twitter:label1\" content=\"Est. reading time\" \/>\n\t<meta name=\"twitter:data1\" content=\"1 minute\" \/>\n<script type=\"application\/ld+json\" class=\"yoast-schema-graph\">{\"@context\":\"https:\\\/\\\/schema.org\",\"@graph\":[{\"@type\":\"WebPage\",\"@id\":\"https:\\\/\\\/techmasterdemexico.com\\\/producto\\\/analizador-hipot-19056-series\\\/\",\"url\":\"https:\\\/\\\/techmasterdemexico.com\\\/producto\\\/analizador-hipot-19056-series\\\/\",\"name\":\"Analizador Hipot 19056 Series - Techmaster de Mexico\",\"isPartOf\":{\"@id\":\"https:\\\/\\\/techmasterdemexico.com\\\/#website\"},\"primaryImageOfPage\":{\"@id\":\"https:\\\/\\\/techmasterdemexico.com\\\/producto\\\/analizador-hipot-19056-series\\\/#primaryimage\"},\"image\":{\"@id\":\"https:\\\/\\\/techmasterdemexico.com\\\/producto\\\/analizador-hipot-19056-series\\\/#primaryimage\"},\"thumbnailUrl\":\"https:\\\/\\\/techmasterdemexico.com\\\/wp-content\\\/uploads\\\/2021\\\/07\\\/product_slider_safety_19057-1.jpg\",\"datePublished\":\"2021-07-23T06:23:19+00:00\",\"dateModified\":\"2021-12-28T22:01:58+00:00\",\"breadcrumb\":{\"@id\":\"https:\\\/\\\/techmasterdemexico.com\\\/producto\\\/analizador-hipot-19056-series\\\/#breadcrumb\"},\"inLanguage\":\"en-US\",\"potentialAction\":[{\"@type\":\"ReadAction\",\"target\":[\"https:\\\/\\\/techmasterdemexico.com\\\/producto\\\/analizador-hipot-19056-series\\\/\"]}]},{\"@type\":\"ImageObject\",\"inLanguage\":\"en-US\",\"@id\":\"https:\\\/\\\/techmasterdemexico.com\\\/producto\\\/analizador-hipot-19056-series\\\/#primaryimage\",\"url\":\"https:\\\/\\\/techmasterdemexico.com\\\/wp-content\\\/uploads\\\/2021\\\/07\\\/product_slider_safety_19057-1.jpg\",\"contentUrl\":\"https:\\\/\\\/techmasterdemexico.com\\\/wp-content\\\/uploads\\\/2021\\\/07\\\/product_slider_safety_19057-1.jpg\",\"width\":500,\"height\":500},{\"@type\":\"BreadcrumbList\",\"@id\":\"https:\\\/\\\/techmasterdemexico.com\\\/producto\\\/analizador-hipot-19056-series\\\/#breadcrumb\",\"itemListElement\":[{\"@type\":\"ListItem\",\"position\":1,\"name\":\"Portada\",\"item\":\"https:\\\/\\\/techmasterdemexico.com\\\/\"},{\"@type\":\"ListItem\",\"position\":2,\"name\":\"Analizador Hipot 19056 Series\"}]},{\"@type\":\"WebSite\",\"@id\":\"https:\\\/\\\/techmasterdemexico.com\\\/#website\",\"url\":\"https:\\\/\\\/techmasterdemexico.com\\\/\",\"name\":\"Techmaster de Mexico\",\"description\":\"\",\"potentialAction\":[{\"@type\":\"SearchAction\",\"target\":{\"@type\":\"EntryPoint\",\"urlTemplate\":\"https:\\\/\\\/techmasterdemexico.com\\\/?s={search_term_string}\"},\"query-input\":{\"@type\":\"PropertyValueSpecification\",\"valueRequired\":true,\"valueName\":\"search_term_string\"}}],\"inLanguage\":\"en-US\"}]}<\/script>\n<!-- \/ Yoast SEO plugin. -->","yoast_head_json":{"title":"Analizador Hipot 19056 Series - Techmaster de Mexico","robots":{"index":"index","follow":"follow","max-snippet":"max-snippet:-1","max-image-preview":"max-image-preview:large","max-video-preview":"max-video-preview:-1"},"canonical":"https:\/\/techmasterdemexico.com\/producto\/analizador-hipot-19056-series\/","og_locale":"en_US","og_type":"article","og_title":"Analizador Hipot 19056 Series - Techmaster de Mexico","og_description":"[:es]  &nbsp;    Prueba de tensi\u00f3n soportada de 10 kV CA y 20 kV CC   Prueba de resistencia de aislamiento de 0.1M\u03a9 ~ 50G\u03a9   BDV (prueba de voltaje de ruptura)   HVCC (verificaci\u00f3n de contacto de alto voltaje)   HFCC (verificaci\u00f3n de contacto de alta frecuencia)   OSC (verificaci\u00f3n corta abierta)   Circuito de protecci\u00f3n humana GFI (Ground Fault Interrupt)   Funci\u00f3n de carga \/ descarga r\u00e1pida   Salida programable y l\u00edmite de prueba   Interfaz est\u00e1ndar USB y RS232   Interfaz GPIB &amp; HANDLER opcional   Funci\u00f3n de bloqueo de teclas   Marca CE   Garant\u00eda de f\u00e1brica de 2 a\u00f1os  [:en]  &nbsp;    Prueba de tensi\u00f3n soportada de 10 kV CA y 20 kV CC   Prueba de resistencia de aislamiento de 0.1M\u03a9 ~ 50G\u03a9   BDV (prueba de voltaje de ruptura)   HVCC (verificaci\u00f3n de contacto de alto voltaje)   HFCC (verificaci\u00f3n de contacto de alta frecuencia)   OSC (verificaci\u00f3n corta abierta)   Circuito de protecci\u00f3n humana GFI (Ground Fault Interrupt)   Funci\u00f3n de carga \/ descarga r\u00e1pida   Salida programable y l\u00edmite de prueba   Interfaz est\u00e1ndar USB y RS232   Interfaz GPIB &amp; HANDLER opcional   Funci\u00f3n de bloqueo de teclas   Marca CE   Garant\u00eda de f\u00e1brica de 2 a\u00f1os  [:]","og_url":"https:\/\/techmasterdemexico.com\/producto\/analizador-hipot-19056-series\/","og_site_name":"Techmaster de Mexico","article_modified_time":"2021-12-28T22:01:58+00:00","og_image":[{"width":500,"height":500,"url":"https:\/\/techmasterdemexico.com\/wp-content\/uploads\/2021\/07\/product_slider_safety_19057-1.jpg","type":"image\/jpeg"}],"twitter_card":"summary_large_image","twitter_misc":{"Est. reading time":"1 minute"},"schema":{"@context":"https:\/\/schema.org","@graph":[{"@type":"WebPage","@id":"https:\/\/techmasterdemexico.com\/producto\/analizador-hipot-19056-series\/","url":"https:\/\/techmasterdemexico.com\/producto\/analizador-hipot-19056-series\/","name":"Analizador Hipot 19056 Series - Techmaster de Mexico","isPartOf":{"@id":"https:\/\/techmasterdemexico.com\/#website"},"primaryImageOfPage":{"@id":"https:\/\/techmasterdemexico.com\/producto\/analizador-hipot-19056-series\/#primaryimage"},"image":{"@id":"https:\/\/techmasterdemexico.com\/producto\/analizador-hipot-19056-series\/#primaryimage"},"thumbnailUrl":"https:\/\/techmasterdemexico.com\/wp-content\/uploads\/2021\/07\/product_slider_safety_19057-1.jpg","datePublished":"2021-07-23T06:23:19+00:00","dateModified":"2021-12-28T22:01:58+00:00","breadcrumb":{"@id":"https:\/\/techmasterdemexico.com\/producto\/analizador-hipot-19056-series\/#breadcrumb"},"inLanguage":"en-US","potentialAction":[{"@type":"ReadAction","target":["https:\/\/techmasterdemexico.com\/producto\/analizador-hipot-19056-series\/"]}]},{"@type":"ImageObject","inLanguage":"en-US","@id":"https:\/\/techmasterdemexico.com\/producto\/analizador-hipot-19056-series\/#primaryimage","url":"https:\/\/techmasterdemexico.com\/wp-content\/uploads\/2021\/07\/product_slider_safety_19057-1.jpg","contentUrl":"https:\/\/techmasterdemexico.com\/wp-content\/uploads\/2021\/07\/product_slider_safety_19057-1.jpg","width":500,"height":500},{"@type":"BreadcrumbList","@id":"https:\/\/techmasterdemexico.com\/producto\/analizador-hipot-19056-series\/#breadcrumb","itemListElement":[{"@type":"ListItem","position":1,"name":"Portada","item":"https:\/\/techmasterdemexico.com\/"},{"@type":"ListItem","position":2,"name":"Analizador Hipot 19056 Series"}]},{"@type":"WebSite","@id":"https:\/\/techmasterdemexico.com\/#website","url":"https:\/\/techmasterdemexico.com\/","name":"Techmaster de Mexico","description":"","potentialAction":[{"@type":"SearchAction","target":{"@type":"EntryPoint","urlTemplate":"https:\/\/techmasterdemexico.com\/?s={search_term_string}"},"query-input":{"@type":"PropertyValueSpecification","valueRequired":true,"valueName":"search_term_string"}}],"inLanguage":"en-US"}]}},"brands":[{"id":90,"name":"Chroma","slug":"chroma"}],"_links":{"self":[{"href":"https:\/\/techmasterdemexico.com\/en\/wp-json\/wp\/v2\/product\/7804","targetHints":{"allow":["GET"]}}],"collection":[{"href":"https:\/\/techmasterdemexico.com\/en\/wp-json\/wp\/v2\/product"}],"about":[{"href":"https:\/\/techmasterdemexico.com\/en\/wp-json\/wp\/v2\/types\/product"}],"wp:featuredmedia":[{"embeddable":true,"href":"https:\/\/techmasterdemexico.com\/en\/wp-json\/wp\/v2\/media\/9082"}],"wp:attachment":[{"href":"https:\/\/techmasterdemexico.com\/en\/wp-json\/wp\/v2\/media?parent=7804"}],"wp:term":[{"taxonomy":"pwb-brand","embeddable":true,"href":"https:\/\/techmasterdemexico.com\/en\/wp-json\/wp\/v2\/pwb-brand?post=7804"},{"taxonomy":"product_brand","embeddable":true,"href":"https:\/\/techmasterdemexico.com\/en\/wp-json\/wp\/v2\/product_brand?post=7804"},{"taxonomy":"product_cat","embeddable":true,"href":"https:\/\/techmasterdemexico.com\/en\/wp-json\/wp\/v2\/product_cat?post=7804"},{"taxonomy":"product_tag","embeddable":true,"href":"https:\/\/techmasterdemexico.com\/en\/wp-json\/wp\/v2\/product_tag?post=7804"}],"curies":[{"name":"wp","href":"https:\/\/api.w.org\/{rel}","templated":true}]}}