{"id":7801,"date":"2021-07-23T06:15:02","date_gmt":"2021-07-23T06:15:02","guid":{"rendered":"http:\/\/techmastermx.ddns.net\/?post_type=product&#038;p=7801"},"modified":"2021-12-28T22:01:59","modified_gmt":"2021-12-28T22:01:59","slug":"analizador-hipot-19055-19055-c","status":"publish","type":"product","link":"https:\/\/techmasterdemexico.com\/en\/producto\/analizador-hipot-19055-19055-c\/","title":{"rendered":"Analizador Hipot 19055\/19055-C"},"content":{"rendered":"<p>Analizador Guardian Hipot &#8211; 19055<\/p>\n<p>Los instrumentos de prueba de resistencia diel\u00e9ctrica o hipot se utilizan para realizar pruebas de seguridad el\u00e9ctrica en componentes y productos el\u00e9ctricos para asegurarse de que cumplen con IEC, UL, TUV, CSA, EN y otros requisitos de seguridad el\u00e9ctrica. El Guardian 19055-C no solo incluye pruebas de CA \/ CC \/ IR, sino tambi\u00e9n una nueva tecnolog\u00eda de medici\u00f3n: Detecci\u00f3n de descarga de corona (CDD).<\/p>\n<p>Los analizadores de hipot serie Guardian 19055 de Chroma est\u00e1n dise\u00f1ados para pruebas hipot y an\u00e1lisis de transformadores, motores y otros componentes electr\u00f3nicos. Las pruebas de CA \/ CC \/ IR se pueden programar en CA 5kV \/ 100mA &#8211; CC 6kV \/ 20mA con una potencia de salida de 500VA que cumple con los requisitos de EN50191. El Guardian 19055-C no solo incluye pruebas de CA \/ CC \/ IR, sino tambi\u00e9n una nueva tecnolog\u00eda de medici\u00f3n: Detecci\u00f3n de descarga de corona (CDD). La detecci\u00f3n de descarga de corona y el an\u00e1lisis de nivel de descarga (DLA) se utilizan para especificar el voltaje de inicio de descarga de corona (CSV), el voltaje de inicio de descarga disruptiva (FSV) y el voltaje de ruptura (BDV).<\/p>\n<p>Estas funciones proporcionan datos \u00fatiles para verificar el aislamiento del producto y aumentar la fiabilidad del producto durante la fabricaci\u00f3n.<\/p>\n<p>Para la verificaci\u00f3n de contacto durante la prueba hipot, la serie Guardian 19055 est\u00e1 equipada con una verificaci\u00f3n de contacto de alta frecuencia (HFCC) adem\u00e1s de la funci\u00f3n Open Short Check (OSC). Al realizar la verificaci\u00f3n de contacto durante la prueba de Hipot, puede aumentar significativamente la confiabilidad y la eficiencia de la prueba. Para mayor comodidad, el Guardian 19055 tiene una gran pantalla LCD para su funcionamiento. Adem\u00e1s, el circuito de protecci\u00f3n humana GFI y la salida de seguridad flotante previenen el peligro el\u00e9ctrico para el operador.<\/p>\n","protected":false},"excerpt":{"rendered":"<p>&nbsp;<\/p>\n<ul>\n<li>Calificaci\u00f3n de salida de 500VA<\/li>\n<li>Hipot: CA 5kV \/ 100mA &#8211; CC 6kV \/ 20mA<\/li>\n<li>Aislamiento: 5kVmax &#8211; 1M\u03a9 ~ 50G\u03a9<\/li>\n<li>Frecuencia de salida: 50 Hz ~ 600 HZ<\/li>\n<li>La salida flotante cumple con EN50191<\/li>\n<li>Detecci\u00f3n de descarga de corona (CDD, 19055-C)<\/li>\n<li>Detecci\u00f3n de flashover<\/li>\n<li>An\u00e1lisis del nivel de descarga (DLA)<\/li>\n<li>Funci\u00f3n Open \/ Short Check (OSC)<\/li>\n<li>Verificaci\u00f3n de contactos de alta frecuencia (HFCC)<\/li>\n<li>Interrupci\u00f3n por falla a tierra<\/li>\n<li>Interfaz est\u00e1ndar USB, RS-232 y HANDLER<\/li>\n<li>GPIB opcional<\/li>\n<li>Bloqueo de teclas cuando falla<\/li>\n<li>L\u00edmite de prueba y voltaje programable<\/li>\n<li>Marca CE<\/li>\n<li>Admite caja de escaneo A190301 8HV<\/li>\n<li>Garant\u00eda de f\u00e1brica de 2 a\u00f1os<\/li>\n<\/ul>\n","protected":false},"featured_media":9083,"template":"","meta":{"_acf_changed":false},"pwb-brand":[90],"product_brand":[],"product_cat":[366,91,94],"product_tag":[],"class_list":{"0":"post-7801","1":"product","2":"type-product","3":"status-publish","4":"has-post-thumbnail","6":"pwb-brand-chroma","7":"product_cat-todos-los-productos","8":"product_cat-chroma","9":"product_cat-hipot-safety-tester","11":"first","12":"instock","13":"taxable","14":"shipping-taxable","15":"product-type-simple"},"acf":[],"yoast_head":"<!-- This site is optimized with the Yoast SEO plugin v27.4 - https:\/\/yoast.com\/product\/yoast-seo-wordpress\/ -->\n<title>Analizador Hipot 19055\/19055-C - Techmaster de Mexico<\/title>\n<meta name=\"robots\" content=\"index, follow, max-snippet:-1, max-image-preview:large, max-video-preview:-1\" \/>\n<link rel=\"canonical\" href=\"https:\/\/techmasterdemexico.com\/producto\/analizador-hipot-19055-19055-c\/\" \/>\n<meta property=\"og:locale\" content=\"en_US\" \/>\n<meta property=\"og:type\" content=\"article\" \/>\n<meta property=\"og:title\" content=\"Analizador Hipot 19055\/19055-C - Techmaster de Mexico\" \/>\n<meta property=\"og:description\" content=\"[:es]  &nbsp;    Calificaci\u00f3n de salida de 500VA   Hipot: CA 5kV \/ 100mA - CC 6kV \/ 20mA   Aislamiento: 5kVmax - 1M\u03a9 ~ 50G\u03a9   Frecuencia de salida: 50 Hz ~ 600 HZ   La salida flotante cumple con EN50191   Detecci\u00f3n de descarga de corona (CDD, 19055-C)   Detecci\u00f3n de flashover   An\u00e1lisis del nivel de descarga (DLA)   Funci\u00f3n Open \/ Short Check (OSC)   Verificaci\u00f3n de contactos de alta frecuencia (HFCC)   Interrupci\u00f3n por falla a tierra   Interfaz est\u00e1ndar USB, RS-232 y HANDLER   GPIB opcional   Bloqueo de teclas cuando falla   L\u00edmite de prueba y voltaje programable   Marca CE   Admite caja de escaneo A190301 8HV   Garant\u00eda de f\u00e1brica de 2 a\u00f1os  [:en]  &nbsp;    Calificaci\u00f3n de salida de 500VA   Hipot: CA 5kV \/ 100mA - CC 6kV \/ 20mA   Aislamiento: 5kVmax - 1M\u03a9 ~ 50G\u03a9   Frecuencia de salida: 50 Hz ~ 600 HZ   La salida flotante cumple con EN50191   Detecci\u00f3n de descarga de corona (CDD, 19055-C)   Detecci\u00f3n de flashover   An\u00e1lisis del nivel de descarga (DLA)   Funci\u00f3n Open \/ Short Check (OSC)   Verificaci\u00f3n de contactos de alta frecuencia (HFCC)   Interrupci\u00f3n por falla a tierra   Interfaz est\u00e1ndar USB, RS-232 y HANDLER   GPIB opcional   Bloqueo de teclas cuando falla   L\u00edmite de prueba y voltaje programable   Marca CE   Admite caja de escaneo A190301 8HV   Garant\u00eda de f\u00e1brica de 2 a\u00f1os  [:]\" \/>\n<meta property=\"og:url\" content=\"https:\/\/techmasterdemexico.com\/producto\/analizador-hipot-19055-19055-c\/\" \/>\n<meta property=\"og:site_name\" content=\"Techmaster de Mexico\" \/>\n<meta property=\"article:modified_time\" content=\"2021-12-28T22:01:59+00:00\" \/>\n<meta property=\"og:image\" content=\"https:\/\/techmasterdemexico.com\/wp-content\/uploads\/2021\/07\/product_slider_safety_19055-1.jpg\" \/>\n\t<meta property=\"og:image:width\" content=\"500\" \/>\n\t<meta property=\"og:image:height\" content=\"500\" \/>\n\t<meta property=\"og:image:type\" content=\"image\/jpeg\" \/>\n<meta name=\"twitter:card\" content=\"summary_large_image\" \/>\n<meta name=\"twitter:label1\" content=\"Est. reading time\" \/>\n\t<meta name=\"twitter:data1\" content=\"2 minutes\" \/>\n<script type=\"application\/ld+json\" class=\"yoast-schema-graph\">{\"@context\":\"https:\\\/\\\/schema.org\",\"@graph\":[{\"@type\":\"WebPage\",\"@id\":\"https:\\\/\\\/techmasterdemexico.com\\\/producto\\\/analizador-hipot-19055-19055-c\\\/\",\"url\":\"https:\\\/\\\/techmasterdemexico.com\\\/producto\\\/analizador-hipot-19055-19055-c\\\/\",\"name\":\"Analizador Hipot 19055\\\/19055-C - Techmaster de Mexico\",\"isPartOf\":{\"@id\":\"https:\\\/\\\/techmasterdemexico.com\\\/#website\"},\"primaryImageOfPage\":{\"@id\":\"https:\\\/\\\/techmasterdemexico.com\\\/producto\\\/analizador-hipot-19055-19055-c\\\/#primaryimage\"},\"image\":{\"@id\":\"https:\\\/\\\/techmasterdemexico.com\\\/producto\\\/analizador-hipot-19055-19055-c\\\/#primaryimage\"},\"thumbnailUrl\":\"https:\\\/\\\/techmasterdemexico.com\\\/wp-content\\\/uploads\\\/2021\\\/07\\\/product_slider_safety_19055-1.jpg\",\"datePublished\":\"2021-07-23T06:15:02+00:00\",\"dateModified\":\"2021-12-28T22:01:59+00:00\",\"breadcrumb\":{\"@id\":\"https:\\\/\\\/techmasterdemexico.com\\\/producto\\\/analizador-hipot-19055-19055-c\\\/#breadcrumb\"},\"inLanguage\":\"en-US\",\"potentialAction\":[{\"@type\":\"ReadAction\",\"target\":[\"https:\\\/\\\/techmasterdemexico.com\\\/producto\\\/analizador-hipot-19055-19055-c\\\/\"]}]},{\"@type\":\"ImageObject\",\"inLanguage\":\"en-US\",\"@id\":\"https:\\\/\\\/techmasterdemexico.com\\\/producto\\\/analizador-hipot-19055-19055-c\\\/#primaryimage\",\"url\":\"https:\\\/\\\/techmasterdemexico.com\\\/wp-content\\\/uploads\\\/2021\\\/07\\\/product_slider_safety_19055-1.jpg\",\"contentUrl\":\"https:\\\/\\\/techmasterdemexico.com\\\/wp-content\\\/uploads\\\/2021\\\/07\\\/product_slider_safety_19055-1.jpg\",\"width\":500,\"height\":500},{\"@type\":\"BreadcrumbList\",\"@id\":\"https:\\\/\\\/techmasterdemexico.com\\\/producto\\\/analizador-hipot-19055-19055-c\\\/#breadcrumb\",\"itemListElement\":[{\"@type\":\"ListItem\",\"position\":1,\"name\":\"Portada\",\"item\":\"https:\\\/\\\/techmasterdemexico.com\\\/\"},{\"@type\":\"ListItem\",\"position\":2,\"name\":\"Analizador Hipot 19055\\\/19055-C\"}]},{\"@type\":\"WebSite\",\"@id\":\"https:\\\/\\\/techmasterdemexico.com\\\/#website\",\"url\":\"https:\\\/\\\/techmasterdemexico.com\\\/\",\"name\":\"Techmaster de Mexico\",\"description\":\"\",\"potentialAction\":[{\"@type\":\"SearchAction\",\"target\":{\"@type\":\"EntryPoint\",\"urlTemplate\":\"https:\\\/\\\/techmasterdemexico.com\\\/?s={search_term_string}\"},\"query-input\":{\"@type\":\"PropertyValueSpecification\",\"valueRequired\":true,\"valueName\":\"search_term_string\"}}],\"inLanguage\":\"en-US\"}]}<\/script>\n<!-- \/ Yoast SEO plugin. -->","yoast_head_json":{"title":"Analizador Hipot 19055\/19055-C - Techmaster de Mexico","robots":{"index":"index","follow":"follow","max-snippet":"max-snippet:-1","max-image-preview":"max-image-preview:large","max-video-preview":"max-video-preview:-1"},"canonical":"https:\/\/techmasterdemexico.com\/producto\/analizador-hipot-19055-19055-c\/","og_locale":"en_US","og_type":"article","og_title":"Analizador Hipot 19055\/19055-C - Techmaster de Mexico","og_description":"[:es]  &nbsp;    Calificaci\u00f3n de salida de 500VA   Hipot: CA 5kV \/ 100mA - CC 6kV \/ 20mA   Aislamiento: 5kVmax - 1M\u03a9 ~ 50G\u03a9   Frecuencia de salida: 50 Hz ~ 600 HZ   La salida flotante cumple con EN50191   Detecci\u00f3n de descarga de corona (CDD, 19055-C)   Detecci\u00f3n de flashover   An\u00e1lisis del nivel de descarga (DLA)   Funci\u00f3n Open \/ Short Check (OSC)   Verificaci\u00f3n de contactos de alta frecuencia (HFCC)   Interrupci\u00f3n por falla a tierra   Interfaz est\u00e1ndar USB, RS-232 y HANDLER   GPIB opcional   Bloqueo de teclas cuando falla   L\u00edmite de prueba y voltaje programable   Marca CE   Admite caja de escaneo A190301 8HV   Garant\u00eda de f\u00e1brica de 2 a\u00f1os  [:en]  &nbsp;    Calificaci\u00f3n de salida de 500VA   Hipot: CA 5kV \/ 100mA - CC 6kV \/ 20mA   Aislamiento: 5kVmax - 1M\u03a9 ~ 50G\u03a9   Frecuencia de salida: 50 Hz ~ 600 HZ   La salida flotante cumple con EN50191   Detecci\u00f3n de descarga de corona (CDD, 19055-C)   Detecci\u00f3n de flashover   An\u00e1lisis del nivel de descarga (DLA)   Funci\u00f3n Open \/ Short Check (OSC)   Verificaci\u00f3n de contactos de alta frecuencia (HFCC)   Interrupci\u00f3n por falla a tierra   Interfaz est\u00e1ndar USB, RS-232 y HANDLER   GPIB opcional   Bloqueo de teclas cuando falla   L\u00edmite de prueba y voltaje programable   Marca CE   Admite caja de escaneo A190301 8HV   Garant\u00eda de f\u00e1brica de 2 a\u00f1os  [:]","og_url":"https:\/\/techmasterdemexico.com\/producto\/analizador-hipot-19055-19055-c\/","og_site_name":"Techmaster de Mexico","article_modified_time":"2021-12-28T22:01:59+00:00","og_image":[{"width":500,"height":500,"url":"https:\/\/techmasterdemexico.com\/wp-content\/uploads\/2021\/07\/product_slider_safety_19055-1.jpg","type":"image\/jpeg"}],"twitter_card":"summary_large_image","twitter_misc":{"Est. reading time":"2 minutes"},"schema":{"@context":"https:\/\/schema.org","@graph":[{"@type":"WebPage","@id":"https:\/\/techmasterdemexico.com\/producto\/analizador-hipot-19055-19055-c\/","url":"https:\/\/techmasterdemexico.com\/producto\/analizador-hipot-19055-19055-c\/","name":"Analizador Hipot 19055\/19055-C - Techmaster de Mexico","isPartOf":{"@id":"https:\/\/techmasterdemexico.com\/#website"},"primaryImageOfPage":{"@id":"https:\/\/techmasterdemexico.com\/producto\/analizador-hipot-19055-19055-c\/#primaryimage"},"image":{"@id":"https:\/\/techmasterdemexico.com\/producto\/analizador-hipot-19055-19055-c\/#primaryimage"},"thumbnailUrl":"https:\/\/techmasterdemexico.com\/wp-content\/uploads\/2021\/07\/product_slider_safety_19055-1.jpg","datePublished":"2021-07-23T06:15:02+00:00","dateModified":"2021-12-28T22:01:59+00:00","breadcrumb":{"@id":"https:\/\/techmasterdemexico.com\/producto\/analizador-hipot-19055-19055-c\/#breadcrumb"},"inLanguage":"en-US","potentialAction":[{"@type":"ReadAction","target":["https:\/\/techmasterdemexico.com\/producto\/analizador-hipot-19055-19055-c\/"]}]},{"@type":"ImageObject","inLanguage":"en-US","@id":"https:\/\/techmasterdemexico.com\/producto\/analizador-hipot-19055-19055-c\/#primaryimage","url":"https:\/\/techmasterdemexico.com\/wp-content\/uploads\/2021\/07\/product_slider_safety_19055-1.jpg","contentUrl":"https:\/\/techmasterdemexico.com\/wp-content\/uploads\/2021\/07\/product_slider_safety_19055-1.jpg","width":500,"height":500},{"@type":"BreadcrumbList","@id":"https:\/\/techmasterdemexico.com\/producto\/analizador-hipot-19055-19055-c\/#breadcrumb","itemListElement":[{"@type":"ListItem","position":1,"name":"Portada","item":"https:\/\/techmasterdemexico.com\/"},{"@type":"ListItem","position":2,"name":"Analizador Hipot 19055\/19055-C"}]},{"@type":"WebSite","@id":"https:\/\/techmasterdemexico.com\/#website","url":"https:\/\/techmasterdemexico.com\/","name":"Techmaster de Mexico","description":"","potentialAction":[{"@type":"SearchAction","target":{"@type":"EntryPoint","urlTemplate":"https:\/\/techmasterdemexico.com\/?s={search_term_string}"},"query-input":{"@type":"PropertyValueSpecification","valueRequired":true,"valueName":"search_term_string"}}],"inLanguage":"en-US"}]}},"brands":[{"id":90,"name":"Chroma","slug":"chroma"}],"_links":{"self":[{"href":"https:\/\/techmasterdemexico.com\/en\/wp-json\/wp\/v2\/product\/7801","targetHints":{"allow":["GET"]}}],"collection":[{"href":"https:\/\/techmasterdemexico.com\/en\/wp-json\/wp\/v2\/product"}],"about":[{"href":"https:\/\/techmasterdemexico.com\/en\/wp-json\/wp\/v2\/types\/product"}],"wp:featuredmedia":[{"embeddable":true,"href":"https:\/\/techmasterdemexico.com\/en\/wp-json\/wp\/v2\/media\/9083"}],"wp:attachment":[{"href":"https:\/\/techmasterdemexico.com\/en\/wp-json\/wp\/v2\/media?parent=7801"}],"wp:term":[{"taxonomy":"pwb-brand","embeddable":true,"href":"https:\/\/techmasterdemexico.com\/en\/wp-json\/wp\/v2\/pwb-brand?post=7801"},{"taxonomy":"product_brand","embeddable":true,"href":"https:\/\/techmasterdemexico.com\/en\/wp-json\/wp\/v2\/product_brand?post=7801"},{"taxonomy":"product_cat","embeddable":true,"href":"https:\/\/techmasterdemexico.com\/en\/wp-json\/wp\/v2\/product_cat?post=7801"},{"taxonomy":"product_tag","embeddable":true,"href":"https:\/\/techmasterdemexico.com\/en\/wp-json\/wp\/v2\/product_tag?post=7801"}],"curies":[{"name":"wp","href":"https:\/\/api.w.org\/{rel}","templated":true}]}}