{"id":7798,"date":"2021-07-23T06:14:40","date_gmt":"2021-07-23T06:14:40","guid":{"rendered":"http:\/\/techmastermx.ddns.net\/?post_type=product&#038;p=7798"},"modified":"2021-12-28T22:01:59","modified_gmt":"2021-12-28T22:01:59","slug":"analizador-de-seguridad-electrica-19032-19032-p","status":"publish","type":"product","link":"https:\/\/techmasterdemexico.com\/en\/producto\/analizador-de-seguridad-electrica-19032-19032-p\/","title":{"rendered":"Analizador de seguridad el\u00e9ctrica 19032\/19032-P"},"content":{"rendered":"<p>Analizador de seguridad el\u00e9ctrica Guardian &#8211; 19032<\/p>\n<p>Las pruebas de seguridad el\u00e9ctrica son un elemento importante en las pruebas de calidad de productos el\u00e9ctricos. Todos los productos el\u00e9ctricos como adaptadores, SMPS, cargas, electrodom\u00e9sticos, productos de tecnolog\u00eda de la informaci\u00f3n y productos de video deben someterse a pruebas de seguridad el\u00e9ctrica.<\/p>\n<p>La serie 19032 combina Hipot, resistencia de aislamiento (IR), conexi\u00f3n a tierra (GB), corriente de fuga (LC) \/ AC LC \/ DC LC y pruebas de funci\u00f3n din\u00e1mica. El ahorro de espacio puede representar hasta el 50% del espacio de la l\u00ednea de producci\u00f3n si no se compran varios instrumentos de prueba de seguridad. El 19032 puede aumentar la eficiencia de las pruebas de seguridad el\u00e9ctrica durante la fabricaci\u00f3n y reducir los costos laborales asociados.<\/p>\n<p>&nbsp;<\/p>\n","protected":false},"excerpt":{"rendered":"<p>&nbsp;<\/p>\n<ul>\n<li>Funci\u00f3n AC \/ DC \/ IR \/ GB \/ LC \/ Dynamic: seis instrumentos en uno<\/li>\n<li>Prueba de funcionamiento hasta 20<\/li>\n<li>Salida de voltaje programable y valor l\u00edmite<\/li>\n<li>Comprobaci\u00f3n abierta \/ corta de OSC<\/li>\n<li>Detecci\u00f3n de flashover<\/li>\n<li>Circuito de protecci\u00f3n humana<\/li>\n<li>Dispositivo de escaneo m\u00faltiple compatible con prueba de corriente de fuga din\u00e1mica<\/li>\n<li>Interfaz est\u00e1ndar RS232<\/li>\n<li>Interfaz GPIB opcional<\/li>\n<li>Gran panel LCD<\/li>\n<li>Funci\u00f3n de bloqueo del panel frontal<\/li>\n<li>Paneles blandos opcionales<\/li>\n<li>Software de automatizaci\u00f3n CaptivATE<\/li>\n<li>CE<\/li>\n<li>Garant\u00eda de f\u00e1brica de 2 a\u00f1os<\/li>\n<\/ul>\n","protected":false},"featured_media":9084,"template":"","meta":{"_acf_changed":false},"pwb-brand":[90],"product_brand":[],"product_cat":[366,91,94],"product_tag":[],"class_list":{"0":"post-7798","1":"product","2":"type-product","3":"status-publish","4":"has-post-thumbnail","6":"pwb-brand-chroma","7":"product_cat-todos-los-productos","8":"product_cat-chroma","9":"product_cat-hipot-safety-tester","11":"first","12":"instock","13":"taxable","14":"shipping-taxable","15":"product-type-simple"},"acf":[],"yoast_head":"<!-- This site is optimized with the Yoast SEO plugin v27.3 - https:\/\/yoast.com\/product\/yoast-seo-wordpress\/ -->\n<title>Analizador de seguridad el\u00e9ctrica 19032\/19032-P - Techmaster de Mexico<\/title>\n<meta name=\"robots\" content=\"index, follow, max-snippet:-1, max-image-preview:large, max-video-preview:-1\" \/>\n<link rel=\"canonical\" href=\"https:\/\/techmasterdemexico.com\/producto\/analizador-de-seguridad-electrica-19032-19032-p\/\" \/>\n<meta property=\"og:locale\" content=\"en_US\" \/>\n<meta property=\"og:type\" content=\"article\" \/>\n<meta property=\"og:title\" content=\"Analizador de seguridad el\u00e9ctrica 19032\/19032-P - Techmaster de Mexico\" \/>\n<meta property=\"og:description\" content=\"[:es]  &nbsp;    Funci\u00f3n AC \/ DC \/ IR \/ GB \/ LC \/ Dynamic: seis instrumentos en uno   Prueba de funcionamiento hasta 20   Salida de voltaje programable y valor l\u00edmite   Comprobaci\u00f3n abierta \/ corta de OSC   Detecci\u00f3n de flashover   Circuito de protecci\u00f3n humana   Dispositivo de escaneo m\u00faltiple compatible con prueba de corriente de fuga din\u00e1mica   Interfaz est\u00e1ndar RS232   Interfaz GPIB opcional   Gran panel LCD   Funci\u00f3n de bloqueo del panel frontal   Paneles blandos opcionales   Software de automatizaci\u00f3n CaptivATE   CE   Garant\u00eda de f\u00e1brica de 2 a\u00f1os  [:en]  &nbsp;    Funci\u00f3n AC \/ DC \/ IR \/ GB \/ LC \/ Dynamic: seis instrumentos en uno   Prueba de funcionamiento hasta 20   Salida de voltaje programable y valor l\u00edmite   Comprobaci\u00f3n abierta \/ corta de OSC   Detecci\u00f3n de flashover   Circuito de protecci\u00f3n humana   Dispositivo de escaneo m\u00faltiple compatible con prueba de corriente de fuga din\u00e1mica   Interfaz est\u00e1ndar RS232   Interfaz GPIB opcional   Gran panel LCD   Funci\u00f3n de bloqueo del panel frontal   Paneles blandos opcionales   Software de automatizaci\u00f3n CaptivATE   CE   Garant\u00eda de f\u00e1brica de 2 a\u00f1os  [:]\" \/>\n<meta property=\"og:url\" content=\"https:\/\/techmasterdemexico.com\/producto\/analizador-de-seguridad-electrica-19032-19032-p\/\" \/>\n<meta property=\"og:site_name\" content=\"Techmaster de Mexico\" \/>\n<meta property=\"article:modified_time\" content=\"2021-12-28T22:01:59+00:00\" \/>\n<meta property=\"og:image\" content=\"https:\/\/techmasterdemexico.com\/wp-content\/uploads\/2021\/07\/19032-1.jpg\" \/>\n\t<meta property=\"og:image:width\" content=\"500\" \/>\n\t<meta property=\"og:image:height\" content=\"500\" \/>\n\t<meta property=\"og:image:type\" content=\"image\/jpeg\" \/>\n<meta name=\"twitter:card\" content=\"summary_large_image\" \/>\n<meta name=\"twitter:label1\" content=\"Est. reading time\" \/>\n\t<meta name=\"twitter:data1\" content=\"1 minute\" \/>\n<script type=\"application\/ld+json\" class=\"yoast-schema-graph\">{\"@context\":\"https:\\\/\\\/schema.org\",\"@graph\":[{\"@type\":\"WebPage\",\"@id\":\"https:\\\/\\\/techmasterdemexico.com\\\/producto\\\/analizador-de-seguridad-electrica-19032-19032-p\\\/\",\"url\":\"https:\\\/\\\/techmasterdemexico.com\\\/producto\\\/analizador-de-seguridad-electrica-19032-19032-p\\\/\",\"name\":\"Analizador de seguridad el\u00e9ctrica 19032\\\/19032-P - Techmaster de Mexico\",\"isPartOf\":{\"@id\":\"https:\\\/\\\/techmasterdemexico.com\\\/#website\"},\"primaryImageOfPage\":{\"@id\":\"https:\\\/\\\/techmasterdemexico.com\\\/producto\\\/analizador-de-seguridad-electrica-19032-19032-p\\\/#primaryimage\"},\"image\":{\"@id\":\"https:\\\/\\\/techmasterdemexico.com\\\/producto\\\/analizador-de-seguridad-electrica-19032-19032-p\\\/#primaryimage\"},\"thumbnailUrl\":\"https:\\\/\\\/techmasterdemexico.com\\\/wp-content\\\/uploads\\\/2021\\\/07\\\/19032-1.jpg\",\"datePublished\":\"2021-07-23T06:14:40+00:00\",\"dateModified\":\"2021-12-28T22:01:59+00:00\",\"breadcrumb\":{\"@id\":\"https:\\\/\\\/techmasterdemexico.com\\\/producto\\\/analizador-de-seguridad-electrica-19032-19032-p\\\/#breadcrumb\"},\"inLanguage\":\"en-US\",\"potentialAction\":[{\"@type\":\"ReadAction\",\"target\":[\"https:\\\/\\\/techmasterdemexico.com\\\/producto\\\/analizador-de-seguridad-electrica-19032-19032-p\\\/\"]}]},{\"@type\":\"ImageObject\",\"inLanguage\":\"en-US\",\"@id\":\"https:\\\/\\\/techmasterdemexico.com\\\/producto\\\/analizador-de-seguridad-electrica-19032-19032-p\\\/#primaryimage\",\"url\":\"https:\\\/\\\/techmasterdemexico.com\\\/wp-content\\\/uploads\\\/2021\\\/07\\\/19032-1.jpg\",\"contentUrl\":\"https:\\\/\\\/techmasterdemexico.com\\\/wp-content\\\/uploads\\\/2021\\\/07\\\/19032-1.jpg\",\"width\":500,\"height\":500},{\"@type\":\"BreadcrumbList\",\"@id\":\"https:\\\/\\\/techmasterdemexico.com\\\/producto\\\/analizador-de-seguridad-electrica-19032-19032-p\\\/#breadcrumb\",\"itemListElement\":[{\"@type\":\"ListItem\",\"position\":1,\"name\":\"Portada\",\"item\":\"https:\\\/\\\/techmasterdemexico.com\\\/\"},{\"@type\":\"ListItem\",\"position\":2,\"name\":\"Analizador de seguridad el\u00e9ctrica 19032\\\/19032-P\"}]},{\"@type\":\"WebSite\",\"@id\":\"https:\\\/\\\/techmasterdemexico.com\\\/#website\",\"url\":\"https:\\\/\\\/techmasterdemexico.com\\\/\",\"name\":\"Techmaster de Mexico\",\"description\":\"\",\"potentialAction\":[{\"@type\":\"SearchAction\",\"target\":{\"@type\":\"EntryPoint\",\"urlTemplate\":\"https:\\\/\\\/techmasterdemexico.com\\\/?s={search_term_string}\"},\"query-input\":{\"@type\":\"PropertyValueSpecification\",\"valueRequired\":true,\"valueName\":\"search_term_string\"}}],\"inLanguage\":\"en-US\"}]}<\/script>\n<!-- \/ Yoast SEO plugin. -->","yoast_head_json":{"title":"Analizador de seguridad el\u00e9ctrica 19032\/19032-P - Techmaster de Mexico","robots":{"index":"index","follow":"follow","max-snippet":"max-snippet:-1","max-image-preview":"max-image-preview:large","max-video-preview":"max-video-preview:-1"},"canonical":"https:\/\/techmasterdemexico.com\/producto\/analizador-de-seguridad-electrica-19032-19032-p\/","og_locale":"en_US","og_type":"article","og_title":"Analizador de seguridad el\u00e9ctrica 19032\/19032-P - Techmaster de Mexico","og_description":"[:es]  &nbsp;    Funci\u00f3n AC \/ DC \/ IR \/ GB \/ LC \/ Dynamic: seis instrumentos en uno   Prueba de funcionamiento hasta 20   Salida de voltaje programable y valor l\u00edmite   Comprobaci\u00f3n abierta \/ corta de OSC   Detecci\u00f3n de flashover   Circuito de protecci\u00f3n humana   Dispositivo de escaneo m\u00faltiple compatible con prueba de corriente de fuga din\u00e1mica   Interfaz est\u00e1ndar RS232   Interfaz GPIB opcional   Gran panel LCD   Funci\u00f3n de bloqueo del panel frontal   Paneles blandos opcionales   Software de automatizaci\u00f3n CaptivATE   CE   Garant\u00eda de f\u00e1brica de 2 a\u00f1os  [:en]  &nbsp;    Funci\u00f3n AC \/ DC \/ IR \/ GB \/ LC \/ Dynamic: seis instrumentos en uno   Prueba de funcionamiento hasta 20   Salida de voltaje programable y valor l\u00edmite   Comprobaci\u00f3n abierta \/ corta de OSC   Detecci\u00f3n de flashover   Circuito de protecci\u00f3n humana   Dispositivo de escaneo m\u00faltiple compatible con prueba de corriente de fuga din\u00e1mica   Interfaz est\u00e1ndar RS232   Interfaz GPIB opcional   Gran panel LCD   Funci\u00f3n de bloqueo del panel frontal   Paneles blandos opcionales   Software de automatizaci\u00f3n CaptivATE   CE   Garant\u00eda de f\u00e1brica de 2 a\u00f1os  [:]","og_url":"https:\/\/techmasterdemexico.com\/producto\/analizador-de-seguridad-electrica-19032-19032-p\/","og_site_name":"Techmaster de Mexico","article_modified_time":"2021-12-28T22:01:59+00:00","og_image":[{"width":500,"height":500,"url":"https:\/\/techmasterdemexico.com\/wp-content\/uploads\/2021\/07\/19032-1.jpg","type":"image\/jpeg"}],"twitter_card":"summary_large_image","twitter_misc":{"Est. reading time":"1 minute"},"schema":{"@context":"https:\/\/schema.org","@graph":[{"@type":"WebPage","@id":"https:\/\/techmasterdemexico.com\/producto\/analizador-de-seguridad-electrica-19032-19032-p\/","url":"https:\/\/techmasterdemexico.com\/producto\/analizador-de-seguridad-electrica-19032-19032-p\/","name":"Analizador de seguridad el\u00e9ctrica 19032\/19032-P - Techmaster de Mexico","isPartOf":{"@id":"https:\/\/techmasterdemexico.com\/#website"},"primaryImageOfPage":{"@id":"https:\/\/techmasterdemexico.com\/producto\/analizador-de-seguridad-electrica-19032-19032-p\/#primaryimage"},"image":{"@id":"https:\/\/techmasterdemexico.com\/producto\/analizador-de-seguridad-electrica-19032-19032-p\/#primaryimage"},"thumbnailUrl":"https:\/\/techmasterdemexico.com\/wp-content\/uploads\/2021\/07\/19032-1.jpg","datePublished":"2021-07-23T06:14:40+00:00","dateModified":"2021-12-28T22:01:59+00:00","breadcrumb":{"@id":"https:\/\/techmasterdemexico.com\/producto\/analizador-de-seguridad-electrica-19032-19032-p\/#breadcrumb"},"inLanguage":"en-US","potentialAction":[{"@type":"ReadAction","target":["https:\/\/techmasterdemexico.com\/producto\/analizador-de-seguridad-electrica-19032-19032-p\/"]}]},{"@type":"ImageObject","inLanguage":"en-US","@id":"https:\/\/techmasterdemexico.com\/producto\/analizador-de-seguridad-electrica-19032-19032-p\/#primaryimage","url":"https:\/\/techmasterdemexico.com\/wp-content\/uploads\/2021\/07\/19032-1.jpg","contentUrl":"https:\/\/techmasterdemexico.com\/wp-content\/uploads\/2021\/07\/19032-1.jpg","width":500,"height":500},{"@type":"BreadcrumbList","@id":"https:\/\/techmasterdemexico.com\/producto\/analizador-de-seguridad-electrica-19032-19032-p\/#breadcrumb","itemListElement":[{"@type":"ListItem","position":1,"name":"Portada","item":"https:\/\/techmasterdemexico.com\/"},{"@type":"ListItem","position":2,"name":"Analizador de seguridad el\u00e9ctrica 19032\/19032-P"}]},{"@type":"WebSite","@id":"https:\/\/techmasterdemexico.com\/#website","url":"https:\/\/techmasterdemexico.com\/","name":"Techmaster de Mexico","description":"","potentialAction":[{"@type":"SearchAction","target":{"@type":"EntryPoint","urlTemplate":"https:\/\/techmasterdemexico.com\/?s={search_term_string}"},"query-input":{"@type":"PropertyValueSpecification","valueRequired":true,"valueName":"search_term_string"}}],"inLanguage":"en-US"}]}},"brands":[{"id":90,"name":"Chroma","slug":"chroma"}],"_links":{"self":[{"href":"https:\/\/techmasterdemexico.com\/en\/wp-json\/wp\/v2\/product\/7798","targetHints":{"allow":["GET"]}}],"collection":[{"href":"https:\/\/techmasterdemexico.com\/en\/wp-json\/wp\/v2\/product"}],"about":[{"href":"https:\/\/techmasterdemexico.com\/en\/wp-json\/wp\/v2\/types\/product"}],"wp:featuredmedia":[{"embeddable":true,"href":"https:\/\/techmasterdemexico.com\/en\/wp-json\/wp\/v2\/media\/9084"}],"wp:attachment":[{"href":"https:\/\/techmasterdemexico.com\/en\/wp-json\/wp\/v2\/media?parent=7798"}],"wp:term":[{"taxonomy":"pwb-brand","embeddable":true,"href":"https:\/\/techmasterdemexico.com\/en\/wp-json\/wp\/v2\/pwb-brand?post=7798"},{"taxonomy":"product_brand","embeddable":true,"href":"https:\/\/techmasterdemexico.com\/en\/wp-json\/wp\/v2\/product_brand?post=7798"},{"taxonomy":"product_cat","embeddable":true,"href":"https:\/\/techmasterdemexico.com\/en\/wp-json\/wp\/v2\/product_cat?post=7798"},{"taxonomy":"product_tag","embeddable":true,"href":"https:\/\/techmasterdemexico.com\/en\/wp-json\/wp\/v2\/product_tag?post=7798"}],"curies":[{"name":"wp","href":"https:\/\/api.w.org\/{rel}","templated":true}]}}