{"id":7792,"date":"2021-07-23T05:59:44","date_gmt":"2021-07-23T05:59:44","guid":{"rendered":"http:\/\/techmastermx.ddns.net\/?post_type=product&#038;p=7792"},"modified":"2021-12-28T22:02:02","modified_gmt":"2021-12-28T22:02:02","slug":"carga-electronica-modular-de-cc-programable-63800-series","status":"publish","type":"product","link":"https:\/\/techmasterdemexico.com\/en\/producto\/carga-electronica-modular-de-cc-programable-63800-series\/","title":{"rendered":"Carga el\u00e9ctronica modular de CC programable 63800 Series"},"content":{"rendered":"<p>Carga electr\u00f3nica de CA programable &#8211; 63800<\/p>\n<p>Las cargas electr\u00f3nicas de CA Chroma 63800 pueden simular una variedad de condiciones de carga bajo un factor de cresta alto y factores de potencia variables con compensaci\u00f3n en tiempo real, incluso cuando la forma de onda de voltaje est\u00e1 distorsionada. Esta caracter\u00edstica \u00fanica proporciona capacidades de simulaci\u00f3n del mundo real y evita sobrecargar el instrumento, lo que da como resultado resultados de prueba confiables e imparciales.<\/p>\n<p>El dise\u00f1o de vanguardia del 63800 utiliza tecnolog\u00eda DSP para simular cargas rectificadas no lineales con su exclusivo modo de operaci\u00f3n RLC. Este modo mejora la estabilidad detectando la impedancia de la UUT y ajustando din\u00e1micamente el ancho de banda de control de la carga para garantizar la estabilidad del sistema.<\/p>\n<p>Las medidas integrales disponibles permiten a los usuarios monitorear el rendimiento de salida de la UUT. Adem\u00e1s, las se\u00f1ales de voltaje y corriente se pueden enrutar a un osciloscopio a trav\u00e9s de salidas anal\u00f3gicas integradas. La interfaz est\u00e1ndar GPIB \/ RS232 del instrumento proporciona control y monitoreo remotos para la integraci\u00f3n del sistema. Las salidas digitales integradas tambi\u00e9n se pueden usar para controlar rel\u00e9s externos para pruebas de cortocircuito (palanca).<\/p>\n<p>Las cargas 63800 de Chroma cuentan con un control de velocidad del ventilador que garantiza un bajo ruido ac\u00fastico. Las funciones de diagn\u00f3stico \/ protecci\u00f3n incluyen rutinas de autodiagn\u00f3stico y protecci\u00f3n contra escenarios de sobrepotencia, sobrecorriente, sobretensi\u00f3n y sobrecalentamiento.<\/p>\n","protected":false},"excerpt":{"rendered":"<p>&nbsp;<\/p>\n<ul>\n<li>Potencia nominal: 1800W \/ 3600W \/ 4500W<\/li>\n<li>Rango de voltaje: 50 V &#8211; 350 Vrms<\/li>\n<li>Rango de corriente: hasta 45 brazos<\/li>\n<li>Corriente m\u00e1xima: hasta 135 A<\/li>\n<li>Rango de frecuencia: 45 a 440 Hz, CC<\/li>\n<li>Rango de factor de cresta: 1,414 a 5,0<\/li>\n<li>Interfaces est\u00e1ndar GPIB y RS232<\/li>\n<li>Unidades en paralelo para mayor potencia o sincronizadas para operaci\u00f3n trif\u00e1sica<\/li>\n<li>Potencia m\u00e1xima en paralelo: 22,5 KW monof\u00e1sico \/ 67,5 KW trif\u00e1sico<\/li>\n<\/ul>\n","protected":false},"featured_media":9085,"template":"","meta":{"_acf_changed":false},"pwb-brand":[90],"product_brand":[],"product_cat":[366,91,93],"product_tag":[],"class_list":{"0":"post-7792","1":"product","2":"type-product","3":"status-publish","4":"has-post-thumbnail","6":"pwb-brand-chroma","7":"product_cat-todos-los-productos","8":"product_cat-chroma","9":"product_cat-electronic-loads","11":"first","12":"instock","13":"taxable","14":"shipping-taxable","15":"product-type-simple"},"acf":[],"yoast_head":"<!-- This site is optimized with the Yoast SEO plugin v27.4 - https:\/\/yoast.com\/product\/yoast-seo-wordpress\/ -->\n<title>Carga el\u00e9ctronica modular de CC programable 63800 Series - Techmaster de Mexico<\/title>\n<meta name=\"robots\" content=\"index, follow, max-snippet:-1, max-image-preview:large, max-video-preview:-1\" \/>\n<link rel=\"canonical\" href=\"https:\/\/techmasterdemexico.com\/producto\/carga-electronica-modular-de-cc-programable-63800-series\/\" \/>\n<meta property=\"og:locale\" content=\"en_US\" \/>\n<meta property=\"og:type\" content=\"article\" \/>\n<meta property=\"og:title\" content=\"Carga el\u00e9ctronica modular de CC programable 63800 Series - Techmaster de Mexico\" \/>\n<meta property=\"og:description\" content=\"[:es]  &nbsp;    Potencia nominal: 1800W \/ 3600W \/ 4500W   Rango de voltaje: 50 V - 350 Vrms   Rango de corriente: hasta 45 brazos   Corriente m\u00e1xima: hasta 135 A   Rango de frecuencia: 45 a 440 Hz, CC   Rango de factor de cresta: 1,414 a 5,0   Interfaces est\u00e1ndar GPIB y RS232   Unidades en paralelo para mayor potencia o sincronizadas para operaci\u00f3n trif\u00e1sica   Potencia m\u00e1xima en paralelo: 22,5 KW monof\u00e1sico \/ 67,5 KW trif\u00e1sico  [:en]  &nbsp;    Potencia nominal: 1800W \/ 3600W \/ 4500W   Rango de voltaje: 50 V - 350 Vrms   Rango de corriente: hasta 45 brazos   Corriente m\u00e1xima: hasta 135 A   Rango de frecuencia: 45 a 440 Hz, CC   Rango de factor de cresta: 1,414 a 5,0   Interfaces est\u00e1ndar GPIB y RS232   Unidades en paralelo para mayor potencia o sincronizadas para operaci\u00f3n trif\u00e1sica   Potencia m\u00e1xima en paralelo: 22,5 KW monof\u00e1sico \/ 67,5 KW trif\u00e1sico  [:]\" \/>\n<meta property=\"og:url\" content=\"https:\/\/techmasterdemexico.com\/producto\/carga-electronica-modular-de-cc-programable-63800-series\/\" \/>\n<meta property=\"og:site_name\" content=\"Techmaster de Mexico\" \/>\n<meta property=\"article:modified_time\" content=\"2021-12-28T22:02:02+00:00\" \/>\n<meta property=\"og:image\" content=\"https:\/\/techmasterdemexico.com\/wp-content\/uploads\/2021\/07\/product_slider_63800_1-1.jpg\" \/>\n\t<meta property=\"og:image:width\" content=\"500\" \/>\n\t<meta property=\"og:image:height\" content=\"500\" \/>\n\t<meta property=\"og:image:type\" content=\"image\/jpeg\" \/>\n<meta name=\"twitter:card\" content=\"summary_large_image\" \/>\n<meta name=\"twitter:label1\" content=\"Est. reading time\" \/>\n\t<meta name=\"twitter:data1\" content=\"1 minute\" \/>\n<script type=\"application\/ld+json\" class=\"yoast-schema-graph\">{\"@context\":\"https:\\\/\\\/schema.org\",\"@graph\":[{\"@type\":\"WebPage\",\"@id\":\"https:\\\/\\\/techmasterdemexico.com\\\/producto\\\/carga-electronica-modular-de-cc-programable-63800-series\\\/\",\"url\":\"https:\\\/\\\/techmasterdemexico.com\\\/producto\\\/carga-electronica-modular-de-cc-programable-63800-series\\\/\",\"name\":\"Carga el\u00e9ctronica modular de CC programable 63800 Series - Techmaster de Mexico\",\"isPartOf\":{\"@id\":\"https:\\\/\\\/techmasterdemexico.com\\\/#website\"},\"primaryImageOfPage\":{\"@id\":\"https:\\\/\\\/techmasterdemexico.com\\\/producto\\\/carga-electronica-modular-de-cc-programable-63800-series\\\/#primaryimage\"},\"image\":{\"@id\":\"https:\\\/\\\/techmasterdemexico.com\\\/producto\\\/carga-electronica-modular-de-cc-programable-63800-series\\\/#primaryimage\"},\"thumbnailUrl\":\"https:\\\/\\\/techmasterdemexico.com\\\/wp-content\\\/uploads\\\/2021\\\/07\\\/product_slider_63800_1-1.jpg\",\"datePublished\":\"2021-07-23T05:59:44+00:00\",\"dateModified\":\"2021-12-28T22:02:02+00:00\",\"breadcrumb\":{\"@id\":\"https:\\\/\\\/techmasterdemexico.com\\\/producto\\\/carga-electronica-modular-de-cc-programable-63800-series\\\/#breadcrumb\"},\"inLanguage\":\"en-US\",\"potentialAction\":[{\"@type\":\"ReadAction\",\"target\":[\"https:\\\/\\\/techmasterdemexico.com\\\/producto\\\/carga-electronica-modular-de-cc-programable-63800-series\\\/\"]}]},{\"@type\":\"ImageObject\",\"inLanguage\":\"en-US\",\"@id\":\"https:\\\/\\\/techmasterdemexico.com\\\/producto\\\/carga-electronica-modular-de-cc-programable-63800-series\\\/#primaryimage\",\"url\":\"https:\\\/\\\/techmasterdemexico.com\\\/wp-content\\\/uploads\\\/2021\\\/07\\\/product_slider_63800_1-1.jpg\",\"contentUrl\":\"https:\\\/\\\/techmasterdemexico.com\\\/wp-content\\\/uploads\\\/2021\\\/07\\\/product_slider_63800_1-1.jpg\",\"width\":500,\"height\":500},{\"@type\":\"BreadcrumbList\",\"@id\":\"https:\\\/\\\/techmasterdemexico.com\\\/producto\\\/carga-electronica-modular-de-cc-programable-63800-series\\\/#breadcrumb\",\"itemListElement\":[{\"@type\":\"ListItem\",\"position\":1,\"name\":\"Portada\",\"item\":\"https:\\\/\\\/techmasterdemexico.com\\\/\"},{\"@type\":\"ListItem\",\"position\":2,\"name\":\"Carga el\u00e9ctronica modular de CC programable 63800 Series\"}]},{\"@type\":\"WebSite\",\"@id\":\"https:\\\/\\\/techmasterdemexico.com\\\/#website\",\"url\":\"https:\\\/\\\/techmasterdemexico.com\\\/\",\"name\":\"Techmaster de Mexico\",\"description\":\"\",\"potentialAction\":[{\"@type\":\"SearchAction\",\"target\":{\"@type\":\"EntryPoint\",\"urlTemplate\":\"https:\\\/\\\/techmasterdemexico.com\\\/?s={search_term_string}\"},\"query-input\":{\"@type\":\"PropertyValueSpecification\",\"valueRequired\":true,\"valueName\":\"search_term_string\"}}],\"inLanguage\":\"en-US\"}]}<\/script>\n<!-- \/ Yoast SEO plugin. -->","yoast_head_json":{"title":"Carga el\u00e9ctronica modular de CC programable 63800 Series - Techmaster de Mexico","robots":{"index":"index","follow":"follow","max-snippet":"max-snippet:-1","max-image-preview":"max-image-preview:large","max-video-preview":"max-video-preview:-1"},"canonical":"https:\/\/techmasterdemexico.com\/producto\/carga-electronica-modular-de-cc-programable-63800-series\/","og_locale":"en_US","og_type":"article","og_title":"Carga el\u00e9ctronica modular de CC programable 63800 Series - Techmaster de Mexico","og_description":"[:es]  &nbsp;    Potencia nominal: 1800W \/ 3600W \/ 4500W   Rango de voltaje: 50 V - 350 Vrms   Rango de corriente: hasta 45 brazos   Corriente m\u00e1xima: hasta 135 A   Rango de frecuencia: 45 a 440 Hz, CC   Rango de factor de cresta: 1,414 a 5,0   Interfaces est\u00e1ndar GPIB y RS232   Unidades en paralelo para mayor potencia o sincronizadas para operaci\u00f3n trif\u00e1sica   Potencia m\u00e1xima en paralelo: 22,5 KW monof\u00e1sico \/ 67,5 KW trif\u00e1sico  [:en]  &nbsp;    Potencia nominal: 1800W \/ 3600W \/ 4500W   Rango de voltaje: 50 V - 350 Vrms   Rango de corriente: hasta 45 brazos   Corriente m\u00e1xima: hasta 135 A   Rango de frecuencia: 45 a 440 Hz, CC   Rango de factor de cresta: 1,414 a 5,0   Interfaces est\u00e1ndar GPIB y RS232   Unidades en paralelo para mayor potencia o sincronizadas para operaci\u00f3n trif\u00e1sica   Potencia m\u00e1xima en paralelo: 22,5 KW monof\u00e1sico \/ 67,5 KW trif\u00e1sico  [:]","og_url":"https:\/\/techmasterdemexico.com\/producto\/carga-electronica-modular-de-cc-programable-63800-series\/","og_site_name":"Techmaster de Mexico","article_modified_time":"2021-12-28T22:02:02+00:00","og_image":[{"width":500,"height":500,"url":"https:\/\/techmasterdemexico.com\/wp-content\/uploads\/2021\/07\/product_slider_63800_1-1.jpg","type":"image\/jpeg"}],"twitter_card":"summary_large_image","twitter_misc":{"Est. reading time":"1 minute"},"schema":{"@context":"https:\/\/schema.org","@graph":[{"@type":"WebPage","@id":"https:\/\/techmasterdemexico.com\/producto\/carga-electronica-modular-de-cc-programable-63800-series\/","url":"https:\/\/techmasterdemexico.com\/producto\/carga-electronica-modular-de-cc-programable-63800-series\/","name":"Carga el\u00e9ctronica modular de CC programable 63800 Series - Techmaster de Mexico","isPartOf":{"@id":"https:\/\/techmasterdemexico.com\/#website"},"primaryImageOfPage":{"@id":"https:\/\/techmasterdemexico.com\/producto\/carga-electronica-modular-de-cc-programable-63800-series\/#primaryimage"},"image":{"@id":"https:\/\/techmasterdemexico.com\/producto\/carga-electronica-modular-de-cc-programable-63800-series\/#primaryimage"},"thumbnailUrl":"https:\/\/techmasterdemexico.com\/wp-content\/uploads\/2021\/07\/product_slider_63800_1-1.jpg","datePublished":"2021-07-23T05:59:44+00:00","dateModified":"2021-12-28T22:02:02+00:00","breadcrumb":{"@id":"https:\/\/techmasterdemexico.com\/producto\/carga-electronica-modular-de-cc-programable-63800-series\/#breadcrumb"},"inLanguage":"en-US","potentialAction":[{"@type":"ReadAction","target":["https:\/\/techmasterdemexico.com\/producto\/carga-electronica-modular-de-cc-programable-63800-series\/"]}]},{"@type":"ImageObject","inLanguage":"en-US","@id":"https:\/\/techmasterdemexico.com\/producto\/carga-electronica-modular-de-cc-programable-63800-series\/#primaryimage","url":"https:\/\/techmasterdemexico.com\/wp-content\/uploads\/2021\/07\/product_slider_63800_1-1.jpg","contentUrl":"https:\/\/techmasterdemexico.com\/wp-content\/uploads\/2021\/07\/product_slider_63800_1-1.jpg","width":500,"height":500},{"@type":"BreadcrumbList","@id":"https:\/\/techmasterdemexico.com\/producto\/carga-electronica-modular-de-cc-programable-63800-series\/#breadcrumb","itemListElement":[{"@type":"ListItem","position":1,"name":"Portada","item":"https:\/\/techmasterdemexico.com\/"},{"@type":"ListItem","position":2,"name":"Carga el\u00e9ctronica modular de CC programable 63800 Series"}]},{"@type":"WebSite","@id":"https:\/\/techmasterdemexico.com\/#website","url":"https:\/\/techmasterdemexico.com\/","name":"Techmaster de Mexico","description":"","potentialAction":[{"@type":"SearchAction","target":{"@type":"EntryPoint","urlTemplate":"https:\/\/techmasterdemexico.com\/?s={search_term_string}"},"query-input":{"@type":"PropertyValueSpecification","valueRequired":true,"valueName":"search_term_string"}}],"inLanguage":"en-US"}]}},"brands":[{"id":90,"name":"Chroma","slug":"chroma"}],"_links":{"self":[{"href":"https:\/\/techmasterdemexico.com\/en\/wp-json\/wp\/v2\/product\/7792","targetHints":{"allow":["GET"]}}],"collection":[{"href":"https:\/\/techmasterdemexico.com\/en\/wp-json\/wp\/v2\/product"}],"about":[{"href":"https:\/\/techmasterdemexico.com\/en\/wp-json\/wp\/v2\/types\/product"}],"wp:featuredmedia":[{"embeddable":true,"href":"https:\/\/techmasterdemexico.com\/en\/wp-json\/wp\/v2\/media\/9085"}],"wp:attachment":[{"href":"https:\/\/techmasterdemexico.com\/en\/wp-json\/wp\/v2\/media?parent=7792"}],"wp:term":[{"taxonomy":"pwb-brand","embeddable":true,"href":"https:\/\/techmasterdemexico.com\/en\/wp-json\/wp\/v2\/pwb-brand?post=7792"},{"taxonomy":"product_brand","embeddable":true,"href":"https:\/\/techmasterdemexico.com\/en\/wp-json\/wp\/v2\/product_brand?post=7792"},{"taxonomy":"product_cat","embeddable":true,"href":"https:\/\/techmasterdemexico.com\/en\/wp-json\/wp\/v2\/product_cat?post=7792"},{"taxonomy":"product_tag","embeddable":true,"href":"https:\/\/techmasterdemexico.com\/en\/wp-json\/wp\/v2\/product_tag?post=7792"}],"curies":[{"name":"wp","href":"https:\/\/api.w.org\/{rel}","templated":true}]}}