{"id":7791,"date":"2021-07-23T05:56:48","date_gmt":"2021-07-23T05:56:48","guid":{"rendered":"http:\/\/techmastermx.ddns.net\/?post_type=product&#038;p=7791"},"modified":"2021-12-28T22:02:02","modified_gmt":"2021-12-28T22:02:02","slug":"carga-electronica-modular-de-cc-programable-63600-series-63630-80-60","status":"publish","type":"product","link":"https:\/\/techmasterdemexico.com\/en\/producto\/carga-electronica-modular-de-cc-programable-63600-series-63630-80-60\/","title":{"rendered":"Carga el\u00e9ctronica modular de CC programable 63600 Series"},"content":{"rendered":"<p>Carga electr\u00f3nica modular de CC &#8211; 63600<\/p>\n<p>Descripci\u00f3n de carga electr\u00f3nica de CC<\/p>\n<p>La carga electr\u00f3nica de CC modular 63600 de Chroma est\u00e1 dise\u00f1ada para probar fuentes de alimentaci\u00f3n CA \/ CC de m\u00faltiples salidas, convertidores CC \/ CC, cargadores, bater\u00edas, adaptadores y componentes electr\u00f3nicos de potencia. Son excelentes para su uso en aplicaciones de investigaci\u00f3n, desarrollo, producci\u00f3n e inspecci\u00f3n de entrada.<\/p>\n<p>El dise\u00f1o de vanguardia del 63600 utiliza tecnolog\u00eda DSP para simular cargas no lineales utilizando un modo de operaci\u00f3n CZ \u00fanico que permite un comportamiento de carga realista.<\/p>\n<p>La carga electr\u00f3nica de CC 63600 puede consumir su corriente nominal a un voltaje muy bajo (0,4 V t\u00edpico). Esta caracter\u00edstica \u00fanica garantiza el mejor rendimiento de carga para las condiciones modernas de punto de carga y celdas de combustible.<\/p>\n<p>La medici\u00f3n en tiempo real de voltaje y corriente se integra en cada m\u00f3dulo de carga 63600 utilizando un circuito de medici\u00f3n de 16 bits con tres rangos de corriente. El usuario puede realizar mediciones y ajustes de voltaje en l\u00ednea o simular una prueba de cortocircuito usando el teclado simple en el panel frontal.<\/p>\n<p>Con la pantalla VFD y la perilla giratoria, las cargas 63600 ofrecen una operaci\u00f3n vers\u00e1til en el panel frontal. Los usuarios pueden controlar la familia 63600 de forma remota a trav\u00e9s de una interfaz Ethernet, USB o GPIB.<\/p>\n<p>En la carga electr\u00f3nica 63600 DC tambi\u00e9n se incluyen rutinas de autodiagn\u00f3stico y protecciones completas contra OP, OC, OT y alarma que indica OV, polaridad inversa. Esto asegura la calidad y confiabilidad del 63600 y brinda protecci\u00f3n a las unidades bajo prueba.<\/p>\n","protected":false},"excerpt":{"rendered":"<p>&nbsp;<\/p>\n<ul>\n<li>Max. Potencia: 100 W x 2 (doble), 300 W, 400 W<\/li>\n<li>Rango de voltaje: 80 V, 150 V, 600 V<\/li>\n<li>Unidad central de 5 m\u00f3dulos M\u00e1x. 2000W, m\u00f3dulos de carga hasta 400W \/ ea<\/li>\n<li>Hasta 10 canales en un mainframe, apto para probar SMPS de m\u00faltiples salidas<\/li>\n<li>0,4 V a 80 A (t\u00edpico) caracter\u00edsticas de funcionamiento de bajo voltaje<\/li>\n<li>Modos de funcionamiento flexibles CC, CR, CV y \u200b\u200bCP<\/li>\n<li>Modo CZ para activar la simulaci\u00f3n de carga capacitiva (hasta 50.000 uF de emulaci\u00f3n de capacitancia)<\/li>\n<li>Modo paralelo para aplicaciones de alta corriente y potencia de hasta 2 kW<\/li>\n<li>Control s\u00edncrono multicanal<\/li>\n<li>Simulaci\u00f3n de respuesta transitoria de carga de la fuente de alimentaci\u00f3n en tiempo real y medici\u00f3n de Vpk +\/-<\/li>\n<li>100 estado de entrada secuencial programable por el usuario en el panel frontal para un funcionamiento sencillo<\/li>\n<li>Funci\u00f3n de prueba de protecci\u00f3n contra sobrecorriente (OCP)<\/li>\n<li>Medici\u00f3n de tensi\u00f3n y corriente de precisi\u00f3n<\/li>\n<li>Medici\u00f3n \/ captura de datos de digitalizaci\u00f3n de alta velocidad de precisi\u00f3n<\/li>\n<li>Medici\u00f3n de voltaje, corriente y Pmax para pruebas OCP \/ OLP<\/li>\n<li>Medici\u00f3n de tiempos para bater\u00edas<\/li>\n<li>Simulaci\u00f3n de cortocircuito<\/li>\n<li>Autoprueba al encender<\/li>\n<li>Protecci\u00f3n total: protecci\u00f3n OC, OP, OT y alarma OV<\/li>\n<li>Interfaces Ethernet, USB y GPIB<\/li>\n<li>Formas de onda definidas por el usuario<\/li>\n<\/ul>\n","protected":false},"featured_media":9086,"template":"","meta":{"_acf_changed":false},"pwb-brand":[90],"product_brand":[],"product_cat":[366,91,93],"product_tag":[],"class_list":{"0":"post-7791","1":"product","2":"type-product","3":"status-publish","4":"has-post-thumbnail","6":"pwb-brand-chroma","7":"product_cat-todos-los-productos","8":"product_cat-chroma","9":"product_cat-electronic-loads","11":"first","12":"instock","13":"taxable","14":"shipping-taxable","15":"product-type-simple"},"acf":[],"yoast_head":"<!-- This site is optimized with the Yoast SEO plugin v27.4 - https:\/\/yoast.com\/product\/yoast-seo-wordpress\/ -->\n<title>Carga el\u00e9ctronica modular de CC programable 63600 Series - Techmaster de Mexico<\/title>\n<meta name=\"robots\" content=\"index, follow, max-snippet:-1, max-image-preview:large, max-video-preview:-1\" \/>\n<link rel=\"canonical\" href=\"https:\/\/techmasterdemexico.com\/producto\/carga-electronica-modular-de-cc-programable-63600-series-63630-80-60\/\" \/>\n<meta property=\"og:locale\" content=\"en_US\" \/>\n<meta property=\"og:type\" content=\"article\" \/>\n<meta property=\"og:title\" content=\"Carga el\u00e9ctronica modular de CC programable 63600 Series - Techmaster de Mexico\" \/>\n<meta property=\"og:description\" content=\"[:es]  &nbsp;    Max. Potencia: 100 W x 2 (doble), 300 W, 400 W   Rango de voltaje: 80 V, 150 V, 600 V   Unidad central de 5 m\u00f3dulos M\u00e1x. 2000W, m\u00f3dulos de carga hasta 400W \/ ea   Hasta 10 canales en un mainframe, apto para probar SMPS de m\u00faltiples salidas   0,4 V a 80 A (t\u00edpico) caracter\u00edsticas de funcionamiento de bajo voltaje   Modos de funcionamiento flexibles CC, CR, CV y \u200b\u200bCP   Modo CZ para activar la simulaci\u00f3n de carga capacitiva (hasta 50.000 uF de emulaci\u00f3n de capacitancia)   Modo paralelo para aplicaciones de alta corriente y potencia de hasta 2 kW   Control s\u00edncrono multicanal   Simulaci\u00f3n de respuesta transitoria de carga de la fuente de alimentaci\u00f3n en tiempo real y medici\u00f3n de Vpk +\/-   100 estado de entrada secuencial programable por el usuario en el panel frontal para un funcionamiento sencillo   Funci\u00f3n de prueba de protecci\u00f3n contra sobrecorriente (OCP)   Medici\u00f3n de tensi\u00f3n y corriente de precisi\u00f3n   Medici\u00f3n \/ captura de datos de digitalizaci\u00f3n de alta velocidad de precisi\u00f3n   Medici\u00f3n de voltaje, corriente y Pmax para pruebas OCP \/ OLP   Medici\u00f3n de tiempos para bater\u00edas   Simulaci\u00f3n de cortocircuito   Autoprueba al encender   Protecci\u00f3n total: protecci\u00f3n OC, OP, OT y alarma OV   Interfaces Ethernet, USB y GPIB   Formas de onda definidas por el usuario  [:en]  &nbsp;    Max. Potencia: 100 W x 2 (doble), 300 W, 400 W   Rango de voltaje: 80 V, 150 V, 600 V   Unidad central de 5 m\u00f3dulos M\u00e1x. 2000W, m\u00f3dulos de carga hasta 400W \/ ea   Hasta 10 canales en un mainframe, apto para probar SMPS de m\u00faltiples salidas   0,4 V a 80 A (t\u00edpico) caracter\u00edsticas de funcionamiento de bajo voltaje   Modos de funcionamiento flexibles CC, CR, CV y \u200b\u200bCP   Modo CZ para activar la simulaci\u00f3n de carga capacitiva (hasta 50.000 uF de emulaci\u00f3n de capacitancia)   Modo paralelo para aplicaciones de alta corriente y potencia de hasta 2 kW   Control s\u00edncrono multicanal   Simulaci\u00f3n de respuesta transitoria de carga de la fuente de alimentaci\u00f3n en tiempo real y medici\u00f3n de Vpk +\/-   100 estado de entrada secuencial programable por el usuario en el panel frontal para un funcionamiento sencillo   Funci\u00f3n de prueba de protecci\u00f3n contra sobrecorriente (OCP)   Medici\u00f3n de tensi\u00f3n y corriente de precisi\u00f3n   Medici\u00f3n \/ captura de datos de digitalizaci\u00f3n de alta velocidad de precisi\u00f3n   Medici\u00f3n de voltaje, corriente y Pmax para pruebas OCP \/ OLP   Medici\u00f3n de tiempos para bater\u00edas   Simulaci\u00f3n de cortocircuito   Autoprueba al encender   Protecci\u00f3n total: protecci\u00f3n OC, OP, OT y alarma OV   Interfaces Ethernet, USB y GPIB   Formas de onda definidas por el usuario  [:]\" \/>\n<meta property=\"og:url\" content=\"https:\/\/techmasterdemexico.com\/producto\/carga-electronica-modular-de-cc-programable-63600-series-63630-80-60\/\" \/>\n<meta property=\"og:site_name\" content=\"Techmaster de Mexico\" \/>\n<meta property=\"article:modified_time\" content=\"2021-12-28T22:02:02+00:00\" \/>\n<meta property=\"og:image\" content=\"https:\/\/techmasterdemexico.com\/wp-content\/uploads\/2021\/07\/product_slider_63600_1-1.jpg\" \/>\n\t<meta property=\"og:image:width\" content=\"500\" \/>\n\t<meta property=\"og:image:height\" content=\"500\" \/>\n\t<meta property=\"og:image:type\" content=\"image\/jpeg\" \/>\n<meta name=\"twitter:card\" content=\"summary_large_image\" \/>\n<meta name=\"twitter:label1\" content=\"Est. reading time\" \/>\n\t<meta name=\"twitter:data1\" content=\"1 minute\" \/>\n<script type=\"application\/ld+json\" class=\"yoast-schema-graph\">{\"@context\":\"https:\\\/\\\/schema.org\",\"@graph\":[{\"@type\":\"WebPage\",\"@id\":\"https:\\\/\\\/techmasterdemexico.com\\\/producto\\\/carga-electronica-modular-de-cc-programable-63600-series-63630-80-60\\\/\",\"url\":\"https:\\\/\\\/techmasterdemexico.com\\\/producto\\\/carga-electronica-modular-de-cc-programable-63600-series-63630-80-60\\\/\",\"name\":\"Carga el\u00e9ctronica modular de CC programable 63600 Series - Techmaster de Mexico\",\"isPartOf\":{\"@id\":\"https:\\\/\\\/techmasterdemexico.com\\\/#website\"},\"primaryImageOfPage\":{\"@id\":\"https:\\\/\\\/techmasterdemexico.com\\\/producto\\\/carga-electronica-modular-de-cc-programable-63600-series-63630-80-60\\\/#primaryimage\"},\"image\":{\"@id\":\"https:\\\/\\\/techmasterdemexico.com\\\/producto\\\/carga-electronica-modular-de-cc-programable-63600-series-63630-80-60\\\/#primaryimage\"},\"thumbnailUrl\":\"https:\\\/\\\/techmasterdemexico.com\\\/wp-content\\\/uploads\\\/2021\\\/07\\\/product_slider_63600_1-1.jpg\",\"datePublished\":\"2021-07-23T05:56:48+00:00\",\"dateModified\":\"2021-12-28T22:02:02+00:00\",\"breadcrumb\":{\"@id\":\"https:\\\/\\\/techmasterdemexico.com\\\/producto\\\/carga-electronica-modular-de-cc-programable-63600-series-63630-80-60\\\/#breadcrumb\"},\"inLanguage\":\"en-US\",\"potentialAction\":[{\"@type\":\"ReadAction\",\"target\":[\"https:\\\/\\\/techmasterdemexico.com\\\/producto\\\/carga-electronica-modular-de-cc-programable-63600-series-63630-80-60\\\/\"]}]},{\"@type\":\"ImageObject\",\"inLanguage\":\"en-US\",\"@id\":\"https:\\\/\\\/techmasterdemexico.com\\\/producto\\\/carga-electronica-modular-de-cc-programable-63600-series-63630-80-60\\\/#primaryimage\",\"url\":\"https:\\\/\\\/techmasterdemexico.com\\\/wp-content\\\/uploads\\\/2021\\\/07\\\/product_slider_63600_1-1.jpg\",\"contentUrl\":\"https:\\\/\\\/techmasterdemexico.com\\\/wp-content\\\/uploads\\\/2021\\\/07\\\/product_slider_63600_1-1.jpg\",\"width\":500,\"height\":500},{\"@type\":\"BreadcrumbList\",\"@id\":\"https:\\\/\\\/techmasterdemexico.com\\\/producto\\\/carga-electronica-modular-de-cc-programable-63600-series-63630-80-60\\\/#breadcrumb\",\"itemListElement\":[{\"@type\":\"ListItem\",\"position\":1,\"name\":\"Portada\",\"item\":\"https:\\\/\\\/techmasterdemexico.com\\\/\"},{\"@type\":\"ListItem\",\"position\":2,\"name\":\"Carga el\u00e9ctronica modular de CC programable 63600 Series\"}]},{\"@type\":\"WebSite\",\"@id\":\"https:\\\/\\\/techmasterdemexico.com\\\/#website\",\"url\":\"https:\\\/\\\/techmasterdemexico.com\\\/\",\"name\":\"Techmaster de Mexico\",\"description\":\"\",\"potentialAction\":[{\"@type\":\"SearchAction\",\"target\":{\"@type\":\"EntryPoint\",\"urlTemplate\":\"https:\\\/\\\/techmasterdemexico.com\\\/?s={search_term_string}\"},\"query-input\":{\"@type\":\"PropertyValueSpecification\",\"valueRequired\":true,\"valueName\":\"search_term_string\"}}],\"inLanguage\":\"en-US\"}]}<\/script>\n<!-- \/ Yoast SEO plugin. -->","yoast_head_json":{"title":"Carga el\u00e9ctronica modular de CC programable 63600 Series - Techmaster de Mexico","robots":{"index":"index","follow":"follow","max-snippet":"max-snippet:-1","max-image-preview":"max-image-preview:large","max-video-preview":"max-video-preview:-1"},"canonical":"https:\/\/techmasterdemexico.com\/producto\/carga-electronica-modular-de-cc-programable-63600-series-63630-80-60\/","og_locale":"en_US","og_type":"article","og_title":"Carga el\u00e9ctronica modular de CC programable 63600 Series - Techmaster de Mexico","og_description":"[:es]  &nbsp;    Max. Potencia: 100 W x 2 (doble), 300 W, 400 W   Rango de voltaje: 80 V, 150 V, 600 V   Unidad central de 5 m\u00f3dulos M\u00e1x. 2000W, m\u00f3dulos de carga hasta 400W \/ ea   Hasta 10 canales en un mainframe, apto para probar SMPS de m\u00faltiples salidas   0,4 V a 80 A (t\u00edpico) caracter\u00edsticas de funcionamiento de bajo voltaje   Modos de funcionamiento flexibles CC, CR, CV y \u200b\u200bCP   Modo CZ para activar la simulaci\u00f3n de carga capacitiva (hasta 50.000 uF de emulaci\u00f3n de capacitancia)   Modo paralelo para aplicaciones de alta corriente y potencia de hasta 2 kW   Control s\u00edncrono multicanal   Simulaci\u00f3n de respuesta transitoria de carga de la fuente de alimentaci\u00f3n en tiempo real y medici\u00f3n de Vpk +\/-   100 estado de entrada secuencial programable por el usuario en el panel frontal para un funcionamiento sencillo   Funci\u00f3n de prueba de protecci\u00f3n contra sobrecorriente (OCP)   Medici\u00f3n de tensi\u00f3n y corriente de precisi\u00f3n   Medici\u00f3n \/ captura de datos de digitalizaci\u00f3n de alta velocidad de precisi\u00f3n   Medici\u00f3n de voltaje, corriente y Pmax para pruebas OCP \/ OLP   Medici\u00f3n de tiempos para bater\u00edas   Simulaci\u00f3n de cortocircuito   Autoprueba al encender   Protecci\u00f3n total: protecci\u00f3n OC, OP, OT y alarma OV   Interfaces Ethernet, USB y GPIB   Formas de onda definidas por el usuario  [:en]  &nbsp;    Max. Potencia: 100 W x 2 (doble), 300 W, 400 W   Rango de voltaje: 80 V, 150 V, 600 V   Unidad central de 5 m\u00f3dulos M\u00e1x. 2000W, m\u00f3dulos de carga hasta 400W \/ ea   Hasta 10 canales en un mainframe, apto para probar SMPS de m\u00faltiples salidas   0,4 V a 80 A (t\u00edpico) caracter\u00edsticas de funcionamiento de bajo voltaje   Modos de funcionamiento flexibles CC, CR, CV y \u200b\u200bCP   Modo CZ para activar la simulaci\u00f3n de carga capacitiva (hasta 50.000 uF de emulaci\u00f3n de capacitancia)   Modo paralelo para aplicaciones de alta corriente y potencia de hasta 2 kW   Control s\u00edncrono multicanal   Simulaci\u00f3n de respuesta transitoria de carga de la fuente de alimentaci\u00f3n en tiempo real y medici\u00f3n de Vpk +\/-   100 estado de entrada secuencial programable por el usuario en el panel frontal para un funcionamiento sencillo   Funci\u00f3n de prueba de protecci\u00f3n contra sobrecorriente (OCP)   Medici\u00f3n de tensi\u00f3n y corriente de precisi\u00f3n   Medici\u00f3n \/ captura de datos de digitalizaci\u00f3n de alta velocidad de precisi\u00f3n   Medici\u00f3n de voltaje, corriente y Pmax para pruebas OCP \/ OLP   Medici\u00f3n de tiempos para bater\u00edas   Simulaci\u00f3n de cortocircuito   Autoprueba al encender   Protecci\u00f3n total: protecci\u00f3n OC, OP, OT y alarma OV   Interfaces Ethernet, USB y GPIB   Formas de onda definidas por el usuario  [:]","og_url":"https:\/\/techmasterdemexico.com\/producto\/carga-electronica-modular-de-cc-programable-63600-series-63630-80-60\/","og_site_name":"Techmaster de Mexico","article_modified_time":"2021-12-28T22:02:02+00:00","og_image":[{"width":500,"height":500,"url":"https:\/\/techmasterdemexico.com\/wp-content\/uploads\/2021\/07\/product_slider_63600_1-1.jpg","type":"image\/jpeg"}],"twitter_card":"summary_large_image","twitter_misc":{"Est. reading time":"1 minute"},"schema":{"@context":"https:\/\/schema.org","@graph":[{"@type":"WebPage","@id":"https:\/\/techmasterdemexico.com\/producto\/carga-electronica-modular-de-cc-programable-63600-series-63630-80-60\/","url":"https:\/\/techmasterdemexico.com\/producto\/carga-electronica-modular-de-cc-programable-63600-series-63630-80-60\/","name":"Carga el\u00e9ctronica modular de CC programable 63600 Series - Techmaster de Mexico","isPartOf":{"@id":"https:\/\/techmasterdemexico.com\/#website"},"primaryImageOfPage":{"@id":"https:\/\/techmasterdemexico.com\/producto\/carga-electronica-modular-de-cc-programable-63600-series-63630-80-60\/#primaryimage"},"image":{"@id":"https:\/\/techmasterdemexico.com\/producto\/carga-electronica-modular-de-cc-programable-63600-series-63630-80-60\/#primaryimage"},"thumbnailUrl":"https:\/\/techmasterdemexico.com\/wp-content\/uploads\/2021\/07\/product_slider_63600_1-1.jpg","datePublished":"2021-07-23T05:56:48+00:00","dateModified":"2021-12-28T22:02:02+00:00","breadcrumb":{"@id":"https:\/\/techmasterdemexico.com\/producto\/carga-electronica-modular-de-cc-programable-63600-series-63630-80-60\/#breadcrumb"},"inLanguage":"en-US","potentialAction":[{"@type":"ReadAction","target":["https:\/\/techmasterdemexico.com\/producto\/carga-electronica-modular-de-cc-programable-63600-series-63630-80-60\/"]}]},{"@type":"ImageObject","inLanguage":"en-US","@id":"https:\/\/techmasterdemexico.com\/producto\/carga-electronica-modular-de-cc-programable-63600-series-63630-80-60\/#primaryimage","url":"https:\/\/techmasterdemexico.com\/wp-content\/uploads\/2021\/07\/product_slider_63600_1-1.jpg","contentUrl":"https:\/\/techmasterdemexico.com\/wp-content\/uploads\/2021\/07\/product_slider_63600_1-1.jpg","width":500,"height":500},{"@type":"BreadcrumbList","@id":"https:\/\/techmasterdemexico.com\/producto\/carga-electronica-modular-de-cc-programable-63600-series-63630-80-60\/#breadcrumb","itemListElement":[{"@type":"ListItem","position":1,"name":"Portada","item":"https:\/\/techmasterdemexico.com\/"},{"@type":"ListItem","position":2,"name":"Carga el\u00e9ctronica modular de CC programable 63600 Series"}]},{"@type":"WebSite","@id":"https:\/\/techmasterdemexico.com\/#website","url":"https:\/\/techmasterdemexico.com\/","name":"Techmaster de Mexico","description":"","potentialAction":[{"@type":"SearchAction","target":{"@type":"EntryPoint","urlTemplate":"https:\/\/techmasterdemexico.com\/?s={search_term_string}"},"query-input":{"@type":"PropertyValueSpecification","valueRequired":true,"valueName":"search_term_string"}}],"inLanguage":"en-US"}]}},"brands":[{"id":90,"name":"Chroma","slug":"chroma"}],"_links":{"self":[{"href":"https:\/\/techmasterdemexico.com\/en\/wp-json\/wp\/v2\/product\/7791","targetHints":{"allow":["GET"]}}],"collection":[{"href":"https:\/\/techmasterdemexico.com\/en\/wp-json\/wp\/v2\/product"}],"about":[{"href":"https:\/\/techmasterdemexico.com\/en\/wp-json\/wp\/v2\/types\/product"}],"wp:featuredmedia":[{"embeddable":true,"href":"https:\/\/techmasterdemexico.com\/en\/wp-json\/wp\/v2\/media\/9086"}],"wp:attachment":[{"href":"https:\/\/techmasterdemexico.com\/en\/wp-json\/wp\/v2\/media?parent=7791"}],"wp:term":[{"taxonomy":"pwb-brand","embeddable":true,"href":"https:\/\/techmasterdemexico.com\/en\/wp-json\/wp\/v2\/pwb-brand?post=7791"},{"taxonomy":"product_brand","embeddable":true,"href":"https:\/\/techmasterdemexico.com\/en\/wp-json\/wp\/v2\/product_brand?post=7791"},{"taxonomy":"product_cat","embeddable":true,"href":"https:\/\/techmasterdemexico.com\/en\/wp-json\/wp\/v2\/product_cat?post=7791"},{"taxonomy":"product_tag","embeddable":true,"href":"https:\/\/techmasterdemexico.com\/en\/wp-json\/wp\/v2\/product_tag?post=7791"}],"curies":[{"name":"wp","href":"https:\/\/api.w.org\/{rel}","templated":true}]}}