{"id":7775,"date":"2021-07-23T04:48:59","date_gmt":"2021-07-23T04:48:59","guid":{"rendered":"http:\/\/techmastermx.ddns.net\/?post_type=product&#038;p=7775"},"modified":"2021-12-28T21:42:39","modified_gmt":"2021-12-28T21:42:39","slug":"carga-electronica-modular-de-cc-programable-63200a-series","status":"publish","type":"product","link":"https:\/\/techmasterdemexico.com\/en\/producto\/carga-electronica-modular-de-cc-programable-63200a-series\/","title":{"rendered":"Carga el\u00e9ctronica modular de CC programable 63200A Series"},"content":{"rendered":"<p>Cargas electr\u00f3nicas de CC de alta potencia &#8211; 63200A<\/p>\n<p>Las cargas electr\u00f3nicas de CC de alta potencia Chroma proporcionan rangos de corriente y voltaje de funcionamiento m\u00e1s amplios de hasta 240 kW, carga de onda sinusoidal, barrido de frecuencia din\u00e1mica a 50 kHz, digitalizaci\u00f3n, MPPT, un impresionante panel frontal que se inclina y la mayor precisi\u00f3n disponible (voltaje 0.015% + 0.015% FS y corriente 0.04% + 0.04% FS), todo con una densidad de potencia incre\u00edblemente alta (6kW @ 4U).<\/p>\n<p>&nbsp;<\/p>\n<p>Las cargas electr\u00f3nicas de alta potencia 63200A con microprocesadores de se\u00f1al digital incorporados (200MHz) proporcionan una velocidad y un rendimiento de control \u00f3ptimos. La potencia de densidad ultra alta (6kW @ 4U) no solo ahorra espacio, su precisi\u00f3n de medici\u00f3n de voltaje s\u00faper alto (0.015% + 0.015% FS) y corriente (0.04% + 0.04% FS) asegura la confiabilidad de los resultados de las pruebas. Adem\u00e1s, toda la serie puede operarse manualmente o controlarse de forma remota. Para demandas de mayor potencia , el control maestro \/ esclavo se puede utilizar para operar en paralelo varias unidades. Estas cargas electr\u00f3nicas tambi\u00e9n tienen capacidades de carga s\u00edncrona para simular el estado de carga real.<\/p>\n<p>La serie 63200A se completa con rangos de voltaje de 150V, 600V y 1200V y rangos de potencia de 3kW a 24kW. La corriente m\u00e1xima de una sola unidad es 2000A y hasta 240kW cuando est\u00e1 en paralelo. Estas cargas electr\u00f3nicas de CC de alta potencia est\u00e1n dise\u00f1adas para probar fuentes de alimentaci\u00f3n de servidor, fuentes de alimentaci\u00f3n A \/ D, bater\u00edas y sistemas de almacenamiento de energ\u00eda, EV \/ EVSE, energ\u00eda solar y otros dispositivos electr\u00f3nicos de potencia.<\/p>\n","protected":false},"excerpt":{"rendered":"<p>&nbsp;<\/p>\n<ul>\n<li>Ficha de datos<\/li>\n<li>Potencia nominal: 3kW &#8211; 24kW, m\u00e1x. 240kW (paralelo)<\/li>\n<li>Rango de voltaje: 60 V, 150 V, 600 V, 1200 V<\/li>\n<li>Rango de corriente: 2000 A m\u00e1x. por unidad<\/li>\n<li>Modos de operaci\u00f3n CC, CR, CV y \u200b\u200bCP<\/li>\n<li>Modos complejos CR + CC, CR + CV, CC + CV<\/li>\n<li>Hasta 20 unidades de control paralelo maestro \/ esclavo<\/li>\n<li>Control s\u00edncrono din\u00e1mico en cargas est\u00e1ticas y din\u00e1micas<\/li>\n<li>Forma de onda definida por el usuario (UDW)<\/li>\n<li>Modo CZ para activar la simulaci\u00f3n de carga capacitiva<\/li>\n<li>Simulaci\u00f3n de corriente de carga externa<\/li>\n<li>Barrido autom\u00e1tico de frecuencia hasta 50 kHz<\/li>\n<li>Simulaci\u00f3n de respuesta transitoria de carga de la fuente de alimentaci\u00f3n en tiempo real y medici\u00f3n de Vpk +\/-<\/li>\n<li>Estado de entrada secuencial del panel frontal 255 programable por el usuario<\/li>\n<li>Medici\u00f3n de voltaje y corriente de ultra alta precisi\u00f3n<\/li>\n<li>Medici\u00f3n \/ captura de datos de digitalizaci\u00f3n de alta velocidad de precisi\u00f3n<\/li>\n<li>Medici\u00f3n de voltaje, corriente y Pmax para prueba OCP \/ OLP<\/li>\n<li>Medici\u00f3n de tiempo y descarga para bater\u00edas<\/li>\n<li>Carga de dominaci\u00f3n instant\u00e1nea<\/li>\n<li>Simulaci\u00f3n de cortocircuito<\/li>\n<li>Control de ventilador inteligente<\/li>\n<li>Protecci\u00f3n total: protecci\u00f3n OC (ajustable), OT, OP (ajustable) y advertencia OV<\/li>\n<li>Interfaces est\u00e1ndar USB, Ethernet y GPIB opcionales<\/li>\n<\/ul>\n","protected":false},"featured_media":9087,"template":"","meta":{"_acf_changed":false},"pwb-brand":[90],"product_brand":[],"product_cat":[366,91,93],"product_tag":[],"class_list":{"0":"post-7775","1":"product","2":"type-product","3":"status-publish","4":"has-post-thumbnail","6":"pwb-brand-chroma","7":"product_cat-todos-los-productos","8":"product_cat-chroma","9":"product_cat-electronic-loads","11":"first","12":"instock","13":"taxable","14":"shipping-taxable","15":"product-type-simple"},"acf":[],"yoast_head":"<!-- This site is optimized with the Yoast SEO plugin v27.2 - https:\/\/yoast.com\/product\/yoast-seo-wordpress\/ -->\n<title>Carga el\u00e9ctronica modular de CC programable 63200A Series - Techmaster de Mexico<\/title>\n<meta name=\"robots\" content=\"index, follow, max-snippet:-1, max-image-preview:large, max-video-preview:-1\" \/>\n<link rel=\"canonical\" href=\"https:\/\/techmasterdemexico.com\/producto\/carga-electronica-modular-de-cc-programable-63200a-series\/\" \/>\n<meta property=\"og:locale\" content=\"en_US\" \/>\n<meta property=\"og:type\" content=\"article\" \/>\n<meta property=\"og:title\" content=\"Carga el\u00e9ctronica modular de CC programable 63200A Series - Techmaster de Mexico\" \/>\n<meta property=\"og:description\" content=\"[:es]  &nbsp;    Ficha de datos   Potencia nominal: 3kW - 24kW, m\u00e1x. 240kW (paralelo)   Rango de voltaje: 60 V, 150 V, 600 V, 1200 V   Rango de corriente: 2000 A m\u00e1x. por unidad   Modos de operaci\u00f3n CC, CR, CV y \u200b\u200bCP   Modos complejos CR + CC, CR + CV, CC + CV   Hasta 20 unidades de control paralelo maestro \/ esclavo   Control s\u00edncrono din\u00e1mico en cargas est\u00e1ticas y din\u00e1micas   Forma de onda definida por el usuario (UDW)   Modo CZ para activar la simulaci\u00f3n de carga capacitiva   Simulaci\u00f3n de corriente de carga externa   Barrido autom\u00e1tico de frecuencia hasta 50 kHz   Simulaci\u00f3n de respuesta transitoria de carga de la fuente de alimentaci\u00f3n en tiempo real y medici\u00f3n de Vpk +\/-   Estado de entrada secuencial del panel frontal 255 programable por el usuario   Medici\u00f3n de voltaje y corriente de ultra alta precisi\u00f3n   Medici\u00f3n \/ captura de datos de digitalizaci\u00f3n de alta velocidad de precisi\u00f3n   Medici\u00f3n de voltaje, corriente y Pmax para prueba OCP \/ OLP   Medici\u00f3n de tiempo y descarga para bater\u00edas   Carga de dominaci\u00f3n instant\u00e1nea   Simulaci\u00f3n de cortocircuito   Control de ventilador inteligente   Protecci\u00f3n total: protecci\u00f3n OC (ajustable), OT, OP (ajustable) y advertencia OV   Interfaces est\u00e1ndar USB, Ethernet y GPIB opcionales  [:en]  &nbsp;    Ficha de datos   Potencia nominal: 3kW - 24kW, m\u00e1x. 240kW (paralelo)   Rango de voltaje: 60 V, 150 V, 600 V, 1200 V   Rango de corriente: 2000 A m\u00e1x. por unidad   Modos de operaci\u00f3n CC, CR, CV y \u200b\u200bCP   Modos complejos CR + CC, CR + CV, CC + CV   Hasta 20 unidades de control paralelo maestro \/ esclavo   Control s\u00edncrono din\u00e1mico en cargas est\u00e1ticas y din\u00e1micas   Forma de onda definida por el usuario (UDW)   Modo CZ para activar la simulaci\u00f3n de carga capacitiva   Simulaci\u00f3n de corriente de carga externa   Barrido autom\u00e1tico de frecuencia hasta 50 kHz   Simulaci\u00f3n de respuesta transitoria de carga de la fuente de alimentaci\u00f3n en tiempo real y medici\u00f3n de Vpk +\/-   Estado de entrada secuencial del panel frontal 255 programable por el usuario   Medici\u00f3n de voltaje y corriente de ultra alta precisi\u00f3n   Medici\u00f3n \/ captura de datos de digitalizaci\u00f3n de alta velocidad de precisi\u00f3n   Medici\u00f3n de voltaje, corriente y Pmax para prueba OCP \/ OLP   Medici\u00f3n de tiempo y descarga para bater\u00edas   Carga de dominaci\u00f3n instant\u00e1nea   Simulaci\u00f3n de cortocircuito   Control de ventilador inteligente   Protecci\u00f3n total: protecci\u00f3n OC (ajustable), OT, OP (ajustable) y advertencia OV   Interfaces est\u00e1ndar USB, Ethernet y GPIB opcionales  [:]\" \/>\n<meta property=\"og:url\" content=\"https:\/\/techmasterdemexico.com\/producto\/carga-electronica-modular-de-cc-programable-63200a-series\/\" \/>\n<meta property=\"og:site_name\" content=\"Techmaster de Mexico\" \/>\n<meta property=\"article:modified_time\" content=\"2021-12-28T21:42:39+00:00\" \/>\n<meta property=\"og:image\" content=\"https:\/\/techmasterdemexico.com\/wp-content\/uploads\/2021\/07\/product_slider_63200A-1.jpg\" \/>\n\t<meta property=\"og:image:width\" content=\"500\" \/>\n\t<meta property=\"og:image:height\" content=\"500\" \/>\n\t<meta property=\"og:image:type\" content=\"image\/jpeg\" \/>\n<meta name=\"twitter:card\" content=\"summary_large_image\" \/>\n<meta name=\"twitter:label1\" content=\"Est. reading time\" \/>\n\t<meta name=\"twitter:data1\" content=\"1 minute\" \/>\n<script type=\"application\/ld+json\" class=\"yoast-schema-graph\">{\"@context\":\"https:\/\/schema.org\",\"@graph\":[{\"@type\":\"WebPage\",\"@id\":\"https:\/\/techmasterdemexico.com\/producto\/carga-electronica-modular-de-cc-programable-63200a-series\/\",\"url\":\"https:\/\/techmasterdemexico.com\/producto\/carga-electronica-modular-de-cc-programable-63200a-series\/\",\"name\":\"Carga el\u00e9ctronica modular de CC programable 63200A Series - Techmaster de Mexico\",\"isPartOf\":{\"@id\":\"https:\/\/techmasterdemexico.com\/#website\"},\"primaryImageOfPage\":{\"@id\":\"https:\/\/techmasterdemexico.com\/producto\/carga-electronica-modular-de-cc-programable-63200a-series\/#primaryimage\"},\"image\":{\"@id\":\"https:\/\/techmasterdemexico.com\/producto\/carga-electronica-modular-de-cc-programable-63200a-series\/#primaryimage\"},\"thumbnailUrl\":\"https:\/\/techmasterdemexico.com\/wp-content\/uploads\/2021\/07\/product_slider_63200A-1.jpg\",\"datePublished\":\"2021-07-23T04:48:59+00:00\",\"dateModified\":\"2021-12-28T21:42:39+00:00\",\"breadcrumb\":{\"@id\":\"https:\/\/techmasterdemexico.com\/producto\/carga-electronica-modular-de-cc-programable-63200a-series\/#breadcrumb\"},\"inLanguage\":\"en-US\",\"potentialAction\":[{\"@type\":\"ReadAction\",\"target\":[\"https:\/\/techmasterdemexico.com\/producto\/carga-electronica-modular-de-cc-programable-63200a-series\/\"]}]},{\"@type\":\"ImageObject\",\"inLanguage\":\"en-US\",\"@id\":\"https:\/\/techmasterdemexico.com\/producto\/carga-electronica-modular-de-cc-programable-63200a-series\/#primaryimage\",\"url\":\"https:\/\/techmasterdemexico.com\/wp-content\/uploads\/2021\/07\/product_slider_63200A-1.jpg\",\"contentUrl\":\"https:\/\/techmasterdemexico.com\/wp-content\/uploads\/2021\/07\/product_slider_63200A-1.jpg\",\"width\":500,\"height\":500},{\"@type\":\"BreadcrumbList\",\"@id\":\"https:\/\/techmasterdemexico.com\/producto\/carga-electronica-modular-de-cc-programable-63200a-series\/#breadcrumb\",\"itemListElement\":[{\"@type\":\"ListItem\",\"position\":1,\"name\":\"Portada\",\"item\":\"https:\/\/techmasterdemexico.com\/\"},{\"@type\":\"ListItem\",\"position\":2,\"name\":\"Carga el\u00e9ctronica modular de CC programable 63200A Series\"}]},{\"@type\":\"WebSite\",\"@id\":\"https:\/\/techmasterdemexico.com\/#website\",\"url\":\"https:\/\/techmasterdemexico.com\/\",\"name\":\"Techmaster de Mexico\",\"description\":\"\",\"potentialAction\":[{\"@type\":\"SearchAction\",\"target\":{\"@type\":\"EntryPoint\",\"urlTemplate\":\"https:\/\/techmasterdemexico.com\/?s={search_term_string}\"},\"query-input\":{\"@type\":\"PropertyValueSpecification\",\"valueRequired\":true,\"valueName\":\"search_term_string\"}}],\"inLanguage\":\"en-US\"}]}<\/script>\n<!-- \/ Yoast SEO plugin. -->","yoast_head_json":{"title":"Carga el\u00e9ctronica modular de CC programable 63200A Series - Techmaster de Mexico","robots":{"index":"index","follow":"follow","max-snippet":"max-snippet:-1","max-image-preview":"max-image-preview:large","max-video-preview":"max-video-preview:-1"},"canonical":"https:\/\/techmasterdemexico.com\/producto\/carga-electronica-modular-de-cc-programable-63200a-series\/","og_locale":"en_US","og_type":"article","og_title":"Carga el\u00e9ctronica modular de CC programable 63200A Series - Techmaster de Mexico","og_description":"[:es]  &nbsp;    Ficha de datos   Potencia nominal: 3kW - 24kW, m\u00e1x. 240kW (paralelo)   Rango de voltaje: 60 V, 150 V, 600 V, 1200 V   Rango de corriente: 2000 A m\u00e1x. por unidad   Modos de operaci\u00f3n CC, CR, CV y \u200b\u200bCP   Modos complejos CR + CC, CR + CV, CC + CV   Hasta 20 unidades de control paralelo maestro \/ esclavo   Control s\u00edncrono din\u00e1mico en cargas est\u00e1ticas y din\u00e1micas   Forma de onda definida por el usuario (UDW)   Modo CZ para activar la simulaci\u00f3n de carga capacitiva   Simulaci\u00f3n de corriente de carga externa   Barrido autom\u00e1tico de frecuencia hasta 50 kHz   Simulaci\u00f3n de respuesta transitoria de carga de la fuente de alimentaci\u00f3n en tiempo real y medici\u00f3n de Vpk +\/-   Estado de entrada secuencial del panel frontal 255 programable por el usuario   Medici\u00f3n de voltaje y corriente de ultra alta precisi\u00f3n   Medici\u00f3n \/ captura de datos de digitalizaci\u00f3n de alta velocidad de precisi\u00f3n   Medici\u00f3n de voltaje, corriente y Pmax para prueba OCP \/ OLP   Medici\u00f3n de tiempo y descarga para bater\u00edas   Carga de dominaci\u00f3n instant\u00e1nea   Simulaci\u00f3n de cortocircuito   Control de ventilador inteligente   Protecci\u00f3n total: protecci\u00f3n OC (ajustable), OT, OP (ajustable) y advertencia OV   Interfaces est\u00e1ndar USB, Ethernet y GPIB opcionales  [:en]  &nbsp;    Ficha de datos   Potencia nominal: 3kW - 24kW, m\u00e1x. 240kW (paralelo)   Rango de voltaje: 60 V, 150 V, 600 V, 1200 V   Rango de corriente: 2000 A m\u00e1x. por unidad   Modos de operaci\u00f3n CC, CR, CV y \u200b\u200bCP   Modos complejos CR + CC, CR + CV, CC + CV   Hasta 20 unidades de control paralelo maestro \/ esclavo   Control s\u00edncrono din\u00e1mico en cargas est\u00e1ticas y din\u00e1micas   Forma de onda definida por el usuario (UDW)   Modo CZ para activar la simulaci\u00f3n de carga capacitiva   Simulaci\u00f3n de corriente de carga externa   Barrido autom\u00e1tico de frecuencia hasta 50 kHz   Simulaci\u00f3n de respuesta transitoria de carga de la fuente de alimentaci\u00f3n en tiempo real y medici\u00f3n de Vpk +\/-   Estado de entrada secuencial del panel frontal 255 programable por el usuario   Medici\u00f3n de voltaje y corriente de ultra alta precisi\u00f3n   Medici\u00f3n \/ captura de datos de digitalizaci\u00f3n de alta velocidad de precisi\u00f3n   Medici\u00f3n de voltaje, corriente y Pmax para prueba OCP \/ OLP   Medici\u00f3n de tiempo y descarga para bater\u00edas   Carga de dominaci\u00f3n instant\u00e1nea   Simulaci\u00f3n de cortocircuito   Control de ventilador inteligente   Protecci\u00f3n total: protecci\u00f3n OC (ajustable), OT, OP (ajustable) y advertencia OV   Interfaces est\u00e1ndar USB, Ethernet y GPIB opcionales  [:]","og_url":"https:\/\/techmasterdemexico.com\/producto\/carga-electronica-modular-de-cc-programable-63200a-series\/","og_site_name":"Techmaster de Mexico","article_modified_time":"2021-12-28T21:42:39+00:00","og_image":[{"width":500,"height":500,"url":"https:\/\/techmasterdemexico.com\/wp-content\/uploads\/2021\/07\/product_slider_63200A-1.jpg","type":"image\/jpeg"}],"twitter_card":"summary_large_image","twitter_misc":{"Est. reading time":"1 minute"},"schema":{"@context":"https:\/\/schema.org","@graph":[{"@type":"WebPage","@id":"https:\/\/techmasterdemexico.com\/producto\/carga-electronica-modular-de-cc-programable-63200a-series\/","url":"https:\/\/techmasterdemexico.com\/producto\/carga-electronica-modular-de-cc-programable-63200a-series\/","name":"Carga el\u00e9ctronica modular de CC programable 63200A Series - Techmaster de Mexico","isPartOf":{"@id":"https:\/\/techmasterdemexico.com\/#website"},"primaryImageOfPage":{"@id":"https:\/\/techmasterdemexico.com\/producto\/carga-electronica-modular-de-cc-programable-63200a-series\/#primaryimage"},"image":{"@id":"https:\/\/techmasterdemexico.com\/producto\/carga-electronica-modular-de-cc-programable-63200a-series\/#primaryimage"},"thumbnailUrl":"https:\/\/techmasterdemexico.com\/wp-content\/uploads\/2021\/07\/product_slider_63200A-1.jpg","datePublished":"2021-07-23T04:48:59+00:00","dateModified":"2021-12-28T21:42:39+00:00","breadcrumb":{"@id":"https:\/\/techmasterdemexico.com\/producto\/carga-electronica-modular-de-cc-programable-63200a-series\/#breadcrumb"},"inLanguage":"en-US","potentialAction":[{"@type":"ReadAction","target":["https:\/\/techmasterdemexico.com\/producto\/carga-electronica-modular-de-cc-programable-63200a-series\/"]}]},{"@type":"ImageObject","inLanguage":"en-US","@id":"https:\/\/techmasterdemexico.com\/producto\/carga-electronica-modular-de-cc-programable-63200a-series\/#primaryimage","url":"https:\/\/techmasterdemexico.com\/wp-content\/uploads\/2021\/07\/product_slider_63200A-1.jpg","contentUrl":"https:\/\/techmasterdemexico.com\/wp-content\/uploads\/2021\/07\/product_slider_63200A-1.jpg","width":500,"height":500},{"@type":"BreadcrumbList","@id":"https:\/\/techmasterdemexico.com\/producto\/carga-electronica-modular-de-cc-programable-63200a-series\/#breadcrumb","itemListElement":[{"@type":"ListItem","position":1,"name":"Portada","item":"https:\/\/techmasterdemexico.com\/"},{"@type":"ListItem","position":2,"name":"Carga el\u00e9ctronica modular de CC programable 63200A Series"}]},{"@type":"WebSite","@id":"https:\/\/techmasterdemexico.com\/#website","url":"https:\/\/techmasterdemexico.com\/","name":"Techmaster de Mexico","description":"","potentialAction":[{"@type":"SearchAction","target":{"@type":"EntryPoint","urlTemplate":"https:\/\/techmasterdemexico.com\/?s={search_term_string}"},"query-input":{"@type":"PropertyValueSpecification","valueRequired":true,"valueName":"search_term_string"}}],"inLanguage":"en-US"}]}},"brands":[{"id":90,"name":"Chroma","slug":"chroma"}],"_links":{"self":[{"href":"https:\/\/techmasterdemexico.com\/en\/wp-json\/wp\/v2\/product\/7775","targetHints":{"allow":["GET"]}}],"collection":[{"href":"https:\/\/techmasterdemexico.com\/en\/wp-json\/wp\/v2\/product"}],"about":[{"href":"https:\/\/techmasterdemexico.com\/en\/wp-json\/wp\/v2\/types\/product"}],"wp:featuredmedia":[{"embeddable":true,"href":"https:\/\/techmasterdemexico.com\/en\/wp-json\/wp\/v2\/media\/9087"}],"wp:attachment":[{"href":"https:\/\/techmasterdemexico.com\/en\/wp-json\/wp\/v2\/media?parent=7775"}],"wp:term":[{"taxonomy":"pwb-brand","embeddable":true,"href":"https:\/\/techmasterdemexico.com\/en\/wp-json\/wp\/v2\/pwb-brand?post=7775"},{"taxonomy":"product_brand","embeddable":true,"href":"https:\/\/techmasterdemexico.com\/en\/wp-json\/wp\/v2\/product_brand?post=7775"},{"taxonomy":"product_cat","embeddable":true,"href":"https:\/\/techmasterdemexico.com\/en\/wp-json\/wp\/v2\/product_cat?post=7775"},{"taxonomy":"product_tag","embeddable":true,"href":"https:\/\/techmasterdemexico.com\/en\/wp-json\/wp\/v2\/product_tag?post=7775"}],"curies":[{"name":"wp","href":"https:\/\/api.w.org\/{rel}","templated":true}]}}