{"id":7771,"date":"2021-07-23T04:36:16","date_gmt":"2021-07-23T04:36:16","guid":{"rendered":"http:\/\/techmastermx.ddns.net\/?post_type=product&#038;p=7771"},"modified":"2021-12-28T21:42:40","modified_gmt":"2021-12-28T21:42:40","slug":"carga-electronica-modular-de-cc-programable-630000-series","status":"publish","type":"product","link":"https:\/\/techmasterdemexico.com\/en\/producto\/carga-electronica-modular-de-cc-programable-630000-series\/","title":{"rendered":"Carga el\u00e9ctronica modular de CC programable 630000 Series"},"content":{"rendered":"<p>Carga electr\u00f3nica de CC de sobremesa &#8211; 63000<\/p>\n<p>&nbsp;<\/p>\n<p>Las cargas electr\u00f3nicas de CC programables de la serie 63000 son instrumentos confiables de precisi\u00f3n dise\u00f1ados principalmente para probar fuentes de alimentaci\u00f3n conmutadas, fuentes de alimentaci\u00f3n A \/ D, componentes electr\u00f3nicos de potencia, adaptadores, bater\u00edas 3C y cargadores. Su potencia nominal m\u00e1xima de 350 W lo hace adecuado para probar numerosos tipos de dispositivos de menor potencia.<\/p>","protected":false},"excerpt":{"rendered":"<p>&nbsp;<\/p>\n<ul>\n<li>Ficha de datos<\/li>\n<li>Potencia nominal: 250 W, 350 W<\/li>\n<li>Rango de voltaje: 150 V<\/li>\n<li>Rango de corriente: 60 A m\u00e1x.<\/li>\n<li>Modos de operaci\u00f3n CC, CR, CV y \u200b\u200bCP<\/li>\n<li>Formas de onda definidas por el usuario (UDW)<\/li>\n<li>Modo CZ para activar la simulaci\u00f3n de carga capacitiva<\/li>\n<li>Simulaci\u00f3n de respuesta transitoria de carga de la fuente de alimentaci\u00f3n en tiempo real<\/li>\n<li>100 secuencias programables por el usuario a trav\u00e9s del panel frontal<\/li>\n<li>Medici\u00f3n de voltaje y corriente de alta precisi\u00f3n<\/li>\n<li>Medici\u00f3n de voltaje, corriente y Pmax para prueba OCP \/ OLP<\/li>\n<li>Medici\u00f3n de tiempo y descarga para bater\u00edas<\/li>\n<li>Simulaci\u00f3n de cortocircuito<\/li>\n<li>Control de ventilador inteligente<\/li>\n<li>Protecci\u00f3n total: protecci\u00f3n OC (ajustable), OT, OP (ajustable) y advertencia OV, alarma de polaridad inversa<\/li>\n<li>Interfaces est\u00e1ndar USB, Ethernet y GPIB opcionales<\/li>\n<\/ul>\n","protected":false},"featured_media":9088,"template":"","meta":{"_acf_changed":false},"pwb-brand":[90],"product_brand":[],"product_cat":[366,91,93],"product_tag":[],"class_list":{"0":"post-7771","1":"product","2":"type-product","3":"status-publish","4":"has-post-thumbnail","6":"pwb-brand-chroma","7":"product_cat-todos-los-productos","8":"product_cat-chroma","9":"product_cat-electronic-loads","11":"first","12":"instock","13":"taxable","14":"shipping-taxable","15":"product-type-simple"},"acf":[],"yoast_head":"<!-- This site is optimized with the Yoast SEO plugin v27.4 - https:\/\/yoast.com\/product\/yoast-seo-wordpress\/ -->\n<title>Carga el\u00e9ctronica modular de CC programable 630000 Series - Techmaster de Mexico<\/title>\n<meta name=\"robots\" content=\"index, follow, max-snippet:-1, max-image-preview:large, max-video-preview:-1\" \/>\n<link rel=\"canonical\" href=\"https:\/\/techmasterdemexico.com\/producto\/carga-electronica-modular-de-cc-programable-630000-series\/\" \/>\n<meta property=\"og:locale\" content=\"en_US\" \/>\n<meta property=\"og:type\" content=\"article\" \/>\n<meta property=\"og:title\" content=\"Carga el\u00e9ctronica modular de CC programable 630000 Series - Techmaster de Mexico\" \/>\n<meta property=\"og:description\" content=\"[:es]  &nbsp;    Ficha de datos   Potencia nominal: 250 W, 350 W   Rango de voltaje: 150 V   Rango de corriente: 60 A m\u00e1x.   Modos de operaci\u00f3n CC, CR, CV y \u200b\u200bCP   Formas de onda definidas por el usuario (UDW)   Modo CZ para activar la simulaci\u00f3n de carga capacitiva   Simulaci\u00f3n de respuesta transitoria de carga de la fuente de alimentaci\u00f3n en tiempo real   100 secuencias programables por el usuario a trav\u00e9s del panel frontal   Medici\u00f3n de voltaje y corriente de alta precisi\u00f3n   Medici\u00f3n de voltaje, corriente y Pmax para prueba OCP \/ OLP   Medici\u00f3n de tiempo y descarga para bater\u00edas   Simulaci\u00f3n de cortocircuito   Control de ventilador inteligente   Protecci\u00f3n total: protecci\u00f3n OC (ajustable), OT, OP (ajustable) y advertencia OV, alarma de polaridad inversa   Interfaces est\u00e1ndar USB, Ethernet y GPIB opcionales  [:en]  &nbsp;    Ficha de datos   Potencia nominal: 250 W, 350 W   Rango de voltaje: 150 V   Rango de corriente: 60 A m\u00e1x.   Modos de operaci\u00f3n CC, CR, CV y \u200b\u200bCP   Formas de onda definidas por el usuario (UDW)   Modo CZ para activar la simulaci\u00f3n de carga capacitiva   Simulaci\u00f3n de respuesta transitoria de carga de la fuente de alimentaci\u00f3n en tiempo real   100 secuencias programables por el usuario a trav\u00e9s del panel frontal   Medici\u00f3n de voltaje y corriente de alta precisi\u00f3n   Medici\u00f3n de voltaje, corriente y Pmax para prueba OCP \/ OLP   Medici\u00f3n de tiempo y descarga para bater\u00edas   Simulaci\u00f3n de cortocircuito   Control de ventilador inteligente   Protecci\u00f3n total: protecci\u00f3n OC (ajustable), OT, OP (ajustable) y advertencia OV, alarma de polaridad inversa   Interfaces est\u00e1ndar USB, Ethernet y GPIB opcionales  [:]\" \/>\n<meta property=\"og:url\" content=\"https:\/\/techmasterdemexico.com\/producto\/carga-electronica-modular-de-cc-programable-630000-series\/\" \/>\n<meta property=\"og:site_name\" content=\"Techmaster de Mexico\" \/>\n<meta property=\"article:modified_time\" content=\"2021-12-28T21:42:40+00:00\" \/>\n<meta property=\"og:image\" content=\"https:\/\/techmasterdemexico.com\/wp-content\/uploads\/2021\/07\/product_slider_63000-E-1.jpg\" \/>\n\t<meta property=\"og:image:width\" content=\"500\" \/>\n\t<meta property=\"og:image:height\" content=\"500\" \/>\n\t<meta property=\"og:image:type\" content=\"image\/jpeg\" \/>\n<meta name=\"twitter:card\" content=\"summary_large_image\" \/>\n<meta name=\"twitter:label1\" content=\"Est. reading time\" \/>\n\t<meta name=\"twitter:data1\" content=\"1 minute\" \/>\n<script type=\"application\/ld+json\" class=\"yoast-schema-graph\">{\"@context\":\"https:\\\/\\\/schema.org\",\"@graph\":[{\"@type\":\"WebPage\",\"@id\":\"https:\\\/\\\/techmasterdemexico.com\\\/producto\\\/carga-electronica-modular-de-cc-programable-630000-series\\\/\",\"url\":\"https:\\\/\\\/techmasterdemexico.com\\\/producto\\\/carga-electronica-modular-de-cc-programable-630000-series\\\/\",\"name\":\"Carga el\u00e9ctronica modular de CC programable 630000 Series - Techmaster de Mexico\",\"isPartOf\":{\"@id\":\"https:\\\/\\\/techmasterdemexico.com\\\/#website\"},\"primaryImageOfPage\":{\"@id\":\"https:\\\/\\\/techmasterdemexico.com\\\/producto\\\/carga-electronica-modular-de-cc-programable-630000-series\\\/#primaryimage\"},\"image\":{\"@id\":\"https:\\\/\\\/techmasterdemexico.com\\\/producto\\\/carga-electronica-modular-de-cc-programable-630000-series\\\/#primaryimage\"},\"thumbnailUrl\":\"https:\\\/\\\/techmasterdemexico.com\\\/wp-content\\\/uploads\\\/2021\\\/07\\\/product_slider_63000-E-1.jpg\",\"datePublished\":\"2021-07-23T04:36:16+00:00\",\"dateModified\":\"2021-12-28T21:42:40+00:00\",\"breadcrumb\":{\"@id\":\"https:\\\/\\\/techmasterdemexico.com\\\/producto\\\/carga-electronica-modular-de-cc-programable-630000-series\\\/#breadcrumb\"},\"inLanguage\":\"en-US\",\"potentialAction\":[{\"@type\":\"ReadAction\",\"target\":[\"https:\\\/\\\/techmasterdemexico.com\\\/producto\\\/carga-electronica-modular-de-cc-programable-630000-series\\\/\"]}]},{\"@type\":\"ImageObject\",\"inLanguage\":\"en-US\",\"@id\":\"https:\\\/\\\/techmasterdemexico.com\\\/producto\\\/carga-electronica-modular-de-cc-programable-630000-series\\\/#primaryimage\",\"url\":\"https:\\\/\\\/techmasterdemexico.com\\\/wp-content\\\/uploads\\\/2021\\\/07\\\/product_slider_63000-E-1.jpg\",\"contentUrl\":\"https:\\\/\\\/techmasterdemexico.com\\\/wp-content\\\/uploads\\\/2021\\\/07\\\/product_slider_63000-E-1.jpg\",\"width\":500,\"height\":500},{\"@type\":\"BreadcrumbList\",\"@id\":\"https:\\\/\\\/techmasterdemexico.com\\\/producto\\\/carga-electronica-modular-de-cc-programable-630000-series\\\/#breadcrumb\",\"itemListElement\":[{\"@type\":\"ListItem\",\"position\":1,\"name\":\"Portada\",\"item\":\"https:\\\/\\\/techmasterdemexico.com\\\/\"},{\"@type\":\"ListItem\",\"position\":2,\"name\":\"Carga el\u00e9ctronica modular de CC programable 630000 Series\"}]},{\"@type\":\"WebSite\",\"@id\":\"https:\\\/\\\/techmasterdemexico.com\\\/#website\",\"url\":\"https:\\\/\\\/techmasterdemexico.com\\\/\",\"name\":\"Techmaster de Mexico\",\"description\":\"\",\"potentialAction\":[{\"@type\":\"SearchAction\",\"target\":{\"@type\":\"EntryPoint\",\"urlTemplate\":\"https:\\\/\\\/techmasterdemexico.com\\\/?s={search_term_string}\"},\"query-input\":{\"@type\":\"PropertyValueSpecification\",\"valueRequired\":true,\"valueName\":\"search_term_string\"}}],\"inLanguage\":\"en-US\"}]}<\/script>\n<!-- \/ Yoast SEO plugin. -->","yoast_head_json":{"title":"Carga el\u00e9ctronica modular de CC programable 630000 Series - Techmaster de Mexico","robots":{"index":"index","follow":"follow","max-snippet":"max-snippet:-1","max-image-preview":"max-image-preview:large","max-video-preview":"max-video-preview:-1"},"canonical":"https:\/\/techmasterdemexico.com\/producto\/carga-electronica-modular-de-cc-programable-630000-series\/","og_locale":"en_US","og_type":"article","og_title":"Carga el\u00e9ctronica modular de CC programable 630000 Series - Techmaster de Mexico","og_description":"[:es]  &nbsp;    Ficha de datos   Potencia nominal: 250 W, 350 W   Rango de voltaje: 150 V   Rango de corriente: 60 A m\u00e1x.   Modos de operaci\u00f3n CC, CR, CV y \u200b\u200bCP   Formas de onda definidas por el usuario (UDW)   Modo CZ para activar la simulaci\u00f3n de carga capacitiva   Simulaci\u00f3n de respuesta transitoria de carga de la fuente de alimentaci\u00f3n en tiempo real   100 secuencias programables por el usuario a trav\u00e9s del panel frontal   Medici\u00f3n de voltaje y corriente de alta precisi\u00f3n   Medici\u00f3n de voltaje, corriente y Pmax para prueba OCP \/ OLP   Medici\u00f3n de tiempo y descarga para bater\u00edas   Simulaci\u00f3n de cortocircuito   Control de ventilador inteligente   Protecci\u00f3n total: protecci\u00f3n OC (ajustable), OT, OP (ajustable) y advertencia OV, alarma de polaridad inversa   Interfaces est\u00e1ndar USB, Ethernet y GPIB opcionales  [:en]  &nbsp;    Ficha de datos   Potencia nominal: 250 W, 350 W   Rango de voltaje: 150 V   Rango de corriente: 60 A m\u00e1x.   Modos de operaci\u00f3n CC, CR, CV y \u200b\u200bCP   Formas de onda definidas por el usuario (UDW)   Modo CZ para activar la simulaci\u00f3n de carga capacitiva   Simulaci\u00f3n de respuesta transitoria de carga de la fuente de alimentaci\u00f3n en tiempo real   100 secuencias programables por el usuario a trav\u00e9s del panel frontal   Medici\u00f3n de voltaje y corriente de alta precisi\u00f3n   Medici\u00f3n de voltaje, corriente y Pmax para prueba OCP \/ OLP   Medici\u00f3n de tiempo y descarga para bater\u00edas   Simulaci\u00f3n de cortocircuito   Control de ventilador inteligente   Protecci\u00f3n total: protecci\u00f3n OC (ajustable), OT, OP (ajustable) y advertencia OV, alarma de polaridad inversa   Interfaces est\u00e1ndar USB, Ethernet y GPIB opcionales  [:]","og_url":"https:\/\/techmasterdemexico.com\/producto\/carga-electronica-modular-de-cc-programable-630000-series\/","og_site_name":"Techmaster de Mexico","article_modified_time":"2021-12-28T21:42:40+00:00","og_image":[{"width":500,"height":500,"url":"https:\/\/techmasterdemexico.com\/wp-content\/uploads\/2021\/07\/product_slider_63000-E-1.jpg","type":"image\/jpeg"}],"twitter_card":"summary_large_image","twitter_misc":{"Est. reading time":"1 minute"},"schema":{"@context":"https:\/\/schema.org","@graph":[{"@type":"WebPage","@id":"https:\/\/techmasterdemexico.com\/producto\/carga-electronica-modular-de-cc-programable-630000-series\/","url":"https:\/\/techmasterdemexico.com\/producto\/carga-electronica-modular-de-cc-programable-630000-series\/","name":"Carga el\u00e9ctronica modular de CC programable 630000 Series - Techmaster de Mexico","isPartOf":{"@id":"https:\/\/techmasterdemexico.com\/#website"},"primaryImageOfPage":{"@id":"https:\/\/techmasterdemexico.com\/producto\/carga-electronica-modular-de-cc-programable-630000-series\/#primaryimage"},"image":{"@id":"https:\/\/techmasterdemexico.com\/producto\/carga-electronica-modular-de-cc-programable-630000-series\/#primaryimage"},"thumbnailUrl":"https:\/\/techmasterdemexico.com\/wp-content\/uploads\/2021\/07\/product_slider_63000-E-1.jpg","datePublished":"2021-07-23T04:36:16+00:00","dateModified":"2021-12-28T21:42:40+00:00","breadcrumb":{"@id":"https:\/\/techmasterdemexico.com\/producto\/carga-electronica-modular-de-cc-programable-630000-series\/#breadcrumb"},"inLanguage":"en-US","potentialAction":[{"@type":"ReadAction","target":["https:\/\/techmasterdemexico.com\/producto\/carga-electronica-modular-de-cc-programable-630000-series\/"]}]},{"@type":"ImageObject","inLanguage":"en-US","@id":"https:\/\/techmasterdemexico.com\/producto\/carga-electronica-modular-de-cc-programable-630000-series\/#primaryimage","url":"https:\/\/techmasterdemexico.com\/wp-content\/uploads\/2021\/07\/product_slider_63000-E-1.jpg","contentUrl":"https:\/\/techmasterdemexico.com\/wp-content\/uploads\/2021\/07\/product_slider_63000-E-1.jpg","width":500,"height":500},{"@type":"BreadcrumbList","@id":"https:\/\/techmasterdemexico.com\/producto\/carga-electronica-modular-de-cc-programable-630000-series\/#breadcrumb","itemListElement":[{"@type":"ListItem","position":1,"name":"Portada","item":"https:\/\/techmasterdemexico.com\/"},{"@type":"ListItem","position":2,"name":"Carga el\u00e9ctronica modular de CC programable 630000 Series"}]},{"@type":"WebSite","@id":"https:\/\/techmasterdemexico.com\/#website","url":"https:\/\/techmasterdemexico.com\/","name":"Techmaster de Mexico","description":"","potentialAction":[{"@type":"SearchAction","target":{"@type":"EntryPoint","urlTemplate":"https:\/\/techmasterdemexico.com\/?s={search_term_string}"},"query-input":{"@type":"PropertyValueSpecification","valueRequired":true,"valueName":"search_term_string"}}],"inLanguage":"en-US"}]}},"brands":[{"id":90,"name":"Chroma","slug":"chroma"}],"_links":{"self":[{"href":"https:\/\/techmasterdemexico.com\/en\/wp-json\/wp\/v2\/product\/7771","targetHints":{"allow":["GET"]}}],"collection":[{"href":"https:\/\/techmasterdemexico.com\/en\/wp-json\/wp\/v2\/product"}],"about":[{"href":"https:\/\/techmasterdemexico.com\/en\/wp-json\/wp\/v2\/types\/product"}],"wp:featuredmedia":[{"embeddable":true,"href":"https:\/\/techmasterdemexico.com\/en\/wp-json\/wp\/v2\/media\/9088"}],"wp:attachment":[{"href":"https:\/\/techmasterdemexico.com\/en\/wp-json\/wp\/v2\/media?parent=7771"}],"wp:term":[{"taxonomy":"pwb-brand","embeddable":true,"href":"https:\/\/techmasterdemexico.com\/en\/wp-json\/wp\/v2\/pwb-brand?post=7771"},{"taxonomy":"product_brand","embeddable":true,"href":"https:\/\/techmasterdemexico.com\/en\/wp-json\/wp\/v2\/product_brand?post=7771"},{"taxonomy":"product_cat","embeddable":true,"href":"https:\/\/techmasterdemexico.com\/en\/wp-json\/wp\/v2\/product_cat?post=7771"},{"taxonomy":"product_tag","embeddable":true,"href":"https:\/\/techmasterdemexico.com\/en\/wp-json\/wp\/v2\/product_tag?post=7771"}],"curies":[{"name":"wp","href":"https:\/\/api.w.org\/{rel}","templated":true}]}}