{"id":7760,"date":"2021-07-22T23:34:15","date_gmt":"2021-07-22T23:34:15","guid":{"rendered":"http:\/\/techmastermx.ddns.net\/?post_type=product&#038;p=7760"},"modified":"2021-12-28T21:41:35","modified_gmt":"2021-12-28T21:41:35","slug":"carga-electronica-modular-de-cc-programable-6310a-series","status":"publish","type":"product","link":"https:\/\/techmasterdemexico.com\/en\/producto\/carga-electronica-modular-de-cc-programable-6310a-series\/","title":{"rendered":"Carga el\u00e9ctronica modular de CC programable 6310A Series"},"content":{"rendered":"<p>Carga electr\u00f3nica modular de CC &#8211; 6310 \/ A<\/p>\n<p>Configuraci\u00f3n vers\u00e1til del sistema<\/p>\n<p>La carga electr\u00f3nica de CC programable Chroma 6310A integra las capacidades del microprocesador en cada m\u00f3dulo de carga y un mainframe para proporcionar operaciones paralelas simples y precisas para optimizar la velocidad y el control entre m\u00faltiples m\u00f3dulos de carga. Todos los m\u00f3dulos de carga pueden configurarse para trabajar de forma s\u00edncrona o para probar m\u00faltiples salidas simult\u00e1neamente, simulando as\u00ed aplicaciones de la vida real.<\/p>\n<p>Compatibilidad con la serie 6310<\/p>\n<p>Los m\u00f3dulos de carga de la serie 6310A son compatibles con los mainframes de la serie 6310 (6312\/6314). Adem\u00e1s, los comandos de control remoto son compatibles entre las series 6310 y 6310A sin necesidad de volver a escribir ning\u00fan programa de control remoto.<\/p>\n<p>Dise\u00f1o de carga del m\u00f3dulo<\/p>\n<p>Los mainframes de carga electr\u00f3nica Chroma 6314A 1200W y 6312A 600W DC aceptan los m\u00f3dulos de carga de la serie 6310A instalables por el usuario para una f\u00e1cil configuraci\u00f3n del sistema, y \u200b\u200bse montan en un bastidor de instrumentos de 19 \u2033. El 6314A admite hasta cuatro m\u00f3dulos de carga 63102A, lo que dar\u00e1 como resultado una carga de 100 W \/ canal de 8 canales con entradas est\u00e1ndar en el panel frontal. Esto lo hace ideal para probar m\u00faltiples fuentes de alimentaci\u00f3n conmutadas de salida y m\u00faltiples convertidores CC-CC. Tambi\u00e9n hay m\u00f3dulos de mayor potencia que se pueden mezclar y combinar para un sistema a\u00fan m\u00e1s vers\u00e1til. Adem\u00e1s, el puerto de salida GO \/ NG es \u00fatil para las pruebas de aprobaci\u00f3n \/ falla de UUT en una l\u00ednea de producci\u00f3n automatizada. Todos los m\u00f3dulos del mainframe 6314A \/ 6312A comparten una direcci\u00f3n GPIB com\u00fan para sincronizar y acelerar el control de los m\u00f3dulos de carga y la lectura de datos.<\/p>\n<p>Aplicaci\u00f3n de simulaci\u00f3n de carga espec\u00edfica<\/p>\n<p>Los m\u00f3dulos de carga 6310A operan en corriente constante, voltaje constante, potencia constante o resistencia constante para satisfacer una amplia gama de requisitos de prueba. Por ejemplo, la prueba de un cargador de bater\u00eda se puede simular f\u00e1cilmente configurando la carga para que funcione en modo de voltaje constante.<\/p>\n<p>Cada m\u00f3dulo de carga est\u00e1 dise\u00f1ado con tecnolog\u00eda de punta y conecta todos los dispositivos MOSFET de potencia en paralelo para asegurar un control de carga de alta precisi\u00f3n con una desviaci\u00f3n m\u00ednima de menos del 0.1% + 0.1% FS de la configuraci\u00f3n actual. El uso de Chroma de la tecnolog\u00eda FET proporciona una resistencia de entrada m\u00ednima y permite que la carga absorba alta corriente incluso a voltajes muy bajos. Por ejemplo, el modelo 63103A es capaz de hundir 60 A a 1 V y es muy adecuado para probar las nuevas fuentes de alimentaci\u00f3n de bajo voltaje de 3,3 V. El funcionamiento a bajo voltaje, hasta cero voltios, es posible a niveles de corriente reducidos. El m\u00f3dulo de carga 6310A utiliza un fotoacoplador para el aislamiento entre las secciones de salida y control, por lo que cada carga est\u00e1 aislada y flotando. El usuario puede utilizar varios m\u00f3dulos de carga de forma independiente para probar fuentes de alimentaci\u00f3n de m\u00faltiples salidas o en paralelo para aplicaciones de prueba de alta potencia.<\/p>\n<p>&nbsp;<\/p>\n","protected":false},"excerpt":{"rendered":"<p>&nbsp;<\/p>\n<ul>\n<li>Potencia m\u00e1xima: 200 W, 100 W \u00d7 2 (doble), 30 W y 250 W, 300 W, 600 W, 1200 W<\/li>\n<li>Amplio rango de voltaje de funcionamiento de 0 ~ 500 V<\/li>\n<li>Compatibilidad entre 6310 y 6310A<\/li>\n<li>Hasta ocho canales en un mainframe, para probar SMPS de m\u00faltiples salidas<\/li>\n<li>M\u00f3dulos de carga en paralelo de hasta 1200 W para aplicaciones de alta corriente y potencia<\/li>\n<li>Sincronizaci\u00f3n con m\u00faltiples cargas<\/li>\n<li>Modos de funcionamiento flexibles CC, CR, CP y CV<\/li>\n<li>Carga din\u00e1mica con velocidades de hasta 20 kHz<\/li>\n<li>Respuesta r\u00e1pida de 0,32 mA \/ \u03bcs ~ 10 A \/ \u03bcs de velocidad de respuesta<\/li>\n<li>La resistencia de entrada m\u00ednima permite que la carga se hunda de alta corriente a bajos voltajes<\/li>\n<li>Simulaci\u00f3n de respuesta transitoria de carga de la fuente de alimentaci\u00f3n en tiempo real y mediciones de salida<\/li>\n<li>100 secuencias programables por el usuario. Estado de entrada del panel frontal para una operaci\u00f3n f\u00e1cil de usar<\/li>\n<li>L\u00edmites alto \/ bajo de los par\u00e1metros de prueba para probar GO \/ NG<\/li>\n<li>Control de E \/ S digital<\/li>\n<li>Funci\u00f3n de prueba de protecci\u00f3n contra sobrecorriente (OCP)<\/li>\n<li>Medici\u00f3n de voltaje y corriente de precisi\u00f3n de 16 bits con rango dual<\/li>\n<li>Capacidad de detecci\u00f3n remota<\/li>\n<li>Prueba de cortocircuito<\/li>\n<li>Autoprueba al encender<\/li>\n<li>Protecci\u00f3n completa: OV, OC, OP, OT y protecci\u00f3n inversa<\/li>\n<li>Interfaces USB, GPIB y RS-232<\/li>\n<\/ul>\n","protected":false},"featured_media":9089,"template":"","meta":{"_acf_changed":false},"pwb-brand":[90],"product_brand":[],"product_cat":[366,91,93],"product_tag":[],"class_list":{"0":"post-7760","1":"product","2":"type-product","3":"status-publish","4":"has-post-thumbnail","6":"pwb-brand-chroma","7":"product_cat-todos-los-productos","8":"product_cat-chroma","9":"product_cat-electronic-loads","11":"first","12":"instock","13":"taxable","14":"shipping-taxable","15":"product-type-simple"},"acf":[],"yoast_head":"<!-- This site is optimized with the Yoast SEO plugin v27.4 - https:\/\/yoast.com\/product\/yoast-seo-wordpress\/ -->\n<title>Carga el\u00e9ctronica modular de CC programable 6310A Series - Techmaster de Mexico<\/title>\n<meta name=\"robots\" content=\"index, follow, max-snippet:-1, max-image-preview:large, max-video-preview:-1\" \/>\n<link rel=\"canonical\" href=\"https:\/\/techmasterdemexico.com\/producto\/carga-electronica-modular-de-cc-programable-6310a-series\/\" \/>\n<meta property=\"og:locale\" content=\"en_US\" \/>\n<meta property=\"og:type\" content=\"article\" \/>\n<meta property=\"og:title\" content=\"Carga el\u00e9ctronica modular de CC programable 6310A Series - Techmaster de Mexico\" \/>\n<meta property=\"og:description\" content=\"[:es]  &nbsp;    Potencia m\u00e1xima: 200 W, 100 W \u00d7 2 (doble), 30 W y 250 W, 300 W, 600 W, 1200 W   Amplio rango de voltaje de funcionamiento de 0 ~ 500 V   Compatibilidad entre 6310 y 6310A   Hasta ocho canales en un mainframe, para probar SMPS de m\u00faltiples salidas   M\u00f3dulos de carga en paralelo de hasta 1200 W para aplicaciones de alta corriente y potencia   Sincronizaci\u00f3n con m\u00faltiples cargas   Modos de funcionamiento flexibles CC, CR, CP y CV   Carga din\u00e1mica con velocidades de hasta 20 kHz   Respuesta r\u00e1pida de 0,32 mA \/ \u03bcs ~ 10 A \/ \u03bcs de velocidad de respuesta   La resistencia de entrada m\u00ednima permite que la carga se hunda de alta corriente a bajos voltajes   Simulaci\u00f3n de respuesta transitoria de carga de la fuente de alimentaci\u00f3n en tiempo real y mediciones de salida   100 secuencias programables por el usuario. Estado de entrada del panel frontal para una operaci\u00f3n f\u00e1cil de usar   L\u00edmites alto \/ bajo de los par\u00e1metros de prueba para probar GO \/ NG   Control de E \/ S digital   Funci\u00f3n de prueba de protecci\u00f3n contra sobrecorriente (OCP)   Medici\u00f3n de voltaje y corriente de precisi\u00f3n de 16 bits con rango dual   Capacidad de detecci\u00f3n remota   Prueba de cortocircuito   Autoprueba al encender   Protecci\u00f3n completa: OV, OC, OP, OT y protecci\u00f3n inversa   Interfaces USB, GPIB y RS-232  [:en]  &nbsp;    Potencia m\u00e1xima: 200 W, 100 W \u00d7 2 (doble), 30 W y 250 W, 300 W, 600 W, 1200 W   Amplio rango de voltaje de funcionamiento de 0 ~ 500 V   Compatibilidad entre 6310 y 6310A   Hasta ocho canales en un mainframe, para probar SMPS de m\u00faltiples salidas   M\u00f3dulos de carga en paralelo de hasta 1200 W para aplicaciones de alta corriente y potencia   Sincronizaci\u00f3n con m\u00faltiples cargas   Modos de funcionamiento flexibles CC, CR, CP y CV   Carga din\u00e1mica con velocidades de hasta 20 kHz   Respuesta r\u00e1pida de 0,32 mA \/ \u03bcs ~ 10 A \/ \u03bcs de velocidad de respuesta   La resistencia de entrada m\u00ednima permite que la carga se hunda de alta corriente a bajos voltajes   Simulaci\u00f3n de respuesta transitoria de carga de la fuente de alimentaci\u00f3n en tiempo real y mediciones de salida   100 secuencias programables por el usuario. Estado de entrada del panel frontal para una operaci\u00f3n f\u00e1cil de usar   L\u00edmites alto \/ bajo de los par\u00e1metros de prueba para probar GO \/ NG   Control de E \/ S digital   Funci\u00f3n de prueba de protecci\u00f3n contra sobrecorriente (OCP)   Medici\u00f3n de voltaje y corriente de precisi\u00f3n de 16 bits con rango dual   Capacidad de detecci\u00f3n remota   Prueba de cortocircuito   Autoprueba al encender   Protecci\u00f3n completa: OV, OC, OP, OT y protecci\u00f3n inversa   Interfaces USB, GPIB y RS-232  [:]\" \/>\n<meta property=\"og:url\" content=\"https:\/\/techmasterdemexico.com\/producto\/carga-electronica-modular-de-cc-programable-6310a-series\/\" \/>\n<meta property=\"og:site_name\" content=\"Techmaster de Mexico\" \/>\n<meta property=\"article:modified_time\" content=\"2021-12-28T21:41:35+00:00\" \/>\n<meta property=\"og:image\" content=\"https:\/\/techmasterdemexico.com\/wp-content\/uploads\/2021\/07\/product_slider_6310a_1-1.jpg\" \/>\n\t<meta property=\"og:image:width\" content=\"500\" \/>\n\t<meta property=\"og:image:height\" content=\"500\" \/>\n\t<meta property=\"og:image:type\" content=\"image\/jpeg\" \/>\n<meta name=\"twitter:card\" content=\"summary_large_image\" \/>\n<meta name=\"twitter:label1\" content=\"Est. reading time\" \/>\n\t<meta name=\"twitter:data1\" content=\"3 minutes\" \/>\n<script type=\"application\/ld+json\" class=\"yoast-schema-graph\">{\"@context\":\"https:\\\/\\\/schema.org\",\"@graph\":[{\"@type\":\"WebPage\",\"@id\":\"https:\\\/\\\/techmasterdemexico.com\\\/producto\\\/carga-electronica-modular-de-cc-programable-6310a-series\\\/\",\"url\":\"https:\\\/\\\/techmasterdemexico.com\\\/producto\\\/carga-electronica-modular-de-cc-programable-6310a-series\\\/\",\"name\":\"Carga el\u00e9ctronica modular de CC programable 6310A Series - Techmaster de Mexico\",\"isPartOf\":{\"@id\":\"https:\\\/\\\/techmasterdemexico.com\\\/#website\"},\"primaryImageOfPage\":{\"@id\":\"https:\\\/\\\/techmasterdemexico.com\\\/producto\\\/carga-electronica-modular-de-cc-programable-6310a-series\\\/#primaryimage\"},\"image\":{\"@id\":\"https:\\\/\\\/techmasterdemexico.com\\\/producto\\\/carga-electronica-modular-de-cc-programable-6310a-series\\\/#primaryimage\"},\"thumbnailUrl\":\"https:\\\/\\\/techmasterdemexico.com\\\/wp-content\\\/uploads\\\/2021\\\/07\\\/product_slider_6310a_1-1.jpg\",\"datePublished\":\"2021-07-22T23:34:15+00:00\",\"dateModified\":\"2021-12-28T21:41:35+00:00\",\"breadcrumb\":{\"@id\":\"https:\\\/\\\/techmasterdemexico.com\\\/producto\\\/carga-electronica-modular-de-cc-programable-6310a-series\\\/#breadcrumb\"},\"inLanguage\":\"en-US\",\"potentialAction\":[{\"@type\":\"ReadAction\",\"target\":[\"https:\\\/\\\/techmasterdemexico.com\\\/producto\\\/carga-electronica-modular-de-cc-programable-6310a-series\\\/\"]}]},{\"@type\":\"ImageObject\",\"inLanguage\":\"en-US\",\"@id\":\"https:\\\/\\\/techmasterdemexico.com\\\/producto\\\/carga-electronica-modular-de-cc-programable-6310a-series\\\/#primaryimage\",\"url\":\"https:\\\/\\\/techmasterdemexico.com\\\/wp-content\\\/uploads\\\/2021\\\/07\\\/product_slider_6310a_1-1.jpg\",\"contentUrl\":\"https:\\\/\\\/techmasterdemexico.com\\\/wp-content\\\/uploads\\\/2021\\\/07\\\/product_slider_6310a_1-1.jpg\",\"width\":500,\"height\":500},{\"@type\":\"BreadcrumbList\",\"@id\":\"https:\\\/\\\/techmasterdemexico.com\\\/producto\\\/carga-electronica-modular-de-cc-programable-6310a-series\\\/#breadcrumb\",\"itemListElement\":[{\"@type\":\"ListItem\",\"position\":1,\"name\":\"Portada\",\"item\":\"https:\\\/\\\/techmasterdemexico.com\\\/\"},{\"@type\":\"ListItem\",\"position\":2,\"name\":\"Carga el\u00e9ctronica modular de CC programable 6310A Series\"}]},{\"@type\":\"WebSite\",\"@id\":\"https:\\\/\\\/techmasterdemexico.com\\\/#website\",\"url\":\"https:\\\/\\\/techmasterdemexico.com\\\/\",\"name\":\"Techmaster de Mexico\",\"description\":\"\",\"potentialAction\":[{\"@type\":\"SearchAction\",\"target\":{\"@type\":\"EntryPoint\",\"urlTemplate\":\"https:\\\/\\\/techmasterdemexico.com\\\/?s={search_term_string}\"},\"query-input\":{\"@type\":\"PropertyValueSpecification\",\"valueRequired\":true,\"valueName\":\"search_term_string\"}}],\"inLanguage\":\"en-US\"}]}<\/script>\n<!-- \/ Yoast SEO plugin. -->","yoast_head_json":{"title":"Carga el\u00e9ctronica modular de CC programable 6310A Series - Techmaster de Mexico","robots":{"index":"index","follow":"follow","max-snippet":"max-snippet:-1","max-image-preview":"max-image-preview:large","max-video-preview":"max-video-preview:-1"},"canonical":"https:\/\/techmasterdemexico.com\/producto\/carga-electronica-modular-de-cc-programable-6310a-series\/","og_locale":"en_US","og_type":"article","og_title":"Carga el\u00e9ctronica modular de CC programable 6310A Series - Techmaster de Mexico","og_description":"[:es]  &nbsp;    Potencia m\u00e1xima: 200 W, 100 W \u00d7 2 (doble), 30 W y 250 W, 300 W, 600 W, 1200 W   Amplio rango de voltaje de funcionamiento de 0 ~ 500 V   Compatibilidad entre 6310 y 6310A   Hasta ocho canales en un mainframe, para probar SMPS de m\u00faltiples salidas   M\u00f3dulos de carga en paralelo de hasta 1200 W para aplicaciones de alta corriente y potencia   Sincronizaci\u00f3n con m\u00faltiples cargas   Modos de funcionamiento flexibles CC, CR, CP y CV   Carga din\u00e1mica con velocidades de hasta 20 kHz   Respuesta r\u00e1pida de 0,32 mA \/ \u03bcs ~ 10 A \/ \u03bcs de velocidad de respuesta   La resistencia de entrada m\u00ednima permite que la carga se hunda de alta corriente a bajos voltajes   Simulaci\u00f3n de respuesta transitoria de carga de la fuente de alimentaci\u00f3n en tiempo real y mediciones de salida   100 secuencias programables por el usuario. Estado de entrada del panel frontal para una operaci\u00f3n f\u00e1cil de usar   L\u00edmites alto \/ bajo de los par\u00e1metros de prueba para probar GO \/ NG   Control de E \/ S digital   Funci\u00f3n de prueba de protecci\u00f3n contra sobrecorriente (OCP)   Medici\u00f3n de voltaje y corriente de precisi\u00f3n de 16 bits con rango dual   Capacidad de detecci\u00f3n remota   Prueba de cortocircuito   Autoprueba al encender   Protecci\u00f3n completa: OV, OC, OP, OT y protecci\u00f3n inversa   Interfaces USB, GPIB y RS-232  [:en]  &nbsp;    Potencia m\u00e1xima: 200 W, 100 W \u00d7 2 (doble), 30 W y 250 W, 300 W, 600 W, 1200 W   Amplio rango de voltaje de funcionamiento de 0 ~ 500 V   Compatibilidad entre 6310 y 6310A   Hasta ocho canales en un mainframe, para probar SMPS de m\u00faltiples salidas   M\u00f3dulos de carga en paralelo de hasta 1200 W para aplicaciones de alta corriente y potencia   Sincronizaci\u00f3n con m\u00faltiples cargas   Modos de funcionamiento flexibles CC, CR, CP y CV   Carga din\u00e1mica con velocidades de hasta 20 kHz   Respuesta r\u00e1pida de 0,32 mA \/ \u03bcs ~ 10 A \/ \u03bcs de velocidad de respuesta   La resistencia de entrada m\u00ednima permite que la carga se hunda de alta corriente a bajos voltajes   Simulaci\u00f3n de respuesta transitoria de carga de la fuente de alimentaci\u00f3n en tiempo real y mediciones de salida   100 secuencias programables por el usuario. Estado de entrada del panel frontal para una operaci\u00f3n f\u00e1cil de usar   L\u00edmites alto \/ bajo de los par\u00e1metros de prueba para probar GO \/ NG   Control de E \/ S digital   Funci\u00f3n de prueba de protecci\u00f3n contra sobrecorriente (OCP)   Medici\u00f3n de voltaje y corriente de precisi\u00f3n de 16 bits con rango dual   Capacidad de detecci\u00f3n remota   Prueba de cortocircuito   Autoprueba al encender   Protecci\u00f3n completa: OV, OC, OP, OT y protecci\u00f3n inversa   Interfaces USB, GPIB y RS-232  [:]","og_url":"https:\/\/techmasterdemexico.com\/producto\/carga-electronica-modular-de-cc-programable-6310a-series\/","og_site_name":"Techmaster de Mexico","article_modified_time":"2021-12-28T21:41:35+00:00","og_image":[{"width":500,"height":500,"url":"https:\/\/techmasterdemexico.com\/wp-content\/uploads\/2021\/07\/product_slider_6310a_1-1.jpg","type":"image\/jpeg"}],"twitter_card":"summary_large_image","twitter_misc":{"Est. reading time":"3 minutes"},"schema":{"@context":"https:\/\/schema.org","@graph":[{"@type":"WebPage","@id":"https:\/\/techmasterdemexico.com\/producto\/carga-electronica-modular-de-cc-programable-6310a-series\/","url":"https:\/\/techmasterdemexico.com\/producto\/carga-electronica-modular-de-cc-programable-6310a-series\/","name":"Carga el\u00e9ctronica modular de CC programable 6310A Series - Techmaster de Mexico","isPartOf":{"@id":"https:\/\/techmasterdemexico.com\/#website"},"primaryImageOfPage":{"@id":"https:\/\/techmasterdemexico.com\/producto\/carga-electronica-modular-de-cc-programable-6310a-series\/#primaryimage"},"image":{"@id":"https:\/\/techmasterdemexico.com\/producto\/carga-electronica-modular-de-cc-programable-6310a-series\/#primaryimage"},"thumbnailUrl":"https:\/\/techmasterdemexico.com\/wp-content\/uploads\/2021\/07\/product_slider_6310a_1-1.jpg","datePublished":"2021-07-22T23:34:15+00:00","dateModified":"2021-12-28T21:41:35+00:00","breadcrumb":{"@id":"https:\/\/techmasterdemexico.com\/producto\/carga-electronica-modular-de-cc-programable-6310a-series\/#breadcrumb"},"inLanguage":"en-US","potentialAction":[{"@type":"ReadAction","target":["https:\/\/techmasterdemexico.com\/producto\/carga-electronica-modular-de-cc-programable-6310a-series\/"]}]},{"@type":"ImageObject","inLanguage":"en-US","@id":"https:\/\/techmasterdemexico.com\/producto\/carga-electronica-modular-de-cc-programable-6310a-series\/#primaryimage","url":"https:\/\/techmasterdemexico.com\/wp-content\/uploads\/2021\/07\/product_slider_6310a_1-1.jpg","contentUrl":"https:\/\/techmasterdemexico.com\/wp-content\/uploads\/2021\/07\/product_slider_6310a_1-1.jpg","width":500,"height":500},{"@type":"BreadcrumbList","@id":"https:\/\/techmasterdemexico.com\/producto\/carga-electronica-modular-de-cc-programable-6310a-series\/#breadcrumb","itemListElement":[{"@type":"ListItem","position":1,"name":"Portada","item":"https:\/\/techmasterdemexico.com\/"},{"@type":"ListItem","position":2,"name":"Carga el\u00e9ctronica modular de CC programable 6310A Series"}]},{"@type":"WebSite","@id":"https:\/\/techmasterdemexico.com\/#website","url":"https:\/\/techmasterdemexico.com\/","name":"Techmaster de Mexico","description":"","potentialAction":[{"@type":"SearchAction","target":{"@type":"EntryPoint","urlTemplate":"https:\/\/techmasterdemexico.com\/?s={search_term_string}"},"query-input":{"@type":"PropertyValueSpecification","valueRequired":true,"valueName":"search_term_string"}}],"inLanguage":"en-US"}]}},"brands":[{"id":90,"name":"Chroma","slug":"chroma"}],"_links":{"self":[{"href":"https:\/\/techmasterdemexico.com\/en\/wp-json\/wp\/v2\/product\/7760","targetHints":{"allow":["GET"]}}],"collection":[{"href":"https:\/\/techmasterdemexico.com\/en\/wp-json\/wp\/v2\/product"}],"about":[{"href":"https:\/\/techmasterdemexico.com\/en\/wp-json\/wp\/v2\/types\/product"}],"wp:featuredmedia":[{"embeddable":true,"href":"https:\/\/techmasterdemexico.com\/en\/wp-json\/wp\/v2\/media\/9089"}],"wp:attachment":[{"href":"https:\/\/techmasterdemexico.com\/en\/wp-json\/wp\/v2\/media?parent=7760"}],"wp:term":[{"taxonomy":"pwb-brand","embeddable":true,"href":"https:\/\/techmasterdemexico.com\/en\/wp-json\/wp\/v2\/pwb-brand?post=7760"},{"taxonomy":"product_brand","embeddable":true,"href":"https:\/\/techmasterdemexico.com\/en\/wp-json\/wp\/v2\/product_brand?post=7760"},{"taxonomy":"product_cat","embeddable":true,"href":"https:\/\/techmasterdemexico.com\/en\/wp-json\/wp\/v2\/product_cat?post=7760"},{"taxonomy":"product_tag","embeddable":true,"href":"https:\/\/techmasterdemexico.com\/en\/wp-json\/wp\/v2\/product_tag?post=7760"}],"curies":[{"name":"wp","href":"https:\/\/api.w.org\/{rel}","templated":true}]}}