{"id":7757,"date":"2021-07-22T18:04:52","date_gmt":"2021-07-22T18:04:52","guid":{"rendered":"http:\/\/techmastermx.ddns.net\/?post_type=product&#038;p=7757"},"modified":"2021-12-28T21:41:35","modified_gmt":"2021-12-28T21:41:35","slug":"medidor-de-potencia-digital-66205","status":"publish","type":"product","link":"https:\/\/techmasterdemexico.com\/en\/producto\/medidor-de-potencia-digital-66205\/","title":{"rendered":"Medidor de potencia digital 66205"},"content":{"rendered":"<p>Medidor de potencia digital, 30A &#8211; 66205<\/p>\n<p>66205 es la segunda generaci\u00f3n del medidor de potencia de la serie 66200 dise\u00f1ado espec\u00edficamente para la medici\u00f3n de un solo canal. Su dise\u00f1o de vanguardia es capaz de proporcionar mediciones de potencia de alta precisi\u00f3n para cumplir con los requisitos de las normas IEC 62301 \/ EN50564. Las mejoras de funcionalidad del 66205 aumentan las capacidades de medici\u00f3n de potencia a una gama m\u00e1s amplia de aplicaciones.<\/p>\n","protected":false},"excerpt":{"rendered":"<p>&nbsp;<\/p>\n<ul>\n<li>Rangos de voltaje:\n<p>15\/30\/60\/150\/300\/600 Vrms<\/p>\n<p>1200Vrms (opcional)<\/li>\n<li>Rangos de corriente: 0,005 \/ 0,02 \/ 0,05 \/\n<p>0,2 \/ 0,3 \/ 0,5 \/ 2\/5\/20\/30 brazos<\/li>\n<li>Rango de frecuencia: CC, 15 Hz ~ 10 kHz<\/li>\n<li>DSP integrado de alta velocidad,\n<p>convertidores anal\u00f3gicos \/ digitales de 16 bits con<\/p>\n<p>una frecuencia de muestreo m\u00e1xima de hasta 250 kHz<\/li>\n<li>Capaz de cumplir con los\n<p>requisitos de medici\u00f3n de arm\u00f3nicos IEC 61000-4-7<\/li>\n<li>La funci\u00f3n de rango inteligente proporciona una\n<p>medici\u00f3n de integraci\u00f3n de energ\u00eda perfecta en el<\/p>\n<p>modo de rango autom\u00e1tico<\/li>\n<li>Admite derivaci\u00f3n y TC externos para\n<p>aplicaciones de corriente m\u00e1s alta<\/li>\n<li>Rango de corriente m\u00ednimo de 5 mA y\n<p>resoluci\u00f3n de potencia de 0,1 mW<\/li>\n<li>Cumple con los requisitos de ENERGY STAR \/ EN 50564 \/\n<p>IEC 62301 \/ ErP<\/li>\n<li>Los criterios definidos por el usuario proporcionan\n<p>indicaciones autom\u00e1ticas de PASA \/ NO PASA<\/li>\n<li>Medici\u00f3n de distorsi\u00f3n de orden especificada por el usuario y THD<\/li>\n<li>Mediciones de energ\u00eda y corriente de irrupci\u00f3n<\/li>\n<li>Medidas de arm\u00f3nicos de tensi\u00f3n \/ corriente\n<p>hasta 100 \u00f3rdenes<\/li>\n<li>La interfaz USB (host) proporciona la\n<p>funcionalidad de registro de datos<\/li>\n<li>Soporte de GPIB, USB, RS232, LAN (opcional)\n<p>Interfaz<\/li>\n<\/ul>\n","protected":false},"featured_media":9090,"template":"","meta":{"_acf_changed":false},"pwb-brand":[90],"product_brand":[],"product_cat":[366,91,92],"product_tag":[],"class_list":{"0":"post-7757","1":"product","2":"type-product","3":"status-publish","4":"has-post-thumbnail","6":"pwb-brand-chroma","7":"product_cat-todos-los-productos","8":"product_cat-chroma","9":"product_cat-digital-power-meters","11":"first","12":"instock","13":"taxable","14":"shipping-taxable","15":"product-type-simple"},"acf":[],"yoast_head":"<!-- This site is optimized with the Yoast SEO plugin v27.4 - https:\/\/yoast.com\/product\/yoast-seo-wordpress\/ -->\n<title>Medidor de potencia digital 66205 - Techmaster de Mexico<\/title>\n<meta name=\"robots\" content=\"index, follow, max-snippet:-1, max-image-preview:large, max-video-preview:-1\" \/>\n<link rel=\"canonical\" href=\"https:\/\/techmasterdemexico.com\/producto\/medidor-de-potencia-digital-66205\/\" \/>\n<meta property=\"og:locale\" content=\"en_US\" \/>\n<meta property=\"og:type\" content=\"article\" \/>\n<meta property=\"og:title\" content=\"Medidor de potencia digital 66205 - Techmaster de Mexico\" \/>\n<meta property=\"og:description\" content=\"[:es]  &nbsp;    Rangos de voltaje:  15\/30\/60\/150\/300\/600 Vrms  1200Vrms (opcional)   Rangos de corriente: 0,005 \/ 0,02 \/ 0,05 \/  0,2 \/ 0,3 \/ 0,5 \/ 2\/5\/20\/30 brazos   Rango de frecuencia: CC, 15 Hz ~ 10 kHz   DSP integrado de alta velocidad,  convertidores anal\u00f3gicos \/ digitales de 16 bits con  una frecuencia de muestreo m\u00e1xima de hasta 250 kHz   Capaz de cumplir con los  requisitos de medici\u00f3n de arm\u00f3nicos IEC 61000-4-7   La funci\u00f3n de rango inteligente proporciona una  medici\u00f3n de integraci\u00f3n de energ\u00eda perfecta en el  modo de rango autom\u00e1tico   Admite derivaci\u00f3n y TC externos para  aplicaciones de corriente m\u00e1s alta   Rango de corriente m\u00ednimo de 5 mA y  resoluci\u00f3n de potencia de 0,1 mW   Cumple con los requisitos de ENERGY STAR \/ EN 50564 \/  IEC 62301 \/ ErP   Los criterios definidos por el usuario proporcionan  indicaciones autom\u00e1ticas de PASA \/ NO PASA   Medici\u00f3n de distorsi\u00f3n de orden especificada por el usuario y THD   Mediciones de energ\u00eda y corriente de irrupci\u00f3n   Medidas de arm\u00f3nicos de tensi\u00f3n \/ corriente  hasta 100 \u00f3rdenes   La interfaz USB (host) proporciona la  funcionalidad de registro de datos   Soporte de GPIB, USB, RS232, LAN (opcional)  Interfaz  [:en]  &nbsp;    Rangos de voltaje:  15\/30\/60\/150\/300\/600 Vrms  1200Vrms (opcional)   Rangos de corriente: 0,005 \/ 0,02 \/ 0,05 \/  0,2 \/ 0,3 \/ 0,5 \/ 2\/5\/20\/30 brazos   Rango de frecuencia: CC, 15 Hz ~ 10 kHz   DSP integrado de alta velocidad,  convertidores anal\u00f3gicos \/ digitales de 16 bits con  una frecuencia de muestreo m\u00e1xima de hasta 250 kHz   Capaz de cumplir con los  requisitos de medici\u00f3n de arm\u00f3nicos IEC 61000-4-7   La funci\u00f3n de rango inteligente proporciona una  medici\u00f3n de integraci\u00f3n de energ\u00eda perfecta en el  modo de rango autom\u00e1tico   Admite derivaci\u00f3n y TC externos para  aplicaciones de corriente m\u00e1s alta   Rango de corriente m\u00ednimo de 5 mA y  resoluci\u00f3n de potencia de 0,1 mW   Cumple con los requisitos de ENERGY STAR \/ EN 50564 \/  IEC 62301 \/ ErP   Los criterios definidos por el usuario proporcionan  indicaciones autom\u00e1ticas de PASA \/ NO PASA   Medici\u00f3n de distorsi\u00f3n de orden especificada por el usuario y THD   Mediciones de energ\u00eda y corriente de irrupci\u00f3n   Medidas de arm\u00f3nicos de tensi\u00f3n \/ corriente  hasta 100 \u00f3rdenes   La interfaz USB (host) proporciona la  funcionalidad de registro de datos   Soporte de GPIB, USB, RS232, LAN (opcional)  Interfaz  [:]\" \/>\n<meta property=\"og:url\" content=\"https:\/\/techmasterdemexico.com\/producto\/medidor-de-potencia-digital-66205\/\" \/>\n<meta property=\"og:site_name\" content=\"Techmaster de Mexico\" \/>\n<meta property=\"article:modified_time\" content=\"2021-12-28T21:41:35+00:00\" \/>\n<meta property=\"og:image\" content=\"https:\/\/techmasterdemexico.com\/wp-content\/uploads\/2021\/07\/product_slider_66205-1.jpg\" \/>\n\t<meta property=\"og:image:width\" content=\"500\" \/>\n\t<meta property=\"og:image:height\" content=\"500\" \/>\n\t<meta property=\"og:image:type\" content=\"image\/jpeg\" \/>\n<meta name=\"twitter:card\" content=\"summary_large_image\" \/>\n<script type=\"application\/ld+json\" class=\"yoast-schema-graph\">{\"@context\":\"https:\\\/\\\/schema.org\",\"@graph\":[{\"@type\":\"WebPage\",\"@id\":\"https:\\\/\\\/techmasterdemexico.com\\\/producto\\\/medidor-de-potencia-digital-66205\\\/\",\"url\":\"https:\\\/\\\/techmasterdemexico.com\\\/producto\\\/medidor-de-potencia-digital-66205\\\/\",\"name\":\"Medidor de potencia digital 66205 - Techmaster de Mexico\",\"isPartOf\":{\"@id\":\"https:\\\/\\\/techmasterdemexico.com\\\/#website\"},\"primaryImageOfPage\":{\"@id\":\"https:\\\/\\\/techmasterdemexico.com\\\/producto\\\/medidor-de-potencia-digital-66205\\\/#primaryimage\"},\"image\":{\"@id\":\"https:\\\/\\\/techmasterdemexico.com\\\/producto\\\/medidor-de-potencia-digital-66205\\\/#primaryimage\"},\"thumbnailUrl\":\"https:\\\/\\\/techmasterdemexico.com\\\/wp-content\\\/uploads\\\/2021\\\/07\\\/product_slider_66205-1.jpg\",\"datePublished\":\"2021-07-22T18:04:52+00:00\",\"dateModified\":\"2021-12-28T21:41:35+00:00\",\"breadcrumb\":{\"@id\":\"https:\\\/\\\/techmasterdemexico.com\\\/producto\\\/medidor-de-potencia-digital-66205\\\/#breadcrumb\"},\"inLanguage\":\"en-US\",\"potentialAction\":[{\"@type\":\"ReadAction\",\"target\":[\"https:\\\/\\\/techmasterdemexico.com\\\/producto\\\/medidor-de-potencia-digital-66205\\\/\"]}]},{\"@type\":\"ImageObject\",\"inLanguage\":\"en-US\",\"@id\":\"https:\\\/\\\/techmasterdemexico.com\\\/producto\\\/medidor-de-potencia-digital-66205\\\/#primaryimage\",\"url\":\"https:\\\/\\\/techmasterdemexico.com\\\/wp-content\\\/uploads\\\/2021\\\/07\\\/product_slider_66205-1.jpg\",\"contentUrl\":\"https:\\\/\\\/techmasterdemexico.com\\\/wp-content\\\/uploads\\\/2021\\\/07\\\/product_slider_66205-1.jpg\",\"width\":500,\"height\":500},{\"@type\":\"BreadcrumbList\",\"@id\":\"https:\\\/\\\/techmasterdemexico.com\\\/producto\\\/medidor-de-potencia-digital-66205\\\/#breadcrumb\",\"itemListElement\":[{\"@type\":\"ListItem\",\"position\":1,\"name\":\"Portada\",\"item\":\"https:\\\/\\\/techmasterdemexico.com\\\/\"},{\"@type\":\"ListItem\",\"position\":2,\"name\":\"Medidor de potencia digital 66205\"}]},{\"@type\":\"WebSite\",\"@id\":\"https:\\\/\\\/techmasterdemexico.com\\\/#website\",\"url\":\"https:\\\/\\\/techmasterdemexico.com\\\/\",\"name\":\"Techmaster de Mexico\",\"description\":\"\",\"potentialAction\":[{\"@type\":\"SearchAction\",\"target\":{\"@type\":\"EntryPoint\",\"urlTemplate\":\"https:\\\/\\\/techmasterdemexico.com\\\/?s={search_term_string}\"},\"query-input\":{\"@type\":\"PropertyValueSpecification\",\"valueRequired\":true,\"valueName\":\"search_term_string\"}}],\"inLanguage\":\"en-US\"}]}<\/script>\n<!-- \/ Yoast SEO plugin. -->","yoast_head_json":{"title":"Medidor de potencia digital 66205 - Techmaster de Mexico","robots":{"index":"index","follow":"follow","max-snippet":"max-snippet:-1","max-image-preview":"max-image-preview:large","max-video-preview":"max-video-preview:-1"},"canonical":"https:\/\/techmasterdemexico.com\/producto\/medidor-de-potencia-digital-66205\/","og_locale":"en_US","og_type":"article","og_title":"Medidor de potencia digital 66205 - Techmaster de Mexico","og_description":"[:es]  &nbsp;    Rangos de voltaje:  15\/30\/60\/150\/300\/600 Vrms  1200Vrms (opcional)   Rangos de corriente: 0,005 \/ 0,02 \/ 0,05 \/  0,2 \/ 0,3 \/ 0,5 \/ 2\/5\/20\/30 brazos   Rango de frecuencia: CC, 15 Hz ~ 10 kHz   DSP integrado de alta velocidad,  convertidores anal\u00f3gicos \/ digitales de 16 bits con  una frecuencia de muestreo m\u00e1xima de hasta 250 kHz   Capaz de cumplir con los  requisitos de medici\u00f3n de arm\u00f3nicos IEC 61000-4-7   La funci\u00f3n de rango inteligente proporciona una  medici\u00f3n de integraci\u00f3n de energ\u00eda perfecta en el  modo de rango autom\u00e1tico   Admite derivaci\u00f3n y TC externos para  aplicaciones de corriente m\u00e1s alta   Rango de corriente m\u00ednimo de 5 mA y  resoluci\u00f3n de potencia de 0,1 mW   Cumple con los requisitos de ENERGY STAR \/ EN 50564 \/  IEC 62301 \/ ErP   Los criterios definidos por el usuario proporcionan  indicaciones autom\u00e1ticas de PASA \/ NO PASA   Medici\u00f3n de distorsi\u00f3n de orden especificada por el usuario y THD   Mediciones de energ\u00eda y corriente de irrupci\u00f3n   Medidas de arm\u00f3nicos de tensi\u00f3n \/ corriente  hasta 100 \u00f3rdenes   La interfaz USB (host) proporciona la  funcionalidad de registro de datos   Soporte de GPIB, USB, RS232, LAN (opcional)  Interfaz  [:en]  &nbsp;    Rangos de voltaje:  15\/30\/60\/150\/300\/600 Vrms  1200Vrms (opcional)   Rangos de corriente: 0,005 \/ 0,02 \/ 0,05 \/  0,2 \/ 0,3 \/ 0,5 \/ 2\/5\/20\/30 brazos   Rango de frecuencia: CC, 15 Hz ~ 10 kHz   DSP integrado de alta velocidad,  convertidores anal\u00f3gicos \/ digitales de 16 bits con  una frecuencia de muestreo m\u00e1xima de hasta 250 kHz   Capaz de cumplir con los  requisitos de medici\u00f3n de arm\u00f3nicos IEC 61000-4-7   La funci\u00f3n de rango inteligente proporciona una  medici\u00f3n de integraci\u00f3n de energ\u00eda perfecta en el  modo de rango autom\u00e1tico   Admite derivaci\u00f3n y TC externos para  aplicaciones de corriente m\u00e1s alta   Rango de corriente m\u00ednimo de 5 mA y  resoluci\u00f3n de potencia de 0,1 mW   Cumple con los requisitos de ENERGY STAR \/ EN 50564 \/  IEC 62301 \/ ErP   Los criterios definidos por el usuario proporcionan  indicaciones autom\u00e1ticas de PASA \/ NO PASA   Medici\u00f3n de distorsi\u00f3n de orden especificada por el usuario y THD   Mediciones de energ\u00eda y corriente de irrupci\u00f3n   Medidas de arm\u00f3nicos de tensi\u00f3n \/ corriente  hasta 100 \u00f3rdenes   La interfaz USB (host) proporciona la  funcionalidad de registro de datos   Soporte de GPIB, USB, RS232, LAN (opcional)  Interfaz  [:]","og_url":"https:\/\/techmasterdemexico.com\/producto\/medidor-de-potencia-digital-66205\/","og_site_name":"Techmaster de Mexico","article_modified_time":"2021-12-28T21:41:35+00:00","og_image":[{"width":500,"height":500,"url":"https:\/\/techmasterdemexico.com\/wp-content\/uploads\/2021\/07\/product_slider_66205-1.jpg","type":"image\/jpeg"}],"twitter_card":"summary_large_image","schema":{"@context":"https:\/\/schema.org","@graph":[{"@type":"WebPage","@id":"https:\/\/techmasterdemexico.com\/producto\/medidor-de-potencia-digital-66205\/","url":"https:\/\/techmasterdemexico.com\/producto\/medidor-de-potencia-digital-66205\/","name":"Medidor de potencia digital 66205 - Techmaster de Mexico","isPartOf":{"@id":"https:\/\/techmasterdemexico.com\/#website"},"primaryImageOfPage":{"@id":"https:\/\/techmasterdemexico.com\/producto\/medidor-de-potencia-digital-66205\/#primaryimage"},"image":{"@id":"https:\/\/techmasterdemexico.com\/producto\/medidor-de-potencia-digital-66205\/#primaryimage"},"thumbnailUrl":"https:\/\/techmasterdemexico.com\/wp-content\/uploads\/2021\/07\/product_slider_66205-1.jpg","datePublished":"2021-07-22T18:04:52+00:00","dateModified":"2021-12-28T21:41:35+00:00","breadcrumb":{"@id":"https:\/\/techmasterdemexico.com\/producto\/medidor-de-potencia-digital-66205\/#breadcrumb"},"inLanguage":"en-US","potentialAction":[{"@type":"ReadAction","target":["https:\/\/techmasterdemexico.com\/producto\/medidor-de-potencia-digital-66205\/"]}]},{"@type":"ImageObject","inLanguage":"en-US","@id":"https:\/\/techmasterdemexico.com\/producto\/medidor-de-potencia-digital-66205\/#primaryimage","url":"https:\/\/techmasterdemexico.com\/wp-content\/uploads\/2021\/07\/product_slider_66205-1.jpg","contentUrl":"https:\/\/techmasterdemexico.com\/wp-content\/uploads\/2021\/07\/product_slider_66205-1.jpg","width":500,"height":500},{"@type":"BreadcrumbList","@id":"https:\/\/techmasterdemexico.com\/producto\/medidor-de-potencia-digital-66205\/#breadcrumb","itemListElement":[{"@type":"ListItem","position":1,"name":"Portada","item":"https:\/\/techmasterdemexico.com\/"},{"@type":"ListItem","position":2,"name":"Medidor de potencia digital 66205"}]},{"@type":"WebSite","@id":"https:\/\/techmasterdemexico.com\/#website","url":"https:\/\/techmasterdemexico.com\/","name":"Techmaster de Mexico","description":"","potentialAction":[{"@type":"SearchAction","target":{"@type":"EntryPoint","urlTemplate":"https:\/\/techmasterdemexico.com\/?s={search_term_string}"},"query-input":{"@type":"PropertyValueSpecification","valueRequired":true,"valueName":"search_term_string"}}],"inLanguage":"en-US"}]}},"brands":[{"id":90,"name":"Chroma","slug":"chroma"}],"_links":{"self":[{"href":"https:\/\/techmasterdemexico.com\/en\/wp-json\/wp\/v2\/product\/7757","targetHints":{"allow":["GET"]}}],"collection":[{"href":"https:\/\/techmasterdemexico.com\/en\/wp-json\/wp\/v2\/product"}],"about":[{"href":"https:\/\/techmasterdemexico.com\/en\/wp-json\/wp\/v2\/types\/product"}],"wp:featuredmedia":[{"embeddable":true,"href":"https:\/\/techmasterdemexico.com\/en\/wp-json\/wp\/v2\/media\/9090"}],"wp:attachment":[{"href":"https:\/\/techmasterdemexico.com\/en\/wp-json\/wp\/v2\/media?parent=7757"}],"wp:term":[{"taxonomy":"pwb-brand","embeddable":true,"href":"https:\/\/techmasterdemexico.com\/en\/wp-json\/wp\/v2\/pwb-brand?post=7757"},{"taxonomy":"product_brand","embeddable":true,"href":"https:\/\/techmasterdemexico.com\/en\/wp-json\/wp\/v2\/product_brand?post=7757"},{"taxonomy":"product_cat","embeddable":true,"href":"https:\/\/techmasterdemexico.com\/en\/wp-json\/wp\/v2\/product_cat?post=7757"},{"taxonomy":"product_tag","embeddable":true,"href":"https:\/\/techmasterdemexico.com\/en\/wp-json\/wp\/v2\/product_tag?post=7757"}],"curies":[{"name":"wp","href":"https:\/\/api.w.org\/{rel}","templated":true}]}}