{"id":7753,"date":"2021-07-22T18:02:04","date_gmt":"2021-07-22T18:02:04","guid":{"rendered":"http:\/\/techmastermx.ddns.net\/?post_type=product&#038;p=7753"},"modified":"2021-12-28T21:41:36","modified_gmt":"2021-12-28T21:41:36","slug":"medidor-de-potencia-digital-66203","status":"publish","type":"product","link":"https:\/\/techmasterdemexico.com\/en\/producto\/medidor-de-potencia-digital-66203\/","title":{"rendered":"Medidor de potencia digital 66203"},"content":{"rendered":"<p>Medidores de potencia digitales multicanal &#8211; 66203\/66204<\/p>\n<p>&nbsp;<\/p>\n<p>Los medidores de potencia digitales de Chroma est\u00e1n dise\u00f1ados para mediciones monof\u00e1sicas y multif\u00e1sicas de se\u00f1ales de alimentaci\u00f3n de CA y par\u00e1metros relacionados comunes a la mayor\u00eda de los productos electr\u00f3nicos. En lugar de los circuitos de medici\u00f3n anal\u00f3gicos tradicionales, el medidor de potencia digital 66200 utiliza tecnolog\u00eda de digitalizaci\u00f3n DSP de \u00faltima generaci\u00f3n. Los convertidores internos anal\u00f3gicos \/ digitales de 16 bits con frecuencias de muestreo de hasta 250 KHz proporcionan mediciones de alta velocidad y alta precisi\u00f3n, lo que no tiene precedentes en la industria para la clase de medidores de potencia digitales actuales en el mercado.<\/p>\n","protected":false},"excerpt":{"rendered":"<p>&nbsp;<\/p>\n<ul>\n<li>Rango de voltaje:\n<p>15\/30\/60\/150\/300\/600 Vrms<\/li>\n<li>Rango de corriente:\n<p>0,005 \/ 0,02 \/ 0,05 \/ 0,2 \/ 0,5 \/ 2\/5\/20 brazos<\/li>\n<li>Rango de frecuencia: CC, 15 Hz ~ 10 kHz<\/li>\n<li>DSP de alta velocidad integrado, convertidores anal\u00f3gicos \/ digitales de 16 bits<\/li>\n<li>Dise\u00f1o de medio tama\u00f1o de rack, 4 m\u00f3dulos de entrada (66204)<\/li>\n<li>Admite diferentes medidas de potencia de configuraci\u00f3n de cableado (1P2W \/ 1P3W \/ 3P3W \/ 3P4W)<\/li>\n<li>Admite derivaci\u00f3n externa y CT para aplicaciones de medici\u00f3n de corriente m\u00e1s altas<\/li>\n<li>Rango de corriente m\u00ednimo de 5 mA y resoluci\u00f3n de potencia de 0,1 mW<\/li>\n<li>Cumple con los requisitos de medici\u00f3n de ENERGY STAR \/ IEC 62301 \/ ErP<\/li>\n<li>M\u00e9todos de energ\u00eda acumulada para la medici\u00f3n de potencia inestable<\/li>\n<li>Los criterios definidos por el usuario proporcionan indicaciones autom\u00e1ticas de PASA \/ NO PASA<\/li>\n<li>El dise\u00f1o de derivaci\u00f3n de corriente dual proporciona alta precisi\u00f3n en un amplio rango de corriente<\/li>\n<li>Medici\u00f3n de distorsi\u00f3n de orden especificada por el usuario y THD<\/li>\n<li>Medici\u00f3n de energ\u00eda y corriente de irrupci\u00f3n<\/li>\n<li>Medici\u00f3n de arm\u00f3nicos de tensi\u00f3n \/ corriente hasta 50 \u00f3rdenes<\/li>\n<\/ul>\n","protected":false},"featured_media":9091,"template":"","meta":{"_acf_changed":false},"pwb-brand":[90],"product_brand":[],"product_cat":[366,91,92],"product_tag":[],"class_list":{"0":"post-7753","1":"product","2":"type-product","3":"status-publish","4":"has-post-thumbnail","6":"pwb-brand-chroma","7":"product_cat-todos-los-productos","8":"product_cat-chroma","9":"product_cat-digital-power-meters","11":"first","12":"instock","13":"taxable","14":"shipping-taxable","15":"product-type-simple"},"acf":[],"yoast_head":"<!-- This site is optimized with the Yoast SEO plugin v27.4 - https:\/\/yoast.com\/product\/yoast-seo-wordpress\/ -->\n<title>Medidor de potencia digital 66203 - Techmaster de Mexico<\/title>\n<meta name=\"robots\" content=\"index, follow, max-snippet:-1, max-image-preview:large, max-video-preview:-1\" \/>\n<link rel=\"canonical\" href=\"https:\/\/techmasterdemexico.com\/producto\/medidor-de-potencia-digital-66203\/\" \/>\n<meta property=\"og:locale\" content=\"en_US\" \/>\n<meta property=\"og:type\" content=\"article\" \/>\n<meta property=\"og:title\" content=\"Medidor de potencia digital 66203 - Techmaster de Mexico\" \/>\n<meta property=\"og:description\" content=\"[:es]  &nbsp;    Rango de voltaje:  15\/30\/60\/150\/300\/600 Vrms   Rango de corriente:  0,005 \/ 0,02 \/ 0,05 \/ 0,2 \/ 0,5 \/ 2\/5\/20 brazos   Rango de frecuencia: CC, 15 Hz ~ 10 kHz   DSP de alta velocidad integrado, convertidores anal\u00f3gicos \/ digitales de 16 bits   Dise\u00f1o de medio tama\u00f1o de rack, 4 m\u00f3dulos de entrada (66204)   Admite diferentes medidas de potencia de configuraci\u00f3n de cableado (1P2W \/ 1P3W \/ 3P3W \/ 3P4W)   Admite derivaci\u00f3n externa y CT para aplicaciones de medici\u00f3n de corriente m\u00e1s altas   Rango de corriente m\u00ednimo de 5 mA y resoluci\u00f3n de potencia de 0,1 mW   Cumple con los requisitos de medici\u00f3n de ENERGY STAR \/ IEC 62301 \/ ErP   M\u00e9todos de energ\u00eda acumulada para la medici\u00f3n de potencia inestable   Los criterios definidos por el usuario proporcionan indicaciones autom\u00e1ticas de PASA \/ NO PASA   El dise\u00f1o de derivaci\u00f3n de corriente dual proporciona alta precisi\u00f3n en un amplio rango de corriente   Medici\u00f3n de distorsi\u00f3n de orden especificada por el usuario y THD   Medici\u00f3n de energ\u00eda y corriente de irrupci\u00f3n   Medici\u00f3n de arm\u00f3nicos de tensi\u00f3n \/ corriente hasta 50 \u00f3rdenes  [:en]  &nbsp;    Rango de voltaje:  15\/30\/60\/150\/300\/600 Vrms   Rango de corriente:  0,005 \/ 0,02 \/ 0,05 \/ 0,2 \/ 0,5 \/ 2\/5\/20 brazos   Rango de frecuencia: CC, 15 Hz ~ 10 kHz   DSP de alta velocidad integrado, convertidores anal\u00f3gicos \/ digitales de 16 bits   Dise\u00f1o de medio tama\u00f1o de rack, 4 m\u00f3dulos de entrada (66204)   Admite diferentes medidas de potencia de configuraci\u00f3n de cableado (1P2W \/ 1P3W \/ 3P3W \/ 3P4W)   Admite derivaci\u00f3n externa y CT para aplicaciones de medici\u00f3n de corriente m\u00e1s altas   Rango de corriente m\u00ednimo de 5 mA y resoluci\u00f3n de potencia de 0,1 mW   Cumple con los requisitos de medici\u00f3n de ENERGY STAR \/ IEC 62301 \/ ErP   M\u00e9todos de energ\u00eda acumulada para la medici\u00f3n de potencia inestable   Los criterios definidos por el usuario proporcionan indicaciones autom\u00e1ticas de PASA \/ NO PASA   El dise\u00f1o de derivaci\u00f3n de corriente dual proporciona alta precisi\u00f3n en un amplio rango de corriente   Medici\u00f3n de distorsi\u00f3n de orden especificada por el usuario y THD   Medici\u00f3n de energ\u00eda y corriente de irrupci\u00f3n   Medici\u00f3n de arm\u00f3nicos de tensi\u00f3n \/ corriente hasta 50 \u00f3rdenes  [:]\" \/>\n<meta property=\"og:url\" content=\"https:\/\/techmasterdemexico.com\/producto\/medidor-de-potencia-digital-66203\/\" \/>\n<meta property=\"og:site_name\" content=\"Techmaster de Mexico\" \/>\n<meta property=\"article:modified_time\" content=\"2021-12-28T21:41:36+00:00\" \/>\n<meta property=\"og:image\" content=\"https:\/\/techmasterdemexico.com\/wp-content\/uploads\/2021\/07\/product_slider_66203.jpg\" \/>\n\t<meta property=\"og:image:width\" content=\"500\" \/>\n\t<meta property=\"og:image:height\" content=\"500\" \/>\n\t<meta property=\"og:image:type\" content=\"image\/jpeg\" \/>\n<meta name=\"twitter:card\" content=\"summary_large_image\" \/>\n<meta name=\"twitter:label1\" content=\"Est. reading time\" \/>\n\t<meta name=\"twitter:data1\" content=\"1 minute\" \/>\n<script type=\"application\/ld+json\" class=\"yoast-schema-graph\">{\"@context\":\"https:\\\/\\\/schema.org\",\"@graph\":[{\"@type\":\"WebPage\",\"@id\":\"https:\\\/\\\/techmasterdemexico.com\\\/producto\\\/medidor-de-potencia-digital-66203\\\/\",\"url\":\"https:\\\/\\\/techmasterdemexico.com\\\/producto\\\/medidor-de-potencia-digital-66203\\\/\",\"name\":\"Medidor de potencia digital 66203 - Techmaster de Mexico\",\"isPartOf\":{\"@id\":\"https:\\\/\\\/techmasterdemexico.com\\\/#website\"},\"primaryImageOfPage\":{\"@id\":\"https:\\\/\\\/techmasterdemexico.com\\\/producto\\\/medidor-de-potencia-digital-66203\\\/#primaryimage\"},\"image\":{\"@id\":\"https:\\\/\\\/techmasterdemexico.com\\\/producto\\\/medidor-de-potencia-digital-66203\\\/#primaryimage\"},\"thumbnailUrl\":\"https:\\\/\\\/techmasterdemexico.com\\\/wp-content\\\/uploads\\\/2021\\\/07\\\/product_slider_66203.jpg\",\"datePublished\":\"2021-07-22T18:02:04+00:00\",\"dateModified\":\"2021-12-28T21:41:36+00:00\",\"breadcrumb\":{\"@id\":\"https:\\\/\\\/techmasterdemexico.com\\\/producto\\\/medidor-de-potencia-digital-66203\\\/#breadcrumb\"},\"inLanguage\":\"en-US\",\"potentialAction\":[{\"@type\":\"ReadAction\",\"target\":[\"https:\\\/\\\/techmasterdemexico.com\\\/producto\\\/medidor-de-potencia-digital-66203\\\/\"]}]},{\"@type\":\"ImageObject\",\"inLanguage\":\"en-US\",\"@id\":\"https:\\\/\\\/techmasterdemexico.com\\\/producto\\\/medidor-de-potencia-digital-66203\\\/#primaryimage\",\"url\":\"https:\\\/\\\/techmasterdemexico.com\\\/wp-content\\\/uploads\\\/2021\\\/07\\\/product_slider_66203.jpg\",\"contentUrl\":\"https:\\\/\\\/techmasterdemexico.com\\\/wp-content\\\/uploads\\\/2021\\\/07\\\/product_slider_66203.jpg\",\"width\":500,\"height\":500},{\"@type\":\"BreadcrumbList\",\"@id\":\"https:\\\/\\\/techmasterdemexico.com\\\/producto\\\/medidor-de-potencia-digital-66203\\\/#breadcrumb\",\"itemListElement\":[{\"@type\":\"ListItem\",\"position\":1,\"name\":\"Portada\",\"item\":\"https:\\\/\\\/techmasterdemexico.com\\\/\"},{\"@type\":\"ListItem\",\"position\":2,\"name\":\"Medidor de potencia digital 66203\"}]},{\"@type\":\"WebSite\",\"@id\":\"https:\\\/\\\/techmasterdemexico.com\\\/#website\",\"url\":\"https:\\\/\\\/techmasterdemexico.com\\\/\",\"name\":\"Techmaster de Mexico\",\"description\":\"\",\"potentialAction\":[{\"@type\":\"SearchAction\",\"target\":{\"@type\":\"EntryPoint\",\"urlTemplate\":\"https:\\\/\\\/techmasterdemexico.com\\\/?s={search_term_string}\"},\"query-input\":{\"@type\":\"PropertyValueSpecification\",\"valueRequired\":true,\"valueName\":\"search_term_string\"}}],\"inLanguage\":\"en-US\"}]}<\/script>\n<!-- \/ Yoast SEO plugin. -->","yoast_head_json":{"title":"Medidor de potencia digital 66203 - Techmaster de Mexico","robots":{"index":"index","follow":"follow","max-snippet":"max-snippet:-1","max-image-preview":"max-image-preview:large","max-video-preview":"max-video-preview:-1"},"canonical":"https:\/\/techmasterdemexico.com\/producto\/medidor-de-potencia-digital-66203\/","og_locale":"en_US","og_type":"article","og_title":"Medidor de potencia digital 66203 - Techmaster de Mexico","og_description":"[:es]  &nbsp;    Rango de voltaje:  15\/30\/60\/150\/300\/600 Vrms   Rango de corriente:  0,005 \/ 0,02 \/ 0,05 \/ 0,2 \/ 0,5 \/ 2\/5\/20 brazos   Rango de frecuencia: CC, 15 Hz ~ 10 kHz   DSP de alta velocidad integrado, convertidores anal\u00f3gicos \/ digitales de 16 bits   Dise\u00f1o de medio tama\u00f1o de rack, 4 m\u00f3dulos de entrada (66204)   Admite diferentes medidas de potencia de configuraci\u00f3n de cableado (1P2W \/ 1P3W \/ 3P3W \/ 3P4W)   Admite derivaci\u00f3n externa y CT para aplicaciones de medici\u00f3n de corriente m\u00e1s altas   Rango de corriente m\u00ednimo de 5 mA y resoluci\u00f3n de potencia de 0,1 mW   Cumple con los requisitos de medici\u00f3n de ENERGY STAR \/ IEC 62301 \/ ErP   M\u00e9todos de energ\u00eda acumulada para la medici\u00f3n de potencia inestable   Los criterios definidos por el usuario proporcionan indicaciones autom\u00e1ticas de PASA \/ NO PASA   El dise\u00f1o de derivaci\u00f3n de corriente dual proporciona alta precisi\u00f3n en un amplio rango de corriente   Medici\u00f3n de distorsi\u00f3n de orden especificada por el usuario y THD   Medici\u00f3n de energ\u00eda y corriente de irrupci\u00f3n   Medici\u00f3n de arm\u00f3nicos de tensi\u00f3n \/ corriente hasta 50 \u00f3rdenes  [:en]  &nbsp;    Rango de voltaje:  15\/30\/60\/150\/300\/600 Vrms   Rango de corriente:  0,005 \/ 0,02 \/ 0,05 \/ 0,2 \/ 0,5 \/ 2\/5\/20 brazos   Rango de frecuencia: CC, 15 Hz ~ 10 kHz   DSP de alta velocidad integrado, convertidores anal\u00f3gicos \/ digitales de 16 bits   Dise\u00f1o de medio tama\u00f1o de rack, 4 m\u00f3dulos de entrada (66204)   Admite diferentes medidas de potencia de configuraci\u00f3n de cableado (1P2W \/ 1P3W \/ 3P3W \/ 3P4W)   Admite derivaci\u00f3n externa y CT para aplicaciones de medici\u00f3n de corriente m\u00e1s altas   Rango de corriente m\u00ednimo de 5 mA y resoluci\u00f3n de potencia de 0,1 mW   Cumple con los requisitos de medici\u00f3n de ENERGY STAR \/ IEC 62301 \/ ErP   M\u00e9todos de energ\u00eda acumulada para la medici\u00f3n de potencia inestable   Los criterios definidos por el usuario proporcionan indicaciones autom\u00e1ticas de PASA \/ NO PASA   El dise\u00f1o de derivaci\u00f3n de corriente dual proporciona alta precisi\u00f3n en un amplio rango de corriente   Medici\u00f3n de distorsi\u00f3n de orden especificada por el usuario y THD   Medici\u00f3n de energ\u00eda y corriente de irrupci\u00f3n   Medici\u00f3n de arm\u00f3nicos de tensi\u00f3n \/ corriente hasta 50 \u00f3rdenes  [:]","og_url":"https:\/\/techmasterdemexico.com\/producto\/medidor-de-potencia-digital-66203\/","og_site_name":"Techmaster de Mexico","article_modified_time":"2021-12-28T21:41:36+00:00","og_image":[{"width":500,"height":500,"url":"https:\/\/techmasterdemexico.com\/wp-content\/uploads\/2021\/07\/product_slider_66203.jpg","type":"image\/jpeg"}],"twitter_card":"summary_large_image","twitter_misc":{"Est. reading time":"1 minute"},"schema":{"@context":"https:\/\/schema.org","@graph":[{"@type":"WebPage","@id":"https:\/\/techmasterdemexico.com\/producto\/medidor-de-potencia-digital-66203\/","url":"https:\/\/techmasterdemexico.com\/producto\/medidor-de-potencia-digital-66203\/","name":"Medidor de potencia digital 66203 - Techmaster de Mexico","isPartOf":{"@id":"https:\/\/techmasterdemexico.com\/#website"},"primaryImageOfPage":{"@id":"https:\/\/techmasterdemexico.com\/producto\/medidor-de-potencia-digital-66203\/#primaryimage"},"image":{"@id":"https:\/\/techmasterdemexico.com\/producto\/medidor-de-potencia-digital-66203\/#primaryimage"},"thumbnailUrl":"https:\/\/techmasterdemexico.com\/wp-content\/uploads\/2021\/07\/product_slider_66203.jpg","datePublished":"2021-07-22T18:02:04+00:00","dateModified":"2021-12-28T21:41:36+00:00","breadcrumb":{"@id":"https:\/\/techmasterdemexico.com\/producto\/medidor-de-potencia-digital-66203\/#breadcrumb"},"inLanguage":"en-US","potentialAction":[{"@type":"ReadAction","target":["https:\/\/techmasterdemexico.com\/producto\/medidor-de-potencia-digital-66203\/"]}]},{"@type":"ImageObject","inLanguage":"en-US","@id":"https:\/\/techmasterdemexico.com\/producto\/medidor-de-potencia-digital-66203\/#primaryimage","url":"https:\/\/techmasterdemexico.com\/wp-content\/uploads\/2021\/07\/product_slider_66203.jpg","contentUrl":"https:\/\/techmasterdemexico.com\/wp-content\/uploads\/2021\/07\/product_slider_66203.jpg","width":500,"height":500},{"@type":"BreadcrumbList","@id":"https:\/\/techmasterdemexico.com\/producto\/medidor-de-potencia-digital-66203\/#breadcrumb","itemListElement":[{"@type":"ListItem","position":1,"name":"Portada","item":"https:\/\/techmasterdemexico.com\/"},{"@type":"ListItem","position":2,"name":"Medidor de potencia digital 66203"}]},{"@type":"WebSite","@id":"https:\/\/techmasterdemexico.com\/#website","url":"https:\/\/techmasterdemexico.com\/","name":"Techmaster de Mexico","description":"","potentialAction":[{"@type":"SearchAction","target":{"@type":"EntryPoint","urlTemplate":"https:\/\/techmasterdemexico.com\/?s={search_term_string}"},"query-input":{"@type":"PropertyValueSpecification","valueRequired":true,"valueName":"search_term_string"}}],"inLanguage":"en-US"}]}},"brands":[{"id":90,"name":"Chroma","slug":"chroma"}],"_links":{"self":[{"href":"https:\/\/techmasterdemexico.com\/en\/wp-json\/wp\/v2\/product\/7753","targetHints":{"allow":["GET"]}}],"collection":[{"href":"https:\/\/techmasterdemexico.com\/en\/wp-json\/wp\/v2\/product"}],"about":[{"href":"https:\/\/techmasterdemexico.com\/en\/wp-json\/wp\/v2\/types\/product"}],"wp:featuredmedia":[{"embeddable":true,"href":"https:\/\/techmasterdemexico.com\/en\/wp-json\/wp\/v2\/media\/9091"}],"wp:attachment":[{"href":"https:\/\/techmasterdemexico.com\/en\/wp-json\/wp\/v2\/media?parent=7753"}],"wp:term":[{"taxonomy":"pwb-brand","embeddable":true,"href":"https:\/\/techmasterdemexico.com\/en\/wp-json\/wp\/v2\/pwb-brand?post=7753"},{"taxonomy":"product_brand","embeddable":true,"href":"https:\/\/techmasterdemexico.com\/en\/wp-json\/wp\/v2\/product_brand?post=7753"},{"taxonomy":"product_cat","embeddable":true,"href":"https:\/\/techmasterdemexico.com\/en\/wp-json\/wp\/v2\/product_cat?post=7753"},{"taxonomy":"product_tag","embeddable":true,"href":"https:\/\/techmasterdemexico.com\/en\/wp-json\/wp\/v2\/product_tag?post=7753"}],"curies":[{"name":"wp","href":"https:\/\/api.w.org\/{rel}","templated":true}]}}