{"id":7735,"date":"2021-07-07T20:27:35","date_gmt":"2021-07-07T20:27:35","guid":{"rendered":"http:\/\/techmastermx.ddns.net\/?post_type=product&#038;p=7735"},"modified":"2021-12-28T21:41:36","modified_gmt":"2021-12-28T21:41:36","slug":"software-viplus","status":"publish","type":"product","link":"https:\/\/techmasterdemexico.com\/en\/producto\/software-viplus\/","title":{"rendered":"Software ViPlus"},"content":{"rendered":"<p>VIPLUS<\/p>\n<p>Descubra los detalles m\u00e1s m\u00ednimos con ViPlus<\/p>\n<p>El software ViPlus, que es altamente configurable, lo ayuda a obtener el mejor retorno posible de su inversi\u00f3n en un microscopio de Vision Engineering. Sus avanzadas herramientas de detecci\u00f3n de bordes y apilado de enfoque, que aportan potencia y simplicidad a cada aspecto de la captura, mejora y medici\u00f3n de im\u00e1genes, as\u00ed como sus funciones de an\u00e1lisis y detecci\u00f3n generan una diferencia real en la productividad. Adem\u00e1s, usa superposiciones, dimensionamiento sobre im\u00e1genes en vivo, detecci\u00f3n autom\u00e1tica de forma y compatibilidad con DXF para inspecciones m\u00e1s r\u00e1pidas y f\u00e1ciles. ViPlus tambi\u00e9n proporciona una conexi\u00f3n directa con las c\u00e1maras de Vision Engineering.<\/p>\n<p>Ver m\u00e1s<\/p>\n<p>Use la limitaci\u00f3n selectiva, la detecci\u00f3n inteligente de bordes, el control de color y contraste y los filtros digitales para descubrir detalles ocultos. Cargue la \u201cventana de visualizaci\u00f3n alternativa\u201d para ver la imagen completa y los detalles m\u00ednimos de su \u00e1rea de elecci\u00f3n al mismo tiempo.<\/p>\n<p>Apilado de enfoque<\/p>\n<p>El apilado de enfoque es una excelente forma de superar los desaf\u00edos que presenta la profundidad de enfoque. Funciona mediante la construcci\u00f3n de capas de im\u00e1genes que luego se combinan para mostrar el objeto entero con un enfoque n\u00edtido (algo que de otra forma ser\u00eda imposible, especialmente con aumentos superiores).<\/p>\n<p>Detectar y analizar<\/p>\n<p>Vaya m\u00e1s all\u00e1 de una simple inspecci\u00f3n y medici\u00f3n con las amplias herramientas de detecci\u00f3n y an\u00e1lisis de ViPlus. Busque r\u00e1pidamente caracter\u00edsticas y cree informes instant\u00e1neos en formatos que son f\u00e1ciles de exportar. Las im\u00e1genes tambi\u00e9n se pueden segmentar para revelar caracter\u00edsticas separadas, y las im\u00e1genes similares se pueden comparar autom\u00e1ticamente (independientemente de su orientaci\u00f3n), lo cual destacar\u00e1 las diferencias entre ellas.<\/p>\n<p>Funciones especiales con EVO Cam II<\/p>\n<p>En combinaci\u00f3n con el EVO Cam II, ViPlus agrega la capacidad de guardar y recordar los ajustes de zoom, enfoque, iluminaci\u00f3n y calibraci\u00f3n, lo cual hace que cambiar entre objetos para flujos de trabajo r\u00e1pidos y facilidad de uso sea sencillo y r\u00e1pido. Los controles remotos suman conveniencia y seguridad en entornos peligrosos. Un campo de visi\u00f3n extra amplio hace que sea f\u00e1cil trabajar con objetos grandes, y puede medir con un aumento de hasta 300x.<\/p>\n<p>Compatibilidad<\/p>\n<p>ViPlus funciona con EVO Cam II, Mantis Elite Cam HD, Lynx EVO SmartCam, Lynx EVO SmartCam5, SX Cam y DRV-Z1 (necesita adaptador).<\/p>\n","protected":false},"excerpt":{"rendered":"<p>VIPLUS Descubra los detalles m\u00e1s m\u00ednimos con ViPlus El software ViPlus, que es altamente configurable, lo ayuda a obtener el mejor retorno posible de su inversi\u00f3n en un microscopio de Vision Engineering. Sus avanzadas herramientas de detecci\u00f3n de bordes y apilado de enfoque, que aportan potencia y simplicidad a cada aspecto de la captura, mejora [&hellip;]<\/p>\n","protected":false},"featured_media":7736,"template":"","meta":{"_acf_changed":false},"pwb-brand":[83],"product_brand":[],"product_cat":[366,89,52],"product_tag":[],"class_list":{"0":"post-7735","1":"product","2":"type-product","3":"status-publish","4":"has-post-thumbnail","6":"pwb-brand-vision-engineering","7":"product_cat-todos-los-productos","8":"product_cat-software-vision-engineering","9":"product_cat-vision-engineering","11":"first","12":"instock","13":"taxable","14":"shipping-taxable","15":"product-type-simple"},"acf":[],"yoast_head":"<!-- This site is optimized with the Yoast SEO plugin v27.4 - https:\/\/yoast.com\/product\/yoast-seo-wordpress\/ -->\n<title>Software ViPlus - Techmaster de Mexico<\/title>\n<meta name=\"robots\" content=\"index, follow, max-snippet:-1, max-image-preview:large, max-video-preview:-1\" \/>\n<link rel=\"canonical\" href=\"https:\/\/techmasterdemexico.com\/producto\/software-viplus\/\" \/>\n<meta property=\"og:locale\" content=\"en_US\" \/>\n<meta property=\"og:type\" content=\"article\" \/>\n<meta property=\"og:title\" content=\"Software ViPlus - Techmaster de Mexico\" \/>\n<meta property=\"og:description\" content=\"VIPLUS Descubra los detalles m\u00e1s m\u00ednimos con ViPlus El software ViPlus, que es altamente configurable, lo ayuda a obtener el mejor retorno posible de su inversi\u00f3n en un microscopio de Vision Engineering. Sus avanzadas herramientas de detecci\u00f3n de bordes y apilado de enfoque, que aportan potencia y simplicidad a cada aspecto de la captura, mejora [&hellip;]\" \/>\n<meta property=\"og:url\" content=\"https:\/\/techmasterdemexico.com\/producto\/software-viplus\/\" \/>\n<meta property=\"og:site_name\" content=\"Techmaster de Mexico\" \/>\n<meta property=\"article:modified_time\" content=\"2021-12-28T21:41:36+00:00\" \/>\n<meta property=\"og:image\" content=\"https:\/\/techmasterdemexico.com\/wp-content\/uploads\/2021\/07\/ViPlus-screenshot-reporting-capabilities-banner-image-582x582px.png\" \/>\n\t<meta property=\"og:image:width\" content=\"582\" \/>\n\t<meta property=\"og:image:height\" content=\"582\" \/>\n\t<meta property=\"og:image:type\" content=\"image\/png\" \/>\n<meta name=\"twitter:card\" content=\"summary_large_image\" \/>\n<meta name=\"twitter:label1\" content=\"Est. reading time\" \/>\n\t<meta name=\"twitter:data1\" content=\"2 minutes\" \/>\n<script type=\"application\/ld+json\" class=\"yoast-schema-graph\">{\"@context\":\"https:\\\/\\\/schema.org\",\"@graph\":[{\"@type\":\"WebPage\",\"@id\":\"https:\\\/\\\/techmasterdemexico.com\\\/producto\\\/software-viplus\\\/\",\"url\":\"https:\\\/\\\/techmasterdemexico.com\\\/producto\\\/software-viplus\\\/\",\"name\":\"Software ViPlus - Techmaster de Mexico\",\"isPartOf\":{\"@id\":\"https:\\\/\\\/techmasterdemexico.com\\\/#website\"},\"primaryImageOfPage\":{\"@id\":\"https:\\\/\\\/techmasterdemexico.com\\\/producto\\\/software-viplus\\\/#primaryimage\"},\"image\":{\"@id\":\"https:\\\/\\\/techmasterdemexico.com\\\/producto\\\/software-viplus\\\/#primaryimage\"},\"thumbnailUrl\":\"https:\\\/\\\/techmasterdemexico.com\\\/wp-content\\\/uploads\\\/2021\\\/07\\\/ViPlus-screenshot-reporting-capabilities-banner-image-582x582px.png\",\"datePublished\":\"2021-07-07T20:27:35+00:00\",\"dateModified\":\"2021-12-28T21:41:36+00:00\",\"breadcrumb\":{\"@id\":\"https:\\\/\\\/techmasterdemexico.com\\\/producto\\\/software-viplus\\\/#breadcrumb\"},\"inLanguage\":\"en-US\",\"potentialAction\":[{\"@type\":\"ReadAction\",\"target\":[\"https:\\\/\\\/techmasterdemexico.com\\\/producto\\\/software-viplus\\\/\"]}]},{\"@type\":\"ImageObject\",\"inLanguage\":\"en-US\",\"@id\":\"https:\\\/\\\/techmasterdemexico.com\\\/producto\\\/software-viplus\\\/#primaryimage\",\"url\":\"https:\\\/\\\/techmasterdemexico.com\\\/wp-content\\\/uploads\\\/2021\\\/07\\\/ViPlus-screenshot-reporting-capabilities-banner-image-582x582px.png\",\"contentUrl\":\"https:\\\/\\\/techmasterdemexico.com\\\/wp-content\\\/uploads\\\/2021\\\/07\\\/ViPlus-screenshot-reporting-capabilities-banner-image-582x582px.png\",\"width\":582,\"height\":582},{\"@type\":\"BreadcrumbList\",\"@id\":\"https:\\\/\\\/techmasterdemexico.com\\\/producto\\\/software-viplus\\\/#breadcrumb\",\"itemListElement\":[{\"@type\":\"ListItem\",\"position\":1,\"name\":\"Portada\",\"item\":\"https:\\\/\\\/techmasterdemexico.com\\\/\"},{\"@type\":\"ListItem\",\"position\":2,\"name\":\"Software ViPlus\"}]},{\"@type\":\"WebSite\",\"@id\":\"https:\\\/\\\/techmasterdemexico.com\\\/#website\",\"url\":\"https:\\\/\\\/techmasterdemexico.com\\\/\",\"name\":\"Techmaster de Mexico\",\"description\":\"\",\"potentialAction\":[{\"@type\":\"SearchAction\",\"target\":{\"@type\":\"EntryPoint\",\"urlTemplate\":\"https:\\\/\\\/techmasterdemexico.com\\\/?s={search_term_string}\"},\"query-input\":{\"@type\":\"PropertyValueSpecification\",\"valueRequired\":true,\"valueName\":\"search_term_string\"}}],\"inLanguage\":\"en-US\"}]}<\/script>\n<!-- \/ Yoast SEO plugin. -->","yoast_head_json":{"title":"Software ViPlus - Techmaster de Mexico","robots":{"index":"index","follow":"follow","max-snippet":"max-snippet:-1","max-image-preview":"max-image-preview:large","max-video-preview":"max-video-preview:-1"},"canonical":"https:\/\/techmasterdemexico.com\/producto\/software-viplus\/","og_locale":"en_US","og_type":"article","og_title":"Software ViPlus - Techmaster de Mexico","og_description":"VIPLUS Descubra los detalles m\u00e1s m\u00ednimos con ViPlus El software ViPlus, que es altamente configurable, lo ayuda a obtener el mejor retorno posible de su inversi\u00f3n en un microscopio de Vision Engineering. Sus avanzadas herramientas de detecci\u00f3n de bordes y apilado de enfoque, que aportan potencia y simplicidad a cada aspecto de la captura, mejora [&hellip;]","og_url":"https:\/\/techmasterdemexico.com\/producto\/software-viplus\/","og_site_name":"Techmaster de Mexico","article_modified_time":"2021-12-28T21:41:36+00:00","og_image":[{"width":582,"height":582,"url":"https:\/\/techmasterdemexico.com\/wp-content\/uploads\/2021\/07\/ViPlus-screenshot-reporting-capabilities-banner-image-582x582px.png","type":"image\/png"}],"twitter_card":"summary_large_image","twitter_misc":{"Est. reading time":"2 minutes"},"schema":{"@context":"https:\/\/schema.org","@graph":[{"@type":"WebPage","@id":"https:\/\/techmasterdemexico.com\/producto\/software-viplus\/","url":"https:\/\/techmasterdemexico.com\/producto\/software-viplus\/","name":"Software ViPlus - Techmaster de Mexico","isPartOf":{"@id":"https:\/\/techmasterdemexico.com\/#website"},"primaryImageOfPage":{"@id":"https:\/\/techmasterdemexico.com\/producto\/software-viplus\/#primaryimage"},"image":{"@id":"https:\/\/techmasterdemexico.com\/producto\/software-viplus\/#primaryimage"},"thumbnailUrl":"https:\/\/techmasterdemexico.com\/wp-content\/uploads\/2021\/07\/ViPlus-screenshot-reporting-capabilities-banner-image-582x582px.png","datePublished":"2021-07-07T20:27:35+00:00","dateModified":"2021-12-28T21:41:36+00:00","breadcrumb":{"@id":"https:\/\/techmasterdemexico.com\/producto\/software-viplus\/#breadcrumb"},"inLanguage":"en-US","potentialAction":[{"@type":"ReadAction","target":["https:\/\/techmasterdemexico.com\/producto\/software-viplus\/"]}]},{"@type":"ImageObject","inLanguage":"en-US","@id":"https:\/\/techmasterdemexico.com\/producto\/software-viplus\/#primaryimage","url":"https:\/\/techmasterdemexico.com\/wp-content\/uploads\/2021\/07\/ViPlus-screenshot-reporting-capabilities-banner-image-582x582px.png","contentUrl":"https:\/\/techmasterdemexico.com\/wp-content\/uploads\/2021\/07\/ViPlus-screenshot-reporting-capabilities-banner-image-582x582px.png","width":582,"height":582},{"@type":"BreadcrumbList","@id":"https:\/\/techmasterdemexico.com\/producto\/software-viplus\/#breadcrumb","itemListElement":[{"@type":"ListItem","position":1,"name":"Portada","item":"https:\/\/techmasterdemexico.com\/"},{"@type":"ListItem","position":2,"name":"Software ViPlus"}]},{"@type":"WebSite","@id":"https:\/\/techmasterdemexico.com\/#website","url":"https:\/\/techmasterdemexico.com\/","name":"Techmaster de Mexico","description":"","potentialAction":[{"@type":"SearchAction","target":{"@type":"EntryPoint","urlTemplate":"https:\/\/techmasterdemexico.com\/?s={search_term_string}"},"query-input":{"@type":"PropertyValueSpecification","valueRequired":true,"valueName":"search_term_string"}}],"inLanguage":"en-US"}]}},"brands":[{"id":83,"name":"Vision Engineering","slug":"vision-engineering"}],"_links":{"self":[{"href":"https:\/\/techmasterdemexico.com\/en\/wp-json\/wp\/v2\/product\/7735","targetHints":{"allow":["GET"]}}],"collection":[{"href":"https:\/\/techmasterdemexico.com\/en\/wp-json\/wp\/v2\/product"}],"about":[{"href":"https:\/\/techmasterdemexico.com\/en\/wp-json\/wp\/v2\/types\/product"}],"wp:featuredmedia":[{"embeddable":true,"href":"https:\/\/techmasterdemexico.com\/en\/wp-json\/wp\/v2\/media\/7736"}],"wp:attachment":[{"href":"https:\/\/techmasterdemexico.com\/en\/wp-json\/wp\/v2\/media?parent=7735"}],"wp:term":[{"taxonomy":"pwb-brand","embeddable":true,"href":"https:\/\/techmasterdemexico.com\/en\/wp-json\/wp\/v2\/pwb-brand?post=7735"},{"taxonomy":"product_brand","embeddable":true,"href":"https:\/\/techmasterdemexico.com\/en\/wp-json\/wp\/v2\/product_brand?post=7735"},{"taxonomy":"product_cat","embeddable":true,"href":"https:\/\/techmasterdemexico.com\/en\/wp-json\/wp\/v2\/product_cat?post=7735"},{"taxonomy":"product_tag","embeddable":true,"href":"https:\/\/techmasterdemexico.com\/en\/wp-json\/wp\/v2\/product_tag?post=7735"}],"curies":[{"name":"wp","href":"https:\/\/api.w.org\/{rel}","templated":true}]}}